{"id":189536,"date":"2020-10-30T12:24:26","date_gmt":"2020-10-30T11:24:26","guid":{"rendered":""},"modified":"2023-10-26T17:05:35","modified_gmt":"2023-10-26T15:05:35","slug":"covid-3","status":"publish","type":"page","link":"https:\/\/www.studiainitalia.com\/en\/covid-3\/","title":{"rendered":"Covid"},"content":{"rendered":"<h1><strong>Medidas de cobi\u00e7a<\/strong><\/h1>\n<p><strong>CURSOS:<\/strong><br \/>\nOs cursos s\u00e3o activos.<br \/>\nOs grupos foram reduzidos&#8230;<\/p>\n<p><strong>MEDIDAS:<\/strong><br \/>\nAs nossas escolas e artes\u00e3os operam em total seguran\u00e7a com medidas de protec\u00e7\u00e3o tais como desinfec\u00e7\u00e3o das m\u00e3os, desinfec\u00e7\u00e3o dos ambientes, utiliza\u00e7\u00e3o de m\u00e1scaras faciais, dist\u00e2ncia e capacidade limitada. <strong>Ser\u00e1 exigido certificado de vacina\u00e7\u00e3o Covid-19<\/strong><\/p>\n<p><strong>ASSIST\u00caNCIA:<\/strong> se decidir inscrever-se, informamos que receber\u00e1 sempre a nossa assist\u00eancia em rela\u00e7\u00e3o a poss\u00edveis medidas, altera\u00e7\u00f5es, testes, etc. relacionadas com o Covid<\/p>\n<p><strong>CURSOS EM LINHA:<\/strong><br \/>\nSe n\u00e3o puder viajar para It\u00e1lia e quiser fazer um dos cursos oferecidos no nosso website, pe\u00e7a-nos informa\u00e7\u00f5es, pois podemos organiz\u00e1-lo em linha para si<\/p>\n<p><strong>PAGAMENTO DE DEP\u00d3SITO:<\/strong><br \/>\nem novas reservas garantimos, em casos relacionados com o Covid 19 ou poss\u00edveis restri\u00e7\u00f5es, a possibilidade de manter o dep\u00f3sito durante 2 anos.<\/p>\n<p><strong>SEGURO DE VIAGEM:<\/strong><br \/>\noferecemos ap\u00f3lices de seguro de viagem que cobrem pandemias<\/p>\n<p><strong>ACOMODA\u00c7\u00c3O:<\/strong><br \/>\ndevido \u00e0 situa\u00e7\u00e3o, recomendamos a reserva de est\u00fadios privados em vez de apartamentos partilhados. Pedir informa\u00e7\u00f5es.<\/p>\n","protected":false},"excerpt":{"rendered":"<p>Medidas de cobi\u00e7a CURSOS: Os cursos s\u00e3o activos. Os grupos foram reduzidos&#8230; MEDIDAS: As nossas escolas e artes\u00e3os operam em total seguran\u00e7a com medidas de protec\u00e7\u00e3o tais como desinfec\u00e7\u00e3o das m\u00e3os, desinfec\u00e7\u00e3o dos ambientes, utiliza\u00e7\u00e3o de m\u00e1scaras faciais, dist\u00e2ncia e capacidade limitada. Ser\u00e1 exigido certificado de vacina\u00e7\u00e3o Covid-19 ASSIST\u00caNCIA: se decidir inscrever-se, informamos que receber\u00e1 [&hellip;]<\/p>\n","protected":false},"author":88,"featured_media":0,"parent":0,"menu_order":0,"comment_status":"closed","ping_status":"closed","template":"","meta":{"_acf_changed":false,"_uag_custom_page_level_css":"","_kad_blocks_custom_css":"","_kad_blocks_head_custom_js":"","_kad_blocks_body_custom_js":"","_kad_blocks_footer_custom_js":"","site-sidebar-layout":"default","site-content-layout":"","ast-site-content-layout":"default","site-content-style":"default","site-sidebar-style":"default","ast-global-header-display":"","ast-banner-title-visibility":"","ast-main-header-display":"","ast-hfb-above-header-display":"","ast-hfb-below-header-display":"","ast-hfb-mobile-header-display":"","site-post-title":"","ast-breadcrumbs-content":"","ast-featured-img":"","footer-sml-layout":"","ast-disable-related-posts":"","theme-transparent-header-meta":"","adv-header-id-meta":"","stick-header-meta":"","header-above-stick-meta":"","header-main-stick-meta":"","header-below-stick-meta":"","astra-migrate-meta-layouts":"set","ast-page-background-enabled":"default","ast-page-background-meta":{"desktop":{"background-color":"var(--ast-global-color-4)","background-image":"","background-repeat":"repeat","background-position":"center center","background-size":"auto","background-attachment":"scroll","background-type":"","background-media":"","overlay-type":"","overlay-color":"","overlay-opacity":"","overlay-gradient":""},"tablet":{"background-color":"","background-image":"","background-repeat":"repeat","background-position":"center center","background-size":"auto","background-attachment":"scroll","background-type":"","background-media":"","overlay-type":"","overlay-color":"","overlay-opacity":"","overlay-gradient":""},"mobile":{"background-color":"","background-image":"","background-repeat":"repeat","background-position":"center center","background-size":"auto","background-attachment":"scroll","background-type":"","background-media":"","overlay-type":"","overlay-color":"","overlay-opacity":"","overlay-gradient":""}},"ast-content-background-meta":{"desktop":{"background-color":"var(--ast-global-color-5)","background-image":"","background-repeat":"repeat","background-position":"center center","background-size":"auto","background-attachment":"scroll","background-type":"","background-media":"","overlay-type":"","overlay-color":"","overlay-opacity":"","overlay-gradient":""},"tablet":{"background-color":"var(--ast-global-color-5)","background-image":"","background-repeat":"repeat","background-position":"center center","background-size":"auto","background-attachment":"scroll","background-type":"","background-media":"","overlay-type":"","overlay-color":"","overlay-opacity":"","overlay-gradient":""},"mobile":{"background-color":"var(--ast-global-color-5)","background-image":"","background-repeat":"repeat","background-position":"center center","background-size":"auto","background-attachment":"scroll","background-type":"","background-media":"","overlay-type":"","overlay-color":"","overlay-opacity":"","overlay-gradient":""}},"footnotes":""},"class_list":["post-189536","page","type-page","status-publish","hentry"],"acf":[],"taxonomy_info":[],"featured_image_src_large":false,"author_info":{"display_name":"rafael","author_link":"https:\/\/www.studiainitalia.com\/en\/author\/rafael\/"},"comment_info":0,"uagb_featured_image_src":{"full":false,"thumbnail":false,"medium":false,"medium_large":false,"large":false,"1536x1536":false,"2048x2048":false,"ultp_layout_landscape_large":false,"ultp_layout_landscape":false,"ultp_layout_portrait":false,"ultp_layout_square":false,"gform-image-choice-sm":false,"gform-image-choice-md":false,"gform-image-choice-lg":false,"woocommerce_thumbnail":false,"woocommerce_single":false,"woocommerce_gallery_thumbnail":false,"yarpp-thumbnail":false},"uagb_author_info":{"display_name":"rafael","author_link":"https:\/\/www.studiainitalia.com\/en\/author\/rafael\/"},"uagb_comment_info":0,"uagb_excerpt":"Medidas de cobi\u00e7a CURSOS: Os cursos s\u00e3o activos. Os grupos foram reduzidos&#8230; MEDIDAS: As nossas escolas e artes\u00e3os operam em total seguran\u00e7a com medidas de protec\u00e7\u00e3o tais como desinfec\u00e7\u00e3o das m\u00e3os, desinfec\u00e7\u00e3o dos ambientes, utiliza\u00e7\u00e3o de m\u00e1scaras faciais, dist\u00e2ncia e capacidade limitada. Ser\u00e1 exigido certificado de vacina\u00e7\u00e3o Covid-19 ASSIST\u00caNCIA: se decidir inscrever-se, informamos que receber\u00e1&hellip;","_links":{"self":[{"href":"https:\/\/www.studiainitalia.com\/en\/wp-json\/wp\/v2\/pages\/189536","targetHints":{"allow":["GET"]}}],"collection":[{"href":"https:\/\/www.studiainitalia.com\/en\/wp-json\/wp\/v2\/pages"}],"about":[{"href":"https:\/\/www.studiainitalia.com\/en\/wp-json\/wp\/v2\/types\/page"}],"author":[{"embeddable":true,"href":"https:\/\/www.studiainitalia.com\/en\/wp-json\/wp\/v2\/users\/88"}],"replies":[{"embeddable":true,"href":"https:\/\/www.studiainitalia.com\/en\/wp-json\/wp\/v2\/comments?post=189536"}],"version-history":[{"count":0,"href":"https:\/\/www.studiainitalia.com\/en\/wp-json\/wp\/v2\/pages\/189536\/revisions"}],"wp:attachment":[{"href":"https:\/\/www.studiainitalia.com\/en\/wp-json\/wp\/v2\/media?parent=189536"}],"curies":[{"name":"wp","href":"https:\/\/api.w.org\/{rel}","templated":true}]}}