{"id":189474,"date":"2016-10-28T16:49:34","date_gmt":"2016-10-28T14:49:34","guid":{"rendered":"https:\/\/www.studiainitalia.com\/inicio\/"},"modified":"2016-10-28T16:49:34","modified_gmt":"2016-10-28T14:49:34","slug":"inicio","status":"publish","type":"page","link":"https:\/\/www.studiainitalia.com\/es\/inicio\/","title":{"rendered":"Studiainitalia"},"content":{"rendered":"<h1 style=\"text-align: center;\"><a title=\"APRENDER ITALIANO EN ITALIA\" href=\"https:\/\/www.studiainitalia.com\/study-in-italy\/italian-courses\/\">APRENDER ITALIANO EN ITALIA<\/a><\/h1>\n<p><iframe style=\"display: none;\"><\/iframe><\/p>\n<h3 style=\"text-align: center;\">Solicitar una reuni\u00f3n en l\u00ednea<\/h3>\n<h2 style=\"text-align: center;\">Cursos En Italia 2023 Los Mejores Cursos En Italia<\/h2>\n<h2 style=\"text-align: center;\">Estudie la cultura italiana con nuestros cursos en Italia<\/h2>\n<h2 style=\"text-align: center;\">Nuestros servicios exclusivos para t\u00ed<\/h2>\n<h3 style=\"text-align: justify;\">travel learn Viaja y aprende con los expertos en Italia<\/h3>\n<p style=\"text-align: justify;\"><b>Studiainitalia <\/b>se especializa en turismo creativo y <a href=\"https:\/\/www.studiainitalia.com\/study-in-italy\/italian-courses\/\">cursos de italiano en Italia<\/a>. Somos italianos y<strong> trabajamos exclusivamente con socios italianos<\/strong> desde 2005.<br \/>\nOrganizamos programas originales y conocemos personalmente todas las escuelas y talleres con los que trabajamos. <\/p>\n<h3>\u00a1Conocer Italia como la palma de la mano!<\/h3>\n<p style=\"text-align: justify;\">El <strong>turismo creativo<\/strong> es una nueva forma ecosostenible de descubrir una cultura extranjera integr\u00e1ndose en ella. Si quieres sentirte parte de la vida cotidiana de Italia, disfrutar de unos de esos viajes que te cambian la vida y no quieres ser un turista m\u00e1s, \u00e9sta es tu forma de viajar.&nbsp; Cursos para experimentar la cultura italiana mediante la participaci\u00f3n en actividades ling\u00fc\u00edsticas, art\u00edsticas y creativas. <strong>\u00bfTe apuntas?<\/strong><\/p>\n<h3>artesania bringning Te traemos la tradici\u00f3n y la creatividad italianas<\/h3>\n<p style=\"text-align: justify;\">Nuestros talleres de arte y artesan\u00eda representan algunos de los mejores ejemplos de la <strong>creatividad y tradici\u00f3n<\/strong> italianas. Conocemos a todos nuestros artesanos y juntos formamos un equipo capaz de estar a la altura de las necesidades de nuestros estudiantes y viajeros.<\/p>\n<h3 style=\"text-align: justify;\"><\/h3>\n<h3 style=\"text-align: justify;\">\u00bfPor qu\u00e9 reservar un curso en Italia con Studiainitalia?<\/h3>\n<p style=\"text-align: justify;\">\u00bfTe gustar\u00eda hacer un curso para aprender italiano en Italia pero est\u00e1s abrumado y confundido por la gran oferta de cursos disponibles en Internet, con sus precios y niveles de calidad muy variados?<\/p>\n<p style=\"text-align: justify;\">Porque somos una agencia especializada en Italia, ofrecemos un servicio gratuito, personalizado y competente.<\/p>\n<p>Si desea ponerse en contacto con profesionales de la educaci\u00f3n, en lugar de con un simple bot, perm\u00edtanos ayudarle a organizar <em>su viaje a Italia, que le cambiar\u00e1 la vida<\/em>.  &nbsp; <strong>No le costar\u00e1 m\u00e1s y dispondr\u00e1 de un equipo de profesionales que le guiar\u00e1n<\/strong> en la elecci\u00f3n de su curso y en el seguimiento de cada etapa de su estancia en Italia.<\/p>\n<p style=\"text-align: justify;\">Nos encanta conocer a nuestros viajeros y estar siempre pendientes de todo. Si buscas un buen curso y quieres organizarlo bien, Studiainitalia es tu agencia para conocer la Italia real. <\/p>\n<p style=\"text-align: justify;\">Garantizamos escuelas de alt\u00edsima calidad sin ning\u00fan extra: no tendr\u00e1s que pagar m\u00e1s que si reservas directamente con la escuela.<\/p>\n<p style=\"text-align: justify;\"><strong>Son detalles que hacen la diferencia. Learn Italian in Italy with us!<br \/>\n<\/strong><\/p>\n<h2 style=\"text-align: center;\">Nuestros servicios exclusivos para t\u00ed<\/h2>\n<h3 style=\"text-align: justify;\">travel learn Viaja y aprende con los expertos en Italia<\/h3>\n<p style=\"text-align: justify;\"><b>Studiainitalia <\/b>se especializa en turismo creativo y <a href=\"https:\/\/www.studiainitalia.com\/study-in-italy\/italian-courses\/\">cursos de italiano en Italia<\/a>. Somos italianos y<strong> trabajamos exclusivamente con socios italianos<\/strong> desde 2005.<br \/>\nOrganizamos programas originales y conocemos personalmente todas las escuelas y talleres con los que trabajamos. <\/p>\n<h3>\u00a1Conocer Italia como la palma de la mano!<\/h3>\n<p style=\"text-align: justify;\">El <strong>turismo creativo<\/strong> es una nueva forma eco-sostenible de descubrir una cultura extranjera experiment\u00e1ndola.<\/p>\n<p style=\"text-align: justify;\">Si quieres sentirte parte de la vida cotidiana de Italia, disfrutar de unos de esos viajes que te cambian la vida y no quieres ser un turista m\u00e1s, \u00e9sta es tu forma de viajar.<\/p>\n<p style=\"text-align: justify;\">Viva la cultura italiana disfrutando de nuestras actividades ling\u00fc\u00edsticas, art\u00edsticas y creativas.  <strong>\u00bfTe apuntas?<\/strong><\/p>\n<p style=\"text-align: justify;\"><span style=\"color: #444444; font-family: 'Open Sans', Arial, sans-serif; font-size: 14px; font-style: normal; font-variant-ligatures: normal; font-variant-caps: normal; font-weight: 500; letter-spacing: normal; orphans: 2; text-align: justify; text-indent: 0px; text-transform: none; white-space: normal; widows: 2; word-spacing: 0px; -webkit-text-stroke-width: 0px; background-color: rgba(12, 180, 206, 0.04); text-decoration-thickness: initial; text-decoration-style: initial; text-decoration-color: initial; display: inline !important; float: none;\"><\/span><\/p>\n<h3>artesania bringning Te traemos la tradici\u00f3n y la creatividad italianas<\/h3>\n<p style=\"text-align: justify;\">Nuestros talleres de arte y artesan\u00eda representan algunos de los mejores ejemplos de la <strong>creatividad y tradici\u00f3n<\/strong> italianas. Conocemos a todos nuestros artesanos y juntos formamos un equipo capaz de estar a la altura de las necesidades de nuestros estudiantes y viajeros.<\/p>\n<h3 style=\"text-align: justify;\">\u00bfPor qu\u00e9 reservar un curso en Italia con Studiainitalia?<\/h3>\n<p style=\"text-align: justify;\">\u00bfTe gustar\u00eda hacer un curso para aprender italiano en Italia pero est\u00e1s abrumado y confundido por la gran oferta de cursos disponibles en Internet, con sus precios y niveles de calidad muy variados?&nbsp;<span style=\"color: #444444; font-family: 'Open Sans', Arial, sans-serif; font-size: 14px; font-style: normal; font-variant-ligatures: normal; font-variant-caps: normal; font-weight: 500; letter-spacing: normal; orphans: 2; text-align: justify; text-indent: 0px; text-transform: none; white-space: normal; widows: 2; word-spacing: 0px; -webkit-text-stroke-width: 0px; background-color: rgba(12, 180, 206, 0.04); text-decoration-thickness: initial; text-decoration-style: initial; text-decoration-color: initial; display: inline !important; float: none;\"> <\/span><\/p>\n<p style=\"text-align: justify;\">Somos una agencia especializada en Italia, le ofrecemos un <strong>servicio gratuito personalizado y competente.<\/strong><\/p>\n<p style=\"text-align: justify;\">Si desea ponerse en contacto con profesionales de la educaci\u00f3n, en lugar de con un simple bot, perm\u00edtanos ayudarle a organizar su <em>viaje a Italia, que le cambiar\u00e1 la vida<\/em>.  <strong>No le costar\u00e1 m\u00e1s y dispondr\u00e1 de un equipo de profesionales que le guiar\u00e1n<\/strong> en la elecci\u00f3n de su curso y en el seguimiento de cada etapa de su estancia en Italia.<\/p>\n<p style=\"text-align: justify;\">Nos encanta conocer a nuestros viajeros en persona y seguir sus progresos. Si buscas cursos de buena calidad en Italia y quieres organizarlos a la perfecci\u00f3n, Studiainitalia es tu agencia para descubrir la verdadera Italia.&nbsp;<span style=\"color: #444444; font-family: 'Open Sans', Arial, sans-serif; font-size: 14px; font-style: normal; font-variant-ligatures: normal; font-variant-caps: normal; font-weight: 500; letter-spacing: normal; orphans: 2; text-align: left; text-indent: 0px; text-transform: none; white-space: normal; widows: 2; word-spacing: 0px; -webkit-text-stroke-width: 0px; background-color: rgba(12, 180, 206, 0.04); text-decoration-thickness: initial; text-decoration-style: initial; text-decoration-color: initial; display: inline !important; float: none;\"><\/span><\/p>\n<p style=\"text-align: justify;\">Garantizamos escuelas de alt\u00edsima calidad sin ning\u00fan extra: no tendr\u00e1s que pagar m\u00e1s que si reservas directamente con la escuela.<\/p>\n<p style=\"text-align: justify;\"><strong>Son detalles que hacen la diferencia. Learn Italian in Italy with us!<br \/>\n<\/strong><\/p>\n<h2 style=\"text-align: center;\">Destinos de turismo creativo en Italia<\/h2>\n<h2 style=\"text-align: center;\">Destinos de turismo creativo en Italia<\/h2>\n<p><strong>CREA EL CURSO DE TUS SUE\u00d1OS CON LA AYUDA DE NUESTROS EXPERTOS<\/strong><\/p>\n<p>A\u00f1os de experiencia y un excelente conocimiento de Italia es lo que importa! Cuando dise\u00f1es tus cursos en Italia con Studiainitalia trabajar\u00e1s directamente con expertos en turismo creativo en Italia. Te ayudaremos a construir una estancia en Italia completamente personalizada, solamente para t\u00ed, para los tuyos, o para tu grupo.   Aprende italiano en Italia con Studiainitalia.<\/p>\n<h2 style=\"text-align: center;\">Ofertas<\/h2>\n<h2 style=\"text-align: center;\">Star Programme<\/h2>\n<h2 style=\"text-align: center;\">Especialistas en Italia<\/h2>\n<p style=\"text-align: justify;\">Nacida y crecida en Florencia, vivo entre Italia y Espa\u00f1a. En el a\u00f1o 2005 resid\u00ed temporalmente en Nueva Zelanda, y es precisamente durante ese per\u00edodo cuando cre\u00e9 <strong>Studiainitalia<\/strong> con la intenci\u00f3n de rellenar un vac\u00edo en la organizaci\u00f3n y promoci\u00f3n de <strong>turismo creativo<\/strong> para gente de todas las edades interesada en conocer Italia de una manera diferente. Mi misi\u00f3n consiste en proporcionar a nuestros clientes un servicio profesional y personal que les permita descubrir la cultura, creatividad y tradiciones italianas que tanto admiro \u00a1Ven a disfrutar de Italia con nosotros!   <\/p>\n<p style=\"text-align: justify;\"><span lang=\"EN\">Nacida en Jordania de padres italo-brasile\u00f1os, he vivido y estudiado en distintas partes del mundo durante un cuarto de siglo hasta que decid\u00ed asentarme en Italia. Combino mi pasi\u00f3n por los viajes con otra de mis obsesiones: el m\u00e1rketing digital. Me encanta escribir sobre destinos viajeros y sus artesan\u00edas <strong>locales, historia art\u00edstica y festejos tradicionales<\/strong>. Mi misi\u00f3n es la de compartir consejos sobre c\u00f3mo hacerse un <strong>turista creativo<\/strong>, un artista o un artesano en Italia, disfrutar de experiencias que van m\u00e1s all\u00e1 de la postal \u00a1Tengo debilidad por las mascotas y el helado!    <\/span><\/p>\n<p style=\"text-align: justify;\">Nacido en Madrid, afincado en Florencia. Viv\u00ed y estudi\u00e9 dise\u00f1o gr\u00e1fico en Londres durante unos a\u00f1os antes de instalarme en Italia en 2000. Cuando llegu\u00e9 por primera vez a Florencia no hablaba ni una palabra de italiano y quer\u00eda estudiar arte, as\u00ed que encontrar un lugar donde hacer ambas cosas no fue f\u00e1cil, ya que en aquella \u00e9poca no hab\u00eda agencias como Studiainitalia. Por eso cuando Studiainitalia me pidi\u00f3 que les representara no lo dud\u00e9. Mi misi\u00f3n es representar a Studiainitalia, visitando a los estudiantes y hablando con ellos sobre sus experiencias. Me encanta conocer a estudiantes de todo el mundo. Espero verte pronto por aqu\u00ed.<\/p>\n<h2 style=\"text-align: center;\">Especialistas en Italia<\/h2>\n<p style=\"text-align: justify;\">Nacida y crecida en Florencia, vivo entre Italia y Espa\u00f1a. En el a\u00f1o 2005 resid\u00ed temporalmente en Nueva Zelanda, y es precisamente durante ese per\u00edodo cuando cre\u00e9 <strong>Studiainitalia<\/strong> con la intenci\u00f3n de rellenar un vac\u00edo en la organizaci\u00f3n y promoci\u00f3n de <strong>turismo creativo<\/strong> para gente de todas las edades interesada en conocer Italia de una manera diferente. Mi misi\u00f3n consiste en proporcionar a nuestros clientes un servicio profesional y personal que les permita descubrir la cultura, creatividad y tradiciones italianas que tanto admiro \u00a1Ven a disfrutar de Italia con nosotros!   <\/p>\n<p style=\"text-align: justify;\"><span lang=\"EN\">Nacida en Jordania de padres italo-brasile\u00f1os, he vivido y estudiado en distintas partes del mundo durante un cuarto de siglo hasta que decid\u00ed asentarme en Italia. Combino mi pasi\u00f3n por los viajes con otra de mis obsesiones: el m\u00e1rketing digital. Me encanta escribir sobre destinos viajeros y sus artesan\u00edas <strong>locales, historia art\u00edstica y festejos tradicionales<\/strong>. Mi misi\u00f3n es la de compartir consejos sobre c\u00f3mo hacerse un <strong>turista creativo<\/strong>, un artista o un artesano en Italia, disfrutar de experiencias que van m\u00e1s all\u00e1 de la postal \u00a1Tengo debilidad por las mascotas y el helado!    <\/span><\/p>\n<p style=\"text-align: justify;\">Nacido en Madrid, afincado en Florencia. Viv\u00ed y estudi\u00e9 dise\u00f1o gr\u00e1fico en Londres durante unos a\u00f1os antes de instalarme en Italia en 2000. Cuando llegu\u00e9 por primera vez a Florencia no hablaba ni una palabra de italiano y quer\u00eda estudiar arte, as\u00ed que encontrar un lugar donde hacer ambas cosas no fue f\u00e1cil, ya que en aquella \u00e9poca no hab\u00eda agencias como Studiainitalia. Por eso cuando Studiainitalia me pidi\u00f3 que les representara no lo dud\u00e9. Mi misi\u00f3n es representar a Studiainitalia, visitando a los estudiantes y hablando con ellos sobre sus experiencias. Me encanta conocer a estudiantes de todo el mundo. Espero verte pronto por aqu\u00ed. \ud83d\ude42<\/p>\n<h2 style=\"text-align: center;\">\u00bfQu\u00e9 es Studiainitalia?<\/h2>\n<h3 style=\"text-align: center;\"><a href=\"https:\/\/www.studiainitalia.com\/low-prices-guarantee\/\">Garant\u00eda de Precios M\u00e1s Bajos.<\/a><\/h3>\n<h4 style=\"text-align: center;color:#0cb4ce!important;font-size: 26px;\">Servicio 100% gratuito y personalizado<\/h4>\n<h2 style=\"text-align: center;\">\u00bfQu\u00e9 es Studiainitalia?<\/h2>\n<h3 style=\"text-align: center;\"><a href=\"https:\/\/www.studiainitalia.com\/low-prices-guarantee\/\">Garant\u00eda de Precios M\u00e1s Bajos.<\/a><\/h3>\n<h4 style=\"text-align: center;color:#0cb4ce!important;font-size: 26px;\">Servicio 100% gratuito y personalizado<\/h4>\n<h2 style=\"text-align: center;\">Nuestras entradas de blog m\u00e1s recientes<\/h2>\n","protected":false},"excerpt":{"rendered":"<p>APRENDER ITALIANO EN ITALIA Solicitar una reuni\u00f3n en l\u00ednea Cursos En Italia 2023 Los Mejores Cursos En Italia Estudie la cultura italiana con nuestros cursos en Italia Nuestros servicios exclusivos para t\u00ed travel learn Viaja y aprende con los expertos en Italia Studiainitalia se especializa en turismo creativo y cursos de italiano en Italia. Somos [&hellip;]<\/p>\n","protected":false},"author":1,"featured_media":0,"parent":0,"menu_order":33,"comment_status":"closed","ping_status":"open","template":"","meta":{"_acf_changed":false,"_uag_custom_page_level_css":"","_kad_blocks_custom_css":"","_kad_blocks_head_custom_js":"","_kad_blocks_body_custom_js":"","_kad_blocks_footer_custom_js":"","site-sidebar-layout":"default","site-content-layout":"","ast-site-content-layout":"default","site-content-style":"default","site-sidebar-style":"default","ast-global-header-display":"","ast-banner-title-visibility":"","ast-main-header-display":"","ast-hfb-above-header-display":"","ast-hfb-below-header-display":"","ast-hfb-mobile-header-display":"","site-post-title":"","ast-breadcrumbs-content":"","ast-featured-img":"","footer-sml-layout":"","ast-disable-related-posts":"","theme-transparent-header-meta":"","adv-header-id-meta":"","stick-header-meta":"","header-above-stick-meta":"","header-main-stick-meta":"","header-below-stick-meta":"","astra-migrate-meta-layouts":"default","ast-page-background-enabled":"default","ast-page-background-meta":{"desktop":{"background-color":"var(--ast-global-color-4)","background-image":"","background-repeat":"repeat","background-position":"center center","background-size":"auto","background-attachment":"scroll","background-type":"","background-media":"","overlay-type":"","overlay-color":"","overlay-opacity":"","overlay-gradient":""},"tablet":{"background-color":"","background-image":"","background-repeat":"repeat","background-position":"center center","background-size":"auto","background-attachment":"scroll","background-type":"","background-media":"","overlay-type":"","overlay-color":"","overlay-opacity":"","overlay-gradient":""},"mobile":{"background-color":"","background-image":"","background-repeat":"repeat","background-position":"center center","background-size":"auto","background-attachment":"scroll","background-type":"","background-media":"","overlay-type":"","overlay-color":"","overlay-opacity":"","overlay-gradient":""}},"ast-content-background-meta":{"desktop":{"background-color":"var(--ast-global-color-5)","background-image":"","background-repeat":"repeat","background-position":"center center","background-size":"auto","background-attachment":"scroll","background-type":"","background-media":"","overlay-type":"","overlay-color":"","overlay-opacity":"","overlay-gradient":""},"tablet":{"background-color":"var(--ast-global-color-5)","background-image":"","background-repeat":"repeat","background-position":"center center","background-size":"auto","background-attachment":"scroll","background-type":"","background-media":"","overlay-type":"","overlay-color":"","overlay-opacity":"","overlay-gradient":""},"mobile":{"background-color":"var(--ast-global-color-5)","background-image":"","background-repeat":"repeat","background-position":"center center","background-size":"auto","background-attachment":"scroll","background-type":"","background-media":"","overlay-type":"","overlay-color":"","overlay-opacity":"","overlay-gradient":""}},"footnotes":""},"class_list":["post-189474","page","type-page","status-publish","hentry"],"acf":[],"taxonomy_info":[],"featured_image_src_large":false,"author_info":{"display_name":"Javier Diaz","author_link":"https:\/\/www.studiainitalia.com\/es\/author\/studiain_jedv\/"},"comment_info":0,"uagb_featured_image_src":{"full":false,"thumbnail":false,"medium":false,"medium_large":false,"large":false,"1536x1536":false,"2048x2048":false,"ultp_layout_landscape_large":false,"ultp_layout_landscape":false,"ultp_layout_portrait":false,"ultp_layout_square":false,"gform-image-choice-sm":false,"gform-image-choice-md":false,"gform-image-choice-lg":false,"woocommerce_thumbnail":false,"woocommerce_single":false,"woocommerce_gallery_thumbnail":false,"yarpp-thumbnail":false},"uagb_author_info":{"display_name":"Javier Diaz","author_link":"https:\/\/www.studiainitalia.com\/es\/author\/studiain_jedv\/"},"uagb_comment_info":0,"uagb_excerpt":"APRENDER ITALIANO EN ITALIA Solicitar una reuni\u00f3n en l\u00ednea Cursos En Italia 2023 Los Mejores Cursos En Italia Estudie la cultura italiana con nuestros cursos en Italia Nuestros servicios exclusivos para t\u00ed travel learn Viaja y aprende con los expertos en Italia Studiainitalia se especializa en turismo creativo y cursos de italiano en Italia. Somos&hellip;","_links":{"self":[{"href":"https:\/\/www.studiainitalia.com\/es\/wp-json\/wp\/v2\/pages\/189474","targetHints":{"allow":["GET"]}}],"collection":[{"href":"https:\/\/www.studiainitalia.com\/es\/wp-json\/wp\/v2\/pages"}],"about":[{"href":"https:\/\/www.studiainitalia.com\/es\/wp-json\/wp\/v2\/types\/page"}],"author":[{"embeddable":true,"href":"https:\/\/www.studiainitalia.com\/es\/wp-json\/wp\/v2\/users\/1"}],"replies":[{"embeddable":true,"href":"https:\/\/www.studiainitalia.com\/es\/wp-json\/wp\/v2\/comments?post=189474"}],"version-history":[{"count":0,"href":"https:\/\/www.studiainitalia.com\/es\/wp-json\/wp\/v2\/pages\/189474\/revisions"}],"wp:attachment":[{"href":"https:\/\/www.studiainitalia.com\/es\/wp-json\/wp\/v2\/media?parent=189474"}],"curies":[{"name":"wp","href":"https:\/\/api.w.org\/{rel}","templated":true}]}}