{"id":189515,"date":"2020-10-30T12:24:26","date_gmt":"2020-10-30T11:24:26","guid":{"rendered":"https:\/\/www.studiainitalia.com\/covid-3\/"},"modified":"2020-10-30T12:24:26","modified_gmt":"2020-10-30T11:24:26","slug":"covid-3","status":"publish","type":"page","link":"https:\/\/www.studiainitalia.com\/es\/covid-3\/","title":{"rendered":"Covid"},"content":{"rendered":"<h3><strong>Medidas Covid<\/strong><\/h3>\n<p><strong>CURSOS:<\/strong><br \/>Los cursos est\u00e1n activos.<br \/>Los grupos se han reducido ..<\/p>\n<p><strong>MEDIDAS:<\/strong><br \/>Nuestras escuelas y artesanos trabajan con total seguridad, con medidas de protecci\u00f3n como la desinfecci\u00f3n de las manos, la desinfecci\u00f3n de los entornos, el uso de mascarillas, la distancia y la capacidad limitada.  <strong>Se exigir\u00e1 el certificado de vacunaci\u00f3n Covid-19<\/strong><\/p>\n<p><strong>ASISTENCIA:<\/strong> si decides inscribirte, te informamos de que recibir\u00e1s nuestra asistencia en todo momento en relaci\u00f3n con posibles medidas, cambios, pruebas, etc. relacionados con Covid<\/p>\n<p><strong>CURSOS EN L\u00cdNEA:<\/strong><br \/>Si no puede viajar a Italia y desea realizar uno de los cursos que se ofrecen en nuestro sitio web, p\u00eddanos informaci\u00f3n, ya que podemos organizarle un curso en l\u00ednea.<\/p>\n<p><strong>PAGO DE LA FIANZA:<\/strong><br \/>en las nuevas reservas garantizamos, en casos relacionados con Covid 19 o posibles restricciones, la posibilidad de conservar el dep\u00f3sito durante 2 a\u00f1os.<\/p>\n<p><strong>SEGURO DE VIAJE:<\/strong><br \/>ofrecemos seguros de viaje que cubren pandemias<\/p>\n<p><strong>ALOJAMIENTO:<\/strong><br \/>debido a la situaci\u00f3n, recomendamos reservar estudios privados en lugar de pisos compartidos. Pida informaci\u00f3n.<\/p>\n","protected":false},"excerpt":{"rendered":"<p>Medidas Covid CURSOS:Los cursos est\u00e1n activos.Los grupos se han reducido .. MEDIDAS:Nuestras escuelas y artesanos trabajan con total seguridad, con medidas de protecci\u00f3n como la desinfecci\u00f3n de las manos, la desinfecci\u00f3n de los entornos, el uso de mascarillas, la distancia y la capacidad limitada. Se exigir\u00e1 el certificado de vacunaci\u00f3n Covid-19 ASISTENCIA: si decides inscribirte, [&hellip;]<\/p>\n","protected":false},"author":88,"featured_media":0,"parent":0,"menu_order":0,"comment_status":"closed","ping_status":"closed","template":"","meta":{"_acf_changed":false,"_uag_custom_page_level_css":"","_kad_blocks_custom_css":"","_kad_blocks_head_custom_js":"","_kad_blocks_body_custom_js":"","_kad_blocks_footer_custom_js":"","site-sidebar-layout":"default","site-content-layout":"","ast-site-content-layout":"default","site-content-style":"default","site-sidebar-style":"default","ast-global-header-display":"","ast-banner-title-visibility":"","ast-main-header-display":"","ast-hfb-above-header-display":"","ast-hfb-below-header-display":"","ast-hfb-mobile-header-display":"","site-post-title":"","ast-breadcrumbs-content":"","ast-featured-img":"","footer-sml-layout":"","ast-disable-related-posts":"","theme-transparent-header-meta":"","adv-header-id-meta":"","stick-header-meta":"","header-above-stick-meta":"","header-main-stick-meta":"","header-below-stick-meta":"","astra-migrate-meta-layouts":"default","ast-page-background-enabled":"default","ast-page-background-meta":{"desktop":{"background-color":"var(--ast-global-color-4)","background-image":"","background-repeat":"repeat","background-position":"center center","background-size":"auto","background-attachment":"scroll","background-type":"","background-media":"","overlay-type":"","overlay-color":"","overlay-opacity":"","overlay-gradient":""},"tablet":{"background-color":"","background-image":"","background-repeat":"repeat","background-position":"center center","background-size":"auto","background-attachment":"scroll","background-type":"","background-media":"","overlay-type":"","overlay-color":"","overlay-opacity":"","overlay-gradient":""},"mobile":{"background-color":"","background-image":"","background-repeat":"repeat","background-position":"center center","background-size":"auto","background-attachment":"scroll","background-type":"","background-media":"","overlay-type":"","overlay-color":"","overlay-opacity":"","overlay-gradient":""}},"ast-content-background-meta":{"desktop":{"background-color":"var(--ast-global-color-5)","background-image":"","background-repeat":"repeat","background-position":"center center","background-size":"auto","background-attachment":"scroll","background-type":"","background-media":"","overlay-type":"","overlay-color":"","overlay-opacity":"","overlay-gradient":""},"tablet":{"background-color":"var(--ast-global-color-5)","background-image":"","background-repeat":"repeat","background-position":"center center","background-size":"auto","background-attachment":"scroll","background-type":"","background-media":"","overlay-type":"","overlay-color":"","overlay-opacity":"","overlay-gradient":""},"mobile":{"background-color":"var(--ast-global-color-5)","background-image":"","background-repeat":"repeat","background-position":"center center","background-size":"auto","background-attachment":"scroll","background-type":"","background-media":"","overlay-type":"","overlay-color":"","overlay-opacity":"","overlay-gradient":""}},"footnotes":""},"class_list":["post-189515","page","type-page","status-publish","hentry"],"acf":[],"taxonomy_info":[],"featured_image_src_large":false,"author_info":{"display_name":"rafael","author_link":"https:\/\/www.studiainitalia.com\/es\/author\/rafael\/"},"comment_info":0,"uagb_featured_image_src":{"full":false,"thumbnail":false,"medium":false,"medium_large":false,"large":false,"1536x1536":false,"2048x2048":false,"ultp_layout_landscape_large":false,"ultp_layout_landscape":false,"ultp_layout_portrait":false,"ultp_layout_square":false,"gform-image-choice-sm":false,"gform-image-choice-md":false,"gform-image-choice-lg":false,"woocommerce_thumbnail":false,"woocommerce_single":false,"woocommerce_gallery_thumbnail":false,"yarpp-thumbnail":false},"uagb_author_info":{"display_name":"rafael","author_link":"https:\/\/www.studiainitalia.com\/es\/author\/rafael\/"},"uagb_comment_info":0,"uagb_excerpt":"Medidas Covid CURSOS:Los cursos est\u00e1n activos.Los grupos se han reducido .. MEDIDAS:Nuestras escuelas y artesanos trabajan con total seguridad, con medidas de protecci\u00f3n como la desinfecci\u00f3n de las manos, la desinfecci\u00f3n de los entornos, el uso de mascarillas, la distancia y la capacidad limitada. Se exigir\u00e1 el certificado de vacunaci\u00f3n Covid-19 ASISTENCIA: si decides inscribirte,&hellip;","_links":{"self":[{"href":"https:\/\/www.studiainitalia.com\/es\/wp-json\/wp\/v2\/pages\/189515","targetHints":{"allow":["GET"]}}],"collection":[{"href":"https:\/\/www.studiainitalia.com\/es\/wp-json\/wp\/v2\/pages"}],"about":[{"href":"https:\/\/www.studiainitalia.com\/es\/wp-json\/wp\/v2\/types\/page"}],"author":[{"embeddable":true,"href":"https:\/\/www.studiainitalia.com\/es\/wp-json\/wp\/v2\/users\/88"}],"replies":[{"embeddable":true,"href":"https:\/\/www.studiainitalia.com\/es\/wp-json\/wp\/v2\/comments?post=189515"}],"version-history":[{"count":0,"href":"https:\/\/www.studiainitalia.com\/es\/wp-json\/wp\/v2\/pages\/189515\/revisions"}],"wp:attachment":[{"href":"https:\/\/www.studiainitalia.com\/es\/wp-json\/wp\/v2\/media?parent=189515"}],"curies":[{"name":"wp","href":"https:\/\/api.w.org\/{rel}","templated":true}]}}