{"id":189531,"date":"2017-12-07T15:20:09","date_gmt":"2017-12-07T14:20:09","guid":{"rendered":"https:\/\/www.studiainitalia.com\/politica-de-privacidad\/"},"modified":"2026-03-18T09:57:29","modified_gmt":"2026-03-18T08:57:29","slug":"politica-de-privacidad","status":"publish","type":"page","link":"https:\/\/www.studiainitalia.com\/es\/politica-de-privacidad\/","title":{"rendered":"Pol\u00edtica de privacidad"},"content":{"rendered":"<style>.wp-block-kadence-advancedheading.kt-adv-heading189531_5e0952-7b, .wp-block-kadence-advancedheading.kt-adv-heading189531_5e0952-7b[data-kb-block=\"kb-adv-heading189531_5e0952-7b\"]{margin-bottom:var(--global-kb-spacing-md, 2rem);font-style:normal;}.wp-block-kadence-advancedheading.kt-adv-heading189531_5e0952-7b mark.kt-highlight, .wp-block-kadence-advancedheading.kt-adv-heading189531_5e0952-7b[data-kb-block=\"kb-adv-heading189531_5e0952-7b\"] mark.kt-highlight{font-style:normal;color:#f76a0c;-webkit-box-decoration-break:clone;box-decoration-break:clone;padding-top:0px;padding-right:0px;padding-bottom:0px;padding-left:0px;}<\/style>\n<h1 class=\"kt-adv-heading189531_5e0952-7b wp-block-kadence-advancedheading\" data-kb-block=\"kb-adv-heading189531_5e0952-7b\">Pol\u00edtica de privacidad<\/h1>\n\n\n<p>DATOS DE LA EMPRESA<br \/>En cumplimiento con el deber de informaci\u00f3n recogido en el art\u00edculo 10 de la Ley 34\/2002, de 11 de julio, de servicios de la Sociedad de la Informaci\u00f3n y de Comercio Electr\u00f3nico (LSSICE) a continuaci\u00f3n se exponen los datos identificativos de la empresa.<br \/>STUDIAINITALIA CURSOS Y VIAJES, S.L.<br \/>Calle Ferrer del R\u00edo, n\u00ba 28, Esc. 1, 6\u00ba B; C.P. 28028 &#8211; MADRID &#8211; CIF ESB84916279<br \/>info@studiainitalia.com<br \/>+34. 915336873 \/\/ +39. 3295616956<br \/>PROPIEDAD INDUSTRIAL E INTELECTUAL<br \/>El dise\u00f1o del sitio web y sus c\u00f3digos fuente, as\u00ed como los logos, marcas y dem\u00e1s signos distintivos que aparecen en el mismo pertenecen a STUDIAINITALIA CURSOS Y VIAJES, S.L. y est\u00e1n protegidos por los correspondientes derechos de propiedad intelectual e industrial.<br \/>USUARIOS<br \/>El acceso y\/o uso de este sitio web atribuye la condici\u00f3n de Usuario, que acepta, las condiciones generales de uso para poder utilizar todos los servicios e informaciones que se facilitan desde el portal. Estas condiciones se exponen a continuaci\u00f3n:<br \/>T\u00c9RMINOS Y CONDICIONES<br \/>Las presentes condiciones de uso de la p\u00e1gina web, regulan las condiciones de acceso y uso del portal de STUDIAINITALIA CURSOS Y VIAJES, S.L. El mero acceso o utilizaci\u00f3n del portal, de todos o parte de sus contenidos y servicios supone la aceptaci\u00f3n plena y expresa de las presentes condiciones de uso. La disponibilidad y uso del portal se entiende sujeta al estricto cumplimiento de los t\u00e9rminos contenidos en las presentes condiciones de uso del portal. y los servicios puestos a disposici\u00f3n de los usuarios en y\/o a trav\u00e9s del portal, ya sea a trav\u00e9s del portal, ya sea por sus usuarios o por cualquier tercero. No obstante, el acceso y uso de determinados contenidos y\/o servicios puede estar sujeto a ciertas condiciones espec\u00edficas.<br \/>La empresa se reserva el derecho a modificar en cualquier momento las condiciones generales de uso del portal. En cualquier caso, se recomienda consultar peri\u00f3dicamente las presentes condiciones generales de uso del portal, ya que pueden sufrir modificaciones.<br \/>OBLIGACIONES DEL USUARIO<br \/>El usuario deber\u00e1 respetar en todo momento los t\u00e9rminos y condiciones establecidos en el presente aviso legal. El usuario manifiesta expresamente que utilizar\u00e1 el portal de forma diligente y asumiendo cualquier responsabilidad que pudiera derivarse del incumplimiento de las normas.<br \/>El usuario se compromete, en aquellos casos en los que se soliciten datos o informaci\u00f3n, a no falsear su identidad haci\u00e9ndose pasar por otra persona. El usuario acepta que el uso del Portal se realizar\u00e1 con fines estrictamente personales, privados y particulares. El usuario no podr\u00e1 utilizar el portal para la realizaci\u00f3n de actividades contrarias a la Ley, a la moral y al orden p\u00fablico, as\u00ed como con fines prohibidos o que vulneren o lesionen derechos de terceros. Asimismo, queda prohibida la difusi\u00f3n, almacenamiento y\/o gesti\u00f3n de datos o contenidos que infrinjan derechos de terceros o cualesquiera normas reguladoras de derechos de propiedad intelectual o industrial.<br \/>Asimismo, el usuario no podr\u00e1 utilizar el portal para transmitir, almacenar, divulgar, promocionar o distribuir datos o contenidos que sean portadores de virus o cualquier otro c\u00f3digo inform\u00e1tico, archivos o programas dise\u00f1ados para interrumpir, destruir o perjudicar el funcionamiento de cualquier programa o equipo. Inform\u00e1tica o telecomunicaciones.<br \/>El usuario se obliga a indemnizar y mantener indemne al portal por cualquier da\u00f1o, perjuicio, pena, multa, sanci\u00f3n o indemnizaci\u00f3n a la que el portal deba hacer frente por su uso indebido por parte del usuario.<br \/>PROTECCI\u00d3N DE DATOS<br \/>En cumplimiento de lo dispuesto en el Reglamento (UE) 2016\/679 del Parlamento Europeo y del Consejo y en la Ley Org\u00e1nica 15\/1999, de 13 de diciembre, de Protecci\u00f3n de Datos de Car\u00e1cter Personal (LOPD) se informa al usuario que todos los datos que nos facilite ser\u00e1n incorporados a un fichero, creado y mantenido bajo la responsabilidad de STUDIAINITALIA CURSOS Y VIAJES, SL, el cual se encuentra debidamente custodiado y tratado, y que los datos que contiene han sido obtenidos de forma l\u00edcita y cumpliendo las disposiciones establecidas en la normativa de protecci\u00f3n de datos de car\u00e1cter personal.<\/p>\n<p>El responsable del tratamiento y los dem\u00e1s usuarios autorizados \u00fanica y exclusivamente acceden y tratan los datos contenidos en el fichero conforme a las instrucciones del responsable y s\u00f3lo los utilizan para realizar, por cuenta del responsable del fichero, los servicios espec\u00edficamente autorizados.<br \/>DERECHO DE ACCESO, OPOSICI\u00d3N, RECTIFICACI\u00d3N, CANCELACI\u00d3N, SUPRESI\u00d3N Y PORTABILIDAD DE DATOS<br \/>Se informa que los derechos de Acceso, Oposici\u00f3n, Rectificaci\u00f3n, Cancelaci\u00f3n, Supresi\u00f3n y Portabilidad de los datos pueden ser ejercidos por correo postal a la siguiente direcci\u00f3n:<\/p>\n<p>STUDIAINITALIA CURSOS Y VIAJES, S.L.<br \/>Calle Ferrer del R\u00edo, n\u00ba 28, Esc. 1, 6\u00ba B; C.P. 28028 &#8211; MADRID C.P.: 28028 &#8211; MADRID<br \/><a href=\"mailto:info@studiainitalia.com\">info@studiainitalia.com<\/a><\/p>\n<p>\u00a0<\/p>\n<p>adjuntando copia de su DNI o documento equivalente. Asimismo, y especialmente si considera que no ha obtenido plena satisfacci\u00f3n en el ejercicio de sus derechos, podr\u00e1 presentar una reclamaci\u00f3n ante la autoridad nacional de control dirigi\u00e9ndose a la Agencia Espa\u00f1ola de Protecci\u00f3n de Datos, C\/ Jorge Juan, 6 &#8211; 28001 Madrid.<\/p>\n<p>POL\u00cdTICA DE COOKIES<br \/>La empresa informa sobre su pol\u00edtica de cookies, dando as\u00ed cumplimiento a lo establecido en el art\u00edculo 22.2 de la Ley 34\/2002, de 11 de julio, de Servicios de la Sociedad de la Informaci\u00f3n y de Comercio Electr\u00f3nico.<br \/>Cookie es un fichero que se descarga en su ordenador al acceder a determinadas p\u00e1ginas web. Las cookies permiten a una p\u00e1gina web, entre otras cosas, almacenar y recuperar informaci\u00f3n sobre los h\u00e1bitos de navegaci\u00f3n de un usuario o de su equipo y, dependiendo de la informaci\u00f3n que contengan y de la forma en que utilice su equipo, pueden utilizarse para reconocer al usuario. El navegador del usuario memoriza cookies en el disco duro solamente durante la sesi\u00f3n actual ocupando un espacio de memoria m\u00ednimo y no perjudicando al ordenador. Las cookies no contienen ning\u00fan tipo de informaci\u00f3n personal espec\u00edfica, y la mayor\u00eda de ellas se borran del disco duro al finalizar la sesi\u00f3n del navegador.<br \/>La mayor\u00eda de los navegadores aceptan como est\u00e1ndar a las cookies y, con independencia de las mismas, permiten o impiden en los ajustes de seguridad las cookies temporales o memorizadas.<br \/>Sin su expreso consentimiento mediante la activaci\u00f3n de las cookies en su navegador, los datos almacenados no ser\u00e1n enlazados con sus datos personales proporcionados en el momento del registro o la compra.<br \/>El Usuario acepta expresamente, por la utilizaci\u00f3n de este portal, el tratamiento de la informaci\u00f3n recabada en la forma y con los fines anteriormente mencionados. Y asimismo reconoce conocer la posibilidad de rechazar el tratamiento de tales datos o informaci\u00f3n rechazando el uso de Cookies mediante la selecci\u00f3n de la configuraci\u00f3n apropiada a tal fin en su navegador. Aunque esta opci\u00f3n de bloqueo de cookies en su navegador puede no permitirle el uso pleno de todas las funcionalidades de la web. Puede usted permitir, bloquear o eliminar las cookies instaladas en su equipo mediante la configuraci\u00f3n de las opciones del navegador instalado en su ordenador.<br \/>RESPONSABILIDAD DE LOS CONTENIDOS<br \/>STUDIAINITALIA CURSOS Y VIAJES, S.L. no se hace responsable de la legalidad de otros sitios web de terceros desde los que pueda accederse al sitio web. El titular de la p\u00e1gina no responde de la legalidad de otros sitios web de terceros que pudieran estar vinculados o enlazados desde este portal.<\/p>\n<p>El titular de este portal se reserva el derecho a realizar cambios en la web sin previo aviso, con el objeto de mantener actualizada su informaci\u00f3n, a\u00f1adiendo, modificando, corrigiendo o eliminando los contenidos publicados o el dise\u00f1o del portal.<\/p>\n<p>STUDIAINITALIA CURSOS Y VIAJES, S.L. no se responsabiliza del uso que terceros hagan de la informaci\u00f3n publicada en el portal, ni de los da\u00f1os y perjuicios sufridos o p\u00e9rdidas econ\u00f3micas que, de forma directa o indirecta, produzcan o puedan producir perjuicios econ\u00f3micos, materiales o sobre datos, ocasionados por el uso de dicha informaci\u00f3n.<\/p>\n<p>El titular no se hace responsable de los posibles errores de seguridad que se pudieran producir por el hecho de utilizar versiones de navegadores no actualizadas, o de las consecuencias que se pudieran derivar del mal funcionamiento del navegador, ya sea por configuraci\u00f3n inadecuada, presencia de virus inform\u00e1ticos o cualquier otra causa ajena al mismo.<\/p>\n<p>REPRODUCCI\u00d3N DE CONTENIDOS<br \/>Queda prohibida la reproducci\u00f3n total o parcial de los contenidos publicados en este sitio web. La reproducci\u00f3n total o parcial, incluido el volcado de los contenidos de la web a cualquier soporte, requerir\u00e1 la autorizaci\u00f3n expresa de STUDIAINITALIA CURSOS Y VIAJES, S.L.<br \/>SERVICIO<br \/>STUDIAINITALIA CURSOS Y VIAJES, S.L. se reserva el derecho de suspender temporalmente, y sin necesidad de previo aviso, la accesibilidad a su sitio web, por razones t\u00e9cnicas o de cualquier otra \u00edndole, pudiendo asimismo modificar unilateralmente tanto las condiciones de acceso, como la totalidad o parte de los contenidos en ella incluidos.<br \/>ENLACES<br \/>El sitio web puede ofrecer enlaces, directa o indirectamente, a otros sitios web, con una finalidad meramente informativa, no constituyendo en ning\u00fan caso una invitaci\u00f3n a la contrataci\u00f3n de productos o servicios que se ofrezcan en el sitio web de destino.<\/p>\n<p>NAVEGACI\u00d3N Y SEGURIDAD<br \/>La navegaci\u00f3n por las p\u00e1ginas del sitio web puede hacerse de forma totalmente an\u00f3nima. Los servidores web s\u00f3lo conservar\u00e1n una serie de datos p\u00fablicos y de libre acceso con fines estad\u00edsticos. Estos datos son: el nombre de dominio o la direcci\u00f3n IP del proveedor de acceso a Internet, la fecha y hora de acceso al sitio web y la direcci\u00f3n de Internet desde la que parti\u00f3 el hiperenlace que dirige a la p\u00e1gina.<br \/>LEGISLACI\u00d3N Y JURISDICCI\u00d3N APLICABLES<br \/>La ley aplicable en caso de disputa o conflicto de interpretaci\u00f3n de los t\u00e9rminos que conforman este aviso legal, as\u00ed como cualquier cuesti\u00f3n relacionada con los servicios de este portal, ser\u00e1 la ley espa\u00f1ola, y cualquier controversia se someter\u00e1 a los Juzgados y Tribunales de la ciudad. de Madrid.<\/p>\n<p>Datos<br \/>colecci\u00f3n<\/p>\n<p>Lea atentamente este protocolo. Si el firmante es menor de edad, este documento debe ser cumplimentado y FIRMADO por el padre\/madre\/tutor legal.<br \/>STUDIAINITALIA CURSOS Y VIAJES, S.L., CIF B- 84916279, es el responsable del tratamiento de los datos personales recogidos. Calle Ferrer del R\u00edo, n\u00ba 28, Esc. 1, 6\u00ba B, C.P.: 28028, Madrid. Correo electr\u00f3nico: info@studiainitalia.com.<\/p>\n<p>INFORMA de que<br \/>Prop\u00f3sito:<br \/>&#8211; Los datos facilitados est\u00e1n destinados a la Gesti\u00f3n de actividades relacionadas con la formaci\u00f3n, las pr\u00e1cticas laborales, los viajes de trabajo, las actividades tur\u00edsticas y de ocio y para la expedici\u00f3n de t\u00edtulos y diplomas.<br \/>&#8211; Sus datos tambi\u00e9n pueden utilizarse para preparar presupuestos y dar a conocer las actividades de la empresa y ofrecer nuevas actividades de formaci\u00f3n, turismo y ocio.<br \/>&#8211; Los datos personales comunicados, directa o indirectamente, formar\u00e1n parte de nuestro fichero de Clientes STUDIAINITALIA, y ser\u00e1n utilizados y tratados exclusivamente para las finalidades indicadas, para cuyo tratamiento necesitamos su consentimiento expreso. Los datos facilitados por usted ser\u00e1n \u00fanicamente los estrictamente necesarios para la finalidad mencionada, siendo imprescindible que manifieste dicha informaci\u00f3n de manera consciente y voluntaria para poder prestarle los servicios solicitados.<br \/>&#8211; El tratamiento de sus datos personales se extiende \u00fanicamente a los datos facilitados o generados en la actividad concertada.<br \/>&#8211; No se llevar\u00e1 a cabo el tratamiento de categor\u00edas especiales de datos personales.<br \/>&#8211; No se elaborar\u00e1n perfiles con los datos ni se tomar\u00e1n decisiones automatizadas con ellos.<br \/>&#8211; Sus datos, con las medidas adecuadas de seudonimizaci\u00f3n, agregaci\u00f3n y acceso restringido, se custodiar\u00e1n y tratar\u00e1n con las medidas de confidencialidad adecuadas y en pleno cumplimiento de las disposiciones vigentes en materia de protecci\u00f3n de datos.<\/p>\n<p>Origen y legitimaci\u00f3n:<br \/>&#8211; Los datos son facilitados voluntariamente por usted u obtenidos en la ejecuci\u00f3n del contrato de prestaci\u00f3n de servicios y el tratamiento de los mismos, se basa en el consentimiento libre e informado otorgado en este documento.<\/p>\n<p>Beneficiarios:<br \/>&#8211; Los destinatarios de los datos ser\u00e1n \u00fanicamente STUDIAINITALIA CURSOS Y VIAJES, S.L. y los propietarios y empleados de la empresa directamente relacionados con la gesti\u00f3n de los servicios contratados, o con los servicios administrativos, jur\u00eddicos, contables y fiscales de los profesionales que participen en su ejecuci\u00f3n.<br \/>&#8211; A los datos podr\u00e1n acceder otras entidades o profesionales del despacho que puedan ser contratados para prestar los servicios necesarios para la ejecuci\u00f3n de su contrato, con id\u00e9nticas finalidades y con las debidas garant\u00edas de confidencialidad, respetando en todo momento las previsiones. del Reglamento (UE) 2016\/679 del Parlamento Europeo y del Consejo y de la Ley Org\u00e1nica 15\/1999, de 13 de diciembre.<br \/>&#8211; La informaci\u00f3n que le afecte ser\u00e1 estrictamente confidencial y con independencia de los destinatarios indicados s\u00f3lo le ser\u00e1 transmitida a usted o a quien, en caso de ejercer su derecho de portabilidad, nos indique, as\u00ed como, en su caso, a nuestros asesores legales, contables y fiscales.<br \/>&#8211; Los datos podr\u00e1n ser facilitados al responsable del tratamiento del fichero de Clientes de STUDIAINITALIA y, en su caso, a nuestro inform\u00e1tico externo, con la \u00fanica finalidad de garantizar, con los debidos requisitos de confidencialidad, su tratamiento de forma l\u00edcita y transparente, esto es , para su registro, organizaci\u00f3n, conservaci\u00f3n, adaptaci\u00f3n o modificaci\u00f3n, extracci\u00f3n, consulta, utilizaci\u00f3n, transmisi\u00f3n, difusi\u00f3n o cualquier otra forma de autorizaci\u00f3n de acceso, cotejo o interconexi\u00f3n, limitaci\u00f3n, supresi\u00f3n o destrucci\u00f3n de datos, de conformidad con lo dispuesto en el Reglamento (UE) 2016\/679, preservando en todo momento el secreto de los datos de car\u00e1cter personal.<br \/>&#8211; La informaci\u00f3n que le afecte, se mantendr\u00e1 durante el tiempo m\u00ednimo pertinente a la finalidad para la que se recoge, de forma que el periodo de conservaci\u00f3n responder\u00e1 a los siguientes criterios:<br \/>&#8211; Se conservar\u00e1n durante el tiempo necesario para el cumplimiento de la finalidad para la que fueron recabados y para determinar las posibles responsabilidades que pudieran derivarse de dicha finalidad y del tratamiento de los datos. Se aplicar\u00e1n las disposiciones de la normativa sobre archivos y documentaci\u00f3n.<br \/>&#8211; Los datos de los profesores se conservar\u00e1n para futuras acciones formativas, salvo que soliciten su supresi\u00f3n.<br \/>&#8211; Los datos identificativos y econ\u00f3micos se cancelar\u00e1n de acuerdo con los plazos establecidos por la legislaci\u00f3n tributaria en materia de prescripci\u00f3n de responsabilidades.<br \/>&#8211; No obstante, los datos podr\u00e1n ser conservados durante un plazo superior en el caso de que pudiera exigirse alg\u00fan tipo de responsabilidad u obligaci\u00f3n legal derivada de la ejecuci\u00f3n de un contrato o de la aplicaci\u00f3n de medidas precontractuales solicitadas por el interesado.<br \/>&#8211; No habr\u00e1 transferencias internacionales de sus datos fuera del \u00e1mbito de la Uni\u00f3n Europea.<\/p>\n<p>Derechos:<br \/>De conformidad con lo dispuesto en el art\u00edculo 7 del Reglamento (UE) 2016\/679, usted como interesado tendr\u00e1 derecho a retirar su consentimiento en cualquier momento. Aunque se le informa de que la retirada del consentimiento no afectar\u00e1 a la legalidad del tratamiento basado en el consentimiento previo a su retirada.<br \/>Asimismo, en base a lo dispuesto en los art\u00edculos 15 y siguientes del citado Reglamento, se reconocen los derechos de acceso, rectificaci\u00f3n, limitaci\u00f3n y oposici\u00f3n, as\u00ed como los derechos de supresi\u00f3n y portabilidad de los mismos.<\/p>","protected":false},"excerpt":{"rendered":"<p>Pol\u00edtica de privacidad DATOS DE LA EMPRESAEn cumplimiento con el deber de informaci\u00f3n recogido en el art\u00edculo 10 de la Ley 34\/2002, de 11 de julio, de servicios de la Sociedad de la Informaci\u00f3n y de Comercio Electr\u00f3nico (LSSICE) a continuaci\u00f3n se exponen los datos identificativos de la empresa.STUDIAINITALIA CURSOS Y VIAJES, S.L.Calle Ferrer del [&hellip;]<\/p>\n","protected":false},"author":1,"featured_media":0,"parent":0,"menu_order":0,"comment_status":"closed","ping_status":"closed","template":"","meta":{"_acf_changed":false,"_uag_custom_page_level_css":"","_kad_blocks_custom_css":"","_kad_blocks_head_custom_js":"","_kad_blocks_body_custom_js":"","_kad_blocks_footer_custom_js":"","site-sidebar-layout":"default","site-content-layout":"","ast-site-content-layout":"default","site-content-style":"default","site-sidebar-style":"default","ast-global-header-display":"","ast-banner-title-visibility":"","ast-main-header-display":"","ast-hfb-above-header-display":"","ast-hfb-below-header-display":"","ast-hfb-mobile-header-display":"","site-post-title":"","ast-breadcrumbs-content":"","ast-featured-img":"","footer-sml-layout":"","ast-disable-related-posts":"","theme-transparent-header-meta":"","adv-header-id-meta":"","stick-header-meta":"","header-above-stick-meta":"","header-main-stick-meta":"","header-below-stick-meta":"","astra-migrate-meta-layouts":"set","ast-page-background-enabled":"default","ast-page-background-meta":{"desktop":{"background-color":"var(--ast-global-color-4)","background-image":"","background-repeat":"repeat","background-position":"center center","background-size":"auto","background-attachment":"scroll","background-type":"","background-media":"","overlay-type":"","overlay-color":"","overlay-opacity":"","overlay-gradient":""},"tablet":{"background-color":"","background-image":"","background-repeat":"repeat","background-position":"center center","background-size":"auto","background-attachment":"scroll","background-type":"","background-media":"","overlay-type":"","overlay-color":"","overlay-opacity":"","overlay-gradient":""},"mobile":{"background-color":"","background-image":"","background-repeat":"repeat","background-position":"center center","background-size":"auto","background-attachment":"scroll","background-type":"","background-media":"","overlay-type":"","overlay-color":"","overlay-opacity":"","overlay-gradient":""}},"ast-content-background-meta":{"desktop":{"background-color":"var(--ast-global-color-5)","background-image":"","background-repeat":"repeat","background-position":"center center","background-size":"auto","background-attachment":"scroll","background-type":"","background-media":"","overlay-type":"","overlay-color":"","overlay-opacity":"","overlay-gradient":""},"tablet":{"background-color":"var(--ast-global-color-5)","background-image":"","background-repeat":"repeat","background-position":"center center","background-size":"auto","background-attachment":"scroll","background-type":"","background-media":"","overlay-type":"","overlay-color":"","overlay-opacity":"","overlay-gradient":""},"mobile":{"background-color":"var(--ast-global-color-5)","background-image":"","background-repeat":"repeat","background-position":"center center","background-size":"auto","background-attachment":"scroll","background-type":"","background-media":"","overlay-type":"","overlay-color":"","overlay-opacity":"","overlay-gradient":""}},"footnotes":""},"class_list":["post-189531","page","type-page","status-publish","hentry"],"acf":[],"taxonomy_info":[],"featured_image_src_large":false,"author_info":{"display_name":"Javier Diaz","author_link":"https:\/\/www.studiainitalia.com\/es\/author\/studiain_jedv\/"},"comment_info":0,"uagb_featured_image_src":{"full":false,"thumbnail":false,"medium":false,"medium_large":false,"large":false,"1536x1536":false,"2048x2048":false,"ultp_layout_landscape_large":false,"ultp_layout_landscape":false,"ultp_layout_portrait":false,"ultp_layout_square":false,"gform-image-choice-sm":false,"gform-image-choice-md":false,"gform-image-choice-lg":false,"woocommerce_thumbnail":false,"woocommerce_single":false,"woocommerce_gallery_thumbnail":false,"yarpp-thumbnail":false},"uagb_author_info":{"display_name":"Javier Diaz","author_link":"https:\/\/www.studiainitalia.com\/es\/author\/studiain_jedv\/"},"uagb_comment_info":0,"uagb_excerpt":"Pol\u00edtica de privacidad DATOS DE LA EMPRESAEn cumplimiento con el deber de informaci\u00f3n recogido en el art\u00edculo 10 de la Ley 34\/2002, de 11 de julio, de servicios de la Sociedad de la Informaci\u00f3n y de Comercio Electr\u00f3nico (LSSICE) a continuaci\u00f3n se exponen los datos identificativos de la empresa.STUDIAINITALIA CURSOS Y VIAJES, S.L.Calle Ferrer del&hellip;","_links":{"self":[{"href":"https:\/\/www.studiainitalia.com\/es\/wp-json\/wp\/v2\/pages\/189531","targetHints":{"allow":["GET"]}}],"collection":[{"href":"https:\/\/www.studiainitalia.com\/es\/wp-json\/wp\/v2\/pages"}],"about":[{"href":"https:\/\/www.studiainitalia.com\/es\/wp-json\/wp\/v2\/types\/page"}],"author":[{"embeddable":true,"href":"https:\/\/www.studiainitalia.com\/es\/wp-json\/wp\/v2\/users\/1"}],"replies":[{"embeddable":true,"href":"https:\/\/www.studiainitalia.com\/es\/wp-json\/wp\/v2\/comments?post=189531"}],"version-history":[{"count":0,"href":"https:\/\/www.studiainitalia.com\/es\/wp-json\/wp\/v2\/pages\/189531\/revisions"}],"wp:attachment":[{"href":"https:\/\/www.studiainitalia.com\/es\/wp-json\/wp\/v2\/media?parent=189531"}],"curies":[{"name":"wp","href":"https:\/\/api.w.org\/{rel}","templated":true}]}}