{"id":191515,"date":"2022-09-29T10:32:12","date_gmt":"2022-09-29T08:32:12","guid":{"rendered":"https:\/\/www.studiainitalia.com\/?page_id=191515"},"modified":"2026-02-12T16:37:43","modified_gmt":"2026-02-12T15:37:43","slug":"cursos-de-italiano-online","status":"publish","type":"page","link":"https:\/\/www.studiainitalia.com\/es\/estudiar-en-italia\/cursos-de-italiano-online\/","title":{"rendered":"Cursos Online"},"content":{"rendered":"\n<div class=\"wp-block-columns alignfull has-ast-global-color-2-background-color has-background is-layout-flex wp-container-core-columns-is-layout-c6bc58be wp-block-columns-is-layout-flex\" style=\"padding: 0px;\">\n\n<div class=\"wp-block-column is-layout-flow wp-block-column-is-layout-flow\" style=\"flex-basis: 60%;\">\n\n<div class=\"wp-block-cover alignfull is-light\" style=\"min-height: 780px;aspect-ratio:unset;\"><img decoding=\"async\" width=\"844\" height=\"546\" class=\"wp-block-cover__image-background wp-image-94503\" src=\"https:\/\/www.studiainitalia.com\/wp-content\/uploads\/2022\/09\/webinar_jpg.jpg\" alt=\"\" data-object-fit=\"cover\" title=\"\" srcset=\"https:\/\/www.studiainitalia.com\/wp-content\/uploads\/2022\/09\/webinar_jpg.jpg 844w, https:\/\/www.studiainitalia.com\/wp-content\/uploads\/2022\/09\/webinar_jpg-768x497.jpg 768w, https:\/\/www.studiainitalia.com\/wp-content\/uploads\/2022\/09\/webinar_jpg-400x259.jpg 400w\" sizes=\"(max-width: 844px) 100vw, 844px\" \/>\r\n<div class=\"wp-block-cover__inner-container is-layout-flow wp-block-cover-is-layout-flow\">\n\n<h1 class=\"wp-block-heading has-text-align-center\" style=\"font-size: 35px;\">Nuestros cursos online<\/h1>\n\n<\/div>\r\n<\/div>\n\n<\/div>\n\n\r\n\r\n\n<div class=\"wp-block-column is-layout-flow wp-block-column-is-layout-flow\" style=\"flex-basis: 40%; padding: 6%;\">\n<div  class=\"wp-block-ultimate-post-heading ultp-block-48400e\"><div class=\"ultp-block-wrapper\"><div class=\"ultp-heading-wrap ultp-heading-style9 ultp-heading-left\"><h2 class=\"ultp-heading-inner\"><span>CURSOS ONLINE<\/span><\/h2><\/div><\/div><\/div>\n\r\n\r\n\n<p><strong>\u00bfTodav\u00eda no puedes viajar a Italia pero quieres estudiar italiano?\u00a0<\/strong>Estamos convencidos de que para\u00a0<em>aprender hay que viajar, tocar, saborear y olier<\/em>, pero a pesar de ello te traemos algunos de nuestros cursos en modalidad online. Para que puedas descubrir la\u00a0<strong>calidad<\/strong>\u00a0de nuestros cursos sin salir de casa.<\/p>\n\n\r\n\r\n<style>.kadence-column_37d4cf-81 > .kt-inside-inner-col,.kadence-column_37d4cf-81 > .kt-inside-inner-col:before{border-top-left-radius:0px;border-top-right-radius:0px;border-bottom-right-radius:0px;border-bottom-left-radius:0px;}.kadence-column_37d4cf-81 > .kt-inside-inner-col{column-gap:var(--global-kb-gap-sm, 1rem);}.kadence-column_37d4cf-81 > .kt-inside-inner-col{flex-direction:column;}.kadence-column_37d4cf-81 > .kt-inside-inner-col > .aligncenter{width:100%;}.kadence-column_37d4cf-81 > .kt-inside-inner-col:before{opacity:0.3;}.kadence-column_37d4cf-81{position:relative;}@media all and (max-width: 1024px){.kadence-column_37d4cf-81 > .kt-inside-inner-col{flex-direction:column;justify-content:center;}}@media all and (max-width: 767px){.kadence-column_37d4cf-81 > .kt-inside-inner-col{flex-direction:column;justify-content:center;}}<\/style>\n<div class=\"wp-block-kadence-column kadence-column_37d4cf-81\">\r\n<div class=\"kt-inside-inner-col\">\u00a0<\/div>\r\n<\/div>\n\n\r\n\r\n\n<p>Te ofrecemos una selecci\u00f3n de cursos online; a\u00fan no podemos ofrecer todos nuestro cursos, por ahora tenemos\u00a0<em>cursos de italiano online, cursos de historia del arte\u00a0<\/em>y un<em>\u00a0curso de zapater\u00eda.<\/em><\/p>\n\n\r\n\r\n<style>.kadence-column_41942a-7a > .kt-inside-inner-col,.kadence-column_41942a-7a > .kt-inside-inner-col:before{border-top-left-radius:0px;border-top-right-radius:0px;border-bottom-right-radius:0px;border-bottom-left-radius:0px;}.kadence-column_41942a-7a > .kt-inside-inner-col{column-gap:var(--global-kb-gap-sm, 1rem);}.kadence-column_41942a-7a > .kt-inside-inner-col{flex-direction:column;}.kadence-column_41942a-7a > .kt-inside-inner-col > .aligncenter{width:100%;}.kadence-column_41942a-7a > .kt-inside-inner-col:before{opacity:0.3;}.kadence-column_41942a-7a{position:relative;}@media all and (max-width: 1024px){.kadence-column_41942a-7a > .kt-inside-inner-col{flex-direction:column;justify-content:center;}}@media all and (max-width: 767px){.kadence-column_41942a-7a > .kt-inside-inner-col{flex-direction:column;justify-content:center;}}<\/style>\n<div class=\"wp-block-kadence-column kadence-column_41942a-7a\">\r\n<div class=\"kt-inside-inner-col\">\u00a0<\/div>\r\n<\/div>\n\n\r\n\r\n\n<p><strong>\u00bfNo ves el curso que te interesa?\u00a0<\/strong>Si ves alg\u00fan uno de nuestros cursos presenciales que te interesar\u00eda hacer online, comun\u00edcanoslo y veremos si es posible organizarlo para t\u00ed.<\/p>\n\n\r\n\r\n\n<p>Y para cuando hayas terminado tu curso online\u2026..<strong>\u00a1te esperamos en Italia!<\/strong><\/p>\n\n<\/div>\n\n<\/div>\n\n\n<div  class=\"wp-block-ultimate-post-heading ultp-block-a124ff\"><div class=\"ultp-block-wrapper\"><div class=\"ultp-heading-wrap ultp-heading-style9 ultp-heading-center\"><h2 class=\"ultp-heading-inner\"><span>Elige tu Curso Online<\/span><\/h2><\/div><\/div><\/div>\n\n<div class=\"wopb-shortcode\" data-postid=\"95402\"><div  class=\"wp-block-product-blocks-product-grid-1 wopb-block-61b818 \"><div class=\"wopb-block-wrapper\"><div class=\"wopb-wrapper-main-content\"><div class=\"wopb-block-items-wrap wopb-block-row wopb-block-column-3\"><div class=\"wopb-block-item \"><div class=\"wopb-block-content-wrap\"><div class=\"wopb-block-image wopb-block-image-none\"><div class=\"wopb-product-new-meta\"><\/div><a href=\"https:\/\/www.studiainitalia.com\/es\/cursos\/cursos-online\/historia-del-arte-renacentista\/\"><img decoding=\"async\" src=\"https:\/\/www.studiainitalia.com\/wp-content\/uploads\/2020\/10\/foto-curso-on-line-florencia-300x300.jpg\" alt=\"Historia del Arte Renacentista (Online)\" title=\"\"><\/a><\/div><h3 class=\"wopb-block-title\"><a title=\"Historia del Arte Renacentista (Online)\"  href=\"https:\/\/www.studiainitalia.com\/es\/cursos\/cursos-online\/historia-del-arte-renacentista\/\">Historia del Arte Renacentista (Online)<\/a><\/h3><div class=\"wopb-product-price\"><span class=\"woocommerce-Price-amount amount\"><bdi>450<span class=\"woocommerce-Price-currencySymbol\">&euro;<\/span><\/bdi><\/span><\/div><div class=\"wopb-star-rating\"><span style=\"width: 100%\"><strong itemprop=\"ratingValue\" class=\"wopb-rating\">5.00<\/strong>de 5<\/span><\/div><\/div><\/div><div class=\"wopb-block-item \"><div class=\"wopb-block-content-wrap\"><div class=\"wopb-block-image wopb-block-image-none\"><div class=\"wopb-product-new-meta\"><\/div><a href=\"https:\/\/www.studiainitalia.com\/es\/cursos\/cursos-de-italiano-en-italia\/curso-de-italiano-online\/\"><img decoding=\"async\" src=\"https:\/\/www.studiainitalia.com\/wp-content\/uploads\/2024\/10\/laptop-2838917_1280-300x300.jpg\" alt=\"Curso de Italiano Online\" title=\"\"><\/a><\/div><h3 class=\"wopb-block-title\"><a title=\"Curso de Italiano Online\"  href=\"https:\/\/www.studiainitalia.com\/es\/cursos\/cursos-de-italiano-en-italia\/curso-de-italiano-online\/\">Curso de Italiano Online<\/a><\/h3><div class=\"wopb-product-price\"><span class=\"woocommerce-Price-amount amount\"><bdi>290<span class=\"woocommerce-Price-currencySymbol\">&euro;<\/span><\/bdi><\/span><\/div><div class=\"wopb-star-rating\"><span style=\"width: 0%\"><strong itemprop=\"ratingValue\" class=\"wopb-rating\">0<\/strong>de 5<\/span><\/div><\/div><\/div><\/div><\/div><\/div><\/div><\/div>\n","protected":false},"excerpt":{"rendered":"<p>\u00bfTodav\u00eda no puedes viajar a Italia pero quieres estudiar italiano?\u00a0Estamos convencidos de que para\u00a0aprender hay que viajar, tocar, saborear y olier, pero a pesar de ello te traemos algunos de nuestros cursos en modalidad online. Para que puedas descubrir la\u00a0calidad\u00a0de nuestros cursos sin salir de casa. \u00a0 Te ofrecemos una selecci\u00f3n de cursos online; a\u00fan [&hellip;]<\/p>\n","protected":false},"author":132,"featured_media":130980,"parent":187931,"menu_order":61,"comment_status":"closed","ping_status":"closed","template":"","meta":{"_acf_changed":false,"_uag_custom_page_level_css":"","_kad_blocks_custom_css":"","_kad_blocks_head_custom_js":"","_kad_blocks_body_custom_js":"","_kad_blocks_footer_custom_js":"","site-sidebar-layout":"default","site-content-layout":"","ast-site-content-layout":"default","site-content-style":"default","site-sidebar-style":"default","ast-global-header-display":"","ast-banner-title-visibility":"","ast-main-header-display":"","ast-hfb-above-header-display":"","ast-hfb-below-header-display":"","ast-hfb-mobile-header-display":"","site-post-title":"disabled","ast-breadcrumbs-content":"","ast-featured-img":"","footer-sml-layout":"","ast-disable-related-posts":"","theme-transparent-header-meta":"","adv-header-id-meta":"","stick-header-meta":"","header-above-stick-meta":"","header-main-stick-meta":"","header-below-stick-meta":"","astra-migrate-meta-layouts":"set","ast-page-background-enabled":"default","ast-page-background-meta":{"desktop":{"background-color":"var(--ast-global-color-4)","background-image":"","background-repeat":"repeat","background-position":"center center","background-size":"auto","background-attachment":"scroll","background-type":"","background-media":"","overlay-type":"","overlay-color":"","overlay-opacity":"","overlay-gradient":""},"tablet":{"background-color":"","background-image":"","background-repeat":"repeat","background-position":"center center","background-size":"auto","background-attachment":"scroll","background-type":"","background-media":"","overlay-type":"","overlay-color":"","overlay-opacity":"","overlay-gradient":""},"mobile":{"background-color":"","background-image":"","background-repeat":"repeat","background-position":"center center","background-size":"auto","background-attachment":"scroll","background-type":"","background-media":"","overlay-type":"","overlay-color":"","overlay-opacity":"","overlay-gradient":""}},"ast-content-background-meta":{"desktop":{"background-color":"var(--ast-global-color-5)","background-image":"","background-repeat":"repeat","background-position":"center center","background-size":"auto","background-attachment":"scroll","background-type":"","background-media":"","overlay-type":"","overlay-color":"","overlay-opacity":"","overlay-gradient":""},"tablet":{"background-color":"var(--ast-global-color-5)","background-image":"","background-repeat":"repeat","background-position":"center center","background-size":"auto","background-attachment":"scroll","background-type":"","background-media":"","overlay-type":"","overlay-color":"","overlay-opacity":"","overlay-gradient":""},"mobile":{"background-color":"var(--ast-global-color-5)","background-image":"","background-repeat":"repeat","background-position":"center center","background-size":"auto","background-attachment":"scroll","background-type":"","background-media":"","overlay-type":"","overlay-color":"","overlay-opacity":"","overlay-gradient":""}},"footnotes":""},"class_list":["post-191515","page","type-page","status-publish","has-post-thumbnail","hentry"],"acf":[],"taxonomy_info":[],"featured_image_src_large":["https:\/\/www.studiainitalia.com\/wp-content\/uploads\/2021\/03\/webinar.jpg",844,546,false],"author_info":{"display_name":"Jordi Torres","author_link":"https:\/\/www.studiainitalia.com\/es\/author\/creativa\/"},"comment_info":0,"uagb_featured_image_src":{"full":["https:\/\/www.studiainitalia.com\/wp-content\/uploads\/2021\/03\/webinar.jpg",844,546,false],"thumbnail":["https:\/\/www.studiainitalia.com\/wp-content\/uploads\/2021\/03\/webinar.jpg",128,83,false],"medium":["https:\/\/www.studiainitalia.com\/wp-content\/uploads\/2021\/03\/webinar.jpg",844,546,false],"medium_large":["https:\/\/www.studiainitalia.com\/wp-content\/uploads\/2021\/03\/webinar-768x497.jpg",768,497,true],"large":["https:\/\/www.studiainitalia.com\/wp-content\/uploads\/2021\/03\/webinar.jpg",844,546,false],"1536x1536":["https:\/\/www.studiainitalia.com\/wp-content\/uploads\/2021\/03\/webinar.jpg",844,546,false],"2048x2048":["https:\/\/www.studiainitalia.com\/wp-content\/uploads\/2021\/03\/webinar.jpg",844,546,false],"ultp_layout_landscape_large":["https:\/\/www.studiainitalia.com\/wp-content\/uploads\/2021\/03\/webinar.jpg",844,546,false],"ultp_layout_landscape":["https:\/\/www.studiainitalia.com\/wp-content\/uploads\/2021\/03\/webinar.jpg",844,546,false],"ultp_layout_portrait":["https:\/\/www.studiainitalia.com\/wp-content\/uploads\/2021\/03\/webinar.jpg",600,388,false],"ultp_layout_square":["https:\/\/www.studiainitalia.com\/wp-content\/uploads\/2021\/03\/webinar.jpg",600,388,false],"gform-image-choice-sm":["https:\/\/www.studiainitalia.com\/wp-content\/uploads\/2021\/03\/webinar.jpg",300,194,false],"gform-image-choice-md":["https:\/\/www.studiainitalia.com\/wp-content\/uploads\/2021\/03\/webinar.jpg",400,259,false],"gform-image-choice-lg":["https:\/\/www.studiainitalia.com\/wp-content\/uploads\/2021\/03\/webinar.jpg",600,388,false],"woocommerce_thumbnail":["https:\/\/www.studiainitalia.com\/wp-content\/uploads\/2021\/03\/webinar-300x300.jpg",300,300,true],"woocommerce_single":["https:\/\/www.studiainitalia.com\/wp-content\/uploads\/2021\/03\/webinar-400x259.jpg",400,259,true],"woocommerce_gallery_thumbnail":["https:\/\/www.studiainitalia.com\/wp-content\/uploads\/2021\/03\/webinar-100x100.jpg",100,100,true],"yarpp-thumbnail":["https:\/\/www.studiainitalia.com\/wp-content\/uploads\/2021\/03\/webinar-120x120.jpg",120,120,true]},"uagb_author_info":{"display_name":"Jordi Torres","author_link":"https:\/\/www.studiainitalia.com\/es\/author\/creativa\/"},"uagb_comment_info":0,"uagb_excerpt":"\u00bfTodav\u00eda no puedes viajar a Italia pero quieres estudiar italiano?\u00a0Estamos convencidos de que para\u00a0aprender hay que viajar, tocar, saborear y olier, pero a pesar de ello te traemos algunos de nuestros cursos en modalidad online. Para que puedas descubrir la\u00a0calidad\u00a0de nuestros cursos sin salir de casa. \u00a0 Te ofrecemos una selecci\u00f3n de cursos online; a\u00fan&hellip;","_links":{"self":[{"href":"https:\/\/www.studiainitalia.com\/es\/wp-json\/wp\/v2\/pages\/191515","targetHints":{"allow":["GET"]}}],"collection":[{"href":"https:\/\/www.studiainitalia.com\/es\/wp-json\/wp\/v2\/pages"}],"about":[{"href":"https:\/\/www.studiainitalia.com\/es\/wp-json\/wp\/v2\/types\/page"}],"author":[{"embeddable":true,"href":"https:\/\/www.studiainitalia.com\/es\/wp-json\/wp\/v2\/users\/132"}],"replies":[{"embeddable":true,"href":"https:\/\/www.studiainitalia.com\/es\/wp-json\/wp\/v2\/comments?post=191515"}],"version-history":[{"count":0,"href":"https:\/\/www.studiainitalia.com\/es\/wp-json\/wp\/v2\/pages\/191515\/revisions"}],"up":[{"embeddable":true,"href":"https:\/\/www.studiainitalia.com\/es\/wp-json\/wp\/v2\/pages\/187931"}],"wp:featuredmedia":[{"embeddable":true,"href":"https:\/\/www.studiainitalia.com\/es\/wp-json\/wp\/v2\/media\/130980"}],"wp:attachment":[{"href":"https:\/\/www.studiainitalia.com\/es\/wp-json\/wp\/v2\/media?parent=191515"}],"curies":[{"name":"wp","href":"https:\/\/api.w.org\/{rel}","templated":true}]}}