{"id":191533,"date":"2016-12-02T13:56:04","date_gmt":"2016-12-02T12:56:04","guid":{"rendered":"https:\/\/www.studiainitalia.com\/?page_id=191533"},"modified":"2026-01-26T15:04:26","modified_gmt":"2026-01-26T14:04:26","slug":"ofertas-especiales","status":"publish","type":"page","link":"https:\/\/www.studiainitalia.com\/es\/ofertas-especiales\/","title":{"rendered":"Ofertas"},"content":{"rendered":"\n<div class=\"wp-block-cover alignfull is-light\" style=\"min-height:301px;aspect-ratio:unset;\"><img decoding=\"async\" width=\"1600\" height=\"275\" class=\"wp-block-cover__image-background wp-image-85770\" alt=\"ofertas especiales cursos italia\" src=\"https:\/\/www.studiainitalia.com\/wp-content\/uploads2019\/12\/ofertas-especiales-cursos-italia.jpg\" data-object-fit=\"cover\" title=\"\" srcset=\"https:\/\/www.studiainitalia.com\/wp-content\/uploads\/2019\/12\/ofertas-especiales-cursos-italia.jpg 1600w, https:\/\/www.studiainitalia.com\/wp-content\/uploads\/2019\/12\/ofertas-especiales-cursos-italia-300x52.jpg 300w, https:\/\/www.studiainitalia.com\/wp-content\/uploads\/2019\/12\/ofertas-especiales-cursos-italia-1024x176.jpg 1024w, https:\/\/www.studiainitalia.com\/wp-content\/uploads\/2019\/12\/ofertas-especiales-cursos-italia-768x132.jpg 768w, https:\/\/www.studiainitalia.com\/wp-content\/uploads\/2019\/12\/ofertas-especiales-cursos-italia-1536x264.jpg 1536w, https:\/\/www.studiainitalia.com\/wp-content\/uploads\/2019\/12\/ofertas-especiales-cursos-italia-1080x186.jpg 1080w, https:\/\/www.studiainitalia.com\/wp-content\/uploads\/2019\/12\/ofertas-especiales-cursos-italia-1280x220.jpg 1280w, https:\/\/www.studiainitalia.com\/wp-content\/uploads\/2019\/12\/ofertas-especiales-cursos-italia-980x168.jpg 980w, https:\/\/www.studiainitalia.com\/wp-content\/uploads\/2019\/12\/ofertas-especiales-cursos-italia-480x83.jpg 480w, https:\/\/www.studiainitalia.com\/wp-content\/uploads\/2019\/12\/ofertas-especiales-cursos-italia-400x69.jpg 400w\" sizes=\"(max-width: 1600px) 100vw, 1600px\" \/><span aria-hidden=\"true\" class=\"wp-block-cover__background has-background-dim\"><\/span><div class=\"wp-block-cover__inner-container is-layout-flow wp-block-cover-is-layout-flow\"><style>.wp-block-kadence-advancedheading.kt-adv-heading191533_fbf7eb-a2, .wp-block-kadence-advancedheading.kt-adv-heading191533_fbf7eb-a2[data-kb-block=\"kb-adv-heading191533_fbf7eb-a2\"]{font-style:normal;}.wp-block-kadence-advancedheading.kt-adv-heading191533_fbf7eb-a2 mark.kt-highlight, .wp-block-kadence-advancedheading.kt-adv-heading191533_fbf7eb-a2[data-kb-block=\"kb-adv-heading191533_fbf7eb-a2\"] mark.kt-highlight{font-style:normal;color:#f76a0c;-webkit-box-decoration-break:clone;box-decoration-break:clone;padding-top:0px;padding-right:0px;padding-bottom:0px;padding-left:0px;}<\/style>\n<h1 class=\"kt-adv-heading191533_fbf7eb-a2 wp-block-kadence-advancedheading\" data-kb-block=\"kb-adv-heading191533_fbf7eb-a2\">Ofertas especiales<\/h1>\n<\/div><\/div>\n\n\n\n<div class=\"wp-block-columns alignwide is-layout-flex wp-container-core-columns-is-layout-28f84493 wp-block-columns-is-layout-flex\">\n<div class=\"wp-block-column last-ssh is-layout-flow wp-block-column-is-layout-flow\">\n<figure class=\"wp-block-image aligncenter size-full\"><img decoding=\"async\" width=\"49\" height=\"49\" src=\"https:\/\/www.studiainitalia.com\/wp-content\/uploads\/2022\/09\/check.png\" alt=\"\" class=\"wp-image-94612\" title=\"\"><\/figure>\n\n\n<div  class=\"wp-block-ultimate-post-heading ultp-block-c5ed9d\"><div class=\"ultp-block-wrapper\"><div class=\"ultp-heading-wrap ultp-heading-style1 ultp-heading-center\"><h2 class=\"ultp-heading-inner\"><span>Florencia Y N\u00e1poles<\/span><\/h2><div class=\"ultp-sub-heading\"><div class=\"ultp-sub-heading-inner\"><br>10% de descuento sobre cursos de italiano realizados en el mes de marzo<\/div><\/div><\/div><\/div><\/div><\/div>\n\n\n\n<div class=\"wp-block-column last-ssh is-layout-flow wp-block-column-is-layout-flow\">\n<figure class=\"wp-block-image aligncenter size-full\"><img decoding=\"async\" width=\"49\" height=\"49\" src=\"https:\/\/www.studiainitalia.com\/wp-content\/uploads\/2022\/09\/check.png\" alt=\"\" class=\"wp-image-94612\" title=\"\"><\/figure>\n\n\n<div  class=\"wp-block-ultimate-post-heading ultp-block-c87eb8\"><div class=\"ultp-block-wrapper\"><div class=\"ultp-heading-wrap ultp-heading-style1 ultp-heading-center\"><h2 class=\"ultp-heading-inner\"><span>Bolonia<\/span><\/h2><div class=\"ultp-sub-heading\"><div class=\"ultp-sub-heading-inner\">10% de descuento para estudiantes de menos de 30 a\u00f1os y m\u00e1s de 60 a\u00f1os de edad<\/div><\/div><\/div><\/div><\/div><\/div>\n<\/div>\n\n\n\n<div class=\"wp-block-columns alignwide is-layout-flex wp-container-core-columns-is-layout-28f84493 wp-block-columns-is-layout-flex\"><\/div>\n\n\n\n<div class=\"wp-block-columns alignwide is-layout-flex wp-container-core-columns-is-layout-28f84493 wp-block-columns-is-layout-flex\">\n<div class=\"wp-block-column last-ssh is-layout-flow wp-block-column-is-layout-flow\">\n<figure class=\"wp-block-image aligncenter size-full\"><img decoding=\"async\" width=\"49\" height=\"49\" src=\"https:\/\/www.studiainitalia.com\/wp-content\/uploads\/2022\/09\/check.png\" alt=\"\" class=\"wp-image-94612\" title=\"\"><\/figure>\n\n\n<div  class=\"wp-block-ultimate-post-heading ultp-block-e68b2d\"><div class=\"ultp-block-wrapper\"><div class=\"ultp-heading-wrap ultp-heading-style1 ultp-heading-center\"><h2 class=\"ultp-heading-inner\"><span>Venecia, Mil\u00e1n, Roma, Florencia<\/span><\/h2><div class=\"ultp-sub-heading\"><div class=\"ultp-sub-heading-inner\">Los estudiantes que hagan un curso entre dos o m\u00e1s ciudades tendr\u00e1n el billete de tren gratuito de una ciudad a otra.<\/div><\/div><\/div><\/div><\/div><\/div>\n\n\n\n<div class=\"wp-block-column last-ssh is-layout-flow wp-block-column-is-layout-flow\">\n<figure class=\"wp-block-image aligncenter size-full\"><img decoding=\"async\" width=\"49\" height=\"49\" src=\"https:\/\/www.studiainitalia.com\/wp-content\/uploads\/2022\/09\/check.png\" alt=\"\" class=\"wp-image-94612\" title=\"\"><\/figure>\n\n\n<div  class=\"wp-block-ultimate-post-heading ultp-block-230c56\"><div class=\"ultp-block-wrapper\"><div class=\"ultp-heading-wrap ultp-heading-style1 ultp-heading-center\"><h2 class=\"ultp-heading-inner\"><span>Verona<\/span><\/h2><div class=\"ultp-sub-heading\"><div class=\"ultp-sub-heading-inner\">10% de descuento para estudiantes menores de 26 a\u00f1os<\/div><\/div><\/div><\/div><\/div><\/div>\n<\/div>\n\n\n<div  class=\"wp-block-ultimate-post-heading ultp-block-5c9ee6\"><div class=\"ultp-block-wrapper\"><div class=\"ultp-heading-wrap ultp-heading-style1 ultp-heading-center\"><h2 class=\"ultp-heading-inner\"><span><strong><strong>Ofertas NO acumulables<\/strong><\/strong><\/span><\/h2><\/div><\/div><\/div>","protected":false},"excerpt":{"rendered":"","protected":false},"author":132,"featured_media":0,"parent":0,"menu_order":0,"comment_status":"closed","ping_status":"closed","template":"","meta":{"_acf_changed":false,"_uag_custom_page_level_css":"","_kad_blocks_custom_css":"","_kad_blocks_head_custom_js":"","_kad_blocks_body_custom_js":"","_kad_blocks_footer_custom_js":"","site-sidebar-layout":"default","site-content-layout":"","ast-site-content-layout":"default","site-content-style":"default","site-sidebar-style":"default","ast-global-header-display":"","ast-banner-title-visibility":"","ast-main-header-display":"","ast-hfb-above-header-display":"","ast-hfb-below-header-display":"","ast-hfb-mobile-header-display":"","site-post-title":"","ast-breadcrumbs-content":"","ast-featured-img":"","footer-sml-layout":"","ast-disable-related-posts":"","theme-transparent-header-meta":"","adv-header-id-meta":"","stick-header-meta":"","header-above-stick-meta":"","header-main-stick-meta":"","header-below-stick-meta":"","astra-migrate-meta-layouts":"set","ast-page-background-enabled":"default","ast-page-background-meta":{"desktop":{"background-color":"var(--ast-global-color-4)","background-image":"","background-repeat":"repeat","background-position":"center center","background-size":"auto","background-attachment":"scroll","background-type":"","background-media":"","overlay-type":"","overlay-color":"","overlay-opacity":"","overlay-gradient":""},"tablet":{"background-color":"","background-image":"","background-repeat":"repeat","background-position":"center center","background-size":"auto","background-attachment":"scroll","background-type":"","background-media":"","overlay-type":"","overlay-color":"","overlay-opacity":"","overlay-gradient":""},"mobile":{"background-color":"","background-image":"","background-repeat":"repeat","background-position":"center center","background-size":"auto","background-attachment":"scroll","background-type":"","background-media":"","overlay-type":"","overlay-color":"","overlay-opacity":"","overlay-gradient":""}},"ast-content-background-meta":{"desktop":{"background-color":"var(--ast-global-color-5)","background-image":"","background-repeat":"repeat","background-position":"center center","background-size":"auto","background-attachment":"scroll","background-type":"","background-media":"","overlay-type":"","overlay-color":"","overlay-opacity":"","overlay-gradient":""},"tablet":{"background-color":"var(--ast-global-color-5)","background-image":"","background-repeat":"repeat","background-position":"center center","background-size":"auto","background-attachment":"scroll","background-type":"","background-media":"","overlay-type":"","overlay-color":"","overlay-opacity":"","overlay-gradient":""},"mobile":{"background-color":"var(--ast-global-color-5)","background-image":"","background-repeat":"repeat","background-position":"center center","background-size":"auto","background-attachment":"scroll","background-type":"","background-media":"","overlay-type":"","overlay-color":"","overlay-opacity":"","overlay-gradient":""}},"footnotes":""},"class_list":["post-191533","page","type-page","status-publish","hentry"],"acf":[],"taxonomy_info":[],"featured_image_src_large":false,"author_info":{"display_name":"Jordi Torres","author_link":"https:\/\/www.studiainitalia.com\/es\/author\/creativa\/"},"comment_info":0,"uagb_featured_image_src":{"full":false,"thumbnail":false,"medium":false,"medium_large":false,"large":false,"1536x1536":false,"2048x2048":false,"ultp_layout_landscape_large":false,"ultp_layout_landscape":false,"ultp_layout_portrait":false,"ultp_layout_square":false,"gform-image-choice-sm":false,"gform-image-choice-md":false,"gform-image-choice-lg":false,"woocommerce_thumbnail":false,"woocommerce_single":false,"woocommerce_gallery_thumbnail":false,"yarpp-thumbnail":false},"uagb_author_info":{"display_name":"Jordi Torres","author_link":"https:\/\/www.studiainitalia.com\/es\/author\/creativa\/"},"uagb_comment_info":0,"uagb_excerpt":null,"_links":{"self":[{"href":"https:\/\/www.studiainitalia.com\/es\/wp-json\/wp\/v2\/pages\/191533","targetHints":{"allow":["GET"]}}],"collection":[{"href":"https:\/\/www.studiainitalia.com\/es\/wp-json\/wp\/v2\/pages"}],"about":[{"href":"https:\/\/www.studiainitalia.com\/es\/wp-json\/wp\/v2\/types\/page"}],"author":[{"embeddable":true,"href":"https:\/\/www.studiainitalia.com\/es\/wp-json\/wp\/v2\/users\/132"}],"replies":[{"embeddable":true,"href":"https:\/\/www.studiainitalia.com\/es\/wp-json\/wp\/v2\/comments?post=191533"}],"version-history":[{"count":0,"href":"https:\/\/www.studiainitalia.com\/es\/wp-json\/wp\/v2\/pages\/191533\/revisions"}],"wp:attachment":[{"href":"https:\/\/www.studiainitalia.com\/es\/wp-json\/wp\/v2\/media?parent=191533"}],"curies":[{"name":"wp","href":"https:\/\/api.w.org\/{rel}","templated":true}]}}