{"id":191815,"date":"2022-09-27T08:58:54","date_gmt":"2022-09-27T06:58:54","guid":{"rendered":"https:\/\/www.studiainitalia.com\/?page_id=191815"},"modified":"2025-12-13T14:27:01","modified_gmt":"2025-12-13T13:27:01","slug":"cursos-en-milan","status":"publish","type":"page","link":"https:\/\/www.studiainitalia.com\/es\/destinos\/cursos-en-milan\/","title":{"rendered":"Milan"},"content":{"rendered":"\n<div class=\"wp-block-columns alignfull has-ast-global-color-2-background-color has-background is-layout-flex wp-container-core-columns-is-layout-c6bc58be wp-block-columns-is-layout-flex\" style=\"padding-top:0px;padding-right:0px;padding-bottom:0px;padding-left:0px\">\n<div class=\"wp-block-column is-layout-flow wp-block-column-is-layout-flow\" style=\"flex-basis:60%\">\n<div class=\"wp-block-cover alignfull is-light\" style=\"min-height:685px;aspect-ratio:unset;\"><img decoding=\"async\" width=\"480\" height=\"640\" class=\"wp-block-cover__image-background wp-image-94192\" alt=\"cursos de italiano en Milan\" src=\"https:\/\/www.studiainitalia.com\/wp-content\/uploads\/2022\/09\/learn-italian-in-milan_jpg.jpg\" data-object-fit=\"cover\" title=\"\" srcset=\"https:\/\/www.studiainitalia.com\/wp-content\/uploads\/2022\/09\/learn-italian-in-milan_jpg.jpg 480w, https:\/\/www.studiainitalia.com\/wp-content\/uploads\/2022\/09\/learn-italian-in-milan_jpg-400x533.jpg 400w\" sizes=\"(max-width: 480px) 100vw, 480px\" \/><span aria-hidden=\"true\" class=\"wp-block-cover__background has-background-dim\"><\/span><div class=\"wp-block-cover__inner-container is-layout-flow wp-block-cover-is-layout-flow\">\n<h1 class=\"wp-block-heading has-text-align-center\" style=\"font-size:32px\">Cursos en Mil\u00e1n<\/h1>\n<\/div><\/div>\n<\/div>\n\n\n\n<div class=\"wp-block-column is-layout-flow wp-block-column-is-layout-flow\" style=\"flex-basis: 40%; padding: 6%;\">\n<div  class=\"wp-block-ultimate-post-heading ultp-block-5e69f5\"><div class=\"ultp-block-wrapper\"><div class=\"ultp-heading-wrap ultp-heading-style9 ultp-heading-left\"><h2 class=\"ultp-heading-inner\"><span>MIL\u00c1N<\/span><\/h2><\/div><\/div><\/div>\n\r\n\r\n<style>.wp-block-kadence-spacer.kt-block-spacer-_03022e-64 .kt-block-spacer{height:10px;}.wp-block-kadence-spacer.kt-block-spacer-_03022e-64 .kt-divider{border-top-width:1px;height:1px;border-top-color:var(--ast-global-color-1);width:100%;border-top-style:solid;}<\/style>\n<div class=\"wp-block-kadence-spacer aligncenter kt-block-spacer-_03022e-64\"><div class=\"kt-block-spacer kt-block-spacer-halign-center\"><hr class=\"kt-divider\"\/><\/div><\/div>\n\n\r\n\r\n\n<p>Mil\u00e1n es seguramente la ciudad m\u00e1s importante de Italia desde el punto de vista de la moda, el dise\u00f1o, los negocios y la econom\u00eda.<\/p>\r\n<p>&nbsp;<\/p>\n\n\r\n\r\n\n<p>Es una ciudad din\u00e1mica y cosmopolita que ofrece numerosas actividades culturales y de diversi\u00f3n que atraen turistas internacionales: en 2015 la ciudad de Mil\u00e1n ha sido la sede la Exposici\u00f3n Internacional.<\/p>\n\n<\/div>\n<\/div>\n\n\n<div  class=\"wp-block-ultimate-post-heading ultp-block-c8b548\"><div class=\"ultp-block-wrapper\"><div class=\"ultp-heading-wrap ultp-heading-style9 ultp-heading-center\"><h2 class=\"ultp-heading-inner\"><span>Elige tu curso en Mil\u00e1n<\/span><\/h2><\/div><\/div><\/div>\n\n<div class=\"wopb-shortcode\" data-postid=\"95371\"><div  class=\"wp-block-product-blocks-product-grid-1 wopb-block-5dc2d0 \"><div class=\"wopb-block-wrapper\"><div class=\"wopb-wrapper-main-content\"><div class=\"wopb-block-items-wrap wopb-block-row wopb-block-column-6\"><div class=\"wopb-block-item \"><div class=\"wopb-block-content-wrap\"><div class=\"wopb-block-image wopb-block-image-none\"><div class=\"wopb-product-new-meta\"><\/div><a href=\"https:\/\/www.studiainitalia.com\/es\/cursos\/cursos-de-italiano-en-italia\/italiano-en-milan\/\"><img decoding=\"async\" src=\"https:\/\/www.studiainitalia.com\/wp-content\/uploads\/2022\/04\/milano-1-300x300.jpg\" alt=\"Cursos de Italiano en Mil\u00e1n\" title=\"\"><\/a><\/div><h3 class=\"wopb-block-title\"><a title=\"Cursos de Italiano en Mil\u00e1n\"  href=\"https:\/\/www.studiainitalia.com\/es\/cursos\/cursos-de-italiano-en-italia\/italiano-en-milan\/\">Cursos de Italiano en Mil\u00e1n<\/a><\/h3><div class=\"wopb-product-price\"><span class=\"woocommerce-Price-amount amount\" aria-hidden=\"true\"><bdi>300<span class=\"woocommerce-Price-currencySymbol\">&euro;<\/span><\/bdi><\/span> <span aria-hidden=\"true\">-<\/span> <span class=\"woocommerce-Price-amount amount\" aria-hidden=\"true\"><bdi>800<span class=\"woocommerce-Price-currencySymbol\">&euro;<\/span><\/bdi><\/span><span class=\"screen-reader-text\">Rango de precios: desde 300&euro; hasta 800&euro;<\/span><\/div><div class=\"wopb-star-rating\"><span style=\"width: 99%\"><strong itemprop=\"ratingValue\" class=\"wopb-rating\">4.95<\/strong>de 5<\/span><\/div><\/div><\/div><\/div><\/div><\/div><\/div><\/div>\n\n\n\n<div class=\"wp-block-columns alignfull has-ast-global-color-2-background-color has-background is-layout-flex wp-container-core-columns-is-layout-c7ed57bb wp-block-columns-is-layout-flex\" style=\"padding: 5% 10% 5% 10%;\">\n\n<div class=\"wp-block-column is-layout-constrained wp-container-core-column-is-layout-80c0687d wp-block-column-is-layout-constrained\">\n\n<figure class=\"wp-block-image aligncenter size-full\"><img decoding=\"async\" width=\"52\" height=\"52\" class=\"wp-image-56011\" src=\"https:\/\/www.studiainitalia.com\/wp-content\/uploads\/2016\/11\/milanoppp-1.png\" alt=\"\" title=\"\"><\/figure>\n\n\r\n\r\n<div  class=\"wp-block-ultimate-post-heading ultp-block-bfab4d\"><div class=\"ultp-block-wrapper\"><div class=\"ultp-heading-wrap ultp-heading-style1 ultp-heading-center\"><h2 class=\"ultp-heading-inner\"><span>\u00bfPor qu\u00e9 Mil\u00e1n?<\/span><\/h2><\/div><\/div><\/div>\n\r\n\r\n\n<p>Mil\u00e1n ofrece la posibilidad de experimentar la vida real en una ciudad italiana disfrutando al mismo tiempo de las oportunidades culturales y para el tiempo libre disponibles durante las 24 horas del d\u00eda: bares y restaurantes a la moda, conciertos, teatros, discotecas y locales que ofrecen una infinita variedad de eventos.<\/p>\r\n<p>&nbsp;<\/p>\n\n\r\n\r\n\n<p>Unas de las m\u00e1s famosas atracciones de Mil\u00e1n son la catedral Duomo, el teatro La Scala y el fresco La \u00faltima cena de Leonardo da Vinci.<\/p>\r\n<p>&nbsp;<\/p>\n\n\r\n\r\n\n<p>Por su posici\u00f3n geogr\u00e1fica, es posible realizar interesantes excursiones alrededores hacia los lagos y los Alpes.<\/p>\n\n<\/div>\n\n\r\n\r\n\n<div class=\"wp-block-column is-layout-constrained wp-container-core-column-is-layout-80c0687d wp-block-column-is-layout-constrained\">\n\n<figure class=\"wp-block-image aligncenter size-full\"><img decoding=\"async\" width=\"50\" height=\"50\" class=\"wp-image-94147\" src=\"https:\/\/www.studiainitalia.com\/wp-content\/uploads\/2022\/09\/caelndar2-3_png_webp.png\" alt=\"\" title=\"\"><\/figure>\n\n\r\n\r\n<div  class=\"wp-block-ultimate-post-heading ultp-block-920935\"><div class=\"ultp-block-wrapper\"><div class=\"ultp-heading-wrap ultp-heading-style1 ultp-heading-center\"><h2 class=\"ultp-heading-inner\"><span>\u00bfCu\u00e1ndo ir?<\/span><\/h2><\/div><\/div><\/div>\n\r\n\r\n\n<p>El per\u00edodo mejor para visitar Mil\u00e1n es desde Abril hasta Junio o desde Septiembre hasta Octubre. En Abril la ciudad se anima con numerosos eventos gracias a la Feria internacional del Mueble.<\/p>\n\n<\/div>\n\n\r\n\r\n\n<div class=\"wp-block-column is-layout-constrained wp-container-core-column-is-layout-80c0687d wp-block-column-is-layout-constrained\">\n\n<figure class=\"wp-block-image aligncenter size-full\"><img decoding=\"async\" width=\"52\" height=\"52\" class=\"wp-image-94148\" src=\"https:\/\/www.studiainitalia.com\/wp-content\/uploads\/2022\/09\/vespa-1_png_webp.png\" alt=\"\" title=\"\"><\/figure>\n\n\r\n\r\n<div  class=\"wp-block-ultimate-post-heading ultp-block-61f462\"><div class=\"ultp-block-wrapper\"><div class=\"ultp-heading-wrap ultp-heading-style1 ultp-heading-center\"><h2 class=\"ultp-heading-inner\"><span>Transporte<\/span><\/h2><\/div><\/div><\/div>\n\r\n\r\n\n<p>Existen numerosos vuelos a los aeropuertos internacionales de Mil\u00e1n\u00a0<a href=\"https:\/\/www.milanomalpensa-airport.com\/it\/\" target=\"_blank\" rel=\"noreferrer noopener\">Malpensa<\/a>, Mil\u00e1n\u00a0<a href=\"https:\/\/www.milanolinate-airport.com\/en\/\" target=\"_blank\" rel=\"noreferrer noopener\">Linate<\/a>\u00a0y Mil\u00e1n\u00a0<a href=\"https:\/\/www.milanbergamoairport.it\/en\/\" target=\"_blank\" rel=\"noreferrer noopener\">Orio al Serio<\/a>. Podemos organizar un transfer desde estos aeropuertos hasta tu alojamiento en Mil\u00e1n.<\/p>\r\n<p>&nbsp;<\/p>\n\n\r\n\r\n\n<p>Para mayor informaci\u00f3n sobre cosas que ver y hacer durante tu curso de italiano en Mil\u00e1n, te recomendamos la gu\u00eda\u00a0<a href=\"https:\/\/www.lonelyplanet.com\/italy\/milan\" target=\"_blank\" rel=\"noreferrer noopener\">Lonely Planet Guide to Milan.<\/a><\/p>\n\n\r\n\r\n\n<p>&nbsp;<\/p>\n\n<\/div>\n\n<\/div>\n\n\n\n<div class=\"wp-block-columns alignfull are-vertically-aligned-center is-layout-flex wp-container-core-columns-is-layout-28f84493 wp-block-columns-is-layout-flex\">\n<div class=\"wp-block-column is-vertically-aligned-center is-layout-flow wp-block-column-is-layout-flow\" style=\"flex-basis:40%\">\n<figure class=\"wp-block-embed is-type-video is-provider-youtube wp-block-embed-youtube wp-embed-aspect-16-9 wp-has-aspect-ratio\"><div class=\"wp-block-embed__wrapper\">\n<iframe title=\"Milano\" width=\"500\" height=\"281\" src=\"https:\/\/www.youtube.com\/embed\/mikdHAnyD9g?feature=oembed\" frameborder=\"0\" allow=\"accelerometer; autoplay; clipboard-write; encrypted-media; gyroscope; picture-in-picture; web-share\" referrerpolicy=\"strict-origin-when-cross-origin\" allowfullscreen><\/iframe>\n<\/div><\/figure>\n<\/div>\n\n\n\n<div class=\"wp-block-column is-vertically-aligned-center is-layout-flow wp-block-column-is-layout-flow\" style=\"flex-basis:60%\"><style>.kb-google-maps-container191815_e0c463-97{height:450px;}.kb-google-maps-container191815_e0c463-97{filter:grayscale(100%);}<\/style><div class=\"kb-google-maps-container kb-google-maps-container191815_e0c463-97  wp-block-kadence-googlemaps\" data-mapid=\"191815_e0c46397\"><iframe width=\"100%\" height=\"100%\"\n\t\t\t\t\t\t\tstyle=\"border:0\" loading=\"lazy\"\n\t\t\t\t\t\t\tsrc=\"https:\/\/www.google.com\/maps\/embed\/v1\/place?key=AIzaSyBAM2o7PiQqwk15LC1XRH2e_KJ-jUa7KYk&#038;zoom=11&#038;maptype=roadmap&#038;q=Milano%2C+Italia\"\n\t\t\t\t\t\t\ttitle=\"Mapa de Google de Milano, Italia\"><\/iframe><\/div><script>function kb_google_map191815_e0c46397() { let center = { lat: 37.8201, lng: -122.4781}; let map = new google.maps.Map(document.getElementById(\"kb-google-map191815_e0c46397\"), {\n\t\t\t\t\t    zoom: 11,\n\t\t\t\t\t    center: center,});let marker = new google.maps.Marker({   position: { lat: 37.8201, lng: -122.4781},    map: map,  });}<\/script><\/div>\n<\/div>\n","protected":false},"excerpt":{"rendered":"<p>Mil\u00e1n es seguramente la ciudad m\u00e1s importante de Italia desde el punto de vista de la moda, el dise\u00f1o, los negocios y la econom\u00eda. &nbsp; Es una ciudad din\u00e1mica y cosmopolita que ofrece numerosas actividades culturales y de diversi\u00f3n que atraen turistas internacionales: en 2015 la ciudad de Mil\u00e1n ha sido la sede la Exposici\u00f3n [&hellip;]<\/p>\n","protected":false},"author":132,"featured_media":0,"parent":191779,"menu_order":61,"comment_status":"closed","ping_status":"closed","template":"","meta":{"_acf_changed":false,"_uag_custom_page_level_css":"","_kad_blocks_custom_css":"","_kad_blocks_head_custom_js":"","_kad_blocks_body_custom_js":"","_kad_blocks_footer_custom_js":"","site-sidebar-layout":"default","site-content-layout":"","ast-site-content-layout":"default","site-content-style":"default","site-sidebar-style":"default","ast-global-header-display":"","ast-banner-title-visibility":"","ast-main-header-display":"","ast-hfb-above-header-display":"","ast-hfb-below-header-display":"","ast-hfb-mobile-header-display":"","site-post-title":"disabled","ast-breadcrumbs-content":"","ast-featured-img":"","footer-sml-layout":"","ast-disable-related-posts":"","theme-transparent-header-meta":"","adv-header-id-meta":"","stick-header-meta":"","header-above-stick-meta":"","header-main-stick-meta":"","header-below-stick-meta":"","astra-migrate-meta-layouts":"set","ast-page-background-enabled":"default","ast-page-background-meta":{"desktop":{"background-color":"var(--ast-global-color-4)","background-image":"","background-repeat":"repeat","background-position":"center center","background-size":"auto","background-attachment":"scroll","background-type":"","background-media":"","overlay-type":"","overlay-color":"","overlay-opacity":"","overlay-gradient":""},"tablet":{"background-color":"","background-image":"","background-repeat":"repeat","background-position":"center center","background-size":"auto","background-attachment":"scroll","background-type":"","background-media":"","overlay-type":"","overlay-color":"","overlay-opacity":"","overlay-gradient":""},"mobile":{"background-color":"","background-image":"","background-repeat":"repeat","background-position":"center center","background-size":"auto","background-attachment":"scroll","background-type":"","background-media":"","overlay-type":"","overlay-color":"","overlay-opacity":"","overlay-gradient":""}},"ast-content-background-meta":{"desktop":{"background-color":"var(--ast-global-color-5)","background-image":"","background-repeat":"repeat","background-position":"center center","background-size":"auto","background-attachment":"scroll","background-type":"","background-media":"","overlay-type":"","overlay-color":"","overlay-opacity":"","overlay-gradient":""},"tablet":{"background-color":"var(--ast-global-color-5)","background-image":"","background-repeat":"repeat","background-position":"center center","background-size":"auto","background-attachment":"scroll","background-type":"","background-media":"","overlay-type":"","overlay-color":"","overlay-opacity":"","overlay-gradient":""},"mobile":{"background-color":"var(--ast-global-color-5)","background-image":"","background-repeat":"repeat","background-position":"center center","background-size":"auto","background-attachment":"scroll","background-type":"","background-media":"","overlay-type":"","overlay-color":"","overlay-opacity":"","overlay-gradient":""}},"footnotes":""},"class_list":["post-191815","page","type-page","status-publish","hentry"],"acf":[],"taxonomy_info":[],"featured_image_src_large":false,"author_info":{"display_name":"Jordi Torres","author_link":"https:\/\/www.studiainitalia.com\/es\/author\/creativa\/"},"comment_info":0,"uagb_featured_image_src":{"full":false,"thumbnail":false,"medium":false,"medium_large":false,"large":false,"1536x1536":false,"2048x2048":false,"ultp_layout_landscape_large":false,"ultp_layout_landscape":false,"ultp_layout_portrait":false,"ultp_layout_square":false,"gform-image-choice-sm":false,"gform-image-choice-md":false,"gform-image-choice-lg":false,"woocommerce_thumbnail":false,"woocommerce_single":false,"woocommerce_gallery_thumbnail":false,"yarpp-thumbnail":false},"uagb_author_info":{"display_name":"Jordi Torres","author_link":"https:\/\/www.studiainitalia.com\/es\/author\/creativa\/"},"uagb_comment_info":0,"uagb_excerpt":"Mil\u00e1n es seguramente la ciudad m\u00e1s importante de Italia desde el punto de vista de la moda, el dise\u00f1o, los negocios y la econom\u00eda. &nbsp; Es una ciudad din\u00e1mica y cosmopolita que ofrece numerosas actividades culturales y de diversi\u00f3n que atraen turistas internacionales: en 2015 la ciudad de Mil\u00e1n ha sido la sede la Exposici\u00f3n&hellip;","_links":{"self":[{"href":"https:\/\/www.studiainitalia.com\/es\/wp-json\/wp\/v2\/pages\/191815","targetHints":{"allow":["GET"]}}],"collection":[{"href":"https:\/\/www.studiainitalia.com\/es\/wp-json\/wp\/v2\/pages"}],"about":[{"href":"https:\/\/www.studiainitalia.com\/es\/wp-json\/wp\/v2\/types\/page"}],"author":[{"embeddable":true,"href":"https:\/\/www.studiainitalia.com\/es\/wp-json\/wp\/v2\/users\/132"}],"replies":[{"embeddable":true,"href":"https:\/\/www.studiainitalia.com\/es\/wp-json\/wp\/v2\/comments?post=191815"}],"version-history":[{"count":0,"href":"https:\/\/www.studiainitalia.com\/es\/wp-json\/wp\/v2\/pages\/191815\/revisions"}],"up":[{"embeddable":true,"href":"https:\/\/www.studiainitalia.com\/es\/wp-json\/wp\/v2\/pages\/191779"}],"wp:attachment":[{"href":"https:\/\/www.studiainitalia.com\/es\/wp-json\/wp\/v2\/media?parent=191815"}],"curies":[{"name":"wp","href":"https:\/\/api.w.org\/{rel}","templated":true}]}}