{"id":191828,"date":"2022-09-27T09:14:43","date_gmt":"2022-09-27T07:14:43","guid":{"rendered":"https:\/\/www.studiainitalia.com\/?page_id=191828"},"modified":"2025-12-13T14:27:58","modified_gmt":"2025-12-13T13:27:58","slug":"cursos-en-napoles","status":"publish","type":"page","link":"https:\/\/www.studiainitalia.com\/es\/destinos\/cursos-en-napoles\/","title":{"rendered":"N\u00e1poles"},"content":{"rendered":"\n<div class=\"wp-block-columns alignfull has-ast-global-color-2-background-color has-background is-layout-flex wp-container-core-columns-is-layout-c6bc58be wp-block-columns-is-layout-flex\" style=\"padding-top:0px;padding-right:0px;padding-bottom:0px;padding-left:0px\">\n<div class=\"wp-block-column is-layout-flow wp-block-column-is-layout-flow\" style=\"flex-basis:60%\">\n<div class=\"wp-block-cover alignfull\" style=\"min-height:685px;aspect-ratio:unset;\"><img decoding=\"async\" width=\"640\" height=\"426\" class=\"wp-block-cover__image-background wp-image-94199\" alt=\"cursos de italiano en N\u00e1poles\" src=\"https:\/\/www.studiainitalia.com\/wp-content\/uploads\/2022\/09\/learn-italian-in-naples_jpg.jpg\" data-object-fit=\"cover\" title=\"\" srcset=\"https:\/\/www.studiainitalia.com\/wp-content\/uploads\/2022\/09\/learn-italian-in-naples_jpg.jpg 640w, https:\/\/www.studiainitalia.com\/wp-content\/uploads\/2022\/09\/learn-italian-in-naples_jpg-400x266.jpg 400w\" sizes=\"(max-width: 640px) 100vw, 640px\" \/><span aria-hidden=\"true\" class=\"wp-block-cover__background has-background-dim\"><\/span><div class=\"wp-block-cover__inner-container is-layout-flow wp-block-cover-is-layout-flow\">\n<h1 class=\"wp-block-heading has-text-align-center\" style=\"font-size:32px\">Cursos en N\u00e1poles<\/h1>\n<\/div><\/div>\n<\/div>\n\n\n\n<div class=\"wp-block-column is-layout-flow wp-block-column-is-layout-flow\" style=\"flex-basis: 40%; padding: 6%;\">\n<div  class=\"wp-block-ultimate-post-heading ultp-block-707531\"><div class=\"ultp-block-wrapper\"><div class=\"ultp-heading-wrap ultp-heading-style9 ultp-heading-left\"><h2 class=\"ultp-heading-inner\"><span>N\u00c1POLES<\/span><\/h2><\/div><\/div><\/div>\n\r\n\r\n<style>.wp-block-kadence-spacer.kt-block-spacer-_03022e-64 .kt-block-spacer{height:10px;}.wp-block-kadence-spacer.kt-block-spacer-_03022e-64 .kt-divider{border-top-width:1px;height:1px;border-top-color:var(--ast-global-color-1);width:100%;border-top-style:solid;}<\/style>\n<div class=\"wp-block-kadence-spacer aligncenter kt-block-spacer-_03022e-64\"><div class=\"kt-block-spacer kt-block-spacer-halign-center\"><hr class=\"kt-divider\"\/><\/div><\/div>\n\n\r\n\r\n\n<p>N\u00e1poles es la ciudad principal de la regi\u00f3n Campania, en el Sur de Italia. Durante los \u00faltimos a\u00f1os la ciudad de N\u00e1poles se ha convertido en uno de los destinos favoritos de los turistas internacionales.<\/p>\r\n<p>&nbsp;<\/p>\n\n\r\n\r\n\n<p>De hecho, N\u00e1poles es sin\u00f3nimo de buena comida, simpat\u00eda y diversi\u00f3n. La pizza en N\u00e1poles est\u00e1 reconocida como la mejor pizza en Italia y el perfume de las numerosas pizzerias de la ciudad llena las calles del centro.<\/p>\r\n<p>&nbsp;<\/p>\n\n\r\n\r\n\n<p>Gracias a su posici\u00f3n, N\u00e1poles es una ciudad por todas las estaciones.<\/p>\n\n<\/div>\n<\/div>\n\n\n<div  class=\"wp-block-ultimate-post-heading ultp-block-d7639b\"><div class=\"ultp-block-wrapper\"><div class=\"ultp-heading-wrap ultp-heading-style9 ultp-heading-center\"><h2 class=\"ultp-heading-inner\"><span>Elige tu curso en N\u00e1poles<\/span><\/h2><\/div><\/div><\/div>\n\n<div class=\"wopb-shortcode\" data-postid=\"95373\"><div  class=\"wp-block-product-blocks-product-grid-1 wopb-block-06d3d9 \"><div class=\"wopb-block-wrapper\"><div class=\"wopb-wrapper-main-content\"><div class=\"wopb-block-items-wrap wopb-block-row wopb-block-column-6\"><div class=\"wopb-block-item \"><div class=\"wopb-block-content-wrap\"><div class=\"wopb-block-image wopb-block-image-none\"><div class=\"wopb-product-new-meta\"><\/div><a href=\"https:\/\/www.studiainitalia.com\/es\/cursos\/cursos-de-italiano-en-italia\/italiano-en-napoles\/\"><img decoding=\"async\" src=\"https:\/\/www.studiainitalia.com\/wp-content\/uploads\/2016\/11\/learn-italian-in-naples-e1490029532776-300x300.jpg\" alt=\"Cursos de Italiano en N\u00e1poles\" title=\"\"><\/a><\/div><h3 class=\"wopb-block-title\"><a title=\"Cursos de Italiano en N\u00e1poles\"  href=\"https:\/\/www.studiainitalia.com\/es\/cursos\/cursos-de-italiano-en-italia\/italiano-en-napoles\/\">Cursos de Italiano en N\u00e1poles<\/a><\/h3><div class=\"wopb-product-price\"><span class=\"woocommerce-Price-amount amount\" aria-hidden=\"true\"><bdi>325<span class=\"woocommerce-Price-currencySymbol\">&euro;<\/span><\/bdi><\/span> <span aria-hidden=\"true\">-<\/span> <span class=\"woocommerce-Price-amount amount\" aria-hidden=\"true\"><bdi>795<span class=\"woocommerce-Price-currencySymbol\">&euro;<\/span><\/bdi><\/span><span class=\"screen-reader-text\">Rango de precios: desde 325&euro; hasta 795&euro;<\/span><\/div><div class=\"wopb-star-rating\"><span style=\"width: 96.8%\"><strong itemprop=\"ratingValue\" class=\"wopb-rating\">4.84<\/strong>de 5<\/span><\/div><\/div><\/div><\/div><\/div><\/div><\/div><\/div>\n\n\n\n<div class=\"wp-block-columns alignfull has-ast-global-color-2-background-color has-background is-layout-flex wp-container-core-columns-is-layout-c7ed57bb wp-block-columns-is-layout-flex\" style=\"padding: 5% 10% 5% 10%;\">\n\n<div class=\"wp-block-column is-layout-constrained wp-container-core-column-is-layout-80c0687d wp-block-column-is-layout-constrained\">\n\n<figure class=\"wp-block-image aligncenter size-full\"><img decoding=\"async\" width=\"52\" height=\"52\" class=\"wp-image-85679\" src=\"https:\/\/www.studiainitalia.com\/wp-content\/uploads\/2016\/11\/napolinnnnnn.png\" alt=\"\" title=\"\"><\/figure>\n\n\r\n\r\n<div  class=\"wp-block-ultimate-post-heading ultp-block-932c68\"><div class=\"ultp-block-wrapper\"><div class=\"ultp-heading-wrap ultp-heading-style1 ultp-heading-center\"><h2 class=\"ultp-heading-inner\"><span>\u00bfPor qu\u00e9 N\u00e1poles?<\/span><\/h2><\/div><\/div><\/div>\n\r\n\r\n\n<p>N\u00e1poles es una ciudad ideal para ser descubierta paseando. Es m\u00e1s peque\u00f1a que Roma o Mil\u00e1n y por eso es m\u00e1s manejable.<\/p>\n\n\r\n\r\n\n<p>La ciudad est\u00e1 divida entre barrios, cada uno con su propio estilo y encanto y por eso N\u00e1poles ofrece algo que se adapta a todos los gustos. De hecho, hay as\u00ed tantas cosas que ver que N\u00e1poles est\u00e1 considerada como un museo al aire libre.<\/p>\r\n<p>&nbsp;<\/p>\n\n\r\n\r\n\n<p>Adem\u00e1s, la ciudad de N\u00e1poles es la base ideal para visitar la Costa de Amalfi y sus maravillosas ciudades y playas as\u00ed como los sitios arqueol\u00f3gicos de Pompeya y Herculano.<\/p>\n\n<\/div>\n\n\r\n\r\n\n<div class=\"wp-block-column is-layout-constrained wp-container-core-column-is-layout-80c0687d wp-block-column-is-layout-constrained\">\n\n<figure class=\"wp-block-image aligncenter size-full\"><img decoding=\"async\" width=\"50\" height=\"50\" class=\"wp-image-94147\" src=\"https:\/\/www.studiainitalia.com\/wp-content\/uploads\/2022\/09\/caelndar2-3_png_webp.png\" alt=\"\" title=\"\"><\/figure>\n\n\r\n\r\n<div  class=\"wp-block-ultimate-post-heading ultp-block-bc6dd2\"><div class=\"ultp-block-wrapper\"><div class=\"ultp-heading-wrap ultp-heading-style1 ultp-heading-center\"><h2 class=\"ultp-heading-inner\"><span>\u00bfCu\u00e1ndo ir?<\/span><\/h2><\/div><\/div><\/div>\n\r\n\r\n\n<p>Las temperaturas en N\u00e1poles son agradables todo el a\u00f1o y tambi\u00e9n en primavera y oto\u00f1o.<\/p>\n\n\r\n\r\n\n<p>La Semana Santa y las fiestas navide\u00f1as son importantes celebraciones para la ciudad que ofrece numerosos eventos tradicionales.<\/p>\n\n<\/div>\n\n\r\n\r\n\n<div class=\"wp-block-column is-layout-constrained wp-container-core-column-is-layout-80c0687d wp-block-column-is-layout-constrained\">\n\n<figure class=\"wp-block-image aligncenter size-full\"><img decoding=\"async\" width=\"52\" height=\"52\" class=\"wp-image-94148\" src=\"https:\/\/www.studiainitalia.com\/wp-content\/uploads\/2022\/09\/vespa-1_png_webp.png\" alt=\"\" title=\"\"><\/figure>\n\n\r\n\r\n<div  class=\"wp-block-ultimate-post-heading ultp-block-0190af\"><div class=\"ultp-block-wrapper\"><div class=\"ultp-heading-wrap ultp-heading-style1 ultp-heading-center\"><h2 class=\"ultp-heading-inner\"><span>Transporte<\/span><\/h2><\/div><\/div><\/div>\n\r\n\r\n\n<p>Existen numerosos vuelos al aeropuerto internacional de N\u00e1poles\u00a0<a href=\"https:\/\/www.aeroportodinapoli.it\/homepage\" target=\"_blank\" rel=\"noreferrer noopener\">Capodichino<\/a>. Podemos organizar un transfer desde el aeropuerto hasta tu alojamiento en N\u00e1poles.<\/p>\n\n\r\n\r\n\n<p>Para mayor informaci\u00f3n sobre cosas que ver y hacer durante tu curso de italiano en N\u00e1poles, te recomendamos la gu\u00eda\u00a0<a href=\"https:\/\/www.lonelyplanet.com\/italy\/campania\/naples\" target=\"_blank\" rel=\"noreferrer noopener\">Lonely Planet Guide to Naples.<\/a><\/p>\n\n<\/div>\n\n<\/div>\n\n\n\n<div class=\"wp-block-columns alignfull are-vertically-aligned-center is-layout-flex wp-container-core-columns-is-layout-28f84493 wp-block-columns-is-layout-flex\">\n<div class=\"wp-block-column is-vertically-aligned-center is-layout-flow wp-block-column-is-layout-flow\" style=\"flex-basis:40%\">\n<figure class=\"wp-block-embed is-type-video is-provider-youtube wp-block-embed-youtube wp-embed-aspect-16-9 wp-has-aspect-ratio\"><div class=\"wp-block-embed__wrapper\">\n<iframe title=\"Napoli, non un luogo comune: il nuovo video del Comune di Napoli\" width=\"500\" height=\"281\" src=\"https:\/\/www.youtube.com\/embed\/ZgmtRHtxUAM?feature=oembed\" frameborder=\"0\" allow=\"accelerometer; autoplay; clipboard-write; encrypted-media; gyroscope; picture-in-picture; web-share\" referrerpolicy=\"strict-origin-when-cross-origin\" allowfullscreen><\/iframe>\n<\/div><\/figure>\n<\/div>\n\n\n\n<div class=\"wp-block-column is-vertically-aligned-center is-layout-flow wp-block-column-is-layout-flow\" style=\"flex-basis:60%\"><style>.kb-google-maps-container191828_e474a0-44{height:450px;}.kb-google-maps-container191828_e474a0-44{filter:grayscale(100%);}<\/style><div class=\"kb-google-maps-container kb-google-maps-container191828_e474a0-44  wp-block-kadence-googlemaps\" data-mapid=\"191828_e474a044\"><iframe width=\"100%\" height=\"100%\"\n\t\t\t\t\t\t\tstyle=\"border:0\" loading=\"lazy\"\n\t\t\t\t\t\t\tsrc=\"https:\/\/www.google.com\/maps\/embed\/v1\/place?key=AIzaSyBAM2o7PiQqwk15LC1XRH2e_KJ-jUa7KYk&#038;zoom=11&#038;maptype=roadmap&#038;q=Napoli%2C+Italia\"\n\t\t\t\t\t\t\ttitle=\"Mapa de Google de Napoli, Italia\"><\/iframe><\/div><script>function kb_google_map191828_e474a044() { let center = { lat: 37.8201, lng: -122.4781}; let map = new google.maps.Map(document.getElementById(\"kb-google-map191828_e474a044\"), {\n\t\t\t\t\t    zoom: 11,\n\t\t\t\t\t    center: center,});let marker = new google.maps.Marker({   position: { lat: 37.8201, lng: -122.4781},    map: map,  });}<\/script><\/div>\n<\/div>\n","protected":false},"excerpt":{"rendered":"<p>N\u00e1poles es la ciudad principal de la regi\u00f3n Campania, en el Sur de Italia. Durante los \u00faltimos a\u00f1os la ciudad de N\u00e1poles se ha convertido en uno de los destinos favoritos de los turistas internacionales. &nbsp; De hecho, N\u00e1poles es sin\u00f3nimo de buena comida, simpat\u00eda y diversi\u00f3n. La pizza en N\u00e1poles est\u00e1 reconocida como la [&hellip;]<\/p>\n","protected":false},"author":132,"featured_media":0,"parent":191779,"menu_order":61,"comment_status":"closed","ping_status":"closed","template":"","meta":{"_acf_changed":false,"_uag_custom_page_level_css":"","_kad_blocks_custom_css":"","_kad_blocks_head_custom_js":"","_kad_blocks_body_custom_js":"","_kad_blocks_footer_custom_js":"","site-sidebar-layout":"default","site-content-layout":"","ast-site-content-layout":"default","site-content-style":"default","site-sidebar-style":"default","ast-global-header-display":"","ast-banner-title-visibility":"","ast-main-header-display":"","ast-hfb-above-header-display":"","ast-hfb-below-header-display":"","ast-hfb-mobile-header-display":"","site-post-title":"disabled","ast-breadcrumbs-content":"","ast-featured-img":"","footer-sml-layout":"","ast-disable-related-posts":"","theme-transparent-header-meta":"","adv-header-id-meta":"","stick-header-meta":"","header-above-stick-meta":"","header-main-stick-meta":"","header-below-stick-meta":"","astra-migrate-meta-layouts":"set","ast-page-background-enabled":"default","ast-page-background-meta":{"desktop":{"background-color":"var(--ast-global-color-4)","background-image":"","background-repeat":"repeat","background-position":"center center","background-size":"auto","background-attachment":"scroll","background-type":"","background-media":"","overlay-type":"","overlay-color":"","overlay-opacity":"","overlay-gradient":""},"tablet":{"background-color":"","background-image":"","background-repeat":"repeat","background-position":"center center","background-size":"auto","background-attachment":"scroll","background-type":"","background-media":"","overlay-type":"","overlay-color":"","overlay-opacity":"","overlay-gradient":""},"mobile":{"background-color":"","background-image":"","background-repeat":"repeat","background-position":"center center","background-size":"auto","background-attachment":"scroll","background-type":"","background-media":"","overlay-type":"","overlay-color":"","overlay-opacity":"","overlay-gradient":""}},"ast-content-background-meta":{"desktop":{"background-color":"var(--ast-global-color-5)","background-image":"","background-repeat":"repeat","background-position":"center center","background-size":"auto","background-attachment":"scroll","background-type":"","background-media":"","overlay-type":"","overlay-color":"","overlay-opacity":"","overlay-gradient":""},"tablet":{"background-color":"var(--ast-global-color-5)","background-image":"","background-repeat":"repeat","background-position":"center center","background-size":"auto","background-attachment":"scroll","background-type":"","background-media":"","overlay-type":"","overlay-color":"","overlay-opacity":"","overlay-gradient":""},"mobile":{"background-color":"var(--ast-global-color-5)","background-image":"","background-repeat":"repeat","background-position":"center center","background-size":"auto","background-attachment":"scroll","background-type":"","background-media":"","overlay-type":"","overlay-color":"","overlay-opacity":"","overlay-gradient":""}},"footnotes":""},"class_list":["post-191828","page","type-page","status-publish","hentry"],"acf":[],"taxonomy_info":[],"featured_image_src_large":false,"author_info":{"display_name":"Jordi Torres","author_link":"https:\/\/www.studiainitalia.com\/es\/author\/creativa\/"},"comment_info":0,"uagb_featured_image_src":{"full":false,"thumbnail":false,"medium":false,"medium_large":false,"large":false,"1536x1536":false,"2048x2048":false,"ultp_layout_landscape_large":false,"ultp_layout_landscape":false,"ultp_layout_portrait":false,"ultp_layout_square":false,"gform-image-choice-sm":false,"gform-image-choice-md":false,"gform-image-choice-lg":false,"woocommerce_thumbnail":false,"woocommerce_single":false,"woocommerce_gallery_thumbnail":false,"yarpp-thumbnail":false},"uagb_author_info":{"display_name":"Jordi Torres","author_link":"https:\/\/www.studiainitalia.com\/es\/author\/creativa\/"},"uagb_comment_info":0,"uagb_excerpt":"N\u00e1poles es la ciudad principal de la regi\u00f3n Campania, en el Sur de Italia. Durante los \u00faltimos a\u00f1os la ciudad de N\u00e1poles se ha convertido en uno de los destinos favoritos de los turistas internacionales. &nbsp; De hecho, N\u00e1poles es sin\u00f3nimo de buena comida, simpat\u00eda y diversi\u00f3n. La pizza en N\u00e1poles est\u00e1 reconocida como la&hellip;","_links":{"self":[{"href":"https:\/\/www.studiainitalia.com\/es\/wp-json\/wp\/v2\/pages\/191828","targetHints":{"allow":["GET"]}}],"collection":[{"href":"https:\/\/www.studiainitalia.com\/es\/wp-json\/wp\/v2\/pages"}],"about":[{"href":"https:\/\/www.studiainitalia.com\/es\/wp-json\/wp\/v2\/types\/page"}],"author":[{"embeddable":true,"href":"https:\/\/www.studiainitalia.com\/es\/wp-json\/wp\/v2\/users\/132"}],"replies":[{"embeddable":true,"href":"https:\/\/www.studiainitalia.com\/es\/wp-json\/wp\/v2\/comments?post=191828"}],"version-history":[{"count":0,"href":"https:\/\/www.studiainitalia.com\/es\/wp-json\/wp\/v2\/pages\/191828\/revisions"}],"up":[{"embeddable":true,"href":"https:\/\/www.studiainitalia.com\/es\/wp-json\/wp\/v2\/pages\/191779"}],"wp:attachment":[{"href":"https:\/\/www.studiainitalia.com\/es\/wp-json\/wp\/v2\/media?parent=191828"}],"curies":[{"name":"wp","href":"https:\/\/api.w.org\/{rel}","templated":true}]}}