{"id":191864,"date":"2023-06-16T20:33:01","date_gmt":"2023-06-16T18:33:01","guid":{"rendered":"https:\/\/www.studiainitalia.com\/?page_id=191864"},"modified":"2024-01-15T19:27:18","modified_gmt":"2024-01-15T18:27:18","slug":"cursos-en-roma","status":"publish","type":"page","link":"https:\/\/www.studiainitalia.com\/es\/destinos\/cursos-en-roma\/","title":{"rendered":"Roma"},"content":{"rendered":"\n<div class=\"wp-block-columns alignfull has-ast-global-color-2-background-color has-background is-layout-flex wp-container-core-columns-is-layout-c6bc58be wp-block-columns-is-layout-flex\" style=\"padding-top:0px;padding-right:0px;padding-bottom:0px;padding-left:0px\">\n<div class=\"wp-block-column is-layout-flow wp-block-column-is-layout-flow\" style=\"flex-basis:60%\">\n<div class=\"wp-block-cover alignfull\" style=\"min-height:685px;aspect-ratio:unset;\"><span aria-hidden=\"true\" class=\"wp-block-cover__background has-background-dim\"><\/span><img decoding=\"async\" width=\"640\" height=\"458\" class=\"wp-block-cover__image-background wp-image-94205\" alt=\"cursos de italiano en Roma\" src=\"https:\/\/www.studiainitalia.com\/wp-content\/uploads\/2022\/09\/courses-in-rome_jpg.jpg\" data-object-fit=\"cover\" title=\"\" srcset=\"https:\/\/www.studiainitalia.com\/wp-content\/uploads\/2022\/09\/courses-in-rome_jpg.jpg 640w, https:\/\/www.studiainitalia.com\/wp-content\/uploads\/2022\/09\/courses-in-rome_jpg-400x286.jpg 400w\" sizes=\"(max-width: 640px) 100vw, 640px\" \/><div class=\"wp-block-cover__inner-container is-layout-flow wp-block-cover-is-layout-flow\">\n<h1 class=\"wp-block-heading has-text-align-center\" style=\"font-size:32px\">Cursos en Roma<\/h1>\n<\/div><\/div>\n<\/div>\n\n\n\n<div class=\"wp-block-column is-layout-flow wp-block-column-is-layout-flow\" style=\"padding-top:6%;padding-right:6%;padding-bottom:6%;padding-left:6%;flex-basis:40%\"><div  class=\"wp-block-ultimate-post-heading ultp-block-4798dd\"><div class=\"ultp-block-wrapper\"><div class=\"ultp-heading-wrap ultp-heading-style9 ultp-heading-left\"><h2 class=\"ultp-heading-inner\"><span>ESTUDIAR ITALIANO EN ROMA<\/span><\/h2><\/div><\/div><\/div>\n\n<style>.wp-block-kadence-spacer.kt-block-spacer-_03022e-64 .kt-block-spacer{height:10px;}.wp-block-kadence-spacer.kt-block-spacer-_03022e-64 .kt-divider{border-top-width:1px;height:1px;border-top-color:var(--ast-global-color-1);width:100%;border-top-style:solid;}<\/style>\n<div class=\"wp-block-kadence-spacer aligncenter kt-block-spacer-_03022e-64\"><div class=\"kt-block-spacer kt-block-spacer-halign-center\"><hr class=\"kt-divider\"\/><\/div><\/div>\n\n\n\n<p>Roma es la capital de Italia y la ciudad m\u00e1s grande y populosa del Pa\u00eds.<\/p>\n\n\n\n<p>Hoy en d\u00eda Roma es una ciudad moderna y una metr\u00f3polis que ofrece a sus visitantes muchas cosas que ver y hacer.<\/p>\n\n\n<style>.kadence-column191864_161274-29 > .kt-inside-inner-col,.kadence-column191864_161274-29 > .kt-inside-inner-col:before{border-top-left-radius:0px;border-top-right-radius:0px;border-bottom-right-radius:0px;border-bottom-left-radius:0px;}.kadence-column191864_161274-29 > .kt-inside-inner-col{column-gap:var(--global-kb-gap-sm, 1rem);}.kadence-column191864_161274-29 > .kt-inside-inner-col{flex-direction:column;}.kadence-column191864_161274-29 > .kt-inside-inner-col > .aligncenter{width:100%;}.kadence-column191864_161274-29 > .kt-inside-inner-col:before{opacity:0.3;}.kadence-column191864_161274-29{position:relative;}@media all and (max-width: 1024px){.kadence-column191864_161274-29 > .kt-inside-inner-col{flex-direction:column;justify-content:center;}}@media all and (max-width: 767px){.kadence-column191864_161274-29 > .kt-inside-inner-col{flex-direction:column;justify-content:center;}}<\/style>\n<div class=\"wp-block-kadence-column kadence-column191864_161274-29\"><div class=\"kt-inside-inner-col\"><\/div><\/div>\n\n\n\n<p>La variedad hist\u00f3rica y la magnificencia de sus monumentos son conocidos en todo el mundo y las posibilidades de disfrutar de su belleza, historia y estilo de vida son infinitas y al mismo tiempo la suavidad del clima favorece la visita a Roma durante todo el a\u00f1o.<\/p>\n<\/div>\n<\/div>\n\n\n<div  class=\"wp-block-ultimate-post-heading ultp-block-992a81\"><div class=\"ultp-block-wrapper\"><div class=\"ultp-heading-wrap ultp-heading-style9 ultp-heading-center\"><h2 class=\"ultp-heading-inner\"><span>Elige tu curso en Roma<\/span><\/h2><\/div><\/div><\/div>\n\n<div class=\"wopb-shortcode\" data-postid=\"95374\"><div  class=\"wp-block-product-blocks-product-grid-1 wopb-block-7452ae \"><div class=\"wopb-block-wrapper\"><div class=\"wopb-wrapper-main-content\"><div class=\"wopb-block-items-wrap wopb-block-row wopb-block-column-6\"><div class=\"wopb-block-item \"><div class=\"wopb-block-content-wrap\"><div class=\"wopb-block-image wopb-block-image-none\"><div class=\"wopb-product-new-meta\"><\/div><a href=\"https:\/\/www.studiainitalia.com\/es\/cursos\/cursos-en-roma\/curso-de-historia-del-arte-en-roma\/\"><img decoding=\"async\" src=\"https:\/\/www.studiainitalia.com\/wp-content\/uploads\/2020\/10\/foto-curso-roma-300x300.jpg\" alt=\"Curso de Historia del Arte en Roma\" title=\"\"><\/a><\/div><h3 class=\"wopb-block-title\"><a title=\"Curso de Historia del Arte en Roma\"  href=\"https:\/\/www.studiainitalia.com\/es\/cursos\/cursos-en-roma\/curso-de-historia-del-arte-en-roma\/\">Curso de Historia del Arte en Roma<\/a><\/h3><div class=\"wopb-product-price\"><span class=\"woocommerce-Price-amount amount\"><bdi>900<span class=\"woocommerce-Price-currencySymbol\">&euro;<\/span><\/bdi><\/span><\/div><div class=\"wopb-star-rating\"><span style=\"width: 100%\"><strong itemprop=\"ratingValue\" class=\"wopb-rating\">5.00<\/strong>de 5<\/span><\/div><\/div><\/div><div class=\"wopb-block-item \"><div class=\"wopb-block-content-wrap\"><div class=\"wopb-block-image wopb-block-image-none\"><div class=\"wopb-product-new-meta\"><\/div><a href=\"https:\/\/www.studiainitalia.com\/es\/cursos\/cursos-de-italiano-en-italia\/italiano-en-roma\/\"><img decoding=\"async\" src=\"https:\/\/www.studiainitalia.com\/wp-content\/uploads\/2016\/11\/learn-italian-in-rome-e1490027930226-300x300.jpg\" alt=\"Cursos de Italiano en Roma\" title=\"\"><\/a><\/div><h3 class=\"wopb-block-title\"><a title=\"Cursos de Italiano en Roma\"  href=\"https:\/\/www.studiainitalia.com\/es\/cursos\/cursos-de-italiano-en-italia\/italiano-en-roma\/\">Cursos de Italiano en Roma<\/a><\/h3><div class=\"wopb-product-price\"><span class=\"woocommerce-Price-amount amount\" aria-hidden=\"true\"><bdi>320<span class=\"woocommerce-Price-currencySymbol\">&euro;<\/span><\/bdi><\/span> <span aria-hidden=\"true\">-<\/span> <span class=\"woocommerce-Price-amount amount\" aria-hidden=\"true\"><bdi>820<span class=\"woocommerce-Price-currencySymbol\">&euro;<\/span><\/bdi><\/span><span class=\"screen-reader-text\">Rango de precios: desde 320&euro; hasta 820&euro;<\/span><\/div><div class=\"wopb-star-rating\"><span style=\"width: 96.6%\"><strong itemprop=\"ratingValue\" class=\"wopb-rating\">4.83<\/strong>de 5<\/span><\/div><\/div><\/div><\/div><\/div><\/div><\/div><\/div>\n\n\n\n<div class=\"wp-block-columns alignfull has-ast-global-color-2-background-color has-background is-layout-flex wp-container-core-columns-is-layout-c7ed57bb wp-block-columns-is-layout-flex\" style=\"padding-top:5%;padding-right:10%;padding-bottom:5%;padding-left:10%\">\n<div class=\"wp-block-column is-layout-constrained wp-container-core-column-is-layout-80c0687d wp-block-column-is-layout-constrained\">\n<figure class=\"wp-block-image aligncenter size-full\"><img decoding=\"async\" width=\"52\" height=\"52\" src=\"https:\/\/www.studiainitalia.com\/wp-content\/uploads\/2016\/11\/rommmmme-2.png\" alt=\"\" class=\"wp-image-56030\" title=\"\"><\/figure>\n\n\n<div  class=\"wp-block-ultimate-post-heading ultp-block-308ce8\"><div class=\"ultp-block-wrapper\"><div class=\"ultp-heading-wrap ultp-heading-style1 ultp-heading-center\"><h2 class=\"ultp-heading-inner\"><span>\u00bfPor qu\u00e9 Roma?<\/span><\/h2><\/div><\/div><\/div>\n\n\n<p>Obras de arquitectura, escultura y pintura de famosos artistas como Michelangelo, Raffaello, Bernini, Caravaggio son una presencia real en Roma.<\/p>\n\n\n\n<p>Adem\u00e1s en la ciudad existen numerosos barrios cada uno con su propia especialidad y caracter\u00edstica.<\/p>\n\n\n<style>.kadence-column191864_67102b-6c > .kt-inside-inner-col,.kadence-column191864_67102b-6c > .kt-inside-inner-col:before{border-top-left-radius:0px;border-top-right-radius:0px;border-bottom-right-radius:0px;border-bottom-left-radius:0px;}.kadence-column191864_67102b-6c > .kt-inside-inner-col{column-gap:var(--global-kb-gap-sm, 1rem);}.kadence-column191864_67102b-6c > .kt-inside-inner-col{flex-direction:column;}.kadence-column191864_67102b-6c > .kt-inside-inner-col > .aligncenter{width:100%;}.kadence-column191864_67102b-6c > .kt-inside-inner-col:before{opacity:0.3;}.kadence-column191864_67102b-6c{position:relative;}@media all and (max-width: 1024px){.kadence-column191864_67102b-6c > .kt-inside-inner-col{flex-direction:column;justify-content:center;}}@media all and (max-width: 767px){.kadence-column191864_67102b-6c > .kt-inside-inner-col{flex-direction:column;justify-content:center;}}<\/style>\n<div class=\"wp-block-kadence-column kadence-column191864_67102b-6c\"><div class=\"kt-inside-inner-col\"><\/div><\/div>\n\n\n\n<p>La capital de Italia es una ciudad que ofrece todo tipo de actividad, visitas y excursiones y muchas oportunidades de diversi\u00f3n, cultura y arte y nadie ser\u00e1 decepcionado.<\/p>\n<\/div>\n\n\n\n<div class=\"wp-block-column is-layout-constrained wp-container-core-column-is-layout-80c0687d wp-block-column-is-layout-constrained\">\n<figure class=\"wp-block-image aligncenter size-full\"><img decoding=\"async\" width=\"50\" height=\"50\" src=\"https:\/\/www.studiainitalia.com\/wp-content\/uploads\/2022\/09\/caelndar2-3_png_webp.png\" alt=\"\" class=\"wp-image-94147\" title=\"\"><\/figure>\n\n\n<div  class=\"wp-block-ultimate-post-heading ultp-block-df4fb3\"><div class=\"ultp-block-wrapper\"><div class=\"ultp-heading-wrap ultp-heading-style1 ultp-heading-center\"><h2 class=\"ultp-heading-inner\"><span>\u00bfCu\u00e1ndo ir?<\/span><\/h2><\/div><\/div><\/div>\n\n\n<p>Su clima particularmente temperado favorece la visita de la ciudad en cada momento del a\u00f1o.<\/p>\n\n\n<style>.kadence-column191864_9e62d2-b3 > .kt-inside-inner-col,.kadence-column191864_9e62d2-b3 > .kt-inside-inner-col:before{border-top-left-radius:0px;border-top-right-radius:0px;border-bottom-right-radius:0px;border-bottom-left-radius:0px;}.kadence-column191864_9e62d2-b3 > .kt-inside-inner-col{column-gap:var(--global-kb-gap-sm, 1rem);}.kadence-column191864_9e62d2-b3 > .kt-inside-inner-col{flex-direction:column;}.kadence-column191864_9e62d2-b3 > .kt-inside-inner-col > .aligncenter{width:100%;}.kadence-column191864_9e62d2-b3 > .kt-inside-inner-col:before{opacity:0.3;}.kadence-column191864_9e62d2-b3{position:relative;}@media all and (max-width: 1024px){.kadence-column191864_9e62d2-b3 > .kt-inside-inner-col{flex-direction:column;justify-content:center;}}@media all and (max-width: 767px){.kadence-column191864_9e62d2-b3 > .kt-inside-inner-col{flex-direction:column;justify-content:center;}}<\/style>\n<div class=\"wp-block-kadence-column kadence-column191864_9e62d2-b3\"><div class=\"kt-inside-inner-col\"><\/div><\/div>\n\n\n\n<p>Desde la primavera hasta el oto\u00f1o es el periodo ideal para disfrutar del exterior, comiendo en las terrazas de los bares\/restaurantes tomando helados o aperitivos.<\/p>\n<\/div>\n\n\n\n<div class=\"wp-block-column is-layout-constrained wp-container-core-column-is-layout-80c0687d wp-block-column-is-layout-constrained\">\n<figure class=\"wp-block-image aligncenter size-full\"><img decoding=\"async\" width=\"52\" height=\"52\" src=\"https:\/\/www.studiainitalia.com\/wp-content\/uploads\/2022\/09\/vespa-1_png_webp.png\" alt=\"\" class=\"wp-image-94148\" title=\"\"><\/figure>\n\n\n<div  class=\"wp-block-ultimate-post-heading ultp-block-e0e7ff\"><div class=\"ultp-block-wrapper\"><div class=\"ultp-heading-wrap ultp-heading-style1 ultp-heading-center\"><h2 class=\"ultp-heading-inner\"><span>Transporte<\/span><\/h2><\/div><\/div><\/div>\n\n\n<p>Existen numerosos vuelos a los aeropuertos internacionales de Roma&nbsp;<a href=\"https:\/\/www.adr.it\/fiumicino\" target=\"_blank\" rel=\"noreferrer noopener\">Fiumicino&nbsp;<\/a>y Roma&nbsp;<a href=\"https:\/\/www.adr.it\/web\/aeroporti-di-roma-en-\/pax-cia-ciampino\" target=\"_blank\" rel=\"noreferrer noopener\">Ciampino<\/a>. Podemos organizar un transfer desde los aeropuertos hasta tu alojamiento en Roma.<\/p>\n\n\n<style>.kadence-column191864_e6d5dc-1f > .kt-inside-inner-col,.kadence-column191864_e6d5dc-1f > .kt-inside-inner-col:before{border-top-left-radius:0px;border-top-right-radius:0px;border-bottom-right-radius:0px;border-bottom-left-radius:0px;}.kadence-column191864_e6d5dc-1f > .kt-inside-inner-col{column-gap:var(--global-kb-gap-sm, 1rem);}.kadence-column191864_e6d5dc-1f > .kt-inside-inner-col{flex-direction:column;}.kadence-column191864_e6d5dc-1f > .kt-inside-inner-col > .aligncenter{width:100%;}.kadence-column191864_e6d5dc-1f > .kt-inside-inner-col:before{opacity:0.3;}.kadence-column191864_e6d5dc-1f{position:relative;}@media all and (max-width: 1024px){.kadence-column191864_e6d5dc-1f > .kt-inside-inner-col{flex-direction:column;justify-content:center;}}@media all and (max-width: 767px){.kadence-column191864_e6d5dc-1f > .kt-inside-inner-col{flex-direction:column;justify-content:center;}}<\/style>\n<div class=\"wp-block-kadence-column kadence-column191864_e6d5dc-1f\"><div class=\"kt-inside-inner-col\"><\/div><\/div>\n\n\n\n<p>Para mayor informaci\u00f3n sobre cosas que ver y hacer durante tu curso de italiano en Roma, te recomendamos la gu\u00eda&nbsp;<a href=\"https:\/\/www.lonelyplanet.com\/italy\/rome\" target=\"_blank\" rel=\"noreferrer noopener\">Lonely Planet Guide to Rome.<\/a><\/p>\n<\/div>\n<\/div>\n\n\n\n<div class=\"wp-block-columns alignfull are-vertically-aligned-center is-layout-flex wp-container-core-columns-is-layout-28f84493 wp-block-columns-is-layout-flex\">\n<div class=\"wp-block-column is-vertically-aligned-center is-layout-flow wp-block-column-is-layout-flow\" style=\"flex-basis:100%\"><style>.kb-google-maps-container191864_27fede-f9{height:450px;}.kb-google-maps-container191864_27fede-f9{filter:grayscale(100%);}<\/style><div class=\"kb-google-maps-container kb-google-maps-container191864_27fede-f9  wp-block-kadence-googlemaps\" data-mapid=\"191864_27fedef9\"><iframe width=\"100%\" height=\"100%\"\n\t\t\t\t\t\t\tstyle=\"border:0\" loading=\"lazy\"\n\t\t\t\t\t\t\tsrc=\"https:\/\/www.google.com\/maps\/embed\/v1\/place?key=AIzaSyBAM2o7PiQqwk15LC1XRH2e_KJ-jUa7KYk&#038;zoom=11&#038;maptype=roadmap&#038;q=Rome\"\n\t\t\t\t\t\t\ttitle=\"Mapa de Google de Rome\"><\/iframe><\/div><script>function kb_google_map191864_27fedef9() { let center = { lat: 37.8201, lng: -122.4781}; let map = new google.maps.Map(document.getElementById(\"kb-google-map191864_27fedef9\"), {\n\t\t\t\t\t    zoom: 11,\n\t\t\t\t\t    center: center,});let marker = new google.maps.Marker({   position: { lat: 37.8201, lng: -122.4781},    map: map,  });}<\/script><\/div>\n<\/div>\n","protected":false},"excerpt":{"rendered":"<p>Roma es la capital de Italia y la ciudad m\u00e1s grande y populosa del Pa\u00eds. Hoy en d\u00eda Roma es una ciudad moderna y una metr\u00f3polis que ofrece a sus visitantes muchas cosas que ver y hacer. La variedad hist\u00f3rica y la magnificencia de sus monumentos son conocidos en todo el mundo y las posibilidades [&hellip;]<\/p>\n","protected":false},"author":132,"featured_media":0,"parent":191779,"menu_order":0,"comment_status":"closed","ping_status":"closed","template":"","meta":{"_acf_changed":false,"_uag_custom_page_level_css":"","_kad_blocks_custom_css":"","_kad_blocks_head_custom_js":"","_kad_blocks_body_custom_js":"","_kad_blocks_footer_custom_js":"","site-sidebar-layout":"default","site-content-layout":"","ast-site-content-layout":"default","site-content-style":"default","site-sidebar-style":"default","ast-global-header-display":"","ast-banner-title-visibility":"","ast-main-header-display":"","ast-hfb-above-header-display":"","ast-hfb-below-header-display":"","ast-hfb-mobile-header-display":"","site-post-title":"","ast-breadcrumbs-content":"","ast-featured-img":"","footer-sml-layout":"","ast-disable-related-posts":"","theme-transparent-header-meta":"","adv-header-id-meta":"","stick-header-meta":"","header-above-stick-meta":"","header-main-stick-meta":"","header-below-stick-meta":"","astra-migrate-meta-layouts":"set","ast-page-background-enabled":"default","ast-page-background-meta":{"desktop":{"background-color":"var(--ast-global-color-4)","background-image":"","background-repeat":"repeat","background-position":"center center","background-size":"auto","background-attachment":"scroll","background-type":"","background-media":"","overlay-type":"","overlay-color":"","overlay-opacity":"","overlay-gradient":""},"tablet":{"background-color":"","background-image":"","background-repeat":"repeat","background-position":"center center","background-size":"auto","background-attachment":"scroll","background-type":"","background-media":"","overlay-type":"","overlay-color":"","overlay-opacity":"","overlay-gradient":""},"mobile":{"background-color":"","background-image":"","background-repeat":"repeat","background-position":"center center","background-size":"auto","background-attachment":"scroll","background-type":"","background-media":"","overlay-type":"","overlay-color":"","overlay-opacity":"","overlay-gradient":""}},"ast-content-background-meta":{"desktop":{"background-color":"var(--ast-global-color-5)","background-image":"","background-repeat":"repeat","background-position":"center center","background-size":"auto","background-attachment":"scroll","background-type":"","background-media":"","overlay-type":"","overlay-color":"","overlay-opacity":"","overlay-gradient":""},"tablet":{"background-color":"var(--ast-global-color-5)","background-image":"","background-repeat":"repeat","background-position":"center center","background-size":"auto","background-attachment":"scroll","background-type":"","background-media":"","overlay-type":"","overlay-color":"","overlay-opacity":"","overlay-gradient":""},"mobile":{"background-color":"var(--ast-global-color-5)","background-image":"","background-repeat":"repeat","background-position":"center center","background-size":"auto","background-attachment":"scroll","background-type":"","background-media":"","overlay-type":"","overlay-color":"","overlay-opacity":"","overlay-gradient":""}},"footnotes":""},"class_list":["post-191864","page","type-page","status-publish","hentry"],"acf":[],"taxonomy_info":[],"featured_image_src_large":false,"author_info":{"display_name":"Jordi Torres","author_link":"https:\/\/www.studiainitalia.com\/es\/author\/creativa\/"},"comment_info":0,"uagb_featured_image_src":{"full":false,"thumbnail":false,"medium":false,"medium_large":false,"large":false,"1536x1536":false,"2048x2048":false,"ultp_layout_landscape_large":false,"ultp_layout_landscape":false,"ultp_layout_portrait":false,"ultp_layout_square":false,"gform-image-choice-sm":false,"gform-image-choice-md":false,"gform-image-choice-lg":false,"woocommerce_thumbnail":false,"woocommerce_single":false,"woocommerce_gallery_thumbnail":false,"yarpp-thumbnail":false},"uagb_author_info":{"display_name":"Jordi Torres","author_link":"https:\/\/www.studiainitalia.com\/es\/author\/creativa\/"},"uagb_comment_info":0,"uagb_excerpt":"Roma es la capital de Italia y la ciudad m\u00e1s grande y populosa del Pa\u00eds. Hoy en d\u00eda Roma es una ciudad moderna y una metr\u00f3polis que ofrece a sus visitantes muchas cosas que ver y hacer. La variedad hist\u00f3rica y la magnificencia de sus monumentos son conocidos en todo el mundo y las posibilidades&hellip;","_links":{"self":[{"href":"https:\/\/www.studiainitalia.com\/es\/wp-json\/wp\/v2\/pages\/191864","targetHints":{"allow":["GET"]}}],"collection":[{"href":"https:\/\/www.studiainitalia.com\/es\/wp-json\/wp\/v2\/pages"}],"about":[{"href":"https:\/\/www.studiainitalia.com\/es\/wp-json\/wp\/v2\/types\/page"}],"author":[{"embeddable":true,"href":"https:\/\/www.studiainitalia.com\/es\/wp-json\/wp\/v2\/users\/132"}],"replies":[{"embeddable":true,"href":"https:\/\/www.studiainitalia.com\/es\/wp-json\/wp\/v2\/comments?post=191864"}],"version-history":[{"count":0,"href":"https:\/\/www.studiainitalia.com\/es\/wp-json\/wp\/v2\/pages\/191864\/revisions"}],"up":[{"embeddable":true,"href":"https:\/\/www.studiainitalia.com\/es\/wp-json\/wp\/v2\/pages\/191779"}],"wp:attachment":[{"href":"https:\/\/www.studiainitalia.com\/es\/wp-json\/wp\/v2\/media?parent=191864"}],"curies":[{"name":"wp","href":"https:\/\/api.w.org\/{rel}","templated":true}]}}