{"id":191891,"date":"2022-09-27T09:47:21","date_gmt":"2022-09-27T07:47:21","guid":{"rendered":"https:\/\/www.studiainitalia.com\/?page_id=191891"},"modified":"2024-01-15T18:53:49","modified_gmt":"2024-01-15T17:53:49","slug":"cursos-en-siena","status":"publish","type":"page","link":"https:\/\/www.studiainitalia.com\/es\/destinos\/cursos-en-siena\/","title":{"rendered":"Siena"},"content":{"rendered":"\n<div class=\"wp-block-columns alignfull has-ast-global-color-2-background-color has-background is-layout-flex wp-container-core-columns-is-layout-c6bc58be wp-block-columns-is-layout-flex\" style=\"padding-top:0px;padding-right:0px;padding-bottom:0px;padding-left:0px\">\n<div class=\"wp-block-column is-layout-flow wp-block-column-is-layout-flow\" style=\"flex-basis:60%\">\n<div class=\"wp-block-cover alignfull is-light\" style=\"min-height:685px;aspect-ratio:unset;\"><span aria-hidden=\"true\" class=\"wp-block-cover__background has-background-dim\"><\/span><img decoding=\"async\" width=\"640\" height=\"398\" class=\"wp-block-cover__image-background wp-image-94211\" alt=\"cursos de italiano en Siena\" src=\"https:\/\/www.studiainitalia.com\/wp-content\/uploads\/2022\/09\/learn-italian-in-siena_jpg.jpg\" data-object-fit=\"cover\" title=\"\" srcset=\"https:\/\/www.studiainitalia.com\/wp-content\/uploads\/2022\/09\/learn-italian-in-siena_jpg.jpg 640w, https:\/\/www.studiainitalia.com\/wp-content\/uploads\/2022\/09\/learn-italian-in-siena_jpg-400x249.jpg 400w\" sizes=\"(max-width: 640px) 100vw, 640px\" \/><div class=\"wp-block-cover__inner-container is-layout-flow wp-block-cover-is-layout-flow\">\n<h1 class=\"wp-block-heading has-text-align-center\" style=\"font-size:32px\">Cursos en Siena<\/h1>\n<\/div><\/div>\n<\/div>\n\n\n\n<div class=\"wp-block-column is-layout-flow wp-block-column-is-layout-flow\" style=\"flex-basis: 40%; padding: 6%;\">\n<div  class=\"wp-block-ultimate-post-heading ultp-block-8cc933\"><div class=\"ultp-block-wrapper\"><div class=\"ultp-heading-wrap ultp-heading-style9 ultp-heading-left\"><h2 class=\"ultp-heading-inner\"><span>SIENA<\/span><\/h2><\/div><\/div><\/div>\n\r\n\r\n<style>.wp-block-kadence-spacer.kt-block-spacer-_03022e-64 .kt-block-spacer{height:10px;}.wp-block-kadence-spacer.kt-block-spacer-_03022e-64 .kt-divider{border-top-width:1px;height:1px;border-top-color:var(--ast-global-color-1);width:100%;border-top-style:solid;}<\/style>\n<div class=\"wp-block-kadence-spacer aligncenter kt-block-spacer-_03022e-64\"><div class=\"kt-block-spacer kt-block-spacer-halign-center\"><hr class=\"kt-divider\"\/><\/div><\/div>\n\n\r\n\r\n\n<p>Siena es una peque\u00f1a ciudad medieval con un maravilloso casco antiguo declarado por el UNESCO patrimonio de la humanidad.<\/p>\n\n\r\n\r\n\n<p>Siena es el perfecto punto de partida para visitar la regi\u00f3n de los vi\u00f1edos de Chianti y otras ciudades de Toscana.<\/p>\r\n<p>&nbsp;<\/p>\n\n\r\n\r\n\n<p>Cada verano, la ciudad celebra el famoso Palio, una carrera de caballos que se realiza en la misma Piazza del Campo y que atrae miles de turistas de todo el mundo.<\/p>\n\n<\/div>\n<\/div>\n\n\n<div  class=\"wp-block-ultimate-post-heading ultp-block-24b213\"><div class=\"ultp-block-wrapper\"><div class=\"ultp-heading-wrap ultp-heading-style9 ultp-heading-center\"><h2 class=\"ultp-heading-inner\"><span>Elige tu curso en Siena<\/span><\/h2><\/div><\/div><\/div>\n\n<div class=\"wopb-shortcode\" data-postid=\"95376\"><div  class=\"wp-block-product-blocks-product-grid-1 wopb-block-d2435b \"><div class=\"wopb-block-wrapper\"><div class=\"wopb-wrapper-main-content\"><div class=\"wopb-block-items-wrap wopb-block-row wopb-block-column-6\"><div class=\"wopb-block-item \"><div class=\"wopb-block-content-wrap\"><div class=\"wopb-block-image wopb-block-image-none\"><div class=\"wopb-product-new-meta\"><\/div><a href=\"https:\/\/www.studiainitalia.com\/es\/cursos\/cursos-de-italiano-en-italia\/italiano-en-siena\/\"><img decoding=\"async\" src=\"https:\/\/www.studiainitalia.com\/wp-content\/uploads\/2024\/03\/SIENA-300x300.jpg\" alt=\"Cursos de Italiano en Siena\" title=\"\"><\/a><\/div><h3 class=\"wopb-block-title\"><a title=\"Cursos de Italiano en Siena\"  href=\"https:\/\/www.studiainitalia.com\/es\/cursos\/cursos-de-italiano-en-italia\/italiano-en-siena\/\">Cursos de Italiano en Siena<\/a><\/h3><div class=\"wopb-product-price\"><span class=\"woocommerce-Price-amount amount\" aria-hidden=\"true\"><bdi>325<span class=\"woocommerce-Price-currencySymbol\">&euro;<\/span><\/bdi><\/span> <span aria-hidden=\"true\">-<\/span> <span class=\"woocommerce-Price-amount amount\" aria-hidden=\"true\"><bdi>1.555<span class=\"woocommerce-Price-currencySymbol\">&euro;<\/span><\/bdi><\/span><span class=\"screen-reader-text\">Rango de precios: desde 325&euro; hasta 1.555&euro;<\/span><\/div><div class=\"wopb-star-rating\"><span style=\"width: 95.8%\"><strong itemprop=\"ratingValue\" class=\"wopb-rating\">4.79<\/strong>de 5<\/span><\/div><\/div><\/div><\/div><\/div><\/div><\/div><\/div>\n\n\n\n<div class=\"wp-block-columns alignfull has-ast-global-color-2-background-color has-background is-layout-flex wp-container-core-columns-is-layout-c7ed57bb wp-block-columns-is-layout-flex\" style=\"padding: 5% 10% 5% 10%;\">\n\n<div class=\"wp-block-column is-layout-constrained wp-container-core-column-is-layout-80c0687d wp-block-column-is-layout-constrained\">\n\n<figure class=\"wp-block-image aligncenter size-full\"><img decoding=\"async\" width=\"52\" height=\"52\" class=\"wp-image-56035\" src=\"https:\/\/www.studiainitalia.com\/wp-content\/uploads\/2016\/11\/sienarrr-1.png\" alt=\"\" title=\"\"><\/figure>\n\n\r\n\r\n<div  class=\"wp-block-ultimate-post-heading ultp-block-c488c1\"><div class=\"ultp-block-wrapper\"><div class=\"ultp-heading-wrap ultp-heading-style1 ultp-heading-center\"><h2 class=\"ultp-heading-inner\"><span>\u00bfPor qu\u00e9 Siena?<\/span><\/h2><\/div><\/div><\/div>\n\r\n\r\n\n<p>Gran parte de la populaci\u00f3n de Siena son estudiantes de la Universidad y muchos de ellos son extranjeros, gracias a la Universita per Stranieri.<\/p>\r\n<p>&nbsp;<\/p>\n\n\r\n\r\n\n<p>Podr\u00e1s encontrar numerosas cosas que ver y hacer durante el tiempo libre: bares, restaurantes, teatros, cinemas, museos y galer\u00edas.<\/p>\n\n<\/div>\n\n\r\n\r\n\n<div class=\"wp-block-column is-layout-constrained wp-container-core-column-is-layout-80c0687d wp-block-column-is-layout-constrained\">\n\n<figure class=\"wp-block-image aligncenter size-full\"><img decoding=\"async\" width=\"50\" height=\"50\" class=\"wp-image-94147\" src=\"https:\/\/www.studiainitalia.com\/wp-content\/uploads\/2022\/09\/caelndar2-3_png_webp.png\" alt=\"\" title=\"\"><\/figure>\n\n\r\n\r\n<div  class=\"wp-block-ultimate-post-heading ultp-block-64a69e\"><div class=\"ultp-block-wrapper\"><div class=\"ultp-heading-wrap ultp-heading-style1 ultp-heading-center\"><h2 class=\"ultp-heading-inner\"><span>\u00bfCu\u00e1ndo ir?<\/span><\/h2><\/div><\/div><\/div>\n\r\n\r\n\n<p>La campi\u00f1a de la Toscana est\u00e1 llena de flores durante Mayo y Junio y al mismo tiempo los colores del oto\u00f1o son igualmente fascinantes.<\/p>\r\n<p>&nbsp;<\/p>\n\n\r\n\r\n\n<p>Tambi\u00e9n merece visitar Siena durante el periodo del Palio, en Julio y en Agosto. En general el clima de Siena es agradable todo el a\u00f1o.<\/p>\n\n<\/div>\n\n\r\n\r\n\n<div class=\"wp-block-column is-layout-constrained wp-container-core-column-is-layout-80c0687d wp-block-column-is-layout-constrained\">\n\n<figure class=\"wp-block-image aligncenter size-full\"><img decoding=\"async\" width=\"52\" height=\"52\" class=\"wp-image-94148\" src=\"https:\/\/www.studiainitalia.com\/wp-content\/uploads\/2022\/09\/vespa-1_png_webp.png\" alt=\"\" title=\"\"><\/figure>\n\n\r\n\r\n<div  class=\"wp-block-ultimate-post-heading ultp-block-f88b21\"><div class=\"ultp-block-wrapper\"><div class=\"ultp-heading-wrap ultp-heading-style1 ultp-heading-center\"><h2 class=\"ultp-heading-inner\"><span>Transporte<\/span><\/h2><\/div><\/div><\/div>\n\r\n\r\n\n<p>Existen numerosos vuelos a los aeropuertos internacionales de Florencia\u00a0<a href=\"https:\/\/www.aeroporto.firenze.it\/it\/\" target=\"_blank\" rel=\"noreferrer noopener\">Peretola Airport<\/a>\u00a0y de Pisa Galileo Galilei. Podemos organizar un transfer desde los aeropuertos hasta tu alojamiento en Siena.<\/p>\r\n<p>&nbsp;<\/p>\n\n\r\n\r\n\n<p>Para mayor informaci\u00f3n sobre cosas que ver y hacer durante tu curso de italiano en Siena, te recomendamos la gu\u00eda\u00a0<a href=\"https:\/\/www.lonelyplanet.com\/italy\/tuscany\/siena\" target=\"_blank\" rel=\"noreferrer noopener\">Lonely Planet Guide to Siena.<\/a><\/p>\n\n<\/div>\n\n<\/div>\n\n\n\n<div class=\"wp-block-columns alignfull are-vertically-aligned-center is-layout-flex wp-container-core-columns-is-layout-28f84493 wp-block-columns-is-layout-flex\">\n<div class=\"wp-block-column is-vertically-aligned-center is-layout-flow wp-block-column-is-layout-flow\" style=\"flex-basis:40%\">\n<figure class=\"wp-block-embed is-type-video is-provider-youtube wp-block-embed-youtube wp-embed-aspect-16-9 wp-has-aspect-ratio\"><div class=\"wp-block-embed__wrapper\">\n<iframe title=\"Siena\" width=\"500\" height=\"281\" src=\"https:\/\/www.youtube.com\/embed\/wCpWV7oQGnY?feature=oembed\" frameborder=\"0\" allow=\"accelerometer; autoplay; clipboard-write; encrypted-media; gyroscope; picture-in-picture; web-share\" referrerpolicy=\"strict-origin-when-cross-origin\" allowfullscreen><\/iframe>\n<\/div><\/figure>\n<\/div>\n\n\n\n<div class=\"wp-block-column is-vertically-aligned-center is-layout-flow wp-block-column-is-layout-flow\" style=\"flex-basis:60%\"><style>.kb-google-maps-container191891_6059ec-5c{height:450px;}.kb-google-maps-container191891_6059ec-5c{filter:grayscale(100%);}<\/style><div class=\"kb-google-maps-container kb-google-maps-container191891_6059ec-5c  wp-block-kadence-googlemaps\" data-mapid=\"191891_6059ec5c\"><iframe width=\"100%\" height=\"100%\"\n\t\t\t\t\t\t\tstyle=\"border:0\" loading=\"lazy\"\n\t\t\t\t\t\t\tsrc=\"https:\/\/www.google.com\/maps\/embed\/v1\/place?key=AIzaSyBAM2o7PiQqwk15LC1XRH2e_KJ-jUa7KYk&#038;zoom=11&#038;maptype=roadmap&#038;q=Siena\"\n\t\t\t\t\t\t\ttitle=\"Mapa de Google de Siena\"><\/iframe><\/div><script>function kb_google_map191891_6059ec5c() { let center = { lat: 37.8201, lng: -122.4781}; let map = new google.maps.Map(document.getElementById(\"kb-google-map191891_6059ec5c\"), {\n\t\t\t\t\t    zoom: 11,\n\t\t\t\t\t    center: center,});let marker = new google.maps.Marker({   position: { lat: 37.8201, lng: -122.4781},    map: map,  });}<\/script><\/div>\n<\/div>\n","protected":false},"excerpt":{"rendered":"<p>Siena es una peque\u00f1a ciudad medieval con un maravilloso casco antiguo declarado por el UNESCO patrimonio de la humanidad. Siena es el perfecto punto de partida para visitar la regi\u00f3n de los vi\u00f1edos de Chianti y otras ciudades de Toscana. &nbsp; Cada verano, la ciudad celebra el famoso Palio, una carrera de caballos que se [&hellip;]<\/p>\n","protected":false},"author":132,"featured_media":0,"parent":191779,"menu_order":61,"comment_status":"closed","ping_status":"closed","template":"","meta":{"_acf_changed":false,"_uag_custom_page_level_css":"","_kad_blocks_custom_css":"","_kad_blocks_head_custom_js":"","_kad_blocks_body_custom_js":"","_kad_blocks_footer_custom_js":"","site-sidebar-layout":"default","site-content-layout":"","ast-site-content-layout":"default","site-content-style":"default","site-sidebar-style":"default","ast-global-header-display":"","ast-banner-title-visibility":"","ast-main-header-display":"","ast-hfb-above-header-display":"","ast-hfb-below-header-display":"","ast-hfb-mobile-header-display":"","site-post-title":"disabled","ast-breadcrumbs-content":"","ast-featured-img":"","footer-sml-layout":"","ast-disable-related-posts":"","theme-transparent-header-meta":"","adv-header-id-meta":"","stick-header-meta":"","header-above-stick-meta":"","header-main-stick-meta":"","header-below-stick-meta":"","astra-migrate-meta-layouts":"set","ast-page-background-enabled":"default","ast-page-background-meta":{"desktop":{"background-color":"var(--ast-global-color-4)","background-image":"","background-repeat":"repeat","background-position":"center center","background-size":"auto","background-attachment":"scroll","background-type":"","background-media":"","overlay-type":"","overlay-color":"","overlay-opacity":"","overlay-gradient":""},"tablet":{"background-color":"","background-image":"","background-repeat":"repeat","background-position":"center center","background-size":"auto","background-attachment":"scroll","background-type":"","background-media":"","overlay-type":"","overlay-color":"","overlay-opacity":"","overlay-gradient":""},"mobile":{"background-color":"","background-image":"","background-repeat":"repeat","background-position":"center center","background-size":"auto","background-attachment":"scroll","background-type":"","background-media":"","overlay-type":"","overlay-color":"","overlay-opacity":"","overlay-gradient":""}},"ast-content-background-meta":{"desktop":{"background-color":"var(--ast-global-color-5)","background-image":"","background-repeat":"repeat","background-position":"center center","background-size":"auto","background-attachment":"scroll","background-type":"","background-media":"","overlay-type":"","overlay-color":"","overlay-opacity":"","overlay-gradient":""},"tablet":{"background-color":"var(--ast-global-color-5)","background-image":"","background-repeat":"repeat","background-position":"center center","background-size":"auto","background-attachment":"scroll","background-type":"","background-media":"","overlay-type":"","overlay-color":"","overlay-opacity":"","overlay-gradient":""},"mobile":{"background-color":"var(--ast-global-color-5)","background-image":"","background-repeat":"repeat","background-position":"center center","background-size":"auto","background-attachment":"scroll","background-type":"","background-media":"","overlay-type":"","overlay-color":"","overlay-opacity":"","overlay-gradient":""}},"footnotes":""},"class_list":["post-191891","page","type-page","status-publish","hentry"],"acf":[],"taxonomy_info":[],"featured_image_src_large":false,"author_info":{"display_name":"Jordi Torres","author_link":"https:\/\/www.studiainitalia.com\/es\/author\/creativa\/"},"comment_info":0,"uagb_featured_image_src":{"full":false,"thumbnail":false,"medium":false,"medium_large":false,"large":false,"1536x1536":false,"2048x2048":false,"ultp_layout_landscape_large":false,"ultp_layout_landscape":false,"ultp_layout_portrait":false,"ultp_layout_square":false,"gform-image-choice-sm":false,"gform-image-choice-md":false,"gform-image-choice-lg":false,"woocommerce_thumbnail":false,"woocommerce_single":false,"woocommerce_gallery_thumbnail":false,"yarpp-thumbnail":false},"uagb_author_info":{"display_name":"Jordi Torres","author_link":"https:\/\/www.studiainitalia.com\/es\/author\/creativa\/"},"uagb_comment_info":0,"uagb_excerpt":"Siena es una peque\u00f1a ciudad medieval con un maravilloso casco antiguo declarado por el UNESCO patrimonio de la humanidad. Siena es el perfecto punto de partida para visitar la regi\u00f3n de los vi\u00f1edos de Chianti y otras ciudades de Toscana. &nbsp; Cada verano, la ciudad celebra el famoso Palio, una carrera de caballos que se&hellip;","_links":{"self":[{"href":"https:\/\/www.studiainitalia.com\/es\/wp-json\/wp\/v2\/pages\/191891","targetHints":{"allow":["GET"]}}],"collection":[{"href":"https:\/\/www.studiainitalia.com\/es\/wp-json\/wp\/v2\/pages"}],"about":[{"href":"https:\/\/www.studiainitalia.com\/es\/wp-json\/wp\/v2\/types\/page"}],"author":[{"embeddable":true,"href":"https:\/\/www.studiainitalia.com\/es\/wp-json\/wp\/v2\/users\/132"}],"replies":[{"embeddable":true,"href":"https:\/\/www.studiainitalia.com\/es\/wp-json\/wp\/v2\/comments?post=191891"}],"version-history":[{"count":0,"href":"https:\/\/www.studiainitalia.com\/es\/wp-json\/wp\/v2\/pages\/191891\/revisions"}],"up":[{"embeddable":true,"href":"https:\/\/www.studiainitalia.com\/es\/wp-json\/wp\/v2\/pages\/191779"}],"wp:attachment":[{"href":"https:\/\/www.studiainitalia.com\/es\/wp-json\/wp\/v2\/media?parent=191891"}],"curies":[{"name":"wp","href":"https:\/\/api.w.org\/{rel}","templated":true}]}}