{"id":191906,"date":"2022-09-27T09:51:10","date_gmt":"2022-09-27T07:51:10","guid":{"rendered":"https:\/\/www.studiainitalia.com\/?page_id=191906"},"modified":"2024-01-15T18:52:17","modified_gmt":"2024-01-15T17:52:17","slug":"cursos-en-taormina","status":"publish","type":"page","link":"https:\/\/www.studiainitalia.com\/es\/destinos\/cursos-en-taormina\/","title":{"rendered":"Taormina"},"content":{"rendered":"\n<div class=\"wp-block-columns alignfull has-ast-global-color-2-background-color has-background is-layout-flex wp-container-core-columns-is-layout-c6bc58be wp-block-columns-is-layout-flex\" style=\"padding-top:0px;padding-right:0px;padding-bottom:0px;padding-left:0px\">\n<div class=\"wp-block-column is-layout-flow wp-block-column-is-layout-flow\" style=\"flex-basis:60%\">\n<div class=\"wp-block-cover alignfull is-light\" style=\"min-height:685px;aspect-ratio:unset;\"><span aria-hidden=\"true\" class=\"wp-block-cover__background has-background-dim\"><\/span><img decoding=\"async\" width=\"640\" height=\"427\" class=\"wp-block-cover__image-background wp-image-94217\" alt=\"cursos de italiano en Taormina\" src=\"https:\/\/www.studiainitalia.com\/wp-content\/uploads\/2022\/09\/learn-italian-in-taormina_jpg.jpg\" data-object-fit=\"cover\" title=\"\" srcset=\"https:\/\/www.studiainitalia.com\/wp-content\/uploads\/2022\/09\/learn-italian-in-taormina_jpg.jpg 640w, https:\/\/www.studiainitalia.com\/wp-content\/uploads\/2022\/09\/learn-italian-in-taormina_jpg-400x267.jpg 400w\" sizes=\"(max-width: 640px) 100vw, 640px\" \/><div class=\"wp-block-cover__inner-container is-layout-flow wp-block-cover-is-layout-flow\">\n<h1 class=\"wp-block-heading has-text-align-center\" style=\"font-size:32px\">Cursos en Taormina<\/h1>\n<\/div><\/div>\n<\/div>\n\n\n\n<div class=\"wp-block-column is-layout-flow wp-block-column-is-layout-flow\" style=\"flex-basis: 40%; padding: 6%;\">\n<div  class=\"wp-block-ultimate-post-heading ultp-block-ba8998\"><div class=\"ultp-block-wrapper\"><div class=\"ultp-heading-wrap ultp-heading-style9 ultp-heading-left\"><h2 class=\"ultp-heading-inner\"><span>TAORMINA<\/span><\/h2><\/div><\/div><\/div>\n\r\n\r\n<style>.wp-block-kadence-spacer.kt-block-spacer-_03022e-64 .kt-block-spacer{height:10px;}.wp-block-kadence-spacer.kt-block-spacer-_03022e-64 .kt-divider{border-top-width:1px;height:1px;border-top-color:var(--ast-global-color-1);width:100%;border-top-style:solid;}<\/style>\n<div class=\"wp-block-kadence-spacer aligncenter kt-block-spacer-_03022e-64\"><div class=\"kt-block-spacer kt-block-spacer-halign-center\"><hr class=\"kt-divider\"\/><\/div><\/div>\n\n\r\n\r\n\n<p>Taormina es una maravillosa ciudad de Sicilia, llena de cultura y historia, rodeada por el mar y cerca del volc\u00e1n Etna.<\/p>\n\n\r\n\r\n\n<p>Diferentes culturas han transformado Taormina durante los siglos: griegos, \u00e1rabes, normandos y romanos.<\/p>\r\n<p>&nbsp;<\/p>\n\n\r\n\r\n\n<p>Todos han dejado una huella haciendo de Taormina una de las ciudades m\u00e1s interesantes de todo el Mediterr\u00e1neo.<\/p>\n\n\r\n\r\n\n<p>La ciudad est\u00e1 situada sobre la colina, a unos 250 metros sobre el mar y ofrece panoramas incre\u00edbles.<\/p>\n\n<\/div>\n<\/div>\n\n\n<div  class=\"wp-block-ultimate-post-heading ultp-block-a565f6\"><div class=\"ultp-block-wrapper\"><div class=\"ultp-heading-wrap ultp-heading-style9 ultp-heading-center\"><h2 class=\"ultp-heading-inner\"><span>Elige tu curso en Taormina<\/span><\/h2><\/div><\/div><\/div>\n\n<div class=\"wopb-shortcode\" data-postid=\"95377\"><div  class=\"wp-block-product-blocks-product-grid-1 wopb-block-2b75d2 \"><div class=\"wopb-block-wrapper\"><div class=\"wopb-wrapper-main-content\"><div class=\"wopb-block-items-wrap wopb-block-row wopb-block-column-6\"><div class=\"wopb-block-item \"><div class=\"wopb-block-content-wrap\"><div class=\"wopb-block-image wopb-block-image-none\"><div class=\"wopb-product-new-meta\"><\/div><a href=\"https:\/\/www.studiainitalia.com\/es\/cursos\/cursos-de-italiano-y-deportes\/italiano-y-buceo-en-taormina\/\"><img decoding=\"async\" src=\"https:\/\/www.studiainitalia.com\/wp-content\/uploads\/2016\/11\/diving_in_taormina-e1490028298728-300x300.jpg\" alt=\"Curso de Italiano y buceo en Taormina\" title=\"\"><\/a><\/div><h3 class=\"wopb-block-title\"><a title=\"Curso de Italiano y buceo en Taormina\"  href=\"https:\/\/www.studiainitalia.com\/es\/cursos\/cursos-de-italiano-y-deportes\/italiano-y-buceo-en-taormina\/\">Curso de Italiano y buceo en Taormina<\/a><\/h3><div class=\"wopb-product-price\"><span class=\"woocommerce-Price-amount amount\" aria-hidden=\"true\"><bdi>825<span class=\"woocommerce-Price-currencySymbol\">&euro;<\/span><\/bdi><\/span> <span aria-hidden=\"true\">-<\/span> <span class=\"woocommerce-Price-amount amount\" aria-hidden=\"true\"><bdi>1.140<span class=\"woocommerce-Price-currencySymbol\">&euro;<\/span><\/bdi><\/span><span class=\"screen-reader-text\">Rango de precios: desde 825&euro; hasta 1.140&euro;<\/span><\/div><div class=\"wopb-star-rating\"><span style=\"width: 100%\"><strong itemprop=\"ratingValue\" class=\"wopb-rating\">5.00<\/strong>de 5<\/span><\/div><\/div><\/div><div class=\"wopb-block-item \"><div class=\"wopb-block-content-wrap\"><div class=\"wopb-block-image wopb-block-image-none\"><div class=\"wopb-product-new-meta\"><\/div><a href=\"https:\/\/www.studiainitalia.com\/es\/cursos\/cursos-en-taormina\/curso-de-italiano-y-ceramica-en-taormina\/\"><img decoding=\"async\" src=\"https:\/\/www.studiainitalia.com\/wp-content\/uploads\/2016\/11\/pottery-taormina-e1490028273395-300x300.jpg\" alt=\"Curso de Italiano y cer\u00e1mica en Taormina\" title=\"\"><\/a><\/div><h3 class=\"wopb-block-title\"><a title=\"Curso de Italiano y cer\u00e1mica en Taormina\"  href=\"https:\/\/www.studiainitalia.com\/es\/cursos\/cursos-en-taormina\/curso-de-italiano-y-ceramica-en-taormina\/\">Curso de Italiano y cer\u00e1mica en Taormina<\/a><\/h3><div class=\"wopb-product-price\"><span class=\"woocommerce-Price-amount amount\" aria-hidden=\"true\"><bdi>615<span class=\"woocommerce-Price-currencySymbol\">&euro;<\/span><\/bdi><\/span> <span aria-hidden=\"true\">-<\/span> <span class=\"woocommerce-Price-amount amount\" aria-hidden=\"true\"><bdi>930<span class=\"woocommerce-Price-currencySymbol\">&euro;<\/span><\/bdi><\/span><span class=\"screen-reader-text\">Rango de precios: desde 615&euro; hasta 930&euro;<\/span><\/div><div class=\"wopb-star-rating\"><span style=\"width: 100%\"><strong itemprop=\"ratingValue\" class=\"wopb-rating\">5.00<\/strong>de 5<\/span><\/div><\/div><\/div><div class=\"wopb-block-item \"><div class=\"wopb-block-content-wrap\"><div class=\"wopb-block-image wopb-block-image-none\"><div class=\"wopb-product-new-meta\"><\/div><a href=\"https:\/\/www.studiainitalia.com\/es\/cursos\/cursos-de-cocina-en-italia\/italiano-y-cocina-en-taormina\/\"><img decoding=\"async\" src=\"https:\/\/www.studiainitalia.com\/wp-content\/uploads\/2016\/11\/cookery-taormina-e1490028253485-300x300.jpg\" alt=\"Italiano y cocina en Taormina\" title=\"\"><\/a><\/div><h3 class=\"wopb-block-title\"><a title=\"Italiano y cocina en Taormina\"  href=\"https:\/\/www.studiainitalia.com\/es\/cursos\/cursos-de-cocina-en-italia\/italiano-y-cocina-en-taormina\/\">Italiano y cocina en Taormina<\/a><\/h3><div class=\"wopb-product-price\"><span class=\"woocommerce-Price-amount amount\" aria-hidden=\"true\"><bdi>510<span class=\"woocommerce-Price-currencySymbol\">&euro;<\/span><\/bdi><\/span> <span aria-hidden=\"true\">-<\/span> <span class=\"woocommerce-Price-amount amount\" aria-hidden=\"true\"><bdi>825<span class=\"woocommerce-Price-currencySymbol\">&euro;<\/span><\/bdi><\/span><span class=\"screen-reader-text\">Rango de precios: desde 510&euro; hasta 825&euro;<\/span><\/div><div class=\"wopb-star-rating\"><span style=\"width: 100%\"><strong itemprop=\"ratingValue\" class=\"wopb-rating\">5.00<\/strong>de 5<\/span><\/div><\/div><\/div><div class=\"wopb-block-item \"><div class=\"wopb-block-content-wrap\"><div class=\"wopb-block-image wopb-block-image-none\"><div class=\"wopb-product-new-meta\"><\/div><a href=\"https:\/\/www.studiainitalia.com\/es\/cursos\/cursos-en-taormina\/italiano-mayores-de-50-en-taormina\/\"><img decoding=\"async\" src=\"https:\/\/www.studiainitalia.com\/wp-content\/uploads\/2016\/11\/learn-italian-in-taormina-seniors-e1490028229862-300x300.jpg\" alt=\"Italiano 50+ en Taormina\" title=\"\"><\/a><\/div><h3 class=\"wopb-block-title\"><a title=\"Italiano 50+ en Taormina\"  href=\"https:\/\/www.studiainitalia.com\/es\/cursos\/cursos-en-taormina\/italiano-mayores-de-50-en-taormina\/\">Italiano 50+ en Taormina<\/a><\/h3><div class=\"wopb-product-price\"><span class=\"woocommerce-Price-amount amount\"><bdi>1.320<span class=\"woocommerce-Price-currencySymbol\">&euro;<\/span><\/bdi><\/span><\/div><div class=\"wopb-star-rating\"><span style=\"width: 100%\"><strong itemprop=\"ratingValue\" class=\"wopb-rating\">5.00<\/strong>de 5<\/span><\/div><\/div><\/div><div class=\"wopb-block-item \"><div class=\"wopb-block-content-wrap\"><div class=\"wopb-block-image wopb-block-image-none\"><div class=\"wopb-product-new-meta\"><\/div><a href=\"https:\/\/www.studiainitalia.com\/es\/cursos\/cursos-de-italiano-en-italia\/italiano-en-taormina\/\"><img decoding=\"async\" src=\"https:\/\/www.studiainitalia.com\/wp-content\/uploads\/2016\/11\/learn-italian-in-taormina-e1490028120271-300x300.jpg\" alt=\"Cursos de Italiano en Taormina\" title=\"\"><\/a><\/div><h3 class=\"wopb-block-title\"><a title=\"Cursos de Italiano en Taormina\"  href=\"https:\/\/www.studiainitalia.com\/es\/cursos\/cursos-de-italiano-en-italia\/italiano-en-taormina\/\">Cursos de Italiano en Taormina<\/a><\/h3><div class=\"wopb-product-price\"><span class=\"woocommerce-Price-amount amount\" aria-hidden=\"true\"><bdi>330<span class=\"woocommerce-Price-currencySymbol\">&euro;<\/span><\/bdi><\/span> <span aria-hidden=\"true\">-<\/span> <span class=\"woocommerce-Price-amount amount\" aria-hidden=\"true\"><bdi>2.320<span class=\"woocommerce-Price-currencySymbol\">&euro;<\/span><\/bdi><\/span><span class=\"screen-reader-text\">Rango de precios: desde 330&euro; hasta 2.320&euro;<\/span><\/div><div class=\"wopb-star-rating\"><span style=\"width: 98.6%\"><strong itemprop=\"ratingValue\" class=\"wopb-rating\">4.93<\/strong>de 5<\/span><\/div><\/div><\/div><\/div><\/div><\/div><\/div><\/div>\n\n\n\n<div class=\"wp-block-columns alignfull has-ast-global-color-2-background-color has-background is-layout-flex wp-container-core-columns-is-layout-c7ed57bb wp-block-columns-is-layout-flex\" style=\"padding: 5% 10% 5% 10%;\">\n\n<div class=\"wp-block-column is-layout-constrained wp-container-core-column-is-layout-80c0687d wp-block-column-is-layout-constrained\">\n\n<figure class=\"wp-block-image aligncenter size-full\"><img decoding=\"async\" width=\"52\" height=\"52\" class=\"wp-image-85706\" src=\"https:\/\/www.studiainitalia.com\/wp-content\/uploads\/2016\/11\/teormmmm.png\" alt=\"\" title=\"\"><\/figure>\n\n\r\n\r\n<div  class=\"wp-block-ultimate-post-heading ultp-block-d14aa0\"><div class=\"ultp-block-wrapper\"><div class=\"ultp-heading-wrap ultp-heading-style1 ultp-heading-center\"><h2 class=\"ultp-heading-inner\"><span>\u00bfPor qu\u00e9 Taormina?<\/span><\/h2><\/div><\/div><\/div>\n\r\n\r\n\n<p>Taormina es una de los m\u00e1s pintorescos lugares de toda Italia y es un lugar ideal para aprender italiano y descubrir al mismo tiempo los tesoros art\u00edsticos, hist\u00f3ricos y naturales de Sicilia.<\/p>\n\n<\/div>\n\n\r\n\r\n\n<div class=\"wp-block-column is-layout-constrained wp-container-core-column-is-layout-80c0687d wp-block-column-is-layout-constrained\">\n\n<figure class=\"wp-block-image aligncenter size-full\"><img decoding=\"async\" width=\"50\" height=\"50\" class=\"wp-image-94147\" src=\"https:\/\/www.studiainitalia.com\/wp-content\/uploads\/2022\/09\/caelndar2-3_png_webp.png\" alt=\"\" title=\"\"><\/figure>\n\n\r\n\r\n<div  class=\"wp-block-ultimate-post-heading ultp-block-5bf313\"><div class=\"ultp-block-wrapper\"><div class=\"ultp-heading-wrap ultp-heading-style1 ultp-heading-center\"><h2 class=\"ultp-heading-inner\"><span>\u00bfCu\u00e1ndo ir?<\/span><\/h2><\/div><\/div><\/div>\n\r\n\r\n\n<p>La mejor temporada para visitar Taormina es de Abril a Junio o en Septiembre u Octubre, cuando las temperaturas son agradables mientras que los meses de Julio y Agosto permiten de disfrutar de unas vacaciones en la playa.<\/p>\n\n<\/div>\n\n\r\n\r\n\n<div class=\"wp-block-column is-layout-constrained wp-container-core-column-is-layout-80c0687d wp-block-column-is-layout-constrained\">\n\n<figure class=\"wp-block-image aligncenter size-full\"><img decoding=\"async\" width=\"52\" height=\"52\" class=\"wp-image-94148\" src=\"https:\/\/www.studiainitalia.com\/wp-content\/uploads\/2022\/09\/vespa-1_png_webp.png\" alt=\"\" title=\"\"><\/figure>\n\n\r\n\r\n<div  class=\"wp-block-ultimate-post-heading ultp-block-e6d2d5\"><div class=\"ultp-block-wrapper\"><div class=\"ultp-heading-wrap ultp-heading-style1 ultp-heading-center\"><h2 class=\"ultp-heading-inner\"><span>Transporte<\/span><\/h2><\/div><\/div><\/div>\n\r\n\r\n\n<p>Existen numerosas conexiones de vuelo hacia el aeropuerto de Catania\u00a0<a href=\"https:\/\/www.aeroporto.catania.it\/?lang=eng\" target=\"_blank\" rel=\"noreferrer noopener\">V. Bellini.<\/a>\u00a0Desde el aeropuerto hay diferentes servicios de autobuses hacia Taormina (unos 90 minutos de viaje).<\/p>\r\n<p>&nbsp;<\/p>\n\n\r\n\r\n\n<p>En alternativa, es posible tomar un tren desde la estaci\u00f3n de Catania y bajar a la parada de Taormina \u2013 Giardini Naxos. Podemos organizar un transfer desde el aeropuerto hasta tu alojamiento en Taormina.<\/p>\r\n<p>&nbsp;<\/p>\n\n\r\n\r\n\n<p>Para mayor informaci\u00f3n sobre cosas que ver y hacer durante tu curso de italiano en Taormina, te recomendamos la gu\u00eda\u00a0<a href=\"https:\/\/www.lonelyplanet.com\/italy\/sicily\/taormina\" target=\"_blank\" rel=\"noreferrer noopener\">Lonely Planet Guide to Taormina.<\/a><\/p>\n\n<\/div>\n\n<\/div>\n\n\n\n<div class=\"wp-block-columns alignfull are-vertically-aligned-center is-layout-flex wp-container-core-columns-is-layout-28f84493 wp-block-columns-is-layout-flex\">\n<div class=\"wp-block-column is-vertically-aligned-center is-layout-flow wp-block-column-is-layout-flow\" style=\"flex-basis:40%\">\n<figure class=\"wp-block-embed is-type-video is-provider-youtube wp-block-embed-youtube wp-embed-aspect-16-9 wp-has-aspect-ratio\"><div class=\"wp-block-embed__wrapper\">\n<iframe title=\"Discover The Beautiful Sicily!\" width=\"500\" height=\"281\" src=\"https:\/\/www.youtube.com\/embed\/1ecpwfqBZMM?feature=oembed\" frameborder=\"0\" allow=\"accelerometer; autoplay; clipboard-write; encrypted-media; gyroscope; picture-in-picture; web-share\" referrerpolicy=\"strict-origin-when-cross-origin\" allowfullscreen><\/iframe>\n<\/div><\/figure>\n<\/div>\n\n\n\n<div class=\"wp-block-column is-vertically-aligned-center is-layout-flow wp-block-column-is-layout-flow\" style=\"flex-basis:60%\"><style>.kb-google-maps-container191906_befefa-8a{height:450px;}.kb-google-maps-container191906_befefa-8a{filter:grayscale(100%);}<\/style><div class=\"kb-google-maps-container kb-google-maps-container191906_befefa-8a  wp-block-kadence-googlemaps\" data-mapid=\"191906_befefa8a\"><iframe width=\"100%\" height=\"100%\"\n\t\t\t\t\t\t\tstyle=\"border:0\" loading=\"lazy\"\n\t\t\t\t\t\t\tsrc=\"https:\/\/www.google.com\/maps\/embed\/v1\/place?key=AIzaSyBAM2o7PiQqwk15LC1XRH2e_KJ-jUa7KYk&#038;zoom=11&#038;maptype=roadmap&#038;q=Taormina\"\n\t\t\t\t\t\t\ttitle=\"Mapa de Google de Taormina\"><\/iframe><\/div><script>function kb_google_map191906_befefa8a() { let center = { lat: 37.8201, lng: -122.4781}; let map = new google.maps.Map(document.getElementById(\"kb-google-map191906_befefa8a\"), {\n\t\t\t\t\t    zoom: 11,\n\t\t\t\t\t    center: center,});let marker = new google.maps.Marker({   position: { lat: 37.8201, lng: -122.4781},    map: map,  });}<\/script><\/div>\n<\/div>\n","protected":false},"excerpt":{"rendered":"<p>Taormina es una maravillosa ciudad de Sicilia, llena de cultura y historia, rodeada por el mar y cerca del volc\u00e1n Etna. Diferentes culturas han transformado Taormina durante los siglos: griegos, \u00e1rabes, normandos y romanos. &nbsp; Todos han dejado una huella haciendo de Taormina una de las ciudades m\u00e1s interesantes de todo el Mediterr\u00e1neo. La ciudad [&hellip;]<\/p>\n","protected":false},"author":132,"featured_media":0,"parent":191779,"menu_order":61,"comment_status":"closed","ping_status":"closed","template":"","meta":{"_acf_changed":false,"_uag_custom_page_level_css":"","_kad_blocks_custom_css":"","_kad_blocks_head_custom_js":"","_kad_blocks_body_custom_js":"","_kad_blocks_footer_custom_js":"","site-sidebar-layout":"default","site-content-layout":"","ast-site-content-layout":"default","site-content-style":"default","site-sidebar-style":"default","ast-global-header-display":"","ast-banner-title-visibility":"","ast-main-header-display":"","ast-hfb-above-header-display":"","ast-hfb-below-header-display":"","ast-hfb-mobile-header-display":"","site-post-title":"disabled","ast-breadcrumbs-content":"","ast-featured-img":"","footer-sml-layout":"","ast-disable-related-posts":"","theme-transparent-header-meta":"","adv-header-id-meta":"","stick-header-meta":"","header-above-stick-meta":"","header-main-stick-meta":"","header-below-stick-meta":"","astra-migrate-meta-layouts":"set","ast-page-background-enabled":"default","ast-page-background-meta":{"desktop":{"background-color":"var(--ast-global-color-4)","background-image":"","background-repeat":"repeat","background-position":"center center","background-size":"auto","background-attachment":"scroll","background-type":"","background-media":"","overlay-type":"","overlay-color":"","overlay-opacity":"","overlay-gradient":""},"tablet":{"background-color":"","background-image":"","background-repeat":"repeat","background-position":"center center","background-size":"auto","background-attachment":"scroll","background-type":"","background-media":"","overlay-type":"","overlay-color":"","overlay-opacity":"","overlay-gradient":""},"mobile":{"background-color":"","background-image":"","background-repeat":"repeat","background-position":"center center","background-size":"auto","background-attachment":"scroll","background-type":"","background-media":"","overlay-type":"","overlay-color":"","overlay-opacity":"","overlay-gradient":""}},"ast-content-background-meta":{"desktop":{"background-color":"var(--ast-global-color-5)","background-image":"","background-repeat":"repeat","background-position":"center center","background-size":"auto","background-attachment":"scroll","background-type":"","background-media":"","overlay-type":"","overlay-color":"","overlay-opacity":"","overlay-gradient":""},"tablet":{"background-color":"var(--ast-global-color-5)","background-image":"","background-repeat":"repeat","background-position":"center center","background-size":"auto","background-attachment":"scroll","background-type":"","background-media":"","overlay-type":"","overlay-color":"","overlay-opacity":"","overlay-gradient":""},"mobile":{"background-color":"var(--ast-global-color-5)","background-image":"","background-repeat":"repeat","background-position":"center center","background-size":"auto","background-attachment":"scroll","background-type":"","background-media":"","overlay-type":"","overlay-color":"","overlay-opacity":"","overlay-gradient":""}},"footnotes":""},"class_list":["post-191906","page","type-page","status-publish","hentry"],"acf":[],"taxonomy_info":[],"featured_image_src_large":false,"author_info":{"display_name":"Jordi Torres","author_link":"https:\/\/www.studiainitalia.com\/es\/author\/creativa\/"},"comment_info":0,"uagb_featured_image_src":{"full":false,"thumbnail":false,"medium":false,"medium_large":false,"large":false,"1536x1536":false,"2048x2048":false,"ultp_layout_landscape_large":false,"ultp_layout_landscape":false,"ultp_layout_portrait":false,"ultp_layout_square":false,"gform-image-choice-sm":false,"gform-image-choice-md":false,"gform-image-choice-lg":false,"woocommerce_thumbnail":false,"woocommerce_single":false,"woocommerce_gallery_thumbnail":false,"yarpp-thumbnail":false},"uagb_author_info":{"display_name":"Jordi Torres","author_link":"https:\/\/www.studiainitalia.com\/es\/author\/creativa\/"},"uagb_comment_info":0,"uagb_excerpt":"Taormina es una maravillosa ciudad de Sicilia, llena de cultura y historia, rodeada por el mar y cerca del volc\u00e1n Etna. Diferentes culturas han transformado Taormina durante los siglos: griegos, \u00e1rabes, normandos y romanos. &nbsp; Todos han dejado una huella haciendo de Taormina una de las ciudades m\u00e1s interesantes de todo el Mediterr\u00e1neo. La ciudad&hellip;","_links":{"self":[{"href":"https:\/\/www.studiainitalia.com\/es\/wp-json\/wp\/v2\/pages\/191906","targetHints":{"allow":["GET"]}}],"collection":[{"href":"https:\/\/www.studiainitalia.com\/es\/wp-json\/wp\/v2\/pages"}],"about":[{"href":"https:\/\/www.studiainitalia.com\/es\/wp-json\/wp\/v2\/types\/page"}],"author":[{"embeddable":true,"href":"https:\/\/www.studiainitalia.com\/es\/wp-json\/wp\/v2\/users\/132"}],"replies":[{"embeddable":true,"href":"https:\/\/www.studiainitalia.com\/es\/wp-json\/wp\/v2\/comments?post=191906"}],"version-history":[{"count":0,"href":"https:\/\/www.studiainitalia.com\/es\/wp-json\/wp\/v2\/pages\/191906\/revisions"}],"up":[{"embeddable":true,"href":"https:\/\/www.studiainitalia.com\/es\/wp-json\/wp\/v2\/pages\/191779"}],"wp:attachment":[{"href":"https:\/\/www.studiainitalia.com\/es\/wp-json\/wp\/v2\/media?parent=191906"}],"curies":[{"name":"wp","href":"https:\/\/api.w.org\/{rel}","templated":true}]}}