{"id":191921,"date":"2022-09-27T09:59:19","date_gmt":"2022-09-27T07:59:19","guid":{"rendered":"https:\/\/www.studiainitalia.com\/?page_id=191921"},"modified":"2024-10-24T14:08:01","modified_gmt":"2024-10-24T12:08:01","slug":"cursos-en-turin","status":"publish","type":"page","link":"https:\/\/www.studiainitalia.com\/es\/destinos\/cursos-en-turin\/","title":{"rendered":"Tur\u00edn"},"content":{"rendered":"\n<div class=\"wp-block-columns alignfull has-ast-global-color-2-background-color has-background is-layout-flex wp-container-core-columns-is-layout-c6bc58be wp-block-columns-is-layout-flex\" style=\"padding-top:0px;padding-right:0px;padding-bottom:0px;padding-left:0px\">\n<div class=\"wp-block-column is-layout-flow wp-block-column-is-layout-flow\" style=\"flex-basis:60%\">\n<div class=\"wp-block-cover alignfull\" style=\"min-height:685px;aspect-ratio:unset;\"><span aria-hidden=\"true\" class=\"wp-block-cover__background has-background-dim\"><\/span><img decoding=\"async\" width=\"1280\" height=\"830\" class=\"wp-block-cover__image-background wp-image-199699\" alt=\"cursos en Turin\" src=\"https:\/\/www.studiainitalia.com\/wp-content\/uploads\/2024\/10\/torino-3294227_1280.jpg\" data-object-fit=\"cover\" title=\"\" srcset=\"https:\/\/www.studiainitalia.com\/wp-content\/uploads\/2024\/10\/torino-3294227_1280.jpg 1280w, https:\/\/www.studiainitalia.com\/wp-content\/uploads\/2024\/10\/torino-3294227_1280-768x498.jpg 768w, https:\/\/www.studiainitalia.com\/wp-content\/uploads\/2024\/10\/torino-3294227_1280-400x259.jpg 400w\" sizes=\"(max-width: 1280px) 100vw, 1280px\" \/><div class=\"wp-block-cover__inner-container is-layout-flow wp-block-cover-is-layout-flow\">\n<h1 class=\"wp-block-heading has-text-align-center\" style=\"font-size:32px\">Cursos en Tur\u00edn<\/h1>\n<\/div><\/div>\n<\/div>\n\n\n\n<div class=\"wp-block-column is-layout-flow wp-block-column-is-layout-flow\" style=\"padding-top:6%;padding-right:6%;padding-bottom:6%;padding-left:6%;flex-basis:40%\"><div  class=\"wp-block-ultimate-post-heading ultp-block-a8a5b3\"><div class=\"ultp-block-wrapper\"><div class=\"ultp-heading-wrap ultp-heading-style9 ultp-heading-left\"><h2 class=\"ultp-heading-inner\"><span>TUR\u00cdN<\/span><\/h2><\/div><\/div><\/div>\n\n<style>.wp-block-kadence-spacer.kt-block-spacer-_03022e-64 .kt-block-spacer{height:10px;}.wp-block-kadence-spacer.kt-block-spacer-_03022e-64 .kt-divider{border-top-width:1px;height:1px;border-top-color:var(--ast-global-color-1);width:100%;border-top-style:solid;}<\/style>\n<div class=\"wp-block-kadence-spacer aligncenter kt-block-spacer-_03022e-64\"><div class=\"kt-block-spacer kt-block-spacer-halign-center\"><hr class=\"kt-divider\"\/><\/div><\/div>\n\n\n\n<p><p>La ciudad de Tur\u00edn se encuentra entre los Alpes y la costa de Liguria. Fundada por los romanos, Tur\u00edn ha visto su mayor resplandor durante el periodo baroco y bajo la dominaci\u00f3n de los Savoia.<\/p>\n<p>&nbsp;<\/p><\/p>\n\n\n\n<p><p>Tur\u00edn ha sido la primera capital de Italia despu\u00e9s de la unificaci\u00f3n y durante el XIX siglo se ha convertido en un importante centro industrial.<\/p>\n<p>&nbsp;<\/p><\/p>\n\n\n\n<p>Hoy en d\u00eda Tur\u00edn es la ciudad de Fiat y del equipo de futb\u00f3l de Juventus y ofrece una vida cultural muy interesante gracias a sus librer\u00edas, galer\u00edas de arte y museos, especialmente el Museo Egipcio y el Museo del cine.<\/p>\n<\/div>\n<\/div>\n\n\n<div  class=\"wp-block-ultimate-post-heading ultp-block-115fee\"><div class=\"ultp-block-wrapper\"><div class=\"ultp-heading-wrap ultp-heading-style9 ultp-heading-center\"><h2 class=\"ultp-heading-inner\"><span>Elige tu curso en Tur\u00edn<\/span><\/h2><\/div><\/div><\/div>\n\n<div class=\"wopb-shortcode\" data-postid=\"95378\"><div  class=\"wp-block-product-blocks-product-grid-1 wopb-block-c8b528 \"><div class=\"wopb-block-wrapper\"><div class=\"wopb-wrapper-main-content\"><div class=\"wopb-block-items-wrap wopb-block-row wopb-block-column-6\"><div class=\"wopb-block-item \"><div class=\"wopb-block-content-wrap\"><div class=\"wopb-block-image wopb-block-image-none\"><div class=\"wopb-product-new-meta\"><\/div><a href=\"https:\/\/www.studiainitalia.com\/es\/cursos\/cursos-de-italiano-en-italia\/italiano-en-turin\/\"><img decoding=\"async\" src=\"https:\/\/www.studiainitalia.com\/wp-content\/uploads\/2016\/11\/learn-italian-in-turin-e1490029138302-300x300.jpg\" alt=\"Cursos de Italiano en Tur\u00edn\" title=\"\"><\/a><\/div><h3 class=\"wopb-block-title\"><a title=\"Cursos de Italiano en Tur\u00edn\"  href=\"https:\/\/www.studiainitalia.com\/es\/cursos\/cursos-de-italiano-en-italia\/italiano-en-turin\/\">Cursos de Italiano en Tur\u00edn<\/a><\/h3><div class=\"wopb-product-price\"><span class=\"woocommerce-Price-amount amount\" aria-hidden=\"true\"><bdi>300<span class=\"woocommerce-Price-currencySymbol\">&euro;<\/span><\/bdi><\/span> <span aria-hidden=\"true\">-<\/span> <span class=\"woocommerce-Price-amount amount\" aria-hidden=\"true\"><bdi>820<span class=\"woocommerce-Price-currencySymbol\">&euro;<\/span><\/bdi><\/span><span class=\"screen-reader-text\">Rango de precios: desde 300&euro; hasta 820&euro;<\/span><\/div><div class=\"wopb-star-rating\"><span style=\"width: 99.6%\"><strong itemprop=\"ratingValue\" class=\"wopb-rating\">4.98<\/strong>de 5<\/span><\/div><\/div><\/div><\/div><\/div><\/div><\/div><\/div>\n\n\n\n<div class=\"wp-block-columns alignfull has-ast-global-color-2-background-color has-background is-layout-flex wp-container-core-columns-is-layout-c7ed57bb wp-block-columns-is-layout-flex\" style=\"padding: 5% 10% 5% 10%;\">\n\n<div class=\"wp-block-column is-layout-constrained wp-container-core-column-is-layout-80c0687d wp-block-column-is-layout-constrained\">\n\n<figure class=\"wp-block-image aligncenter size-full\"><img decoding=\"async\" width=\"52\" height=\"52\" class=\"wp-image-56065\" src=\"https:\/\/www.studiainitalia.com\/wp-content\/uploads\/2016\/11\/turin34343.png\" alt=\"\" title=\"\"><\/figure>\n\n\r\n\r\n<div  class=\"wp-block-ultimate-post-heading ultp-block-347174\"><div class=\"ultp-block-wrapper\"><div class=\"ultp-heading-wrap ultp-heading-style1 ultp-heading-center\"><h2 class=\"ultp-heading-inner\"><span>\u00bfPor qu\u00e9 Tur\u00edn?<\/span><\/h2><\/div><\/div><\/div>\n\r\n\r\n\n<p>Mientras Roma est\u00e1 relacionada a la Antig\u00fcedad y Florencia al Renacimiento, Tur\u00edn es el mejor ejemplo de ciudad real con sus impresionantes edificios \u2013 Palacio Real, Palacio Madama, Palacio Carignano.<\/p>\r\n<p>&nbsp;<\/p>\n\n\r\n\r\n\n<p>La ciudad cuenta con un gran n\u00famero de cafeter\u00edas y muchas de ellas son caf\u00e9s hist\u00f3ricos.<\/p>\n\n\r\n\r\n\n<p>Adem\u00e1s Tur\u00edn es la capital del chocolate: el famoso gianduia y la crema Nutella han sido creadas aqu\u00ed.<\/p>\n\n<\/div>\n\n\r\n\r\n\n<div class=\"wp-block-column is-layout-constrained wp-container-core-column-is-layout-80c0687d wp-block-column-is-layout-constrained\">\n\n<figure class=\"wp-block-image aligncenter size-full\"><img decoding=\"async\" width=\"50\" height=\"50\" class=\"wp-image-94147\" src=\"https:\/\/www.studiainitalia.com\/wp-content\/uploads\/2022\/09\/caelndar2-3_png_webp.png\" alt=\"\" title=\"\"><\/figure>\n\n\r\n\r\n<div  class=\"wp-block-ultimate-post-heading ultp-block-26a3ad\"><div class=\"ultp-block-wrapper\"><div class=\"ultp-heading-wrap ultp-heading-style1 ultp-heading-center\"><h2 class=\"ultp-heading-inner\"><span>\u00bfCu\u00e1ndo ir?<\/span><\/h2><\/div><\/div><\/div>\n\r\n\r\n\n<p>Tur\u00edn es una ciudad para todas las estaciones. El per\u00edodo m\u00e1s c\u00f1alido en Tur\u00edn va desde abril hasta octubre.<\/p>\r\n<p>&nbsp;<\/p>\n\n\r\n\r\n\n<p>En invierno la ciudad suele cubrirse de nieve, un para\u00edso para los amantes de los deportes de invierno.<\/p>\n\n<\/div>\n\n\r\n\r\n\n<div class=\"wp-block-column is-layout-constrained wp-container-core-column-is-layout-80c0687d wp-block-column-is-layout-constrained\">\n\n<figure class=\"wp-block-image aligncenter size-full\"><img decoding=\"async\" width=\"52\" height=\"52\" class=\"wp-image-94148\" src=\"https:\/\/www.studiainitalia.com\/wp-content\/uploads\/2022\/09\/vespa-1_png_webp.png\" alt=\"\" title=\"\"><\/figure>\n\n\r\n\r\n<div  class=\"wp-block-ultimate-post-heading ultp-block-92c77c\"><div class=\"ultp-block-wrapper\"><div class=\"ultp-heading-wrap ultp-heading-style1 ultp-heading-center\"><h2 class=\"ultp-heading-inner\"><span>Transporte<\/span><\/h2><\/div><\/div><\/div>\n\r\n\r\n\n<p>Existen numerosos vuelos al aeropuerto internacional de Tur\u00edn Caselle. Podemos organizar un transfer desde otros aeropuertos hasta tu alojamiento en Tur\u00edn.<\/p>\r\n<p>&nbsp;<\/p>\n\n\r\n\r\n\n<p>Para mayor informaci\u00f3n sobre cosas que ver y hacer durante tu curso de italiano en Tur\u00edn, te recomendamos la gu\u00eda\u00a0<a href=\"https:\/\/www.lonelyplanet.com\/italy\/liguria-piedmont-and-valle-daosta\/turin\" target=\"_blank\" rel=\"noreferrer noopener\">Lonely Planet Guide to Turin.<\/a><\/p>\n\n<\/div>\n\n<\/div>\n\n\n\n<div class=\"wp-block-columns alignfull are-vertically-aligned-center is-layout-flex wp-container-core-columns-is-layout-28f84493 wp-block-columns-is-layout-flex\">\n<div class=\"wp-block-column is-vertically-aligned-center is-layout-flow wp-block-column-is-layout-flow\" style=\"flex-basis:40%\">\n<figure class=\"wp-block-embed is-type-video is-provider-youtube wp-block-embed-youtube wp-embed-aspect-16-9 wp-has-aspect-ratio\"><div class=\"wp-block-embed__wrapper\">\n<iframe title=\"Torino is Happy\" width=\"500\" height=\"281\" src=\"https:\/\/www.youtube.com\/embed\/iWmUurkIeJ8?feature=oembed\" frameborder=\"0\" allow=\"accelerometer; autoplay; clipboard-write; encrypted-media; gyroscope; picture-in-picture; web-share\" referrerpolicy=\"strict-origin-when-cross-origin\" allowfullscreen><\/iframe>\n<\/div><\/figure>\n<\/div>\n\n\n\n<div class=\"wp-block-column is-vertically-aligned-center is-layout-flow wp-block-column-is-layout-flow\" style=\"flex-basis:60%\"><style>.kb-google-maps-container191921_338528-0d{height:450px;}.kb-google-maps-container191921_338528-0d{filter:grayscale(100%);}<\/style><div class=\"kb-google-maps-container kb-google-maps-container191921_338528-0d  wp-block-kadence-googlemaps\" data-mapid=\"191921_3385280d\"><iframe width=\"100%\" height=\"100%\"\n\t\t\t\t\t\t\tstyle=\"border:0\" loading=\"lazy\"\n\t\t\t\t\t\t\tsrc=\"https:\/\/www.google.com\/maps\/embed\/v1\/place?key=AIzaSyBAM2o7PiQqwk15LC1XRH2e_KJ-jUa7KYk&#038;zoom=11&#038;maptype=roadmap&#038;q=Turin\"\n\t\t\t\t\t\t\ttitle=\"Mapa de Google de Turin\"><\/iframe><\/div><script>function kb_google_map191921_3385280d() { let center = { lat: 37.8201, lng: -122.4781}; let map = new google.maps.Map(document.getElementById(\"kb-google-map191921_3385280d\"), {\n\t\t\t\t\t    zoom: 11,\n\t\t\t\t\t    center: center,});let marker = new google.maps.Marker({   position: { lat: 37.8201, lng: -122.4781},    map: map,  });}<\/script><\/div>\n<\/div>\n","protected":false},"excerpt":{"rendered":"<p>La ciudad de Tur\u00edn se encuentra entre los Alpes y la costa de Liguria. Fundada por los romanos, Tur\u00edn ha visto su mayor resplandor durante el periodo baroco y bajo la dominaci\u00f3n de los Savoia. &nbsp; Tur\u00edn ha sido la primera capital de Italia despu\u00e9s de la unificaci\u00f3n y durante el XIX siglo se ha [&hellip;]<\/p>\n","protected":false},"author":132,"featured_media":0,"parent":191779,"menu_order":61,"comment_status":"closed","ping_status":"closed","template":"","meta":{"_acf_changed":false,"_uag_custom_page_level_css":"","_kad_blocks_custom_css":"","_kad_blocks_head_custom_js":"","_kad_blocks_body_custom_js":"","_kad_blocks_footer_custom_js":"","site-sidebar-layout":"default","site-content-layout":"","ast-site-content-layout":"default","site-content-style":"default","site-sidebar-style":"default","ast-global-header-display":"","ast-banner-title-visibility":"","ast-main-header-display":"","ast-hfb-above-header-display":"","ast-hfb-below-header-display":"","ast-hfb-mobile-header-display":"","site-post-title":"disabled","ast-breadcrumbs-content":"","ast-featured-img":"","footer-sml-layout":"","ast-disable-related-posts":"","theme-transparent-header-meta":"","adv-header-id-meta":"","stick-header-meta":"","header-above-stick-meta":"","header-main-stick-meta":"","header-below-stick-meta":"","astra-migrate-meta-layouts":"set","ast-page-background-enabled":"default","ast-page-background-meta":{"desktop":{"background-color":"var(--ast-global-color-4)","background-image":"","background-repeat":"repeat","background-position":"center center","background-size":"auto","background-attachment":"scroll","background-type":"","background-media":"","overlay-type":"","overlay-color":"","overlay-opacity":"","overlay-gradient":""},"tablet":{"background-color":"","background-image":"","background-repeat":"repeat","background-position":"center center","background-size":"auto","background-attachment":"scroll","background-type":"","background-media":"","overlay-type":"","overlay-color":"","overlay-opacity":"","overlay-gradient":""},"mobile":{"background-color":"","background-image":"","background-repeat":"repeat","background-position":"center center","background-size":"auto","background-attachment":"scroll","background-type":"","background-media":"","overlay-type":"","overlay-color":"","overlay-opacity":"","overlay-gradient":""}},"ast-content-background-meta":{"desktop":{"background-color":"var(--ast-global-color-5)","background-image":"","background-repeat":"repeat","background-position":"center center","background-size":"auto","background-attachment":"scroll","background-type":"","background-media":"","overlay-type":"","overlay-color":"","overlay-opacity":"","overlay-gradient":""},"tablet":{"background-color":"var(--ast-global-color-5)","background-image":"","background-repeat":"repeat","background-position":"center center","background-size":"auto","background-attachment":"scroll","background-type":"","background-media":"","overlay-type":"","overlay-color":"","overlay-opacity":"","overlay-gradient":""},"mobile":{"background-color":"var(--ast-global-color-5)","background-image":"","background-repeat":"repeat","background-position":"center center","background-size":"auto","background-attachment":"scroll","background-type":"","background-media":"","overlay-type":"","overlay-color":"","overlay-opacity":"","overlay-gradient":""}},"footnotes":""},"class_list":["post-191921","page","type-page","status-publish","hentry"],"acf":[],"taxonomy_info":[],"featured_image_src_large":false,"author_info":{"display_name":"Jordi Torres","author_link":"https:\/\/www.studiainitalia.com\/es\/author\/creativa\/"},"comment_info":0,"uagb_featured_image_src":{"full":false,"thumbnail":false,"medium":false,"medium_large":false,"large":false,"1536x1536":false,"2048x2048":false,"ultp_layout_landscape_large":false,"ultp_layout_landscape":false,"ultp_layout_portrait":false,"ultp_layout_square":false,"gform-image-choice-sm":false,"gform-image-choice-md":false,"gform-image-choice-lg":false,"woocommerce_thumbnail":false,"woocommerce_single":false,"woocommerce_gallery_thumbnail":false,"yarpp-thumbnail":false},"uagb_author_info":{"display_name":"Jordi Torres","author_link":"https:\/\/www.studiainitalia.com\/es\/author\/creativa\/"},"uagb_comment_info":0,"uagb_excerpt":"La ciudad de Tur\u00edn se encuentra entre los Alpes y la costa de Liguria. Fundada por los romanos, Tur\u00edn ha visto su mayor resplandor durante el periodo baroco y bajo la dominaci\u00f3n de los Savoia. &nbsp; Tur\u00edn ha sido la primera capital de Italia despu\u00e9s de la unificaci\u00f3n y durante el XIX siglo se ha&hellip;","_links":{"self":[{"href":"https:\/\/www.studiainitalia.com\/es\/wp-json\/wp\/v2\/pages\/191921","targetHints":{"allow":["GET"]}}],"collection":[{"href":"https:\/\/www.studiainitalia.com\/es\/wp-json\/wp\/v2\/pages"}],"about":[{"href":"https:\/\/www.studiainitalia.com\/es\/wp-json\/wp\/v2\/types\/page"}],"author":[{"embeddable":true,"href":"https:\/\/www.studiainitalia.com\/es\/wp-json\/wp\/v2\/users\/132"}],"replies":[{"embeddable":true,"href":"https:\/\/www.studiainitalia.com\/es\/wp-json\/wp\/v2\/comments?post=191921"}],"version-history":[{"count":0,"href":"https:\/\/www.studiainitalia.com\/es\/wp-json\/wp\/v2\/pages\/191921\/revisions"}],"up":[{"embeddable":true,"href":"https:\/\/www.studiainitalia.com\/es\/wp-json\/wp\/v2\/pages\/191779"}],"wp:attachment":[{"href":"https:\/\/www.studiainitalia.com\/es\/wp-json\/wp\/v2\/media?parent=191921"}],"curies":[{"name":"wp","href":"https:\/\/api.w.org\/{rel}","templated":true}]}}