{"id":194105,"date":"2022-10-03T12:57:18","date_gmt":"2022-10-03T10:57:18","guid":{"rendered":"https:\/\/www.studiainitalia.com\/?page_id=194105"},"modified":"2024-01-15T19:23:11","modified_gmt":"2024-01-15T18:23:11","slug":"cursos-en-arezzo","status":"publish","type":"page","link":"https:\/\/www.studiainitalia.com\/es\/destinos\/cursos-en-arezzo\/","title":{"rendered":"Cursos en Arezzo"},"content":{"rendered":"\n<div class=\"wp-block-columns alignfull has-ast-global-color-2-background-color has-background is-layout-flex wp-container-core-columns-is-layout-c6bc58be wp-block-columns-is-layout-flex\" style=\"padding-top:0px;padding-right:0px;padding-bottom:0px;padding-left:0px\">\n<div class=\"wp-block-column is-layout-flow wp-block-column-is-layout-flow\" style=\"flex-basis:60%\">\n<div class=\"wp-block-cover alignfull is-light\" style=\"min-height:542px;aspect-ratio:unset;\"><span aria-hidden=\"true\" class=\"wp-block-cover__background has-background-dim\"><\/span><img decoding=\"async\" width=\"400\" height=\"400\" class=\"wp-block-cover__image-background wp-image-81571\" alt=\"Cursos de italiano en Arezzo\" src=\"https:\/\/www.studiainitalia.com\/wp-content\/uploads2019\/12\/arezzo-ciudad.jpg\" data-object-fit=\"cover\" title=\"\" srcset=\"https:\/\/www.studiainitalia.com\/wp-content\/uploads\/2019\/12\/arezzo-ciudad.jpg 400w, https:\/\/www.studiainitalia.com\/wp-content\/uploads\/2019\/12\/arezzo-ciudad-300x300.jpg 300w, https:\/\/www.studiainitalia.com\/wp-content\/uploads\/2019\/12\/arezzo-ciudad-150x150.jpg 150w, https:\/\/www.studiainitalia.com\/wp-content\/uploads\/2019\/12\/arezzo-ciudad-100x100.jpg 100w\" sizes=\"(max-width: 400px) 100vw, 400px\" \/><div class=\"wp-block-cover__inner-container is-layout-flow wp-block-cover-is-layout-flow\"><style>.wp-block-kadence-advancedheading.kt-adv-heading194105_65ee1a-8e, .wp-block-kadence-advancedheading.kt-adv-heading194105_65ee1a-8e[data-kb-block=\"kb-adv-heading194105_65ee1a-8e\"]{text-align:center;font-style:normal;}.wp-block-kadence-advancedheading.kt-adv-heading194105_65ee1a-8e mark.kt-highlight, .wp-block-kadence-advancedheading.kt-adv-heading194105_65ee1a-8e[data-kb-block=\"kb-adv-heading194105_65ee1a-8e\"] mark.kt-highlight{font-style:normal;color:#f76a0c;-webkit-box-decoration-break:clone;box-decoration-break:clone;padding-top:0px;padding-right:0px;padding-bottom:0px;padding-left:0px;}<\/style>\n<h1 class=\"kt-adv-heading194105_65ee1a-8e wp-block-kadence-advancedheading\" data-kb-block=\"kb-adv-heading194105_65ee1a-8e\">Cursos en Arezzo<\/h1>\n<\/div><\/div>\n<\/div>\n\n\n\n<div class=\"wp-block-column is-layout-flow wp-block-column-is-layout-flow\" style=\"padding-top:6%;padding-right:6%;padding-bottom:6%;padding-left:6%;flex-basis:40%\"><div  class=\"wp-block-ultimate-post-heading ultp-block-83c5c5\"><div class=\"ultp-block-wrapper\"><div class=\"ultp-heading-wrap ultp-heading-style9 ultp-heading-left\"><h2 class=\"ultp-heading-inner\"><span>\u00bfPOR QU\u00c9 APRENDER ITALIANO EN AREZZO?<\/span><\/h2><\/div><\/div><\/div>\n\n<style>.wp-block-kadence-spacer.kt-block-spacer-_03022e-64 .kt-block-spacer{height:10px;}.wp-block-kadence-spacer.kt-block-spacer-_03022e-64 .kt-divider{border-top-width:1px;height:1px;border-top-color:var(--ast-global-color-1);width:100%;border-top-style:solid;}<\/style>\n<div class=\"wp-block-kadence-spacer aligncenter kt-block-spacer-_03022e-64\"><div class=\"kt-block-spacer kt-block-spacer-halign-center\"><hr class=\"kt-divider\"\/><\/div><\/div>\n\n\n\n<p>Arezzo es una de las ciudades m\u00e1s bellas de la Toscana con or\u00edgenes que se remontan a la \u00e9poca etrusca y romana.<\/p>\n\n\n\n<p>La ciudad no es ni demasiado grande ni demasiado peque\u00f1a, \u00a1por lo que tiene el tama\u00f1o perfecto!<\/p>\n\n\n\n<p>Es animada pero tambi\u00e9n \u00edntima y, a diferencia de las ciudades m\u00e1s grandes, no abruma.<\/p>\n\n\n\n<p>Arezzo mantiene con orgullo las tradiciones italianas establecidas desde hace mucho tiempo, como la celebraci\u00f3n de festivales y ferias medievales y mercados semanales.<\/p>\n<\/div>\n<\/div>\n\n\n<div  class=\"wp-block-ultimate-post-heading ultp-block-8636c5\"><div class=\"ultp-block-wrapper\"><div class=\"ultp-heading-wrap ultp-heading-style9 ultp-heading-center\"><h2 class=\"ultp-heading-inner\"><span>Elige tu curso en Arezzo<\/span><\/h2><\/div><\/div><\/div>\n\n<div data-block-name=\"woocommerce\/product-category\" data-categories=\"[1369]\" data-columns=\"6\" data-content-visibility=\"{&quot;image&quot;:true,&quot;title&quot;:true,&quot;price&quot;:true,&quot;rating&quot;:true,&quot;button&quot;:false}\" class=\"wc-block-grid wp-block-product-category wp-block-woocommerce-product-category wc-block-product-category has-6-columns has-multiple-rows\"><ul class=\"wc-block-grid__products\"><li class=\"wc-block-grid__product\"><span class=\"gtm4wp_productdata\" style=\"display:none; visibility:hidden;\" data-gtm4wp_product_data=\"{&quot;internal_id&quot;:189312,&quot;item_id&quot;:189312,&quot;item_name&quot;:&quot;Curso de Italiano en Arezzo&quot;,&quot;sku&quot;:189312,&quot;price&quot;:295,&quot;stocklevel&quot;:null,&quot;stockstatus&quot;:&quot;instock&quot;,&quot;google_business_vertical&quot;:&quot;retail&quot;,&quot;item_category&quot;:&quot;Cursos en Arezzo&quot;,&quot;id&quot;:189312,&quot;productlink&quot;:&quot;https:\\\/\\\/www.studiainitalia.com\\\/es\\\/cursos\\\/cursos-de-italiano-en-italia\\\/italiano-en-arezzo\\\/&quot;,&quot;item_list_name&quot;:&quot;Lista general de productos&quot;,&quot;index&quot;:0,&quot;product_type&quot;:&quot;variable&quot;,&quot;item_brand&quot;:&quot;&quot;}\"><\/span>\n\t\t\t\t<a href=\"https:\/\/www.studiainitalia.com\/es\/cursos\/cursos-de-italiano-en-italia\/italiano-en-arezzo\/\" class=\"wc-block-grid__product-link\">\n\t\t\t\t\t\n\t\t\t\t\t<div class=\"wc-block-grid__product-image\"><img decoding=\"async\" width=\"300\" height=\"300\" src=\"https:\/\/www.studiainitalia.com\/wp-content\/uploads\/2024\/03\/AREZZO-300x300.jpg\" class=\"attachment-woocommerce_thumbnail size-woocommerce_thumbnail\" alt=\"CURSO DE ITALIANO EN AREZZO\" srcset=\"https:\/\/www.studiainitalia.com\/wp-content\/uploads\/2024\/03\/AREZZO-300x300.jpg 300w, https:\/\/www.studiainitalia.com\/wp-content\/uploads\/2024\/03\/AREZZO-600x600.jpg 600w, https:\/\/www.studiainitalia.com\/wp-content\/uploads\/2024\/03\/AREZZO-100x100.jpg 100w, https:\/\/www.studiainitalia.com\/wp-content\/uploads\/2024\/03\/AREZZO-120x120.jpg 120w\" sizes=\"(max-width: 300px) 100vw, 300px\" title=\"\"><\/div>\n\t\t\t\t\t<div class=\"wc-block-grid__product-title\">Curso de Italiano en Arezzo<\/div>\n\t\t\t\t<\/a>\n\t\t\t\t<div class=\"wc-block-grid__product-price price\"><span class=\"woocommerce-Price-amount amount\" aria-hidden=\"true\">295<span class=\"woocommerce-Price-currencySymbol\">&euro;<\/span><\/span> <span aria-hidden=\"true\">&#8211;<\/span> <span class=\"woocommerce-Price-amount amount\" aria-hidden=\"true\">800<span class=\"woocommerce-Price-currencySymbol\">&euro;<\/span><\/span><span class=\"screen-reader-text\">Rango de precios: desde 295&euro; hasta 800&euro;<\/span><\/div>\n\t\t\t\t<div class=\"wc-block-grid__product-rating\"><div class=\"review-rating\"><div class=\"star-rating\"><span style=\"width:100%\">Valorado con <strong class=\"rating\">5.00<\/strong> de 5 en base a <span class=\"rating\">8<\/span> valoraciones de clientes<\/span><\/div><\/div><\/div>\n\t\t\t\t\n\t\t\t<\/li><\/ul><\/div>\n\n\n<div class=\"wp-block-columns alignfull has-ast-global-color-2-background-color has-background is-layout-flex wp-container-core-columns-is-layout-c7ed57bb wp-block-columns-is-layout-flex\" style=\"padding-top:5%;padding-right:10%;padding-bottom:5%;padding-left:10%\">\n<div class=\"wp-block-column is-layout-constrained wp-container-core-column-is-layout-80c0687d wp-block-column-is-layout-constrained\">\n<figure class=\"wp-block-image aligncenter size-full\"><img decoding=\"async\" width=\"52\" height=\"52\" src=\"https:\/\/www.studiainitalia.com\/wp-content\/uploads\/2016\/10\/italy4.png\" alt=\"\" class=\"wp-image-85623\" title=\"\"><\/figure>\n\n\n<div  class=\"wp-block-ultimate-post-heading ultp-block-c8eddb\"><div class=\"ultp-block-wrapper\"><div class=\"ultp-heading-wrap ultp-heading-style1 ultp-heading-center\"><h2 class=\"ultp-heading-inner\"><span><mark class=\"has-inline-color has-ast-global-color-1-color\">\u00bfPor qu\u00e9 Arezzo?<\/mark><\/span><\/h2><\/div><\/div><\/div>\n\n\n<p>La gente local es muy amable y acogedora. Es buen punto de partida si quieres conocer la Toscana y a la vez, disfrutar de tranquilidad, lejos del turismo de masa.<\/p>\n<\/div>\n\n\n\n<div class=\"wp-block-column is-layout-constrained wp-container-core-column-is-layout-80c0687d wp-block-column-is-layout-constrained\">\n<figure class=\"wp-block-image aligncenter size-full\"><img decoding=\"async\" width=\"50\" height=\"50\" src=\"https:\/\/www.studiainitalia.com\/wp-content\/uploads\/2022\/09\/caelndar2-3_png_webp.png\" alt=\"\" class=\"wp-image-94147\" title=\"\"><\/figure>\n\n\n<div  class=\"wp-block-ultimate-post-heading ultp-block-528ddc\"><div class=\"ultp-block-wrapper\"><div class=\"ultp-heading-wrap ultp-heading-style1 ultp-heading-center\"><h2 class=\"ultp-heading-inner\"><span><mark class=\"has-inline-color has-ast-global-color-1-color\">\u00bfCu\u00e1ndo ir?<\/mark><\/span><\/h2><\/div><\/div><\/div>\n\n\n<p>Hay cines, una gran variedad de tiendas, comidas locales, libros y antig\u00fcedades, numerosos caf\u00e9s y bares, y, por supuesto, la famosa helader\u00eda, donde podr\u00e1 saborear el legendario helado italiano.<\/p>\n<\/div>\n\n\n\n<div class=\"wp-block-column is-layout-constrained wp-container-core-column-is-layout-80c0687d wp-block-column-is-layout-constrained\">\n<figure class=\"wp-block-image aligncenter size-full\"><img decoding=\"async\" width=\"52\" height=\"52\" src=\"https:\/\/www.studiainitalia.com\/wp-content\/uploads\/2022\/09\/vespa-1_png_webp.png\" alt=\"\" class=\"wp-image-94148\" title=\"\"><\/figure>\n\n\n<div  class=\"wp-block-ultimate-post-heading ultp-block-ad9f5d\"><div class=\"ultp-block-wrapper\"><div class=\"ultp-heading-wrap ultp-heading-style1 ultp-heading-center\"><h2 class=\"ultp-heading-inner\"><span>Transporte<\/span><\/h2><\/div><\/div><\/div>\n\n\n<p>Arezzo est\u00e1 cerca de muchos otros lugares hist\u00f3ricos de inter\u00e9s en la Toscana a los que se puede acceder f\u00e1cilmente en coche, tren o autob\u00fas.<\/p>\n<\/div>\n<\/div>\n\n\n\n<div class=\"wp-block-columns alignfull are-vertically-aligned-center is-layout-flex wp-container-core-columns-is-layout-28f84493 wp-block-columns-is-layout-flex\">\n<div class=\"wp-block-column is-vertically-aligned-center is-layout-flow wp-block-column-is-layout-flow\" style=\"flex-basis:100%\"><style>.kb-google-maps-container194105_826a18-db{height:450px;}.kb-google-maps-container194105_826a18-db{filter:grayscale(100%);}<\/style><div class=\"kb-google-maps-container kb-google-maps-container194105_826a18-db  wp-block-kadence-googlemaps\" data-mapid=\"194105_826a18db\"><iframe width=\"100%\" height=\"100%\"\n\t\t\t\t\t\t\tstyle=\"border:0\" loading=\"lazy\"\n\t\t\t\t\t\t\tsrc=\"https:\/\/www.google.com\/maps\/embed\/v1\/place?key=AIzaSyBAM2o7PiQqwk15LC1XRH2e_KJ-jUa7KYk&#038;zoom=11&#038;maptype=roadmap&#038;q=arezzo\"\n\t\t\t\t\t\t\ttitle=\"Mapa de Google de arezzo\"><\/iframe><\/div><script>function kb_google_map194105_826a18db() { let center = { lat: 37.8201, lng: -122.4781}; let map = new google.maps.Map(document.getElementById(\"kb-google-map194105_826a18db\"), {\n\t\t\t\t\t    zoom: 11,\n\t\t\t\t\t    center: center,});let marker = new google.maps.Marker({   position: { lat: 37.8201, lng: -122.4781},    map: map,  });}<\/script><\/div>\n<\/div>\n","protected":false},"excerpt":{"rendered":"<p>Arezzo es una de las ciudades m\u00e1s bellas de la Toscana con or\u00edgenes que se remontan a la \u00e9poca etrusca y romana. La ciudad no es ni demasiado grande ni demasiado peque\u00f1a, \u00a1por lo que tiene el tama\u00f1o perfecto! Es animada pero tambi\u00e9n \u00edntima y, a diferencia de las ciudades m\u00e1s grandes, no abruma. Arezzo [&hellip;]<\/p>\n","protected":false},"author":132,"featured_media":0,"parent":191779,"menu_order":61,"comment_status":"closed","ping_status":"closed","template":"","meta":{"_acf_changed":false,"_uag_custom_page_level_css":"","_kad_blocks_custom_css":"","_kad_blocks_head_custom_js":"","_kad_blocks_body_custom_js":"","_kad_blocks_footer_custom_js":"","site-sidebar-layout":"default","site-content-layout":"","ast-site-content-layout":"default","site-content-style":"default","site-sidebar-style":"default","ast-global-header-display":"","ast-banner-title-visibility":"","ast-main-header-display":"","ast-hfb-above-header-display":"","ast-hfb-below-header-display":"","ast-hfb-mobile-header-display":"","site-post-title":"","ast-breadcrumbs-content":"","ast-featured-img":"","footer-sml-layout":"","ast-disable-related-posts":"","theme-transparent-header-meta":"","adv-header-id-meta":"","stick-header-meta":"","header-above-stick-meta":"","header-main-stick-meta":"","header-below-stick-meta":"","astra-migrate-meta-layouts":"set","ast-page-background-enabled":"default","ast-page-background-meta":{"desktop":{"background-color":"var(--ast-global-color-4)","background-image":"","background-repeat":"repeat","background-position":"center center","background-size":"auto","background-attachment":"scroll","background-type":"","background-media":"","overlay-type":"","overlay-color":"","overlay-opacity":"","overlay-gradient":""},"tablet":{"background-color":"","background-image":"","background-repeat":"repeat","background-position":"center center","background-size":"auto","background-attachment":"scroll","background-type":"","background-media":"","overlay-type":"","overlay-color":"","overlay-opacity":"","overlay-gradient":""},"mobile":{"background-color":"","background-image":"","background-repeat":"repeat","background-position":"center center","background-size":"auto","background-attachment":"scroll","background-type":"","background-media":"","overlay-type":"","overlay-color":"","overlay-opacity":"","overlay-gradient":""}},"ast-content-background-meta":{"desktop":{"background-color":"var(--ast-global-color-5)","background-image":"","background-repeat":"repeat","background-position":"center center","background-size":"auto","background-attachment":"scroll","background-type":"","background-media":"","overlay-type":"","overlay-color":"","overlay-opacity":"","overlay-gradient":""},"tablet":{"background-color":"var(--ast-global-color-5)","background-image":"","background-repeat":"repeat","background-position":"center center","background-size":"auto","background-attachment":"scroll","background-type":"","background-media":"","overlay-type":"","overlay-color":"","overlay-opacity":"","overlay-gradient":""},"mobile":{"background-color":"var(--ast-global-color-5)","background-image":"","background-repeat":"repeat","background-position":"center center","background-size":"auto","background-attachment":"scroll","background-type":"","background-media":"","overlay-type":"","overlay-color":"","overlay-opacity":"","overlay-gradient":""}},"footnotes":""},"class_list":["post-194105","page","type-page","status-publish","hentry"],"acf":[],"taxonomy_info":[],"featured_image_src_large":false,"author_info":{"display_name":"Jordi Torres","author_link":"https:\/\/www.studiainitalia.com\/es\/author\/creativa\/"},"comment_info":0,"uagb_featured_image_src":{"full":false,"thumbnail":false,"medium":false,"medium_large":false,"large":false,"1536x1536":false,"2048x2048":false,"ultp_layout_landscape_large":false,"ultp_layout_landscape":false,"ultp_layout_portrait":false,"ultp_layout_square":false,"gform-image-choice-sm":false,"gform-image-choice-md":false,"gform-image-choice-lg":false,"woocommerce_thumbnail":false,"woocommerce_single":false,"woocommerce_gallery_thumbnail":false,"yarpp-thumbnail":false},"uagb_author_info":{"display_name":"Jordi Torres","author_link":"https:\/\/www.studiainitalia.com\/es\/author\/creativa\/"},"uagb_comment_info":0,"uagb_excerpt":"Arezzo es una de las ciudades m\u00e1s bellas de la Toscana con or\u00edgenes que se remontan a la \u00e9poca etrusca y romana. La ciudad no es ni demasiado grande ni demasiado peque\u00f1a, \u00a1por lo que tiene el tama\u00f1o perfecto! Es animada pero tambi\u00e9n \u00edntima y, a diferencia de las ciudades m\u00e1s grandes, no abruma. Arezzo&hellip;","_links":{"self":[{"href":"https:\/\/www.studiainitalia.com\/es\/wp-json\/wp\/v2\/pages\/194105","targetHints":{"allow":["GET"]}}],"collection":[{"href":"https:\/\/www.studiainitalia.com\/es\/wp-json\/wp\/v2\/pages"}],"about":[{"href":"https:\/\/www.studiainitalia.com\/es\/wp-json\/wp\/v2\/types\/page"}],"author":[{"embeddable":true,"href":"https:\/\/www.studiainitalia.com\/es\/wp-json\/wp\/v2\/users\/132"}],"replies":[{"embeddable":true,"href":"https:\/\/www.studiainitalia.com\/es\/wp-json\/wp\/v2\/comments?post=194105"}],"version-history":[{"count":0,"href":"https:\/\/www.studiainitalia.com\/es\/wp-json\/wp\/v2\/pages\/194105\/revisions"}],"up":[{"embeddable":true,"href":"https:\/\/www.studiainitalia.com\/es\/wp-json\/wp\/v2\/pages\/191779"}],"wp:attachment":[{"href":"https:\/\/www.studiainitalia.com\/es\/wp-json\/wp\/v2\/media?parent=194105"}],"curies":[{"name":"wp","href":"https:\/\/api.w.org\/{rel}","templated":true}]}}