{"id":194273,"date":"2022-10-03T14:04:57","date_gmt":"2022-10-03T12:04:57","guid":{"rendered":"https:\/\/www.studiainitalia.com\/?page_id=194273"},"modified":"2026-01-12T15:35:52","modified_gmt":"2026-01-12T14:35:52","slug":"cursos-en-trapani","status":"publish","type":"page","link":"https:\/\/www.studiainitalia.com\/es\/destinos\/cursos-en-trapani\/","title":{"rendered":"Trapani"},"content":{"rendered":"\n<div class=\"wp-block-columns alignfull has-ast-global-color-2-background-color has-background is-layout-flex wp-container-core-columns-is-layout-c6bc58be wp-block-columns-is-layout-flex\" style=\"padding-top:0px;padding-right:0px;padding-bottom:0px;padding-left:0px\">\n<div class=\"wp-block-column is-layout-flow wp-block-column-is-layout-flow\" style=\"flex-basis:60%\">\n<div class=\"wp-block-cover alignfull is-light\" style=\"min-height:458px;aspect-ratio:unset;\"><img decoding=\"async\" class=\"wp-block-cover__image-background wp-image-203601 size-full\" alt=\"\" src=\"https:\/\/www.studiainitalia.com\/wp-content\/uploads\/2026\/01\/trapani.jpg\" data-object-fit=\"cover\" title=\"\"><span aria-hidden=\"true\" class=\"wp-block-cover__background has-background-dim\" style=\"background-color:#9db1be\"><\/span><div class=\"wp-block-cover__inner-container is-layout-flow wp-block-cover-is-layout-flow\"><style>.wp-block-kadence-advancedheading.kt-adv-heading194273_9df04b-cf, .wp-block-kadence-advancedheading.kt-adv-heading194273_9df04b-cf[data-kb-block=\"kb-adv-heading194273_9df04b-cf\"]{text-align:center;font-style:normal;}.wp-block-kadence-advancedheading.kt-adv-heading194273_9df04b-cf mark.kt-highlight, .wp-block-kadence-advancedheading.kt-adv-heading194273_9df04b-cf[data-kb-block=\"kb-adv-heading194273_9df04b-cf\"] mark.kt-highlight{font-style:normal;color:#f76a0c;-webkit-box-decoration-break:clone;box-decoration-break:clone;padding-top:0px;padding-right:0px;padding-bottom:0px;padding-left:0px;}<\/style>\n<h1 class=\"kt-adv-heading194273_9df04b-cf wp-block-kadence-advancedheading\" data-kb-block=\"kb-adv-heading194273_9df04b-cf\">Trapani<\/h1>\n<\/div><\/div>\n<\/div>\n\n\n\n<div class=\"wp-block-column is-layout-flow wp-block-column-is-layout-flow\" style=\"padding-top:6%;padding-right:6%;padding-bottom:6%;padding-left:6%;flex-basis:40%\"><div  class=\"wp-block-ultimate-post-heading ultp-block-fd32b1\"><div class=\"ultp-block-wrapper\"><div class=\"ultp-heading-wrap ultp-heading-style9 ultp-heading-left\"><h2 class=\"ultp-heading-inner\"><span>TRAPANI<\/span><\/h2><\/div><\/div><\/div>\n\n<style>.wp-block-kadence-spacer.kt-block-spacer-_03022e-64 .kt-block-spacer{height:10px;}.wp-block-kadence-spacer.kt-block-spacer-_03022e-64 .kt-divider{border-top-width:1px;height:1px;border-top-color:var(--ast-global-color-1);width:100%;border-top-style:solid;}<\/style>\n<div class=\"wp-block-kadence-spacer aligncenter kt-block-spacer-_03022e-64\"><div class=\"kt-block-spacer kt-block-spacer-halign-center\"><hr class=\"kt-divider\"\/><\/div><\/div>\n\n\n\n<p>.Situada en el coraz\u00f3n del <strong>mar Mediterr\u00e1neo<\/strong>, <strong>Sicilia<\/strong> marca el punto de encuentro entre las culturas del Mediterr\u00e1neo occidental y oriental. Gracias a su posici\u00f3n estrat\u00e9gica, <strong>Trapani<\/strong>, la quinta ciudad m\u00e1s grande de Sicilia, siempre ha estado profundamente conectada con el <strong>Mediterr\u00e1neo occidental<\/strong>, desde los mundos p\u00fanico y \u00e1rabe hasta Catalu\u00f1a y Espa\u00f1a.<\/p>\n\n\n<style>.kadence-column194273_fabce6-a0 > .kt-inside-inner-col,.kadence-column194273_fabce6-a0 > .kt-inside-inner-col:before{border-top-left-radius:0px;border-top-right-radius:0px;border-bottom-right-radius:0px;border-bottom-left-radius:0px;}.kadence-column194273_fabce6-a0 > .kt-inside-inner-col{column-gap:var(--global-kb-gap-sm, 1rem);}.kadence-column194273_fabce6-a0 > .kt-inside-inner-col{flex-direction:column;}.kadence-column194273_fabce6-a0 > .kt-inside-inner-col > .aligncenter{width:100%;}.kadence-column194273_fabce6-a0 > .kt-inside-inner-col:before{opacity:0.3;}.kadence-column194273_fabce6-a0{position:relative;}@media all and (max-width: 1024px){.kadence-column194273_fabce6-a0 > .kt-inside-inner-col{flex-direction:column;justify-content:center;}}@media all and (max-width: 767px){.kadence-column194273_fabce6-a0 > .kt-inside-inner-col{flex-direction:column;justify-content:center;}}<\/style>\n<div class=\"wp-block-kadence-column kadence-column194273_fabce6-a0\"><div class=\"kt-inside-inner-col\"><\/div><\/div>\n\n\n\n<p>Los amantes de la naturaleza pueden explorar las <strong>islas Egadi<\/strong>, la <strong>reserva natural del Zingaro<\/strong> y las emblem\u00e1ticas <strong>salinas de Trapani y Paceco<\/strong>. Si dispone de m\u00e1s tiempo, la isla volc\u00e1nica de <strong>Pantelleria<\/strong> destaca como uno de los destinos m\u00e1s bellos del Mediterr\u00e1neo.<\/p>\n\n\n<style>.kadence-column194273_498335-ab > .kt-inside-inner-col,.kadence-column194273_498335-ab > .kt-inside-inner-col:before{border-top-left-radius:0px;border-top-right-radius:0px;border-bottom-right-radius:0px;border-bottom-left-radius:0px;}.kadence-column194273_498335-ab > .kt-inside-inner-col{column-gap:var(--global-kb-gap-sm, 1rem);}.kadence-column194273_498335-ab > .kt-inside-inner-col{flex-direction:column;}.kadence-column194273_498335-ab > .kt-inside-inner-col > .aligncenter{width:100%;}.kadence-column194273_498335-ab > .kt-inside-inner-col:before{opacity:0.3;}.kadence-column194273_498335-ab{position:relative;}@media all and (max-width: 1024px){.kadence-column194273_498335-ab > .kt-inside-inner-col{flex-direction:column;justify-content:center;}}@media all and (max-width: 767px){.kadence-column194273_498335-ab > .kt-inside-inner-col{flex-direction:column;justify-content:center;}}<\/style>\n<div class=\"wp-block-kadence-column kadence-column194273_498335-ab\"><div class=\"kt-inside-inner-col\"><\/div><\/div>\n<\/div>\n<\/div>\n\n\n<div  class=\"wp-block-ultimate-post-heading ultp-block-57f158\"><div class=\"ultp-block-wrapper\"><div class=\"ultp-heading-wrap ultp-heading-style9 ultp-heading-center\"><h2 class=\"ultp-heading-inner\"><span>Elige tu curso en Trapani<\/span><\/h2><\/div><\/div><\/div>\n\n<div data-block-name=\"woocommerce\/product-category\" data-categories=\"[2024]\" data-columns=\"6\" data-content-visibility=\"{&quot;image&quot;:true,&quot;title&quot;:true,&quot;price&quot;:true,&quot;rating&quot;:true,&quot;button&quot;:false}\" class=\"wc-block-grid wp-block-product-category wp-block-woocommerce-product-category wc-block-product-category has-6-columns has-multiple-rows\"><ul class=\"wc-block-grid__products\"><li class=\"wc-block-grid__product\"><span class=\"gtm4wp_productdata\" style=\"display:none; visibility:hidden;\" data-gtm4wp_product_data=\"{&quot;internal_id&quot;:203652,&quot;item_id&quot;:203652,&quot;item_name&quot;:&quot;Curso de italiano en Trapani&quot;,&quot;sku&quot;:203652,&quot;price&quot;:285,&quot;stocklevel&quot;:null,&quot;stockstatus&quot;:&quot;instock&quot;,&quot;google_business_vertical&quot;:&quot;retail&quot;,&quot;item_category&quot;:&quot;Cursos en Trapani&quot;,&quot;id&quot;:203652,&quot;productlink&quot;:&quot;https:\\\/\\\/www.studiainitalia.com\\\/es\\\/cursos\\\/cursos-de-italiano-en-italia\\\/curso-de-italiano-en-trapani\\\/&quot;,&quot;item_list_name&quot;:&quot;Lista general de productos&quot;,&quot;index&quot;:0,&quot;product_type&quot;:&quot;variable&quot;,&quot;item_brand&quot;:&quot;&quot;}\"><\/span>\n\t\t\t\t<a href=\"https:\/\/www.studiainitalia.com\/es\/cursos\/cursos-de-italiano-en-italia\/curso-de-italiano-en-trapani\/\" class=\"wc-block-grid__product-link\">\n\t\t\t\t\t\n\t\t\t\t\t<div class=\"wc-block-grid__product-image\"><img decoding=\"async\" width=\"300\" height=\"300\" src=\"https:\/\/www.studiainitalia.com\/wp-content\/uploads\/2026\/01\/trapani-1-300x300.jpg\" class=\"attachment-woocommerce_thumbnail size-woocommerce_thumbnail\" alt=\"Curso de italiano en Trapani\" srcset=\"https:\/\/www.studiainitalia.com\/wp-content\/uploads\/2026\/01\/trapani-1-300x300.jpg 300w, https:\/\/www.studiainitalia.com\/wp-content\/uploads\/2026\/01\/trapani-1-600x600.jpg 600w, https:\/\/www.studiainitalia.com\/wp-content\/uploads\/2026\/01\/trapani-1-100x100.jpg 100w, https:\/\/www.studiainitalia.com\/wp-content\/uploads\/2026\/01\/trapani-1-120x120.jpg 120w\" sizes=\"(max-width: 300px) 100vw, 300px\" title=\"\"><\/div>\n\t\t\t\t\t<div class=\"wc-block-grid__product-title\">Curso de italiano en Trapani<\/div>\n\t\t\t\t<\/a>\n\t\t\t\t<div class=\"wc-block-grid__product-price price\"><span class=\"woocommerce-Price-amount amount\" aria-hidden=\"true\">285<span class=\"woocommerce-Price-currencySymbol\">&euro;<\/span><\/span> <span aria-hidden=\"true\">&#8211;<\/span> <span class=\"woocommerce-Price-amount amount\" aria-hidden=\"true\">870<span class=\"woocommerce-Price-currencySymbol\">&euro;<\/span><\/span><span class=\"screen-reader-text\">Rango de precios: desde 285&euro; hasta 870&euro;<\/span><\/div>\n\t\t\t\t<div class=\"wc-block-grid__product-rating\"><div class=\"review-rating\"><div class=\"star-rating\"><span style=\"width:100%\">Valorado con <strong class=\"rating\">5.00<\/strong> de 5 en base a <span class=\"rating\">1<\/span> valoraci\u00f3n de un cliente<\/span><\/div><\/div><\/div>\n\t\t\t\t\n\t\t\t<\/li><\/ul><\/div>\n\n\n<div class=\"wp-block-columns alignfull has-ast-global-color-2-background-color has-background is-layout-flex wp-container-core-columns-is-layout-c7ed57bb wp-block-columns-is-layout-flex\" style=\"padding-top:5%;padding-right:10%;padding-bottom:5%;padding-left:10%\">\n<div class=\"wp-block-column is-layout-constrained wp-container-core-column-is-layout-80c0687d wp-block-column-is-layout-constrained\">\n<figure class=\"wp-block-image aligncenter size-full\"><img decoding=\"async\" width=\"52\" height=\"52\" src=\"https:\/\/www.studiainitalia.com\/wp-content\/uploads\/2016\/11\/sorrentobbbb.png\" alt=\"\" class=\"wp-image-85703\" title=\"\"><\/figure>\n\n\n<div  class=\"wp-block-ultimate-post-heading ultp-block-1b831a\"><div class=\"ultp-block-wrapper\"><div class=\"ultp-heading-wrap ultp-heading-style1 ultp-heading-center\"><h2 class=\"ultp-heading-inner\"><span>\u00bfPor qu\u00e9 Trapani?<\/span><\/h2><\/div><\/div><\/div>\n\n\n<p><strong>Trapani es el principal centro tur\u00edstico del oeste de Sicilia<\/strong>, y ofrece un f\u00e1cil acceso a un extraordinario patrimonio cultural: <strong>Mozia<\/strong> y sus restos p\u00fanicos, <strong>Mazara del Vallo<\/strong> con su casbah \u00e1rabe, <strong>Marsala<\/strong> y su historia romana, <strong>Selinunte<\/strong>, el parque arqueol\u00f3gico m\u00e1s grande de Europa, y los yacimientos elimos de <strong>Erice<\/strong> y <strong>Segesta<\/strong>.<\/p>\n<\/div>\n\n\n\n<div class=\"wp-block-column is-layout-constrained wp-container-core-column-is-layout-80c0687d wp-block-column-is-layout-constrained\">\n<figure class=\"wp-block-image aligncenter size-full\"><img decoding=\"async\" width=\"50\" height=\"50\" src=\"https:\/\/www.studiainitalia.com\/wp-content\/uploads\/2022\/09\/caelndar2-3_png_webp.png\" alt=\"\" class=\"wp-image-94147\" title=\"\"><\/figure>\n\n\n<div  class=\"wp-block-ultimate-post-heading ultp-block-4c14e4\"><div class=\"ultp-block-wrapper\"><div class=\"ultp-heading-wrap ultp-heading-style1 ultp-heading-center\"><h2 class=\"ultp-heading-inner\"><span>\u00bfCu\u00e1ndo ir?<\/span><\/h2><\/div><\/div><\/div>\n\n\n<p>El mejor periodo para visitar Trapani es la primavera cuando las temperaturas son agradables; tambi\u00e9n el verano es una buena temporada y por su posici\u00f3n en la costa el calor es moderado por la brisa del mar.<\/p>\n<\/div>\n\n\n\n<div class=\"wp-block-column is-layout-constrained wp-container-core-column-is-layout-80c0687d wp-block-column-is-layout-constrained\">\n<figure class=\"wp-block-image aligncenter size-full\"><img decoding=\"async\" width=\"52\" height=\"52\" src=\"https:\/\/www.studiainitalia.com\/wp-content\/uploads\/2022\/09\/vespa-1_png_webp.png\" alt=\"\" class=\"wp-image-94148\" title=\"\"><\/figure>\n\n\n<div  class=\"wp-block-ultimate-post-heading ultp-block-5bc3b7\"><div class=\"ultp-block-wrapper\"><div class=\"ultp-heading-wrap ultp-heading-style1 ultp-heading-center\"><h2 class=\"ultp-heading-inner\"><span>Transporte<\/span><\/h2><\/div><\/div><\/div>\n\n<style>.kadence-column194273_80195f-43 > .kt-inside-inner-col,.kadence-column194273_80195f-43 > .kt-inside-inner-col:before{border-top-left-radius:0px;border-top-right-radius:0px;border-bottom-right-radius:0px;border-bottom-left-radius:0px;}.kadence-column194273_80195f-43 > .kt-inside-inner-col{column-gap:var(--global-kb-gap-sm, 1rem);}.kadence-column194273_80195f-43 > .kt-inside-inner-col{flex-direction:column;}.kadence-column194273_80195f-43 > .kt-inside-inner-col > .aligncenter{width:100%;}.kadence-column194273_80195f-43 > .kt-inside-inner-col:before{opacity:0.3;}.kadence-column194273_80195f-43{position:relative;}@media all and (max-width: 1024px){.kadence-column194273_80195f-43 > .kt-inside-inner-col{flex-direction:column;justify-content:center;}}@media all and (max-width: 767px){.kadence-column194273_80195f-43 > .kt-inside-inner-col{flex-direction:column;justify-content:center;}}<\/style>\n<div class=\"wp-block-kadence-column kadence-column194273_80195f-43\"><div class=\"kt-inside-inner-col\"><\/div><\/div>\n\n\n\n<p>Para mayor informaci\u00f3n sobre cosas que ver y hacer durante tu curso de italiano en Trapani , te recomendamos la gu\u00eda&nbsp;<a href=\"https:\/\/www.lonelyplanet.com\/destinations\/italy\/sicily\/trapani\" target=\"_blank\" rel=\"noreferrer noopener\">Lonely Planet Guide to Trapani.<\/a><\/p>\n<\/div>\n<\/div>\n\n\n\n<div class=\"wp-block-columns alignfull are-vertically-aligned-center is-layout-flex wp-container-core-columns-is-layout-28f84493 wp-block-columns-is-layout-flex\">\n<div class=\"wp-block-column is-vertically-aligned-center is-layout-flow wp-block-column-is-layout-flow\" style=\"flex-basis:100%\"><style>.kb-google-maps-container194273_134d71-57{height:450px;}.kb-google-maps-container194273_134d71-57{filter:grayscale(100%);}<\/style><div class=\"kb-google-maps-container kb-google-maps-container194273_134d71-57  wp-block-kadence-googlemaps\" data-mapid=\"194273_134d7157\"><iframe width=\"100%\" height=\"100%\"\n\t\t\t\t\t\t\tstyle=\"border:0\" loading=\"lazy\"\n\t\t\t\t\t\t\tsrc=\"https:\/\/www.google.com\/maps\/embed\/v1\/place?key=AIzaSyBAM2o7PiQqwk15LC1XRH2e_KJ-jUa7KYk&#038;zoom=13&#038;maptype=roadmap&#038;q=Trapani%2C+Italia\"\n\t\t\t\t\t\t\ttitle=\"Mapa de Google de Trapani, Italia\"><\/iframe><\/div><script>function kb_google_map194273_134d7157() { let center = { lat: 37.8201, lng: -122.4781}; let map = new google.maps.Map(document.getElementById(\"kb-google-map194273_134d7157\"), {\n\t\t\t\t\t    zoom: 13,\n\t\t\t\t\t    center: center,});let marker = new google.maps.Marker({   position: { lat: 37.8201, lng: -122.4781},    map: map,  });}<\/script><\/div>\n<\/div>\n","protected":false},"excerpt":{"rendered":"<p>.Situada en el coraz\u00f3n del mar Mediterr\u00e1neo, Sicilia marca el punto de encuentro entre las culturas del Mediterr\u00e1neo occidental y oriental. Gracias a su posici\u00f3n estrat\u00e9gica, Trapani, la quinta ciudad m\u00e1s grande de Sicilia, siempre ha estado profundamente conectada con el Mediterr\u00e1neo occidental, desde los mundos p\u00fanico y \u00e1rabe hasta Catalu\u00f1a y Espa\u00f1a. Los amantes [&hellip;]<\/p>\n","protected":false},"author":132,"featured_media":0,"parent":191779,"menu_order":61,"comment_status":"closed","ping_status":"closed","template":"","meta":{"_acf_changed":false,"_uag_custom_page_level_css":"","_kad_blocks_custom_css":"","_kad_blocks_head_custom_js":"","_kad_blocks_body_custom_js":"","_kad_blocks_footer_custom_js":"","site-sidebar-layout":"default","site-content-layout":"","ast-site-content-layout":"default","site-content-style":"default","site-sidebar-style":"default","ast-global-header-display":"","ast-banner-title-visibility":"","ast-main-header-display":"","ast-hfb-above-header-display":"","ast-hfb-below-header-display":"","ast-hfb-mobile-header-display":"","site-post-title":"","ast-breadcrumbs-content":"","ast-featured-img":"","footer-sml-layout":"","ast-disable-related-posts":"","theme-transparent-header-meta":"","adv-header-id-meta":"","stick-header-meta":"","header-above-stick-meta":"","header-main-stick-meta":"","header-below-stick-meta":"","astra-migrate-meta-layouts":"set","ast-page-background-enabled":"default","ast-page-background-meta":{"desktop":{"background-color":"var(--ast-global-color-4)","background-image":"","background-repeat":"repeat","background-position":"center center","background-size":"auto","background-attachment":"scroll","background-type":"","background-media":"","overlay-type":"","overlay-color":"","overlay-opacity":"","overlay-gradient":""},"tablet":{"background-color":"","background-image":"","background-repeat":"repeat","background-position":"center center","background-size":"auto","background-attachment":"scroll","background-type":"","background-media":"","overlay-type":"","overlay-color":"","overlay-opacity":"","overlay-gradient":""},"mobile":{"background-color":"","background-image":"","background-repeat":"repeat","background-position":"center center","background-size":"auto","background-attachment":"scroll","background-type":"","background-media":"","overlay-type":"","overlay-color":"","overlay-opacity":"","overlay-gradient":""}},"ast-content-background-meta":{"desktop":{"background-color":"var(--ast-global-color-5)","background-image":"","background-repeat":"repeat","background-position":"center center","background-size":"auto","background-attachment":"scroll","background-type":"","background-media":"","overlay-type":"","overlay-color":"","overlay-opacity":"","overlay-gradient":""},"tablet":{"background-color":"var(--ast-global-color-5)","background-image":"","background-repeat":"repeat","background-position":"center center","background-size":"auto","background-attachment":"scroll","background-type":"","background-media":"","overlay-type":"","overlay-color":"","overlay-opacity":"","overlay-gradient":""},"mobile":{"background-color":"var(--ast-global-color-5)","background-image":"","background-repeat":"repeat","background-position":"center center","background-size":"auto","background-attachment":"scroll","background-type":"","background-media":"","overlay-type":"","overlay-color":"","overlay-opacity":"","overlay-gradient":""}},"footnotes":""},"class_list":["post-194273","page","type-page","status-publish","hentry"],"acf":[],"taxonomy_info":[],"featured_image_src_large":false,"author_info":{"display_name":"Jordi Torres","author_link":"https:\/\/www.studiainitalia.com\/es\/author\/creativa\/"},"comment_info":0,"uagb_featured_image_src":{"full":false,"thumbnail":false,"medium":false,"medium_large":false,"large":false,"1536x1536":false,"2048x2048":false,"ultp_layout_landscape_large":false,"ultp_layout_landscape":false,"ultp_layout_portrait":false,"ultp_layout_square":false,"gform-image-choice-sm":false,"gform-image-choice-md":false,"gform-image-choice-lg":false,"woocommerce_thumbnail":false,"woocommerce_single":false,"woocommerce_gallery_thumbnail":false,"yarpp-thumbnail":false},"uagb_author_info":{"display_name":"Jordi Torres","author_link":"https:\/\/www.studiainitalia.com\/es\/author\/creativa\/"},"uagb_comment_info":0,"uagb_excerpt":".Situada en el coraz\u00f3n del mar Mediterr\u00e1neo, Sicilia marca el punto de encuentro entre las culturas del Mediterr\u00e1neo occidental y oriental. Gracias a su posici\u00f3n estrat\u00e9gica, Trapani, la quinta ciudad m\u00e1s grande de Sicilia, siempre ha estado profundamente conectada con el Mediterr\u00e1neo occidental, desde los mundos p\u00fanico y \u00e1rabe hasta Catalu\u00f1a y Espa\u00f1a. Los amantes&hellip;","_links":{"self":[{"href":"https:\/\/www.studiainitalia.com\/es\/wp-json\/wp\/v2\/pages\/194273","targetHints":{"allow":["GET"]}}],"collection":[{"href":"https:\/\/www.studiainitalia.com\/es\/wp-json\/wp\/v2\/pages"}],"about":[{"href":"https:\/\/www.studiainitalia.com\/es\/wp-json\/wp\/v2\/types\/page"}],"author":[{"embeddable":true,"href":"https:\/\/www.studiainitalia.com\/es\/wp-json\/wp\/v2\/users\/132"}],"replies":[{"embeddable":true,"href":"https:\/\/www.studiainitalia.com\/es\/wp-json\/wp\/v2\/comments?post=194273"}],"version-history":[{"count":0,"href":"https:\/\/www.studiainitalia.com\/es\/wp-json\/wp\/v2\/pages\/194273\/revisions"}],"up":[{"embeddable":true,"href":"https:\/\/www.studiainitalia.com\/es\/wp-json\/wp\/v2\/pages\/191779"}],"wp:attachment":[{"href":"https:\/\/www.studiainitalia.com\/es\/wp-json\/wp\/v2\/media?parent=194273"}],"curies":[{"name":"wp","href":"https:\/\/api.w.org\/{rel}","templated":true}]}}