{"id":194285,"date":"2022-10-03T14:11:25","date_gmt":"2022-10-03T12:11:25","guid":{"rendered":"https:\/\/www.studiainitalia.com\/?page_id=194285"},"modified":"2024-01-15T19:05:29","modified_gmt":"2024-01-15T18:05:29","slug":"cursos-en-trieste","status":"publish","type":"page","link":"https:\/\/www.studiainitalia.com\/es\/destinos\/cursos-en-trieste\/","title":{"rendered":"Cursos en Trieste"},"content":{"rendered":"\n<div class=\"wp-block-columns alignfull has-ast-global-color-2-background-color has-background is-layout-flex wp-container-core-columns-is-layout-c6bc58be wp-block-columns-is-layout-flex\" style=\"padding-top:0px;padding-right:0px;padding-bottom:0px;padding-left:0px\">\n<div class=\"wp-block-column is-layout-flow wp-block-column-is-layout-flow\" style=\"flex-basis:60%\">\n<div class=\"wp-block-cover alignfull\" style=\"min-height:724px;aspect-ratio:unset;\"><span aria-hidden=\"true\" class=\"wp-block-cover__background has-background-dim\"><\/span><img decoding=\"async\" width=\"640\" height=\"387\" class=\"wp-block-cover__image-background wp-image-67643\" alt=\"cursos de italiano en Trieste\" src=\"https:\/\/www.studiainitalia.com\/wp-content\/uploads\/2016\/12\/learn-italian-in-trieste.jpg\" data-object-fit=\"cover\" title=\"\" srcset=\"https:\/\/www.studiainitalia.com\/wp-content\/uploads\/2016\/12\/learn-italian-in-trieste.jpg 640w, https:\/\/www.studiainitalia.com\/wp-content\/uploads\/2016\/12\/learn-italian-in-trieste-400x242.jpg 400w\" sizes=\"(max-width: 640px) 100vw, 640px\" \/><div class=\"wp-block-cover__inner-container is-layout-flow wp-block-cover-is-layout-flow\"><style>.wp-block-kadence-advancedheading.kt-adv-heading194285_51e96d-ce, .wp-block-kadence-advancedheading.kt-adv-heading194285_51e96d-ce[data-kb-block=\"kb-adv-heading194285_51e96d-ce\"]{text-align:center;font-style:normal;}.wp-block-kadence-advancedheading.kt-adv-heading194285_51e96d-ce mark.kt-highlight, .wp-block-kadence-advancedheading.kt-adv-heading194285_51e96d-ce[data-kb-block=\"kb-adv-heading194285_51e96d-ce\"] mark.kt-highlight{font-style:normal;color:#f76a0c;-webkit-box-decoration-break:clone;box-decoration-break:clone;padding-top:0px;padding-right:0px;padding-bottom:0px;padding-left:0px;}<\/style>\n<h1 class=\"kt-adv-heading194285_51e96d-ce wp-block-kadence-advancedheading\" data-kb-block=\"kb-adv-heading194285_51e96d-ce\">Cursos en Trieste<\/h1>\n<\/div><\/div>\n<\/div>\n\n\n\n<div class=\"wp-block-column is-layout-flow wp-block-column-is-layout-flow\" style=\"padding-top:6%;padding-right:6%;padding-bottom:6%;padding-left:6%;flex-basis:40%\"><div  class=\"wp-block-ultimate-post-heading ultp-block-962116\"><div class=\"ultp-block-wrapper\"><div class=\"ultp-heading-wrap ultp-heading-style9 ultp-heading-left\"><h2 class=\"ultp-heading-inner\"><span>TRIESTE<\/span><\/h2><\/div><\/div><\/div>\n\n<style>.wp-block-kadence-spacer.kt-block-spacer-_03022e-64 .kt-block-spacer{height:10px;}.wp-block-kadence-spacer.kt-block-spacer-_03022e-64 .kt-divider{border-top-width:1px;height:1px;border-top-color:var(--ast-global-color-1);width:100%;border-top-style:solid;}<\/style>\n<div class=\"wp-block-kadence-spacer aligncenter kt-block-spacer-_03022e-64\"><div class=\"kt-block-spacer kt-block-spacer-halign-center\"><hr class=\"kt-divider\"\/><\/div><\/div>\n\n\n\n<p>Trieste es una ciudad llena de car\u00e1cter y cultura. Aqu\u00ed podr\u00e1s encontrar ruinas romanas, castillos, iglesias e interesantes museos.<\/p>\n\n\n\n<p>Trieste es un buen punto de partida para explorar los tesoros de la costa, como por ejemplo el Castillo Miramare, y tambi\u00e9n para visitar Slovenia y Croacia.<\/p>\n\n\n<style>.kadence-column194285_0caa0d-92 > .kt-inside-inner-col,.kadence-column194285_0caa0d-92 > .kt-inside-inner-col:before{border-top-left-radius:0px;border-top-right-radius:0px;border-bottom-right-radius:0px;border-bottom-left-radius:0px;}.kadence-column194285_0caa0d-92 > .kt-inside-inner-col{column-gap:var(--global-kb-gap-sm, 1rem);}.kadence-column194285_0caa0d-92 > .kt-inside-inner-col{flex-direction:column;}.kadence-column194285_0caa0d-92 > .kt-inside-inner-col > .aligncenter{width:100%;}.kadence-column194285_0caa0d-92 > .kt-inside-inner-col:before{opacity:0.3;}.kadence-column194285_0caa0d-92{position:relative;}@media all and (max-width: 1024px){.kadence-column194285_0caa0d-92 > .kt-inside-inner-col{flex-direction:column;justify-content:center;}}@media all and (max-width: 767px){.kadence-column194285_0caa0d-92 > .kt-inside-inner-col{flex-direction:column;justify-content:center;}}<\/style>\n<div class=\"wp-block-kadence-column kadence-column194285_0caa0d-92\"><div class=\"kt-inside-inner-col\"><\/div><\/div>\n\n\n\n<p>Entre monta\u00f1a y mar, Trieste ofrece numerosas actividades en la naturaleza.<\/p>\n\n\n\n<p>Por el centro, caracterizado por edificios en estilo imperial, podr\u00e1s encontrar y disfrutar de numerosos bares con terrazas que miran hacia el mar.<\/p>\n<\/div>\n<\/div>\n\n\n<div  class=\"wp-block-ultimate-post-heading ultp-block-762cf8\"><div class=\"ultp-block-wrapper\"><div class=\"ultp-heading-wrap ultp-heading-style9 ultp-heading-center\"><h2 class=\"ultp-heading-inner\"><span>Elige tu curso en Trieste<\/span><\/h2><\/div><\/div><\/div>\n\n<div data-block-name=\"woocommerce\/product-category\" data-categories=\"[1307]\" data-columns=\"6\" data-content-visibility=\"{&quot;image&quot;:true,&quot;title&quot;:true,&quot;price&quot;:true,&quot;rating&quot;:true,&quot;button&quot;:false}\" class=\"wc-block-grid wp-block-product-category wp-block-woocommerce-product-category wc-block-product-category has-6-columns has-multiple-rows\"><ul class=\"wc-block-grid__products\"><li class=\"wc-block-grid__product\"><span class=\"gtm4wp_productdata\" style=\"display:none; visibility:hidden;\" data-gtm4wp_product_data=\"{&quot;internal_id&quot;:188337,&quot;item_id&quot;:188337,&quot;item_name&quot;:&quot;Cursos de Italiano en Trieste&quot;,&quot;sku&quot;:188337,&quot;price&quot;:250,&quot;stocklevel&quot;:null,&quot;stockstatus&quot;:&quot;instock&quot;,&quot;google_business_vertical&quot;:&quot;retail&quot;,&quot;item_category&quot;:&quot;Cursos de italiano en Italia&quot;,&quot;id&quot;:188337,&quot;productlink&quot;:&quot;https:\\\/\\\/www.studiainitalia.com\\\/es\\\/cursos\\\/cursos-de-italiano-en-italia\\\/italiano-en-trieste\\\/&quot;,&quot;item_list_name&quot;:&quot;Lista general de productos&quot;,&quot;index&quot;:0,&quot;product_type&quot;:&quot;variable&quot;,&quot;item_brand&quot;:&quot;&quot;}\"><\/span>\n\t\t\t\t<a href=\"https:\/\/www.studiainitalia.com\/es\/cursos\/cursos-de-italiano-en-italia\/italiano-en-trieste\/\" class=\"wc-block-grid__product-link\">\n\t\t\t\t\t\n\t\t\t\t\t<div class=\"wc-block-grid__product-image\"><img decoding=\"async\" width=\"300\" height=\"300\" src=\"https:\/\/www.studiainitalia.com\/wp-content\/uploads\/2024\/03\/TRIESTE-300x300.jpg\" class=\"attachment-woocommerce_thumbnail size-woocommerce_thumbnail\" alt=\"CURSO DE ITALIANO EN TRIESTE\" srcset=\"https:\/\/www.studiainitalia.com\/wp-content\/uploads\/2024\/03\/TRIESTE-300x300.jpg 300w, https:\/\/www.studiainitalia.com\/wp-content\/uploads\/2024\/03\/TRIESTE-600x600.jpg 600w, https:\/\/www.studiainitalia.com\/wp-content\/uploads\/2024\/03\/TRIESTE-100x100.jpg 100w, https:\/\/www.studiainitalia.com\/wp-content\/uploads\/2024\/03\/TRIESTE-120x120.jpg 120w\" sizes=\"(max-width: 300px) 100vw, 300px\" title=\"\"><\/div>\n\t\t\t\t\t<div class=\"wc-block-grid__product-title\">Cursos de Italiano en Trieste<\/div>\n\t\t\t\t<\/a>\n\t\t\t\t<div class=\"wc-block-grid__product-price price\"><span class=\"woocommerce-Price-amount amount\" aria-hidden=\"true\">250<span class=\"woocommerce-Price-currencySymbol\">&euro;<\/span><\/span> <span aria-hidden=\"true\">&#8211;<\/span> <span class=\"woocommerce-Price-amount amount\" aria-hidden=\"true\">1.320<span class=\"woocommerce-Price-currencySymbol\">&euro;<\/span><\/span><span class=\"screen-reader-text\">Rango de precios: desde 250&euro; hasta 1.320&euro;<\/span><\/div>\n\t\t\t\t<div class=\"wc-block-grid__product-rating\"><div class=\"review-rating\"><div class=\"star-rating\"><span style=\"width:95.8%\">Valorado con <strong class=\"rating\">4.79<\/strong> de 5 en base a <span class=\"rating\">24<\/span> valoraciones de clientes<\/span><\/div><\/div><\/div>\n\t\t\t\t\n\t\t\t<\/li><\/ul><\/div>\n\n\n<div class=\"wp-block-columns alignfull has-ast-global-color-2-background-color has-background is-layout-flex wp-container-core-columns-is-layout-c7ed57bb wp-block-columns-is-layout-flex\" style=\"padding-top:5%;padding-right:10%;padding-bottom:5%;padding-left:10%\">\n<div class=\"wp-block-column is-layout-constrained wp-container-core-column-is-layout-80c0687d wp-block-column-is-layout-constrained\">\n<figure class=\"wp-block-image aligncenter size-full\"><img decoding=\"async\" width=\"52\" height=\"52\" src=\"https:\/\/www.studiainitalia.com\/wp-content\/uploads\/2016\/10\/italy4.png\" alt=\"\" class=\"wp-image-85623\" title=\"\"><\/figure>\n\n\n<div  class=\"wp-block-ultimate-post-heading ultp-block-aa6961\"><div class=\"ultp-block-wrapper\"><div class=\"ultp-heading-wrap ultp-heading-style1 ultp-heading-center\"><h2 class=\"ultp-heading-inner\"><span>\u00bfPor qu\u00e9 Trieste?<\/span><\/h2><\/div><\/div><\/div>\n\n\n<p>Es un lugar ideal para quien desea descubrir un contacto directo con los italianos: la gente de Trieste es amable y siempre disponible a charlar y ofrecer consejos a los visitantes.<\/p>\n\n\n<style>.kadence-column194285_a67528-06 > .kt-inside-inner-col,.kadence-column194285_a67528-06 > .kt-inside-inner-col:before{border-top-left-radius:0px;border-top-right-radius:0px;border-bottom-right-radius:0px;border-bottom-left-radius:0px;}.kadence-column194285_a67528-06 > .kt-inside-inner-col{column-gap:var(--global-kb-gap-sm, 1rem);}.kadence-column194285_a67528-06 > .kt-inside-inner-col{flex-direction:column;}.kadence-column194285_a67528-06 > .kt-inside-inner-col > .aligncenter{width:100%;}.kadence-column194285_a67528-06 > .kt-inside-inner-col:before{opacity:0.3;}.kadence-column194285_a67528-06{position:relative;}@media all and (max-width: 1024px){.kadence-column194285_a67528-06 > .kt-inside-inner-col{flex-direction:column;justify-content:center;}}@media all and (max-width: 767px){.kadence-column194285_a67528-06 > .kt-inside-inner-col{flex-direction:column;justify-content:center;}}<\/style>\n<div class=\"wp-block-kadence-column kadence-column194285_a67528-06\"><div class=\"kt-inside-inner-col\"><\/div><\/div>\n\n\n\n<p>Como resultado de su compleja historia en el pasado y su posici\u00f3n geogr\u00e1fica, la ciudad de Trieste ofrece una interesante mezcla cultural y ling\u00fc\u00edstica.<\/p>\n<\/div>\n\n\n\n<div class=\"wp-block-column is-layout-constrained wp-container-core-column-is-layout-80c0687d wp-block-column-is-layout-constrained\">\n<figure class=\"wp-block-image aligncenter size-full\"><img decoding=\"async\" width=\"50\" height=\"50\" src=\"https:\/\/www.studiainitalia.com\/wp-content\/uploads\/2022\/09\/caelndar2-3_png_webp.png\" alt=\"\" class=\"wp-image-94147\" title=\"\"><\/figure>\n\n\n<div  class=\"wp-block-ultimate-post-heading ultp-block-ade2b5\"><div class=\"ultp-block-wrapper\"><div class=\"ultp-heading-wrap ultp-heading-style1 ultp-heading-center\"><h2 class=\"ultp-heading-inner\"><span>\u00bfCu\u00e1ndo ir?<\/span><\/h2><\/div><\/div><\/div>\n\n\n<p>Primavera y verano son las mejores \u00e9pocas para visitar Trieste.<\/p>\n\n\n\n<p>Adem\u00e1s, dada la cercan\u00eda de algunas de las m\u00e1s famosas pistas de esqu\u00ed de Italia Croacia, Eslovenia y Austria, Trieste puede ser una interesante meta para tu viaje de invierno<\/p>\n<\/div>\n\n\n\n<div class=\"wp-block-column is-layout-constrained wp-container-core-column-is-layout-80c0687d wp-block-column-is-layout-constrained\">\n<figure class=\"wp-block-image aligncenter size-full\"><img decoding=\"async\" width=\"52\" height=\"52\" src=\"https:\/\/www.studiainitalia.com\/wp-content\/uploads\/2022\/09\/vespa-1_png_webp.png\" alt=\"\" class=\"wp-image-94148\" title=\"\"><\/figure>\n\n\n<div  class=\"wp-block-ultimate-post-heading ultp-block-6bdbce\"><div class=\"ultp-block-wrapper\"><div class=\"ultp-heading-wrap ultp-heading-style1 ultp-heading-center\"><h2 class=\"ultp-heading-inner\"><span>Transporte<\/span><\/h2><\/div><\/div><\/div>\n\n\n<p>El aeropuerto de Friuli-Venezia-Giulia se encuentra a unos 33 kil\u00f3metros de Trieste. Est\u00e1 servido por un limitado n\u00famero de compa\u00f1\u00edas a\u00e9reas desde Europa. En alternativa es posible volar hacia el aeropuerto Marco Polo de Venecia y tomar un tren hacia Trieste.<\/p>\n\n\n<style>.kadence-column194285_23c05d-aa > .kt-inside-inner-col,.kadence-column194285_23c05d-aa > .kt-inside-inner-col:before{border-top-left-radius:0px;border-top-right-radius:0px;border-bottom-right-radius:0px;border-bottom-left-radius:0px;}.kadence-column194285_23c05d-aa > .kt-inside-inner-col{column-gap:var(--global-kb-gap-sm, 1rem);}.kadence-column194285_23c05d-aa > .kt-inside-inner-col{flex-direction:column;}.kadence-column194285_23c05d-aa > .kt-inside-inner-col > .aligncenter{width:100%;}.kadence-column194285_23c05d-aa > .kt-inside-inner-col:before{opacity:0.3;}.kadence-column194285_23c05d-aa{position:relative;}@media all and (max-width: 1024px){.kadence-column194285_23c05d-aa > .kt-inside-inner-col{flex-direction:column;justify-content:center;}}@media all and (max-width: 767px){.kadence-column194285_23c05d-aa > .kt-inside-inner-col{flex-direction:column;justify-content:center;}}<\/style>\n<div class=\"wp-block-kadence-column kadence-column194285_23c05d-aa\"><div class=\"kt-inside-inner-col\"><\/div><\/div>\n\n\n\n<p>Para mayor informaci\u00f3n sobre cosas que ver y hacer durante tu curso de italiano en Trieste, te recomendamos la gu\u00eda&nbsp;<a href=\"https:\/\/www.lonelyplanet.com\/italy\/friuli-venezia-giulia\/trieste\" target=\"_blank\" rel=\"noreferrer noopener\">Lonely Planet Guide to Trieste<\/a>.<\/p>\n<\/div>\n<\/div>\n\n\n\n<div class=\"wp-block-columns alignfull are-vertically-aligned-center is-layout-flex wp-container-core-columns-is-layout-28f84493 wp-block-columns-is-layout-flex\">\n<div class=\"wp-block-column is-vertically-aligned-center is-layout-flow wp-block-column-is-layout-flow\" style=\"flex-basis:40%\">\n<figure class=\"wp-block-embed is-type-video is-provider-youtube wp-block-embed-youtube wp-embed-aspect-4-3 wp-has-aspect-ratio\"><div class=\"wp-block-embed__wrapper\">\n<iframe title=\"Trieste Turismo - Trieste, citt\u00e0 fascinosa\" width=\"500\" height=\"375\" src=\"https:\/\/www.youtube.com\/embed\/fVl88nm_OFA?feature=oembed\" frameborder=\"0\" allow=\"accelerometer; autoplay; clipboard-write; encrypted-media; gyroscope; picture-in-picture; web-share\" referrerpolicy=\"strict-origin-when-cross-origin\" allowfullscreen><\/iframe>\n<\/div><\/figure>\n<\/div>\n\n\n\n<div class=\"wp-block-column is-layout-flow wp-block-column-is-layout-flow\"><\/div>\n\n\n\n<div class=\"wp-block-column is-vertically-aligned-center is-layout-flow wp-block-column-is-layout-flow\" style=\"flex-basis:60%\"><style>.kb-google-maps-container194285_660192-9e{height:450px;}.kb-google-maps-container194285_660192-9e{filter:grayscale(100%);}<\/style><div class=\"kb-google-maps-container kb-google-maps-container194285_660192-9e  wp-block-kadence-googlemaps\" data-mapid=\"194285_6601929e\"><iframe width=\"100%\" height=\"100%\"\n\t\t\t\t\t\t\tstyle=\"border:0\" loading=\"lazy\"\n\t\t\t\t\t\t\tsrc=\"https:\/\/www.google.com\/maps\/embed\/v1\/place?key=AIzaSyBAM2o7PiQqwk15LC1XRH2e_KJ-jUa7KYk&#038;zoom=13&#038;maptype=roadmap&#038;q=Trieste\"\n\t\t\t\t\t\t\ttitle=\"Mapa de Google de Trieste\"><\/iframe><\/div><script>function kb_google_map194285_6601929e() { let center = { lat: 37.8201, lng: -122.4781}; let map = new google.maps.Map(document.getElementById(\"kb-google-map194285_6601929e\"), {\n\t\t\t\t\t    zoom: 13,\n\t\t\t\t\t    center: center,});let marker = new google.maps.Marker({   position: { lat: 37.8201, lng: -122.4781},    map: map,  });}<\/script><\/div>\n<\/div>\n","protected":false},"excerpt":{"rendered":"<p>Trieste es una ciudad llena de car\u00e1cter y cultura. Aqu\u00ed podr\u00e1s encontrar ruinas romanas, castillos, iglesias e interesantes museos. Trieste es un buen punto de partida para explorar los tesoros de la costa, como por ejemplo el Castillo Miramare, y tambi\u00e9n para visitar Slovenia y Croacia. Entre monta\u00f1a y mar, Trieste ofrece numerosas actividades en [&hellip;]<\/p>\n","protected":false},"author":132,"featured_media":0,"parent":191779,"menu_order":61,"comment_status":"closed","ping_status":"closed","template":"","meta":{"_acf_changed":false,"_uag_custom_page_level_css":"","_kad_blocks_custom_css":"","_kad_blocks_head_custom_js":"","_kad_blocks_body_custom_js":"","_kad_blocks_footer_custom_js":"","site-sidebar-layout":"default","site-content-layout":"","ast-site-content-layout":"default","site-content-style":"default","site-sidebar-style":"default","ast-global-header-display":"","ast-banner-title-visibility":"","ast-main-header-display":"","ast-hfb-above-header-display":"","ast-hfb-below-header-display":"","ast-hfb-mobile-header-display":"","site-post-title":"","ast-breadcrumbs-content":"","ast-featured-img":"","footer-sml-layout":"","ast-disable-related-posts":"","theme-transparent-header-meta":"","adv-header-id-meta":"","stick-header-meta":"","header-above-stick-meta":"","header-main-stick-meta":"","header-below-stick-meta":"","astra-migrate-meta-layouts":"set","ast-page-background-enabled":"default","ast-page-background-meta":{"desktop":{"background-color":"var(--ast-global-color-4)","background-image":"","background-repeat":"repeat","background-position":"center center","background-size":"auto","background-attachment":"scroll","background-type":"","background-media":"","overlay-type":"","overlay-color":"","overlay-opacity":"","overlay-gradient":""},"tablet":{"background-color":"","background-image":"","background-repeat":"repeat","background-position":"center center","background-size":"auto","background-attachment":"scroll","background-type":"","background-media":"","overlay-type":"","overlay-color":"","overlay-opacity":"","overlay-gradient":""},"mobile":{"background-color":"","background-image":"","background-repeat":"repeat","background-position":"center center","background-size":"auto","background-attachment":"scroll","background-type":"","background-media":"","overlay-type":"","overlay-color":"","overlay-opacity":"","overlay-gradient":""}},"ast-content-background-meta":{"desktop":{"background-color":"var(--ast-global-color-5)","background-image":"","background-repeat":"repeat","background-position":"center center","background-size":"auto","background-attachment":"scroll","background-type":"","background-media":"","overlay-type":"","overlay-color":"","overlay-opacity":"","overlay-gradient":""},"tablet":{"background-color":"var(--ast-global-color-5)","background-image":"","background-repeat":"repeat","background-position":"center center","background-size":"auto","background-attachment":"scroll","background-type":"","background-media":"","overlay-type":"","overlay-color":"","overlay-opacity":"","overlay-gradient":""},"mobile":{"background-color":"var(--ast-global-color-5)","background-image":"","background-repeat":"repeat","background-position":"center center","background-size":"auto","background-attachment":"scroll","background-type":"","background-media":"","overlay-type":"","overlay-color":"","overlay-opacity":"","overlay-gradient":""}},"footnotes":""},"class_list":["post-194285","page","type-page","status-publish","hentry"],"acf":[],"taxonomy_info":[],"featured_image_src_large":false,"author_info":{"display_name":"Jordi Torres","author_link":"https:\/\/www.studiainitalia.com\/es\/author\/creativa\/"},"comment_info":0,"uagb_featured_image_src":{"full":false,"thumbnail":false,"medium":false,"medium_large":false,"large":false,"1536x1536":false,"2048x2048":false,"ultp_layout_landscape_large":false,"ultp_layout_landscape":false,"ultp_layout_portrait":false,"ultp_layout_square":false,"gform-image-choice-sm":false,"gform-image-choice-md":false,"gform-image-choice-lg":false,"woocommerce_thumbnail":false,"woocommerce_single":false,"woocommerce_gallery_thumbnail":false,"yarpp-thumbnail":false},"uagb_author_info":{"display_name":"Jordi Torres","author_link":"https:\/\/www.studiainitalia.com\/es\/author\/creativa\/"},"uagb_comment_info":0,"uagb_excerpt":"Trieste es una ciudad llena de car\u00e1cter y cultura. Aqu\u00ed podr\u00e1s encontrar ruinas romanas, castillos, iglesias e interesantes museos. Trieste es un buen punto de partida para explorar los tesoros de la costa, como por ejemplo el Castillo Miramare, y tambi\u00e9n para visitar Slovenia y Croacia. Entre monta\u00f1a y mar, Trieste ofrece numerosas actividades en&hellip;","_links":{"self":[{"href":"https:\/\/www.studiainitalia.com\/es\/wp-json\/wp\/v2\/pages\/194285","targetHints":{"allow":["GET"]}}],"collection":[{"href":"https:\/\/www.studiainitalia.com\/es\/wp-json\/wp\/v2\/pages"}],"about":[{"href":"https:\/\/www.studiainitalia.com\/es\/wp-json\/wp\/v2\/types\/page"}],"author":[{"embeddable":true,"href":"https:\/\/www.studiainitalia.com\/es\/wp-json\/wp\/v2\/users\/132"}],"replies":[{"embeddable":true,"href":"https:\/\/www.studiainitalia.com\/es\/wp-json\/wp\/v2\/comments?post=194285"}],"version-history":[{"count":0,"href":"https:\/\/www.studiainitalia.com\/es\/wp-json\/wp\/v2\/pages\/194285\/revisions"}],"up":[{"embeddable":true,"href":"https:\/\/www.studiainitalia.com\/es\/wp-json\/wp\/v2\/pages\/191779"}],"wp:attachment":[{"href":"https:\/\/www.studiainitalia.com\/es\/wp-json\/wp\/v2\/media?parent=194285"}],"curies":[{"name":"wp","href":"https:\/\/api.w.org\/{rel}","templated":true}]}}