{"id":194295,"date":"2022-10-03T14:18:37","date_gmt":"2022-10-03T12:18:37","guid":{"rendered":"https:\/\/www.studiainitalia.com\/?page_id=194295"},"modified":"2025-12-13T14:25:42","modified_gmt":"2025-12-13T13:25:42","slug":"cursos-en-tropea","status":"publish","type":"page","link":"https:\/\/www.studiainitalia.com\/es\/destinos\/cursos-en-tropea\/","title":{"rendered":"Cursos en Tropea"},"content":{"rendered":"\n<div class=\"wp-block-columns alignfull has-ast-global-color-2-background-color has-background is-layout-flex wp-container-core-columns-is-layout-c6bc58be wp-block-columns-is-layout-flex\" style=\"padding-top:0px;padding-right:0px;padding-bottom:0px;padding-left:0px\">\n<div class=\"wp-block-column is-layout-flow wp-block-column-is-layout-flow\" style=\"flex-basis:60%\">\n<div class=\"wp-block-cover alignfull is-light\" style=\"min-height:645px;aspect-ratio:unset;\"><img decoding=\"async\" width=\"700\" height=\"370\" class=\"wp-block-cover__image-background wp-image-75252\" alt=\"Cursos de italiano en Tropea\" src=\"https:\/\/www.studiainitalia.com\/wp-content\/uploads2018\/10\/Unusual-Cities-to-Study-Abroad-in-Italy-Tropea.jpg\" data-object-fit=\"cover\" title=\"\" srcset=\"https:\/\/www.studiainitalia.com\/wp-content\/uploads\/2018\/10\/Unusual-Cities-to-Study-Abroad-in-Italy-Tropea.jpg 700w, https:\/\/www.studiainitalia.com\/wp-content\/uploads\/2018\/10\/Unusual-Cities-to-Study-Abroad-in-Italy-Tropea-300x159.jpg 300w, https:\/\/www.studiainitalia.com\/wp-content\/uploads\/2018\/10\/Unusual-Cities-to-Study-Abroad-in-Italy-Tropea-400x211.jpg 400w\" sizes=\"(max-width: 700px) 100vw, 700px\" \/><span aria-hidden=\"true\" class=\"wp-block-cover__background has-background-dim\"><\/span><div class=\"wp-block-cover__inner-container is-layout-flow wp-block-cover-is-layout-flow\"><style>.wp-block-kadence-advancedheading.kt-adv-heading194295_f7e7c0-2a, .wp-block-kadence-advancedheading.kt-adv-heading194295_f7e7c0-2a[data-kb-block=\"kb-adv-heading194295_f7e7c0-2a\"]{text-align:center;font-style:normal;}.wp-block-kadence-advancedheading.kt-adv-heading194295_f7e7c0-2a mark.kt-highlight, .wp-block-kadence-advancedheading.kt-adv-heading194295_f7e7c0-2a[data-kb-block=\"kb-adv-heading194295_f7e7c0-2a\"] mark.kt-highlight{font-style:normal;color:#f76a0c;-webkit-box-decoration-break:clone;box-decoration-break:clone;padding-top:0px;padding-right:0px;padding-bottom:0px;padding-left:0px;}<\/style>\n<h1 class=\"kt-adv-heading194295_f7e7c0-2a wp-block-kadence-advancedheading\" data-kb-block=\"kb-adv-heading194295_f7e7c0-2a\">Cursos en Tropea<\/h1>\n<\/div><\/div>\n<\/div>\n\n\n\n<div class=\"wp-block-column is-layout-flow wp-block-column-is-layout-flow\" style=\"padding-top:6%;padding-right:6%;padding-bottom:6%;padding-left:6%;flex-basis:40%\"><div  class=\"wp-block-ultimate-post-heading ultp-block-38cc62\"><div class=\"ultp-block-wrapper\"><div class=\"ultp-heading-wrap ultp-heading-style9 ultp-heading-left\"><h2 class=\"ultp-heading-inner\"><span>TROPEA<\/span><\/h2><\/div><\/div><\/div>\n\n<style>.wp-block-kadence-spacer.kt-block-spacer-_03022e-64 .kt-block-spacer{height:10px;}.wp-block-kadence-spacer.kt-block-spacer-_03022e-64 .kt-divider{border-top-width:1px;height:1px;border-top-color:var(--ast-global-color-1);width:100%;border-top-style:solid;}<\/style>\n<div class=\"wp-block-kadence-spacer aligncenter kt-block-spacer-_03022e-64\"><div class=\"kt-block-spacer kt-block-spacer-halign-center\"><hr class=\"kt-divider\"\/><\/div><\/div>\n\n\n\n<p>Tropea es una localidad de playa con un impresionante paisaje en la regi\u00f3n de Calabria, en el sur de Italia.<\/p>\n\n\n\n<p>Esta estrecha parte de la costa del Mar Tirreno se llama Costa degli Dei \u2013 Costa los Dioses \u2013 y es uno de los destinos favoritos para las vacaciones de verano.<\/p>\n\n\n<style>.kadence-column194295_3e24e2-18 > .kt-inside-inner-col,.kadence-column194295_3e24e2-18 > .kt-inside-inner-col:before{border-top-left-radius:0px;border-top-right-radius:0px;border-bottom-right-radius:0px;border-bottom-left-radius:0px;}.kadence-column194295_3e24e2-18 > .kt-inside-inner-col{column-gap:var(--global-kb-gap-sm, 1rem);}.kadence-column194295_3e24e2-18 > .kt-inside-inner-col{flex-direction:column;}.kadence-column194295_3e24e2-18 > .kt-inside-inner-col > .aligncenter{width:100%;}.kadence-column194295_3e24e2-18 > .kt-inside-inner-col:before{opacity:0.3;}.kadence-column194295_3e24e2-18{position:relative;}@media all and (max-width: 1024px){.kadence-column194295_3e24e2-18 > .kt-inside-inner-col{flex-direction:column;justify-content:center;}}@media all and (max-width: 767px){.kadence-column194295_3e24e2-18 > .kt-inside-inner-col{flex-direction:column;justify-content:center;}}<\/style>\n<div class=\"wp-block-kadence-column kadence-column194295_3e24e2-18\"><div class=\"kt-inside-inner-col\"><\/div><\/div>\n\n\n\n<p>Tropea es uno de los pueblos m\u00e1s pintorescos de la costa, con un centro hist\u00f3rico posicionado encima de un acantilado sobre el mar.<\/p>\n<\/div>\n<\/div>\n\n\n<div  class=\"wp-block-ultimate-post-heading ultp-block-5c526f\"><div class=\"ultp-block-wrapper\"><div class=\"ultp-heading-wrap ultp-heading-style9 ultp-heading-center\"><h2 class=\"ultp-heading-inner\"><span>Elige tu curso en\u00a0 Tropea<\/span><\/h2><\/div><\/div><\/div>\n\n<div data-block-name=\"woocommerce\/product-category\" data-categories=\"[1328]\" data-columns=\"6\" data-content-visibility=\"{&quot;image&quot;:true,&quot;title&quot;:true,&quot;price&quot;:true,&quot;rating&quot;:true,&quot;button&quot;:false}\" class=\"wc-block-grid wp-block-product-category wp-block-woocommerce-product-category wc-block-product-category has-6-columns has-multiple-rows\"><ul class=\"wc-block-grid__products\"><li class=\"wc-block-grid__product\"><span class=\"gtm4wp_productdata\" style=\"display:none; visibility:hidden;\" data-gtm4wp_product_data=\"{&quot;internal_id&quot;:188595,&quot;item_id&quot;:188595,&quot;item_name&quot;:&quot;Cursos de Italiano en Tropea&quot;,&quot;sku&quot;:188595,&quot;price&quot;:375,&quot;stocklevel&quot;:null,&quot;stockstatus&quot;:&quot;instock&quot;,&quot;google_business_vertical&quot;:&quot;retail&quot;,&quot;item_category&quot;:&quot;Cursos de italiano en Italia&quot;,&quot;id&quot;:188595,&quot;productlink&quot;:&quot;https:\\\/\\\/www.studiainitalia.com\\\/es\\\/cursos\\\/cursos-de-italiano-en-italia\\\/italiano-en-tropea\\\/&quot;,&quot;item_list_name&quot;:&quot;Lista general de productos&quot;,&quot;index&quot;:0,&quot;product_type&quot;:&quot;variable&quot;,&quot;item_brand&quot;:&quot;&quot;}\"><\/span>\n\t\t\t\t<a href=\"https:\/\/www.studiainitalia.com\/es\/cursos\/cursos-de-italiano-en-italia\/italiano-en-tropea\/\" class=\"wc-block-grid__product-link\">\n\t\t\t\t\t\n\t\t\t\t\t<div class=\"wc-block-grid__product-image\"><img decoding=\"async\" width=\"300\" height=\"300\" src=\"https:\/\/www.studiainitalia.com\/wp-content\/uploads\/2024\/03\/tropea1-300x300.jpg\" class=\"attachment-woocommerce_thumbnail size-woocommerce_thumbnail\" alt=\"ITALIANO EN TROPEA\" srcset=\"https:\/\/www.studiainitalia.com\/wp-content\/uploads\/2024\/03\/tropea1-300x300.jpg 300w, https:\/\/www.studiainitalia.com\/wp-content\/uploads\/2024\/03\/tropea1-600x600.jpg 600w, https:\/\/www.studiainitalia.com\/wp-content\/uploads\/2024\/03\/tropea1-100x100.jpg 100w, https:\/\/www.studiainitalia.com\/wp-content\/uploads\/2024\/03\/tropea1-120x120.jpg 120w\" sizes=\"(max-width: 300px) 100vw, 300px\" title=\"\"><\/div>\n\t\t\t\t\t<div class=\"wc-block-grid__product-title\">Cursos de Italiano en Tropea<\/div>\n\t\t\t\t<\/a>\n\t\t\t\t<div class=\"wc-block-grid__product-price price\"><span class=\"woocommerce-Price-amount amount\" aria-hidden=\"true\">375<span class=\"woocommerce-Price-currencySymbol\">&euro;<\/span><\/span> <span aria-hidden=\"true\">&#8211;<\/span> <span class=\"woocommerce-Price-amount amount\" aria-hidden=\"true\">960<span class=\"woocommerce-Price-currencySymbol\">&euro;<\/span><\/span><span class=\"screen-reader-text\">Rango de precios: desde 375&euro; hasta 960&euro;<\/span><\/div>\n\t\t\t\t<div class=\"wc-block-grid__product-rating\"><div class=\"review-rating\"><div class=\"star-rating\"><span style=\"width:100%\">Valorado con <strong class=\"rating\">5.00<\/strong> de 5 en base a <span class=\"rating\">12<\/span> valoraciones de clientes<\/span><\/div><\/div><\/div>\n\t\t\t\t\n\t\t\t<\/li><\/ul><\/div>\n\n\n<div class=\"wp-block-columns alignfull has-ast-global-color-2-background-color has-background is-layout-flex wp-container-core-columns-is-layout-c7ed57bb wp-block-columns-is-layout-flex\" style=\"padding-top:5%;padding-right:10%;padding-bottom:5%;padding-left:10%\">\n<div class=\"wp-block-column is-layout-constrained wp-container-core-column-is-layout-80c0687d wp-block-column-is-layout-constrained\">\n<figure class=\"wp-block-image aligncenter size-full\"><img decoding=\"async\" width=\"52\" height=\"52\" src=\"https:\/\/www.studiainitalia.com\/wp-content\/uploads\/2016\/10\/italy4.png\" alt=\"\" class=\"wp-image-85623\" title=\"\"><\/figure>\n\n\n<div  class=\"wp-block-ultimate-post-heading ultp-block-486f5b\"><div class=\"ultp-block-wrapper\"><div class=\"ultp-heading-wrap ultp-heading-style1 ultp-heading-center\"><h2 class=\"ultp-heading-inner\"><span>\u00bfPor qu\u00e9 Tropea?<\/span><\/h2><\/div><\/div><\/div>\n\n\n<p>Tropea, gana con facilidad la competici\u00f3n como el pueblo m\u00e1s bonito de la costa del mar Tirreno, en Calabria.<\/p>\n\n\n\n<p>Su casco antiguo es uno de lo m\u00e1s preservados y bellos del sur de Italia.<\/p>\n\n\n<style>.kadence-column194295_ac3fcd-e2 > .kt-inside-inner-col,.kadence-column194295_ac3fcd-e2 > .kt-inside-inner-col:before{border-top-left-radius:0px;border-top-right-radius:0px;border-bottom-right-radius:0px;border-bottom-left-radius:0px;}.kadence-column194295_ac3fcd-e2 > .kt-inside-inner-col{column-gap:var(--global-kb-gap-sm, 1rem);}.kadence-column194295_ac3fcd-e2 > .kt-inside-inner-col{flex-direction:column;}.kadence-column194295_ac3fcd-e2 > .kt-inside-inner-col > .aligncenter{width:100%;}.kadence-column194295_ac3fcd-e2 > .kt-inside-inner-col:before{opacity:0.3;}.kadence-column194295_ac3fcd-e2{position:relative;}@media all and (max-width: 1024px){.kadence-column194295_ac3fcd-e2 > .kt-inside-inner-col{flex-direction:column;justify-content:center;}}@media all and (max-width: 767px){.kadence-column194295_ac3fcd-e2 > .kt-inside-inner-col{flex-direction:column;justify-content:center;}}<\/style>\n<div class=\"wp-block-kadence-column kadence-column194295_ac3fcd-e2\"><div class=\"kt-inside-inner-col\"><\/div><\/div>\n\n\n\n<p>En los d\u00edas despejados es posible ver la isla de Stromboli que es posible visitar saliendo con una excursi\u00f3n desde la misma Tropea.<\/p>\n<\/div>\n\n\n\n<div class=\"wp-block-column is-layout-constrained wp-container-core-column-is-layout-80c0687d wp-block-column-is-layout-constrained\">\n<figure class=\"wp-block-image aligncenter size-full\"><img decoding=\"async\" width=\"50\" height=\"50\" src=\"https:\/\/www.studiainitalia.com\/wp-content\/uploads\/2022\/09\/caelndar2-3_png_webp.png\" alt=\"\" class=\"wp-image-94147\" title=\"\"><\/figure>\n\n\n<div  class=\"wp-block-ultimate-post-heading ultp-block-887689\"><div class=\"ultp-block-wrapper\"><div class=\"ultp-heading-wrap ultp-heading-style1 ultp-heading-center\"><h2 class=\"ultp-heading-inner\"><span>\u00bfCu\u00e1ndo ir?<\/span><\/h2><\/div><\/div><\/div>\n\n\n<p>Si quieres disfrutar al m\u00e1ximo de las playas de Tropea, la mejor \u00e9poca del a\u00f1o es entre mayo y noviembre. los inviernos son c\u00e1lidos y tranquilos, una buna oportunidad de disfrutar del Mediterraneo fuera de la estaci\u00f3n alta.<\/p>\n<\/div>\n\n\n\n<div class=\"wp-block-column is-layout-constrained wp-container-core-column-is-layout-80c0687d wp-block-column-is-layout-constrained\">\n<figure class=\"wp-block-image aligncenter size-full\"><img decoding=\"async\" width=\"52\" height=\"52\" src=\"https:\/\/www.studiainitalia.com\/wp-content\/uploads\/2022\/09\/vespa-1_png_webp.png\" alt=\"\" class=\"wp-image-94148\" title=\"\"><\/figure>\n\n\n<div  class=\"wp-block-ultimate-post-heading ultp-block-5e9c94\"><div class=\"ultp-block-wrapper\"><div class=\"ultp-heading-wrap ultp-heading-style1 ultp-heading-center\"><h2 class=\"ultp-heading-inner\"><span>Transporte<\/span><\/h2><\/div><\/div><\/div>\n\n\n<p>Existen numerosos vuelos al aeropuerto de Lamezia Terme. Podemos organizar un transfer desde el aeropuerto hasta tu alojamiento en Tropea.<\/p>\n\n\n<style>.kadence-column194295_3f5c79-fa > .kt-inside-inner-col,.kadence-column194295_3f5c79-fa > .kt-inside-inner-col:before{border-top-left-radius:0px;border-top-right-radius:0px;border-bottom-right-radius:0px;border-bottom-left-radius:0px;}.kadence-column194295_3f5c79-fa > .kt-inside-inner-col{column-gap:var(--global-kb-gap-sm, 1rem);}.kadence-column194295_3f5c79-fa > .kt-inside-inner-col{flex-direction:column;}.kadence-column194295_3f5c79-fa > .kt-inside-inner-col > .aligncenter{width:100%;}.kadence-column194295_3f5c79-fa > .kt-inside-inner-col:before{opacity:0.3;}.kadence-column194295_3f5c79-fa{position:relative;}@media all and (max-width: 1024px){.kadence-column194295_3f5c79-fa > .kt-inside-inner-col{flex-direction:column;justify-content:center;}}@media all and (max-width: 767px){.kadence-column194295_3f5c79-fa > .kt-inside-inner-col{flex-direction:column;justify-content:center;}}<\/style>\n<div class=\"wp-block-kadence-column kadence-column194295_3f5c79-fa\"><div class=\"kt-inside-inner-col\"><\/div><\/div>\n\n\n\n<p>Para mayor informaci\u00f3n sobre cosas que ver y hacer durante tu curso de italiano en Tropea, te recomendamos la gu\u00eda&nbsp;<a href=\"https:\/\/www.lonelyplanet.com\/italy\/tropea\" target=\"_blank\" rel=\"noreferrer noopener\">Lonely Planet Guide to Tropea.<\/a><\/p>\n<\/div>\n<\/div>\n\n\n\n<div class=\"wp-block-columns alignfull are-vertically-aligned-center is-layout-flex wp-container-core-columns-is-layout-28f84493 wp-block-columns-is-layout-flex\">\n<div class=\"wp-block-column is-vertically-aligned-center is-layout-flow wp-block-column-is-layout-flow\" style=\"flex-basis:100%\"><style>.kb-google-maps-container194295_0596a4-ed{height:450px;}.kb-google-maps-container194295_0596a4-ed{filter:grayscale(100%);}<\/style><div class=\"kb-google-maps-container kb-google-maps-container194295_0596a4-ed  wp-block-kadence-googlemaps\" data-mapid=\"194295_0596a4ed\"><iframe width=\"100%\" height=\"100%\"\n\t\t\t\t\t\t\tstyle=\"border:0\" loading=\"lazy\"\n\t\t\t\t\t\t\tsrc=\"https:\/\/www.google.com\/maps\/embed\/v1\/place?key=AIzaSyBAM2o7PiQqwk15LC1XRH2e_KJ-jUa7KYk&#038;zoom=13&#038;maptype=roadmap&#038;q=Tropea%2C+Italia\"\n\t\t\t\t\t\t\ttitle=\"Mapa de Google de Tropea, Italia\"><\/iframe><\/div><script>function kb_google_map194295_0596a4ed() { let center = { lat: 37.8201, lng: -122.4781}; let map = new google.maps.Map(document.getElementById(\"kb-google-map194295_0596a4ed\"), {\n\t\t\t\t\t    zoom: 13,\n\t\t\t\t\t    center: center,});let marker = new google.maps.Marker({   position: { lat: 37.8201, lng: -122.4781},    map: map,  });}<\/script><\/div>\n<\/div>\n","protected":false},"excerpt":{"rendered":"<p>Tropea es una localidad de playa con un impresionante paisaje en la regi\u00f3n de Calabria, en el sur de Italia. Esta estrecha parte de la costa del Mar Tirreno se llama Costa degli Dei \u2013 Costa los Dioses \u2013 y es uno de los destinos favoritos para las vacaciones de verano. Tropea es uno de [&hellip;]<\/p>\n","protected":false},"author":132,"featured_media":0,"parent":191779,"menu_order":61,"comment_status":"closed","ping_status":"closed","template":"","meta":{"_acf_changed":false,"_uag_custom_page_level_css":"","_kad_blocks_custom_css":"","_kad_blocks_head_custom_js":"","_kad_blocks_body_custom_js":"","_kad_blocks_footer_custom_js":"","site-sidebar-layout":"default","site-content-layout":"","ast-site-content-layout":"default","site-content-style":"default","site-sidebar-style":"default","ast-global-header-display":"","ast-banner-title-visibility":"","ast-main-header-display":"","ast-hfb-above-header-display":"","ast-hfb-below-header-display":"","ast-hfb-mobile-header-display":"","site-post-title":"","ast-breadcrumbs-content":"","ast-featured-img":"","footer-sml-layout":"","ast-disable-related-posts":"","theme-transparent-header-meta":"","adv-header-id-meta":"","stick-header-meta":"","header-above-stick-meta":"","header-main-stick-meta":"","header-below-stick-meta":"","astra-migrate-meta-layouts":"set","ast-page-background-enabled":"default","ast-page-background-meta":{"desktop":{"background-color":"var(--ast-global-color-4)","background-image":"","background-repeat":"repeat","background-position":"center center","background-size":"auto","background-attachment":"scroll","background-type":"","background-media":"","overlay-type":"","overlay-color":"","overlay-opacity":"","overlay-gradient":""},"tablet":{"background-color":"","background-image":"","background-repeat":"repeat","background-position":"center center","background-size":"auto","background-attachment":"scroll","background-type":"","background-media":"","overlay-type":"","overlay-color":"","overlay-opacity":"","overlay-gradient":""},"mobile":{"background-color":"","background-image":"","background-repeat":"repeat","background-position":"center center","background-size":"auto","background-attachment":"scroll","background-type":"","background-media":"","overlay-type":"","overlay-color":"","overlay-opacity":"","overlay-gradient":""}},"ast-content-background-meta":{"desktop":{"background-color":"var(--ast-global-color-5)","background-image":"","background-repeat":"repeat","background-position":"center center","background-size":"auto","background-attachment":"scroll","background-type":"","background-media":"","overlay-type":"","overlay-color":"","overlay-opacity":"","overlay-gradient":""},"tablet":{"background-color":"var(--ast-global-color-5)","background-image":"","background-repeat":"repeat","background-position":"center center","background-size":"auto","background-attachment":"scroll","background-type":"","background-media":"","overlay-type":"","overlay-color":"","overlay-opacity":"","overlay-gradient":""},"mobile":{"background-color":"var(--ast-global-color-5)","background-image":"","background-repeat":"repeat","background-position":"center center","background-size":"auto","background-attachment":"scroll","background-type":"","background-media":"","overlay-type":"","overlay-color":"","overlay-opacity":"","overlay-gradient":""}},"footnotes":""},"class_list":["post-194295","page","type-page","status-publish","hentry"],"acf":[],"taxonomy_info":[],"featured_image_src_large":false,"author_info":{"display_name":"Jordi Torres","author_link":"https:\/\/www.studiainitalia.com\/es\/author\/creativa\/"},"comment_info":0,"uagb_featured_image_src":{"full":false,"thumbnail":false,"medium":false,"medium_large":false,"large":false,"1536x1536":false,"2048x2048":false,"ultp_layout_landscape_large":false,"ultp_layout_landscape":false,"ultp_layout_portrait":false,"ultp_layout_square":false,"gform-image-choice-sm":false,"gform-image-choice-md":false,"gform-image-choice-lg":false,"woocommerce_thumbnail":false,"woocommerce_single":false,"woocommerce_gallery_thumbnail":false,"yarpp-thumbnail":false},"uagb_author_info":{"display_name":"Jordi Torres","author_link":"https:\/\/www.studiainitalia.com\/es\/author\/creativa\/"},"uagb_comment_info":0,"uagb_excerpt":"Tropea es una localidad de playa con un impresionante paisaje en la regi\u00f3n de Calabria, en el sur de Italia. Esta estrecha parte de la costa del Mar Tirreno se llama Costa degli Dei \u2013 Costa los Dioses \u2013 y es uno de los destinos favoritos para las vacaciones de verano. Tropea es uno de&hellip;","_links":{"self":[{"href":"https:\/\/www.studiainitalia.com\/es\/wp-json\/wp\/v2\/pages\/194295","targetHints":{"allow":["GET"]}}],"collection":[{"href":"https:\/\/www.studiainitalia.com\/es\/wp-json\/wp\/v2\/pages"}],"about":[{"href":"https:\/\/www.studiainitalia.com\/es\/wp-json\/wp\/v2\/types\/page"}],"author":[{"embeddable":true,"href":"https:\/\/www.studiainitalia.com\/es\/wp-json\/wp\/v2\/users\/132"}],"replies":[{"embeddable":true,"href":"https:\/\/www.studiainitalia.com\/es\/wp-json\/wp\/v2\/comments?post=194295"}],"version-history":[{"count":0,"href":"https:\/\/www.studiainitalia.com\/es\/wp-json\/wp\/v2\/pages\/194295\/revisions"}],"up":[{"embeddable":true,"href":"https:\/\/www.studiainitalia.com\/es\/wp-json\/wp\/v2\/pages\/191779"}],"wp:attachment":[{"href":"https:\/\/www.studiainitalia.com\/es\/wp-json\/wp\/v2\/media?parent=194295"}],"curies":[{"name":"wp","href":"https:\/\/api.w.org\/{rel}","templated":true}]}}