{"id":194306,"date":"2022-10-03T14:23:36","date_gmt":"2022-10-03T12:23:36","guid":{"rendered":"https:\/\/www.studiainitalia.com\/?page_id=194306"},"modified":"2024-01-15T18:48:56","modified_gmt":"2024-01-15T17:48:56","slug":"cursos-en-vasto","status":"publish","type":"page","link":"https:\/\/www.studiainitalia.com\/es\/destinos\/cursos-en-vasto\/","title":{"rendered":"Vasto"},"content":{"rendered":"\n<div class=\"wp-block-columns alignfull has-ast-global-color-2-background-color has-background is-layout-flex wp-container-core-columns-is-layout-c6bc58be wp-block-columns-is-layout-flex\" style=\"padding-top:0px;padding-right:0px;padding-bottom:0px;padding-left:0px\">\n<div class=\"wp-block-column is-layout-flow wp-block-column-is-layout-flow\" style=\"flex-basis:60%\">\n<div class=\"wp-block-cover alignfull is-light\" style=\"min-height:782px;aspect-ratio:unset;\"><span aria-hidden=\"true\" class=\"wp-block-cover__background has-background-dim\"><\/span><img decoding=\"async\" width=\"960\" height=\"720\" class=\"wp-block-cover__image-background wp-image-91781\" alt=\"Cursos en Vasto\" src=\"https:\/\/www.studiainitalia.com\/wp-content\/uploads2022\/01\/242715056_3063971243892493_405195352051732840_n.jpg\" data-object-fit=\"cover\" title=\"\" srcset=\"https:\/\/www.studiainitalia.com\/wp-content\/uploads\/2022\/01\/242715056_3063971243892493_405195352051732840_n.jpg 960w, https:\/\/www.studiainitalia.com\/wp-content\/uploads\/2022\/01\/242715056_3063971243892493_405195352051732840_n-768x576.jpg 768w, https:\/\/www.studiainitalia.com\/wp-content\/uploads\/2022\/01\/242715056_3063971243892493_405195352051732840_n-510x382.jpg 510w, https:\/\/www.studiainitalia.com\/wp-content\/uploads\/2022\/01\/242715056_3063971243892493_405195352051732840_n-480x360.jpg 480w, https:\/\/www.studiainitalia.com\/wp-content\/uploads\/2022\/01\/242715056_3063971243892493_405195352051732840_n-400x300.jpg 400w\" sizes=\"(max-width: 960px) 100vw, 960px\" \/><div class=\"wp-block-cover__inner-container is-layout-flow wp-block-cover-is-layout-flow\"><style>.wp-block-kadence-advancedheading.kt-adv-heading194306_4f1cde-7d, .wp-block-kadence-advancedheading.kt-adv-heading194306_4f1cde-7d[data-kb-block=\"kb-adv-heading194306_4f1cde-7d\"]{text-align:center;font-style:normal;}.wp-block-kadence-advancedheading.kt-adv-heading194306_4f1cde-7d mark.kt-highlight, .wp-block-kadence-advancedheading.kt-adv-heading194306_4f1cde-7d[data-kb-block=\"kb-adv-heading194306_4f1cde-7d\"] mark.kt-highlight{font-style:normal;color:#f76a0c;-webkit-box-decoration-break:clone;box-decoration-break:clone;padding-top:0px;padding-right:0px;padding-bottom:0px;padding-left:0px;}<\/style>\n<h1 class=\"kt-adv-heading194306_4f1cde-7d wp-block-kadence-advancedheading\" data-kb-block=\"kb-adv-heading194306_4f1cde-7d\">Cursos en Vasto<\/h1>\n<\/div><\/div>\n<\/div>\n\n\n\n<div class=\"wp-block-column is-layout-flow wp-block-column-is-layout-flow\" style=\"padding-top:6%;padding-right:6%;padding-bottom:6%;padding-left:6%;flex-basis:40%\"><div  class=\"wp-block-ultimate-post-heading ultp-block-e9e2f9\"><div class=\"ultp-block-wrapper\"><div class=\"ultp-heading-wrap ultp-heading-style9 ultp-heading-left\"><h2 class=\"ultp-heading-inner\"><span>VASTO<\/span><\/h2><\/div><\/div><\/div>\n\n<style>.wp-block-kadence-spacer.kt-block-spacer-_03022e-64 .kt-block-spacer{height:10px;}.wp-block-kadence-spacer.kt-block-spacer-_03022e-64 .kt-divider{border-top-width:1px;height:1px;border-top-color:var(--ast-global-color-1);width:100%;border-top-style:solid;}<\/style>\n<div class=\"wp-block-kadence-spacer aligncenter kt-block-spacer-_03022e-64\"><div class=\"kt-block-spacer kt-block-spacer-halign-center\"><hr class=\"kt-divider\"\/><\/div><\/div>\n\n\n\n<p>Vasto, ciudad de la provincia de Chieti, en los Abruzos, es un popular destino tur\u00edstico para quienes eligen la Riviera Adri\u00e1tica para sus vacaciones.<br>Vasto lleva intactos los signos y las pruebas de un pasado rico y variado, debido a las influencias y dominaciones que ha sufrido.<\/p>\n\n\n<style>.kadence-column194306_b089e6-b6 > .kt-inside-inner-col,.kadence-column194306_b089e6-b6 > .kt-inside-inner-col:before{border-top-left-radius:0px;border-top-right-radius:0px;border-bottom-right-radius:0px;border-bottom-left-radius:0px;}.kadence-column194306_b089e6-b6 > .kt-inside-inner-col{column-gap:var(--global-kb-gap-sm, 1rem);}.kadence-column194306_b089e6-b6 > .kt-inside-inner-col{flex-direction:column;}.kadence-column194306_b089e6-b6 > .kt-inside-inner-col > .aligncenter{width:100%;}.kadence-column194306_b089e6-b6 > .kt-inside-inner-col:before{opacity:0.3;}.kadence-column194306_b089e6-b6{position:relative;}@media all and (max-width: 1024px){.kadence-column194306_b089e6-b6 > .kt-inside-inner-col{flex-direction:column;justify-content:center;}}@media all and (max-width: 767px){.kadence-column194306_b089e6-b6 > .kt-inside-inner-col{flex-direction:column;justify-content:center;}}<\/style>\n<div class=\"wp-block-kadence-column kadence-column194306_b089e6-b6\"><div class=\"kt-inside-inner-col\"><\/div><\/div>\n\n\n\n<p>Su posici\u00f3n geogr\u00e1fica hace que esta peque\u00f1a ciudad, situada en una colina que desciende gradualmente hacia el mar, sea fascinante y especial. Domina el espl\u00e9ndido \u201cGolfo Lunato\u201d, donde se extiende la playa de arena de Vasto Marina. Otros tramos de costa son Santa Maria della Penna y la costa rocosa de Punta Aderci.<\/p>\n\n\n<style>.kadence-column194306_48f9e9-b9 > .kt-inside-inner-col,.kadence-column194306_48f9e9-b9 > .kt-inside-inner-col:before{border-top-left-radius:0px;border-top-right-radius:0px;border-bottom-right-radius:0px;border-bottom-left-radius:0px;}.kadence-column194306_48f9e9-b9 > .kt-inside-inner-col{column-gap:var(--global-kb-gap-sm, 1rem);}.kadence-column194306_48f9e9-b9 > .kt-inside-inner-col{flex-direction:column;}.kadence-column194306_48f9e9-b9 > .kt-inside-inner-col > .aligncenter{width:100%;}.kadence-column194306_48f9e9-b9 > .kt-inside-inner-col:before{opacity:0.3;}.kadence-column194306_48f9e9-b9{position:relative;}@media all and (max-width: 1024px){.kadence-column194306_48f9e9-b9 > .kt-inside-inner-col{flex-direction:column;justify-content:center;}}@media all and (max-width: 767px){.kadence-column194306_48f9e9-b9 > .kt-inside-inner-col{flex-direction:column;justify-content:center;}}<\/style>\n<div class=\"wp-block-kadence-column kadence-column194306_48f9e9-b9\"><div class=\"kt-inside-inner-col\"><\/div><\/div>\n\n\n\n<p>Conocida en la antig\u00fcedad como Histonium, Vasto es una ciudad que ofrece muchos atractivos naturales y art\u00edsticos, y que goza de un excelente flujo tur\u00edstico gracias a sus hermosas playas, que hacen del litoral de Vasto el m\u00e1s extenso de la regi\u00f3n.<\/p>\n<\/div>\n<\/div>\n\n\n<div  class=\"wp-block-ultimate-post-heading ultp-block-dee3c2\"><div class=\"ultp-block-wrapper\"><div class=\"ultp-heading-wrap ultp-heading-style9 ultp-heading-center\"><h2 class=\"ultp-heading-inner\"><span>Elige tu curso en Vasto<\/span><\/h2><\/div><\/div><\/div>\n\n<div data-block-name=\"woocommerce\/product-category\" data-categories=\"[1372]\" data-columns=\"6\" data-content-visibility=\"{&quot;image&quot;:true,&quot;title&quot;:true,&quot;price&quot;:true,&quot;rating&quot;:true,&quot;button&quot;:false}\" class=\"wc-block-grid wp-block-product-category wp-block-woocommerce-product-category wc-block-product-category has-6-columns has-multiple-rows\"><ul class=\"wc-block-grid__products\"><li class=\"wc-block-grid__product\"><span class=\"gtm4wp_productdata\" style=\"display:none; visibility:hidden;\" data-gtm4wp_product_data=\"{&quot;internal_id&quot;:189355,&quot;item_id&quot;:189355,&quot;item_name&quot;:&quot;Curso de Italiano y Gastronom\\u00eda en Abruzzo&quot;,&quot;sku&quot;:189355,&quot;price&quot;:1699,&quot;stocklevel&quot;:null,&quot;stockstatus&quot;:&quot;instock&quot;,&quot;google_business_vertical&quot;:&quot;retail&quot;,&quot;item_category&quot;:&quot;Cursos de cocina en Italia&quot;,&quot;id&quot;:189355,&quot;productlink&quot;:&quot;https:\\\/\\\/www.studiainitalia.com\\\/es\\\/cursos\\\/cursos-de-cocina-en-italia\\\/curso-de-italiano-y-gastronomia-en-abruzzo\\\/&quot;,&quot;item_list_name&quot;:&quot;Lista general de productos&quot;,&quot;index&quot;:0,&quot;product_type&quot;:&quot;variable&quot;,&quot;item_brand&quot;:&quot;&quot;}\"><\/span>\n\t\t\t\t<a href=\"https:\/\/www.studiainitalia.com\/es\/cursos\/cursos-de-cocina-en-italia\/curso-de-italiano-y-gastronomia-en-abruzzo\/\" class=\"wc-block-grid__product-link\">\n\t\t\t\t\t\n\t\t\t\t\t<div class=\"wc-block-grid__product-image\"><img decoding=\"async\" width=\"300\" height=\"300\" src=\"https:\/\/www.studiainitalia.com\/wp-content\/uploads\/2020\/10\/foto-degustabruzzo-300x300.jpg\" class=\"attachment-woocommerce_thumbnail size-woocommerce_thumbnail\" alt=\"Curso de italiano y gastronom\u00eda en Abruzos\" srcset=\"https:\/\/www.studiainitalia.com\/wp-content\/uploads\/2020\/10\/foto-degustabruzzo-300x300.jpg 300w, https:\/\/www.studiainitalia.com\/wp-content\/uploads\/2020\/10\/foto-degustabruzzo-100x100.jpg 100w, https:\/\/www.studiainitalia.com\/wp-content\/uploads\/2020\/10\/foto-degustabruzzo-120x120.jpg 120w, https:\/\/www.studiainitalia.com\/wp-content\/uploads\/2020\/10\/foto-degustabruzzo.jpg 400w\" sizes=\"(max-width: 300px) 100vw, 300px\" title=\"\"><\/div>\n\t\t\t\t\t<div class=\"wc-block-grid__product-title\">Curso de Italiano y Gastronom\u00eda en Abruzzo<\/div>\n\t\t\t\t<\/a>\n\t\t\t\t<div class=\"wc-block-grid__product-price price\"><span class=\"woocommerce-Price-amount amount\">1.699<span class=\"woocommerce-Price-currencySymbol\">&euro;<\/span><\/span><\/div>\n\t\t\t\t<div class=\"wc-block-grid__product-rating\"><div class=\"review-rating\"><div class=\"star-rating\"><span style=\"width:100%\">Valorado con <strong class=\"rating\">5.00<\/strong> de 5 en base a <span class=\"rating\">2<\/span> valoraciones de clientes<\/span><\/div><\/div><\/div>\n\t\t\t\t\n\t\t\t<\/li><\/ul><\/div>\n\n\n<div class=\"wp-block-columns alignfull has-ast-global-color-2-background-color has-background is-layout-flex wp-container-core-columns-is-layout-c7ed57bb wp-block-columns-is-layout-flex\" style=\"padding-top:5%;padding-right:10%;padding-bottom:5%;padding-left:10%\">\n<div class=\"wp-block-column is-layout-constrained wp-container-core-column-is-layout-80c0687d wp-block-column-is-layout-constrained\">\n<figure class=\"wp-block-image aligncenter size-full\"><img decoding=\"async\" width=\"52\" height=\"52\" src=\"https:\/\/www.studiainitalia.com\/wp-content\/uploads\/2016\/10\/italy4.png\" alt=\"\" class=\"wp-image-85623\" title=\"\"><\/figure>\n\n\n<div  class=\"wp-block-ultimate-post-heading ultp-block-7ca2a9\"><div class=\"ultp-block-wrapper\"><div class=\"ultp-heading-wrap ultp-heading-style1 ultp-heading-center\"><h2 class=\"ultp-heading-inner\"><span><br>\u00bf Por qu\u00e9 Vasto?<\/span><\/h2><\/div><\/div><\/div>\n\n\n<p>La gente local es muy amable y acogedora, y estar\u00e1 encantada de hablar en italiano con usted; aqu\u00ed se habla menos ingl\u00e9s que en otras ciudades.&nbsp;<\/p>\n<\/div>\n\n\n\n<div class=\"wp-block-column is-layout-constrained wp-container-core-column-is-layout-80c0687d wp-block-column-is-layout-constrained\">\n<figure class=\"wp-block-image aligncenter size-full\"><img decoding=\"async\" width=\"50\" height=\"50\" src=\"https:\/\/www.studiainitalia.com\/wp-content\/uploads\/2022\/09\/caelndar2-3_png_webp.png\" alt=\"\" class=\"wp-image-94147\" title=\"\"><\/figure>\n\n\n<div  class=\"wp-block-ultimate-post-heading ultp-block-a938db\"><div class=\"ultp-block-wrapper\"><div class=\"ultp-heading-wrap ultp-heading-style1 ultp-heading-center\"><h2 class=\"ultp-heading-inner\"><span>\u00bfCu\u00e1ndo ir ?<\/span><\/h2><\/div><\/div><\/div>\n\n\n<p>Probablemente la mejor \u00e9poca sea el verano para disfrutar de las playas, pero la primavera o el oto\u00f1o tambi\u00e9n son buenos meses para visitar los Abruzos.&nbsp;<\/p>\n<\/div>\n\n\n\n<div class=\"wp-block-column is-layout-constrained wp-container-core-column-is-layout-80c0687d wp-block-column-is-layout-constrained\">\n<figure class=\"wp-block-image aligncenter size-full\"><img decoding=\"async\" width=\"52\" height=\"52\" src=\"https:\/\/www.studiainitalia.com\/wp-content\/uploads\/2022\/09\/vespa-1_png_webp.png\" alt=\"\" class=\"wp-image-94148\" title=\"\"><\/figure>\n\n\n<div  class=\"wp-block-ultimate-post-heading ultp-block-9ba25e\"><div class=\"ultp-block-wrapper\"><div class=\"ultp-heading-wrap ultp-heading-style1 ultp-heading-center\"><h2 class=\"ultp-heading-inner\"><span>Transporte<\/span><\/h2><\/div><\/div><\/div>\n\n\n<p>Vasto est\u00e1 cerca de muchos otros lugares de inter\u00e9s hist\u00f3rico de los Abruzos a los que se puede acceder f\u00e1cilmente en coche.<\/p>\n<\/div>\n<\/div>\n\n\n\n<div class=\"wp-block-columns alignfull are-vertically-aligned-center is-layout-flex wp-container-core-columns-is-layout-28f84493 wp-block-columns-is-layout-flex\">\n<div class=\"wp-block-column is-vertically-aligned-center is-layout-flow wp-block-column-is-layout-flow\" style=\"flex-basis:100%\"><style>.kb-google-maps-container194306_447edc-c0{height:450px;}.kb-google-maps-container194306_447edc-c0{filter:grayscale(100%);}<\/style><div class=\"kb-google-maps-container kb-google-maps-container194306_447edc-c0  wp-block-kadence-googlemaps\" data-mapid=\"194306_447edcc0\"><iframe width=\"100%\" height=\"100%\"\n\t\t\t\t\t\t\tstyle=\"border:0\" loading=\"lazy\"\n\t\t\t\t\t\t\tsrc=\"https:\/\/www.google.com\/maps\/embed\/v1\/place?key=AIzaSyBAM2o7PiQqwk15LC1XRH2e_KJ-jUa7KYk&#038;zoom=14&#038;maptype=roadmap&#038;q=vasto\"\n\t\t\t\t\t\t\ttitle=\"Mapa de Google de vasto\"><\/iframe><\/div><script>function kb_google_map194306_447edcc0() { let center = { lat: 37.8201, lng: -122.4781}; let map = new google.maps.Map(document.getElementById(\"kb-google-map194306_447edcc0\"), {\n\t\t\t\t\t    zoom: 14,\n\t\t\t\t\t    center: center,});let marker = new google.maps.Marker({   position: { lat: 37.8201, lng: -122.4781},    map: map,  });}<\/script><\/div>\n<\/div>\n","protected":false},"excerpt":{"rendered":"<p>Vasto, ciudad de la provincia de Chieti, en los Abruzos, es un popular destino tur\u00edstico para quienes eligen la Riviera Adri\u00e1tica para sus vacaciones.Vasto lleva intactos los signos y las pruebas de un pasado rico y variado, debido a las influencias y dominaciones que ha sufrido. Su posici\u00f3n geogr\u00e1fica hace que esta peque\u00f1a ciudad, situada [&hellip;]<\/p>\n","protected":false},"author":132,"featured_media":0,"parent":191779,"menu_order":61,"comment_status":"closed","ping_status":"closed","template":"","meta":{"_acf_changed":false,"_uag_custom_page_level_css":"","_kad_blocks_custom_css":"","_kad_blocks_head_custom_js":"","_kad_blocks_body_custom_js":"","_kad_blocks_footer_custom_js":"","site-sidebar-layout":"default","site-content-layout":"","ast-site-content-layout":"default","site-content-style":"default","site-sidebar-style":"default","ast-global-header-display":"","ast-banner-title-visibility":"","ast-main-header-display":"","ast-hfb-above-header-display":"","ast-hfb-below-header-display":"","ast-hfb-mobile-header-display":"","site-post-title":"","ast-breadcrumbs-content":"","ast-featured-img":"","footer-sml-layout":"","ast-disable-related-posts":"","theme-transparent-header-meta":"","adv-header-id-meta":"","stick-header-meta":"","header-above-stick-meta":"","header-main-stick-meta":"","header-below-stick-meta":"","astra-migrate-meta-layouts":"set","ast-page-background-enabled":"default","ast-page-background-meta":{"desktop":{"background-color":"var(--ast-global-color-4)","background-image":"","background-repeat":"repeat","background-position":"center center","background-size":"auto","background-attachment":"scroll","background-type":"","background-media":"","overlay-type":"","overlay-color":"","overlay-opacity":"","overlay-gradient":""},"tablet":{"background-color":"","background-image":"","background-repeat":"repeat","background-position":"center center","background-size":"auto","background-attachment":"scroll","background-type":"","background-media":"","overlay-type":"","overlay-color":"","overlay-opacity":"","overlay-gradient":""},"mobile":{"background-color":"","background-image":"","background-repeat":"repeat","background-position":"center center","background-size":"auto","background-attachment":"scroll","background-type":"","background-media":"","overlay-type":"","overlay-color":"","overlay-opacity":"","overlay-gradient":""}},"ast-content-background-meta":{"desktop":{"background-color":"var(--ast-global-color-5)","background-image":"","background-repeat":"repeat","background-position":"center center","background-size":"auto","background-attachment":"scroll","background-type":"","background-media":"","overlay-type":"","overlay-color":"","overlay-opacity":"","overlay-gradient":""},"tablet":{"background-color":"var(--ast-global-color-5)","background-image":"","background-repeat":"repeat","background-position":"center center","background-size":"auto","background-attachment":"scroll","background-type":"","background-media":"","overlay-type":"","overlay-color":"","overlay-opacity":"","overlay-gradient":""},"mobile":{"background-color":"var(--ast-global-color-5)","background-image":"","background-repeat":"repeat","background-position":"center center","background-size":"auto","background-attachment":"scroll","background-type":"","background-media":"","overlay-type":"","overlay-color":"","overlay-opacity":"","overlay-gradient":""}},"footnotes":""},"class_list":["post-194306","page","type-page","status-publish","hentry"],"acf":[],"taxonomy_info":[],"featured_image_src_large":false,"author_info":{"display_name":"Jordi Torres","author_link":"https:\/\/www.studiainitalia.com\/es\/author\/creativa\/"},"comment_info":0,"uagb_featured_image_src":{"full":false,"thumbnail":false,"medium":false,"medium_large":false,"large":false,"1536x1536":false,"2048x2048":false,"ultp_layout_landscape_large":false,"ultp_layout_landscape":false,"ultp_layout_portrait":false,"ultp_layout_square":false,"gform-image-choice-sm":false,"gform-image-choice-md":false,"gform-image-choice-lg":false,"woocommerce_thumbnail":false,"woocommerce_single":false,"woocommerce_gallery_thumbnail":false,"yarpp-thumbnail":false},"uagb_author_info":{"display_name":"Jordi Torres","author_link":"https:\/\/www.studiainitalia.com\/es\/author\/creativa\/"},"uagb_comment_info":0,"uagb_excerpt":"Vasto, ciudad de la provincia de Chieti, en los Abruzos, es un popular destino tur\u00edstico para quienes eligen la Riviera Adri\u00e1tica para sus vacaciones.Vasto lleva intactos los signos y las pruebas de un pasado rico y variado, debido a las influencias y dominaciones que ha sufrido. Su posici\u00f3n geogr\u00e1fica hace que esta peque\u00f1a ciudad, situada&hellip;","_links":{"self":[{"href":"https:\/\/www.studiainitalia.com\/es\/wp-json\/wp\/v2\/pages\/194306","targetHints":{"allow":["GET"]}}],"collection":[{"href":"https:\/\/www.studiainitalia.com\/es\/wp-json\/wp\/v2\/pages"}],"about":[{"href":"https:\/\/www.studiainitalia.com\/es\/wp-json\/wp\/v2\/types\/page"}],"author":[{"embeddable":true,"href":"https:\/\/www.studiainitalia.com\/es\/wp-json\/wp\/v2\/users\/132"}],"replies":[{"embeddable":true,"href":"https:\/\/www.studiainitalia.com\/es\/wp-json\/wp\/v2\/comments?post=194306"}],"version-history":[{"count":0,"href":"https:\/\/www.studiainitalia.com\/es\/wp-json\/wp\/v2\/pages\/194306\/revisions"}],"up":[{"embeddable":true,"href":"https:\/\/www.studiainitalia.com\/es\/wp-json\/wp\/v2\/pages\/191779"}],"wp:attachment":[{"href":"https:\/\/www.studiainitalia.com\/es\/wp-json\/wp\/v2\/media?parent=194306"}],"curies":[{"name":"wp","href":"https:\/\/api.w.org\/{rel}","templated":true}]}}