{"id":194313,"date":"2022-09-27T10:05:33","date_gmt":"2022-09-27T08:05:33","guid":{"rendered":"https:\/\/www.studiainitalia.com\/?page_id=194313"},"modified":"2024-01-15T18:46:15","modified_gmt":"2024-01-15T17:46:15","slug":"cursos-en-venecia","status":"publish","type":"page","link":"https:\/\/www.studiainitalia.com\/es\/destinos\/cursos-en-venecia\/","title":{"rendered":"Venecia"},"content":{"rendered":"\n<div class=\"wp-block-columns alignfull has-ast-global-color-2-background-color has-background is-layout-flex wp-container-core-columns-is-layout-c6bc58be wp-block-columns-is-layout-flex\" style=\"padding-top:0px;padding-right:0px;padding-bottom:0px;padding-left:0px\">\n<div class=\"wp-block-column is-layout-flow wp-block-column-is-layout-flow\" style=\"flex-basis:60%\">\n<div class=\"wp-block-cover alignfull is-light\" style=\"min-height:685px;aspect-ratio:unset;\"><span aria-hidden=\"true\" class=\"wp-block-cover__background has-background-dim\"><\/span><img decoding=\"async\" width=\"640\" height=\"350\" class=\"wp-block-cover__image-background wp-image-94231\" alt=\"Cursos en Venecia\" src=\"https:\/\/www.studiainitalia.com\/wp-content\/uploads\/2022\/09\/cursos-en-venecia_jpg.jpg\" data-object-fit=\"cover\" title=\"\" srcset=\"https:\/\/www.studiainitalia.com\/wp-content\/uploads\/2022\/09\/cursos-en-venecia_jpg.jpg 640w, https:\/\/www.studiainitalia.com\/wp-content\/uploads\/2022\/09\/cursos-en-venecia_jpg-400x219.jpg 400w\" sizes=\"(max-width: 640px) 100vw, 640px\" \/><div class=\"wp-block-cover__inner-container is-layout-flow wp-block-cover-is-layout-flow\">\n<h1 class=\"wp-block-heading has-text-align-center\" style=\"font-size:32px\">Cursos en Venecia<\/h1>\n<\/div><\/div>\n<\/div>\n\n\n\n<div class=\"wp-block-column is-layout-flow wp-block-column-is-layout-flow\" style=\"padding-top:6%;padding-right:6%;padding-bottom:6%;padding-left:6%;flex-basis:40%\"><div  class=\"wp-block-ultimate-post-heading ultp-block-fef366\"><div class=\"ultp-block-wrapper\"><div class=\"ultp-heading-wrap ultp-heading-style9 ultp-heading-left\"><h2 class=\"ultp-heading-inner\"><span>VENECIA<\/span><\/h2><\/div><\/div><\/div>\n\n<style>.wp-block-kadence-spacer.kt-block-spacer-_03022e-64 .kt-block-spacer{height:10px;}.wp-block-kadence-spacer.kt-block-spacer-_03022e-64 .kt-divider{border-top-width:1px;height:1px;border-top-color:var(--ast-global-color-1);width:100%;border-top-style:solid;}<\/style>\n<div class=\"wp-block-kadence-spacer aligncenter kt-block-spacer-_03022e-64\"><div class=\"kt-block-spacer kt-block-spacer-halign-center\"><hr class=\"kt-divider\"\/><\/div><\/div>\n\n\n\n<p>Con la mayor concentraci\u00f3n de obras art\u00edsticas por metro cuadrado, Venecia es una de las ciudades m\u00e1s visitadas de todo el mundo.<\/p>\n\n\n\n<p>Todos los turistas han le\u00eddo gu\u00edas o han visto fotos de Venecia antes de venir a esta ciudad, pero en realidad, y por mucho que hayan imaginado ese momento, la llegada a Venecia sigue siendo una aut\u00e9ntica revelaci\u00f3n.<\/p>\n\n\n\n<p>S\u00f3lo viendo de veras esta peculiar ciudad se puede tener llegar a tener constancia de su ser incomparable.<\/p>\n<\/div>\n<\/div>\n\n\n<div  class=\"wp-block-ultimate-post-heading ultp-block-02638b\"><div class=\"ultp-block-wrapper\"><div class=\"ultp-heading-wrap ultp-heading-style9 ultp-heading-center\"><h2 class=\"ultp-heading-inner\"><span>Elige tu curso en Venecia<\/span><\/h2><\/div><\/div><\/div>\n\n<div class=\"wopb-shortcode\" data-postid=\"95379\"><div  class=\"wp-block-product-blocks-product-grid-1 wopb-block-93e898 \"><div class=\"wopb-block-wrapper\"><div class=\"wopb-wrapper-main-content\"><div class=\"wopb-block-items-wrap wopb-block-row wopb-block-column-6\"><div class=\"wopb-block-item \"><div class=\"wopb-block-content-wrap\"><div class=\"wopb-block-image wopb-block-image-none\"><div class=\"wopb-product-new-meta\"><\/div><a href=\"https:\/\/www.studiainitalia.com\/es\/cursos\/cursos-en-venecia\/curso-de-cristal-de-murano-en-venecia\/\"><img decoding=\"async\" src=\"https:\/\/www.studiainitalia.com\/wp-content\/uploads\/2016\/11\/murano-glas-venice-e1490029357666-300x300.jpg\" alt=\"Curso de cristal de Murano en Venecia\" title=\"\"><\/a><\/div><h3 class=\"wopb-block-title\"><a title=\"Curso de cristal de Murano en Venecia\"  href=\"https:\/\/www.studiainitalia.com\/es\/cursos\/cursos-en-venecia\/curso-de-cristal-de-murano-en-venecia\/\">Curso de cristal de Murano en Venecia<\/a><\/h3><div class=\"wopb-product-price\"><span class=\"woocommerce-Price-amount amount\" aria-hidden=\"true\"><bdi>555<span class=\"woocommerce-Price-currencySymbol\">&euro;<\/span><\/bdi><\/span> <span aria-hidden=\"true\">-<\/span> <span class=\"woocommerce-Price-amount amount\" aria-hidden=\"true\"><bdi>2.200<span class=\"woocommerce-Price-currencySymbol\">&euro;<\/span><\/bdi><\/span><span class=\"screen-reader-text\">Rango de precios: desde 555&euro; hasta 2.200&euro;<\/span><\/div><div class=\"wopb-star-rating\"><span style=\"width: 100%\"><strong itemprop=\"ratingValue\" class=\"wopb-rating\">5.00<\/strong>de 5<\/span><\/div><\/div><\/div><div class=\"wopb-block-item \"><div class=\"wopb-block-content-wrap\"><div class=\"wopb-block-image wopb-block-image-none\"><div class=\"wopb-product-new-meta\"><\/div><a href=\"https:\/\/www.studiainitalia.com\/es\/cursos\/cursos-en-venecia\/curso-de-historia-del-arte-en-venecia\/\"><img decoding=\"async\" src=\"https:\/\/www.studiainitalia.com\/wp-content\/uploads\/2016\/11\/art-course-venice-e1490029335674-300x300.jpg\" alt=\"Curso de historia del arte en Venecia\" title=\"\"><\/a><\/div><h3 class=\"wopb-block-title\"><a title=\"Curso de historia del arte en Venecia\"  href=\"https:\/\/www.studiainitalia.com\/es\/cursos\/cursos-en-venecia\/curso-de-historia-del-arte-en-venecia\/\">Curso de historia del arte en Venecia<\/a><\/h3><div class=\"wopb-product-price\"><span class=\"woocommerce-Price-amount amount\" aria-hidden=\"true\"><bdi>350<span class=\"woocommerce-Price-currencySymbol\">&euro;<\/span><\/bdi><\/span> <span aria-hidden=\"true\">-<\/span> <span class=\"woocommerce-Price-amount amount\" aria-hidden=\"true\"><bdi>1.020<span class=\"woocommerce-Price-currencySymbol\">&euro;<\/span><\/bdi><\/span><span class=\"screen-reader-text\">Rango de precios: desde 350&euro; hasta 1.020&euro;<\/span><\/div><div class=\"wopb-star-rating\"><span style=\"width: 100%\"><strong itemprop=\"ratingValue\" class=\"wopb-rating\">5.00<\/strong>de 5<\/span><\/div><\/div><\/div><div class=\"wopb-block-item \"><div class=\"wopb-block-content-wrap\"><div class=\"wopb-block-image wopb-block-image-none\"><div class=\"wopb-product-new-meta\"><\/div><a href=\"https:\/\/www.studiainitalia.com\/es\/cursos\/cursos-de-italiano-en-italia\/italiano-en-venecia\/\"><img decoding=\"async\" src=\"https:\/\/www.studiainitalia.com\/wp-content\/uploads\/2024\/03\/VENEZIA-300x300.jpg\" alt=\"Cursos de Italiano en Venecia\" title=\"\"><\/a><\/div><h3 class=\"wopb-block-title\"><a title=\"Cursos de Italiano en Venecia\"  href=\"https:\/\/www.studiainitalia.com\/es\/cursos\/cursos-de-italiano-en-italia\/italiano-en-venecia\/\">Cursos de Italiano en Venecia<\/a><\/h3><div class=\"wopb-product-price\"><span class=\"woocommerce-Price-amount amount\" aria-hidden=\"true\"><bdi>320<span class=\"woocommerce-Price-currencySymbol\">&euro;<\/span><\/bdi><\/span> <span aria-hidden=\"true\">-<\/span> <span class=\"woocommerce-Price-amount amount\" aria-hidden=\"true\"><bdi>1.620<span class=\"woocommerce-Price-currencySymbol\">&euro;<\/span><\/bdi><\/span><span class=\"screen-reader-text\">Rango de precios: desde 320&euro; hasta 1.620&euro;<\/span><\/div><div class=\"wopb-star-rating\"><span style=\"width: 97%\"><strong itemprop=\"ratingValue\" class=\"wopb-rating\">4.85<\/strong>de 5<\/span><\/div><\/div><\/div><\/div><\/div><\/div><\/div><\/div>\n\n\n\n<div class=\"wp-block-columns alignfull has-ast-global-color-2-background-color has-background is-layout-flex wp-container-core-columns-is-layout-c7ed57bb wp-block-columns-is-layout-flex\" style=\"padding-top:5%;padding-right:10%;padding-bottom:5%;padding-left:10%\">\n<div class=\"wp-block-column is-layout-constrained wp-container-core-column-is-layout-80c0687d wp-block-column-is-layout-constrained\">\n<figure class=\"wp-block-image aligncenter size-full\"><img decoding=\"async\" width=\"52\" height=\"52\" src=\"https:\/\/www.studiainitalia.com\/wp-content\/uploads\/2016\/11\/venezppp.png\" alt=\"\" class=\"wp-image-85735\" title=\"\"><\/figure>\n\n\n<div  class=\"wp-block-ultimate-post-heading ultp-block-d95e7a\"><div class=\"ultp-block-wrapper\"><div class=\"ultp-heading-wrap ultp-heading-style1 ultp-heading-center\"><h2 class=\"ultp-heading-inner\"><span>\u00bfPor qu\u00e9 Venecia?<\/span><\/h2><\/div><\/div><\/div>\n\n\n<p>Cruzando el Canal Grande y paseando por las estrechas calles de los barrios de Dorsoduro y San Polo, ser\u00e1 posible ver la real vida de cada d\u00eda de Venecia y te enamorar\u00e1s de Venecia.<\/p>\n<\/div>\n\n\n\n<div class=\"wp-block-column is-layout-constrained wp-container-core-column-is-layout-80c0687d wp-block-column-is-layout-constrained\">\n<figure class=\"wp-block-image aligncenter size-full\"><img decoding=\"async\" width=\"50\" height=\"50\" src=\"https:\/\/www.studiainitalia.com\/wp-content\/uploads\/2022\/09\/caelndar2-3_png_webp.png\" alt=\"\" class=\"wp-image-94147\" title=\"\"><\/figure>\n\n\n<div  class=\"wp-block-ultimate-post-heading ultp-block-031732\"><div class=\"ultp-block-wrapper\"><div class=\"ultp-heading-wrap ultp-heading-style1 ultp-heading-center\"><h2 class=\"ultp-heading-inner\"><span>\u00bfCu\u00e1ndo ir?<\/span><\/h2><\/div><\/div><\/div>\n\n\n<p>Los meses mejores para encontrar buen tiempo en Venecia son desde Abril hasta Octubre, aunque hay que decir que el frio invierno en Venecia tiene algo m\u00e1gico.<\/p>\n\n\n\n<p>Especialmente en febrero, cuando la ciudad celebra uno de los carnavales m\u00e1s famosos del mundo, Venecia multiplica su atractivo.<\/p>\n<\/div>\n\n\n\n<div class=\"wp-block-column is-layout-constrained wp-container-core-column-is-layout-80c0687d wp-block-column-is-layout-constrained\">\n<figure class=\"wp-block-image aligncenter size-full\"><img decoding=\"async\" width=\"52\" height=\"52\" src=\"https:\/\/www.studiainitalia.com\/wp-content\/uploads\/2022\/09\/vespa-1_png_webp.png\" alt=\"\" class=\"wp-image-94148\" title=\"\"><\/figure>\n\n\n<div  class=\"wp-block-ultimate-post-heading ultp-block-86a3d3\"><div class=\"ultp-block-wrapper\"><div class=\"ultp-heading-wrap ultp-heading-style1 ultp-heading-center\"><h2 class=\"ultp-heading-inner\"><span>Transporte<\/span><\/h2><\/div><\/div><\/div>\n\n\n<p>La forma m\u00e1s c\u00f3moda de llegar a Venecia es a trav\u00e9s del aeropuerto internacional Venecia&nbsp;<a href=\"https:\/\/www.veneziaairport.it\/\" target=\"_blank\" rel=\"noreferrer noopener\">Marco Polo<\/a>, situado a 12 kil\u00f3metros de la ciudad. Hay servicios de autob\u00fas desde el aeropuerto hasta el Piazzale Roma de Venecia, as\u00ed como ferries de Alilaguna.<\/p>\n\n\n\n<p>Podemos organizar un transfer desde el aeropuerto hasta tu alojamiento en Venecia.<\/p>\n\n\n\n<p>Para mayor informaci\u00f3n sobre cosas que ver y hacer durante tu curso de italiano en Venecia, te recomendamos la gu\u00eda&nbsp;<a href=\"https:\/\/www.lonelyplanet.com\/italy\/venice\" target=\"_blank\" rel=\"noreferrer noopener\">Lonely Planet Guide to Venice.<\/a><\/p>\n<\/div>\n<\/div>\n\n\n\n<div class=\"wp-block-columns alignfull are-vertically-aligned-center is-layout-flex wp-container-core-columns-is-layout-28f84493 wp-block-columns-is-layout-flex\">\n<div class=\"wp-block-column is-vertically-aligned-center is-layout-flow wp-block-column-is-layout-flow\" style=\"flex-basis:100%\"><style>.kb-google-maps-container194313_7447ec-e1{height:450px;}.kb-google-maps-container194313_7447ec-e1{filter:grayscale(100%);}<\/style><div class=\"kb-google-maps-container kb-google-maps-container194313_7447ec-e1  wp-block-kadence-googlemaps\" data-mapid=\"194313_7447ece1\"><iframe width=\"100%\" height=\"100%\"\n\t\t\t\t\t\t\tstyle=\"border:0\" loading=\"lazy\"\n\t\t\t\t\t\t\tsrc=\"https:\/\/www.google.com\/maps\/embed\/v1\/place?key=AIzaSyBAM2o7PiQqwk15LC1XRH2e_KJ-jUa7KYk&#038;zoom=11&#038;maptype=roadmap&#038;q=venice\"\n\t\t\t\t\t\t\ttitle=\"Mapa de Google de venice\"><\/iframe><\/div><script>function kb_google_map194313_7447ece1() { let center = { lat: 37.8201, lng: -122.4781}; let map = new google.maps.Map(document.getElementById(\"kb-google-map194313_7447ece1\"), {\n\t\t\t\t\t    zoom: 11,\n\t\t\t\t\t    center: center,});let marker = new google.maps.Marker({   position: { lat: 37.8201, lng: -122.4781},    map: map,  });}<\/script><\/div>\n<\/div>\n","protected":false},"excerpt":{"rendered":"<p>Con la mayor concentraci\u00f3n de obras art\u00edsticas por metro cuadrado, Venecia es una de las ciudades m\u00e1s visitadas de todo el mundo. Todos los turistas han le\u00eddo gu\u00edas o han visto fotos de Venecia antes de venir a esta ciudad, pero en realidad, y por mucho que hayan imaginado ese momento, la llegada a Venecia [&hellip;]<\/p>\n","protected":false},"author":132,"featured_media":0,"parent":191779,"menu_order":61,"comment_status":"closed","ping_status":"closed","template":"","meta":{"_acf_changed":false,"_uag_custom_page_level_css":"","_kad_blocks_custom_css":"","_kad_blocks_head_custom_js":"","_kad_blocks_body_custom_js":"","_kad_blocks_footer_custom_js":"","site-sidebar-layout":"default","site-content-layout":"","ast-site-content-layout":"default","site-content-style":"default","site-sidebar-style":"default","ast-global-header-display":"","ast-banner-title-visibility":"","ast-main-header-display":"","ast-hfb-above-header-display":"","ast-hfb-below-header-display":"","ast-hfb-mobile-header-display":"","site-post-title":"disabled","ast-breadcrumbs-content":"","ast-featured-img":"","footer-sml-layout":"","ast-disable-related-posts":"","theme-transparent-header-meta":"","adv-header-id-meta":"","stick-header-meta":"","header-above-stick-meta":"","header-main-stick-meta":"","header-below-stick-meta":"","astra-migrate-meta-layouts":"set","ast-page-background-enabled":"default","ast-page-background-meta":{"desktop":{"background-color":"var(--ast-global-color-4)","background-image":"","background-repeat":"repeat","background-position":"center center","background-size":"auto","background-attachment":"scroll","background-type":"","background-media":"","overlay-type":"","overlay-color":"","overlay-opacity":"","overlay-gradient":""},"tablet":{"background-color":"","background-image":"","background-repeat":"repeat","background-position":"center center","background-size":"auto","background-attachment":"scroll","background-type":"","background-media":"","overlay-type":"","overlay-color":"","overlay-opacity":"","overlay-gradient":""},"mobile":{"background-color":"","background-image":"","background-repeat":"repeat","background-position":"center center","background-size":"auto","background-attachment":"scroll","background-type":"","background-media":"","overlay-type":"","overlay-color":"","overlay-opacity":"","overlay-gradient":""}},"ast-content-background-meta":{"desktop":{"background-color":"var(--ast-global-color-5)","background-image":"","background-repeat":"repeat","background-position":"center center","background-size":"auto","background-attachment":"scroll","background-type":"","background-media":"","overlay-type":"","overlay-color":"","overlay-opacity":"","overlay-gradient":""},"tablet":{"background-color":"var(--ast-global-color-5)","background-image":"","background-repeat":"repeat","background-position":"center center","background-size":"auto","background-attachment":"scroll","background-type":"","background-media":"","overlay-type":"","overlay-color":"","overlay-opacity":"","overlay-gradient":""},"mobile":{"background-color":"var(--ast-global-color-5)","background-image":"","background-repeat":"repeat","background-position":"center center","background-size":"auto","background-attachment":"scroll","background-type":"","background-media":"","overlay-type":"","overlay-color":"","overlay-opacity":"","overlay-gradient":""}},"footnotes":""},"class_list":["post-194313","page","type-page","status-publish","hentry"],"acf":[],"taxonomy_info":[],"featured_image_src_large":false,"author_info":{"display_name":"Jordi Torres","author_link":"https:\/\/www.studiainitalia.com\/es\/author\/creativa\/"},"comment_info":0,"uagb_featured_image_src":{"full":false,"thumbnail":false,"medium":false,"medium_large":false,"large":false,"1536x1536":false,"2048x2048":false,"ultp_layout_landscape_large":false,"ultp_layout_landscape":false,"ultp_layout_portrait":false,"ultp_layout_square":false,"gform-image-choice-sm":false,"gform-image-choice-md":false,"gform-image-choice-lg":false,"woocommerce_thumbnail":false,"woocommerce_single":false,"woocommerce_gallery_thumbnail":false,"yarpp-thumbnail":false},"uagb_author_info":{"display_name":"Jordi Torres","author_link":"https:\/\/www.studiainitalia.com\/es\/author\/creativa\/"},"uagb_comment_info":0,"uagb_excerpt":"Con la mayor concentraci\u00f3n de obras art\u00edsticas por metro cuadrado, Venecia es una de las ciudades m\u00e1s visitadas de todo el mundo. Todos los turistas han le\u00eddo gu\u00edas o han visto fotos de Venecia antes de venir a esta ciudad, pero en realidad, y por mucho que hayan imaginado ese momento, la llegada a Venecia&hellip;","_links":{"self":[{"href":"https:\/\/www.studiainitalia.com\/es\/wp-json\/wp\/v2\/pages\/194313","targetHints":{"allow":["GET"]}}],"collection":[{"href":"https:\/\/www.studiainitalia.com\/es\/wp-json\/wp\/v2\/pages"}],"about":[{"href":"https:\/\/www.studiainitalia.com\/es\/wp-json\/wp\/v2\/types\/page"}],"author":[{"embeddable":true,"href":"https:\/\/www.studiainitalia.com\/es\/wp-json\/wp\/v2\/users\/132"}],"replies":[{"embeddable":true,"href":"https:\/\/www.studiainitalia.com\/es\/wp-json\/wp\/v2\/comments?post=194313"}],"version-history":[{"count":0,"href":"https:\/\/www.studiainitalia.com\/es\/wp-json\/wp\/v2\/pages\/194313\/revisions"}],"up":[{"embeddable":true,"href":"https:\/\/www.studiainitalia.com\/es\/wp-json\/wp\/v2\/pages\/191779"}],"wp:attachment":[{"href":"https:\/\/www.studiainitalia.com\/es\/wp-json\/wp\/v2\/media?parent=194313"}],"curies":[{"name":"wp","href":"https:\/\/api.w.org\/{rel}","templated":true}]}}