{"id":195723,"date":"2021-02-24T20:15:06","date_gmt":"2021-02-24T19:15:06","guid":{"rendered":"https:\/\/www.studiainitalia.com\/error-404-el-contenido-ya-no-existe\/"},"modified":"2023-11-13T12:33:14","modified_gmt":"2023-11-13T11:33:14","slug":"error-404-el-contenido-ya-no-existe","status":"publish","type":"page","link":"https:\/\/www.studiainitalia.com\/es\/error-404-el-contenido-ya-no-existe\/","title":{"rendered":"Error 404, el contenido ya no existe"},"content":{"rendered":"\n<h2 class=\"has-text-align-center wp-block-heading\">Nuestras entradas de blog m\u00e1s recientes<\/h2>\n<div  class=\"ultp-post-grid-block wp-block-ultimate-post-post-list-3 ultp-block-24de0a\"><div class=\"ultp-block-wrapper\"><div class=\"ultp-loading\"><div class=\"ultp-loading-blocks\" style=\"width:100%;height:100%;\"><div style=\"left: 0;top: 0;animation-delay:0s;\"><\/div><div style=\"left: 21px;top: 0;animation-delay:0.125s;\"><\/div><div style=\"left: 42px;top: 0;animation-delay:0.25s;\"><\/div><div style=\"left: 0;top: 21px;animation-delay:0.875s;\"><\/div><div style=\"left: 42px;top: 21px;animation-delay:0.375s;\"><\/div><div style=\"left: 0;top: 42px;animation-delay:0.75s;\"><\/div><div style=\"left: 42px;top: 42px;animation-delay:0.625s;\"><\/div><div style=\"left: 21px;top: 42px;animation-delay:0.5s;\"><\/div><\/div><\/div><div class=\"ultp-heading-filter\"><div class=\"ultp-heading-filter-in\"><div class=\"ultp-heading-wrap ultp-heading-style1 ultp-heading-left\"><h2 class=\"ultp-heading-inner\"><span><\/span><\/h2><\/div><div class=\"ultp-filter-navigation\"><\/div><\/div><\/div><div class=\"ultp-block-items-wrap ultp-block-row ultp-block-column-1 ultp-block-content-middle ultp-layout1\"><div class=\"ultp-block-item ultp-block-media post-id-190759\"><div class=\"ultp-block-content-wrap\"><div class=\"ultp-block-image ultp-block-image-opacity\"><a href=\"https:\/\/www.studiainitalia.com\/es\/blog\/cursos-de-historia-del-arte-florencia-venecia\/\"><img decoding=\"async\" alt=\"Cursos de Historia del Arte en Florencia, Italia - Imagen de Rodney Castillo (Pixabay)\" src=\"https:\/\/www.studiainitalia.com\/wp-content\/uploads\/2019\/09\/history-of-art-courses-in-florence-italy-600x330.jpg\" title=\"\"><\/a><\/div><div class=\"ultp-block-content\"><div class=\"ultp-category-grid ultp-category-classic ultp-category-aboveTitle\"><div class=\"ultp-category-in\"><a class=\"ultp-cat-arts-es\" href=\"https:\/\/www.studiainitalia.com\/es\/blog\/category\/arts-es\/\">Arte<\/a><a class=\"ultp-cat-italian-destinations-es\" href=\"https:\/\/www.studiainitalia.com\/es\/blog\/category\/italian-destinations-es\/\">Ideas de viaje<\/a><\/div><\/div><h3 class=\"ultp-block-title \"><a href=\"https:\/\/www.studiainitalia.com\/es\/blog\/cursos-de-historia-del-arte-florencia-venecia\/\">Cursos de Historia del Arte en Florencia, Venecia y Roma: Renacimiento y cultura<\/a><\/h3><div class=\"ultp-block-meta ultp-block-meta-dot ultp-block-meta-icon\"><span class=\"ultp-block-author ultp-block-meta-element\"><svg xmlns=\"http:\/\/www.w3.org\/2000\/svg\" fill=\"none\" viewBox=\"0 0 24 24\">\r\n  <circle cx=\"12\" cy=\"7\" r=\"4\" stroke=\"currentColor\" stroke-linejoin=\"round\" stroke-width=\"1.5\"\/>\r\n  <path stroke=\"currentColor\" stroke-linecap=\"round\" stroke-linejoin=\"round\" stroke-width=\"1.5\" d=\"M4 21v-3a4 4 0 0 1 4-4h8a4 4 0 0 1 4 4v3\"\/>\r\n<\/svg>\r\n<a class=\"\" href=\"https:\/\/www.studiainitalia.com\/es\/author\/raffaella\/\">Raffaella Monaco<\/a><\/span><span class=\"ultp-block-date ultp-block-meta-element\"><svg xmlns=\"http:\/\/www.w3.org\/2000\/svg\" fill=\"none\" viewBox=\"0 0 24 24\">\r\n  <path stroke=\"currentColor\" stroke-linecap=\"round\" stroke-linejoin=\"round\" stroke-width=\"1.5\" d=\"M3 5.5a2 2 0 0 1 2-2h14a2 2 0 0 1 2 2v14a2 2 0 0 1-2 2H5a2 2 0 0 1-2-2v-14ZM8 2v3m8-3v3M3 9h18\"\/>\r\n<\/svg>\r\nAbr 1, 2026<\/span><span class=\"ultp-post-read ultp-block-meta-element\"><svg xmlns=\"http:\/\/www.w3.org\/2000\/svg\" fill=\"none\" viewBox=\"0 0 24 24\">\r\n  <path stroke=\"currentColor\" stroke-linecap=\"round\" stroke-linejoin=\"round\" stroke-width=\"1.5\" d=\"M4 5v14a3 3 0 0 0 3 3h13V8H7a3 3 0 0 1-3-3Zm0 0a3 3 0 0 1 3-3h13M7 5h10\"\/>\r\n  <path stroke=\"currentColor\" stroke-linecap=\"round\" stroke-linejoin=\"round\" stroke-width=\"1.5\" d=\"M9.5 18.5v-3.092a3 3 0 0 1 .504-1.664l1.219-1.828a.934.934 0 0 1 1.554 0l1.22 1.828a3 3 0 0 1 .503 1.664V18.5m-5-2.5h5\"\/>\r\n<\/svg>\r\n5 min read<\/span><\/div><div class=\"ultp-block-excerpt\"><p>Para entender la historia del arte italiano, hay que comprender que nunca se trat\u00f3 solo de pintura sobre lienzo, sino de una forma radicalmente nueva de ver el mundo. Un curso de historia del Arte en Florencia te permite experimentar&hellip;<\/p>\n<\/div><div class=\"ultp-block-readmore\"><a aria-label=\"Cursos de Historia del Arte en Florencia, Venecia y Roma: Renacimiento y cultura\" href=\"https:\/\/www.studiainitalia.com\/es\/blog\/cursos-de-historia-del-arte-florencia-venecia\/\">Leer m\u00e1s<\/a><\/div><\/div><\/div><\/div><div class=\"ultp-block-item ultp-block-media post-id-190720\"><div class=\"ultp-block-content-wrap\"><div class=\"ultp-block-image ultp-block-image-opacity\"><a href=\"https:\/\/www.studiainitalia.com\/es\/blog\/curso-italiano-florencia-vacaciones-estudio\/\"><img decoding=\"async\" alt=\"Curso de italiano en Florencia consejos viaje - photo by user32212 from Pixabay\" src=\"https:\/\/www.studiainitalia.com\/wp-content\/uploads\/2021\/05\/Italian-Course-in-Florence-travel-tips-600x329.jpg\" title=\"\"><\/a><\/div><div class=\"ultp-block-content\"><div class=\"ultp-category-grid ultp-category-classic ultp-category-aboveTitle\"><div class=\"ultp-category-in\"><a class=\"ultp-cat-cursos-de-italiano\" href=\"https:\/\/www.studiainitalia.com\/es\/blog\/category\/cursos-de-italiano\/\">Cursos de italiano<\/a><a class=\"ultp-cat-italian-destinations-es\" href=\"https:\/\/www.studiainitalia.com\/es\/blog\/category\/italian-destinations-es\/\">Ideas de viaje<\/a><\/div><\/div><h3 class=\"ultp-block-title \"><a href=\"https:\/\/www.studiainitalia.com\/es\/blog\/curso-italiano-florencia-vacaciones-estudio\/\">Curso de italiano en Florencia: 6 consejos para una experiencia italiana<\/a><\/h3><div class=\"ultp-block-meta ultp-block-meta-dot ultp-block-meta-icon\"><span class=\"ultp-block-author ultp-block-meta-element\"><svg xmlns=\"http:\/\/www.w3.org\/2000\/svg\" fill=\"none\" viewBox=\"0 0 24 24\">\r\n  <circle cx=\"12\" cy=\"7\" r=\"4\" stroke=\"currentColor\" stroke-linejoin=\"round\" stroke-width=\"1.5\"\/>\r\n  <path stroke=\"currentColor\" stroke-linecap=\"round\" stroke-linejoin=\"round\" stroke-width=\"1.5\" d=\"M4 21v-3a4 4 0 0 1 4-4h8a4 4 0 0 1 4 4v3\"\/>\r\n<\/svg>\r\n<a class=\"\" href=\"https:\/\/www.studiainitalia.com\/es\/author\/raffaella\/\">Raffaella Monaco<\/a><\/span><span class=\"ultp-block-date ultp-block-meta-element\"><svg xmlns=\"http:\/\/www.w3.org\/2000\/svg\" fill=\"none\" viewBox=\"0 0 24 24\">\r\n  <path stroke=\"currentColor\" stroke-linecap=\"round\" stroke-linejoin=\"round\" stroke-width=\"1.5\" d=\"M3 5.5a2 2 0 0 1 2-2h14a2 2 0 0 1 2 2v14a2 2 0 0 1-2 2H5a2 2 0 0 1-2-2v-14ZM8 2v3m8-3v3M3 9h18\"\/>\r\n<\/svg>\r\nMar 2, 2026<\/span><span class=\"ultp-post-read ultp-block-meta-element\"><svg xmlns=\"http:\/\/www.w3.org\/2000\/svg\" fill=\"none\" viewBox=\"0 0 24 24\">\r\n  <path stroke=\"currentColor\" stroke-linecap=\"round\" stroke-linejoin=\"round\" stroke-width=\"1.5\" d=\"M4 5v14a3 3 0 0 0 3 3h13V8H7a3 3 0 0 1-3-3Zm0 0a3 3 0 0 1 3-3h13M7 5h10\"\/>\r\n  <path stroke=\"currentColor\" stroke-linecap=\"round\" stroke-linejoin=\"round\" stroke-width=\"1.5\" d=\"M9.5 18.5v-3.092a3 3 0 0 1 .504-1.664l1.219-1.828a.934.934 0 0 1 1.554 0l1.22 1.828a3 3 0 0 1 .503 1.664V18.5m-5-2.5h5\"\/>\r\n<\/svg>\r\n6 min read<\/span><\/div><div class=\"ultp-block-excerpt\"><p>Florencia no solo es el escenario de la historia del arte, sino que tambi\u00e9n es, sin duda, la mejor aula del mundo. Si deseas aprender italiano de verdad, ya sea para refrescar tus conocimientos durante una semana o para sumergirte&hellip;<\/p>\n<\/div><div class=\"ultp-block-readmore\"><a aria-label=\"Curso de italiano en Florencia: 6 consejos para una experiencia italiana\" href=\"https:\/\/www.studiainitalia.com\/es\/blog\/curso-italiano-florencia-vacaciones-estudio\/\">Leer m\u00e1s<\/a><\/div><\/div><\/div><\/div><div class=\"ultp-block-item ultp-block-media post-id-203890\"><div class=\"ultp-block-content-wrap\"><div class=\"ultp-block-image ultp-block-image-opacity\"><a href=\"https:\/\/www.studiainitalia.com\/es\/blog\/agencia-para-estudiar-en-italia\/\"><img decoding=\"async\" alt=\"Agencia para estudiar en Italia\" src=\"https:\/\/www.studiainitalia.com\/wp-content\/uploads\/2026\/02\/italian-education-agency-to-study-abroad-in-italy-1-600x330.jpg\" title=\"\"><\/a><\/div><div class=\"ultp-block-content\"><div class=\"ultp-category-grid ultp-category-classic ultp-category-aboveTitle\"><div class=\"ultp-category-in\"><a class=\"ultp-cat-cursos-de-italiano\" href=\"https:\/\/www.studiainitalia.com\/es\/blog\/category\/cursos-de-italiano\/\">Cursos de italiano<\/a><\/div><\/div><h3 class=\"ultp-block-title \"><a href=\"https:\/\/www.studiainitalia.com\/es\/blog\/agencia-para-estudiar-en-italia\/\">Agencia para estudiar en Italia: 5 razones por qu\u00e9 la necesitas<\/a><\/h3><div class=\"ultp-block-meta ultp-block-meta-dot ultp-block-meta-icon\"><span class=\"ultp-block-author ultp-block-meta-element\"><svg xmlns=\"http:\/\/www.w3.org\/2000\/svg\" fill=\"none\" viewBox=\"0 0 24 24\">\r\n  <circle cx=\"12\" cy=\"7\" r=\"4\" stroke=\"currentColor\" stroke-linejoin=\"round\" stroke-width=\"1.5\"\/>\r\n  <path stroke=\"currentColor\" stroke-linecap=\"round\" stroke-linejoin=\"round\" stroke-width=\"1.5\" d=\"M4 21v-3a4 4 0 0 1 4-4h8a4 4 0 0 1 4 4v3\"\/>\r\n<\/svg>\r\n<a class=\"\" href=\"https:\/\/www.studiainitalia.com\/es\/author\/raffaella\/\">Raffaella Monaco<\/a><\/span><span class=\"ultp-block-date ultp-block-meta-element\"><svg xmlns=\"http:\/\/www.w3.org\/2000\/svg\" fill=\"none\" viewBox=\"0 0 24 24\">\r\n  <path stroke=\"currentColor\" stroke-linecap=\"round\" stroke-linejoin=\"round\" stroke-width=\"1.5\" d=\"M3 5.5a2 2 0 0 1 2-2h14a2 2 0 0 1 2 2v14a2 2 0 0 1-2 2H5a2 2 0 0 1-2-2v-14ZM8 2v3m8-3v3M3 9h18\"\/>\r\n<\/svg>\r\nFeb 2, 2026<\/span><span class=\"ultp-post-read ultp-block-meta-element\"><svg xmlns=\"http:\/\/www.w3.org\/2000\/svg\" fill=\"none\" viewBox=\"0 0 24 24\">\r\n  <path stroke=\"currentColor\" stroke-linecap=\"round\" stroke-linejoin=\"round\" stroke-width=\"1.5\" d=\"M4 5v14a3 3 0 0 0 3 3h13V8H7a3 3 0 0 1-3-3Zm0 0a3 3 0 0 1 3-3h13M7 5h10\"\/>\r\n  <path stroke=\"currentColor\" stroke-linecap=\"round\" stroke-linejoin=\"round\" stroke-width=\"1.5\" d=\"M9.5 18.5v-3.092a3 3 0 0 1 .504-1.664l1.219-1.828a.934.934 0 0 1 1.554 0l1.22 1.828a3 3 0 0 1 .503 1.664V18.5m-5-2.5h5\"\/>\r\n<\/svg>\r\n5 min read<\/span><\/div><div class=\"ultp-block-excerpt\"><p>Imagina lo siguiente: por fin te has decidido a cumplir tu sue\u00f1o de estudiar en Italia. Casi puedes oler la harina en una cocina toscana o sentir la arcilla entre tus dedos en un taller de cer\u00e1mica siciliano. Abres Google&hellip;<\/p>\n<\/div><div class=\"ultp-block-readmore\"><a aria-label=\"Agencia para estudiar en Italia: 5 razones por qu\u00e9 la necesitas\" href=\"https:\/\/www.studiainitalia.com\/es\/blog\/agencia-para-estudiar-en-italia\/\">Leer m\u00e1s<\/a><\/div><\/div><\/div><\/div><div class=\"ultp-block-item ultp-block-media post-id-203565\"><div class=\"ultp-block-content-wrap\"><div class=\"ultp-block-image ultp-block-image-opacity\"><a href=\"https:\/\/www.studiainitalia.com\/es\/blog\/exposiciones-arte-en-italia-2026\/\"><img decoding=\"async\" alt=\"exposiciones de arte en italia 2026\" src=\"https:\/\/www.studiainitalia.com\/wp-content\/uploads\/2025\/12\/Art-Exhibitions-in-Italy-2026-600x330.jpg\" title=\"\"><\/a><\/div><div class=\"ultp-block-content\"><div class=\"ultp-category-grid ultp-category-classic ultp-category-aboveTitle\"><div class=\"ultp-category-in\"><a class=\"ultp-cat-arts-es\" href=\"https:\/\/www.studiainitalia.com\/es\/blog\/category\/arts-es\/\">Arte<\/a><a class=\"ultp-cat-italian-destinations-es\" href=\"https:\/\/www.studiainitalia.com\/es\/blog\/category\/italian-destinations-es\/\">Ideas de viaje<\/a><\/div><\/div><h3 class=\"ultp-block-title \"><a href=\"https:\/\/www.studiainitalia.com\/es\/blog\/exposiciones-arte-en-italia-2026\/\">Las mejores exposiciones de arte en Italia en 2026: qu\u00e9 ver y cu\u00e1ndo<\/a><\/h3><div class=\"ultp-block-meta ultp-block-meta-dot ultp-block-meta-icon\"><span class=\"ultp-block-author ultp-block-meta-element\"><svg xmlns=\"http:\/\/www.w3.org\/2000\/svg\" fill=\"none\" viewBox=\"0 0 24 24\">\r\n  <circle cx=\"12\" cy=\"7\" r=\"4\" stroke=\"currentColor\" stroke-linejoin=\"round\" stroke-width=\"1.5\"\/>\r\n  <path stroke=\"currentColor\" stroke-linecap=\"round\" stroke-linejoin=\"round\" stroke-width=\"1.5\" d=\"M4 21v-3a4 4 0 0 1 4-4h8a4 4 0 0 1 4 4v3\"\/>\r\n<\/svg>\r\n<a class=\"\" href=\"https:\/\/www.studiainitalia.com\/es\/author\/raffaella\/\">Raffaella Monaco<\/a><\/span><span class=\"ultp-block-date ultp-block-meta-element\"><svg xmlns=\"http:\/\/www.w3.org\/2000\/svg\" fill=\"none\" viewBox=\"0 0 24 24\">\r\n  <path stroke=\"currentColor\" stroke-linecap=\"round\" stroke-linejoin=\"round\" stroke-width=\"1.5\" d=\"M3 5.5a2 2 0 0 1 2-2h14a2 2 0 0 1 2 2v14a2 2 0 0 1-2 2H5a2 2 0 0 1-2-2v-14ZM8 2v3m8-3v3M3 9h18\"\/>\r\n<\/svg>\r\nEne 2, 2026<\/span><span class=\"ultp-post-read ultp-block-meta-element\"><svg xmlns=\"http:\/\/www.w3.org\/2000\/svg\" fill=\"none\" viewBox=\"0 0 24 24\">\r\n  <path stroke=\"currentColor\" stroke-linecap=\"round\" stroke-linejoin=\"round\" stroke-width=\"1.5\" d=\"M4 5v14a3 3 0 0 0 3 3h13V8H7a3 3 0 0 1-3-3Zm0 0a3 3 0 0 1 3-3h13M7 5h10\"\/>\r\n  <path stroke=\"currentColor\" stroke-linecap=\"round\" stroke-linejoin=\"round\" stroke-width=\"1.5\" d=\"M9.5 18.5v-3.092a3 3 0 0 1 .504-1.664l1.219-1.828a.934.934 0 0 1 1.554 0l1.22 1.828a3 3 0 0 1 .503 1.664V18.5m-5-2.5h5\"\/>\r\n<\/svg>\r\n9 min read<\/span><\/div><div class=\"ultp-block-excerpt\"><p>2026 se perfila como un a\u00f1o espectacular para el arte, la arquitectura y la cultura en Italia. En toda la pen\u00ednsula, museos y fundaciones est\u00e1n preparando extraordinarias exposiciones de arte que trascienden las disciplinas, invitando a los visitantes a explorar&hellip;<\/p>\n<\/div><div class=\"ultp-block-readmore\"><a aria-label=\"Las mejores exposiciones de arte en Italia en 2026: qu\u00e9 ver y cu\u00e1ndo\" href=\"https:\/\/www.studiainitalia.com\/es\/blog\/exposiciones-arte-en-italia-2026\/\">Leer m\u00e1s<\/a><\/div><\/div><\/div><\/div><div class=\"ultp-block-item ultp-block-media post-id-203237\"><div class=\"ultp-block-content-wrap\"><div class=\"ultp-block-image ultp-block-image-opacity\"><a href=\"https:\/\/www.studiainitalia.com\/es\/blog\/risotto-milanese-ossobuco-receta\/\"><img decoding=\"async\" alt=\"Risotto alla Milanese y Ossobuco\" src=\"https:\/\/www.studiainitalia.com\/wp-content\/uploads\/2025\/12\/Risotto-alla-Milanese-and-Ossobuco-600x330.jpg\" title=\"\"><\/a><\/div><div class=\"ultp-block-content\"><div class=\"ultp-category-grid ultp-category-classic ultp-category-aboveTitle\"><div class=\"ultp-category-in\"><a class=\"ultp-cat-comida\" href=\"https:\/\/www.studiainitalia.com\/es\/blog\/category\/comida\/\">Comida<\/a><\/div><\/div><h3 class=\"ultp-block-title \"><a href=\"https:\/\/www.studiainitalia.com\/es\/blog\/risotto-milanese-ossobuco-receta\/\">Risotto alla Milanese y Ossobuco<\/a><\/h3><div class=\"ultp-block-meta ultp-block-meta-dot ultp-block-meta-icon\"><span class=\"ultp-block-author ultp-block-meta-element\"><svg xmlns=\"http:\/\/www.w3.org\/2000\/svg\" fill=\"none\" viewBox=\"0 0 24 24\">\r\n  <circle cx=\"12\" cy=\"7\" r=\"4\" stroke=\"currentColor\" stroke-linejoin=\"round\" stroke-width=\"1.5\"\/>\r\n  <path stroke=\"currentColor\" stroke-linecap=\"round\" stroke-linejoin=\"round\" stroke-width=\"1.5\" d=\"M4 21v-3a4 4 0 0 1 4-4h8a4 4 0 0 1 4 4v3\"\/>\r\n<\/svg>\r\n<a class=\"\" href=\"https:\/\/www.studiainitalia.com\/es\/author\/raffaella\/\">Raffaella Monaco<\/a><\/span><span class=\"ultp-block-date ultp-block-meta-element\"><svg xmlns=\"http:\/\/www.w3.org\/2000\/svg\" fill=\"none\" viewBox=\"0 0 24 24\">\r\n  <path stroke=\"currentColor\" stroke-linecap=\"round\" stroke-linejoin=\"round\" stroke-width=\"1.5\" d=\"M3 5.5a2 2 0 0 1 2-2h14a2 2 0 0 1 2 2v14a2 2 0 0 1-2 2H5a2 2 0 0 1-2-2v-14ZM8 2v3m8-3v3M3 9h18\"\/>\r\n<\/svg>\r\nDic 1, 2025<\/span><span class=\"ultp-post-read ultp-block-meta-element\"><svg xmlns=\"http:\/\/www.w3.org\/2000\/svg\" fill=\"none\" viewBox=\"0 0 24 24\">\r\n  <path stroke=\"currentColor\" stroke-linecap=\"round\" stroke-linejoin=\"round\" stroke-width=\"1.5\" d=\"M4 5v14a3 3 0 0 0 3 3h13V8H7a3 3 0 0 1-3-3Zm0 0a3 3 0 0 1 3-3h13M7 5h10\"\/>\r\n  <path stroke=\"currentColor\" stroke-linecap=\"round\" stroke-linejoin=\"round\" stroke-width=\"1.5\" d=\"M9.5 18.5v-3.092a3 3 0 0 1 .504-1.664l1.219-1.828a.934.934 0 0 1 1.554 0l1.22 1.828a3 3 0 0 1 .503 1.664V18.5m-5-2.5h5\"\/>\r\n<\/svg>\r\n4 min read<\/span><\/div><div class=\"ultp-block-excerpt\"><p>Diciembre es el momento perfecto para a\u00f1adir un toque de calidez y tradici\u00f3n italiana a tu mesa navide\u00f1a, y nada refleja mejor el esp\u00edritu de una comida cl\u00e1sica de Navidad que el Risotto alla Milanese acompa\u00f1ado de Ossobuco. Esta entrada&hellip;<\/p>\n<\/div><div class=\"ultp-block-readmore\"><a aria-label=\"Risotto alla Milanese y Ossobuco\" href=\"https:\/\/www.studiainitalia.com\/es\/blog\/risotto-milanese-ossobuco-receta\/\">Leer m\u00e1s<\/a><\/div><\/div><\/div><\/div><\/div><div class=\"ultp-pagination-wrap ultp-pagination-ajax-action\" data-paged=\"1\" data-expost=\"\"  data-blockid=\"24de0a\" data-postid=\"203237\" data-pages=\"21\" data-blockname=\"ultimate-post_post-list-3\" data-selfpostid=\"no\"><ul class=\"ultp-pagination\"><li class=\"ultp-prev-page-numbers\" style=\"display:none\"><a href=\"https:\/\/www.studiainitalia.com\/es\/wp-json\/wp\/v2\/pages\/195723\/\"><svg xmlns=\"http:\/\/www.w3.org\/2000\/svg\" fill=\"none\" viewBox=\"0 0 24 24\">\r\n  <path stroke=\"currentColor\" stroke-linecap=\"round\" stroke-linejoin=\"round\" stroke-width=\"1.5\" d=\"m15 18-6-6 6-6\"\/>\r\n<\/svg>\r\n Previous<\/a><\/li><li class=\"ultp-first-pages\" style=\"display:none\" data-current=\"1\"><a href=\"https:\/\/www.studiainitalia.com\/es\/wp-json\/wp\/v2\/pages\/195723\/\">1<\/a><\/li><li class=\"ultp-first-dot\"style=\"display:none\"><a href=\"#\">&#8230;<\/a><\/li><li class=\"ultp-center-item pagination-active\" data-current=\"1\"><a href=\"https:\/\/www.studiainitalia.com\/es\/wp-json\/wp\/v2\/pages\/195723\/\">1<\/a><\/li><li class=\"ultp-center-item\" data-current=\"2\" ><a href=\"https:\/\/www.studiainitalia.com\/es\/wp-json\/wp\/v2\/pages\/195723\/page\/2\/\">2<\/a><\/li><li class=\"ultp-center-item\" data-current=\"3\" ><a href=\"https:\/\/www.studiainitalia.com\/es\/wp-json\/wp\/v2\/pages\/195723\/page\/3\/\">3<\/a><\/li><li class=\"ultp-last-dot\" ><a href=\"#\">&#8230;<\/a><\/li><li class=\"ultp-last-pages\" data-current=\"21\"><a href=\"https:\/\/www.studiainitalia.com\/es\/wp-json\/wp\/v2\/pages\/195723\/page\/21\/\">21<\/a><\/li><li class=\"ultp-next-page-numbers\"><a href=\"https:\/\/www.studiainitalia.com\/es\/wp-json\/wp\/v2\/pages\/195723\/page\/2\/\">Next<svg xmlns=\"http:\/\/www.w3.org\/2000\/svg\" fill=\"none\" viewBox=\"0 0 24 24\">\r\n  <path stroke=\"currentColor\" stroke-linecap=\"round\" stroke-linejoin=\"round\" stroke-width=\"1.5\" d=\"m9 18 6-6-6-6\"\/>\r\n<\/svg>\r\n<\/a><\/li><\/ul><\/div><\/div><div class=\"pagination-block-html\" aria-hidden=\"true\" style=\"display: none;\"><\/div><\/div>","protected":false},"excerpt":{"rendered":"<p>metaseo_404_page<\/p>\n","protected":false},"author":132,"featured_media":0,"parent":0,"menu_order":0,"comment_status":"closed","ping_status":"closed","template":"","meta":{"_acf_changed":false,"_uag_custom_page_level_css":"","_kad_blocks_custom_css":"","_kad_blocks_head_custom_js":"","_kad_blocks_body_custom_js":"","_kad_blocks_footer_custom_js":"","site-sidebar-layout":"default","site-content-layout":"","ast-site-content-layout":"default","site-content-style":"default","site-sidebar-style":"default","ast-global-header-display":"","ast-banner-title-visibility":"","ast-main-header-display":"","ast-hfb-above-header-display":"","ast-hfb-below-header-display":"","ast-hfb-mobile-header-display":"","site-post-title":"","ast-breadcrumbs-content":"","ast-featured-img":"","footer-sml-layout":"","ast-disable-related-posts":"","theme-transparent-header-meta":"","adv-header-id-meta":"","stick-header-meta":"","header-above-stick-meta":"","header-main-stick-meta":"","header-below-stick-meta":"","astra-migrate-meta-layouts":"default","ast-page-background-enabled":"default","ast-page-background-meta":{"desktop":{"background-color":"var(--ast-global-color-4)","background-image":"","background-repeat":"repeat","background-position":"center center","background-size":"auto","background-attachment":"scroll","background-type":"","background-media":"","overlay-type":"","overlay-color":"","overlay-opacity":"","overlay-gradient":""},"tablet":{"background-color":"","background-image":"","background-repeat":"repeat","background-position":"center center","background-size":"auto","background-attachment":"scroll","background-type":"","background-media":"","overlay-type":"","overlay-color":"","overlay-opacity":"","overlay-gradient":""},"mobile":{"background-color":"","background-image":"","background-repeat":"repeat","background-position":"center center","background-size":"auto","background-attachment":"scroll","background-type":"","background-media":"","overlay-type":"","overlay-color":"","overlay-opacity":"","overlay-gradient":""}},"ast-content-background-meta":{"desktop":{"background-color":"var(--ast-global-color-5)","background-image":"","background-repeat":"repeat","background-position":"center center","background-size":"auto","background-attachment":"scroll","background-type":"","background-media":"","overlay-type":"","overlay-color":"","overlay-opacity":"","overlay-gradient":""},"tablet":{"background-color":"var(--ast-global-color-5)","background-image":"","background-repeat":"repeat","background-position":"center center","background-size":"auto","background-attachment":"scroll","background-type":"","background-media":"","overlay-type":"","overlay-color":"","overlay-opacity":"","overlay-gradient":""},"mobile":{"background-color":"var(--ast-global-color-5)","background-image":"","background-repeat":"repeat","background-position":"center center","background-size":"auto","background-attachment":"scroll","background-type":"","background-media":"","overlay-type":"","overlay-color":"","overlay-opacity":"","overlay-gradient":""}},"footnotes":""},"class_list":["post-195723","page","type-page","status-publish","hentry"],"acf":[],"taxonomy_info":[],"featured_image_src_large":false,"author_info":{"display_name":"Jordi Torres","author_link":"https:\/\/www.studiainitalia.com\/es\/author\/creativa\/"},"comment_info":0,"uagb_featured_image_src":{"full":false,"thumbnail":false,"medium":false,"medium_large":false,"large":false,"1536x1536":false,"2048x2048":false,"ultp_layout_landscape_large":false,"ultp_layout_landscape":false,"ultp_layout_portrait":false,"ultp_layout_square":false,"gform-image-choice-sm":false,"gform-image-choice-md":false,"gform-image-choice-lg":false,"woocommerce_thumbnail":false,"woocommerce_single":false,"woocommerce_gallery_thumbnail":false,"yarpp-thumbnail":false},"uagb_author_info":{"display_name":"Jordi Torres","author_link":"https:\/\/www.studiainitalia.com\/es\/author\/creativa\/"},"uagb_comment_info":0,"uagb_excerpt":"metaseo_404_page","_links":{"self":[{"href":"https:\/\/www.studiainitalia.com\/es\/wp-json\/wp\/v2\/pages\/195723","targetHints":{"allow":["GET"]}}],"collection":[{"href":"https:\/\/www.studiainitalia.com\/es\/wp-json\/wp\/v2\/pages"}],"about":[{"href":"https:\/\/www.studiainitalia.com\/es\/wp-json\/wp\/v2\/types\/page"}],"author":[{"embeddable":true,"href":"https:\/\/www.studiainitalia.com\/es\/wp-json\/wp\/v2\/users\/132"}],"replies":[{"embeddable":true,"href":"https:\/\/www.studiainitalia.com\/es\/wp-json\/wp\/v2\/comments?post=195723"}],"version-history":[{"count":0,"href":"https:\/\/www.studiainitalia.com\/es\/wp-json\/wp\/v2\/pages\/195723\/revisions"}],"wp:attachment":[{"href":"https:\/\/www.studiainitalia.com\/es\/wp-json\/wp\/v2\/media?parent=195723"}],"curies":[{"name":"wp","href":"https:\/\/api.w.org\/{rel}","templated":true}]}}