{"id":196635,"date":"2024-01-15T11:36:38","date_gmt":"2024-01-15T10:36:38","guid":{"rendered":"https:\/\/www.studiainitalia.com\/?page_id=196635"},"modified":"2024-05-02T16:42:48","modified_gmt":"2024-05-02T14:42:48","slug":"visado","status":"publish","type":"page","link":"https:\/\/www.studiainitalia.com\/es\/visado\/","title":{"rendered":"Visado"},"content":{"rendered":"<div  class=\"wp-block-ultimate-post-heading ultp-block-c6f161\"><div class=\"ultp-block-wrapper\"><div class=\"ultp-heading-wrap ultp-heading-style1 ultp-heading-left\"><h1 class=\"ultp-heading-inner\"><span>Visado<\/span><\/h1><\/div><\/div><\/div>\n\n\n<div class=\"wp-block-group is-layout-constrained wp-block-group-is-layout-constrained\">\n<p>Por favor, comprueba si necesitas visado aqu\u00ed: <a href=\"https:\/\/vistoperitalia.esteri.it\/home.aspx\" target=\"_blank\" rel=\"noopener\">https:\/\/vistoperitalia.esteri.it\/home.aspx<\/a> &nbsp;<\/p>\n\n\n\n<p style=\"padding-top:var(--wp--preset--spacing--20);padding-right:var(--wp--preset--spacing--20);padding-bottom:var(--wp--preset--spacing--20);padding-left:var(--wp--preset--spacing--20)\"><\/p>\n\n\n\n<p>Para solicitar el visado de estudiante tienes que estar matriculado en un curso al menos 20 horas a la semana. Esto significa asistir a un curso 4 horas al d\u00eda, 5 d\u00edas a la semana, de lunes a viernes. La asistencia al curso es obligatoria.<\/p>\n\n\n\n<p>Ten en cuenta que es bastante dif\u00edcil conseguir un visado como principiante, por lo que te sugerimos que empieces un curso y llegues a un nivel A2 (es lo que piden la mayor\u00eda de los consulados, a veces incluso B1 o B2) antes de pedir el visado.<\/p>\n\n\n\n<p style=\"padding-top:var(--wp--preset--spacing--20);padding-right:var(--wp--preset--spacing--20);padding-bottom:var(--wp--preset--spacing--20);padding-left:var(--wp--preset--spacing--20)\"><\/p>\n\n\n\n<p>Una vez saldado el importe total del curso, te facilitamos toda la documentaci\u00f3n necesaria por nuestra parte para solicitar el visado. Como por ejemplo:<\/p>\n\n\n\n<ul class=\"wp-block-list\">\n<li>factura<\/li>\n\n\n\n<li>certificado de inscripci\u00f3n<\/li>\n\n\n\n<li>reconocimiento del Ministerio de Educaci\u00f3n italiano<\/li>\n\n\n\n<li>certificado de constituci\u00f3n<\/li>\n\n\n\n<li>registro de empresa de la C\u00e1mara de Comercio<\/li>\n<\/ul>\n\n\n\n<p>Adem\u00e1s de estos documentos, tienes que demostrar en la embajada italiana lo siguiente:<\/p>\n\n\n\n<ul class=\"wp-block-list\">\n<li>pasaporte en vigor<\/li>\n\n\n\n<li>seguro m\u00e9dico para todo el periodo de tu estancia, v\u00e1lido para Italia<\/li>\n\n\n\n<li>alojamiento (en forma de invitaci\u00f3n de tu familia de acogida, o podemos facilitarte un certificado de alojamiento)<\/li>\n\n\n\n<li>cobertura econ\u00f3mica para todo el periodo de tu estancia (1000 euros\/mes)<\/li>\n\n\n\n<li>carta de motivaci\u00f3n que relacione tu plan de estudiar italiano con tus estudios pasados o futuros, o con tu historial laboral.<\/li>\n<\/ul>\n\n\n\n<p style=\"padding-top:var(--wp--preset--spacing--20);padding-right:var(--wp--preset--spacing--20);padding-bottom:var(--wp--preset--spacing--20);padding-left:var(--wp--preset--spacing--20)\"><\/p>\n\n\n\n<p>Una vez que llegues a Italia, tienes que ir a la oficina de correos m\u00e1s cercana y rellenar el kit postal para el permiso de residencia en los 9 d\u00edas siguientes a tu llegada.<\/p>\n\n\n\n<p>Los documentos originales te ser\u00e1n enviados por correo electr\u00f3nico o dhl si lo solicitas, corriendo t\u00fa con los gastos.<\/p>\n\n\n\n<p>En caso de que se deniegue tu solicitud de visado, obtendr\u00e1s un reembolso completo, excepto 350 euros de gastos administrativos. Los gastos bancarios para obtener el reembolso corren por tu cuenta.<\/p>\n\n\n<style>.wp-block-kadence-spacer.kt-block-spacer-196635_1374ce-48 .kt-block-spacer{height:60px;}.wp-block-kadence-spacer.kt-block-spacer-196635_1374ce-48 .kt-divider{border-top-width:1px;height:1px;border-top-color:var(--ast-global-color-5);width:80%;border-top-style:solid;}<\/style>\n<div class=\"wp-block-kadence-spacer aligncenter kt-block-spacer-196635_1374ce-48\"><div class=\"kt-block-spacer kt-block-spacer-halign-center\"><\/div><\/div>\n<\/div>\n","protected":false},"excerpt":{"rendered":"<p>Por favor, comprueba si necesitas visado aqu\u00ed: https:\/\/vistoperitalia.esteri.it\/home.aspx &nbsp; Para solicitar el visado de estudiante tienes que estar matriculado en un curso al menos 20 horas a la semana. Esto significa asistir a un curso 4 horas al d\u00eda, 5 d\u00edas a la semana, de lunes a viernes. La asistencia al curso es obligatoria. Ten [&hellip;]<\/p>\n","protected":false},"author":132,"featured_media":0,"parent":0,"menu_order":0,"comment_status":"closed","ping_status":"closed","template":"","meta":{"_acf_changed":false,"_uag_custom_page_level_css":"","_kad_blocks_custom_css":"","_kad_blocks_head_custom_js":"","_kad_blocks_body_custom_js":"","_kad_blocks_footer_custom_js":"","site-sidebar-layout":"default","site-content-layout":"","ast-site-content-layout":"default","site-content-style":"default","site-sidebar-style":"default","ast-global-header-display":"","ast-banner-title-visibility":"","ast-main-header-display":"","ast-hfb-above-header-display":"","ast-hfb-below-header-display":"","ast-hfb-mobile-header-display":"","site-post-title":"disabled","ast-breadcrumbs-content":"","ast-featured-img":"","footer-sml-layout":"","ast-disable-related-posts":"","theme-transparent-header-meta":"","adv-header-id-meta":"","stick-header-meta":"","header-above-stick-meta":"","header-main-stick-meta":"","header-below-stick-meta":"","astra-migrate-meta-layouts":"set","ast-page-background-enabled":"default","ast-page-background-meta":{"desktop":{"background-color":"var(--ast-global-color-4)","background-image":"","background-repeat":"repeat","background-position":"center center","background-size":"auto","background-attachment":"scroll","background-type":"","background-media":"","overlay-type":"","overlay-color":"","overlay-opacity":"","overlay-gradient":""},"tablet":{"background-color":"","background-image":"","background-repeat":"repeat","background-position":"center center","background-size":"auto","background-attachment":"scroll","background-type":"","background-media":"","overlay-type":"","overlay-color":"","overlay-opacity":"","overlay-gradient":""},"mobile":{"background-color":"","background-image":"","background-repeat":"repeat","background-position":"center center","background-size":"auto","background-attachment":"scroll","background-type":"","background-media":"","overlay-type":"","overlay-color":"","overlay-opacity":"","overlay-gradient":""}},"ast-content-background-meta":{"desktop":{"background-color":"var(--ast-global-color-5)","background-image":"","background-repeat":"repeat","background-position":"center center","background-size":"auto","background-attachment":"scroll","background-type":"","background-media":"","overlay-type":"","overlay-color":"","overlay-opacity":"","overlay-gradient":""},"tablet":{"background-color":"var(--ast-global-color-5)","background-image":"","background-repeat":"repeat","background-position":"center center","background-size":"auto","background-attachment":"scroll","background-type":"","background-media":"","overlay-type":"","overlay-color":"","overlay-opacity":"","overlay-gradient":""},"mobile":{"background-color":"var(--ast-global-color-5)","background-image":"","background-repeat":"repeat","background-position":"center center","background-size":"auto","background-attachment":"scroll","background-type":"","background-media":"","overlay-type":"","overlay-color":"","overlay-opacity":"","overlay-gradient":""}},"footnotes":""},"class_list":["post-196635","page","type-page","status-publish","hentry"],"acf":[],"taxonomy_info":[],"featured_image_src_large":false,"author_info":{"display_name":"Jordi Torres","author_link":"https:\/\/www.studiainitalia.com\/es\/author\/creativa\/"},"comment_info":0,"uagb_featured_image_src":{"full":false,"thumbnail":false,"medium":false,"medium_large":false,"large":false,"1536x1536":false,"2048x2048":false,"ultp_layout_landscape_large":false,"ultp_layout_landscape":false,"ultp_layout_portrait":false,"ultp_layout_square":false,"gform-image-choice-sm":false,"gform-image-choice-md":false,"gform-image-choice-lg":false,"woocommerce_thumbnail":false,"woocommerce_single":false,"woocommerce_gallery_thumbnail":false,"yarpp-thumbnail":false},"uagb_author_info":{"display_name":"Jordi Torres","author_link":"https:\/\/www.studiainitalia.com\/es\/author\/creativa\/"},"uagb_comment_info":0,"uagb_excerpt":"Por favor, comprueba si necesitas visado aqu\u00ed: https:\/\/vistoperitalia.esteri.it\/home.aspx &nbsp; Para solicitar el visado de estudiante tienes que estar matriculado en un curso al menos 20 horas a la semana. Esto significa asistir a un curso 4 horas al d\u00eda, 5 d\u00edas a la semana, de lunes a viernes. La asistencia al curso es obligatoria. Ten&hellip;","_links":{"self":[{"href":"https:\/\/www.studiainitalia.com\/es\/wp-json\/wp\/v2\/pages\/196635","targetHints":{"allow":["GET"]}}],"collection":[{"href":"https:\/\/www.studiainitalia.com\/es\/wp-json\/wp\/v2\/pages"}],"about":[{"href":"https:\/\/www.studiainitalia.com\/es\/wp-json\/wp\/v2\/types\/page"}],"author":[{"embeddable":true,"href":"https:\/\/www.studiainitalia.com\/es\/wp-json\/wp\/v2\/users\/132"}],"replies":[{"embeddable":true,"href":"https:\/\/www.studiainitalia.com\/es\/wp-json\/wp\/v2\/comments?post=196635"}],"version-history":[{"count":0,"href":"https:\/\/www.studiainitalia.com\/es\/wp-json\/wp\/v2\/pages\/196635\/revisions"}],"wp:attachment":[{"href":"https:\/\/www.studiainitalia.com\/es\/wp-json\/wp\/v2\/media?parent=196635"}],"curies":[{"name":"wp","href":"https:\/\/api.w.org\/{rel}","templated":true}]}}