{"id":197997,"date":"2024-04-11T09:16:53","date_gmt":"2024-04-11T07:16:53","guid":{"rendered":"https:\/\/www.studiainitalia.com\/reviews\/"},"modified":"2024-04-11T15:35:39","modified_gmt":"2024-04-11T13:35:39","slug":"valoraciones","status":"publish","type":"page","link":"https:\/\/www.studiainitalia.com\/es\/valoraciones\/","title":{"rendered":"Valoraciones"},"content":{"rendered":"\n<div class=\"wp-block-cover alignfull is-light\" style=\"min-height:392px;aspect-ratio:unset;\"><span aria-hidden=\"true\" class=\"wp-block-cover__background has-background-dim-0 has-background-dim\"><\/span><img decoding=\"async\" width=\"2048\" height=\"1365\" class=\"wp-block-cover__image-background wp-image-197674\" alt=\"\" src=\"https:\/\/www.studiainitalia.com\/wp-content\/uploads\/2024\/03\/pintadera1-scaled.jpg\" style=\"object-position:57% 29%\" data-object-fit=\"cover\" data-object-position=\"57% 29%\" title=\"\" srcset=\"https:\/\/www.studiainitalia.com\/wp-content\/uploads\/2024\/03\/pintadera1-scaled.jpg 2048w, https:\/\/www.studiainitalia.com\/wp-content\/uploads\/2024\/03\/pintadera1-768x512.jpg 768w, https:\/\/www.studiainitalia.com\/wp-content\/uploads\/2024\/03\/pintadera1-1536x1024.jpg 1536w, https:\/\/www.studiainitalia.com\/wp-content\/uploads\/2024\/03\/pintadera1-1200x800.jpg 1200w, https:\/\/www.studiainitalia.com\/wp-content\/uploads\/2024\/03\/pintadera1-400x267.jpg 400w\" sizes=\"(max-width: 2048px) 100vw, 2048px\" \/><div class=\"wp-block-cover__inner-container is-layout-flow wp-block-cover-is-layout-flow\"><style>.wp-block-kadence-advancedheading.kt-adv-heading197993_233eb8-fa, .wp-block-kadence-advancedheading.kt-adv-heading197993_233eb8-fa[data-kb-block=\"kb-adv-heading197993_233eb8-fa\"]{font-style:normal;}.wp-block-kadence-advancedheading.kt-adv-heading197993_233eb8-fa mark.kt-highlight, .wp-block-kadence-advancedheading.kt-adv-heading197993_233eb8-fa[data-kb-block=\"kb-adv-heading197993_233eb8-fa\"] mark.kt-highlight{font-style:normal;color:#f76a0c;-webkit-box-decoration-break:clone;box-decoration-break:clone;padding-top:0px;padding-right:0px;padding-bottom:0px;padding-left:0px;}<\/style>\n<h1 class=\"kt-adv-heading197993_233eb8-fa wp-block-kadence-advancedheading\" data-kb-block=\"kb-adv-heading197993_233eb8-fa\"><mark style=\"background-color:rgba(0, 0, 0, 0)\" class=\"has-inline-color has-ast-global-color-5-color\">Valoraciones<\/mark><\/h1>\n<\/div><\/div>\n\n\n<style>.kb-row-layout-id197997_76d900-1c > .kt-row-column-wrap{align-content:start;}:where(.kb-row-layout-id197997_76d900-1c > .kt-row-column-wrap) > .wp-block-kadence-column{justify-content:start;}.kb-row-layout-id197997_76d900-1c > .kt-row-column-wrap{column-gap:var(--global-kb-gap-md, 2rem);row-gap:var(--global-kb-gap-md, 2rem);padding-top:var(--global-kb-spacing-sm, 1.5rem);padding-bottom:var(--global-kb-spacing-sm, 1.5rem);grid-template-columns:minmax(0, 1fr);}.kb-row-layout-id197997_76d900-1c > .kt-row-layout-overlay{opacity:0.30;}@media all and (max-width: 1024px){.kb-row-layout-id197997_76d900-1c > .kt-row-column-wrap{grid-template-columns:minmax(0, 1fr);}}@media all and (max-width: 767px){.kb-row-layout-id197997_76d900-1c > .kt-row-column-wrap{grid-template-columns:minmax(0, 1fr);}}<\/style><div class=\"kb-row-layout-wrap kb-row-layout-id197997_76d900-1c alignnone wp-block-kadence-rowlayout\"><div class=\"kt-row-column-wrap kt-has-1-columns kt-row-layout-equal kt-tab-layout-inherit kt-mobile-layout-row kt-row-valign-top\">\n<style>.kadence-column197997_085224-c6 > .kt-inside-inner-col,.kadence-column197997_085224-c6 > .kt-inside-inner-col:before{border-top-left-radius:0px;border-top-right-radius:0px;border-bottom-right-radius:0px;border-bottom-left-radius:0px;}.kadence-column197997_085224-c6 > .kt-inside-inner-col{column-gap:var(--global-kb-gap-sm, 1rem);}.kadence-column197997_085224-c6 > .kt-inside-inner-col{flex-direction:column;}.kadence-column197997_085224-c6 > .kt-inside-inner-col > .aligncenter{width:100%;}.kadence-column197997_085224-c6 > .kt-inside-inner-col:before{opacity:0.3;}.kadence-column197997_085224-c6{position:relative;}@media all and (max-width: 1024px){.kadence-column197997_085224-c6 > .kt-inside-inner-col{flex-direction:column;justify-content:center;}}@media all and (max-width: 767px){.kadence-column197997_085224-c6 > .kt-inside-inner-col{flex-direction:column;justify-content:center;}}<\/style>\n<div class=\"wp-block-kadence-column kadence-column197997_085224-c6\"><div class=\"kt-inside-inner-col\">\n<div class=\"wp-block-uagb-restaurant-menu uagb-block-f43d8fb0 uagb-rm__desk-column-1 uagb-rm__tablet-column-2 uagb-rm__mobile-column-1\">\n<div class=\"wp-block-uagb-restaurant-menu-child uagb-rest_menu__wrap\"><div class=\"uagb-rm__content\"><div class=\"uagb-rm-details\"><h4 class=\"uagb-rm__title\"><strong>SILVANA, Argentina<\/strong><\/h4><div class=\"uagb-rm__desc\">Siempre muy atentos y te apoyan en cualquier momento, me ayudaron much\u00edsimo cuando tuve problemas en encontrar alojamiento. Gracias a Federica que siempre estuvo al pendiente y fue un gran apoyo en esta experiencia.<\/div><\/div><span class=\"uagb-rm__price\">$9<\/span><\/div><div class=\"uagb-rm__separator\"><\/div><\/div>\n\n\n\n<div class=\"wp-block-uagb-restaurant-menu-child uagb-rest_menu__wrap\"><div class=\"uagb-rm__content\"><div class=\"uagb-rm-details\"><h4 class=\"uagb-rm__title\"><strong><strong>Guido, Chile<\/strong><\/strong><\/h4><div class=\"uagb-rm__desc\">Mi opini\u00f3n de Studiainitalia es cinco estrellas, no s\u00f3lo por hacerme f\u00e1cil concretar mi experiencia de estudiar en Italia sino tambi\u00e9n al relacionarme con personas tan agradables y dispuestas a solucionar cualquier inconveniente o brindar la informaci\u00f3n necesaria para hacer placentera la estad\u00eda, como fueron en Orbetello Valentina, Veronica y Marcos; sumado al esfuerzo y predisposici\u00f3n puesto de manifiesto por la profesora Cristina en cada una de sus clases. Todav\u00eda no he arribado a mi pa\u00eds y ya estoy pensando en volver &#8230; je &#8230; je &#8230;.<\/div><\/div><span class=\"uagb-rm__price\">$9<\/span><\/div><div class=\"uagb-rm__separator\"><\/div><\/div>\n\n\n\n<div class=\"wp-block-uagb-restaurant-menu-child uagb-rest_menu__wrap\"><div class=\"uagb-rm__content\"><div class=\"uagb-rm-details\"><h4 class=\"uagb-rm__title\"><strong><strong>Camila, Colombia<\/strong><\/strong><\/h4><div class=\"uagb-rm__desc\"><p><span lang=\"en-US\">Me ha gustado mucho la experiencia de estudiar en Italia, realmente Studia in Italia fue un gran aliado para cumplir este sue\u00f1o, estoy muy feliz y la recomendar\u00eda 100%, Federica es muy amable y realizo todas las gestiones para que mi estancia en este pa\u00eds fuera maravillosa, me siento muy feliz!<\/span><\/p><\/div><\/div><span class=\"uagb-rm__price\">$9<\/span><\/div><div class=\"uagb-rm__separator\"><\/div><\/div>\n\n\n\n<div class=\"wp-block-uagb-restaurant-menu-child uagb-rest_menu__wrap\"><div class=\"uagb-rm__content\"><div class=\"uagb-rm-details\"><h4 class=\"uagb-rm__title\"><strong>Sandra, Espa\u00f1a<\/strong><\/h4><div class=\"uagb-rm__desc\">10\/10. No he tenido ning\u00fan problema estando all\u00ed, pero a\u00fan as\u00ed ten\u00eda la seguridad de que a\u00fan teni\u00e9ndolo, hab\u00eda alguien a quien contactar. Lo que me convenci\u00f3 al principio fue lo bien que explicaron las cosas y la certeza con la que lo hac\u00edan, y al llegar all\u00ed todo era como esperaba. Lo recomendar\u00eda.<\/div><\/div><span class=\"uagb-rm__price\">$9<\/span><\/div><div class=\"uagb-rm__separator\"><\/div><\/div>\n\n\n\n<div class=\"wp-block-uagb-restaurant-menu-child uagb-rest_menu__wrap\"><div class=\"uagb-rm__content\"><div class=\"uagb-rm-details\"><h4 class=\"uagb-rm__title\"><strong>Franca, Espa\u00f1a<\/strong><\/h4><div class=\"uagb-rm__desc\">Formales, r\u00e1pidos al contestar. Me qued\u00e9 sin alojamiento se comprometieron a buscarme uno y me mantuvieron informada mientras lo consegu\u00edan, me lo consiguieron. Super serios.<\/div><\/div><span class=\"uagb-rm__price\">$9<\/span><\/div><div class=\"uagb-rm__separator\"><\/div><\/div>\n\n\n\n<div class=\"wp-block-uagb-restaurant-menu-child uagb-rest_menu__wrap\"><div class=\"uagb-rm__content\"><div class=\"uagb-rm-details\"><h4 class=\"uagb-rm__title\"><strong>Carmen, Espa\u00f1a<\/strong><\/h4><div class=\"uagb-rm__desc\">Muy bien cada vez. La atenci\u00f3n es muy pronta, la informaci\u00f3n completa y muy clara. Cuidan los detalles y dan seguimiento puntualmente. Siempre hay alguien en la escuela o por correo que atienda o responda.<\/div><\/div><span class=\"uagb-rm__price\">$9<\/span><\/div><div class=\"uagb-rm__separator\"><\/div><\/div>\n\n\n\n<div class=\"wp-block-uagb-restaurant-menu-child uagb-rest_menu__wrap\"><div class=\"uagb-rm__content\"><div class=\"uagb-rm-details\"><h4 class=\"uagb-rm__title\"><strong><strong><strong>Concepcion, Espa\u00f1a<\/strong><\/strong><\/strong><\/h4><div class=\"uagb-rm__desc\">Ha sido una gran oportunidad para m\u00ed conocer studiainitalia. Una grata experiencia en todos los sentidos, por su atenci\u00f3n, orientaci\u00f3n cuando la he solicitado , informaci\u00f3n y , por supuesto, trato. En definitiva una excelente gesti\u00f3n.<\/div><\/div><span class=\"uagb-rm__price\">$9<\/span><\/div><div class=\"uagb-rm__separator\"><\/div><\/div>\n\n\n\n<div class=\"wp-block-uagb-restaurant-menu-child uagb-rest_menu__wrap\"><div class=\"uagb-rm__content\"><div class=\"uagb-rm-details\"><h4 class=\"uagb-rm__title\"><strong><strong><strong><strong>Maite, Espa\u00f1a<\/strong><\/strong><\/strong><\/strong><\/h4><div class=\"uagb-rm__desc\">Reservar un curso intensivo de italiano a trav\u00e9s de studiainitalia ha sido lo mejor que he podido hacer, me he sentido atendida en todo momento y la calidad del curso y la estancia han sido inmejorables, realmente te sumergen en la cultura.<\/div><\/div><span class=\"uagb-rm__price\">$9<\/span><\/div><div class=\"uagb-rm__separator\"><\/div><\/div>\n<\/div>\n<\/div><\/div>\n\n<\/div><\/div>","protected":false},"excerpt":{"rendered":"","protected":false},"author":132,"featured_media":0,"parent":0,"menu_order":0,"comment_status":"closed","ping_status":"closed","template":"","meta":{"_acf_changed":false,"_uag_custom_page_level_css":"","_kad_blocks_custom_css":"","_kad_blocks_head_custom_js":"","_kad_blocks_body_custom_js":"","_kad_blocks_footer_custom_js":"","site-sidebar-layout":"default","site-content-layout":"","ast-site-content-layout":"default","site-content-style":"default","site-sidebar-style":"default","ast-global-header-display":"","ast-banner-title-visibility":"","ast-main-header-display":"","ast-hfb-above-header-display":"","ast-hfb-below-header-display":"","ast-hfb-mobile-header-display":"","site-post-title":"","ast-breadcrumbs-content":"","ast-featured-img":"","footer-sml-layout":"","ast-disable-related-posts":"","theme-transparent-header-meta":"","adv-header-id-meta":"","stick-header-meta":"","header-above-stick-meta":"","header-main-stick-meta":"","header-below-stick-meta":"","astra-migrate-meta-layouts":"set","ast-page-background-enabled":"default","ast-page-background-meta":{"desktop":{"background-color":"var(--ast-global-color-4)","background-image":"","background-repeat":"repeat","background-position":"center center","background-size":"auto","background-attachment":"scroll","background-type":"","background-media":"","overlay-type":"","overlay-color":"","overlay-opacity":"","overlay-gradient":""},"tablet":{"background-color":"","background-image":"","background-repeat":"repeat","background-position":"center center","background-size":"auto","background-attachment":"scroll","background-type":"","background-media":"","overlay-type":"","overlay-color":"","overlay-opacity":"","overlay-gradient":""},"mobile":{"background-color":"","background-image":"","background-repeat":"repeat","background-position":"center center","background-size":"auto","background-attachment":"scroll","background-type":"","background-media":"","overlay-type":"","overlay-color":"","overlay-opacity":"","overlay-gradient":""}},"ast-content-background-meta":{"desktop":{"background-color":"var(--ast-global-color-5)","background-image":"","background-repeat":"repeat","background-position":"center center","background-size":"auto","background-attachment":"scroll","background-type":"","background-media":"","overlay-type":"","overlay-color":"","overlay-opacity":"","overlay-gradient":""},"tablet":{"background-color":"var(--ast-global-color-5)","background-image":"","background-repeat":"repeat","background-position":"center center","background-size":"auto","background-attachment":"scroll","background-type":"","background-media":"","overlay-type":"","overlay-color":"","overlay-opacity":"","overlay-gradient":""},"mobile":{"background-color":"var(--ast-global-color-5)","background-image":"","background-repeat":"repeat","background-position":"center center","background-size":"auto","background-attachment":"scroll","background-type":"","background-media":"","overlay-type":"","overlay-color":"","overlay-opacity":"","overlay-gradient":""}},"footnotes":""},"class_list":["post-197997","page","type-page","status-publish","hentry"],"acf":[],"taxonomy_info":[],"featured_image_src_large":false,"author_info":{"display_name":"Jordi Torres","author_link":"https:\/\/www.studiainitalia.com\/es\/author\/creativa\/"},"comment_info":0,"uagb_featured_image_src":{"full":false,"thumbnail":false,"medium":false,"medium_large":false,"large":false,"1536x1536":false,"2048x2048":false,"ultp_layout_landscape_large":false,"ultp_layout_landscape":false,"ultp_layout_portrait":false,"ultp_layout_square":false,"gform-image-choice-sm":false,"gform-image-choice-md":false,"gform-image-choice-lg":false,"woocommerce_thumbnail":false,"woocommerce_single":false,"woocommerce_gallery_thumbnail":false,"yarpp-thumbnail":false},"uagb_author_info":{"display_name":"Jordi Torres","author_link":"https:\/\/www.studiainitalia.com\/es\/author\/creativa\/"},"uagb_comment_info":0,"uagb_excerpt":null,"_links":{"self":[{"href":"https:\/\/www.studiainitalia.com\/es\/wp-json\/wp\/v2\/pages\/197997","targetHints":{"allow":["GET"]}}],"collection":[{"href":"https:\/\/www.studiainitalia.com\/es\/wp-json\/wp\/v2\/pages"}],"about":[{"href":"https:\/\/www.studiainitalia.com\/es\/wp-json\/wp\/v2\/types\/page"}],"author":[{"embeddable":true,"href":"https:\/\/www.studiainitalia.com\/es\/wp-json\/wp\/v2\/users\/132"}],"replies":[{"embeddable":true,"href":"https:\/\/www.studiainitalia.com\/es\/wp-json\/wp\/v2\/comments?post=197997"}],"version-history":[{"count":0,"href":"https:\/\/www.studiainitalia.com\/es\/wp-json\/wp\/v2\/pages\/197997\/revisions"}],"wp:attachment":[{"href":"https:\/\/www.studiainitalia.com\/es\/wp-json\/wp\/v2\/media?parent=197997"}],"curies":[{"name":"wp","href":"https:\/\/api.w.org\/{rel}","templated":true}]}}