{"id":187992,"date":"2016-10-29T07:06:10","date_gmt":"2016-10-29T05:06:10","guid":{"rendered":"https:\/\/www.studiainitalia.com\/courses\/sin%20categor\u00eda\/italiano-en-bolonia\/"},"modified":"2026-03-25T09:59:55","modified_gmt":"2026-03-25T08:59:55","slug":"italiano-en-bolonia","status":"publish","type":"product","link":"https:\/\/www.studiainitalia.com\/es\/cursos\/cursos-de-italiano-en-italia\/italiano-en-bolonia\/","title":{"rendered":"Curso de italiano en Bolonia"},"content":{"rendered":"<h2>Nuestros Cursos de Italiano en Bolonia<\/h2>\n<p>&nbsp;<\/p>\n<p><span style=\"font-weight: 400;\">Los <\/span><b>cursos de italiano en Bolonia<\/b><span style=\"font-weight: 400;\"> comienzan <\/span><b>cada lunes del a\u00f1o<\/b><span style=\"font-weight: 400;\"> y est\u00e1n disponibles para <\/span><b>todos los niveles<\/b><span style=\"font-weight: 400;\">, desde principiante hasta avanzado.<\/span><\/p>\n<p><span style=\"font-weight: 400;\">La escuela de italiano <\/span><b>Cultura Italiana<\/b><span style=\"font-weight: 400;\"> est\u00e1 situada en un edificio antiguo del <\/span><b>centro hist\u00f3rico<\/b><span style=\"font-weight: 400;\">, muy cerca de las <\/span><b>Dos Torres<\/b><span style=\"font-weight: 400;\"> y de la <\/span><b>Piazza Maggiore<\/b><span style=\"font-weight: 400;\">.<\/span><span style=\"font-weight: 400;\"><br \/>\n<\/span><b>Fundada en 1981<\/b><span style=\"font-weight: 400;\"> y reconocida oficialmente por el <\/span><b>Ministerio de Educaci\u00f3n Italiano<\/b><span style=\"font-weight: 400;\">, cuenta con m\u00e1s de 40 a\u00f1os de experiencia y ofrece un ambiente internacional donde se habla \u00fanicamente en italiano, tanto dentro como fuera del aula.<\/span><\/p>\n<p><span style=\"font-weight: 400;\">Sus profesores son nativos y altamente cualificados, especializados en la ense\u00f1anza del italiano a estudiantes extranjeros. La escuela promueve un enfoque comunicativo que facilita una <\/span><b>inmersi\u00f3n total en la lengua y la cultura italiana<\/b><span style=\"font-weight: 400;\"> desde el primer d\u00eda.<\/span><\/p>\n<h3>Estructura de los cursos de italiano en Bolonia<\/h3>\n<p>&nbsp;<\/p>\n<ul>\n<li style=\"font-weight: 400;\" aria-level=\"1\"><span style=\"font-weight: 400;\">4 clases diarias, de lunes a viernes<\/span><\/li>\n<li style=\"font-weight: 400;\" aria-level=\"1\"><b>10 horas semanales de actividades culturales y extraescolares<\/b><span style=\"font-weight: 400;\"> (seminarios, talleres, visitas, intercambios ling\u00fc\u00edsticos)<\/span><\/li>\n<li style=\"font-weight: 400;\" aria-level=\"1\"><span style=\"font-weight: 400;\">Grupos reducidos: entre <\/span><b>6 y 12 estudiantes<\/b><\/li>\n<li style=\"font-weight: 400;\" aria-level=\"1\"><span style=\"font-weight: 400;\">Horarios de ma\u00f1ana o tarde seg\u00fan el nivel<\/span><\/li>\n<li style=\"font-weight: 400;\" aria-level=\"1\"><span style=\"font-weight: 400;\">Duraci\u00f3n flexible: de <\/span><b>1 a 48 semanas<\/b><\/li>\n<\/ul>\n<p><span style=\"font-weight: 400;\">Las clases se dividen en dos partes:<\/span><\/p>\n<ul>\n<li style=\"font-weight: 400;\" aria-level=\"1\"><span style=\"font-weight: 400;\">La primera se centra en la <\/span><b>gram\u00e1tica y el vocabulario<\/b><\/li>\n<li style=\"font-weight: 400;\" aria-level=\"1\"><span style=\"font-weight: 400;\">La segunda, en la <\/span><b>expresi\u00f3n oral y la comunicaci\u00f3n<\/b><\/li>\n<\/ul>\n<p><span style=\"font-weight: 400;\">Este <\/span><b>m\u00e9todo comunicativo<\/b><span style=\"font-weight: 400;\"> garantiza que empieces a <\/span><b>hablar italiano desde el primer d\u00eda<\/b><span style=\"font-weight: 400;\">.<\/span><span style=\"font-weight: 400;\"><br \/>\n<\/span><span style=\"font-weight: 400;\">En la escuela se utiliza exclusivamente el italiano para fomentar la inmersi\u00f3n total.<\/span><\/p>\n<p><span style=\"font-weight: 400;\">El <\/span><b>primer d\u00eda de clase<\/b><span style=\"font-weight: 400;\"> se realiza una <\/span><b>prueba oral y escrita<\/b><span style=\"font-weight: 400;\"> para determinar tu nivel y asignarte el grupo adecuado (la escuela ofrece <\/span><b>8 niveles<\/b><span style=\"font-weight: 400;\"> diferentes durante todo el a\u00f1o).<\/span><span style=\"font-weight: 400;\"><br \/>\n<\/span><span style=\"font-weight: 400;\">Al finalizar el curso, recibir\u00e1s un <\/span><b>certificado de participaci\u00f3n<\/b><span style=\"font-weight: 400;\"> con el nivel alcanzado.<\/span><\/p>\n<p><span style=\"font-weight: 400;\">Todos los profesores son nativos, con amplia experiencia y formaci\u00f3n en la ense\u00f1anza del italiano como lengua extranjera.<\/span><\/p>\n<h3>Actividades y vida cultural en Bolonia<\/h3>\n<p>&nbsp;<\/p>\n<p><span style=\"font-weight: 400;\">Despu\u00e9s de las clases, la escuela organiza una gran variedad de <\/span><b>actividades culturales y sociales<\/b><span style=\"font-weight: 400;\">, pensadas para fomentar el contacto con el idioma y con la vida italiana:<\/span><\/p>\n<ul>\n<li style=\"font-weight: 400;\" aria-level=\"1\"><span style=\"font-weight: 400;\">Seminarios sobre cultura y costumbres italianas<\/span><\/li>\n<li style=\"font-weight: 400;\" aria-level=\"1\"><span style=\"font-weight: 400;\">Talleres de cocina bolo\u00f1esa\u00a0<\/span><\/li>\n<li style=\"font-weight: 400;\" aria-level=\"1\"><span style=\"font-weight: 400;\">Excursiones a <\/span><b>Ferrara, M\u00f3dena y Parma<\/b><\/li>\n<li style=\"font-weight: 400;\" aria-level=\"1\"><span style=\"font-weight: 400;\">Visitas guiadas al casco hist\u00f3rico<\/span><\/li>\n<li style=\"font-weight: 400;\" aria-level=\"1\"><span style=\"font-weight: 400;\">Eventos y encuentros semanales<\/span><\/li>\n<\/ul>\n<p><span style=\"font-weight: 400;\">Vivir en Bolonia significa sumergirse en una ciudad vibrante y aut\u00e9ntica, disfrutar de sus caf\u00e9s, mercados, librer\u00edas y festivales, y practicar italiano a cada paso.<\/span><\/p>\n<h2>Fechas de inicio y detalles del curso<\/h2>\n<p>&nbsp;<\/p>\n<p><b>Fechas de inicio:<\/b><\/p>\n<p><span style=\"font-weight: 400;\">Cada lunes, durante todo el a\u00f1o.<\/span><\/p>\n<p><b>Festivos en los que la escuela permanece cerrada:<\/b><\/p>\n<p><span style=\"font-weight: 400;\">06\/01 (Epifan\u00eda), Lunes de Pascua, 25\/04 (D\u00eda de la Liberaci\u00f3n), 01\/05 (D\u00eda del Trabajo), 02\/06 (D\u00eda de la Rep\u00fablica), 15\/08 (Ferragosto), 01\/11 (Todos los Santos), 08\/12 (Inmaculada Concepci\u00f3n), vacaciones de Navidad y A\u00f1o Nuevo.<\/span><\/p>\n<ul>\n<li style=\"font-weight: 400;\" aria-level=\"1\"><b>Duraci\u00f3n de las clases<\/b><span style=\"font-weight: 400;\">: 45 minutos<\/span><\/li>\n<li style=\"font-weight: 400;\" aria-level=\"1\"><b>Tama\u00f1o medio de clase<\/b><span style=\"font-weight: 400;\">: 9 estudiantes<\/span><\/li>\n<li style=\"font-weight: 400;\" aria-level=\"1\"><b>Tama\u00f1o m\u00e1ximo<\/b><span style=\"font-weight: 400;\">: 12 estudiantes<\/span><\/li>\n<li style=\"font-weight: 400;\" aria-level=\"1\"><b>Horario<\/b><span style=\"font-weight: 400;\">: Ma\u00f1ana o tarde, seg\u00fan el nivel asignado<\/span><\/li>\n<li style=\"font-weight: 400;\" aria-level=\"1\"><b>Material del curso<\/b><span style=\"font-weight: 400;\">: Incluido (fotocopias y pr\u00e9stamo de libros de texto)<\/span><\/li>\n<li style=\"font-weight: 400;\" aria-level=\"1\"><b>Prueba de nivel y certificado final<\/b><span style=\"font-weight: 400;\">: Incluidos<\/span><\/li>\n<li style=\"font-weight: 400;\" aria-level=\"1\"><b>Ubicaci\u00f3n<\/b><span style=\"font-weight: 400;\">: Via Castiglione 4 \u2013 Centro de Bolonia (edificio hist\u00f3rico en pleno centro de la ciudad)<\/span><\/li>\n<li style=\"font-weight: 400;\" aria-level=\"1\"><b>Otros servicios<\/b><span style=\"font-weight: 400;\">: acceso a Internet, actividades sociales, y traslado desde el aeropuerto disponible<\/span><\/li>\n<\/ul>\n<h2>\u00bfPor qu\u00e9 aprender italiano en Bolonia?<\/h2>\n<p>&nbsp;<\/p>\n<p><strong>La rica cultura e historia de la ciudad<\/strong><\/p>\n<p>Con su arquitectura medieval, sus animadas plazas y sus tradiciones art\u00edsticas, Bolonia est\u00e1 impregnada de historia. La ciudad ofrece innumerables museos, lugares hist\u00f3ricos y monumentos culturales que reflejan su rico pasado, lo que proporciona un contexto fascinante para los estudiantes de idiomas.<\/p>\n<p><strong>Vida cotidiana y oportunidades para practicar el idioma<\/strong><\/p>\n<p>Vivir en Bolonia permite practicar el italiano a diario en situaciones cotidianas. Los mercados locales, las cafeter\u00edas y las tiendas ofrecen oportunidades perfectas para interactuar con hablantes nativos y mejorar las habilidades ling\u00fc\u00edsticas en contextos reales.<\/p>\n<p><b>Atracciones culinarias y culturales de Bolonia<\/b><\/p>\n<ul>\n<li>Famosa por su exquisita gastronom\u00eda, Bolonia invita a los amantes de la comida a explorar los platos tradicionales.<\/li>\n<li>Se ofrecen tours culinarios y clases de cocina, que combinan el aprendizaje del idioma con experiencias gastron\u00f3micas.<\/li>\n<li>Los festivales y eventos culturales que se celebran a lo largo del a\u00f1o rinden homenaje al patrimonio de la ciudad.<\/li>\n<\/ul>\n","protected":false},"excerpt":{"rendered":"<h2><strong>Aprende italiano en Bolonia, la ciudad universitaria m\u00e1s antigua de Europa<\/strong><\/h2>\n<p><span style=\"font-weight: 400;\">\u00bfQuieres aprender italiano en una de las ciudades m\u00e1s aut\u00e9nticas y culturales de Italia? <\/span><\/p>\n<p><span style=\"font-weight: 400;\">Bolonia te espera con su ambiente joven, su deliciosa gastronom\u00eda y una rica vida universitaria que hace que practicar italiano sea parte de tu d\u00eda a d\u00eda.<\/span><\/p>\n<p><span style=\"font-weight: 400;\">Con Studiainitalia, podr\u00e1s estudiar italiano en Bolonia en una escuela acreditada, con profesores nativos, grupos reducidos y una experiencia de inmersi\u00f3n total en la vida italiana.<\/span><\/p>\n<p>&nbsp;<\/p>\n","protected":false},"featured_media":122057,"comment_status":"open","ping_status":"closed","template":"","meta":{"_acf_changed":false,"_uag_custom_page_level_css":"","_kad_blocks_custom_css":"","_kad_blocks_head_custom_js":"","_kad_blocks_body_custom_js":"","_kad_blocks_footer_custom_js":"","site-sidebar-layout":"default","site-content-layout":"default","ast-site-content-layout":"default","site-content-style":"default","site-sidebar-style":"default","ast-global-header-display":"","ast-banner-title-visibility":"","ast-main-header-display":"","ast-hfb-above-header-display":"","ast-hfb-below-header-display":"","ast-hfb-mobile-header-display":"","site-post-title":"","ast-breadcrumbs-content":"","ast-featured-img":"","footer-sml-layout":"","ast-disable-related-posts":"","theme-transparent-header-meta":"default","adv-header-id-meta":"","stick-header-meta":"default","header-above-stick-meta":"","header-main-stick-meta":"","header-below-stick-meta":"","astra-migrate-meta-layouts":"set","ast-page-background-enabled":"default","ast-page-background-meta":{"desktop":{"background-color":"var(--ast-global-color-4)","background-image":"","background-repeat":"repeat","background-position":"center center","background-size":"auto","background-attachment":"scroll","background-type":"","background-media":"","overlay-type":"","overlay-color":"","overlay-opacity":"","overlay-gradient":""},"tablet":{"background-color":"","background-image":"","background-repeat":"repeat","background-position":"center center","background-size":"auto","background-attachment":"scroll","background-type":"","background-media":"","overlay-type":"","overlay-color":"","overlay-opacity":"","overlay-gradient":""},"mobile":{"background-color":"","background-image":"","background-repeat":"repeat","background-position":"center center","background-size":"auto","background-attachment":"scroll","background-type":"","background-media":"","overlay-type":"","overlay-color":"","overlay-opacity":"","overlay-gradient":""}},"ast-content-background-meta":{"desktop":{"background-color":"var(--ast-global-color-5)","background-image":"","background-repeat":"repeat","background-position":"center center","background-size":"auto","background-attachment":"scroll","background-type":"","background-media":"","overlay-type":"","overlay-color":"","overlay-opacity":"","overlay-gradient":""},"tablet":{"background-color":"var(--ast-global-color-5)","background-image":"","background-repeat":"repeat","background-position":"center center","background-size":"auto","background-attachment":"scroll","background-type":"","background-media":"","overlay-type":"","overlay-color":"","overlay-opacity":"","overlay-gradient":""},"mobile":{"background-color":"var(--ast-global-color-5)","background-image":"","background-repeat":"repeat","background-position":"center center","background-size":"auto","background-attachment":"scroll","background-type":"","background-media":"","overlay-type":"","overlay-color":"","overlay-opacity":"","overlay-gradient":""}}},"section":[2027],"product_brand":[],"product_cat":[1254,1260],"product_tag":[1842],"class_list":{"0":"post-187992","1":"product","2":"type-product","3":"status-publish","4":"has-post-thumbnail","6":"section-north","7":"product_cat-cursos-de-italiano-en-italia","8":"product_cat-cursos-en-bolonia","9":"product_tag-cursos-de-italiano-en-italia","10":"desktop-align-left","11":"tablet-align-left","12":"mobile-align-left","13":"ast-product-gallery-layout-horizontal-slider","14":"ast-product-single-variable","15":"ast-product-tabs-layout-horizontal","16":"ast-qv-on-image-click","18":"first","19":"instock","20":"sold-individually","21":"shipping-taxable","22":"purchasable","23":"product-type-variable","24":"has-default-attributes"},"acf":[],"taxonomy_info":{"section":[{"value":2027,"label":"North"}],"product_cat":[{"value":1254,"label":"Cursos de italiano en Italia"},{"value":1260,"label":"Cursos en Bolonia"}],"product_tag":[{"value":1842,"label":"CURSOS DE ITALIANO EN ITALIA"}]},"featured_image_src_large":["https:\/\/www.studiainitalia.com\/wp-content\/uploads\/2016\/10\/italian-in-bologna-1-1024x1024.jpg","1024","1024",true],"author_info":[],"comment_info":19,"uagb_featured_image_src":{"full":["https:\/\/www.studiainitalia.com\/wp-content\/uploads\/2016\/10\/italian-in-bologna-1-e1495232970528.jpg",750,750,false],"thumbnail":["https:\/\/www.studiainitalia.com\/wp-content\/uploads\/2016\/10\/italian-in-bologna-1-150x150.jpg",96,96,true],"medium":["https:\/\/www.studiainitalia.com\/wp-content\/uploads\/2016\/10\/italian-in-bologna-1-300x300.jpg","300","300",true],"medium_large":["https:\/\/www.studiainitalia.com\/wp-content\/uploads\/2016\/10\/italian-in-bologna-1-768x768.jpg",768,768,true],"large":["https:\/\/www.studiainitalia.com\/wp-content\/uploads\/2016\/10\/italian-in-bologna-1-1024x1024.jpg","1024","1024",true],"1536x1536":["https:\/\/www.studiainitalia.com\/wp-content\/uploads\/2016\/10\/italian-in-bologna-1-e1495232970528.jpg",750,750,false],"2048x2048":["https:\/\/www.studiainitalia.com\/wp-content\/uploads\/2016\/10\/italian-in-bologna-1-e1495232970528.jpg",750,750,false],"ultp_layout_landscape_large":["https:\/\/www.studiainitalia.com\/wp-content\/uploads\/2016\/10\/italian-in-bologna-1-e1495232970528.jpg",750,750,false],"ultp_layout_landscape":["https:\/\/www.studiainitalia.com\/wp-content\/uploads\/2016\/10\/italian-in-bologna-1-e1495232970528.jpg",570,570,false],"ultp_layout_portrait":["https:\/\/www.studiainitalia.com\/wp-content\/uploads\/2016\/10\/italian-in-bologna-1-e1495232970528.jpg",600,600,false],"ultp_layout_square":["https:\/\/www.studiainitalia.com\/wp-content\/uploads\/2016\/10\/italian-in-bologna-1-e1495232970528.jpg",600,600,false],"gform-image-choice-sm":["https:\/\/www.studiainitalia.com\/wp-content\/uploads\/2016\/10\/italian-in-bologna-1-e1495232970528.jpg",300,300,false],"gform-image-choice-md":["https:\/\/www.studiainitalia.com\/wp-content\/uploads\/2016\/10\/italian-in-bologna-1-e1495232970528.jpg",400,400,false],"gform-image-choice-lg":["https:\/\/www.studiainitalia.com\/wp-content\/uploads\/2016\/10\/italian-in-bologna-1-e1495232970528.jpg",600,600,false],"woocommerce_thumbnail":["https:\/\/www.studiainitalia.com\/wp-content\/uploads\/2016\/10\/italian-in-bologna-1-e1495232970528-300x300.jpg",300,300,true],"woocommerce_single":["https:\/\/www.studiainitalia.com\/wp-content\/uploads\/2016\/10\/italian-in-bologna-1-e1495232970528-400x400.jpg",400,400,true],"woocommerce_gallery_thumbnail":["https:\/\/www.studiainitalia.com\/wp-content\/uploads\/2016\/10\/italian-in-bologna-1-e1495232970528-100x100.jpg",100,100,true],"yarpp-thumbnail":["https:\/\/www.studiainitalia.com\/wp-content\/uploads\/2016\/10\/italian-in-bologna-1-e1495232970528.jpg",120,120,false]},"uagb_author_info":{"display_name":"Javier Diaz","author_link":"https:\/\/www.studiainitalia.com\/es\/author\/"},"uagb_comment_info":19,"uagb_excerpt":"Aprende italiano en Bolonia, la ciudad universitaria m\u00e1s antigua de Europa \u00bfQuieres aprender italiano en una de las ciudades m\u00e1s aut\u00e9nticas y culturales de Italia? Bolonia te espera con su ambiente joven, su deliciosa gastronom\u00eda y una rica vida universitaria que hace que practicar italiano sea parte de tu d\u00eda a d\u00eda. Con Studiainitalia, podr\u00e1s&hellip;","_links":{"self":[{"href":"https:\/\/www.studiainitalia.com\/es\/wp-json\/wp\/v2\/product\/187992","targetHints":{"allow":["GET"]}}],"collection":[{"href":"https:\/\/www.studiainitalia.com\/es\/wp-json\/wp\/v2\/product"}],"about":[{"href":"https:\/\/www.studiainitalia.com\/es\/wp-json\/wp\/v2\/types\/product"}],"replies":[{"embeddable":true,"href":"https:\/\/www.studiainitalia.com\/es\/wp-json\/wp\/v2\/comments?post=187992"}],"wp:featuredmedia":[{"embeddable":true,"href":"https:\/\/www.studiainitalia.com\/es\/wp-json\/wp\/v2\/media\/122057"}],"wp:attachment":[{"href":"https:\/\/www.studiainitalia.com\/es\/wp-json\/wp\/v2\/media?parent=187992"}],"wp:term":[{"taxonomy":"section","embeddable":true,"href":"https:\/\/www.studiainitalia.com\/es\/wp-json\/wp\/v2\/section?post=187992"},{"taxonomy":"product_brand","embeddable":true,"href":"https:\/\/www.studiainitalia.com\/es\/wp-json\/wp\/v2\/product_brand?post=187992"},{"taxonomy":"product_cat","embeddable":true,"href":"https:\/\/www.studiainitalia.com\/es\/wp-json\/wp\/v2\/product_cat?post=187992"},{"taxonomy":"product_tag","embeddable":true,"href":"https:\/\/www.studiainitalia.com\/es\/wp-json\/wp\/v2\/product_tag?post=187992"}],"curies":[{"name":"wp","href":"https:\/\/api.w.org\/{rel}","templated":true}]}}