{"id":187997,"date":"2016-10-31T12:12:13","date_gmt":"2016-10-31T11:12:13","guid":{"rendered":"https:\/\/www.studiainitalia.com\/courses\/sin%20categor\u00eda\/italiano-y-windsurf-in-alghero\/"},"modified":"2026-03-09T17:24:35","modified_gmt":"2026-03-09T16:24:35","slug":"italiano-y-windsurf-en-alguero","status":"publish","type":"product","link":"https:\/\/www.studiainitalia.com\/es\/cursos\/cursos-en-alguero\/italiano-y-windsurf-en-alguero\/","title":{"rendered":"Curso de Italiano y windsurf en Alguero"},"content":{"rendered":"<h2>Italiano y windsurf<\/h2>\n<p>&nbsp;<\/p>\n<p>El curso de italiano y windsurf o surf est\u00e1 organizado por nuestra escuela. La academia de italiano, en pleno centro hist\u00f3rico de Alguero, se encuentra en una calle tranquila.<\/p>\n<p>&nbsp;<\/p>\n<p>Los grupos son muy reducidos y las clases se imparten en un ambiente divertido, relajado y estimulante. La escuela, abierta durante todo el a\u00f1o, tambi\u00e9n ofrece una amplia gama de cursos de cultura y actividades deportivas, que puedes combinar con tus clases de italiano en Alguero.<\/p>\n<p>&nbsp;<\/p>\n<p>Las clases se imparten en horario de ma\u00f1ana de 9 a 13 horas. El primer d\u00eda de clase se realiza una prueba de nivel para establecer el nivel y grupo de pertenencia. La duraci\u00f3n m\u00ednima del curso es 1 semana y es posible tambi\u00e9n realizar cursos de larga duraci\u00f3n. Al final del curso recibir\u00e1s un certificado de asistencia.<\/p>\n<p>&nbsp;<\/p>\n<p>La escuela ofrece 3 veces por semana actividades. Se ofrecen visitas a talleres de artesan\u00eda local, visitas gastron\u00f3micas, clases culturales.<\/p>\n<p>&nbsp;<\/p>\n<p>La escuela colabora con centros locales deportivos y tur\u00edsticos y ofrece la posibilidad de realizar tambi\u00e9n muchas actividades deportivas, como por ejemplo: vela, windsurf, yoga. Importante: a lo largo del a\u00f1o los precios de las clases de surf pueden subir variaciones. Consulta con studiainitalia las fechas de inicio de los cursos.<\/p>\n<p>&nbsp;<\/p>\n<p>\u00a1Disfruta de tu curso de italiano y windsurf!<\/p>\n<p>&nbsp;<\/p>\n","protected":false},"excerpt":{"rendered":"<h4><\/h4>\n<h2>\u00a1Vacaciones en Cerde\u00f1a!<\/h2>\n<p>&nbsp;<\/p>\n<p><strong>Las aguas cristalinas de las playas de Lido y Maria Pia de Alghero son el lugar perfecto para surfistas y windsurfistas.<\/strong><\/p>\n<ul>\n<li>Los cursos de italiano y windsurf tienen una duraci\u00f3n de 1 \u00f3 2 semanas, para todos los niveles<\/li>\n<\/ul>\n<ul>\n<li>Se imparten durante el verano y constan de 20 clases semanales de italiano combinadas con clases de windsurf cada tarde de lunes a viernes de 13:00 a 17:00 horas.<\/li>\n<\/ul>\n<ul>\n<li>En el curso est\u00e1 incluido: equipaje, traje de neopreno, salvavidas, seguro de responsabilidad civil, seguro sobre el material, uso del simulador.<\/li>\n<\/ul>\n<ul>\n<li>Para realizar las clases de windsurf se requiere un certificado m\u00e9dico para practicar deportes.<\/li>\n<\/ul>\n<ul>\n<li>Al final del curso los estudiantes recibir\u00e1n un certificado de participaci\u00f3n con indicaci\u00f3n del nivel realizado.<\/li>\n<\/ul>\n","protected":false},"featured_media":117455,"comment_status":"open","ping_status":"closed","template":"","meta":{"_acf_changed":false,"_uag_custom_page_level_css":"","_kad_blocks_custom_css":"","_kad_blocks_head_custom_js":"","_kad_blocks_body_custom_js":"","_kad_blocks_footer_custom_js":"","site-sidebar-layout":"default","site-content-layout":"default","ast-site-content-layout":"default","site-content-style":"default","site-sidebar-style":"default","ast-global-header-display":"","ast-banner-title-visibility":"","ast-main-header-display":"","ast-hfb-above-header-display":"","ast-hfb-below-header-display":"","ast-hfb-mobile-header-display":"","site-post-title":"","ast-breadcrumbs-content":"","ast-featured-img":"","footer-sml-layout":"","ast-disable-related-posts":"","theme-transparent-header-meta":"default","adv-header-id-meta":"","stick-header-meta":"default","header-above-stick-meta":"","header-main-stick-meta":"","header-below-stick-meta":"","astra-migrate-meta-layouts":"set","ast-page-background-enabled":"default","ast-page-background-meta":{"desktop":{"background-color":"var(--ast-global-color-4)","background-image":"","background-repeat":"repeat","background-position":"center center","background-size":"auto","background-attachment":"scroll","background-type":"","background-media":"","overlay-type":"","overlay-color":"","overlay-opacity":"","overlay-gradient":""},"tablet":{"background-color":"","background-image":"","background-repeat":"repeat","background-position":"center center","background-size":"auto","background-attachment":"scroll","background-type":"","background-media":"","overlay-type":"","overlay-color":"","overlay-opacity":"","overlay-gradient":""},"mobile":{"background-color":"","background-image":"","background-repeat":"repeat","background-position":"center center","background-size":"auto","background-attachment":"scroll","background-type":"","background-media":"","overlay-type":"","overlay-color":"","overlay-opacity":"","overlay-gradient":""}},"ast-content-background-meta":{"desktop":{"background-color":"var(--ast-global-color-5)","background-image":"","background-repeat":"repeat","background-position":"center center","background-size":"auto","background-attachment":"scroll","background-type":"","background-media":"","overlay-type":"","overlay-color":"","overlay-opacity":"","overlay-gradient":""},"tablet":{"background-color":"var(--ast-global-color-5)","background-image":"","background-repeat":"repeat","background-position":"center center","background-size":"auto","background-attachment":"scroll","background-type":"","background-media":"","overlay-type":"","overlay-color":"","overlay-opacity":"","overlay-gradient":""},"mobile":{"background-color":"var(--ast-global-color-5)","background-image":"","background-repeat":"repeat","background-position":"center center","background-size":"auto","background-attachment":"scroll","background-type":"","background-media":"","overlay-type":"","overlay-color":"","overlay-opacity":"","overlay-gradient":""}}},"section":[],"product_brand":[],"product_cat":[1261,1258],"product_tag":[2009],"class_list":{"0":"post-187997","1":"product","2":"type-product","3":"status-publish","4":"has-post-thumbnail","6":"product_cat-cursos-de-italiano-y-deportes","7":"product_cat-cursos-en-alguero","8":"product_tag-deportes","9":"desktop-align-left","10":"tablet-align-left","11":"mobile-align-left","12":"ast-product-gallery-layout-horizontal-slider","13":"ast-product-single-variable","14":"ast-product-tabs-layout-horizontal","15":"ast-qv-on-image-click","17":"first","18":"instock","19":"sold-individually","20":"shipping-taxable","21":"purchasable","22":"product-type-variable","23":"has-default-attributes"},"acf":[],"taxonomy_info":{"product_cat":[{"value":1261,"label":"Cursos de italiano y deportes"},{"value":1258,"label":"Cursos en Algero"}],"product_tag":[{"value":2009,"label":"Deportes"}]},"featured_image_src_large":["https:\/\/www.studiainitalia.com\/wp-content\/uploads\/2016\/10\/windsurf-in-alghero-1-e1490029611616.jpg",350,349,false],"author_info":[],"comment_info":0,"uagb_featured_image_src":{"full":["https:\/\/www.studiainitalia.com\/wp-content\/uploads\/2016\/10\/windsurf-in-alghero-1-e1490029611616.jpg",350,349,false],"thumbnail":["https:\/\/www.studiainitalia.com\/wp-content\/uploads\/2016\/10\/windsurf-in-alghero-1-150x150.jpg",96,96,true],"medium":["https:\/\/www.studiainitalia.com\/wp-content\/uploads\/2016\/10\/windsurf-in-alghero-1-300x300.jpg",300,300,true],"medium_large":["https:\/\/www.studiainitalia.com\/wp-content\/uploads\/2016\/10\/windsurf-in-alghero-1-e1490029611616.jpg",350,349,false],"large":["https:\/\/www.studiainitalia.com\/wp-content\/uploads\/2016\/10\/windsurf-in-alghero-1-e1490029611616.jpg",350,349,false],"1536x1536":["https:\/\/www.studiainitalia.com\/wp-content\/uploads\/2016\/10\/windsurf-in-alghero-1-e1490029611616.jpg",350,349,false],"2048x2048":["https:\/\/www.studiainitalia.com\/wp-content\/uploads\/2016\/10\/windsurf-in-alghero-1-e1490029611616.jpg",350,349,false],"ultp_layout_landscape_large":["https:\/\/www.studiainitalia.com\/wp-content\/uploads\/2016\/10\/windsurf-in-alghero-1-e1490029611616.jpg",350,349,false],"ultp_layout_landscape":["https:\/\/www.studiainitalia.com\/wp-content\/uploads\/2016\/10\/windsurf-in-alghero-1-e1490029611616.jpg",350,349,false],"ultp_layout_portrait":["https:\/\/www.studiainitalia.com\/wp-content\/uploads\/2016\/10\/windsurf-in-alghero-1-e1490029611616.jpg",350,349,false],"ultp_layout_square":["https:\/\/www.studiainitalia.com\/wp-content\/uploads\/2016\/10\/windsurf-in-alghero-1-e1490029611616.jpg",350,349,false],"gform-image-choice-sm":["https:\/\/www.studiainitalia.com\/wp-content\/uploads\/2016\/10\/windsurf-in-alghero-1-e1490029611616.jpg",300,300,false],"gform-image-choice-md":["https:\/\/www.studiainitalia.com\/wp-content\/uploads\/2016\/10\/windsurf-in-alghero-1-e1490029611616.jpg",350,349,false],"gform-image-choice-lg":["https:\/\/www.studiainitalia.com\/wp-content\/uploads\/2016\/10\/windsurf-in-alghero-1-e1490029611616.jpg",350,349,false],"woocommerce_thumbnail":["https:\/\/www.studiainitalia.com\/wp-content\/uploads\/2016\/10\/windsurf-in-alghero-1-e1490029611616-300x300.jpg",300,300,true],"woocommerce_single":["https:\/\/www.studiainitalia.com\/wp-content\/uploads\/2016\/10\/windsurf-in-alghero-1-e1490029611616.jpg",350,349,false],"woocommerce_gallery_thumbnail":["https:\/\/www.studiainitalia.com\/wp-content\/uploads\/2016\/10\/windsurf-in-alghero-1-e1490029611616-100x100.jpg",100,100,true],"yarpp-thumbnail":["https:\/\/www.studiainitalia.com\/wp-content\/uploads\/2016\/10\/windsurf-in-alghero-1-e1490029611616.jpg",120,120,false]},"uagb_author_info":{"display_name":"Javier Diaz","author_link":"https:\/\/www.studiainitalia.com\/es\/author\/"},"uagb_comment_info":0,"uagb_excerpt":"\u00a1Vacaciones en Cerde\u00f1a! &nbsp; Las aguas cristalinas de las playas de Lido y Maria Pia de Alghero son el lugar perfecto para surfistas y windsurfistas. Los cursos de italiano y windsurf tienen una duraci\u00f3n de 1 \u00f3 2 semanas, para todos los niveles Se imparten durante el verano y constan de 20 clases semanales de&hellip;","_links":{"self":[{"href":"https:\/\/www.studiainitalia.com\/es\/wp-json\/wp\/v2\/product\/187997","targetHints":{"allow":["GET"]}}],"collection":[{"href":"https:\/\/www.studiainitalia.com\/es\/wp-json\/wp\/v2\/product"}],"about":[{"href":"https:\/\/www.studiainitalia.com\/es\/wp-json\/wp\/v2\/types\/product"}],"replies":[{"embeddable":true,"href":"https:\/\/www.studiainitalia.com\/es\/wp-json\/wp\/v2\/comments?post=187997"}],"wp:featuredmedia":[{"embeddable":true,"href":"https:\/\/www.studiainitalia.com\/es\/wp-json\/wp\/v2\/media\/117455"}],"wp:attachment":[{"href":"https:\/\/www.studiainitalia.com\/es\/wp-json\/wp\/v2\/media?parent=187997"}],"wp:term":[{"taxonomy":"section","embeddable":true,"href":"https:\/\/www.studiainitalia.com\/es\/wp-json\/wp\/v2\/section?post=187997"},{"taxonomy":"product_brand","embeddable":true,"href":"https:\/\/www.studiainitalia.com\/es\/wp-json\/wp\/v2\/product_brand?post=187997"},{"taxonomy":"product_cat","embeddable":true,"href":"https:\/\/www.studiainitalia.com\/es\/wp-json\/wp\/v2\/product_cat?post=187997"},{"taxonomy":"product_tag","embeddable":true,"href":"https:\/\/www.studiainitalia.com\/es\/wp-json\/wp\/v2\/product_tag?post=187997"}],"curies":[{"name":"wp","href":"https:\/\/api.w.org\/{rel}","templated":true}]}}