{"id":188092,"date":"2016-10-31T11:39:13","date_gmt":"2016-10-31T10:39:13","guid":{"rendered":"https:\/\/www.studiainitalia.com\/courses\/sin%20categor\u00eda\/italiano-yoga-en-alghero\/"},"modified":"2025-12-19T21:23:12","modified_gmt":"2025-12-19T20:23:12","slug":"italiano-y-yoga-en-alguero","status":"publish","type":"product","link":"https:\/\/www.studiainitalia.com\/es\/cursos\/cursos-en-alguero\/italiano-y-yoga-en-alguero\/","title":{"rendered":"Curso de Italiano y yoga en Alguero"},"content":{"rendered":"<h2>Italiano e yoga!<\/h2>\n<p>&nbsp;<\/p>\n<p>La escuela de italiano, en pleno centro hist\u00f3rico de Alguero, se encuentra en una calle tranquila. Los grupos son muy reducidos y las clases se imparten en un ambiente divertido, relajado y estimulante.<\/p>\n<p>El curso de italiano y yoga es perfecto si quieres desconectar y estudiar italiano en verano.<\/p>\n<p>&nbsp;<\/p>\n<p>La escuela, abierta durante todo el a\u00f1o, tambi\u00e9n ofrece una amplia gama de cursos de cultura y actividades deportivas, que puedes combinar con tus clases de italiano en Alguero.<\/p>\n<p>&nbsp;<\/p>\n<p>Las clases de italiano est\u00e1n normalmente divididas en dos partes: la primera con m\u00e1s enfoque a la gram\u00e1tica y la segunda m\u00e1s enfocada a la pr\u00e1ctica de las normas aprendidas en situaciones reales y de vida cotidiana. El m\u00e9todo de ense\u00f1anza es comunicativo.<\/p>\n<p>&nbsp;<\/p>\n<p>El primer d\u00eda de clase se realiza una prueba de nivel para establecer el grupo de pertenencia. La duraci\u00f3n m\u00ednima del curso es 1 semana y es posible tambi\u00e9n realizar cursos de larga duraci\u00f3n. Al final del curso recibir\u00e1s un certificado de asistencia.<\/p>\n<p>&nbsp;<\/p>\n<p>La escuela ofrece 3 veces por semana actividades culturales. Adem\u00e1s la escuela colabora con centros de yoga. Importante: a lo largo del a\u00f1o los precios de las clases de yoga pueden subir variaciones<\/p>\n<p>&nbsp;<\/p>\n<p>\u00a1Rel\u00e1jate con tu curso de italiano y yoga!<\/p>\n<p>&nbsp;<\/p>\n<table id=\"tablepress-74\" class=\"tablepress tablepress-id-74\">\n<thead>\n<tr class=\"row-1 odd\">\n<th class=\"column-1\" colspan=\"6\">Fechas de Inicio<\/th>\n<\/tr>\n<\/thead>\n<tbody class=\"row-hover\">\n<tr class=\"row-2 even\">\n<td class=\"column-1\">Enero<\/td>\n<td class=\"column-2\">cada lunes<\/td>\n<td class=\"column-3\">Mayo<\/td>\n<td class=\"column-4\">cada lunes<\/td>\n<td class=\"column-5\">Septiembre<\/td>\n<td class=\"column-6\">cada lunes<\/td>\n<\/tr>\n<tr class=\"row-3 odd\">\n<td class=\"column-1\">Febrero<\/td>\n<td class=\"column-2\">cada lunes<\/td>\n<td class=\"column-3\">Junio<\/td>\n<td class=\"column-4\">cada lunes<\/td>\n<td class=\"column-5\">Octobre<\/td>\n<td class=\"column-6\">cada lunes<\/td>\n<\/tr>\n<tr class=\"row-4 even\">\n<td class=\"column-1\">Marzo<\/td>\n<td class=\"column-2\">cada lunes<\/td>\n<td class=\"column-3\">Julio<\/td>\n<td class=\"column-4\">cada lunes<\/td>\n<td class=\"column-5\">Noviembre<\/td>\n<td class=\"column-6\">cada lunes<\/td>\n<\/tr>\n<tr class=\"row-5 odd\">\n<td class=\"column-1\">Abril<\/td>\n<td class=\"column-2\">cada lunes<\/td>\n<td class=\"column-3\">Agosto<\/td>\n<td class=\"column-4\">cada lunes<\/td>\n<td class=\"column-5\">Diciembre<\/td>\n<td class=\"column-6\">cada lunes<\/td>\n<\/tr>\n<tr class=\"row-6 even\">\n<td class=\"column-1\" colspan=\"6\">La escuela permanecer\u00e1 cerrada durante las fiestas nacionales: Epifan\u00eda (06\/01), Lunes de Pascua, D\u00eda de la Liberaci\u00f3n (25\/04), D\u00eda del Trabajo (01\/05), D\u00eda de la Republica (02\/06), Ferragosto (15\/08), Todos los Santos (01\/11), Inmaculada Concepci\u00f3n (8\/12), vacaciones de Navidad y A\u00f1o Nuevo.<\/td>\n<\/tr>\n<\/tbody>\n<\/table>\n<p>&nbsp;<\/p>\n<div class=\"aiosrs-rating-wrap\" data-schema-id=\"90691\">\n<div class=\"aiosrs-star-rating-wrap \"><\/div>\n<div class=\"aiosrs-rating-summary-wrap\"><span class=\"aiosrs-rating\">0\/5\u00a0<\/span><span class=\"aiosrs-rating-count\">(0 Reviews)<\/span><\/div>\n<\/div>\n","protected":false},"excerpt":{"rendered":"<h4><\/h4>\n<h2>\u00bfUn curso de italiano y clases de yoga en la playa?<\/h2>\n<p>&nbsp;<\/p>\n<p>D<strong>espu\u00e9s de un a\u00f1o estresante, te mereces unas relajantes vacaciones mientras aprendes italiano.<\/strong><\/p>\n<ul>\n<li>Los cursos de italiano e yoga tienen una duraci\u00f3n de 1 \u00f3 2 semanas para todos los niveles.<\/li>\n<\/ul>\n<ul>\n<li>Se imparten durante el verano y constan de 20 horas semanales de italiano combinadas a 2 sesiones semanales de yoga de 90 minutos cada una.<\/li>\n<\/ul>\n<ul>\n<li>Las clases de italiano las imparten profesores nativos especializados, se centran en el aprendizaje simple y efectivo, los grupos son peque\u00f1os, entre 6 y 8 alumnos, y la atm\u00f3sfera es divertida y estimulante.<\/li>\n<\/ul>\n<ul>\n<li>Al final del curso los estudiantes recibir\u00e1n un certificado de participaci\u00f3n con indicaci\u00f3n del nivel realizado.<\/li>\n<\/ul>\n<ul>\n<li>Las clases de yoga se realizan en la playa al amancer o al atardecer. Tipos de yoga disponibles: Hatha, Ashtanga e Yin.<\/li>\n<\/ul>\n","protected":false},"featured_media":199780,"comment_status":"open","ping_status":"closed","template":"","meta":{"_acf_changed":false,"_uag_custom_page_level_css":"","_kad_blocks_custom_css":"","_kad_blocks_head_custom_js":"","_kad_blocks_body_custom_js":"","_kad_blocks_footer_custom_js":"","site-sidebar-layout":"default","site-content-layout":"default","ast-site-content-layout":"default","site-content-style":"default","site-sidebar-style":"default","ast-global-header-display":"","ast-banner-title-visibility":"","ast-main-header-display":"","ast-hfb-above-header-display":"","ast-hfb-below-header-display":"","ast-hfb-mobile-header-display":"","site-post-title":"","ast-breadcrumbs-content":"","ast-featured-img":"","footer-sml-layout":"","ast-disable-related-posts":"","theme-transparent-header-meta":"default","adv-header-id-meta":"","stick-header-meta":"default","header-above-stick-meta":"","header-main-stick-meta":"","header-below-stick-meta":"","astra-migrate-meta-layouts":"set","ast-page-background-enabled":"default","ast-page-background-meta":{"desktop":{"background-color":"var(--ast-global-color-4)","background-image":"","background-repeat":"repeat","background-position":"center center","background-size":"auto","background-attachment":"scroll","background-type":"","background-media":"","overlay-type":"","overlay-color":"","overlay-opacity":"","overlay-gradient":""},"tablet":{"background-color":"","background-image":"","background-repeat":"repeat","background-position":"center center","background-size":"auto","background-attachment":"scroll","background-type":"","background-media":"","overlay-type":"","overlay-color":"","overlay-opacity":"","overlay-gradient":""},"mobile":{"background-color":"","background-image":"","background-repeat":"repeat","background-position":"center center","background-size":"auto","background-attachment":"scroll","background-type":"","background-media":"","overlay-type":"","overlay-color":"","overlay-opacity":"","overlay-gradient":""}},"ast-content-background-meta":{"desktop":{"background-color":"var(--ast-global-color-5)","background-image":"","background-repeat":"repeat","background-position":"center center","background-size":"auto","background-attachment":"scroll","background-type":"","background-media":"","overlay-type":"","overlay-color":"","overlay-opacity":"","overlay-gradient":""},"tablet":{"background-color":"var(--ast-global-color-5)","background-image":"","background-repeat":"repeat","background-position":"center center","background-size":"auto","background-attachment":"scroll","background-type":"","background-media":"","overlay-type":"","overlay-color":"","overlay-opacity":"","overlay-gradient":""},"mobile":{"background-color":"var(--ast-global-color-5)","background-image":"","background-repeat":"repeat","background-position":"center center","background-size":"auto","background-attachment":"scroll","background-type":"","background-media":"","overlay-type":"","overlay-color":"","overlay-opacity":"","overlay-gradient":""}}},"section":[],"product_brand":[],"product_cat":[1261,1258],"product_tag":[2009],"class_list":{"0":"post-188092","1":"product","2":"type-product","3":"status-publish","4":"has-post-thumbnail","6":"product_cat-cursos-de-italiano-y-deportes","7":"product_cat-cursos-en-alguero","8":"product_tag-deportes","9":"desktop-align-left","10":"tablet-align-left","11":"mobile-align-left","12":"ast-product-gallery-layout-horizontal-slider","13":"ast-product-single-variable","14":"ast-product-tabs-layout-horizontal","15":"ast-qv-on-image-click","17":"first","18":"instock","19":"sold-individually","20":"shipping-taxable","21":"purchasable","22":"product-type-variable","23":"has-default-attributes"},"acf":[],"taxonomy_info":{"product_cat":[{"value":1261,"label":"Cursos de italiano y deportes"},{"value":1258,"label":"Cursos en Algero"}],"product_tag":[{"value":2009,"label":"Deportes"}]},"featured_image_src_large":["https:\/\/www.studiainitalia.com\/wp-content\/uploads\/2024\/10\/yoga-6723315_12801.jpg",1280,807,false],"author_info":[],"comment_info":1,"uagb_featured_image_src":{"full":["https:\/\/www.studiainitalia.com\/wp-content\/uploads\/2024\/10\/yoga-6723315_12801.jpg",1280,807,false],"thumbnail":["https:\/\/www.studiainitalia.com\/wp-content\/uploads\/2024\/10\/yoga-6723315_12801.jpg",128,81,false],"medium":["https:\/\/www.studiainitalia.com\/wp-content\/uploads\/2024\/10\/yoga-6723315_12801.jpg",1280,807,false],"medium_large":["https:\/\/www.studiainitalia.com\/wp-content\/uploads\/2024\/10\/yoga-6723315_12801-768x484.jpg",768,484,true],"large":["https:\/\/www.studiainitalia.com\/wp-content\/uploads\/2024\/10\/yoga-6723315_12801.jpg",1280,807,false],"1536x1536":["https:\/\/www.studiainitalia.com\/wp-content\/uploads\/2024\/10\/yoga-6723315_12801.jpg",1280,807,false],"2048x2048":["https:\/\/www.studiainitalia.com\/wp-content\/uploads\/2024\/10\/yoga-6723315_12801.jpg",1280,807,false],"ultp_layout_landscape_large":["https:\/\/www.studiainitalia.com\/wp-content\/uploads\/2024\/10\/yoga-6723315_12801-1200x800.jpg",1200,800,true],"ultp_layout_landscape":["https:\/\/www.studiainitalia.com\/wp-content\/uploads\/2024\/10\/yoga-6723315_12801-870x570.jpg",870,570,true],"ultp_layout_portrait":["https:\/\/www.studiainitalia.com\/wp-content\/uploads\/2024\/10\/yoga-6723315_12801-600x807.jpg",600,807,true],"ultp_layout_square":["https:\/\/www.studiainitalia.com\/wp-content\/uploads\/2024\/10\/yoga-6723315_12801-600x600.jpg",600,600,true],"gform-image-choice-sm":["https:\/\/www.studiainitalia.com\/wp-content\/uploads\/2024\/10\/yoga-6723315_12801.jpg",300,189,false],"gform-image-choice-md":["https:\/\/www.studiainitalia.com\/wp-content\/uploads\/2024\/10\/yoga-6723315_12801.jpg",400,252,false],"gform-image-choice-lg":["https:\/\/www.studiainitalia.com\/wp-content\/uploads\/2024\/10\/yoga-6723315_12801.jpg",600,378,false],"woocommerce_thumbnail":["https:\/\/www.studiainitalia.com\/wp-content\/uploads\/2024\/10\/yoga-6723315_12801-300x300.jpg",300,300,true],"woocommerce_single":["https:\/\/www.studiainitalia.com\/wp-content\/uploads\/2024\/10\/yoga-6723315_12801-400x252.jpg",400,252,true],"woocommerce_gallery_thumbnail":["https:\/\/www.studiainitalia.com\/wp-content\/uploads\/2024\/10\/yoga-6723315_12801-100x100.jpg",100,100,true],"yarpp-thumbnail":["https:\/\/www.studiainitalia.com\/wp-content\/uploads\/2024\/10\/yoga-6723315_12801-120x120.jpg",120,120,true]},"uagb_author_info":{"display_name":"Javier Diaz","author_link":"https:\/\/www.studiainitalia.com\/es\/author\/"},"uagb_comment_info":1,"uagb_excerpt":"\u00bfUn curso de italiano y clases de yoga en la playa? &nbsp; Despu\u00e9s de un a\u00f1o estresante, te mereces unas relajantes vacaciones mientras aprendes italiano. Los cursos de italiano e yoga tienen una duraci\u00f3n de 1 \u00f3 2 semanas para todos los niveles. Se imparten durante el verano y constan de 20 horas semanales de&hellip;","_links":{"self":[{"href":"https:\/\/www.studiainitalia.com\/es\/wp-json\/wp\/v2\/product\/188092","targetHints":{"allow":["GET"]}}],"collection":[{"href":"https:\/\/www.studiainitalia.com\/es\/wp-json\/wp\/v2\/product"}],"about":[{"href":"https:\/\/www.studiainitalia.com\/es\/wp-json\/wp\/v2\/types\/product"}],"replies":[{"embeddable":true,"href":"https:\/\/www.studiainitalia.com\/es\/wp-json\/wp\/v2\/comments?post=188092"}],"wp:featuredmedia":[{"embeddable":true,"href":"https:\/\/www.studiainitalia.com\/es\/wp-json\/wp\/v2\/media\/199780"}],"wp:attachment":[{"href":"https:\/\/www.studiainitalia.com\/es\/wp-json\/wp\/v2\/media?parent=188092"}],"wp:term":[{"taxonomy":"section","embeddable":true,"href":"https:\/\/www.studiainitalia.com\/es\/wp-json\/wp\/v2\/section?post=188092"},{"taxonomy":"product_brand","embeddable":true,"href":"https:\/\/www.studiainitalia.com\/es\/wp-json\/wp\/v2\/product_brand?post=188092"},{"taxonomy":"product_cat","embeddable":true,"href":"https:\/\/www.studiainitalia.com\/es\/wp-json\/wp\/v2\/product_cat?post=188092"},{"taxonomy":"product_tag","embeddable":true,"href":"https:\/\/www.studiainitalia.com\/es\/wp-json\/wp\/v2\/product_tag?post=188092"}],"curies":[{"name":"wp","href":"https:\/\/api.w.org\/{rel}","templated":true}]}}