{"id":188101,"date":"2016-10-31T12:34:19","date_gmt":"2016-10-31T11:34:19","guid":{"rendered":"https:\/\/www.studiainitalia.com\/courses\/sin%20categor\u00eda\/italiano-y-navegacion-en-alghero\/"},"modified":"2025-12-19T21:18:46","modified_gmt":"2025-12-19T20:18:46","slug":"italiano-y-vela-en-alguero","status":"publish","type":"product","link":"https:\/\/www.studiainitalia.com\/es\/cursos\/cursos-en-alguero\/italiano-y-vela-en-alguero\/","title":{"rendered":"Curso de Italiano y vela en Alguero"},"content":{"rendered":"<h2>Italiano y Vela<\/h2>\n<p>&nbsp;<\/p>\n<p>Nuestra escuela ofrece este curso de italiano y vela. La escuela, en pleno centro hist\u00f3rico de Alguero, se encuentra en una calle tranquila.<\/p>\n<p>Los grupos son muy reducidos y las clases se imparten en un ambiente divertido, relajado y estimulante. La escuela, abierta durante todo el a\u00f1o, tambi\u00e9n ofrece una amplia gama de cursos de cultura y actividades deportivas. Asi que puedes combinar tus clases de italiano en Alguero con tu deporte preferido.<\/p>\n<p>&nbsp;<\/p>\n<p>Las clases de italiano est\u00e1n normalmente divididas en dos partes: la primera con m\u00e1s enfoque a la gram\u00e1tica y la segunda m\u00e1s enfocada a la pr\u00e1ctica de las normas aprendidas en situaciones reales y de vida cotidiana. El m\u00e9todo de ense\u00f1anza es comunicativo. El primer d\u00eda de clase se realiza una prueba de nivel para establecer el grupo de pertenencia.<\/p>\n<p>&nbsp;<\/p>\n<p>La duraci\u00f3n m\u00ednima del curso es 1 semana y es posible tambi\u00e9n realizar cursos de larga duraci\u00f3n. Al final del curso recibir\u00e1s un certificado de asistencia.<\/p>\n<p>La escuela ofrece 3 veces por semana actividades por la tarde dentro y fuera de la escuela. Entre las actividades se ofrecen visitas a talleres de artesan\u00eda local, visitas gastron\u00f3micas, clases culturales sobre la historia y las tradiciones de Cerde\u00f1a.<\/p>\n<p>&nbsp;<\/p>\n<p>Adem\u00e1s la escuela colabora con centros locales deportivos y tur\u00edsticos y ofrece la posibilidad de realizar tambi\u00e9n muchas actividades deportivas, como por ejemplo: vela, windsurf, yoga. Importante: a lo largo del a\u00f1o los precios de las clases de vela pueden subir variaciones<\/p>\n<p>&nbsp;<\/p>\n<p>El curso de italiano y vela es la ocasi\u00f3n perfecta para estudiar italiano y practicar tu deporte en el mar de Cerde\u00f1a.<\/p>\n<div class=\"aiosrs-rating-wrap\" data-schema-id=\"90691\">\n<div class=\"aiosrs-rating-summary-wrap\">Consulta con Studiainitalia las fechas de inicio de los cursos.<\/div>\n<\/div>\n","protected":false},"excerpt":{"rendered":"<form class=\"variations_form cart\" style=\"box-sizing: border-box; margin: 24px 0px 39px; padding: 20px; border: 2px solid #eeeeee; outline: 0px; font-size: 14px; text-size-adjust: 100%; vertical-align: baseline; background: #ffffff; color: #444444; font-family: 'Open Sans', Arial, sans-serif; font-style: normal; font-variant-ligatures: normal; font-variant-caps: normal; font-weight: 500; letter-spacing: normal; orphans: 2; text-align: left; text-indent: 0px; text-transform: none; widows: 2; word-spacing: 0px; -webkit-text-stroke-width: 0px; white-space: normal; text-decoration-thickness: initial; text-decoration-style: initial; text-decoration-color: initial;\" action=\"https:\/\/www.studiainitalia.com\/es\/cursos\/cursos-en-alguero\/italiano-y-vela-en-alguero\/\" enctype=\"multipart\/form-data\" method=\"post\" data-product_id=\"61510\" data-product_variations=\"[{&quot;attributes&quot;:{&quot;attribute_number-of-weeks&quot;:&quot;2 semanas (s\\u00f3lo curso)&quot;},&quot;availability_html&quot;:&quot;&quot;,&quot;backorders_allowed&quot;:false,&quot;dimensions&quot;:{&quot;length&quot;:&quot;&quot;,&quot;width&quot;:&quot;&quot;,&quot;height&quot;:&quot;&quot;},&quot;dimensions_html&quot;:&quot;N\\\/A&quot;,&quot;display_price&quot;:1090,&quot;display_regular_price&quot;:1090,&quot;image&quot;:{&quot;title&quot;:&quot;Vela en Alghero&quot;,&quot;caption&quot;:&quot;&quot;,&quot;url&quot;:&quot;https:\\\/\\\/www.studiainitalia.com\\\/wp-content\\\/uploads\\\/2016\\\/10\\\/sailing-in-alghero.jpg&quot;,&quot;alt&quot;:&quot;curso de italiano y vela en Cerde\\u00f1a&quot;,&quot;src&quot;:&quot;https:\\\/\\\/www.studiainitalia.com\\\/wp-content\\\/uploads\\\/2016\\\/10\\\/sailing-in-alghero-400x399.jpg&quot;,&quot;srcset&quot;:&quot;https:\\\/\\\/www.studiainitalia.com\\\/wp-content\\\/uploads\\\/2016\\\/10\\\/sailing-in-alghero-400x399.jpg 400w, https:\\\/\\\/www.studiainitalia.com\\\/wp-content\\\/uploads\\\/2016\\\/10\\\/sailing-in-alghero-300x300.jpg 300w, https:\\\/\\\/www.studiainitalia.com\\\/wp-content\\\/uploads\\\/2016\\\/10\\\/sailing-in-alghero-100x100.jpg 100w, https:\\\/\\\/www.studiainitalia.com\\\/wp-content\\\/uploads\\\/2016\\\/10\\\/sailing-in-alghero-150x150.jpg 150w, https:\\\/\\\/www.studiainitalia.com\\\/wp-content\\\/uploads\\\/2016\\\/10\\\/sailing-in-alghero.jpg 600w&quot;,&quot;sizes&quot;:&quot;(max-width: 400px) 100vw, 400px&quot;,&quot;full_src&quot;:&quot;https:\\\/\\\/www.studiainitalia.com\\\/wp-content\\\/uploads\\\/2016\\\/10\\\/sailing-in-alghero.jpg&quot;,&quot;full_src_w&quot;:600,&quot;full_src_h&quot;:598,&quot;gallery_thumbnail_src&quot;:&quot;https:\\\/\\\/www.studiainitalia.com\\\/wp-content\\\/uploads\\\/2016\\\/10\\\/sailing-in-alghero-100x100.jpg&quot;,&quot;gallery_thumbnail_src_w&quot;:100,&quot;gallery_thumbnail_src_h&quot;:100,&quot;thumb_src&quot;:&quot;https:\\\/\\\/www.studiainitalia.com\\\/wp-content\\\/uploads\\\/2016\\\/10\\\/sailing-in-alghero-300x300.jpg&quot;,&quot;thumb_src_w&quot;:300,&quot;thumb_src_h&quot;:300,&quot;src_w&quot;:400,&quot;src_h&quot;:399},&quot;image_id&quot;:55396,&quot;is_downloadable&quot;:false,&quot;is_in_stock&quot;:true,&quot;is_purchasable&quot;:true,&quot;is_sold_individually&quot;:&quot;yes&quot;,&quot;is_virtual&quot;:false,&quot;max_qty&quot;:1,&quot;min_qty&quot;:1,&quot;price_html&quot;:&quot;&lt;span class=\\&quot;price\\&quot;&gt;&lt;span class=\\&quot;woocommerce-Price-amount amount\\&quot;&gt;&lt;bdi&gt;1.090&lt;span class=\\&quot;woocommerce-Price-currencySymbol\\&quot;&gt;&amp;euro;&lt;\\\/span&gt;&lt;\\\/bdi&gt;&lt;\\\/span&gt;&lt;\\\/span&gt;&quot;,&quot;sku&quot;:&quot;&quot;,&quot;variation_description&quot;:&quot;&quot;,&quot;variation_id&quot;:61511,&quot;variation_is_active&quot;:true,&quot;variation_is_visible&quot;:true,&quot;weight&quot;:&quot;&quot;,&quot;weight_html&quot;:&quot;N\\\/A&quot;},{&quot;attributes&quot;:{&quot;attribute_number-of-weeks&quot;:&quot;1 semana (s\\u00f3lo curso)&quot;},&quot;availability_html&quot;:&quot;&quot;,&quot;backorders_allowed&quot;:false,&quot;dimensions&quot;:{&quot;length&quot;:&quot;&quot;,&quot;width&quot;:&quot;&quot;,&quot;height&quot;:&quot;&quot;},&quot;dimensions_html&quot;:&quot;N\\\/A&quot;,&quot;display_price&quot;:590,&quot;display_regular_price&quot;:590,&quot;image&quot;:{&quot;title&quot;:&quot;Vela en Alghero&quot;,&quot;caption&quot;:&quot;&quot;,&quot;url&quot;:&quot;https:\\\/\\\/www.studiainitalia.com\\\/wp-content\\\/uploads\\\/2016\\\/10\\\/sailing-in-alghero.jpg&quot;,&quot;alt&quot;:&quot;curso de italiano y vela en Cerde\\u00f1a&quot;,&quot;src&quot;:&quot;https:\\\/\\\/www.studiainitalia.com\\\/wp-content\\\/uploads\\\/2016\\\/10\\\/sailing-in-alghero-400x399.jpg&quot;,&quot;srcset&quot;:&quot;https:\\\/\\\/www.studiainitalia.com\\\/wp-content\\\/uploads\\\/2016\\\/10\\\/sailing-in-alghero-400x399.jpg 400w, https:\\\/\\\/www.studiainitalia.com\\\/wp-content\\\/uploads\\\/2016\\\/10\\\/sailing-in-alghero-300x300.jpg 300w, https:\\\/\\\/www.studiainitalia.com\\\/wp-content\\\/uploads\\\/2016\\\/10\\\/sailing-in-alghero-100x100.jpg 100w, https:\\\/\\\/www.studiainitalia.com\\\/wp-content\\\/uploads\\\/2016\\\/10\\\/sailing-in-alghero-150x150.jpg 150w, https:\\\/\\\/www.studiainitalia.com\\\/wp-content\\\/uploads\\\/2016\\\/10\\\/sailing-in-alghero.jpg 600w&quot;,&quot;sizes&quot;:&quot;(max-width: 400px) 100vw, 400px&quot;,&quot;full_src&quot;:&quot;https:\\\/\\\/www.studiainitalia.com\\\/wp-content\\\/uploads\\\/2016\\\/10\\\/sailing-in-alghero.jpg&quot;,&quot;full_src_w&quot;:600,&quot;full_src_h&quot;:598,&quot;gallery_thumbnail_src&quot;:&quot;https:\\\/\\\/www.studiainitalia.com\\\/wp-content\\\/uploads\\\/2016\\\/10\\\/sailing-in-alghero-100x100.jpg&quot;,&quot;gallery_thumbnail_src_w&quot;:100,&quot;gallery_thumbnail_src_h&quot;:100,&quot;thumb_src&quot;:&quot;https:\\\/\\\/www.studiainitalia.com\\\/wp-content\\\/uploads\\\/2016\\\/10\\\/sailing-in-alghero-300x300.jpg&quot;,&quot;thumb_src_w&quot;:300,&quot;thumb_src_h&quot;:300,&quot;src_w&quot;:400,&quot;src_h&quot;:399},&quot;image_id&quot;:55396,&quot;is_downloadable&quot;:false,&quot;is_in_stock&quot;:true,&quot;is_purchasable&quot;:true,&quot;is_sold_individually&quot;:&quot;yes&quot;,&quot;is_virtual&quot;:false,&quot;max_qty&quot;:1,&quot;min_qty&quot;:1,&quot;price_html&quot;:&quot;&lt;span class=\\&quot;price\\&quot;&gt;&lt;span class=\\&quot;woocommerce-Price-amount amount\\&quot;&gt;&lt;bdi&gt;590&lt;span class=\\&quot;woocommerce-Price-currencySymbol\\&quot;&gt;&amp;euro;&lt;\\\/span&gt;&lt;\\\/bdi&gt;&lt;\\\/span&gt;&lt;\\\/span&gt;&quot;,&quot;sku&quot;:&quot;&quot;,&quot;variation_description&quot;:&quot;&quot;,&quot;variation_id&quot;:61512,&quot;variation_is_active&quot;:true,&quot;variation_is_visible&quot;:true,&quot;weight&quot;:&quot;&quot;,&quot;weight_html&quot;:&quot;N\\\/A&quot;}]\">\n<h2><strong>\u00a1Aprovecha tus vacaciones para estudiar italiano en Alghero y practicar tu deporte favorito en los mares azules de Cerde\u00f1a!<\/strong><\/h2>\n<p>&nbsp;<\/p>\n<ul>\n<li>Los cursos de italiano y vela tienen una duraci\u00f3n de 1 \u00f3 2 semanas para todos los niveles<\/li>\n<\/ul>\n<ul>\n<li>Se imparten durante el verano y constan de 20 clases semanales de italiano combinadas a clases de vela cada tarde, de lunes a viernes de 15:30 a 17:30 horas.<\/li>\n<\/ul>\n<ul>\n<li>Para realizar las clases de vela se requiere un certificado m\u00e9dico para practicar deportes.<\/li>\n<\/ul>\n<ul>\n<li>Al final del curso los estudiantes recibir\u00e1n un certificado de participaci\u00f3n con indicaci\u00f3n del nivel realizado.<\/li>\n<\/ul>\n<p>Ofrecemos a nuestros alumnos distintos tipos de alojamiento (habitaciones privadas, pisos individuales o compartidos, hoteles) cerca de la escuela.<\/p>\n<\/form>\n","protected":false},"featured_media":117467,"comment_status":"open","ping_status":"closed","template":"","meta":{"_acf_changed":false,"_uag_custom_page_level_css":"","_kad_blocks_custom_css":"","_kad_blocks_head_custom_js":"","_kad_blocks_body_custom_js":"","_kad_blocks_footer_custom_js":"","site-sidebar-layout":"default","site-content-layout":"default","ast-site-content-layout":"default","site-content-style":"default","site-sidebar-style":"default","ast-global-header-display":"","ast-banner-title-visibility":"","ast-main-header-display":"","ast-hfb-above-header-display":"","ast-hfb-below-header-display":"","ast-hfb-mobile-header-display":"","site-post-title":"","ast-breadcrumbs-content":"","ast-featured-img":"","footer-sml-layout":"","ast-disable-related-posts":"","theme-transparent-header-meta":"default","adv-header-id-meta":"","stick-header-meta":"default","header-above-stick-meta":"","header-main-stick-meta":"","header-below-stick-meta":"","astra-migrate-meta-layouts":"set","ast-page-background-enabled":"default","ast-page-background-meta":{"desktop":{"background-color":"var(--ast-global-color-4)","background-image":"","background-repeat":"repeat","background-position":"center center","background-size":"auto","background-attachment":"scroll","background-type":"","background-media":"","overlay-type":"","overlay-color":"","overlay-opacity":"","overlay-gradient":""},"tablet":{"background-color":"","background-image":"","background-repeat":"repeat","background-position":"center center","background-size":"auto","background-attachment":"scroll","background-type":"","background-media":"","overlay-type":"","overlay-color":"","overlay-opacity":"","overlay-gradient":""},"mobile":{"background-color":"","background-image":"","background-repeat":"repeat","background-position":"center center","background-size":"auto","background-attachment":"scroll","background-type":"","background-media":"","overlay-type":"","overlay-color":"","overlay-opacity":"","overlay-gradient":""}},"ast-content-background-meta":{"desktop":{"background-color":"var(--ast-global-color-5)","background-image":"","background-repeat":"repeat","background-position":"center center","background-size":"auto","background-attachment":"scroll","background-type":"","background-media":"","overlay-type":"","overlay-color":"","overlay-opacity":"","overlay-gradient":""},"tablet":{"background-color":"var(--ast-global-color-5)","background-image":"","background-repeat":"repeat","background-position":"center center","background-size":"auto","background-attachment":"scroll","background-type":"","background-media":"","overlay-type":"","overlay-color":"","overlay-opacity":"","overlay-gradient":""},"mobile":{"background-color":"var(--ast-global-color-5)","background-image":"","background-repeat":"repeat","background-position":"center center","background-size":"auto","background-attachment":"scroll","background-type":"","background-media":"","overlay-type":"","overlay-color":"","overlay-opacity":"","overlay-gradient":""}}},"section":[],"product_brand":[],"product_cat":[1261,1258],"product_tag":[2009],"class_list":{"0":"post-188101","1":"product","2":"type-product","3":"status-publish","4":"has-post-thumbnail","6":"product_cat-cursos-de-italiano-y-deportes","7":"product_cat-cursos-en-alguero","8":"product_tag-deportes","9":"desktop-align-left","10":"tablet-align-left","11":"mobile-align-left","12":"ast-product-gallery-layout-horizontal-slider","13":"ast-product-gallery-with-no-image","14":"ast-product-single-variable","15":"ast-product-tabs-layout-horizontal","16":"ast-qv-on-image-click","18":"first","19":"instock","20":"sold-individually","21":"shipping-taxable","22":"purchasable","23":"product-type-variable","24":"has-default-attributes"},"acf":[],"taxonomy_info":{"product_cat":[{"value":1261,"label":"Cursos de italiano y deportes"},{"value":1258,"label":"Cursos en Algero"}],"product_tag":[{"value":2009,"label":"Deportes"}]},"featured_image_src_large":["https:\/\/www.studiainitalia.com\/wp-content\/uploads\/2016\/10\/sailing-in-alghero-e1490029589355.jpg",350,349,false],"author_info":[],"comment_info":1,"uagb_featured_image_src":{"full":["https:\/\/www.studiainitalia.com\/wp-content\/uploads\/2016\/10\/sailing-in-alghero-e1490029589355.jpg",350,349,false],"thumbnail":["https:\/\/www.studiainitalia.com\/wp-content\/uploads\/2016\/10\/sailing-in-alghero-150x150.jpg",96,96,true],"medium":["https:\/\/www.studiainitalia.com\/wp-content\/uploads\/2016\/10\/sailing-in-alghero-300x300.jpg",300,300,true],"medium_large":["https:\/\/www.studiainitalia.com\/wp-content\/uploads\/2016\/10\/sailing-in-alghero-e1490029589355.jpg",350,349,false],"large":["https:\/\/www.studiainitalia.com\/wp-content\/uploads\/2016\/10\/sailing-in-alghero-e1490029589355.jpg",350,349,false],"1536x1536":["https:\/\/www.studiainitalia.com\/wp-content\/uploads\/2016\/10\/sailing-in-alghero-e1490029589355.jpg",350,349,false],"2048x2048":["https:\/\/www.studiainitalia.com\/wp-content\/uploads\/2016\/10\/sailing-in-alghero-e1490029589355.jpg",350,349,false],"ultp_layout_landscape_large":["https:\/\/www.studiainitalia.com\/wp-content\/uploads\/2016\/10\/sailing-in-alghero-e1490029589355.jpg",350,349,false],"ultp_layout_landscape":["https:\/\/www.studiainitalia.com\/wp-content\/uploads\/2016\/10\/sailing-in-alghero-e1490029589355.jpg",350,349,false],"ultp_layout_portrait":["https:\/\/www.studiainitalia.com\/wp-content\/uploads\/2016\/10\/sailing-in-alghero-e1490029589355.jpg",350,349,false],"ultp_layout_square":["https:\/\/www.studiainitalia.com\/wp-content\/uploads\/2016\/10\/sailing-in-alghero-e1490029589355.jpg",350,349,false],"gform-image-choice-sm":["https:\/\/www.studiainitalia.com\/wp-content\/uploads\/2016\/10\/sailing-in-alghero-e1490029589355.jpg",300,300,false],"gform-image-choice-md":["https:\/\/www.studiainitalia.com\/wp-content\/uploads\/2016\/10\/sailing-in-alghero-e1490029589355.jpg",350,349,false],"gform-image-choice-lg":["https:\/\/www.studiainitalia.com\/wp-content\/uploads\/2016\/10\/sailing-in-alghero-e1490029589355.jpg",350,349,false],"woocommerce_thumbnail":["https:\/\/www.studiainitalia.com\/wp-content\/uploads\/2016\/10\/sailing-in-alghero-e1490029589355-300x300.jpg",300,300,true],"woocommerce_single":["https:\/\/www.studiainitalia.com\/wp-content\/uploads\/2016\/10\/sailing-in-alghero-e1490029589355.jpg",350,349,false],"woocommerce_gallery_thumbnail":["https:\/\/www.studiainitalia.com\/wp-content\/uploads\/2016\/10\/sailing-in-alghero-e1490029589355-100x100.jpg",100,100,true],"yarpp-thumbnail":["https:\/\/www.studiainitalia.com\/wp-content\/uploads\/2016\/10\/sailing-in-alghero-e1490029589355.jpg",120,120,false]},"uagb_author_info":{"display_name":"Javier Diaz","author_link":"https:\/\/www.studiainitalia.com\/es\/author\/"},"uagb_comment_info":1,"uagb_excerpt":"\u00a1Aprovecha tus vacaciones para estudiar italiano en Alghero y practicar tu deporte favorito en los mares azules de Cerde\u00f1a! &nbsp; Los cursos de italiano y vela tienen una duraci\u00f3n de 1 \u00f3 2 semanas para todos los niveles Se imparten durante el verano y constan de 20 clases semanales de italiano combinadas a clases de&hellip;","_links":{"self":[{"href":"https:\/\/www.studiainitalia.com\/es\/wp-json\/wp\/v2\/product\/188101","targetHints":{"allow":["GET"]}}],"collection":[{"href":"https:\/\/www.studiainitalia.com\/es\/wp-json\/wp\/v2\/product"}],"about":[{"href":"https:\/\/www.studiainitalia.com\/es\/wp-json\/wp\/v2\/types\/product"}],"replies":[{"embeddable":true,"href":"https:\/\/www.studiainitalia.com\/es\/wp-json\/wp\/v2\/comments?post=188101"}],"wp:featuredmedia":[{"embeddable":true,"href":"https:\/\/www.studiainitalia.com\/es\/wp-json\/wp\/v2\/media\/117467"}],"wp:attachment":[{"href":"https:\/\/www.studiainitalia.com\/es\/wp-json\/wp\/v2\/media?parent=188101"}],"wp:term":[{"taxonomy":"section","embeddable":true,"href":"https:\/\/www.studiainitalia.com\/es\/wp-json\/wp\/v2\/section?post=188101"},{"taxonomy":"product_brand","embeddable":true,"href":"https:\/\/www.studiainitalia.com\/es\/wp-json\/wp\/v2\/product_brand?post=188101"},{"taxonomy":"product_cat","embeddable":true,"href":"https:\/\/www.studiainitalia.com\/es\/wp-json\/wp\/v2\/product_cat?post=188101"},{"taxonomy":"product_tag","embeddable":true,"href":"https:\/\/www.studiainitalia.com\/es\/wp-json\/wp\/v2\/product_tag?post=188101"}],"curies":[{"name":"wp","href":"https:\/\/api.w.org\/{rel}","templated":true}]}}