{"id":188162,"date":"2016-11-06T12:07:09","date_gmt":"2016-11-06T11:07:09","guid":{"rendered":"https:\/\/www.studiainitalia.com\/courses\/sin%20categor\u00eda\/italiano-en-milan\/"},"modified":"2026-03-25T10:35:42","modified_gmt":"2026-03-25T09:35:42","slug":"italiano-en-milan","status":"publish","type":"product","link":"https:\/\/www.studiainitalia.com\/es\/cursos\/cursos-de-italiano-en-italia\/italiano-en-milan\/","title":{"rendered":"Cursos de Italiano en Mil\u00e1n"},"content":{"rendered":"<h2>Curso de Italiano en Mil\u00e1n<\/h2>\n<p>El <b>curso de italiano en Mil\u00e1n<\/b> lo imparte Il Centro<b>. <\/b>La escuela est\u00e1 situada en un edificio de estilo Liberty en el c\u00e9ntrico barrio de Brera, famoso por sus marcas de moda y dise\u00f1o. El barrio est\u00e1 cerca de las atracciones m\u00e1s famosas de la ciudad, a pocos pasos del <b>Duomo<\/b>, el <b>Castello Sforzesco<\/b> y la <b>Galleria Vittorio Emanuele II.<\/b><\/p>\n<p>La escuela fue fundada en 1986 y est\u00e1 reconocida por el <b>Ministerio de Educaci\u00f3n italiano<\/b>.<\/p>\n<p>Nuestros cursos intensivos de italiano en Mil\u00e1n est\u00e1n estructurados en <b>4 lecciones al d\u00eda<\/b>, de lunes a viernes, normalmente por la ma\u00f1ana.<\/p>\n<p>Cada lecci\u00f3n dura <b>60 minutos<\/b>, con un total de <b>20 horas a la semana<\/b>.<\/p>\n<p>Hay cursos disponibles para <b>todos los niveles<\/b> y con duraciones flexibles.<\/p>\n<p>Los grupos son reducidos e internacionales.<\/p>\n<p>Los profesores utilizan una variedad de materiales originales (textos, v\u00eddeos, juegos, pel\u00edculas y art\u00edculos de actualidad) para que las clases sean din\u00e1micas y atractivas. El objetivo principal es ayudar a los alumnos a comunicarse con confianza y naturalidad, sin miedo a cometer errores.<\/p>\n<p>El personal docente crea los materiales did\u00e1cticos para garantizar un enfoque moderno y eficaz. De hecho, la escuela organiza cursos de formaci\u00f3n para profesores de italiano como segunda lengua.<\/p>\n<p>Encontrar\u00e1s:<\/p>\n<ul>\n<li>un <b>enfoque pedag\u00f3gico human\u00edstico-afectivo<\/b><\/li>\n<li>profesores con formaci\u00f3n universitaria especializada en la ense\u00f1anza del italiano como lengua extranjera<\/li>\n<li>un servicio personalizado seg\u00fan las necesidades de los alumnos<\/li>\n<li>la escuela crea y actualiza regularmente sus propios materiales did\u00e1cticos<\/li>\n<li>la escuela organiza cursos de formaci\u00f3n para profesores de italiano como segunda lengua<\/li>\n<\/ul>\n<h3>Estructura del curso<\/h3>\n<p>&nbsp;<\/p>\n<ul>\n<li>20 horas semanales (4 lecciones al d\u00eda, de lunes a viernes)<\/li>\n<li>Horario matutino para cursos intensivos<\/li>\n<li>Duraci\u00f3n de cada lecci\u00f3n: 60 minutos<\/li>\n<li>Duraci\u00f3n flexible: a partir de 1 semana<\/li>\n<li>Tama\u00f1o medio de las clases: 8 alumnos<\/li>\n<\/ul>\n<h3><strong>Tipos de cursos de italiano disponibles en Mil\u00e1n<\/strong><\/h3>\n<ul>\n<li>Opciones a tiempo parcial (menos lecciones por semana)<\/li>\n<li>Italiano para fines espec\u00edficos<\/li>\n<li>Italiano comercial<\/li>\n<li>Curso intensivo de italiano (4 lecciones al d\u00eda)<\/li>\n<li>Cursos semiintensivos<\/li>\n<li>Cursos de italiano de larga duraci\u00f3n<\/li>\n<li>Clases particulares de italiano<\/li>\n<li>Cursos de preparaci\u00f3n para el examen de italiano CILS<\/li>\n<li>Cursos de italiano online<\/li>\n<li>Horarios nocturnos (para quienes trabajan en Mil\u00e1n)<\/li>\n<\/ul>\n<p>La escuela tambi\u00e9n ofrece el apoyo pr\u00e1ctico para estancias m\u00e1s largas, por ejemplo, asistencia con tr\u00e1mites administrativos como documentos o la apertura de una cuenta bancaria.<\/p>\n<h2><strong>Fechas de inicio y detalles<\/strong><\/h2>\n<ul>\n<li><b>Duraci\u00f3n de las clases<\/b>: 60 minutos<\/li>\n<li><b>Tama\u00f1o medio de las clases<\/b>: 9 alumnos<\/li>\n<li><b>Tama\u00f1o m\u00e1ximo de las clases<\/b>: 12 alumnos<\/li>\n<li><b>Horario<\/b>: por la ma\u00f1ana o por la tarde, dependiendo del tipo de curso elegido<\/li>\n<li><b>Materiales del curso<\/b>: incluidos<\/li>\n<li><b>Prueba de nivel y certificado final<\/b>: incluidos<\/li>\n<li><b>Ubicaci\u00f3n<\/b>: Via Ponte Vetero 21<\/li>\n<li><b>Otros servicios<\/b>: acceso a Internet, biblioteca, aire acondicionado, actividades sociales<\/li>\n<\/ul>\n<p>&nbsp;<\/p>\n<table id=\"tablepress-56\" class=\"tablepress tablepress-id-56\">\n<thead>\n<tr class=\"row-1 odd\">\n<th class=\"column-1\" colspan=\"6\">Fechas de Inicio 2026<\/th>\n<\/tr>\n<\/thead>\n<tbody class=\"row-hover\">\n<tr class=\"row-2 even\">\n<td class=\"column-1\">Enero<\/td>\n<td class=\"column-2\">7<\/td>\n<td class=\"column-3\">Mayo<\/td>\n<td class=\"column-4\">4<\/td>\n<td class=\"column-5\">Septiembre<\/td>\n<td class=\"column-6\">28<\/td>\n<\/tr>\n<tr class=\"row-3 odd\">\n<td class=\"column-1\">Febrero<\/td>\n<td class=\"column-2\">2<\/td>\n<td class=\"column-3\">Junio<\/td>\n<td class=\"column-4\">3<\/td>\n<td class=\"column-5\">Octobre<\/td>\n<td class=\"column-6\">26<\/td>\n<\/tr>\n<tr class=\"row-4 even\">\n<td class=\"column-1\">Marzo<\/td>\n<td class=\"column-2\">2, 30<\/td>\n<td class=\"column-3\">Julio<\/td>\n<td class=\"column-4\">6<\/td>\n<td class=\"column-5\">Noviembre<\/td>\n<td class=\"column-6\">23<\/td>\n<\/tr>\n<tr class=\"row-5 odd\">\n<td class=\"column-1\">Abril<\/td>\n<td class=\"column-2\"><\/td>\n<td class=\"column-3\">Agosto<\/td>\n<td class=\"column-4\">3, 31<\/td>\n<td class=\"column-5\">Diciembre<\/td>\n<td class=\"column-6\"><\/td>\n<\/tr>\n<tr class=\"row-6 even\">\n<td class=\"column-1\" colspan=\"6\">Los estudiantes no principiantes pueden empezar el curso cada lunes bajo previa solicitud.<br \/>\nLa escuela permanecer\u00e1 cerrada durante las fiestas nacionales: Epifan\u00eda (06\/01), Lunes de Pascua y semana de Pascua, D\u00eda de la Liberaci\u00f3n (25\/04), D\u00eda del Trabajo (01\/05), D\u00eda de la Republica (02\/06), Ferragosto (15\/08), Todos los Santos (01\/11), Inmaculada Concepci\u00f3n (8\/12), 7\/12, vacaciones de Navidad y A\u00f1o Nuevo.<\/td>\n<\/tr>\n<\/tbody>\n<\/table>\n<h2><\/h2>\n<h2><strong>\u00bfPor qu\u00e9 estudiar italiano en Mil\u00e1n?<\/strong><\/h2>\n<p>&nbsp;<\/p>\n<p>Mil\u00e1n es una opci\u00f3n ideal para los estudiantes que desean combinar el aprendizaje de idiomas con una ciudad <b>internacional, profesional y contempor\u00e1nea<\/b>.<\/p>\n<p>Oir\u00e1s italiano en muchos contextos diferentes, y el ritmo de la ciudad anima a los estudiantes a adquirir r\u00e1pidamente confianza pr\u00e1ctica, especialmente en la expresi\u00f3n oral y la comprensi\u00f3n auditiva.<\/p>\n<p>Mil\u00e1n tambi\u00e9n es especialmente relevante si tus intereses est\u00e1n relacionados con:<\/p>\n<ul>\n<li>la moda<\/li>\n<li>la arquitectura y el dise\u00f1o<\/li>\n<li>los negocios y la vida profesional<\/li>\n<li>la cultura y los eventos contempor\u00e1neos<\/li>\n<\/ul>\n<p><strong>Ventajas de estudiar italiano en Mil\u00e1n<\/strong><\/p>\n<ul>\n<li><b>Inmersi\u00f3n en el centro econ\u00f3mico:<\/b> Mil\u00e1n es la capital financiera y de la moda de Italia, y ofrece infinitas oportunidades para establecer contactos profesionales.<\/li>\n<li><b>Acento neutro:<\/b> la forma de hablar \u00abmilanesa\u00bb es generalmente clara y est\u00e1ndar, lo que facilita la comprensi\u00f3n y la imitaci\u00f3n a los principiantes.<\/li>\n<li><b>Exposici\u00f3n a la moda y el dise\u00f1o:<\/b> puedes aprender vocabulario especializado en el coraz\u00f3n de la industria mundial del lujo.<\/li>\n<\/ul>\n<h3><b>Actividades y vida cultural en Mil\u00e1n<\/b><\/h3>\n<p>&nbsp;<\/p>\n<p>Las visitas guiadas recomendadas pueden incluir zonas como:<\/p>\n<ul>\n<li>el barrio de Navigli<\/li>\n<li>el barrio de la moda<\/li>\n<li>el Duomo y el centro de Mil\u00e1n<\/li>\n<\/ul>\n<p>La escuela organiza cada mes actividades extracurriculares dise\u00f1adas para ayudar a los estudiantes a socializar, descubrir la ciudad y seguir practicando italiano fuera del aula.<\/p>\n<p>Las actividades pueden incluir:<\/p>\n<ul>\n<li>aperitivos<\/li>\n<li>seminarios culturales sobre cine o m\u00fasica.<\/li>\n<\/ul>\n<p>Tambi\u00e9n recomendamos las visitas guiadas por Mil\u00e1n.<\/p>\n<p><b>En otras palabras, conocer\u00e1s el <i>estilo de vida milan\u00e9s.<\/i><\/b><\/p>\n<div class=\"aiosrs-rating-wrap\" data-schema-id=\"90691\">\n<div class=\"aiosrs-star-rating-wrap \"><\/div>\n<\/div>\n","protected":false},"excerpt":{"rendered":"<h2><strong>Aprende italiano en Mil\u00e1n, la capital italiana de la moda y el dise\u00f1o<\/strong><\/h2>\n<p>Si buscas una de las ciudades m\u00e1s internacionales de Italia, Mil\u00e1n es una excelente opci\u00f3n. Es un lugar moderno y din\u00e1mico con una identidad distintiva, especialmente atractivo si te interesa la moda, la arquitectura, el dise\u00f1o o las industrias creativas en general.<\/p>\n<p>Estudiar italiano en Mil\u00e1n te ofrece la oportunidad de aprender el idioma en una ciudad real y activa: en el transporte p\u00fablico, en las cafeter\u00edas, durante el aperitivo y en las interacciones cotidianas.<\/p>\n<p>Mil\u00e1n es una ciudad din\u00e1mica, bien comunicada y llena de oportunidades para practicar el italiano de forma natural.<\/p>\n<p>Con <b>StudiainItalia<\/b>, puedes estudiar italiano en Mil\u00e1n en una escuela local cuidadosamente seleccionada, con profesores nativos cualificados, grupos reducidos y un enfoque comunicativo centrado en el italiano de la vida real.<\/p>\n<p>&nbsp;<\/p>\n<p><strong>\u00a0<\/strong><\/p>\n","protected":false},"featured_media":132225,"comment_status":"open","ping_status":"closed","template":"","meta":{"_acf_changed":false,"_uag_custom_page_level_css":"","_kad_blocks_custom_css":"","_kad_blocks_head_custom_js":"","_kad_blocks_body_custom_js":"","_kad_blocks_footer_custom_js":"","site-sidebar-layout":"default","site-content-layout":"default","ast-site-content-layout":"default","site-content-style":"default","site-sidebar-style":"default","ast-global-header-display":"","ast-banner-title-visibility":"","ast-main-header-display":"","ast-hfb-above-header-display":"","ast-hfb-below-header-display":"","ast-hfb-mobile-header-display":"","site-post-title":"","ast-breadcrumbs-content":"","ast-featured-img":"","footer-sml-layout":"","ast-disable-related-posts":"","theme-transparent-header-meta":"default","adv-header-id-meta":"","stick-header-meta":"default","header-above-stick-meta":"","header-main-stick-meta":"","header-below-stick-meta":"","astra-migrate-meta-layouts":"set","ast-page-background-enabled":"default","ast-page-background-meta":{"desktop":{"background-color":"var(--ast-global-color-4)","background-image":"","background-repeat":"repeat","background-position":"center center","background-size":"auto","background-attachment":"scroll","background-type":"","background-media":"","overlay-type":"","overlay-color":"","overlay-opacity":"","overlay-gradient":""},"tablet":{"background-color":"","background-image":"","background-repeat":"repeat","background-position":"center center","background-size":"auto","background-attachment":"scroll","background-type":"","background-media":"","overlay-type":"","overlay-color":"","overlay-opacity":"","overlay-gradient":""},"mobile":{"background-color":"","background-image":"","background-repeat":"repeat","background-position":"center center","background-size":"auto","background-attachment":"scroll","background-type":"","background-media":"","overlay-type":"","overlay-color":"","overlay-opacity":"","overlay-gradient":""}},"ast-content-background-meta":{"desktop":{"background-color":"var(--ast-global-color-5)","background-image":"","background-repeat":"repeat","background-position":"center center","background-size":"auto","background-attachment":"scroll","background-type":"","background-media":"","overlay-type":"","overlay-color":"","overlay-opacity":"","overlay-gradient":""},"tablet":{"background-color":"var(--ast-global-color-5)","background-image":"","background-repeat":"repeat","background-position":"center center","background-size":"auto","background-attachment":"scroll","background-type":"","background-media":"","overlay-type":"","overlay-color":"","overlay-opacity":"","overlay-gradient":""},"mobile":{"background-color":"var(--ast-global-color-5)","background-image":"","background-repeat":"repeat","background-position":"center center","background-size":"auto","background-attachment":"scroll","background-type":"","background-media":"","overlay-type":"","overlay-color":"","overlay-opacity":"","overlay-gradient":""}}},"section":[2027],"product_brand":[],"product_cat":[1254,1280],"product_tag":[1842],"class_list":{"0":"post-188162","1":"product","2":"type-product","3":"status-publish","4":"has-post-thumbnail","6":"section-north","7":"product_cat-cursos-de-italiano-en-italia","8":"product_cat-cursos-en-milan","9":"product_tag-cursos-de-italiano-en-italia","10":"desktop-align-left","11":"tablet-align-left","12":"mobile-align-left","13":"ast-product-gallery-layout-horizontal-slider","14":"ast-product-single-variable","15":"ast-product-tabs-layout-horizontal","16":"ast-qv-on-image-click","18":"first","19":"instock","20":"sold-individually","21":"shipping-taxable","22":"purchasable","23":"product-type-variable","24":"has-default-attributes"},"acf":[],"taxonomy_info":{"section":[{"value":2027,"label":"North"}],"product_cat":[{"value":1254,"label":"Cursos de italiano en Italia"},{"value":1280,"label":"Cursos en Mil\u00e1n"}],"product_tag":[{"value":1842,"label":"CURSOS DE ITALIANO EN ITALIA"}]},"featured_image_src_large":["https:\/\/www.studiainitalia.com\/wp-content\/uploads\/2022\/04\/milano-1-scaled.jpg",2560,1710,false],"author_info":[],"comment_info":6,"uagb_featured_image_src":{"full":["https:\/\/www.studiainitalia.com\/wp-content\/uploads\/2022\/04\/milano-1-scaled.jpg",2560,1710,false],"thumbnail":["https:\/\/www.studiainitalia.com\/wp-content\/uploads\/2022\/04\/milano-1-scaled.jpg",128,86,false],"medium":["https:\/\/www.studiainitalia.com\/wp-content\/uploads\/2022\/04\/milano-1-scaled.jpg",2560,1710,false],"medium_large":["https:\/\/www.studiainitalia.com\/wp-content\/uploads\/2022\/04\/milano-1-768x513.jpg",768,513,true],"large":["https:\/\/www.studiainitalia.com\/wp-content\/uploads\/2022\/04\/milano-1-scaled.jpg",2560,1710,false],"1536x1536":["https:\/\/www.studiainitalia.com\/wp-content\/uploads\/2022\/04\/milano-1-1536x1026.jpg",1536,1026,true],"2048x2048":["https:\/\/www.studiainitalia.com\/wp-content\/uploads\/2022\/04\/milano-1-2048x1368.jpg",2048,1368,true],"ultp_layout_landscape_large":["https:\/\/www.studiainitalia.com\/wp-content\/uploads\/2022\/04\/milano-1-scaled.jpg",1198,800,false],"ultp_layout_landscape":["https:\/\/www.studiainitalia.com\/wp-content\/uploads\/2022\/04\/milano-1-scaled.jpg",853,570,false],"ultp_layout_portrait":["https:\/\/www.studiainitalia.com\/wp-content\/uploads\/2022\/04\/milano-1-scaled.jpg",600,401,false],"ultp_layout_square":["https:\/\/www.studiainitalia.com\/wp-content\/uploads\/2022\/04\/milano-1-scaled.jpg",600,401,false],"gform-image-choice-sm":["https:\/\/www.studiainitalia.com\/wp-content\/uploads\/2022\/04\/milano-1-scaled.jpg",300,200,false],"gform-image-choice-md":["https:\/\/www.studiainitalia.com\/wp-content\/uploads\/2022\/04\/milano-1-scaled.jpg",400,267,false],"gform-image-choice-lg":["https:\/\/www.studiainitalia.com\/wp-content\/uploads\/2022\/04\/milano-1-scaled.jpg",600,401,false],"woocommerce_thumbnail":["https:\/\/www.studiainitalia.com\/wp-content\/uploads\/2022\/04\/milano-1-300x300.jpg",300,300,true],"woocommerce_single":["https:\/\/www.studiainitalia.com\/wp-content\/uploads\/2022\/04\/milano-1-400x267.jpg",400,267,true],"woocommerce_gallery_thumbnail":["https:\/\/www.studiainitalia.com\/wp-content\/uploads\/2022\/04\/milano-1-100x100.jpg",100,100,true],"yarpp-thumbnail":["https:\/\/www.studiainitalia.com\/wp-content\/uploads\/2022\/04\/milano-1-120x120.jpg",120,120,true]},"uagb_author_info":{"display_name":"Javier Diaz","author_link":"https:\/\/www.studiainitalia.com\/es\/author\/"},"uagb_comment_info":6,"uagb_excerpt":"Aprende italiano en Mil\u00e1n, la capital italiana de la moda y el dise\u00f1o Si buscas una de las ciudades m\u00e1s internacionales de Italia, Mil\u00e1n es una excelente opci\u00f3n. Es un lugar moderno y din\u00e1mico con una identidad distintiva, especialmente atractivo si te interesa la moda, la arquitectura, el dise\u00f1o o las industrias creativas en general.&hellip;","_links":{"self":[{"href":"https:\/\/www.studiainitalia.com\/es\/wp-json\/wp\/v2\/product\/188162","targetHints":{"allow":["GET"]}}],"collection":[{"href":"https:\/\/www.studiainitalia.com\/es\/wp-json\/wp\/v2\/product"}],"about":[{"href":"https:\/\/www.studiainitalia.com\/es\/wp-json\/wp\/v2\/types\/product"}],"replies":[{"embeddable":true,"href":"https:\/\/www.studiainitalia.com\/es\/wp-json\/wp\/v2\/comments?post=188162"}],"wp:featuredmedia":[{"embeddable":true,"href":"https:\/\/www.studiainitalia.com\/es\/wp-json\/wp\/v2\/media\/132225"}],"wp:attachment":[{"href":"https:\/\/www.studiainitalia.com\/es\/wp-json\/wp\/v2\/media?parent=188162"}],"wp:term":[{"taxonomy":"section","embeddable":true,"href":"https:\/\/www.studiainitalia.com\/es\/wp-json\/wp\/v2\/section?post=188162"},{"taxonomy":"product_brand","embeddable":true,"href":"https:\/\/www.studiainitalia.com\/es\/wp-json\/wp\/v2\/product_brand?post=188162"},{"taxonomy":"product_cat","embeddable":true,"href":"https:\/\/www.studiainitalia.com\/es\/wp-json\/wp\/v2\/product_cat?post=188162"},{"taxonomy":"product_tag","embeddable":true,"href":"https:\/\/www.studiainitalia.com\/es\/wp-json\/wp\/v2\/product_tag?post=188162"}],"curies":[{"name":"wp","href":"https:\/\/api.w.org\/{rel}","templated":true}]}}