{"id":188167,"date":"2016-11-06T16:44:28","date_gmt":"2016-11-06T15:44:28","guid":{"rendered":"https:\/\/www.studiainitalia.com\/courses\/sin%20categor\u00eda\/italiano-en-cromo\/"},"modified":"2026-03-25T10:30:15","modified_gmt":"2026-03-25T09:30:15","slug":"italiano-en-roma","status":"publish","type":"product","link":"https:\/\/www.studiainitalia.com\/es\/cursos\/cursos-de-italiano-en-italia\/italiano-en-roma\/","title":{"rendered":"Cursos de Italiano en Roma"},"content":{"rendered":"<h2>Nuestros cursos de Italiano en Roma<\/h2>\n<p>&nbsp;<\/p>\n<p>Los cursos de italiano en Roma son <strong>intensivos<\/strong>, con <strong>20 lecciones por semana<\/strong>, de lunes a viernes, y suelen impartirse por la ma\u00f1ana.<\/p>\n<p>Hay cursos disponibles para <strong>todos los niveles<\/strong>, durante todo el a\u00f1o, desde principiantes hasta estudiantes avanzados y con dominio del idioma, y con duraciones flexibles.<\/p>\n<p>El primer d\u00eda, los estudiantes realizan una <strong>prueba de nivel (escrita y oral)<\/strong> para garantizar que se les asigna el nivel m\u00e1s adecuado.<\/p>\n<p>La ense\u00f1anza sigue una <strong>metodolog\u00eda comunicativa<\/strong>, con un fuerte \u00e9nfasis en la expresi\u00f3n oral y la interacci\u00f3n pr\u00e1ctica. Desde el principio, se anima a los estudiantes a utilizar el italiano de forma activa, lo que les ayuda a ganar confianza y a comunicarse de forma eficaz en situaciones de la vida real.<\/p>\n<p>La escuela con la que colaboramos en Roma, Clidante, est\u00e1 <strong>oficialmente reconocida por el Ministerio de Educaci\u00f3n italiano<\/strong> y fue fundada en <strong>1994<\/strong>.<\/p>\n<p>Roma cuenta con muchas escuelas de italiano, pero nosotros trabajamos con una en la que confiamos por su calidad docente y el ambiente acogedor y humano que ofrece a los estudiantes internacionales.<\/p>\n<p>En la escuela trabaja un equipo permanente de profesores. Son todos titulados, calificados para la ense\u00f1anza del italiano como lengua extranjera<em>.<\/em><\/p>\n<h3><strong>Estructura del curso <\/strong>de italiano<\/h3>\n<p>&nbsp;<\/p>\n<p>El programa principal es un curso intensivo de italiano, dise\u00f1ado para un progreso r\u00e1pido y eficaz a trav\u00e9s de la inmersi\u00f3n.<\/p>\n<ul>\n<li>4 clases diarias, de lunes a viernes (20 lecciones por semana)<\/li>\n<li>Grupos reducidos: entre 6 y 12 estudiantes (media: 8\u201310)<\/li>\n<li>9 niveles disponibles, desde principiante absoluto hasta avanzado<\/li>\n<li>Duraci\u00f3n flexible: de 1 semana hasta programas largos de 48 semanas<\/li>\n<li>Clases de ma\u00f1ana o tarde, seg\u00fan el nivel y disponibilidad<\/li>\n<li>Certificado final con el nivel alcanzado<\/li>\n<\/ul>\n<p>El italiano se utiliza en clase para fomentar <strong>una inmersi\u00f3n constante <\/strong><strong>en el idioma<\/strong>.<\/p>\n<p>Al final del curso, los estudiantes reciben un <strong>certificado de asistencia que indica el nivel alcanzado<\/strong>.<\/p>\n<p>Gracias al programa organizado por la escuela de italiano en Roma participar\u00e1s activamente en la vida cultural de la ciudad. Como complemento a los cursos de lengua italiana la escuela ofrece numerosas y variadas actividades: visitas guiadas por la ciudad, visi\u00f3n de pel\u00edculas italianas. Tambi\u00e9n se imparten seminarios de cultura y literatura italiana.<\/p>\n<h3><strong>Tipos de cursos de italiano disponibles en Roma <\/strong><\/h3>\n<p>&nbsp;<\/p>\n<ul>\n<li>Curso intensivo de italiano (4 clases al d\u00eda)<\/li>\n<li>Cursos superintensivos<\/li>\n<li>Clases particulares de italiano<\/li>\n<li>Cursos de preparaci\u00f3n para el examen de italiano Plida<\/li>\n<li>Cursos combinados de lengua y cultura italiana (historia del arte, cocina, \u00f3pera)<\/li>\n<\/ul>\n<h2><strong>Fechas de inicio y detalles <\/strong><\/h2>\n<p>&nbsp;<\/p>\n<ul>\n<li><strong>Duraci\u00f3n de las clases<\/strong>: 45 minutos<\/li>\n<li><strong>Tama\u00f1o medio de las clases<\/strong>: 9 alumnos<\/li>\n<li><strong>Tama\u00f1o m\u00e1ximo de las clases<\/strong>: 12 alumnos<\/li>\n<li><strong>Horario<\/strong>: Por la ma\u00f1ana o por la tarde, dependiendo del nivel asignado<\/li>\n<li><strong>Materiales del curso<\/strong>: Incluidos<\/li>\n<li><strong>Prueba de nivel y certificado final<\/strong>: Incluidos<\/li>\n<li><strong>Ubicaci\u00f3n<\/strong>: Via Piazza Bologna 1<\/li>\n<li><strong>Otros servicios<\/strong>: Acceso a Internet, biblioteca, aire acondicionado, actividades sociales y traslado al aeropuerto disponibles<\/li>\n<\/ul>\n<p>&nbsp;<\/p>\n<table id=\"tablepress-60\" class=\"tablepress tablepress-id-60\">\n<thead>\n<tr class=\"row-1 odd\">\n<th class=\"column-1\" colspan=\"6\">Fechas de Inicio 2026<\/th>\n<\/tr>\n<\/thead>\n<tbody class=\"row-hover\">\n<tr class=\"row-2 even\">\n<td class=\"column-1\">Enero<\/td>\n<td class=\"column-2\">7<\/td>\n<td class=\"column-3\">Mayo<\/td>\n<td class=\"column-4\">4<\/td>\n<td class=\"column-5\">Septiembre<\/td>\n<td class=\"column-6\">28<\/td>\n<\/tr>\n<tr class=\"row-3 odd\">\n<td class=\"column-1\">Febrero<\/td>\n<td class=\"column-2\">2<\/td>\n<td class=\"column-3\">Junio<\/td>\n<td class=\"column-4\">3<\/td>\n<td class=\"column-5\">Octobre<\/td>\n<td class=\"column-6\">26<\/td>\n<\/tr>\n<tr class=\"row-4 even\">\n<td class=\"column-1\">Marzo<\/td>\n<td class=\"column-2\">2, 30<\/td>\n<td class=\"column-3\">Julio<\/td>\n<td class=\"column-4\">6<\/td>\n<td class=\"column-5\">Noviembre<\/td>\n<td class=\"column-6\">23<\/td>\n<\/tr>\n<tr class=\"row-5 odd\">\n<td class=\"column-1\">Abril<\/td>\n<td class=\"column-2\"><\/td>\n<td class=\"column-3\">Agosto<\/td>\n<td class=\"column-4\">3, 31<\/td>\n<td class=\"column-5\">Diciembre<\/td>\n<td class=\"column-6\"><\/td>\n<\/tr>\n<tr class=\"row-6 even\">\n<td class=\"column-1\" colspan=\"6\">La escuela permanecer\u00e1 cerrada durante las fiestas nacionales: Epifan\u00eda (06\/01), Lunes de Pascua, D\u00eda de la Liberaci\u00f3n (25\/04), D\u00eda del Trabajo (01\/05), D\u00eda de la Republica (02\/06), Ferragosto (15\/08), Todos los Santos (01\/11), Inmaculada Concepci\u00f3n (8\/12), vacaciones de Navidad y A\u00f1o Nuevo.<\/td>\n<\/tr>\n<\/tbody>\n<\/table>\n<p>&nbsp;<\/p>\n<h2><strong>\u00bfPor qu\u00e9 estudiar italiano en Roma?<\/strong><\/h2>\n<p>&nbsp;<\/p>\n<p><strong>Como decimos,\u00a0<em>todos los caminos conducen a Roma<\/em>.\u00a0Si estudias italiano, no puedes perderte un viaje a la capital italiana!<\/strong><\/p>\n<div class=\"aiosrs-rating-wrap\" data-schema-id=\"90691\">\n<div class=\"aiosrs-star-rating-wrap \">\n<p>Estudiar italiano en Roma significa aprender el idioma en una amplia variedad de contextos cotidianos. Como capital de Italia, la ciudad re\u00fane a personas de diferentes regiones y or\u00edgenes, lo que te permite estar en contacto constante con el italiano tal y como se habla en la vida real. Los museos, los mercados, las cafeter\u00edas del barrio, el transporte p\u00fablico y los eventos culturales se convierten en oportunidades para practicar el italiano de forma natural.<\/p>\n<p>Roma tambi\u00e9n ofrece una combinaci\u00f3n equilibrada de enfoque acad\u00e9mico y est\u00edmulo cultural.<\/p>\n<p>Mientras que ciudades como Florencia o Bolonia suelen estar vinculadas a tradiciones art\u00edsticas o acad\u00e9micas espec\u00edficas, Roma ofrece un entorno m\u00e1s amplio y variado en el que el aprendizaje del idioma y la experiencia cultural van de la mano.<\/p>\n<\/div>\n<div class=\"aiosrs-rating-summary-wrap\">\n<p><strong>Ventajas de estudiar italiano en Roma<\/strong><\/p>\n<p>Una ciudad de historia y cultura: Roma es un museo al aire libre que ofrece siglos de historia, arte de talla mundial, arquitectura y monumentos que enriquecen tu experiencia de aprendizaje.<\/p>\n<ul>\n<li><strong>Estilo de vida romano<\/strong>: desde cafeter\u00edas y mercados hasta transporte p\u00fablico y vida social, experimentas la aut\u00e9ntica cultura italiana cada d\u00eda.<\/li>\n<li><strong>La ciudad<\/strong> eterna: Roma combina tradiciones antiguas con la vida moderna, lo que ofrece un sinf\u00edn de oportunidades para explorar, asistir a eventos y realizar actividades culturales.<\/li>\n<li><strong>Un entorno de aprendizaje diferente<\/strong>: estudiar italiano rodeado de lugares emblem\u00e1ticos como el Coliseo y la Ciudad del Vaticano hace que el aprendizaje sea atractivo y memorable.<\/li>\n<\/ul>\n<h3><strong>Actividades culturales y vida en Roma<\/strong><\/h3>\n<p>&nbsp;<\/p>\n<p>Adem\u00e1s de las clases de idiomas, la escuela ofrece un <strong>programa cultural<\/strong> dise\u00f1ado para ayudar a los estudiantes a integrarse en la ciudad y practicar el italiano fuera del aula.<\/p>\n<p>Las actividades pueden incluir:<\/p>\n<ul>\n<li>visitas guiadas por Roma<\/li>\n<li>proyecciones de pel\u00edculas italianas<\/li>\n<li>seminarios sobre cultura y literatura italianas<\/li>\n<\/ul>\n<p>La participaci\u00f3n en el programa cultural es gratuita, mientras que las entradas y los gastos de transporte corren a cargo de los estudiantes.<\/p>\n<p>&nbsp;<\/p>\n<h2><strong>Apoyo personalizado de StudiainItalia<\/strong><\/h2>\n<p>&nbsp;<\/p>\n<\/div>\n<\/div>\n<p><strong>Una diferencia pr\u00e1ctica entre Studia in Italia y las grandes redes de escuelas de idiomas <\/strong>es nuestro <strong>enfoque personalizado<\/strong><\/p>\n<p>Trabajamos con un n\u00famero limitado de programas para poder ofrecer un apoyo individual y constante. Desde la consulta inicial hasta el final de la estancia, los estudiantes cuentan con la ayuda de un equipo con un profundo conocimiento local de Italia y su sistema educativo. Esto incluye orientaci\u00f3n sobre la selecci\u00f3n de cursos, el alojamiento y los tr\u00e1mites pr\u00e1cticos.<\/p>\n<p>En lugar de ofrecer paquetes estandarizados, nuestra funci\u00f3n es ayudar a los estudiantes a elegir un programa que se adapte realmente a sus objetivos de aprendizaje y a sus intereses personales.<\/p>\n<p>&nbsp;<\/p>\n","protected":false},"excerpt":{"rendered":"<h2><strong>Aprende italiano en Roma, la Ciudad Eterna<\/strong><\/h2>\n<p>\u00bfTe gustar\u00eda aprender italiano en una ciudad donde la historia y la vida cotidiana se entrelazan de forma natural?<\/p>\n<p>Roma ofrece un entorno excepcional para estudiar el idioma, combinando la riqueza cultural con un ambiente animado y contempor\u00e1neo.<\/p>\n<p>Aprender italiano aqu\u00ed va m\u00e1s all\u00e1 del aula y se convierte en parte de la vida cotidiana: en cafeter\u00edas, mercados, museos y calles del barrio.<\/p>\n<p>Con <strong>StudiainItalia<\/strong>, puedes estudiar italiano en Roma en una escuela local cuidadosamente seleccionada, con profesores nativos, grupos reducidos y un enfoque comunicativo centrado en el uso pr\u00e1ctico del idioma.<\/p>\n<p>Nuestra funci\u00f3n es guiarte y apoyarte con un servicio personalizado, ayud\u00e1ndote a construir una experiencia de estudio significativa y bien estructurada en Italia.<\/p>\n<p>&nbsp;<\/p>\n<p>&nbsp;<\/p>\n<p><span class=\"VIiyi\" lang=\"es\">\u00a0<\/span><\/p>\n","protected":false},"featured_media":118436,"comment_status":"open","ping_status":"closed","template":"","meta":{"_acf_changed":false,"_uag_custom_page_level_css":"","_kad_blocks_custom_css":"","_kad_blocks_head_custom_js":"","_kad_blocks_body_custom_js":"","_kad_blocks_footer_custom_js":"","site-sidebar-layout":"default","site-content-layout":"default","ast-site-content-layout":"default","site-content-style":"default","site-sidebar-style":"default","ast-global-header-display":"","ast-banner-title-visibility":"","ast-main-header-display":"","ast-hfb-above-header-display":"","ast-hfb-below-header-display":"","ast-hfb-mobile-header-display":"","site-post-title":"","ast-breadcrumbs-content":"","ast-featured-img":"","footer-sml-layout":"","ast-disable-related-posts":"","theme-transparent-header-meta":"default","adv-header-id-meta":"","stick-header-meta":"default","header-above-stick-meta":"","header-main-stick-meta":"","header-below-stick-meta":"","astra-migrate-meta-layouts":"set","ast-page-background-enabled":"default","ast-page-background-meta":{"desktop":{"background-color":"var(--ast-global-color-4)","background-image":"","background-repeat":"repeat","background-position":"center center","background-size":"auto","background-attachment":"scroll","background-type":"","background-media":"","overlay-type":"","overlay-color":"","overlay-opacity":"","overlay-gradient":""},"tablet":{"background-color":"","background-image":"","background-repeat":"repeat","background-position":"center center","background-size":"auto","background-attachment":"scroll","background-type":"","background-media":"","overlay-type":"","overlay-color":"","overlay-opacity":"","overlay-gradient":""},"mobile":{"background-color":"","background-image":"","background-repeat":"repeat","background-position":"center center","background-size":"auto","background-attachment":"scroll","background-type":"","background-media":"","overlay-type":"","overlay-color":"","overlay-opacity":"","overlay-gradient":""}},"ast-content-background-meta":{"desktop":{"background-color":"var(--ast-global-color-5)","background-image":"","background-repeat":"repeat","background-position":"center center","background-size":"auto","background-attachment":"scroll","background-type":"","background-media":"","overlay-type":"","overlay-color":"","overlay-opacity":"","overlay-gradient":""},"tablet":{"background-color":"var(--ast-global-color-5)","background-image":"","background-repeat":"repeat","background-position":"center center","background-size":"auto","background-attachment":"scroll","background-type":"","background-media":"","overlay-type":"","overlay-color":"","overlay-opacity":"","overlay-gradient":""},"mobile":{"background-color":"var(--ast-global-color-5)","background-image":"","background-repeat":"repeat","background-position":"center center","background-size":"auto","background-attachment":"scroll","background-type":"","background-media":"","overlay-type":"","overlay-color":"","overlay-opacity":"","overlay-gradient":""}}},"section":[2028],"product_brand":[],"product_cat":[1254,1284],"product_tag":[1842],"class_list":{"0":"post-188167","1":"product","2":"type-product","3":"status-publish","4":"has-post-thumbnail","6":"section-center","7":"product_cat-cursos-de-italiano-en-italia","8":"product_cat-cursos-en-roma","9":"product_tag-cursos-de-italiano-en-italia","10":"desktop-align-left","11":"tablet-align-left","12":"mobile-align-left","13":"ast-product-gallery-layout-horizontal-slider","14":"ast-product-single-variable","15":"ast-product-tabs-layout-horizontal","16":"ast-qv-on-image-click","18":"first","19":"instock","20":"sold-individually","21":"shipping-taxable","22":"purchasable","23":"product-type-variable","24":"has-default-attributes"},"acf":[],"taxonomy_info":{"section":[{"value":2028,"label":"Center"}],"product_cat":[{"value":1254,"label":"Cursos de italiano en Italia"},{"value":1284,"label":"Cursos en Roma"}],"product_tag":[{"value":1842,"label":"CURSOS DE ITALIANO EN ITALIA"}]},"featured_image_src_large":["https:\/\/www.studiainitalia.com\/wp-content\/uploads\/2016\/11\/learn-italian-in-rome-e1490027930226.jpg",350,352,false],"author_info":[],"comment_info":24,"uagb_featured_image_src":{"full":["https:\/\/www.studiainitalia.com\/wp-content\/uploads\/2016\/11\/learn-italian-in-rome-e1490027930226.jpg",350,352,false],"thumbnail":["https:\/\/www.studiainitalia.com\/wp-content\/uploads\/2016\/11\/learn-italian-in-rome-150x150.jpg",96,96,true],"medium":["https:\/\/www.studiainitalia.com\/wp-content\/uploads\/2016\/11\/learn-italian-in-rome-298x300.jpg",298,300,true],"medium_large":["https:\/\/www.studiainitalia.com\/wp-content\/uploads\/2016\/11\/learn-italian-in-rome-e1490027930226.jpg",350,352,false],"large":["https:\/\/www.studiainitalia.com\/wp-content\/uploads\/2016\/11\/learn-italian-in-rome-e1490027930226.jpg",350,352,false],"1536x1536":["https:\/\/www.studiainitalia.com\/wp-content\/uploads\/2016\/11\/learn-italian-in-rome-e1490027930226.jpg",350,352,false],"2048x2048":["https:\/\/www.studiainitalia.com\/wp-content\/uploads\/2016\/11\/learn-italian-in-rome-e1490027930226.jpg",350,352,false],"ultp_layout_landscape_large":["https:\/\/www.studiainitalia.com\/wp-content\/uploads\/2016\/11\/learn-italian-in-rome-e1490027930226.jpg",350,352,false],"ultp_layout_landscape":["https:\/\/www.studiainitalia.com\/wp-content\/uploads\/2016\/11\/learn-italian-in-rome-e1490027930226.jpg",350,352,false],"ultp_layout_portrait":["https:\/\/www.studiainitalia.com\/wp-content\/uploads\/2016\/11\/learn-italian-in-rome-e1490027930226.jpg",350,352,false],"ultp_layout_square":["https:\/\/www.studiainitalia.com\/wp-content\/uploads\/2016\/11\/learn-italian-in-rome-e1490027930226.jpg",350,352,false],"gform-image-choice-sm":["https:\/\/www.studiainitalia.com\/wp-content\/uploads\/2016\/11\/learn-italian-in-rome-e1490027930226.jpg",298,300,false],"gform-image-choice-md":["https:\/\/www.studiainitalia.com\/wp-content\/uploads\/2016\/11\/learn-italian-in-rome-e1490027930226.jpg",350,352,false],"gform-image-choice-lg":["https:\/\/www.studiainitalia.com\/wp-content\/uploads\/2016\/11\/learn-italian-in-rome-e1490027930226.jpg",350,352,false],"woocommerce_thumbnail":["https:\/\/www.studiainitalia.com\/wp-content\/uploads\/2016\/11\/learn-italian-in-rome-e1490027930226-300x300.jpg",300,300,true],"woocommerce_single":["https:\/\/www.studiainitalia.com\/wp-content\/uploads\/2016\/11\/learn-italian-in-rome-e1490027930226.jpg",350,352,false],"woocommerce_gallery_thumbnail":["https:\/\/www.studiainitalia.com\/wp-content\/uploads\/2016\/11\/learn-italian-in-rome-e1490027930226-100x100.jpg",100,100,true],"yarpp-thumbnail":["https:\/\/www.studiainitalia.com\/wp-content\/uploads\/2016\/11\/learn-italian-in-rome-e1490027930226.jpg",120,120,false]},"uagb_author_info":{"display_name":"Javier Diaz","author_link":"https:\/\/www.studiainitalia.com\/es\/author\/"},"uagb_comment_info":24,"uagb_excerpt":"Aprende italiano en Roma, la Ciudad Eterna \u00bfTe gustar\u00eda aprender italiano en una ciudad donde la historia y la vida cotidiana se entrelazan de forma natural? Roma ofrece un entorno excepcional para estudiar el idioma, combinando la riqueza cultural con un ambiente animado y contempor\u00e1neo. Aprender italiano aqu\u00ed va m\u00e1s all\u00e1 del aula y se&hellip;","_links":{"self":[{"href":"https:\/\/www.studiainitalia.com\/es\/wp-json\/wp\/v2\/product\/188167","targetHints":{"allow":["GET"]}}],"collection":[{"href":"https:\/\/www.studiainitalia.com\/es\/wp-json\/wp\/v2\/product"}],"about":[{"href":"https:\/\/www.studiainitalia.com\/es\/wp-json\/wp\/v2\/types\/product"}],"replies":[{"embeddable":true,"href":"https:\/\/www.studiainitalia.com\/es\/wp-json\/wp\/v2\/comments?post=188167"}],"wp:featuredmedia":[{"embeddable":true,"href":"https:\/\/www.studiainitalia.com\/es\/wp-json\/wp\/v2\/media\/118436"}],"wp:attachment":[{"href":"https:\/\/www.studiainitalia.com\/es\/wp-json\/wp\/v2\/media?parent=188167"}],"wp:term":[{"taxonomy":"section","embeddable":true,"href":"https:\/\/www.studiainitalia.com\/es\/wp-json\/wp\/v2\/section?post=188167"},{"taxonomy":"product_brand","embeddable":true,"href":"https:\/\/www.studiainitalia.com\/es\/wp-json\/wp\/v2\/product_brand?post=188167"},{"taxonomy":"product_cat","embeddable":true,"href":"https:\/\/www.studiainitalia.com\/es\/wp-json\/wp\/v2\/product_cat?post=188167"},{"taxonomy":"product_tag","embeddable":true,"href":"https:\/\/www.studiainitalia.com\/es\/wp-json\/wp\/v2\/product_tag?post=188167"}],"curies":[{"name":"wp","href":"https:\/\/api.w.org\/{rel}","templated":true}]}}