{"id":188244,"date":"2016-10-31T16:42:57","date_gmt":"2016-10-31T15:42:57","guid":{"rendered":"https:\/\/www.studiainitalia.com\/courses\/sin%20categor\u00eda\/italiano-en-florencia-semi-intensivo\/"},"modified":"2026-03-25T09:53:15","modified_gmt":"2026-03-25T08:53:15","slug":"italiano-en-florencia-semi-intensivo","status":"publish","type":"product","link":"https:\/\/www.studiainitalia.com\/es\/cursos\/cursos-de-italiano-en-italia\/italiano-en-florencia-semi-intensivo\/","title":{"rendered":"Cursos de Italiano en Florencia (semi-intensivo)"},"content":{"rendered":"<h2><strong>Nuestros Cursos de Italiano Semi-Intensivos en Florencia<\/strong><\/h2>\n<p>&nbsp;<\/p>\n<p>Los <strong>cursos semi-intensivos de italiano<\/strong> en Florencia comienzan <strong>cada dos semanas durante todo el a\u00f1o<\/strong> y est\u00e1n abiertos a todos los niveles, desde principiante hasta avanzado.<\/p>\n<p>Este formato es ideal para quienes desean aprender italiano a buen ritmo, pero con tiempo libre para disfrutar de la ciudad, sus museos y su vida cultural.<\/p>\n<p><strong>Estructura del curso:<\/strong><\/p>\n<ul>\n<li><strong>2 clases diarias<\/strong>, de lunes a viernes<\/li>\n<li><strong>Duraci\u00f3n flexible:<\/strong> desde 2 hasta 48 semanas<\/li>\n<li><strong>Grupos reducidos:<\/strong> entre <strong>6 y 10 estudiantes<\/strong><\/li>\n<li><strong>Duraci\u00f3n de las clases:<\/strong> 45 minutos cada una<\/li>\n<li><strong>Horario:<\/strong>\n<ul>\n<li>Curso de gram\u00e1tica: de 9:00 a 10:30 h<\/li>\n<li>Curso de conversaci\u00f3n: de 11:00 a 12:30 h<\/li>\n<\/ul>\n<\/li>\n<li><strong>Material incluido\u00a0<\/strong><\/li>\n<li><strong>Prueba de nivel inicial<\/strong> y <strong>certificado final<\/strong><\/li>\n<\/ul>\n<p>Puedes elegir entre dos modalidades:<\/p>\n<ul>\n<li><strong>Curso de gram\u00e1tica y vocabulario:<\/strong> centrado en estructuras, pronunciaci\u00f3n y escritura.<\/li>\n<li><strong>Curso de conversaci\u00f3n:<\/strong> basado en temas de actualidad, actividades comunicativas, juegos y material audiovisual (pel\u00edculas, m\u00fasica, art\u00edculos).<\/li>\n<\/ul>\n<p>Ambas opciones utilizan un <strong>m\u00e9todo comunicativo y directo<\/strong>, que estimula la participaci\u00f3n activa y el uso real del italiano desde el primer d\u00eda.<\/p>\n<h2><strong>Lo que hace especial aprender italiano en Florencia<\/strong><\/h2>\n<p>&nbsp;<\/p>\n<p>La escuela <strong>Centro Machiavelli<\/strong>, fundada en<strong> 1978<\/strong>, se encuentra en pleno centro de Florencia, a pocos pasos del <strong>Ponte Vecchio<\/strong> y de la animada <strong>Piazza Santo Spirito<\/strong> \u2014 uno de los lugares favoritos de los florentinos para reunirse.<\/p>\n<p>El ambiente es <strong>acogedor e informal<\/strong>, con un equipo de profesores y personal que ofrece <strong>atenci\u00f3n personalizada<\/strong> a cada estudiante.<\/p>\n<p>La escuela est\u00e1 <strong>reconocida por el Ministerio de Educaci\u00f3n italiano<\/strong> y cuenta con <strong>certificaci\u00f3n de calidad ISO<\/strong> y acreditaci\u00f3n de la Regi\u00f3n de Toscana como centro de formaci\u00f3n.<\/p>\n<p><strong>Ventajas de estudiar italiano en Florencia<\/strong><\/p>\n<ul>\n<li>M\u00e1s de 40 a\u00f1os de experiencia<\/li>\n<li>Profesores nativos con amplia formaci\u00f3n<\/li>\n<li>Clases reducidas y atenci\u00f3n individualizada<\/li>\n<li>Opciones de curso de gram\u00e1tica o conversaci\u00f3n<\/li>\n<li>Posibilidad de combinar el idioma con arte, cocina, historia del arte o joyer\u00eda<\/li>\n<li>Escuela en el coraz\u00f3n hist\u00f3rico de Florencia<\/li>\n<li>Ambiente familiar e internacional<\/li>\n<\/ul>\n<h2><strong>Fechas de inicio y detalles del curso\u00a0 <\/strong><\/h2>\n<p>&nbsp;<\/p>\n<ul>\n<li><strong>Duraci\u00f3n de las clases<\/strong>: 45 minutos<\/li>\n<li><strong>Tama\u00f1o medio de clase<\/strong>: 9 estudiantes<\/li>\n<li><strong>Tama\u00f1o m\u00e1ximo<\/strong>: 12 estudiantes<\/li>\n<li><strong>Horario<\/strong>: Ma\u00f1ana o tarde, seg\u00fan el nivel asignado<\/li>\n<li><strong>Material del curso<\/strong>: Incluido<\/li>\n<li><strong>Prueba de nivel y certificado final<\/strong>: Incluidos<\/li>\n<li><strong>Ubicaci\u00f3n<\/strong>: Via dei Bardi 28<\/li>\n<li><strong>Otros servicios<\/strong>: acceso a Internet,actividades sociales, y traslado desde el aeropuerto disponible<\/li>\n<\/ul>\n\n<table id=\"tablepress-47\" class=\"tablepress tablepress-id-47 tbody-has-connected-cells\">\n<thead>\n<tr class=\"row-1\">\n\t<th colspan=\"6\" class=\"column-1\">Fechas de Inicio 2026<\/th>\n<\/tr>\n<\/thead>\n<tbody class=\"row-striping row-hover\">\n<tr class=\"row-2\">\n\t<td class=\"column-1\">Enero<\/td><td class=\"column-2\">5, 19<\/td><td class=\"column-3\">Mayo<\/td><td class=\"column-4\">11, 25<\/td><td class=\"column-5\">Septiembre<\/td><td class=\"column-6\">14, 28<\/td>\n<\/tr>\n<tr class=\"row-3\">\n\t<td class=\"column-1\">Febrero<\/td><td class=\"column-2\">2, 16<\/td><td class=\"column-3\">Junio<\/td><td class=\"column-4\">8, 22<\/td><td class=\"column-5\">Octubre<\/td><td class=\"column-6\">12, 26<\/td>\n<\/tr>\n<tr class=\"row-4\">\n\t<td class=\"column-1\">Marzo<\/td><td class=\"column-2\">2, 16, 30<\/td><td class=\"column-3\">Julio<\/td><td class=\"column-4\">6, 20<\/td><td class=\"column-5\">Noviembre<\/td><td class=\"column-6\">9, 23<\/td>\n<\/tr>\n<tr class=\"row-5\">\n\t<td class=\"column-1\">Abril<\/td><td class=\"column-2\">13, 27<\/td><td class=\"column-3\">Agosto<\/td><td class=\"column-4\">3, 17, 31<\/td><td class=\"column-5\">Diciembre<\/td><td class=\"column-6\">7<\/td>\n<\/tr>\n<tr class=\"row-6\">\n\t<td colspan=\"6\" class=\"column-1\">La escuela permanecer\u00e0 cerrada durante las fiestas nacionales: Epifan\u00eda (06\/01), Lunes de Pascua, D\u00eda de la Liberaci\u00f3n (25\/04), D\u00eda del Trabajo (01\/05), D\u00eda de la Republica (02\/06), 24\/06, Ferragosto (15\/08), Todos los Santos (01\/11), Inmaculada Concepci\u00f3n (8\/12), vacaciones de Navidad y A\u00f1o Nuevo.<\/td>\n<\/tr>\n<\/tbody>\n<\/table>\n<!-- #tablepress-47 from cache -->\n<h3><strong>Actividades y vida cultural en Florencia<\/strong><\/h3>\n<p>&nbsp;<\/p>\n<p>Aprender italiano en Florencia significa <strong>sumergirse en la cultura italiana<\/strong>. La escuela organiza dos actividades sociales y culturales por semana, todas en italiano, para practicar el idioma fuera del aula y conocer la ciudad desde dentro.<\/p>\n<p><strong>Ejemplos de actividades:<\/strong><\/p>\n<ul>\n<li>Visitas guiadas a museos y monumentos (Uffizi, Accademia, Bargello)<\/li>\n<li>Catas de vino y gastronom\u00eda toscana<\/li>\n<li>Seminarios sobre arte, historia y cultura italiana<\/li>\n<li>Excursiones por la Toscana (Pisa, Siena, Fiesole)<\/li>\n<li>Visitas a talleres artesanales y tiendas hist\u00f3ricas<\/li>\n<\/ul>\n<p>Este curso es especialmente recomendable si te apasionan el <strong>arte y la cultura<\/strong>, ya que tendr\u00e1s tiempo libre para visitar museos, asistir a cursos de arte o participar en talleres locales.<\/p>\n","protected":false},"excerpt":{"rendered":"<h2><strong>Aprende italiano en Florencia, el coraz\u00f3n art\u00edstico de Italia<\/strong><\/h2>\n<p>\u00bfQuieres estudiar italiano en una de las ciudades m\u00e1s bellas y culturales del mundo?<\/p>\n<p><strong>Florencia<\/strong>, cuna del Renacimiento y de la lengua italiana, es el lugar ideal para combinar aprendizaje, arte y estilo de vida.<\/p>\n<p>La ciudad es peque\u00f1a, segura y f\u00e1cil de recorrer a pie o en bicicleta. Est\u00e1 perfectamente conectada con <strong>Roma, Bolonia y Venecia<\/strong>, por lo que tambi\u00e9n es un punto de partida perfecto para explorar Italia.<\/p>\n<p>Con <strong>Studiainitalia<\/strong>, podr\u00e1s aprender italiano en una escuela acreditada y reconocida, disfrutando del arte, la gastronom\u00eda y el ambiente \u00fanico de la Toscana.<\/p>\n<p>&nbsp;<\/p>\n","protected":false},"featured_media":117683,"comment_status":"open","ping_status":"closed","template":"","meta":{"_acf_changed":false,"_uag_custom_page_level_css":"","_kad_blocks_custom_css":"","_kad_blocks_head_custom_js":"","_kad_blocks_body_custom_js":"","_kad_blocks_footer_custom_js":"","site-sidebar-layout":"default","site-content-layout":"default","ast-site-content-layout":"default","site-content-style":"default","site-sidebar-style":"default","ast-global-header-display":"","ast-banner-title-visibility":"","ast-main-header-display":"","ast-hfb-above-header-display":"","ast-hfb-below-header-display":"","ast-hfb-mobile-header-display":"","site-post-title":"","ast-breadcrumbs-content":"","ast-featured-img":"","footer-sml-layout":"","ast-disable-related-posts":"","theme-transparent-header-meta":"default","adv-header-id-meta":"","stick-header-meta":"default","header-above-stick-meta":"","header-main-stick-meta":"","header-below-stick-meta":"","astra-migrate-meta-layouts":"set","ast-page-background-enabled":"default","ast-page-background-meta":{"desktop":{"background-color":"var(--ast-global-color-4)","background-image":"","background-repeat":"repeat","background-position":"center center","background-size":"auto","background-attachment":"scroll","background-type":"","background-media":"","overlay-type":"","overlay-color":"","overlay-opacity":"","overlay-gradient":""},"tablet":{"background-color":"","background-image":"","background-repeat":"repeat","background-position":"center center","background-size":"auto","background-attachment":"scroll","background-type":"","background-media":"","overlay-type":"","overlay-color":"","overlay-opacity":"","overlay-gradient":""},"mobile":{"background-color":"","background-image":"","background-repeat":"repeat","background-position":"center center","background-size":"auto","background-attachment":"scroll","background-type":"","background-media":"","overlay-type":"","overlay-color":"","overlay-opacity":"","overlay-gradient":""}},"ast-content-background-meta":{"desktop":{"background-color":"var(--ast-global-color-5)","background-image":"","background-repeat":"repeat","background-position":"center center","background-size":"auto","background-attachment":"scroll","background-type":"","background-media":"","overlay-type":"","overlay-color":"","overlay-opacity":"","overlay-gradient":""},"tablet":{"background-color":"var(--ast-global-color-5)","background-image":"","background-repeat":"repeat","background-position":"center center","background-size":"auto","background-attachment":"scroll","background-type":"","background-media":"","overlay-type":"","overlay-color":"","overlay-opacity":"","overlay-gradient":""},"mobile":{"background-color":"var(--ast-global-color-5)","background-image":"","background-repeat":"repeat","background-position":"center center","background-size":"auto","background-attachment":"scroll","background-type":"","background-media":"","overlay-type":"","overlay-color":"","overlay-opacity":"","overlay-gradient":""}}},"section":[2028],"product_brand":[],"product_cat":[1254,1272],"product_tag":[1842,1847],"class_list":{"0":"post-188244","1":"product","2":"type-product","3":"status-publish","4":"has-post-thumbnail","6":"section-center","7":"product_cat-cursos-de-italiano-en-italia","8":"product_cat-cursos-en-florencia","9":"product_tag-cursos-de-italiano-en-italia","10":"product_tag-cursos-en-florencia","11":"desktop-align-left","12":"tablet-align-left","13":"mobile-align-left","14":"ast-product-gallery-layout-horizontal-slider","15":"ast-product-single-variable","16":"ast-product-tabs-layout-horizontal","17":"ast-qv-on-image-click","19":"first","20":"instock","21":"sold-individually","22":"shipping-taxable","23":"purchasable","24":"product-type-variable"},"acf":[],"taxonomy_info":{"section":[{"value":2028,"label":"Center"}],"product_cat":[{"value":1254,"label":"Cursos de italiano en Italia"},{"value":1272,"label":"Cursos en Florencia"}],"product_tag":[{"value":1842,"label":"CURSOS DE ITALIANO EN ITALIA"},{"value":1847,"label":"Cursos en Florencia"}]},"featured_image_src_large":["https:\/\/www.studiainitalia.com\/wp-content\/uploads\/2016\/10\/italian-in-florence-semi.jpg",717,706,false],"author_info":[],"comment_info":6,"uagb_featured_image_src":{"full":["https:\/\/www.studiainitalia.com\/wp-content\/uploads\/2016\/10\/italian-in-florence-semi.jpg",717,706,false],"thumbnail":["https:\/\/www.studiainitalia.com\/wp-content\/uploads\/2016\/10\/italian-in-florence-semi-150x150.jpg",96,96,true],"medium":["https:\/\/www.studiainitalia.com\/wp-content\/uploads\/2016\/10\/italian-in-florence-semi-300x295.jpg",300,295,true],"medium_large":["https:\/\/www.studiainitalia.com\/wp-content\/uploads\/2016\/10\/italian-in-florence-semi.jpg",717,706,false],"large":["https:\/\/www.studiainitalia.com\/wp-content\/uploads\/2016\/10\/italian-in-florence-semi.jpg",717,706,false],"1536x1536":["https:\/\/www.studiainitalia.com\/wp-content\/uploads\/2016\/10\/italian-in-florence-semi.jpg",717,706,false],"2048x2048":["https:\/\/www.studiainitalia.com\/wp-content\/uploads\/2016\/10\/italian-in-florence-semi.jpg",717,706,false],"ultp_layout_landscape_large":["https:\/\/www.studiainitalia.com\/wp-content\/uploads\/2016\/10\/italian-in-florence-semi.jpg",717,706,false],"ultp_layout_landscape":["https:\/\/www.studiainitalia.com\/wp-content\/uploads\/2016\/10\/italian-in-florence-semi.jpg",579,570,false],"ultp_layout_portrait":["https:\/\/www.studiainitalia.com\/wp-content\/uploads\/2016\/10\/italian-in-florence-semi.jpg",600,591,false],"ultp_layout_square":["https:\/\/www.studiainitalia.com\/wp-content\/uploads\/2016\/10\/italian-in-florence-semi.jpg",600,591,false],"gform-image-choice-sm":["https:\/\/www.studiainitalia.com\/wp-content\/uploads\/2016\/10\/italian-in-florence-semi.jpg",300,295,false],"gform-image-choice-md":["https:\/\/www.studiainitalia.com\/wp-content\/uploads\/2016\/10\/italian-in-florence-semi.jpg",400,394,false],"gform-image-choice-lg":["https:\/\/www.studiainitalia.com\/wp-content\/uploads\/2016\/10\/italian-in-florence-semi.jpg",600,591,false],"woocommerce_thumbnail":["https:\/\/www.studiainitalia.com\/wp-content\/uploads\/2016\/10\/italian-in-florence-semi-300x300.jpg",300,300,true],"woocommerce_single":["https:\/\/www.studiainitalia.com\/wp-content\/uploads\/2016\/10\/italian-in-florence-semi-400x394.jpg",400,394,true],"woocommerce_gallery_thumbnail":["https:\/\/www.studiainitalia.com\/wp-content\/uploads\/2016\/10\/italian-in-florence-semi-100x100.jpg",100,100,true],"yarpp-thumbnail":["https:\/\/www.studiainitalia.com\/wp-content\/uploads\/2016\/10\/italian-in-florence-semi.jpg",120,118,false]},"uagb_author_info":{"display_name":"Javier Diaz","author_link":"https:\/\/www.studiainitalia.com\/es\/author\/"},"uagb_comment_info":6,"uagb_excerpt":"Aprende italiano en Florencia, el coraz\u00f3n art\u00edstico de Italia \u00bfQuieres estudiar italiano en una de las ciudades m\u00e1s bellas y culturales del mundo? Florencia, cuna del Renacimiento y de la lengua italiana, es el lugar ideal para combinar aprendizaje, arte y estilo de vida. La ciudad es peque\u00f1a, segura y f\u00e1cil de recorrer a pie&hellip;","_links":{"self":[{"href":"https:\/\/www.studiainitalia.com\/es\/wp-json\/wp\/v2\/product\/188244","targetHints":{"allow":["GET"]}}],"collection":[{"href":"https:\/\/www.studiainitalia.com\/es\/wp-json\/wp\/v2\/product"}],"about":[{"href":"https:\/\/www.studiainitalia.com\/es\/wp-json\/wp\/v2\/types\/product"}],"replies":[{"embeddable":true,"href":"https:\/\/www.studiainitalia.com\/es\/wp-json\/wp\/v2\/comments?post=188244"}],"wp:featuredmedia":[{"embeddable":true,"href":"https:\/\/www.studiainitalia.com\/es\/wp-json\/wp\/v2\/media\/117683"}],"wp:attachment":[{"href":"https:\/\/www.studiainitalia.com\/es\/wp-json\/wp\/v2\/media?parent=188244"}],"wp:term":[{"taxonomy":"section","embeddable":true,"href":"https:\/\/www.studiainitalia.com\/es\/wp-json\/wp\/v2\/section?post=188244"},{"taxonomy":"product_brand","embeddable":true,"href":"https:\/\/www.studiainitalia.com\/es\/wp-json\/wp\/v2\/product_brand?post=188244"},{"taxonomy":"product_cat","embeddable":true,"href":"https:\/\/www.studiainitalia.com\/es\/wp-json\/wp\/v2\/product_cat?post=188244"},{"taxonomy":"product_tag","embeddable":true,"href":"https:\/\/www.studiainitalia.com\/es\/wp-json\/wp\/v2\/product_tag?post=188244"}],"curies":[{"name":"wp","href":"https:\/\/api.w.org\/{rel}","templated":true}]}}