{"id":188249,"date":"2016-11-01T15:57:25","date_gmt":"2016-11-01T14:57:25","guid":{"rendered":"https:\/\/www.studiainitalia.com\/courses\/sin%20categor\u00eda\/italiano-en-lucca\/"},"modified":"2026-03-25T10:36:07","modified_gmt":"2026-03-25T09:36:07","slug":"italiano-en-lucca","status":"publish","type":"product","link":"https:\/\/www.studiainitalia.com\/es\/cursos\/cursos-de-italiano-en-italia\/italiano-en-lucca\/","title":{"rendered":"Cursos de Italiano en Lucca"},"content":{"rendered":"<h2>Curso de Italiano en Lucca<\/h2>\n<p>&nbsp;<\/p>\n<p>Nuestro <b>curso de italiano en Lucca<\/b> se imparte durante todo el a\u00f1o. Cursos oficialmente avalados por la Regi\u00f3n de Toscana y la ciudad de Lucca.<\/p>\n<p>Esta acreditaci\u00f3n es tu garant\u00eda de que ofrecemos una ense\u00f1anza de alta calidad, profesores expertos y un entorno seguro y bien equipado para tus estudios en Italia.<\/p>\n<p>Creemos que un idioma es mucho m\u00e1s que un conjunto de reglas; es un puente hacia la conexi\u00f3n aut\u00e9ntica y la expresi\u00f3n personal.<\/p>\n<p>Nuestro enfoque da vida al coraz\u00f3n italiano, utilizando materiales del mundo real en el aula y fomentando conversaciones genuinas con los lugare\u00f1os en las calles de Lucca.<\/p>\n<p>Ofrecemos una exploraci\u00f3n profunda y reflexiva de la gram\u00e1tica, la sintaxis y el vocabulario, no como ejercicios \u00e1ridos, sino como claves esenciales para desbloquear la riqueza de la cultura italiana.<\/p>\n<p>Al equilibrar el aprendizaje estructurado con la pr\u00e1ctica inmersiva, nos aseguramos de que adquieras tanto la confianza para hablar como la perspicacia para comprender verdaderamente el estilo de vida italiano.<\/p>\n<p>Se ofrecen todos los niveles, desde A1 hasta C2, del Marco Com\u00fan Europeo de Referencia para las Lenguas (MCER).<\/p>\n<p>La escuela de italiano en Lucca est\u00e1 ubicada en una villa con jard\u00edn en el centro hist\u00f3rico de la ciudad.<\/p>\n<p>&nbsp;<\/p>\n<h3><strong>Estructura y m\u00e9todo de los cursos <\/strong><\/h3>\n<p>&nbsp;<\/p>\n<ul>\n<li>4 clases diarias, de lunes a viernes (20 lecciones por semana)<\/li>\n<li>Grupos reducidos<\/li>\n<li>Duraci\u00f3n flexible<\/li>\n<li>Clases de ma\u00f1ana<\/li>\n<\/ul>\n<h3><strong>Tipos de curso disponibles en Lucca<\/strong><\/h3>\n<ul>\n<li>Curso intensivo de italiano (4 clases diarias)<\/li>\n<li>Clases privadas<\/li>\n<li>Cursos combinados de <strong>lengua y cultura italiana<\/strong> (arte, historia del arte,\u00a0 cocina, \u00f3pera, paseos)<\/li>\n<\/ul>\n<h2><strong>Fechas de inicio y detalles del curso<\/strong><\/h2>\n<p>&nbsp;<\/p>\n<ul>\n<li><strong>Duraci\u00f3n de las clases<\/strong>: 50 minutos<\/li>\n<li><strong>Tama\u00f1o medio de clase<\/strong>: 9 estudiantes<\/li>\n<li><strong>Tama\u00f1o m\u00e1ximo<\/strong>: 12 estudiantes<\/li>\n<li><strong>Horario<\/strong>: Ma\u00f1ana<\/li>\n<li><strong>Material del curso<\/strong>: Incluido<\/li>\n<li><strong>Prueba de nivel y certificado final<\/strong>: Incluidos<\/li>\n<li><strong>Ubicaci\u00f3n<\/strong>: Via dei Bacchettoni 25<\/li>\n<li><strong>Otros servicios<\/strong>: acceso a Internet,\u00a0 actividades sociales, jard\u00edn<\/li>\n<\/ul>\n<p>&nbsp;<\/p>\n<table id=\"tablepress-55\" class=\"tablepress tablepress-id-55\">\n<thead>\n<tr class=\"row-1 odd\">\n<th class=\"column-1\" colspan=\"6\">Fechas de Inicio 2026<\/th>\n<\/tr>\n<\/thead>\n<tbody class=\"row-hover\">\n<tr class=\"row-2 even\">\n<td class=\"column-1\">Enero<\/td>\n<td class=\"column-2\">12, 26<\/td>\n<td class=\"column-3\">Mayo<\/td>\n<td class=\"column-4\">4, 18<\/td>\n<td class=\"column-5\">Septiembre<\/td>\n<td class=\"column-6\">14, 28<\/td>\n<\/tr>\n<tr class=\"row-3 odd\">\n<td class=\"column-1\">Febrero<\/td>\n<td class=\"column-2\">9, 23<\/td>\n<td class=\"column-3\">Junio<\/td>\n<td class=\"column-4\">8, 22<\/td>\n<td class=\"column-5\">Octobre<\/td>\n<td class=\"column-6\">12, 26<\/td>\n<\/tr>\n<tr class=\"row-4 even\">\n<td class=\"column-1\">Marzo<\/td>\n<td class=\"column-2\">9, 23<\/td>\n<td class=\"column-3\">Julio<\/td>\n<td class=\"column-4\">6,\u00a0 20<\/td>\n<td class=\"column-5\">Noviembre<\/td>\n<td class=\"column-6\">9, 23<\/td>\n<\/tr>\n<tr class=\"row-5 odd\">\n<td class=\"column-1\">Abril<\/td>\n<td class=\"column-2\">7, 20<\/td>\n<td class=\"column-3\">Agosto<\/td>\n<td class=\"column-4\">3, 17, 31<\/td>\n<td class=\"column-5\">Diciembre<\/td>\n<td class=\"column-6\">7<\/td>\n<\/tr>\n<tr class=\"row-6 even\">\n<td class=\"column-1\" colspan=\"6\">La escuela permanecer\u00e1 cerrada durante las fiestas nacionales: Epifan\u00eda (06\/01), Lunes de Pascua, D\u00eda de la Liberaci\u00f3n (25\/04), D\u00eda del Trabajo (01\/05), D\u00eda de la Republica (02\/06), Ferragosto (15\/08), Todos los Santos (01\/11), Inmaculada Concepci\u00f3n (8\/12), vacaciones de Navidad y A\u00f1o Nuevo.<\/td>\n<\/tr>\n<\/tbody>\n<\/table>\n<p>&nbsp;<\/p>\n<div class=\"aiosrs-rating-wrap\" data-schema-id=\"90691\">\n<div class=\"aiosrs-star-rating-wrap \">\n<h2><b><strong>\u00bfPor qu\u00e9 aprender italiano en Lucca ?<\/strong><\/b><\/h2>\n<p>&nbsp;<\/p>\n<p>Con una ubicaci\u00f3n perfecta, a poca distancia de las ciudades art\u00edsticas de Florencia y Pisa, Lucca sigue siendo un refugio tranquilo, una aut\u00e9ntica ciudad italiana donde la vida transcurre a un ritmo pausado y humano.<\/p>\n<p>Es el lugar ideal para estudiar el idioma; el italiano que se habla aqu\u00ed es muy claro y cercano al italiano est\u00e1ndar, lo que hace que sea un placer aprenderlo y practicarlo con los amables habitantes locales.<\/p>\n<ul>\n<li><b>Las emblem\u00e1ticas murallas:<\/b> La ciudad est\u00e1 rodeada por casi seis kil\u00f3metros de antiguas murallas bordeadas de \u00e1rboles, que ofrecen un camino llano y f\u00e1cil para dar un paseo matutino o un tranquilo recorrido en bicicleta con vistas a los tejados.<\/li>\n<li><b>Una historia viva:<\/b> Desde las ruinas romanas hasta el lugar de nacimiento del gran compositor de \u00f3pera <b>Giacomo Puccini<\/b>, la historia est\u00e1 presente en cada rinc\u00f3n.<\/li>\n<li><b>Cultura y comodidad:<\/b> Lucca es lo suficientemente peque\u00f1a como para sentirse como en casa, pero lo suficientemente grande como para ofrecer tiendas refinadas, talleres artesanales tradicionales e incre\u00edbles vinos y delicias locales.<\/li>\n<\/ul>\n<p><b>Ventajas de estudiar italiano en Lucca<\/b><\/p>\n<ul>\n<li><b>Acento claro:<\/b> Estudia en el coraz\u00f3n de la Toscana, donde el italiano local es muy claro y cercano al idioma \u00abest\u00e1ndar\u00bb, lo que te facilitar\u00e1 el aprendizaje y te har\u00e1 m\u00e1s comprensible.<\/li>\n<li><b>Inmersi\u00f3n local:<\/b> Lucca sigue siendo una aut\u00e9ntica ciudad italiana donde puedes practicar tus habilidades durante conversaciones tranquilas y significativas con los acogedores lugare\u00f1os.<\/li>\n<li><b>Un entorno relajado y seguro:<\/b> disfruta de la paz de una ciudad peatonal; las calles llanas y las impresionantes murallas bordeadas de \u00e1rboles ofrecen un escenario seguro, sereno y hermoso para tus paseos y estudios diarios.<\/li>\n<li><b>La base toscana perfecta:<\/b> enclavada entre las monta\u00f1as y el mar, Lucca es un remanso de paz que te permite explorar Florencia.<\/li>\n<\/ul>\n<h3><b><strong>Actividades y vida cultural en Lucca<\/strong><\/b><\/h3>\n<p>&nbsp;<\/p>\n<p>El calendario de Lucca est\u00e1 repleto de celebraciones que dan vida a su historia y a su comunidad, como el Lucca Comics, uno de los festivales de cultura pop m\u00e1s grandes del mundo. Tambi\u00e9n es famosa por el Festival de Verano de Lucca, que acoge a artistas de renombre mundial en las plazas hist\u00f3ricas, y por el <b>Festival Puccini<\/b>, que se celebra en la cercana Torre del Lago.<\/p>\n<\/div>\n<\/div>\n","protected":false},"excerpt":{"rendered":"<h2><strong>Lucca, una de las ciudades m\u00e1s bonitas de la Toscana!<\/strong><\/h2>\n<p>La ciudad est\u00e1 muy cerca de Florencia pero lejos del turismo de masas. Es una ciudad id\u00f3nea para peatones y ciclistas, por lo que puedes moverte con seguridad por sus calles.<\/p>\n<p>Si te gusta la m\u00fasica, no te puedes perder el Festival Puccini o el Festival de jazz en verano,\u00a0<strong><em>bajo el sol de la Toscana<\/em><\/strong>.<\/p>\n","protected":false},"featured_media":117749,"comment_status":"open","ping_status":"closed","template":"","meta":{"_acf_changed":false,"_uag_custom_page_level_css":"","_kad_blocks_custom_css":"","_kad_blocks_head_custom_js":"","_kad_blocks_body_custom_js":"","_kad_blocks_footer_custom_js":"","site-sidebar-layout":"default","site-content-layout":"default","ast-site-content-layout":"default","site-content-style":"default","site-sidebar-style":"default","ast-global-header-display":"","ast-banner-title-visibility":"","ast-main-header-display":"","ast-hfb-above-header-display":"","ast-hfb-below-header-display":"","ast-hfb-mobile-header-display":"","site-post-title":"","ast-breadcrumbs-content":"","ast-featured-img":"","footer-sml-layout":"","ast-disable-related-posts":"","theme-transparent-header-meta":"default","adv-header-id-meta":"","stick-header-meta":"default","header-above-stick-meta":"","header-main-stick-meta":"","header-below-stick-meta":"","astra-migrate-meta-layouts":"set","ast-page-background-enabled":"default","ast-page-background-meta":{"desktop":{"background-color":"var(--ast-global-color-4)","background-image":"","background-repeat":"repeat","background-position":"center center","background-size":"auto","background-attachment":"scroll","background-type":"","background-media":"","overlay-type":"","overlay-color":"","overlay-opacity":"","overlay-gradient":""},"tablet":{"background-color":"","background-image":"","background-repeat":"repeat","background-position":"center center","background-size":"auto","background-attachment":"scroll","background-type":"","background-media":"","overlay-type":"","overlay-color":"","overlay-opacity":"","overlay-gradient":""},"mobile":{"background-color":"","background-image":"","background-repeat":"repeat","background-position":"center center","background-size":"auto","background-attachment":"scroll","background-type":"","background-media":"","overlay-type":"","overlay-color":"","overlay-opacity":"","overlay-gradient":""}},"ast-content-background-meta":{"desktop":{"background-color":"var(--ast-global-color-5)","background-image":"","background-repeat":"repeat","background-position":"center center","background-size":"auto","background-attachment":"scroll","background-type":"","background-media":"","overlay-type":"","overlay-color":"","overlay-opacity":"","overlay-gradient":""},"tablet":{"background-color":"var(--ast-global-color-5)","background-image":"","background-repeat":"repeat","background-position":"center center","background-size":"auto","background-attachment":"scroll","background-type":"","background-media":"","overlay-type":"","overlay-color":"","overlay-opacity":"","overlay-gradient":""},"mobile":{"background-color":"var(--ast-global-color-5)","background-image":"","background-repeat":"repeat","background-position":"center center","background-size":"auto","background-attachment":"scroll","background-type":"","background-media":"","overlay-type":"","overlay-color":"","overlay-opacity":"","overlay-gradient":""}}},"section":[2028],"product_brand":[],"product_cat":[1254,1295],"product_tag":[1842],"class_list":{"0":"post-188249","1":"product","2":"type-product","3":"status-publish","4":"has-post-thumbnail","6":"section-center","7":"product_cat-cursos-de-italiano-en-italia","8":"product_cat-cursos-en-lucca","9":"product_tag-cursos-de-italiano-en-italia","10":"desktop-align-left","11":"tablet-align-left","12":"mobile-align-left","13":"ast-product-gallery-layout-horizontal-slider","14":"ast-product-single-variable","15":"ast-product-tabs-layout-horizontal","16":"ast-qv-on-image-click","18":"first","19":"instock","20":"sold-individually","21":"shipping-taxable","22":"purchasable","23":"product-type-variable","24":"has-default-attributes"},"acf":[],"taxonomy_info":{"section":[{"value":2028,"label":"Center"}],"product_cat":[{"value":1254,"label":"Cursos de italiano en Italia"},{"value":1295,"label":"Cursos en Lucca"}],"product_tag":[{"value":1842,"label":"CURSOS DE ITALIANO EN ITALIA"}]},"featured_image_src_large":["https:\/\/www.studiainitalia.com\/wp-content\/uploads\/2016\/11\/italian-in-lucca-1-e1490099174871.jpg",300,301,false],"author_info":[],"comment_info":12,"uagb_featured_image_src":{"full":["https:\/\/www.studiainitalia.com\/wp-content\/uploads\/2016\/11\/italian-in-lucca-1-e1490099174871.jpg",300,301,false],"thumbnail":["https:\/\/www.studiainitalia.com\/wp-content\/uploads\/2016\/11\/italian-in-lucca-1-150x150.jpg",96,96,true],"medium":["https:\/\/www.studiainitalia.com\/wp-content\/uploads\/2016\/11\/italian-in-lucca-1-300x300.jpg",300,300,true],"medium_large":["https:\/\/www.studiainitalia.com\/wp-content\/uploads\/2016\/11\/italian-in-lucca-1-e1490099174871.jpg",300,301,false],"large":["https:\/\/www.studiainitalia.com\/wp-content\/uploads\/2016\/11\/italian-in-lucca-1-e1490099174871.jpg",300,301,false],"1536x1536":["https:\/\/www.studiainitalia.com\/wp-content\/uploads\/2016\/11\/italian-in-lucca-1-e1490099174871.jpg",300,301,false],"2048x2048":["https:\/\/www.studiainitalia.com\/wp-content\/uploads\/2016\/11\/italian-in-lucca-1-e1490099174871.jpg",300,301,false],"ultp_layout_landscape_large":["https:\/\/www.studiainitalia.com\/wp-content\/uploads\/2016\/11\/italian-in-lucca-1-e1490099174871.jpg",300,301,false],"ultp_layout_landscape":["https:\/\/www.studiainitalia.com\/wp-content\/uploads\/2016\/11\/italian-in-lucca-1-e1490099174871.jpg",300,301,false],"ultp_layout_portrait":["https:\/\/www.studiainitalia.com\/wp-content\/uploads\/2016\/11\/italian-in-lucca-1-e1490099174871.jpg",300,301,false],"ultp_layout_square":["https:\/\/www.studiainitalia.com\/wp-content\/uploads\/2016\/11\/italian-in-lucca-1-e1490099174871.jpg",300,301,false],"gform-image-choice-sm":["https:\/\/www.studiainitalia.com\/wp-content\/uploads\/2016\/11\/italian-in-lucca-1-e1490099174871.jpg",299,300,false],"gform-image-choice-md":["https:\/\/www.studiainitalia.com\/wp-content\/uploads\/2016\/11\/italian-in-lucca-1-e1490099174871.jpg",300,301,false],"gform-image-choice-lg":["https:\/\/www.studiainitalia.com\/wp-content\/uploads\/2016\/11\/italian-in-lucca-1-e1490099174871.jpg",300,301,false],"woocommerce_thumbnail":["https:\/\/www.studiainitalia.com\/wp-content\/uploads\/2016\/11\/italian-in-lucca-1-e1490099174871-300x300.jpg",300,300,true],"woocommerce_single":["https:\/\/www.studiainitalia.com\/wp-content\/uploads\/2016\/11\/italian-in-lucca-1-e1490099174871.jpg",300,301,false],"woocommerce_gallery_thumbnail":["https:\/\/www.studiainitalia.com\/wp-content\/uploads\/2016\/11\/italian-in-lucca-1-e1490099174871-100x100.jpg",100,100,true],"yarpp-thumbnail":["https:\/\/www.studiainitalia.com\/wp-content\/uploads\/2016\/11\/italian-in-lucca-1-e1490099174871.jpg",120,120,false]},"uagb_author_info":{"display_name":"Javier Diaz","author_link":"https:\/\/www.studiainitalia.com\/es\/author\/"},"uagb_comment_info":12,"uagb_excerpt":"Lucca, una de las ciudades m\u00e1s bonitas de la Toscana! La ciudad est\u00e1 muy cerca de Florencia pero lejos del turismo de masas. Es una ciudad id\u00f3nea para peatones y ciclistas, por lo que puedes moverte con seguridad por sus calles. Si te gusta la m\u00fasica, no te puedes perder el Festival Puccini o el&hellip;","_links":{"self":[{"href":"https:\/\/www.studiainitalia.com\/es\/wp-json\/wp\/v2\/product\/188249","targetHints":{"allow":["GET"]}}],"collection":[{"href":"https:\/\/www.studiainitalia.com\/es\/wp-json\/wp\/v2\/product"}],"about":[{"href":"https:\/\/www.studiainitalia.com\/es\/wp-json\/wp\/v2\/types\/product"}],"replies":[{"embeddable":true,"href":"https:\/\/www.studiainitalia.com\/es\/wp-json\/wp\/v2\/comments?post=188249"}],"wp:featuredmedia":[{"embeddable":true,"href":"https:\/\/www.studiainitalia.com\/es\/wp-json\/wp\/v2\/media\/117749"}],"wp:attachment":[{"href":"https:\/\/www.studiainitalia.com\/es\/wp-json\/wp\/v2\/media?parent=188249"}],"wp:term":[{"taxonomy":"section","embeddable":true,"href":"https:\/\/www.studiainitalia.com\/es\/wp-json\/wp\/v2\/section?post=188249"},{"taxonomy":"product_brand","embeddable":true,"href":"https:\/\/www.studiainitalia.com\/es\/wp-json\/wp\/v2\/product_brand?post=188249"},{"taxonomy":"product_cat","embeddable":true,"href":"https:\/\/www.studiainitalia.com\/es\/wp-json\/wp\/v2\/product_cat?post=188249"},{"taxonomy":"product_tag","embeddable":true,"href":"https:\/\/www.studiainitalia.com\/es\/wp-json\/wp\/v2\/product_tag?post=188249"}],"curies":[{"name":"wp","href":"https:\/\/api.w.org\/{rel}","templated":true}]}}