{"id":188250,"date":"2016-11-06T19:58:49","date_gmt":"2016-11-06T18:58:49","guid":{"rendered":"https:\/\/www.studiainitalia.com\/courses\/sin%20categor\u00eda\/italiano-en-venice\/"},"modified":"2026-04-19T01:37:18","modified_gmt":"2026-04-18T23:37:18","slug":"italiano-en-venecia","status":"publish","type":"product","link":"https:\/\/www.studiainitalia.com\/es\/cursos\/cursos-de-italiano-en-italia\/italiano-en-venecia\/","title":{"rendered":"Cursos de Italiano en Venecia"},"content":{"rendered":"<h2>Curso de Italiano en Venecia<\/h2>\n<p>Nuestro <b>curso de italiano<\/b> en Venecia se imparte durante todo el a\u00f1o. Nuestra escuela, el Istituto Venezia, est\u00e1 reconocida oficialmente por el Ministerio de Educaci\u00f3n italiano.<\/p>\n<p>La escuela est\u00e1 situada en el centro hist\u00f3rico de Venecia, en un edificio hist\u00f3rico con una amplia terraza en una de las plazas m\u00e1s bonitas de la ciudad.<\/p>\n<p>Los profesores se actualizan continuamente con seminarios especiales y programas de formaci\u00f3n docente. Son profesionales que ense\u00f1an italiano como lengua extranjera. La metodolog\u00eda docente se centra en un enfoque totalmente comunicativo. Su objetivo es desarrollar las habilidades de comunicaci\u00f3n oral y escrita. Por lo tanto, si deseas estudiar italiano en Venecia, te garantizamos una de las mejores escuelas.<\/p>\n<p>El curso intensivo de italiano en Venecia incluye <b>20 lecciones por semana<\/b>, de lunes a viernes, y est\u00e1 disponible para <b>todos los niveles<\/b>, desde principiante hasta avanzado. Puedes estudiar desde <b>1 semana en adelante<\/b>, con la posibilidad de programas m\u00e1s largos.<\/p>\n<p>Antes de que comiencen las clases, los estudiantes realizan una <b>prueba de nivel<\/b> para asegurarse de que se les asigna el nivel adecuado desde el primer d\u00eda.<\/p>\n<p>Las clases son reducidas, lo que favorece un progreso constante y una atenci\u00f3n individualizada.<\/p>\n<h3><b>Estructura del curso<\/b><\/h3>\n<p>&nbsp;<\/p>\n<ul>\n<li>20 lecciones por semana<\/li>\n<li>De lunes a viernes<\/li>\n<li>Lecciones por la ma\u00f1ana<\/li>\n<li>Duraci\u00f3n flexible: desde 1 semana hasta estancias m\u00e1s largas<\/li>\n<li>Prueba de nivel y certificado final disponibles<\/li>\n<li>El aprendizaje del idioma se centra en la comunicaci\u00f3n real, al tiempo que se desarrollan tanto<\/li>\n<\/ul>\n<h3><strong>Otros tipos de cursos disponibles en Venecia<\/strong><\/h3>\n<p>Dependiendo de la disponibilidad, los estudiantes tambi\u00e9n pueden:<\/p>\n<ul>\n<li>clases particulares<\/li>\n<li>Cursos de larga duraci\u00f3n<\/li>\n<li>Cursos de preparaci\u00f3n para ex\u00e1menes<\/li>\n<li>Cursos superintensivos.<\/li>\n<li>Cursos de<a href=\"https:\/\/www.studiainitalia.com\/es\/cursos\/cursos-en-venecia\/curso-de-historia-del-arte-en-venecia\/\"> historia del arte veneciano<\/a><\/li>\n<\/ul>\n<p>La escuela tambi\u00e9n ofrece, en colaboraci\u00f3n con las escuelas de <b>Florencia, Roma y Mil\u00e1n<\/b>, la posibilidad de realizar el curso en dos o m\u00e1s ciudades.<\/p>\n<h2><b>Fechas de inicio y detalles del curso<\/b><\/h2>\n<p>&nbsp;<\/p>\n<ul>\n<li><b>Duraci\u00f3n de las clases<\/b>: 45 minutos<\/li>\n<li><b>Tama\u00f1o medio de las clases<\/b>: 9 alumnos<\/li>\n<li><b>Tama\u00f1o m\u00e1ximo de las clases<\/b>: 12 alumnos<\/li>\n<li><b>Horario<\/b>: Ma\u00f1ana<\/li>\n<li><b>Materiales del curso<\/b>: Incluidos<\/li>\n<li><b>Prueba de nivel y certificado final<\/b>: Incluidos<\/li>\n<li><b>Ubicaci\u00f3n<\/b>: Campo Santa Margherita Dorsoduro<\/li>\n<li><b>Otros servicios<\/b>: Acceso a Internet, biblioteca, actividades sociales.<\/li>\n<\/ul>\n<table id=\"tablepress-70\" class=\"tablepress tablepress-id-70\">\n<thead>\n<tr class=\"row-1 odd\">\n<th class=\"column-1\" colspan=\"6\">Fechas de Inicio 2026<\/th>\n<\/tr>\n<\/thead>\n<tbody class=\"row-hover\">\n<tr class=\"row-2 even\">\n<td class=\"column-1\">Enero<\/td>\n<td class=\"column-2\">5<\/td>\n<td class=\"column-3\">Mayo<\/td>\n<td class=\"column-4\">25<\/td>\n<td class=\"column-5\">Septiembre<\/td>\n<td class=\"column-6\">14<\/td>\n<\/tr>\n<tr class=\"row-3 odd\">\n<td class=\"column-1\">Febrero<\/td>\n<td class=\"column-2\">2<\/td>\n<td class=\"column-3\">Junio<\/td>\n<td class=\"column-4\">22<\/td>\n<td class=\"column-5\">Octobre<\/td>\n<td class=\"column-6\">12<\/td>\n<\/tr>\n<tr class=\"row-4 even\">\n<td class=\"column-1\">Marzo<\/td>\n<td class=\"column-2\">2, 30<\/td>\n<td class=\"column-3\">Julio<\/td>\n<td class=\"column-4\">20<\/td>\n<td class=\"column-5\">Noviembre<\/td>\n<td class=\"column-6\">9<\/td>\n<\/tr>\n<tr class=\"row-5 odd\">\n<td class=\"column-1\">Abril<\/td>\n<td class=\"column-2\">27<\/td>\n<td class=\"column-3\">Agosto<\/td>\n<td class=\"column-4\">17<\/td>\n<td class=\"column-5\">Diciembre<\/td>\n<td class=\"column-6\">7<\/td>\n<\/tr>\n<tr class=\"row-6 even\">\n<td class=\"column-1\" colspan=\"6\">Los estudiantes no principiantes pueden empezar el curso cada lunes bajo previa solicitud.<br \/>\nLa escuela permanecer\u00e1 cerrada durante las fiestas nacionales: Epifan\u00eda (06\/01), Lunes de Pascua, D\u00eda de la Liberaci\u00f3n (25\/04), D\u00eda del Trabajo (01\/05), D\u00eda de la Republica (02\/06), Ferragosto (15\/08), Todos los Santos (01\/11), Inmaculada Concepci\u00f3n (8\/12), vacaciones de Navidad y A\u00f1o Nuevo.<\/td>\n<\/tr>\n<\/tbody>\n<\/table>\n<div class=\"aiosrs-rating-wrap\" data-schema-id=\"90691\">\n<div>\n<h2><b>\u00bfPor qu\u00e9 estudiar italiano en Venecia?<\/b><\/h2>\n<p>&nbsp;<\/p>\n<p>Venecia es un lugar especialmente gratificante para aprender italiano porque la ciudad fomenta un ritmo diferente. Te mueves por las mismas calles y plazas cada d\u00eda, vuelves a los mismos lugares y, poco a poco, te sientes m\u00e1s como en casa. Esta rutina hace que sea m\u00e1s f\u00e1cil practicar el italiano de forma natural y constante.<\/p>\n<p>Venecia tambi\u00e9n ofrece una fuerte dimensi\u00f3n cultural. Muchos estudiantes eligen la ciudad porque es inspiradora y est\u00e1 profundamente conectada con el arte, la historia y la tradici\u00f3n. Aprender italiano aqu\u00ed a menudo se siente como aprender a trav\u00e9s de la propia ciudad.<\/p>\n<p><strong>Ventajas de aprender italiano en Venecia<\/strong><\/p>\n<ul>\n<li><b>Para\u00edso peatonal:<\/b> \u00a1Sin coches ni motos!<\/li>\n<li><b>La cultura del \u00abbacaro\u00bb:<\/b> La vida social gira en torno a los peque\u00f1os bares de vinos (<i>bacari<\/i>). Es el entorno perfecto y sin presiones para practicar el italiano conversacional mientras disfrutas de los <i>cicchetti<\/i> (tapas venecianas).<\/li>\n<li><b>Inmersi\u00f3n en la historia del arte:<\/b> no solo lees sobre arte, sino que vives en \u00e9l.<\/li>\n<li><b>Eventos de talla mundial:<\/b> puedes practicar tus habilidades ling\u00fc\u00edsticas avanzadas mientras asistes a eventos culturales de alto nivel como la <b>Bienal de Venecia<\/b>, el <b>Festival de Cine<\/b> o el <b>Carnaval<\/b>.<\/li>\n<\/ul>\n<h3><b>Actividades culturales y vida en Venecia<\/b><\/h3>\n<p>&nbsp;<\/p>\n<p>Los estudiantes pueden participar en un programa de actividades sociales y culturales dise\u00f1ado para ayudarles a experimentar Venecia de una manera m\u00e1s local y seguir practicando italiano despu\u00e9s de clase.<\/p>\n<p>Las actividades pueden incluir:<\/p>\n<ul>\n<li>paseos guiados y visitas por Venecia<\/li>\n<li>seminarios culturales (por ejemplo, arte, cine, m\u00fasica y tradiciones locales)<\/li>\n<li>encuentros sociales y actividades en grupo organizadas por la escuela<\/li>\n<li>excursiones a destinos cercanos como <b>Padua, Treviso, Verona y Ferrara<\/b><\/li>\n<\/ul>\n<p>La escuela organiza diferentes actividades sociales para descubrir la ciudad de Venecia. Tambi\u00e9n visitar\u00e1s algunas de las ciudades m\u00e1s interesantes cercanas a Venecia: Padua, Treviso, Verona, Ferrara. Disfrutar\u00e1s del hermoso paisaje que rodea Venecia.<\/p>\n<\/div>\n<div class=\"aiosrs-star-rating-wrap \"><strong>Descubre Venecia como veneciano, no como turista<\/strong><\/div>\n<\/div>\n","protected":false},"excerpt":{"rendered":"<p>&nbsp;<\/p>\n<h2><b>Aprende italiano en Venecia y descubre la ciudad m\u00e1s all\u00e1 de la postal<\/b><\/h2>\n<p>Venecia es mucho m\u00e1s que sus monumentos. Vivir y estudiar aqu\u00ed te da la oportunidad de ralentizar el ritmo, crear una rutina diaria y descubrir la ciudad de una forma m\u00e1s local y significativa: a pie, en las cafeter\u00edas del barrio y a trav\u00e9s de las conversaciones cotidianas.<\/p>\n<p>Con <b>StudiainItalia<\/b>, puedes estudiar italiano en Venecia en una escuela local cuidadosamente seleccionada, con profesores nativos cualificados, grupos reducidos y un enfoque comunicativo centrado en el uso pr\u00e1ctico del idioma.<\/p>\n<p>El objetivo es sencillo: ayudarte a sentirte seguro al utilizar el italiano en situaciones reales mientras disfrutas de una aut\u00e9ntica experiencia cultural.<\/p>\n<p><strong>\u00bfQuieres saborear las emociones que solo Venecia puede dar?<\/strong><\/p>\n","protected":false},"featured_media":197731,"comment_status":"open","ping_status":"closed","template":"","meta":{"_acf_changed":false,"_uag_custom_page_level_css":"","_kad_blocks_custom_css":"","_kad_blocks_head_custom_js":"","_kad_blocks_body_custom_js":"","_kad_blocks_footer_custom_js":"","site-sidebar-layout":"default","site-content-layout":"default","ast-site-content-layout":"default","site-content-style":"default","site-sidebar-style":"default","ast-global-header-display":"","ast-banner-title-visibility":"","ast-main-header-display":"","ast-hfb-above-header-display":"","ast-hfb-below-header-display":"","ast-hfb-mobile-header-display":"","site-post-title":"","ast-breadcrumbs-content":"","ast-featured-img":"","footer-sml-layout":"","ast-disable-related-posts":"","theme-transparent-header-meta":"default","adv-header-id-meta":"","stick-header-meta":"default","header-above-stick-meta":"","header-main-stick-meta":"","header-below-stick-meta":"","astra-migrate-meta-layouts":"set","ast-page-background-enabled":"default","ast-page-background-meta":{"desktop":{"background-color":"var(--ast-global-color-4)","background-image":"","background-repeat":"repeat","background-position":"center center","background-size":"auto","background-attachment":"scroll","background-type":"","background-media":"","overlay-type":"","overlay-color":"","overlay-opacity":"","overlay-gradient":""},"tablet":{"background-color":"","background-image":"","background-repeat":"repeat","background-position":"center center","background-size":"auto","background-attachment":"scroll","background-type":"","background-media":"","overlay-type":"","overlay-color":"","overlay-opacity":"","overlay-gradient":""},"mobile":{"background-color":"","background-image":"","background-repeat":"repeat","background-position":"center center","background-size":"auto","background-attachment":"scroll","background-type":"","background-media":"","overlay-type":"","overlay-color":"","overlay-opacity":"","overlay-gradient":""}},"ast-content-background-meta":{"desktop":{"background-color":"var(--ast-global-color-5)","background-image":"","background-repeat":"repeat","background-position":"center center","background-size":"auto","background-attachment":"scroll","background-type":"","background-media":"","overlay-type":"","overlay-color":"","overlay-opacity":"","overlay-gradient":""},"tablet":{"background-color":"var(--ast-global-color-5)","background-image":"","background-repeat":"repeat","background-position":"center center","background-size":"auto","background-attachment":"scroll","background-type":"","background-media":"","overlay-type":"","overlay-color":"","overlay-opacity":"","overlay-gradient":""},"mobile":{"background-color":"var(--ast-global-color-5)","background-image":"","background-repeat":"repeat","background-position":"center center","background-size":"auto","background-attachment":"scroll","background-type":"","background-media":"","overlay-type":"","overlay-color":"","overlay-opacity":"","overlay-gradient":""}}},"section":[2027],"product_brand":[],"product_cat":[1254,1296],"product_tag":[1842],"class_list":{"0":"post-188250","1":"product","2":"type-product","3":"status-publish","4":"has-post-thumbnail","6":"section-north","7":"product_cat-cursos-de-italiano-en-italia","8":"product_cat-cursos-en-venecia","9":"product_tag-cursos-de-italiano-en-italia","10":"desktop-align-left","11":"tablet-align-left","12":"mobile-align-left","13":"ast-product-gallery-layout-horizontal-slider","14":"ast-product-single-variable","15":"ast-product-tabs-layout-horizontal","16":"ast-qv-on-image-click","18":"first","19":"instock","20":"sold-individually","21":"shipping-taxable","22":"purchasable","23":"product-type-variable","24":"has-default-attributes"},"acf":[],"taxonomy_info":{"section":[{"value":2027,"label":"North"}],"product_cat":[{"value":1254,"label":"Cursos de italiano en Italia"},{"value":1296,"label":"Cursos en Venecia"}],"product_tag":[{"value":1842,"label":"CURSOS DE ITALIANO EN ITALIA"}]},"featured_image_src_large":["https:\/\/www.studiainitalia.com\/wp-content\/uploads\/2024\/03\/VENEZIA.jpg",1024,814,false],"author_info":[],"comment_info":12,"uagb_featured_image_src":{"full":["https:\/\/www.studiainitalia.com\/wp-content\/uploads\/2024\/03\/VENEZIA.jpg",1024,814,false],"thumbnail":["https:\/\/www.studiainitalia.com\/wp-content\/uploads\/2024\/03\/VENEZIA.jpg",121,96,false],"medium":["https:\/\/www.studiainitalia.com\/wp-content\/uploads\/2024\/03\/VENEZIA.jpg",1024,814,false],"medium_large":["https:\/\/www.studiainitalia.com\/wp-content\/uploads\/2024\/03\/VENEZIA-768x611.jpg",768,611,true],"large":["https:\/\/www.studiainitalia.com\/wp-content\/uploads\/2024\/03\/VENEZIA.jpg",1024,814,false],"1536x1536":["https:\/\/www.studiainitalia.com\/wp-content\/uploads\/2024\/03\/VENEZIA.jpg",1024,814,false],"2048x2048":["https:\/\/www.studiainitalia.com\/wp-content\/uploads\/2024\/03\/VENEZIA.jpg",1024,814,false],"ultp_layout_landscape_large":["https:\/\/www.studiainitalia.com\/wp-content\/uploads\/2024\/03\/VENEZIA-1024x800.jpg",1024,800,true],"ultp_layout_landscape":["https:\/\/www.studiainitalia.com\/wp-content\/uploads\/2024\/03\/VENEZIA-870x570.jpg",870,570,true],"ultp_layout_portrait":["https:\/\/www.studiainitalia.com\/wp-content\/uploads\/2024\/03\/VENEZIA-600x814.jpg",600,814,true],"ultp_layout_square":["https:\/\/www.studiainitalia.com\/wp-content\/uploads\/2024\/03\/VENEZIA-600x600.jpg",600,600,true],"gform-image-choice-sm":["https:\/\/www.studiainitalia.com\/wp-content\/uploads\/2024\/03\/VENEZIA.jpg",300,238,false],"gform-image-choice-md":["https:\/\/www.studiainitalia.com\/wp-content\/uploads\/2024\/03\/VENEZIA.jpg",400,318,false],"gform-image-choice-lg":["https:\/\/www.studiainitalia.com\/wp-content\/uploads\/2024\/03\/VENEZIA.jpg",600,477,false],"woocommerce_thumbnail":["https:\/\/www.studiainitalia.com\/wp-content\/uploads\/2024\/03\/VENEZIA-300x300.jpg",300,300,true],"woocommerce_single":["https:\/\/www.studiainitalia.com\/wp-content\/uploads\/2024\/03\/VENEZIA-400x318.jpg",400,318,true],"woocommerce_gallery_thumbnail":["https:\/\/www.studiainitalia.com\/wp-content\/uploads\/2024\/03\/VENEZIA-100x100.jpg",100,100,true],"yarpp-thumbnail":["https:\/\/www.studiainitalia.com\/wp-content\/uploads\/2024\/03\/VENEZIA-120x120.jpg",120,120,true]},"uagb_author_info":{"display_name":"Javier Diaz","author_link":"https:\/\/www.studiainitalia.com\/es\/author\/"},"uagb_comment_info":12,"uagb_excerpt":"&nbsp; Aprende italiano en Venecia y descubre la ciudad m\u00e1s all\u00e1 de la postal Venecia es mucho m\u00e1s que sus monumentos. Vivir y estudiar aqu\u00ed te da la oportunidad de ralentizar el ritmo, crear una rutina diaria y descubrir la ciudad de una forma m\u00e1s local y significativa: a pie, en las cafeter\u00edas del barrio&hellip;","_links":{"self":[{"href":"https:\/\/www.studiainitalia.com\/es\/wp-json\/wp\/v2\/product\/188250","targetHints":{"allow":["GET"]}}],"collection":[{"href":"https:\/\/www.studiainitalia.com\/es\/wp-json\/wp\/v2\/product"}],"about":[{"href":"https:\/\/www.studiainitalia.com\/es\/wp-json\/wp\/v2\/types\/product"}],"replies":[{"embeddable":true,"href":"https:\/\/www.studiainitalia.com\/es\/wp-json\/wp\/v2\/comments?post=188250"}],"wp:featuredmedia":[{"embeddable":true,"href":"https:\/\/www.studiainitalia.com\/es\/wp-json\/wp\/v2\/media\/197731"}],"wp:attachment":[{"href":"https:\/\/www.studiainitalia.com\/es\/wp-json\/wp\/v2\/media?parent=188250"}],"wp:term":[{"taxonomy":"section","embeddable":true,"href":"https:\/\/www.studiainitalia.com\/es\/wp-json\/wp\/v2\/section?post=188250"},{"taxonomy":"product_brand","embeddable":true,"href":"https:\/\/www.studiainitalia.com\/es\/wp-json\/wp\/v2\/product_brand?post=188250"},{"taxonomy":"product_cat","embeddable":true,"href":"https:\/\/www.studiainitalia.com\/es\/wp-json\/wp\/v2\/product_cat?post=188250"},{"taxonomy":"product_tag","embeddable":true,"href":"https:\/\/www.studiainitalia.com\/es\/wp-json\/wp\/v2\/product_tag?post=188250"}],"curies":[{"name":"wp","href":"https:\/\/api.w.org\/{rel}","templated":true}]}}