{"id":188255,"date":"2016-11-06T12:28:52","date_gmt":"2016-11-06T11:28:52","guid":{"rendered":"https:\/\/www.studiainitalia.com\/courses\/sin%20categor\u00eda\/italiano-en-modena\/"},"modified":"2026-03-25T10:34:20","modified_gmt":"2026-03-25T09:34:20","slug":"italiano-en-modena","status":"publish","type":"product","link":"https:\/\/www.studiainitalia.com\/es\/cursos\/cursos-de-italiano-en-italia\/italiano-en-modena\/","title":{"rendered":"Cursos de Italiano en M\u00f3dena"},"content":{"rendered":"<h2>Cursos de italiano en M\u00f3dena<\/h2>\n<p>&nbsp;<\/p>\n<p>El curso de italiano en M\u00f3dena es organizado por Romanica<strong>, escuela reconocida oficialmente por el Ministerio de Educaci\u00f3n Italiano<\/strong><\/p>\n<p>Los <strong>cursos de italiano en <\/strong>comienzan cada dos semanas durante todo el a\u00f1o y est\u00e1n abiertos a todos los niveles, desde principiante absoluto hasta avanzado.<br \/>\nPuedes realizar cursos de una semana hasta un a\u00f1o completo, seg\u00fan tus necesidades y objetivos.<\/p>\n<p>M\u00f3dena es el lugar ideal para estudiar italiano y la cultura italiana. Es una ciudad de tama\u00f1o medio, muy segura y bien comunicada con Bolonia, Venecia y Florencia.<\/p>\n<p>Nuestra escuela asociada en M\u00f3dena es Romanica<b>. <\/b>La escuela est\u00e1 situada en un edificio hist\u00f3rico en el centro de M\u00f3dena y ofrece cursos a estudiantes de diferentes edades y nacionalidades.<\/p>\n<p>Nuestros cursos de italiano utilizan m\u00e9todos de ense\u00f1anza europeos de eficacia probada, dise\u00f1ados para que puedas comunicarte con confianza y naturalidad.<\/p>\n<p>La escuela utiliza materiales constantemente actualizados, desde juegos de rol y m\u00fasica hasta literatura y v\u00eddeos, para mantener viva tu curiosidad.<\/p>\n<p>Las clases se imparten \u00fanicamente en italiano. Este m\u00e9todo te animar\u00e1 a desarrollar tus habilidades comunicativas. El contacto entre t\u00fa y tus profesores te ayudar\u00e1 a mejorar tu pronunciaci\u00f3n, vocabulario y gram\u00e1tica.<\/p>\n<p>Se ofrecen todos los niveles, desde A1 hasta C2, del Marco Com\u00fan Europeo de Referencia para las Lenguas (MCER).<\/p>\n<h3><strong>Estructura y m\u00e9todo de los cursos\u00a0<\/strong><\/h3>\n<p>&nbsp;<\/p>\n<ul>\n<li>4 clases diarias, de lunes a viernes (20 lecciones por semana)<\/li>\n<li>Grupos reducidos: entre 6 y 12 estudiantes (media: 8\u201310)<\/li>\n<li>9 niveles disponibles, desde principiante absoluto hasta avanzado<\/li>\n<li>Duraci\u00f3n flexible: de 1 semana hasta programas largos de 48 semanas<\/li>\n<li>Clases de ma\u00f1ana<\/li>\n<li>Certificado final con el nivel alcanzado<\/li>\n<\/ul>\n<p>El m\u00e9todo de ense\u00f1anza es <strong>comunicativo y directo<\/strong>, centrado en la participaci\u00f3n activa.<br \/>\nLa primera parte de las clases se dedica a <strong>gram\u00e1tica y vocabulario<\/strong>, y la segunda a <strong>conversaci\u00f3n, comprensi\u00f3n y expresi\u00f3n oral<\/strong>.<\/p>\n<p>Los profesores utilizan <strong>material propio<\/strong>, juegos, pel\u00edculas, v\u00eddeos y art\u00edculos de prensa para que el aprendizaje sea din\u00e1mico y divertido.<br \/>\nEl objetivo es que hables italiano desde el primer d\u00eda, sin miedo a equivocarte.<\/p>\n<h3><strong>Tipos de curso de italiano disponibles en M\u00f3dena<\/strong><\/h3>\n<p>&nbsp;<\/p>\n<ul>\n<li>Curso intensivo de italiano (4 clases diarias)<\/li>\n<li>Curso semi-intensivo (2 clases diarias)<\/li>\n<li>Cursos de larga duraci\u00f3n<\/li>\n<li>Clases privadas<\/li>\n<li>Cursos de preparaci\u00f3n a ex\u00e1menes CILS<\/li>\n<li>Cursos combinados de <strong>lengua y cultura italiana<\/strong> (historia del arte,cocina, \u00f3pera)<\/li>\n<\/ul>\n<h2><strong>Fechas de inicio y detalles del curso\u00a0\u00a0<\/strong><\/h2>\n<p>&nbsp;<\/p>\n<ul>\n<li><strong>Duraci\u00f3n de las clases<\/strong>: 50 minutos<\/li>\n<li><strong>Tama\u00f1o medio de clase<\/strong>: 9 estudiantes<\/li>\n<li><strong>Tama\u00f1o m\u00e1ximo<\/strong>: 12 estudiantes<\/li>\n<li><strong>Horario<\/strong>: Ma\u00f1ana<\/li>\n<li><strong>Material del curso<\/strong>: Incluido<\/li>\n<li><strong>Prueba de nivel y certificado final<\/strong>: Incluidos<\/li>\n<li><strong>Ubicaci\u00f3n<\/strong>: Via Castel Maraldo 45<\/li>\n<li><strong>Otros servicios<\/strong>: acceso a Internet,\u00a0 actividades sociales, y traslado desde el aeropuerto disponible<\/li>\n<\/ul>\n<p>&nbsp;<\/p>\n\n<table id=\"tablepress-57\" class=\"tablepress tablepress-id-57 tbody-has-connected-cells\">\n<thead>\n<tr class=\"row-1\">\n\t<th colspan=\"6\" class=\"column-1\">Fechas de Inicio 2026<\/th>\n<\/tr>\n<\/thead>\n<tbody class=\"row-striping row-hover\">\n<tr class=\"row-2\">\n\t<td class=\"column-1\">Enero<\/td><td class=\"column-2\">5, 19<\/td><td class=\"column-3\">Mayo<\/td><td class=\"column-4\">11, 25<\/td><td class=\"column-5\">Septiembre<\/td><td class=\"column-6\">14, 28<\/td>\n<\/tr>\n<tr class=\"row-3\">\n\t<td class=\"column-1\">Febrero<\/td><td class=\"column-2\">2, 16<\/td><td class=\"column-3\">Junio<\/td><td class=\"column-4\">8, 22<\/td><td class=\"column-5\">Octobre<\/td><td class=\"column-6\">12, 26<\/td>\n<\/tr>\n<tr class=\"row-4\">\n\t<td class=\"column-1\">Marzo<\/td><td class=\"column-2\">2, 16, 30<\/td><td class=\"column-3\">Julio<\/td><td class=\"column-4\">6, 20<\/td><td class=\"column-5\">Noviembre<\/td><td class=\"column-6\">9, 23<\/td>\n<\/tr>\n<tr class=\"row-5\">\n\t<td class=\"column-1\">Abril<\/td><td class=\"column-2\">13, 27<\/td><td class=\"column-3\">Agosto<\/td><td class=\"column-4\">3, 17, 31<\/td><td class=\"column-5\">Diciembre<\/td><td class=\"column-6\">7<\/td>\n<\/tr>\n<tr class=\"row-6\">\n\t<td colspan=\"6\" class=\"column-1\">La escuela permanecer\u00e1 cerrada durante las fiestas nacionales: Epifan\u00eda (06\/01), Lunes de Pascua, D\u00eda de la Liberaci\u00f3n (25\/04), D\u00eda del Trabajo (01\/05), D\u00eda de la Republica (02\/06), Ferragosto (15\/08), Todos los Santos (01\/11), Inmaculada Concepci\u00f3n (8\/12), vacaciones de Navidad y A\u00f1o Nuevo.<\/td>\n<\/tr>\n<\/tbody>\n<\/table>\n<!-- #tablepress-57 from cache -->\n<h3><strong>Actividades y vida cultural en M\u00f3dena\u00a0<\/strong><\/h3>\n<p>&nbsp;<\/p>\n<p>La escuela organiza <strong>\u00a0actividades culturales semanales<\/strong> (gratuitas o de pago reducido), todas en italiano, ideales para practicar el idioma fuera del aula y conocer la ciudad.<\/p>\n<p>Entre ellas se incluyen:<\/p>\n<ul>\n<li>Visitas guiadas a museos y monumentos de la ciudad<\/li>\n<li>\u00a0Clases de cocina toscana<\/li>\n<li>Seminarios de cultura italiana<\/li>\n<li>Proyecci\u00f3n de pel\u00edculas italianas<\/li>\n<li>Actividades de \u00f3pera<\/li>\n<\/ul>\n<h2><strong>\u00bfPor qu\u00e9 aprender italiano en M\u00f3dena?\u00a0 <\/strong><\/h2>\n<p>&nbsp;<\/p>\n<p>M\u00f3dena se encuentra a poca distancia de Venecia, Florencia y Mil\u00e1n, y a un paso de la playa y la monta\u00f1a.<\/p>\n<p>Cuna de <b>Enzo Ferrari<\/b> y <b>Luciano Pavarotti<\/b>, M\u00f3dena combina el genio creativo con el poder industrial (sede de Maserati y Lamborghini).<\/p>\n<p>Tambi\u00e9n es un para\u00edso para los amantes de la gastronom\u00eda: desde restaurantes con estrellas Michelin de fama mundial hasta el alegre mercado Albinelli y acogedoras posadas locales, podr\u00e1s degustar lo mejor de la tradici\u00f3n italiana.<\/p>\n<p><b><strong>Ventajas de estudiar italiano en M\u00f3dena<\/strong><\/b><\/p>\n<ul>\n<li><b>Ciudad estudiantil:<\/b> es una ciudad universitaria hist\u00f3rica, segura, transitable a pie y f\u00e1cil de recorrer en bicicleta.<\/li>\n<li><b>Menos concurrida:<\/b> Podr\u00e1s disfrutar de una alta calidad de vida y de una aut\u00e9ntica \u00absensaci\u00f3n italiana\u00bb sin las t\u00edpicas aglomeraciones tur\u00edsticas.<\/li>\n<\/ul>\n","protected":false},"excerpt":{"rendered":"<h2><strong>Modena: Arte, comida y\u2026 \u00a1coches!<\/strong><\/h2>\n<p>M\u00f3dena merece una visita por muchas razones diferentes. Es mundialmente conocida por el vinagre bals\u00e1mico y el parmigiano.<\/p>\n<p>Si te encantan los coches,\u00a0<strong>\u00a1no puedes perderte la ocasi\u00f3n de hacerte un selfie sentado en un Ferrari o un Lamborghini!<\/strong><\/p>\n<p>M\u00f3dena es tambi\u00e9n la capital de la \u00f3pera italiana y tambi\u00e9n se puede visitar el\u00a0<em>Museo Pavarotti<\/em>.<\/p>\n<p>&nbsp;<\/p>\n","protected":false},"featured_media":118388,"comment_status":"open","ping_status":"closed","template":"","meta":{"_acf_changed":false,"_uag_custom_page_level_css":"","_kad_blocks_custom_css":"","_kad_blocks_head_custom_js":"","_kad_blocks_body_custom_js":"","_kad_blocks_footer_custom_js":"","site-sidebar-layout":"default","site-content-layout":"default","ast-site-content-layout":"default","site-content-style":"default","site-sidebar-style":"default","ast-global-header-display":"","ast-banner-title-visibility":"","ast-main-header-display":"","ast-hfb-above-header-display":"","ast-hfb-below-header-display":"","ast-hfb-mobile-header-display":"","site-post-title":"","ast-breadcrumbs-content":"","ast-featured-img":"","footer-sml-layout":"","ast-disable-related-posts":"","theme-transparent-header-meta":"default","adv-header-id-meta":"","stick-header-meta":"default","header-above-stick-meta":"","header-main-stick-meta":"","header-below-stick-meta":"","astra-migrate-meta-layouts":"set","ast-page-background-enabled":"default","ast-page-background-meta":{"desktop":{"background-color":"var(--ast-global-color-4)","background-image":"","background-repeat":"repeat","background-position":"center center","background-size":"auto","background-attachment":"scroll","background-type":"","background-media":"","overlay-type":"","overlay-color":"","overlay-opacity":"","overlay-gradient":""},"tablet":{"background-color":"","background-image":"","background-repeat":"repeat","background-position":"center center","background-size":"auto","background-attachment":"scroll","background-type":"","background-media":"","overlay-type":"","overlay-color":"","overlay-opacity":"","overlay-gradient":""},"mobile":{"background-color":"","background-image":"","background-repeat":"repeat","background-position":"center center","background-size":"auto","background-attachment":"scroll","background-type":"","background-media":"","overlay-type":"","overlay-color":"","overlay-opacity":"","overlay-gradient":""}},"ast-content-background-meta":{"desktop":{"background-color":"var(--ast-global-color-5)","background-image":"","background-repeat":"repeat","background-position":"center center","background-size":"auto","background-attachment":"scroll","background-type":"","background-media":"","overlay-type":"","overlay-color":"","overlay-opacity":"","overlay-gradient":""},"tablet":{"background-color":"var(--ast-global-color-5)","background-image":"","background-repeat":"repeat","background-position":"center center","background-size":"auto","background-attachment":"scroll","background-type":"","background-media":"","overlay-type":"","overlay-color":"","overlay-opacity":"","overlay-gradient":""},"mobile":{"background-color":"var(--ast-global-color-5)","background-image":"","background-repeat":"repeat","background-position":"center center","background-size":"auto","background-attachment":"scroll","background-type":"","background-media":"","overlay-type":"","overlay-color":"","overlay-opacity":"","overlay-gradient":""}}},"section":[2027],"product_brand":[],"product_cat":[1254,1288],"product_tag":[1842],"class_list":{"0":"post-188255","1":"product","2":"type-product","3":"status-publish","4":"has-post-thumbnail","6":"section-north","7":"product_cat-cursos-de-italiano-en-italia","8":"product_cat-cursos-en-modena","9":"product_tag-cursos-de-italiano-en-italia","10":"desktop-align-left","11":"tablet-align-left","12":"mobile-align-left","13":"ast-product-gallery-layout-horizontal-slider","14":"ast-product-single-variable","15":"ast-product-tabs-layout-horizontal","16":"ast-qv-on-image-click","18":"first","19":"instock","20":"sold-individually","21":"shipping-taxable","22":"purchasable","23":"product-type-variable","24":"has-default-attributes"},"acf":[],"taxonomy_info":{"section":[{"value":2027,"label":"North"}],"product_cat":[{"value":1254,"label":"Cursos de italiano en Italia"},{"value":1288,"label":"Cursos en M\u00f3dena"}],"product_tag":[{"value":1842,"label":"CURSOS DE ITALIANO EN ITALIA"}]},"featured_image_src_large":["https:\/\/www.studiainitalia.com\/wp-content\/uploads\/2016\/11\/learn-italian-in-modena-e1490028470953.jpg",350,350,false],"author_info":[],"comment_info":9,"uagb_featured_image_src":{"full":["https:\/\/www.studiainitalia.com\/wp-content\/uploads\/2016\/11\/learn-italian-in-modena-e1490028470953.jpg",350,350,false],"thumbnail":["https:\/\/www.studiainitalia.com\/wp-content\/uploads\/2016\/11\/learn-italian-in-modena-150x150.jpg",96,96,true],"medium":["https:\/\/www.studiainitalia.com\/wp-content\/uploads\/2016\/11\/learn-italian-in-modena-300x300.jpg",300,300,true],"medium_large":["https:\/\/www.studiainitalia.com\/wp-content\/uploads\/2016\/11\/learn-italian-in-modena-e1490028470953.jpg",350,350,false],"large":["https:\/\/www.studiainitalia.com\/wp-content\/uploads\/2016\/11\/learn-italian-in-modena-e1490028470953.jpg",350,350,false],"1536x1536":["https:\/\/www.studiainitalia.com\/wp-content\/uploads\/2016\/11\/learn-italian-in-modena-e1490028470953.jpg",350,350,false],"2048x2048":["https:\/\/www.studiainitalia.com\/wp-content\/uploads\/2016\/11\/learn-italian-in-modena-e1490028470953.jpg",350,350,false],"ultp_layout_landscape_large":["https:\/\/www.studiainitalia.com\/wp-content\/uploads\/2016\/11\/learn-italian-in-modena-e1490028470953.jpg",350,350,false],"ultp_layout_landscape":["https:\/\/www.studiainitalia.com\/wp-content\/uploads\/2016\/11\/learn-italian-in-modena-e1490028470953.jpg",350,350,false],"ultp_layout_portrait":["https:\/\/www.studiainitalia.com\/wp-content\/uploads\/2016\/11\/learn-italian-in-modena-e1490028470953.jpg",350,350,false],"ultp_layout_square":["https:\/\/www.studiainitalia.com\/wp-content\/uploads\/2016\/11\/learn-italian-in-modena-e1490028470953.jpg",350,350,false],"gform-image-choice-sm":["https:\/\/www.studiainitalia.com\/wp-content\/uploads\/2016\/11\/learn-italian-in-modena-e1490028470953.jpg",300,300,false],"gform-image-choice-md":["https:\/\/www.studiainitalia.com\/wp-content\/uploads\/2016\/11\/learn-italian-in-modena-e1490028470953.jpg",350,350,false],"gform-image-choice-lg":["https:\/\/www.studiainitalia.com\/wp-content\/uploads\/2016\/11\/learn-italian-in-modena-e1490028470953.jpg",350,350,false],"woocommerce_thumbnail":["https:\/\/www.studiainitalia.com\/wp-content\/uploads\/2016\/11\/learn-italian-in-modena-e1490028470953-300x300.jpg",300,300,true],"woocommerce_single":["https:\/\/www.studiainitalia.com\/wp-content\/uploads\/2016\/11\/learn-italian-in-modena-e1490028470953.jpg",350,350,false],"woocommerce_gallery_thumbnail":["https:\/\/www.studiainitalia.com\/wp-content\/uploads\/2016\/11\/learn-italian-in-modena-e1490028470953-100x100.jpg",100,100,true],"yarpp-thumbnail":["https:\/\/www.studiainitalia.com\/wp-content\/uploads\/2016\/11\/learn-italian-in-modena-e1490028470953.jpg",120,120,false]},"uagb_author_info":{"display_name":"Javier Diaz","author_link":"https:\/\/www.studiainitalia.com\/es\/author\/"},"uagb_comment_info":9,"uagb_excerpt":"Modena: Arte, comida y\u2026 \u00a1coches! M\u00f3dena merece una visita por muchas razones diferentes. Es mundialmente conocida por el vinagre bals\u00e1mico y el parmigiano. Si te encantan los coches,\u00a0\u00a1no puedes perderte la ocasi\u00f3n de hacerte un selfie sentado en un Ferrari o un Lamborghini! M\u00f3dena es tambi\u00e9n la capital de la \u00f3pera italiana y tambi\u00e9n se&hellip;","_links":{"self":[{"href":"https:\/\/www.studiainitalia.com\/es\/wp-json\/wp\/v2\/product\/188255","targetHints":{"allow":["GET"]}}],"collection":[{"href":"https:\/\/www.studiainitalia.com\/es\/wp-json\/wp\/v2\/product"}],"about":[{"href":"https:\/\/www.studiainitalia.com\/es\/wp-json\/wp\/v2\/types\/product"}],"replies":[{"embeddable":true,"href":"https:\/\/www.studiainitalia.com\/es\/wp-json\/wp\/v2\/comments?post=188255"}],"wp:featuredmedia":[{"embeddable":true,"href":"https:\/\/www.studiainitalia.com\/es\/wp-json\/wp\/v2\/media\/118388"}],"wp:attachment":[{"href":"https:\/\/www.studiainitalia.com\/es\/wp-json\/wp\/v2\/media?parent=188255"}],"wp:term":[{"taxonomy":"section","embeddable":true,"href":"https:\/\/www.studiainitalia.com\/es\/wp-json\/wp\/v2\/section?post=188255"},{"taxonomy":"product_brand","embeddable":true,"href":"https:\/\/www.studiainitalia.com\/es\/wp-json\/wp\/v2\/product_brand?post=188255"},{"taxonomy":"product_cat","embeddable":true,"href":"https:\/\/www.studiainitalia.com\/es\/wp-json\/wp\/v2\/product_cat?post=188255"},{"taxonomy":"product_tag","embeddable":true,"href":"https:\/\/www.studiainitalia.com\/es\/wp-json\/wp\/v2\/product_tag?post=188255"}],"curies":[{"name":"wp","href":"https:\/\/api.w.org\/{rel}","templated":true}]}}