{"id":188337,"date":"2016-11-06T19:36:10","date_gmt":"2016-11-06T18:36:10","guid":{"rendered":"https:\/\/www.studiainitalia.com\/courses\/sin%20categor\u00eda\/italiano-en-trieste\/"},"modified":"2026-03-25T10:21:30","modified_gmt":"2026-03-25T09:21:30","slug":"italiano-en-trieste","status":"publish","type":"product","link":"https:\/\/www.studiainitalia.com\/es\/cursos\/cursos-de-italiano-en-italia\/italiano-en-trieste\/","title":{"rendered":"Cursos de Italiano en Trieste"},"content":{"rendered":"<h2>Curso de Italiano en Trieste<\/h2>\n<p>&nbsp;<\/p>\n<p>Nuestra escuela de Trieste, el Istituto Venezia, est\u00e1 situada en un antiguo monasterio en la colina que domina el centro hist\u00f3rico.<\/p>\n<p>Los cursos est\u00e1n abiertos a estudiantes de todas las edades y nacionalidades.<\/p>\n<p>La escuela est\u00e1 abierta de abril a octubre. Los estudiantes tienen acceso gratuito a dos puntos de Internet y a una l\u00ednea Wi-Fi, as\u00ed como a una sala de estudio con instalaciones de v\u00eddeo donde pueden ver pel\u00edculas de la biblioteca de la escuela.<\/p>\n<p>La composici\u00f3n de las clases es una mezcla de nacionalidades, lo que fomenta el uso del italiano no solo durante las lecciones, sino tambi\u00e9n en diferentes contextos.<\/p>\n<p>Se ofrecen todos los niveles, desde A1 hasta C2, del Marco Com\u00fan Europeo de Referencia para las Lenguas (MCER).<\/p>\n<h3><strong>Estructura del curso<\/strong><\/h3>\n<p>&nbsp;<\/p>\n<p>Las clases se imparten todos los d\u00edas de lunes a viernes de 9:00 a 12:30 con dos profesores.<\/p>\n<p>Los cursos comienzan cada mes.<\/p>\n<p>Los principiantes solo pueden inscribirse durante la primera semana de cada curso mensual.<\/p>\n<p>Los estudiantes que ya tienen algunos conocimientos de italiano pueden inscribirse en cualquier momento.<\/p>\n<p>&nbsp;<\/p>\n<h3><strong>Tipos de cursos de italiano disponibles en Trieste<\/strong><\/h3>\n<p>&nbsp;<\/p>\n<ul>\n<li>Curso intensivo de italiano (4 lecciones al d\u00eda)<\/li>\n<li>Cursos superintensivos<\/li>\n<li>Clases particulares de italiano<\/li>\n<\/ul>\n<h2><strong>Fechas de inicio y detalles<\/strong><\/h2>\n<p>&nbsp;<\/p>\n<ul>\n<li><b>Duraci\u00f3n de las clases<\/b>: 45 minutos<\/li>\n<li><b>Tama\u00f1o medio de las clases<\/b>: 9 alumnos<\/li>\n<li><b>Tama\u00f1o m\u00e1ximo de las clases<\/b>: 12 alumnos<\/li>\n<li><b>Horario<\/b>: por la ma\u00f1ana<\/li>\n<li><b>Materiales del curso<\/b>: incluidos<\/li>\n<li><b>Prueba de nivel y certificado final<\/b>: incluidos<\/li>\n<li><b>Ubicaci\u00f3n<\/b>: Via del Collegio 6<\/li>\n<li><b>Otros servicios<\/b>: acceso a Internet, actividades sociales<\/li>\n<\/ul>\n<p>&nbsp;<\/p>\n<p>&nbsp;<\/p>\n<table id=\"tablepress-67\" class=\"tablepress tablepress-id-67\">\n<thead>\n<tr class=\"row-1 odd\">\n<th class=\"column-1\" colspan=\"6\">Fechas de Inicio 2026<\/th>\n<\/tr>\n<\/thead>\n<tbody class=\"row-hover\">\n<tr class=\"row-2 even\">\n<td class=\"column-1\">Enero<\/td>\n<td class=\"column-2\"><\/td>\n<td class=\"column-3\">Mayo<\/td>\n<td class=\"column-4\">11<\/td>\n<td class=\"column-5\">Septiembre<\/td>\n<td class=\"column-6\">28<\/td>\n<\/tr>\n<tr class=\"row-3 odd\">\n<td class=\"column-1\">Febrero<\/td>\n<td class=\"column-2\"><\/td>\n<td class=\"column-3\">Junio<\/td>\n<td class=\"column-4\">8<\/td>\n<td class=\"column-5\">Octobre<\/td>\n<td class=\"column-6\">26<\/td>\n<\/tr>\n<tr class=\"row-4 even\">\n<td class=\"column-1\">Marzo<\/td>\n<td class=\"column-2\"><\/td>\n<td class=\"column-3\">Julio<\/td>\n<td class=\"column-4\">6<\/td>\n<td class=\"column-5\">Noviembre<\/td>\n<td class=\"column-6\"><\/td>\n<\/tr>\n<tr class=\"row-5 odd\">\n<td class=\"column-1\">Abril<\/td>\n<td class=\"column-2\">13<\/td>\n<td class=\"column-3\">Agosto<\/td>\n<td class=\"column-4\">3, 31<\/td>\n<td class=\"column-5\">Diciembre<\/td>\n<td class=\"column-6\"><\/td>\n<\/tr>\n<tr class=\"row-6 even\">\n<td class=\"column-1\" colspan=\"6\">La escuela permanecer\u00e1 cerrada durante las fiestas nacionales: Epifan\u00eda (06\/01), Lunes de Pascua, D\u00eda de la Liberaci\u00f3n (25\/04), D\u00eda del Trabajo (01\/05), D\u00eda de la Republica (02\/06), Ferragosto (15\/08), Todos los Santos (01\/11), Inmaculada Concepci\u00f3n (8\/12), vacaciones de Navidad y A\u00f1o Nuevo.<\/td>\n<\/tr>\n<\/tbody>\n<\/table>\n<div class=\"aiosrs-rating-wrap\" data-schema-id=\"90691\">\n<div class=\"aiosrs-star-rating-wrap \"><\/div>\n<div class=\"aiosrs-rating-summary-wrap\"><\/div>\n<\/div>\n<h2>\u00bfPor qu\u00e9 estudiar italiano en Trieste?<\/h2>\n<p>&nbsp;<\/p>\n<p>Trieste es una opci\u00f3n econ\u00f3mica para los estudiantes con un presupuesto limitado, ya que es menos cara que otras ciudades italianas populares.<\/p>\n<p>Podr\u00e1s practicar vocabulario relacionado con la comida mientras descubres platos \u00fanicos como la <i>jota<\/i> o el <i>strucolo<\/i> en una <b>osmiza<\/b>.<\/p>\n<p>Es un punto de partida perfecto para visitar Eslovenia, Croacia o Austria los fines de semana, lo que har\u00e1 que tu experiencia de estudios en el extranjero sea internacional.<\/p>\n<p>Tienes el mar para navegar, la meseta del Karst para hacer senderismo y un animado centro urbano para disfrutar de la vida nocturna y el teatro.<\/p>\n<p><strong>Ventajas de estudiar italiano en Trieste<\/strong><\/p>\n<ul>\n<li>Entorno literario inmersivo: Puedes estudiar siguiendo los pasos de autores de renombre mundial como <b>James Joyce, Italo Svevo y Umberto Saba<\/b>. La ciudad conserva los espacios hist\u00f3ricos y los caf\u00e9s que influyeron en su obra.<\/li>\n<li>Cultura \u00abcentroeuropea\u00bb \u00fanica: La ciudad ofrece un ambiente multicultural en el que se mezclan<strong> las tradiciones italianas, austriacas y eslavas,<\/strong> lo que proporciona un contexto cultural m\u00e1s amplio a tus estudios de idiomas.<\/li>\n<li>Espacios sociales ideales para el estudio: La ciudad es famosa por sus caf\u00e9s hist\u00f3ricos (como el Caff\u00e8 San Marco), que se describen expl\u00edcitamente como lugares ideales para que los ciudadanos trabajen, escriban, lean y estudien en un ambiente tranquilo y elegante.<\/li>\n<li>Centro cient\u00edfico y art\u00edstico: Con un enfoque tanto en la ciencia como en el arte contempor\u00e1neo, la ciudad ofrece un estimulante entorno intelectual que va m\u00e1s all\u00e1 del simple aprendizaje del idioma.<\/li>\n<\/ul>\n<h3><strong>Actividades culturales y vida en Trieste<\/strong><\/h3>\n<p>&nbsp;<\/p>\n<p>Para ayudarte a hacer amigos y comprender la cultura que hay detr\u00e1s del idioma, la escuela ofrece diversas oportunidades de aprendizaje informal.<\/p>\n<p>Muchas de ellas est\u00e1n <b>incluidas en el precio del curso<\/b>:<\/p>\n<ul>\n<li><b>Visitas guiadas por la ciudad y visitas hist\u00f3ricas:<\/b> Visitas guiadas a pie por el centro de la ciudad, la colina de S. Giusto, la sinagoga y las iglesias ortodoxas de S. Nicol\u00f2 y S. Spiridione.<\/li>\n<li><b>Inmersi\u00f3n literaria y art\u00edstica:<\/b> visitas a los museos Italo Svevo y James Joyce, al Museo Revoltella y al hist\u00f3rico Caff\u00e8 San Marco.<\/li>\n<li><b>Lugares emblem\u00e1ticos locales:<\/b> excursiones al castillo y parque de Miramare, a la Risiera de S. Sabba y al singular Museo \u00abBora\u00bb.<\/li>\n<li><b>Eventos escolares:<\/b> proyecciones de pel\u00edculas peri\u00f3dicas (cine en la escuela) y aperitivos de bienvenida para ayudar a los estudiantes a socializar.<\/li>\n<\/ul>\n","protected":false},"excerpt":{"rendered":"<h2><b>Aprende italiano en Trieste,<\/b> cursos asequibles en un <b data-path-to-node=\"3,0\" data-index-in-node=\"33\">crisol de culturas<\/b><\/h2>\n<p>Trieste es la ciudad m\u00e1s cosmopolita de Italia. Llamada \u201cla peque\u00f1a Viena sobre el mar\u201d, combina las almas centroeuropeas y mediterr\u00e1neas en una mezcla de idiomas y personas.<\/p>\n<p>La ciudad tambi\u00e9n es famosa por los escritores que vivieron aqu\u00ed: Svevo, Saba, Joyce, Rilke.<\/p>\n<p>Desde hace mucho tiempo tambi\u00e9n es la ciudad del caf\u00e9.<\/p>\n<p>&nbsp;<\/p>\n<p>&nbsp;<\/p>\n","protected":false},"featured_media":197735,"comment_status":"open","ping_status":"closed","template":"","meta":{"_acf_changed":false,"_uag_custom_page_level_css":"","_kad_blocks_custom_css":"","_kad_blocks_head_custom_js":"","_kad_blocks_body_custom_js":"","_kad_blocks_footer_custom_js":"","site-sidebar-layout":"default","site-content-layout":"default","ast-site-content-layout":"default","site-content-style":"default","site-sidebar-style":"default","ast-global-header-display":"","ast-banner-title-visibility":"","ast-main-header-display":"","ast-hfb-above-header-display":"","ast-hfb-below-header-display":"","ast-hfb-mobile-header-display":"","site-post-title":"","ast-breadcrumbs-content":"","ast-featured-img":"","footer-sml-layout":"","ast-disable-related-posts":"","theme-transparent-header-meta":"default","adv-header-id-meta":"","stick-header-meta":"default","header-above-stick-meta":"","header-main-stick-meta":"","header-below-stick-meta":"","astra-migrate-meta-layouts":"set","ast-page-background-enabled":"default","ast-page-background-meta":{"desktop":{"background-color":"var(--ast-global-color-4)","background-image":"","background-repeat":"repeat","background-position":"center center","background-size":"auto","background-attachment":"scroll","background-type":"","background-media":"","overlay-type":"","overlay-color":"","overlay-opacity":"","overlay-gradient":""},"tablet":{"background-color":"","background-image":"","background-repeat":"repeat","background-position":"center center","background-size":"auto","background-attachment":"scroll","background-type":"","background-media":"","overlay-type":"","overlay-color":"","overlay-opacity":"","overlay-gradient":""},"mobile":{"background-color":"","background-image":"","background-repeat":"repeat","background-position":"center center","background-size":"auto","background-attachment":"scroll","background-type":"","background-media":"","overlay-type":"","overlay-color":"","overlay-opacity":"","overlay-gradient":""}},"ast-content-background-meta":{"desktop":{"background-color":"var(--ast-global-color-5)","background-image":"","background-repeat":"repeat","background-position":"center center","background-size":"auto","background-attachment":"scroll","background-type":"","background-media":"","overlay-type":"","overlay-color":"","overlay-opacity":"","overlay-gradient":""},"tablet":{"background-color":"var(--ast-global-color-5)","background-image":"","background-repeat":"repeat","background-position":"center center","background-size":"auto","background-attachment":"scroll","background-type":"","background-media":"","overlay-type":"","overlay-color":"","overlay-opacity":"","overlay-gradient":""},"mobile":{"background-color":"var(--ast-global-color-5)","background-image":"","background-repeat":"repeat","background-position":"center center","background-size":"auto","background-attachment":"scroll","background-type":"","background-media":"","overlay-type":"","overlay-color":"","overlay-opacity":"","overlay-gradient":""}}},"section":[2027],"product_brand":[],"product_cat":[1254,1307],"product_tag":[1842],"class_list":{"0":"post-188337","1":"product","2":"type-product","3":"status-publish","4":"has-post-thumbnail","6":"section-north","7":"product_cat-cursos-de-italiano-en-italia","8":"product_cat-cursos-en-trieste","9":"product_tag-cursos-de-italiano-en-italia","10":"desktop-align-left","11":"tablet-align-left","12":"mobile-align-left","13":"ast-product-gallery-layout-horizontal-slider","14":"ast-product-single-variable","15":"ast-product-tabs-layout-horizontal","16":"ast-qv-on-image-click","18":"first","19":"instock","20":"sold-individually","21":"shipping-taxable","22":"purchasable","23":"product-type-variable","24":"has-default-attributes"},"acf":[],"taxonomy_info":{"section":[{"value":2027,"label":"North"}],"product_cat":[{"value":1254,"label":"Cursos de italiano en Italia"},{"value":1307,"label":"Cursos en Trieste"}],"product_tag":[{"value":1842,"label":"CURSOS DE ITALIANO EN ITALIA"}]},"featured_image_src_large":["https:\/\/www.studiainitalia.com\/wp-content\/uploads\/2024\/03\/TRIESTE.jpg",1600,1200,false],"author_info":[],"comment_info":6,"uagb_featured_image_src":{"full":["https:\/\/www.studiainitalia.com\/wp-content\/uploads\/2024\/03\/TRIESTE.jpg",1600,1200,false],"thumbnail":["https:\/\/www.studiainitalia.com\/wp-content\/uploads\/2024\/03\/TRIESTE.jpg",128,96,false],"medium":["https:\/\/www.studiainitalia.com\/wp-content\/uploads\/2024\/03\/TRIESTE.jpg",1600,1200,false],"medium_large":["https:\/\/www.studiainitalia.com\/wp-content\/uploads\/2024\/03\/TRIESTE-768x576.jpg",768,576,true],"large":["https:\/\/www.studiainitalia.com\/wp-content\/uploads\/2024\/03\/TRIESTE.jpg",1600,1200,false],"1536x1536":["https:\/\/www.studiainitalia.com\/wp-content\/uploads\/2024\/03\/TRIESTE-1536x1152.jpg",1536,1152,true],"2048x2048":["https:\/\/www.studiainitalia.com\/wp-content\/uploads\/2024\/03\/TRIESTE.jpg",1600,1200,false],"ultp_layout_landscape_large":["https:\/\/www.studiainitalia.com\/wp-content\/uploads\/2024\/03\/TRIESTE-1200x800.jpg",1200,800,true],"ultp_layout_landscape":["https:\/\/www.studiainitalia.com\/wp-content\/uploads\/2024\/03\/TRIESTE-870x570.jpg",870,570,true],"ultp_layout_portrait":["https:\/\/www.studiainitalia.com\/wp-content\/uploads\/2024\/03\/TRIESTE-600x900.jpg",600,900,true],"ultp_layout_square":["https:\/\/www.studiainitalia.com\/wp-content\/uploads\/2024\/03\/TRIESTE-600x600.jpg",600,600,true],"gform-image-choice-sm":["https:\/\/www.studiainitalia.com\/wp-content\/uploads\/2024\/03\/TRIESTE.jpg",300,225,false],"gform-image-choice-md":["https:\/\/www.studiainitalia.com\/wp-content\/uploads\/2024\/03\/TRIESTE.jpg",400,300,false],"gform-image-choice-lg":["https:\/\/www.studiainitalia.com\/wp-content\/uploads\/2024\/03\/TRIESTE.jpg",600,450,false],"woocommerce_thumbnail":["https:\/\/www.studiainitalia.com\/wp-content\/uploads\/2024\/03\/TRIESTE-300x300.jpg",300,300,true],"woocommerce_single":["https:\/\/www.studiainitalia.com\/wp-content\/uploads\/2024\/03\/TRIESTE-400x300.jpg",400,300,true],"woocommerce_gallery_thumbnail":["https:\/\/www.studiainitalia.com\/wp-content\/uploads\/2024\/03\/TRIESTE-100x100.jpg",100,100,true],"yarpp-thumbnail":["https:\/\/www.studiainitalia.com\/wp-content\/uploads\/2024\/03\/TRIESTE-120x120.jpg",120,120,true]},"uagb_author_info":{"display_name":"Javier Diaz","author_link":"https:\/\/www.studiainitalia.com\/es\/author\/"},"uagb_comment_info":6,"uagb_excerpt":"Aprende italiano en Trieste, cursos asequibles en un crisol de culturas Trieste es la ciudad m\u00e1s cosmopolita de Italia. Llamada \u201cla peque\u00f1a Viena sobre el mar\u201d, combina las almas centroeuropeas y mediterr\u00e1neas en una mezcla de idiomas y personas. La ciudad tambi\u00e9n es famosa por los escritores que vivieron aqu\u00ed: Svevo, Saba, Joyce, Rilke. Desde&hellip;","_links":{"self":[{"href":"https:\/\/www.studiainitalia.com\/es\/wp-json\/wp\/v2\/product\/188337","targetHints":{"allow":["GET"]}}],"collection":[{"href":"https:\/\/www.studiainitalia.com\/es\/wp-json\/wp\/v2\/product"}],"about":[{"href":"https:\/\/www.studiainitalia.com\/es\/wp-json\/wp\/v2\/types\/product"}],"replies":[{"embeddable":true,"href":"https:\/\/www.studiainitalia.com\/es\/wp-json\/wp\/v2\/comments?post=188337"}],"wp:featuredmedia":[{"embeddable":true,"href":"https:\/\/www.studiainitalia.com\/es\/wp-json\/wp\/v2\/media\/197735"}],"wp:attachment":[{"href":"https:\/\/www.studiainitalia.com\/es\/wp-json\/wp\/v2\/media?parent=188337"}],"wp:term":[{"taxonomy":"section","embeddable":true,"href":"https:\/\/www.studiainitalia.com\/es\/wp-json\/wp\/v2\/section?post=188337"},{"taxonomy":"product_brand","embeddable":true,"href":"https:\/\/www.studiainitalia.com\/es\/wp-json\/wp\/v2\/product_brand?post=188337"},{"taxonomy":"product_cat","embeddable":true,"href":"https:\/\/www.studiainitalia.com\/es\/wp-json\/wp\/v2\/product_cat?post=188337"},{"taxonomy":"product_tag","embeddable":true,"href":"https:\/\/www.studiainitalia.com\/es\/wp-json\/wp\/v2\/product_tag?post=188337"}],"curies":[{"name":"wp","href":"https:\/\/api.w.org\/{rel}","templated":true}]}}