{"id":188368,"date":"2016-11-06T17:04:25","date_gmt":"2016-11-06T16:04:25","guid":{"rendered":"https:\/\/www.studiainitalia.com\/courses\/sin%20categor\u00eda\/italiano-en-salerno\/"},"modified":"2026-03-25T10:28:43","modified_gmt":"2026-03-25T09:28:43","slug":"italiano-en-salerno","status":"publish","type":"product","link":"https:\/\/www.studiainitalia.com\/es\/cursos\/cursos-de-italiano-en-italia\/italiano-en-salerno\/","title":{"rendered":"Cursos de Italiano en Salerno"},"content":{"rendered":"<h2>Curso de Italiano en Salerno<\/h2>\n<p>&nbsp;<\/p>\n<p>El curso de italiano en Salerno se imparte en Accademia Italiana. La escuela est\u00e1 situada en un edificio a pocos metros del casco hist\u00f3rico. A minutos andando tienes la playa de la ciudad.<\/p>\n<p>La escuela, fundada en 1997, ofrece una amplia gama de cursos lengua y cultura italiana y est\u00e1 reconocida por el Ministerio de Educaci\u00f3n italiano.<\/p>\n<p>El m\u00e9todo de ense\u00f1anza se basa en las m\u00e1s modernas t\u00e9cnicas did\u00e1cticas y todos los profesores son profesionales de la ense\u00f1anza del italiano como lengua extranjera. Los cursos son impartidos por profesores altamente cualificados, especialistas en la ense\u00f1anza del italiano como lengua extranjera (L2\/FL). Su experiencia garantiza una experiencia de aprendizaje inmersiva y eficaz, adaptada a los hablantes no nativos.<\/p>\n<p>La escuela ofrece una atenci\u00f3n personalizada a todos los estudiantes gracias tambi\u00e9n al n\u00famero reducido de estudiantes por grupo.<\/p>\n<ul>\n<li>Los cursos intensivos de italiano incluyen 20 clases por semana.<\/li>\n<li>Los grupos son de entre 4 y 10 alumnos.<\/li>\n<li>Los cursos de italiano est\u00e1n abiertos a todos los niveles y duraci\u00f3n\u00a0 desde principiante hasta avanzado.<\/li>\n<li>Las clases se imparten de lunes a viernes en horario de ma\u00f1ana.<\/li>\n<li>El primer d\u00eda de clase se realiza una prueba de nivel para establecer el grupo de pertenencia de cada estudiante.<\/li>\n<li>Al final del curso los estudiantes recibir\u00e1n un certificado de participaci\u00f3n con indicaci\u00f3n del nivel realizado.<\/li>\n<\/ul>\n<p>Todos nuestros cursos est\u00e1n reconocidos por la Universidad para Extranjeros de Siena y la Universidad para Extranjeros de Perugia. El curso de italiano tambi\u00e9n incluye numerosas actividades sociales y culturales.<\/p>\n<p>Disfruta de un aula verdaderamente global con una excelente mezcla de nacionalidades y edades. Para garantizar que cada estudiante reciba una atenci\u00f3n individualizada, el tama\u00f1o de nuestras clases est\u00e1 estrictamente limitado a 10 estudiantes.<\/p>\n<p>La escuela cuenta con 14 aulas, 1 sala multimedia con 8 ordenadores, 1 sala de cine, una biblioteca y una cafeter\u00eda.<\/p>\n<h3><b>Estructura del curso<\/b><\/h3>\n<p>&nbsp;<\/p>\n<ul>\n<li>20 lecciones por semana (4 lecciones por d\u00eda, de lunes a viernes)<\/li>\n<li>Horario matutino para cursos intensivos<\/li>\n<li>Duraci\u00f3n flexible: desde 1 semana en adelante<\/li>\n<li>Tama\u00f1o promedio de las clases: 8 estudiantes<\/li>\n<\/ul>\n<h3><b>Tipos de cursos disponibles en Salerno<\/b><\/h3>\n<p>&nbsp;<\/p>\n<ul>\n<li>Cursos superintensivos<\/li>\n<li>Cursos de italiano de larga duraci\u00f3n<\/li>\n<li>Clases particulares de italiano<\/li>\n<li>Cursos de preparaci\u00f3n para el examen CILS de italiano<\/li>\n<li>Cursos de italiano en l\u00ednea<\/li>\n<li>Cursos combinados de lengua y cultura italiana<\/li>\n<li>Programas especiales para <a href=\"http:\/\/tudiainitalia.com\/es\/estudiar-en-italia\/cursos-para-familias-mayores-y-jovenes\/\" target=\"_blank\" rel=\"noopener\">mayores, j\u00f3venes y familias<\/a><\/li>\n<\/ul>\n<h2><b>Fechas de inicio y detalles<\/b><\/h2>\n<p>&nbsp;<\/p>\n<ul>\n<li><b>Duraci\u00f3n de las clases<\/b>: 45 minutos<\/li>\n<li><b>Tama\u00f1o medio de las clases<\/b>: 8 alumnos<\/li>\n<li><b>Tama\u00f1o m\u00e1ximo de las clases<\/b>: 10 alumnos<\/li>\n<li><b>Horario<\/b>: Por la ma\u00f1ana o por la tarde, dependiendo del tipo de curso<\/li>\n<li><b>Materiales del curso<\/b>: Incluidos<\/li>\n<li><b>Prueba de nivel y certificado final<\/b>: Incluidos<\/li>\n<li><b>Ubicaci\u00f3n<\/b>: Via Roma 39<\/li>\n<li><b>Otros servicios<\/b>: Acceso a Internet, biblioteca, aire acondicionado, actividades sociales y traslado al aeropuerto disponibles<\/li>\n<\/ul>\n<table id=\"tablepress-61\" class=\"tablepress tablepress-id-61\">\n<thead>\n<tr class=\"row-1 odd\">\n<th class=\"column-1\" colspan=\"6\">Fechas de Inicio 2026<\/th>\n<\/tr>\n<\/thead>\n<tbody class=\"row-hover\">\n<tr class=\"row-2 even\">\n<td class=\"column-1\">Enero<\/td>\n<td class=\"column-2\">5, 19<\/td>\n<td class=\"column-3\">Mayo<\/td>\n<td class=\"column-4\">4, 18<\/td>\n<td class=\"column-5\">Septiembre<\/td>\n<td class=\"column-6\">7, 21<\/td>\n<\/tr>\n<tr class=\"row-3 odd\">\n<td class=\"column-1\">Febrero<\/td>\n<td class=\"column-2\">2, 16<\/td>\n<td class=\"column-3\">Junio<\/td>\n<td class=\"column-4\">1, 15, 29<\/td>\n<td class=\"column-5\">Octobre<\/td>\n<td class=\"column-6\">5, 19<\/td>\n<\/tr>\n<tr class=\"row-4 even\">\n<td class=\"column-1\">Marzo<\/td>\n<td class=\"column-2\">2 , 16, 30<\/td>\n<td class=\"column-3\">Julio<\/td>\n<td class=\"column-4\">13, 27<\/td>\n<td class=\"column-5\">Noviembre<\/td>\n<td class=\"column-6\">2, 16<\/td>\n<\/tr>\n<tr class=\"row-5 odd\">\n<td class=\"column-1\">Abril<\/td>\n<td class=\"column-2\">13<\/td>\n<td class=\"column-3\">Agosto<\/td>\n<td class=\"column-4\">10, 24<\/td>\n<td class=\"column-5\">Diciembre<\/td>\n<td class=\"column-6\">7<\/td>\n<\/tr>\n<tr class=\"row-6 even\">\n<td class=\"column-1\" colspan=\"6\">La escuela permanecer\u00e1 cerrada durante las fiestas nacionales: Epifan\u00eda (06\/01), Lunes de Pascua, D\u00eda de la Liberaci\u00f3n (25\/04), D\u00eda del Trabajo (01\/05), D\u00eda de la Republica (02\/06), Ferragosto (15\/08), Todos los Santos (01\/11), Inmaculada Concepci\u00f3n (8\/12), vacaciones de Navidad y A\u00f1o Nuevo.<\/td>\n<\/tr>\n<\/tbody>\n<\/table>\n<h2><\/h2>\n<p>&nbsp;<\/p>\n<h2><b>\u00bfPor qu\u00e9 estudiar italiano en Salerno?<\/b><\/h2>\n<p>&nbsp;<\/p>\n<p>Si est\u00e1s buscando un destino donde el idioma italiano cobre vida, no busques m\u00e1s all\u00e1 de Salerno. A diferencia de las ciudades tur\u00edsticas abarrotadas, Salerno ofrece una mezcla perfecta de historia, cultura y vida italiana moderna.<\/p>\n<p>Situada entre la mundialmente famosa costa de Amalfi y las antiguas maravillas del Parque Nacional del Cilento, Salerno ofrece el escenario perfecto para una experiencia ling\u00fc\u00edstica inmersiva que va mucho m\u00e1s all\u00e1 del aula.<\/p>\n<p><b>Ventajas de estudiar italiano en Salerno<\/b><\/p>\n<ul>\n<li>Aut\u00e9ntica inmersi\u00f3n cultural: Salerno no est\u00e1 invadida por el turismo de masas, por lo que podr\u00e1s practicar italiano en situaciones cotidianas, desde pedir un <i>caff\u00e8<\/i> en un bar local hasta charlar con los simp\u00e1ticos tenderos del centro hist\u00f3rico.<\/li>\n<li>Alta calidad de vida, bajos costes: Disfruta del estilo de vida mediterr\u00e1neo a una fracci\u00f3n del coste del norte de Italia. Salerno ofrece restaurantes asequibles y un centro urbano seguro y transitable a pie, f\u00e1cil de recorrer.<\/li>\n<li>C\u00e1lida hospitalidad sure\u00f1a: los habitantes de Salerno son famosos por su franqueza y cordialidad.<\/li>\n<li>Clima ideal durante todo el a\u00f1o: con inviernos suaves y veranos largos y soleados, Salerno es un destino fant\u00e1stico para cursos de idiomas en cualquier \u00e9poca del a\u00f1o, lo que te permite disfrutar de excursiones al aire libre y de la vida junto al mar cuando decidas visitarla.<\/li>\n<\/ul>\n<h3><b>Actividades y vida cultural en Salerno<\/b><\/h3>\n<p>&nbsp;<\/p>\n<p>La escuela dispone de un rico programa de actividades extraescolares. Seminarios, pel\u00edculas italianas, visitas guiadas, excursiones.<\/p>\n<p>Las actividades est\u00e1n incluidas en el precio del curso a excepci\u00f3n de las entradas o billetes para el transporte.<\/p>\n<p>\u00a1Estudia junto al mar! La ciudad cuenta con un hermoso paseo mar\u00edtimo (<i>Lungomare<\/i>) y est\u00e1 rodeada de espectaculares monta\u00f1as y aguas cristalinas, perfectas para relajarse despu\u00e9s de un d\u00eda de estudio.<\/p>\n<p>La ubicaci\u00f3n estrat\u00e9gica de Salerno te permite tomar un ferry a <b>Positano y Amalfi<\/b> o un corto trayecto en tren a las ruinas de <b>Pompeya y Paestum<\/b> despu\u00e9s de tus clases matutinas.<\/p>\n<p>Se recomiendan las excursiones a <b>Capri e Ischia.<\/b><\/p>\n<p>Adem\u00e1s, no debes perderte la visita a <b>N\u00e1poles<\/b> y <b>Caserta<\/b> durante tu curso de italiano en Salerno.<\/p>\n<div class=\"aiosrs-rating-wrap\" data-schema-id=\"90691\">\n<div class=\"aiosrs-star-rating-wrap \">\n<p>&nbsp;<\/p>\n<p>&nbsp;<\/p>\n<\/div>\n<div class=\"aiosrs-rating-summary-wrap\"><\/div>\n<\/div>\n","protected":false},"excerpt":{"rendered":"<h2><b>\u00a1Aprende italiano en Salerno, con la costa amalfitana al alcance de la mano!<\/b><\/h2>\n<p>Salerno es el lugar ideal para asistir a tu curso de italiano. En la ciudad encontrar\u00e1s una muy buena selecci\u00f3n de restaurantes, bares y actividades a precios muy bajos.<\/p>\n<p>Es tu puerta de entrada al sur de Italia. Desde aqu\u00ed, est\u00e1s a solo un corto trayecto en ferry o en tren de lugares imprescindibles como Capri, Sorrento y las antiguas maravillas de Herculano y Paestum.<\/p>\n<p>&nbsp;<\/p>\n<p>&nbsp;<\/p>\n<p>&nbsp;<\/p>\n","protected":false},"featured_media":118448,"comment_status":"open","ping_status":"closed","template":"","meta":{"_acf_changed":false,"_uag_custom_page_level_css":"","_kad_blocks_custom_css":"","_kad_blocks_head_custom_js":"","_kad_blocks_body_custom_js":"","_kad_blocks_footer_custom_js":"","site-sidebar-layout":"default","site-content-layout":"default","ast-site-content-layout":"default","site-content-style":"default","site-sidebar-style":"default","ast-global-header-display":"","ast-banner-title-visibility":"","ast-main-header-display":"","ast-hfb-above-header-display":"","ast-hfb-below-header-display":"","ast-hfb-mobile-header-display":"","site-post-title":"","ast-breadcrumbs-content":"","ast-featured-img":"","footer-sml-layout":"","ast-disable-related-posts":"","theme-transparent-header-meta":"default","adv-header-id-meta":"","stick-header-meta":"default","header-above-stick-meta":"","header-main-stick-meta":"","header-below-stick-meta":"","astra-migrate-meta-layouts":"set","ast-page-background-enabled":"default","ast-page-background-meta":{"desktop":{"background-color":"var(--ast-global-color-4)","background-image":"","background-repeat":"repeat","background-position":"center center","background-size":"auto","background-attachment":"scroll","background-type":"","background-media":"","overlay-type":"","overlay-color":"","overlay-opacity":"","overlay-gradient":""},"tablet":{"background-color":"","background-image":"","background-repeat":"repeat","background-position":"center center","background-size":"auto","background-attachment":"scroll","background-type":"","background-media":"","overlay-type":"","overlay-color":"","overlay-opacity":"","overlay-gradient":""},"mobile":{"background-color":"","background-image":"","background-repeat":"repeat","background-position":"center center","background-size":"auto","background-attachment":"scroll","background-type":"","background-media":"","overlay-type":"","overlay-color":"","overlay-opacity":"","overlay-gradient":""}},"ast-content-background-meta":{"desktop":{"background-color":"var(--ast-global-color-5)","background-image":"","background-repeat":"repeat","background-position":"center center","background-size":"auto","background-attachment":"scroll","background-type":"","background-media":"","overlay-type":"","overlay-color":"","overlay-opacity":"","overlay-gradient":""},"tablet":{"background-color":"var(--ast-global-color-5)","background-image":"","background-repeat":"repeat","background-position":"center center","background-size":"auto","background-attachment":"scroll","background-type":"","background-media":"","overlay-type":"","overlay-color":"","overlay-opacity":"","overlay-gradient":""},"mobile":{"background-color":"var(--ast-global-color-5)","background-image":"","background-repeat":"repeat","background-position":"center center","background-size":"auto","background-attachment":"scroll","background-type":"","background-media":"","overlay-type":"","overlay-color":"","overlay-opacity":"","overlay-gradient":""}}},"section":[2029],"product_brand":[],"product_cat":[1254,1311],"product_tag":[1842],"class_list":{"0":"post-188368","1":"product","2":"type-product","3":"status-publish","4":"has-post-thumbnail","6":"section-south-and-islands","7":"product_cat-cursos-de-italiano-en-italia","8":"product_cat-cursos-en-salerno","9":"product_tag-cursos-de-italiano-en-italia","10":"desktop-align-left","11":"tablet-align-left","12":"mobile-align-left","13":"ast-product-gallery-layout-horizontal-slider","14":"ast-product-single-variable","15":"ast-product-tabs-layout-horizontal","16":"ast-qv-on-image-click","18":"first","19":"instock","20":"sold-individually","21":"shipping-taxable","22":"purchasable","23":"product-type-variable","24":"has-default-attributes"},"acf":[],"taxonomy_info":{"section":[{"value":2029,"label":"South and Islands"}],"product_cat":[{"value":1254,"label":"Cursos de italiano en Italia"},{"value":1311,"label":"Cursos en Salerno"}],"product_tag":[{"value":1842,"label":"CURSOS DE ITALIANO EN ITALIA"}]},"featured_image_src_large":["https:\/\/www.studiainitalia.com\/wp-content\/uploads\/2016\/11\/learn-italian-in-salerno-e1490028343528.jpg",350,352,false],"author_info":[],"comment_info":11,"uagb_featured_image_src":{"full":["https:\/\/www.studiainitalia.com\/wp-content\/uploads\/2016\/11\/learn-italian-in-salerno-e1490028343528.jpg",350,352,false],"thumbnail":["https:\/\/www.studiainitalia.com\/wp-content\/uploads\/2016\/11\/learn-italian-in-salerno-150x150.jpg",96,96,true],"medium":["https:\/\/www.studiainitalia.com\/wp-content\/uploads\/2016\/11\/learn-italian-in-salerno-298x300.jpg",298,300,true],"medium_large":["https:\/\/www.studiainitalia.com\/wp-content\/uploads\/2016\/11\/learn-italian-in-salerno-e1490028343528.jpg",350,352,false],"large":["https:\/\/www.studiainitalia.com\/wp-content\/uploads\/2016\/11\/learn-italian-in-salerno-e1490028343528.jpg",350,352,false],"1536x1536":["https:\/\/www.studiainitalia.com\/wp-content\/uploads\/2016\/11\/learn-italian-in-salerno-e1490028343528.jpg",350,352,false],"2048x2048":["https:\/\/www.studiainitalia.com\/wp-content\/uploads\/2016\/11\/learn-italian-in-salerno-e1490028343528.jpg",350,352,false],"ultp_layout_landscape_large":["https:\/\/www.studiainitalia.com\/wp-content\/uploads\/2016\/11\/learn-italian-in-salerno-e1490028343528.jpg",350,352,false],"ultp_layout_landscape":["https:\/\/www.studiainitalia.com\/wp-content\/uploads\/2016\/11\/learn-italian-in-salerno-e1490028343528.jpg",350,352,false],"ultp_layout_portrait":["https:\/\/www.studiainitalia.com\/wp-content\/uploads\/2016\/11\/learn-italian-in-salerno-e1490028343528.jpg",350,352,false],"ultp_layout_square":["https:\/\/www.studiainitalia.com\/wp-content\/uploads\/2016\/11\/learn-italian-in-salerno-e1490028343528.jpg",350,352,false],"gform-image-choice-sm":["https:\/\/www.studiainitalia.com\/wp-content\/uploads\/2016\/11\/learn-italian-in-salerno-e1490028343528.jpg",298,300,false],"gform-image-choice-md":["https:\/\/www.studiainitalia.com\/wp-content\/uploads\/2016\/11\/learn-italian-in-salerno-e1490028343528.jpg",350,352,false],"gform-image-choice-lg":["https:\/\/www.studiainitalia.com\/wp-content\/uploads\/2016\/11\/learn-italian-in-salerno-e1490028343528.jpg",350,352,false],"woocommerce_thumbnail":["https:\/\/www.studiainitalia.com\/wp-content\/uploads\/2016\/11\/learn-italian-in-salerno-e1490028343528-300x300.jpg",300,300,true],"woocommerce_single":["https:\/\/www.studiainitalia.com\/wp-content\/uploads\/2016\/11\/learn-italian-in-salerno-e1490028343528.jpg",350,352,false],"woocommerce_gallery_thumbnail":["https:\/\/www.studiainitalia.com\/wp-content\/uploads\/2016\/11\/learn-italian-in-salerno-e1490028343528-100x100.jpg",100,100,true],"yarpp-thumbnail":["https:\/\/www.studiainitalia.com\/wp-content\/uploads\/2016\/11\/learn-italian-in-salerno-e1490028343528.jpg",120,120,false]},"uagb_author_info":{"display_name":"Javier Diaz","author_link":"https:\/\/www.studiainitalia.com\/es\/author\/"},"uagb_comment_info":11,"uagb_excerpt":"\u00a1Aprende italiano en Salerno, con la costa amalfitana al alcance de la mano! Salerno es el lugar ideal para asistir a tu curso de italiano. En la ciudad encontrar\u00e1s una muy buena selecci\u00f3n de restaurantes, bares y actividades a precios muy bajos. Es tu puerta de entrada al sur de Italia. Desde aqu\u00ed, est\u00e1s a&hellip;","_links":{"self":[{"href":"https:\/\/www.studiainitalia.com\/es\/wp-json\/wp\/v2\/product\/188368","targetHints":{"allow":["GET"]}}],"collection":[{"href":"https:\/\/www.studiainitalia.com\/es\/wp-json\/wp\/v2\/product"}],"about":[{"href":"https:\/\/www.studiainitalia.com\/es\/wp-json\/wp\/v2\/types\/product"}],"replies":[{"embeddable":true,"href":"https:\/\/www.studiainitalia.com\/es\/wp-json\/wp\/v2\/comments?post=188368"}],"wp:featuredmedia":[{"embeddable":true,"href":"https:\/\/www.studiainitalia.com\/es\/wp-json\/wp\/v2\/media\/118448"}],"wp:attachment":[{"href":"https:\/\/www.studiainitalia.com\/es\/wp-json\/wp\/v2\/media?parent=188368"}],"wp:term":[{"taxonomy":"section","embeddable":true,"href":"https:\/\/www.studiainitalia.com\/es\/wp-json\/wp\/v2\/section?post=188368"},{"taxonomy":"product_brand","embeddable":true,"href":"https:\/\/www.studiainitalia.com\/es\/wp-json\/wp\/v2\/product_brand?post=188368"},{"taxonomy":"product_cat","embeddable":true,"href":"https:\/\/www.studiainitalia.com\/es\/wp-json\/wp\/v2\/product_cat?post=188368"},{"taxonomy":"product_tag","embeddable":true,"href":"https:\/\/www.studiainitalia.com\/es\/wp-json\/wp\/v2\/product_tag?post=188368"}],"curies":[{"name":"wp","href":"https:\/\/api.w.org\/{rel}","templated":true}]}}