{"id":188380,"date":"2016-11-06T19:53:54","date_gmt":"2016-11-06T18:53:54","guid":{"rendered":"https:\/\/www.studiainitalia.com\/courses\/sin%20categor\u00eda\/italiano-en-turin\/"},"modified":"2026-04-03T07:56:51","modified_gmt":"2026-04-03T05:56:51","slug":"italiano-en-turin","status":"publish","type":"product","link":"https:\/\/www.studiainitalia.com\/es\/cursos\/cursos-de-italiano-en-italia\/italiano-en-turin\/","title":{"rendered":"Cursos de Italiano en Tur\u00edn"},"content":{"rendered":"<h2>Curso de Italiano en Tur\u00edn<\/h2>\n<p>&nbsp;<\/p>\n<p>La escuela de italiano en Tur\u00edn, Italiano Porticando, fue fundada en 2005. Se encuentra en un edificio hist\u00f3rico del siglo XVIII, en el centro de Tur\u00edn.<\/p>\n<p>Cuando eliges estudiar italiano en Tur\u00edn, te sumerges de lleno en la lengua, de la mejor manera posible.<\/p>\n<p>La escuela utiliza un m\u00e9todo de ense\u00f1anza comunicativa directa, lo que significa que el italiano es el \u00fanico idioma que se habla desde el primer d\u00eda.<\/p>\n<p>Los profesores son expertos en la ense\u00f1anza de idiomas extranjeros, por lo que no necesitan el ingl\u00e9s u otros idiomas para explicar los conceptos.<\/p>\n<p>Esto se aplica a todos los niveles, desde principiantes absolutos (A1) hasta estudiantes avanzados (C2).<\/p>\n<p>El objetivo principal es desarrollar primero tu confianza y tus habilidades comunicativas, para luego perfeccionar tu gram\u00e1tica y eliminar los errores.<\/p>\n<p>Los programas intensivos est\u00e1n dise\u00f1ados para ser rigurosos y atractivos, y se adaptan perfectamente al estilo de vida de alguien que se muda a Tur\u00edn, Italia, para estudiar italiano.<\/p>\n<p>El plan de estudios va m\u00e1s all\u00e1 de los libros de texto para garantizar que puedas desenvolverte en la vida cotidiana en Italia:<\/p>\n<ul>\n<li><b>Materiales estimulantes:<\/b> uso de canciones, pel\u00edculas, literatura, anuncios y art\u00edculos de prensa.<\/li>\n<li><b>Situaciones simuladas:<\/b> las actividades est\u00e1n dise\u00f1adas para imitar las interacciones sociales y los recados de la vida real.<\/li>\n<li><b>Certificaci\u00f3n:<\/b> al finalizar tus estudios, recibir\u00e1s un certificado de asistencia en el que se detallar\u00e1 tu nivel y el tipo de curso.<\/li>\n<\/ul>\n<p>Las aulas son luminosas y acogedoras. Toda la escuela ofrece un ambiente c\u00f3modo y acogedor que te har\u00e1 sentir m\u00e1s en casa que en la escuela.<\/p>\n<p>Los estudiantes tienen a tu disposici\u00f3n una amplia variedad de materiales did\u00e1cticos, como libros, peri\u00f3dicos y revistas. Adem\u00e1s, puedes tomar prestados CD y DVD o utilizarlos en la escuela.<\/p>\n<h3><b>Estructura del curso<\/b><\/h3>\n<p>&nbsp;<\/p>\n<ul>\n<li>20 horas semanales (4 clases al d\u00eda, de lunes a viernes)<\/li>\n<li>Horario matutino para cursos intensivos<\/li>\n<li>Duraci\u00f3n flexible: a partir de 1 semana<\/li>\n<li>Tama\u00f1o de los grupos<b>:<\/b> Grupos reducidos e internacionales (normalmente <b>6-8 estudiantes<\/b>).<\/li>\n<\/ul>\n<h3><b>Tipos de cursos de italiano disponibles en Tur\u00edn<\/b><\/h3>\n<p>&nbsp;<\/p>\n<ul>\n<li>Curso intensivo de italiano (4 lecciones al d\u00eda)<\/li>\n<li>Cursos semintensivos (3 lecciones al d\u00eda)<\/li>\n<li>Cursos de italiano de larga duraci\u00f3n<\/li>\n<li>Clases particulares de italiano<\/li>\n<li>Cursos de conversaci\u00f3n<\/li>\n<li>Cursos de italiano online y de tarde<\/li>\n<li>Cursos combinados de lengua y cultura italiana (arte, cocina, cultura)<\/li>\n<\/ul>\n<h2><b>Fechas de inicio y detalles<\/b><\/h2>\n<p>&nbsp;<\/p>\n<ul>\n<li><b>Duraci\u00f3n de las clases<\/b>: 50 minutos<\/li>\n<li><b>Tama\u00f1o medio de las clases<\/b>: 8 alumnos<\/li>\n<li><b>Tama\u00f1o m\u00e1ximo de las clases<\/b>: 12 alumnos<\/li>\n<li><b>Horario<\/b>: Ma\u00f1ana<\/li>\n<li><b>Materiales del curso<\/b>: Incluidos<\/li>\n<li><b>Prueba de nivel y certificado final<\/b>: Incluidos<\/li>\n<li><b>Ubicaci\u00f3n<\/b>: Via Pietro Micca 20<\/li>\n<li><b>Otros servicios<\/b>: Acceso a Internet, biblioteca, actividades sociales y traslado al aeropuerto disponibles<\/li>\n<\/ul>\n<p>&nbsp;<\/p>\n<table id=\"tablepress-69\" class=\"tablepress tablepress-id-69\">\n<thead>\n<tr class=\"row-1 odd\">\n<th class=\"column-1\" colspan=\"6\">Fechas de Inicio 2026<\/th>\n<\/tr>\n<\/thead>\n<tbody class=\"row-hover\">\n<tr class=\"row-2 even\">\n<td class=\"column-1\">Enero<\/td>\n<td class=\"column-2\">5<\/td>\n<td class=\"column-3\">Mayo<\/td>\n<td class=\"column-4\">4<\/td>\n<td class=\"column-5\">Septiembre<\/td>\n<td class=\"column-6\">28<\/td>\n<\/tr>\n<tr class=\"row-3 odd\">\n<td class=\"column-1\">Febrero<\/td>\n<td class=\"column-2\">2<\/td>\n<td class=\"column-3\">Junio<\/td>\n<td class=\"column-4\">1<\/td>\n<td class=\"column-5\">Octobre<\/td>\n<td class=\"column-6\">26<\/td>\n<\/tr>\n<tr class=\"row-4 even\">\n<td class=\"column-1\">Marzo<\/td>\n<td class=\"column-2\">2, 30<\/td>\n<td class=\"column-3\">Julio<\/td>\n<td class=\"column-4\">6<\/td>\n<td class=\"column-5\">Noviembre<\/td>\n<td class=\"column-6\">23<\/td>\n<\/tr>\n<tr class=\"row-5 odd\">\n<td class=\"column-1\">Abril<\/td>\n<td class=\"column-2\"><\/td>\n<td class=\"column-3\">Agosto<\/td>\n<td class=\"column-4\">3, 31<\/td>\n<td class=\"column-5\">Diciembre<\/td>\n<td class=\"column-6\"><\/td>\n<\/tr>\n<tr class=\"row-6 even\">\n<td class=\"column-1\" colspan=\"6\">Los estudiantes no principiantes pueden empezar el curso cada lunes bajo previa solicitud.<br \/>\nLa escuela permanecer\u00e1 cerrada durante las fiestas nacionales: Epifan\u00eda (06\/01), Lunes de Pascua, D\u00eda de la Liberaci\u00f3n (25\/04), D\u00eda del Trabajo (01\/05), D\u00eda de la Republica (02\/06), Ferragosto (15\/08), Todos los Santos (01\/11), Inmaculada Concepci\u00f3n (8\/12), vacaciones de Navidad y A\u00f1o Nuevo.<\/td>\n<\/tr>\n<\/tbody>\n<\/table>\n<h2><\/h2>\n<h2><b>\u00bfPor qu\u00e9 estudiar italiano en Tur\u00edn?<\/b><\/h2>\n<p>&nbsp;<\/p>\n<p>Una de las mejores razones para estudiar italiano en Tur\u00edn, Italia, es la calidad del idioma hablado. Tur\u00edn ofrece un entorno \u00ablimpio\u00bb para los estudiantes.<\/p>\n<ul>\n<li><b>Acento neutro y elegante:<\/b> El acento local est\u00e1 considerado como uno de los m\u00e1s claros y \u00abest\u00e1ndar\u00bb de Italia. Esto hace que a los principiantes les resulte mucho m\u00e1s f\u00e1cil imitar la pronunciaci\u00f3n correcta.<\/li>\n<li><b>Ritmo mesurado:<\/b> los turineses tienden a articular bien y a hablar a un ritmo constante y mesurado, lo que es una gran ayuda para los estudiantes que practican sus habilidades de comprensi\u00f3n auditiva.<\/li>\n<li><b>Italiano est\u00e1ndar en lugar de dialecto:<\/b> aunque existe el dialecto local <i>piemont\u00e9s<\/i>, rara vez se utiliza con los forasteros. Casi siempre escuchar\u00e1s y hablar\u00e1s italiano est\u00e1ndar.<\/li>\n<\/ul>\n<p><b>Ventajas de estudiar italiano en Tur\u00edn<\/b><\/p>\n<p>Tur\u00edn es una ciudad construida sobre una base de educaci\u00f3n e historia, lo que proporciona un entorno estimulante para tus estudios.<\/p>\n<ul>\n<li>Es la sede de la Universit\u00e0 di Torino, una de las universidades m\u00e1s antiguas y prestigiosas de Italia.<\/li>\n<li>Tendr\u00e1s acceso directo al <b>Museo Egipcio<\/b> (el segundo m\u00e1s importante del mundo) y al <b>Museo Nacional del Cine<\/b>, ubicado dentro del emblem\u00e1tico edificio de la ciudad, la <i>Mole Antonelliana<\/i>.<\/li>\n<li><b>Los Alpes <\/b>y m\u00e1s all\u00e1: cuando necesites un descanso de los libros, los Alpes est\u00e1n a solo una hora de distancia para esquiar o hacer senderismo.<\/li>\n<li>Est\u00e1s en una posici\u00f3n perfecta para hacer escapadas de fin de semana a Francia, Suiza o la soleada costa de Liguria.<\/li>\n<\/ul>\n<h3><b>Actividades y vida cultural en Tur\u00edn<\/b><\/h3>\n<p>&nbsp;<\/p>\n<p>Las clases se complementan con actividades extracurriculares organizadas por la escuela por la tarde, lo que permite a los estudiantes poner en pr\u00e1ctica lo que han aprendido durante las clases de la ma\u00f1ana.<\/p>\n<p>De hecho, la ciudad y la regi\u00f3n ofrecen a j\u00f3venes y mayores muchos eventos y numerosas oportunidades para pasar un buen rato, relajarse y descubrir cosas nuevas y particulares:<\/p>\n<ul>\n<li>Museos, exposiciones de arte moderno<\/li>\n<li>Eventos enogastron\u00f3micos<\/li>\n<li>Festivales y conmemoraciones de acontecimientos hist\u00f3ricos<\/li>\n<li>Senderismo en las colinas alrededor de Tur\u00edn<\/li>\n<li>Excursiones a los Alpes<\/li>\n<li>Excursiones a la Langa y a los vi\u00f1edos<\/li>\n<li>Excursiones a los \u00abgrandes\u00bb lagos del Piamonte<\/li>\n<li>No dej\u00e9is de probar un<i> Bicerin <\/i>mientras est\u00e9is all\u00ed: es una bebida caliente tradicional a base de caf\u00e9, chocolate y nata. \u00a1Es un rito de iniciaci\u00f3n en Tur\u00edn!<\/li>\n<li><b>Cuna del aperitivo:<\/b> Tur\u00edn es la reina del <i>Apericena, <\/i>disfrutad de una bebida y un buf\u00e9 completo.<\/li>\n<\/ul>\n<p>&nbsp;<\/p>\n","protected":false},"excerpt":{"rendered":"<h2><b>Aprende italiano en Tur\u00edn, la ciudad m\u00e1s elegante de Italia<\/b><\/h2>\n<p>Tur\u00edn es famosa por su elegancia, sus parques y sus museos. Merece la pena visitar el <b><i>Museo Egipcio<\/i><\/b> y el <b><i>Museo del Cine Italiano<\/i><\/b>. Tambi\u00e9n es la <b><i>capital del chocolate<\/i><\/b>.<\/p>\n<p>Tur\u00edn es una ciudad conocida por ser un centro industrial, pero poco conocida por los turistas. Sin embargo, Tur\u00edn tiene un incre\u00edble legado art\u00edstico y cultural que ofrecer a quienes aman Italia, su idioma y su cultura.<\/p>\n<p>Los d\u00edas de niebla, las largas avenidas y las vistas a las monta\u00f1as son <i>parte de su encanto<\/i>. No te resistas, \u00a1d\u00e9jate llevar!<\/p>\n<p>La ciudad cuenta con m\u00e1s de <b>18 km de arcadas cubiertas (portici)<\/b>, y pasear bajo ellas forma parte de la vida cotidiana, no solo del turismo.<\/p>\n","protected":false},"featured_media":118544,"comment_status":"open","ping_status":"closed","template":"","meta":{"_acf_changed":false,"_uag_custom_page_level_css":"","_kad_blocks_custom_css":"","_kad_blocks_head_custom_js":"","_kad_blocks_body_custom_js":"","_kad_blocks_footer_custom_js":"","site-sidebar-layout":"default","site-content-layout":"default","ast-site-content-layout":"default","site-content-style":"default","site-sidebar-style":"default","ast-global-header-display":"","ast-banner-title-visibility":"","ast-main-header-display":"","ast-hfb-above-header-display":"","ast-hfb-below-header-display":"","ast-hfb-mobile-header-display":"","site-post-title":"","ast-breadcrumbs-content":"","ast-featured-img":"","footer-sml-layout":"","ast-disable-related-posts":"","theme-transparent-header-meta":"default","adv-header-id-meta":"","stick-header-meta":"default","header-above-stick-meta":"","header-main-stick-meta":"","header-below-stick-meta":"","astra-migrate-meta-layouts":"set","ast-page-background-enabled":"default","ast-page-background-meta":{"desktop":{"background-color":"var(--ast-global-color-4)","background-image":"","background-repeat":"repeat","background-position":"center center","background-size":"auto","background-attachment":"scroll","background-type":"","background-media":"","overlay-type":"","overlay-color":"","overlay-opacity":"","overlay-gradient":""},"tablet":{"background-color":"","background-image":"","background-repeat":"repeat","background-position":"center center","background-size":"auto","background-attachment":"scroll","background-type":"","background-media":"","overlay-type":"","overlay-color":"","overlay-opacity":"","overlay-gradient":""},"mobile":{"background-color":"","background-image":"","background-repeat":"repeat","background-position":"center center","background-size":"auto","background-attachment":"scroll","background-type":"","background-media":"","overlay-type":"","overlay-color":"","overlay-opacity":"","overlay-gradient":""}},"ast-content-background-meta":{"desktop":{"background-color":"var(--ast-global-color-5)","background-image":"","background-repeat":"repeat","background-position":"center center","background-size":"auto","background-attachment":"scroll","background-type":"","background-media":"","overlay-type":"","overlay-color":"","overlay-opacity":"","overlay-gradient":""},"tablet":{"background-color":"var(--ast-global-color-5)","background-image":"","background-repeat":"repeat","background-position":"center center","background-size":"auto","background-attachment":"scroll","background-type":"","background-media":"","overlay-type":"","overlay-color":"","overlay-opacity":"","overlay-gradient":""},"mobile":{"background-color":"var(--ast-global-color-5)","background-image":"","background-repeat":"repeat","background-position":"center center","background-size":"auto","background-attachment":"scroll","background-type":"","background-media":"","overlay-type":"","overlay-color":"","overlay-opacity":"","overlay-gradient":""}}},"section":[2027],"product_brand":[],"product_cat":[1254,1312],"product_tag":[1842],"class_list":{"0":"post-188380","1":"product","2":"type-product","3":"status-publish","4":"has-post-thumbnail","6":"section-north","7":"product_cat-cursos-de-italiano-en-italia","8":"product_cat-cursos-en-turin","9":"product_tag-cursos-de-italiano-en-italia","10":"desktop-align-left","11":"tablet-align-left","12":"mobile-align-left","13":"ast-product-gallery-layout-horizontal-slider","14":"ast-product-gallery-with-no-image","15":"ast-product-single-variable","16":"ast-product-tabs-layout-horizontal","17":"ast-qv-on-image-click","19":"first","20":"instock","21":"sold-individually","22":"shipping-taxable","23":"purchasable","24":"product-type-variable","25":"has-default-attributes"},"acf":[],"taxonomy_info":{"section":[{"value":2027,"label":"North"}],"product_cat":[{"value":1254,"label":"Cursos de italiano en Italia"},{"value":1312,"label":"Cursos en Tur\u00edn"}],"product_tag":[{"value":1842,"label":"CURSOS DE ITALIANO EN ITALIA"}]},"featured_image_src_large":["https:\/\/www.studiainitalia.com\/wp-content\/uploads\/2016\/11\/learn-italian-in-turin-e1490029138302.jpg",350,350,false],"author_info":[],"comment_info":10,"uagb_featured_image_src":{"full":["https:\/\/www.studiainitalia.com\/wp-content\/uploads\/2016\/11\/learn-italian-in-turin-e1490029138302.jpg",350,350,false],"thumbnail":["https:\/\/www.studiainitalia.com\/wp-content\/uploads\/2016\/11\/learn-italian-in-turin-150x150.jpg",96,96,true],"medium":["https:\/\/www.studiainitalia.com\/wp-content\/uploads\/2016\/11\/learn-italian-in-turin-300x300.jpg",300,300,true],"medium_large":["https:\/\/www.studiainitalia.com\/wp-content\/uploads\/2016\/11\/learn-italian-in-turin-e1490029138302.jpg",350,350,false],"large":["https:\/\/www.studiainitalia.com\/wp-content\/uploads\/2016\/11\/learn-italian-in-turin-e1490029138302.jpg",350,350,false],"1536x1536":["https:\/\/www.studiainitalia.com\/wp-content\/uploads\/2016\/11\/learn-italian-in-turin-e1490029138302.jpg",350,350,false],"2048x2048":["https:\/\/www.studiainitalia.com\/wp-content\/uploads\/2016\/11\/learn-italian-in-turin-e1490029138302.jpg",350,350,false],"ultp_layout_landscape_large":["https:\/\/www.studiainitalia.com\/wp-content\/uploads\/2016\/11\/learn-italian-in-turin-e1490029138302.jpg",350,350,false],"ultp_layout_landscape":["https:\/\/www.studiainitalia.com\/wp-content\/uploads\/2016\/11\/learn-italian-in-turin-e1490029138302.jpg",350,350,false],"ultp_layout_portrait":["https:\/\/www.studiainitalia.com\/wp-content\/uploads\/2016\/11\/learn-italian-in-turin-e1490029138302.jpg",350,350,false],"ultp_layout_square":["https:\/\/www.studiainitalia.com\/wp-content\/uploads\/2016\/11\/learn-italian-in-turin-e1490029138302.jpg",350,350,false],"gform-image-choice-sm":["https:\/\/www.studiainitalia.com\/wp-content\/uploads\/2016\/11\/learn-italian-in-turin-e1490029138302.jpg",300,300,false],"gform-image-choice-md":["https:\/\/www.studiainitalia.com\/wp-content\/uploads\/2016\/11\/learn-italian-in-turin-e1490029138302.jpg",350,350,false],"gform-image-choice-lg":["https:\/\/www.studiainitalia.com\/wp-content\/uploads\/2016\/11\/learn-italian-in-turin-e1490029138302.jpg",350,350,false],"woocommerce_thumbnail":["https:\/\/www.studiainitalia.com\/wp-content\/uploads\/2016\/11\/learn-italian-in-turin-e1490029138302-300x300.jpg",300,300,true],"woocommerce_single":["https:\/\/www.studiainitalia.com\/wp-content\/uploads\/2016\/11\/learn-italian-in-turin-e1490029138302.jpg",350,350,false],"woocommerce_gallery_thumbnail":["https:\/\/www.studiainitalia.com\/wp-content\/uploads\/2016\/11\/learn-italian-in-turin-e1490029138302-100x100.jpg",100,100,true],"yarpp-thumbnail":["https:\/\/www.studiainitalia.com\/wp-content\/uploads\/2016\/11\/learn-italian-in-turin-e1490029138302.jpg",120,120,false]},"uagb_author_info":{"display_name":"Javier Diaz","author_link":"https:\/\/www.studiainitalia.com\/es\/author\/"},"uagb_comment_info":10,"uagb_excerpt":"Aprende italiano en Tur\u00edn, la ciudad m\u00e1s elegante de Italia Tur\u00edn es famosa por su elegancia, sus parques y sus museos. Merece la pena visitar el Museo Egipcio y el Museo del Cine Italiano. Tambi\u00e9n es la capital del chocolate. Tur\u00edn es una ciudad conocida por ser un centro industrial, pero poco conocida por los&hellip;","_links":{"self":[{"href":"https:\/\/www.studiainitalia.com\/es\/wp-json\/wp\/v2\/product\/188380","targetHints":{"allow":["GET"]}}],"collection":[{"href":"https:\/\/www.studiainitalia.com\/es\/wp-json\/wp\/v2\/product"}],"about":[{"href":"https:\/\/www.studiainitalia.com\/es\/wp-json\/wp\/v2\/types\/product"}],"replies":[{"embeddable":true,"href":"https:\/\/www.studiainitalia.com\/es\/wp-json\/wp\/v2\/comments?post=188380"}],"wp:featuredmedia":[{"embeddable":true,"href":"https:\/\/www.studiainitalia.com\/es\/wp-json\/wp\/v2\/media\/118544"}],"wp:attachment":[{"href":"https:\/\/www.studiainitalia.com\/es\/wp-json\/wp\/v2\/media?parent=188380"}],"wp:term":[{"taxonomy":"section","embeddable":true,"href":"https:\/\/www.studiainitalia.com\/es\/wp-json\/wp\/v2\/section?post=188380"},{"taxonomy":"product_brand","embeddable":true,"href":"https:\/\/www.studiainitalia.com\/es\/wp-json\/wp\/v2\/product_brand?post=188380"},{"taxonomy":"product_cat","embeddable":true,"href":"https:\/\/www.studiainitalia.com\/es\/wp-json\/wp\/v2\/product_cat?post=188380"},{"taxonomy":"product_tag","embeddable":true,"href":"https:\/\/www.studiainitalia.com\/es\/wp-json\/wp\/v2\/product_tag?post=188380"}],"curies":[{"name":"wp","href":"https:\/\/api.w.org\/{rel}","templated":true}]}}