{"id":188412,"date":"2016-11-06T16:29:53","date_gmt":"2016-11-06T15:29:53","guid":{"rendered":"https:\/\/www.studiainitalia.com\/courses\/sin%20categor\u00eda\/italiano-en-orbetello\/"},"modified":"2026-03-25T10:31:33","modified_gmt":"2026-03-25T09:31:33","slug":"italiano-en-orbetello","status":"publish","type":"product","link":"https:\/\/www.studiainitalia.com\/es\/cursos\/cursos-de-italiano-en-italia\/italiano-en-orbetello\/","title":{"rendered":"Cursos de Italiano en Orbetello"},"content":{"rendered":"<h2>Italiano en Orbetello<\/h2>\n<p>&nbsp;<\/p>\n<p>Nuestro curso de italiano en Orbetello est\u00e1 organizado por Orbitlingua. La escuela, fundada en 2002, est\u00e1 situada en una zona tranquila y c\u00e9ntrica. Cuenta con un precioso jard\u00edn a su alrededor, donde se imparten algunas clases durante los meses de verano. Aqu\u00ed puedes descansar en el tiempo libre.<\/p>\n<p>&nbsp;<\/p>\n<p>La escuela ofrece cursos intensivos de lengua italiana y un amplio abanico de excursiones por la regi\u00f3n de Maremma y las islas del archipi\u00e9lago toscano.<\/p>\n<p>El personal de la secretar\u00eda sigue a cada estudiante desde el momento en que reserva y durante toda su permanencia en Orbetello. Siempre est\u00e1 disponible para dar todo tipo de informaciones.<\/p>\n<p>&nbsp;<\/p>\n<p>La escuela organiza por la tarde y durante los fines de semana un amplio y variado programa de actividades sociales para sus estudiantes. Estas actividades incluyen visitas y excursiones, fiestas y cenas, seminarios.<\/p>\n<p>Los docentes gu\u03afan estas actividades. El programa completo es entregado el primer d\u00eda de clase.<\/p>\n<p>&nbsp;<\/p>\n<p>Entre las actividades preferidas est\u00e1 la excursi\u00f3n a la isla del Giglio. Tambi\u00e9n cenas de inicio y fin de curso, seminarios y degustaci\u00f3n de vinos, visita a las termas de Saturnia.<\/p>\n<p>&nbsp;<\/p>\n<table id=\"tablepress-59\" class=\"tablepress tablepress-id-59\">\n<thead>\n<tr class=\"row-1 odd\">\n<th class=\"column-1\" colspan=\"6\">Fechas de Inicio 2026<\/th>\n<\/tr>\n<\/thead>\n<tbody class=\"row-hover\">\n<tr class=\"row-2 even\">\n<td class=\"column-1\">Enero<\/td>\n<td class=\"column-2\"><\/td>\n<td class=\"column-3\">Mayo<\/td>\n<td class=\"column-4\"><\/td>\n<td class=\"column-5\">Septiembre<\/td>\n<td class=\"column-6\">7, 21<\/td>\n<\/tr>\n<tr class=\"row-3 odd\">\n<td class=\"column-1\">Febrero<\/td>\n<td class=\"column-2\"><\/td>\n<td class=\"column-3\">Junio<\/td>\n<td class=\"column-4\">1, 15<\/td>\n<td class=\"column-5\">Octobre<\/td>\n<td class=\"column-6\">5, 19<\/td>\n<\/tr>\n<tr class=\"row-4 even\">\n<td class=\"column-1\">Marzo<\/td>\n<td class=\"column-2\"><\/td>\n<td class=\"column-3\">Julio<\/td>\n<td class=\"column-4\"><\/td>\n<td class=\"column-5\">Noviembre<\/td>\n<td class=\"column-6\"><\/td>\n<\/tr>\n<tr class=\"row-5 odd\">\n<td class=\"column-1\">Abril<\/td>\n<td class=\"column-2\"><\/td>\n<td class=\"column-3\">Agosto<\/td>\n<td class=\"column-4\"><\/td>\n<td class=\"column-5\">Diciembre<\/td>\n<td class=\"column-6\"><\/td>\n<\/tr>\n<tr class=\"row-6 even\">\n<td class=\"column-1\" colspan=\"6\">La escuela permanecer\u00e1 cerrada durante las fiestas nacionales: Epifan\u00eda (06\/01), Lunes de Pascua, D\u00eda de la Liberaci\u00f3n (25\/04), D\u00eda del Trabajo (01\/05), D\u00eda de la Republica (02\/06), Ferragosto (15\/08), Todos los Santos (01\/11), Inmaculada Concepci\u00f3n (8\/12), vacaciones de Navidad y A\u00f1o Nuevo.<\/td>\n<\/tr>\n<\/tbody>\n<\/table>\n<p>&nbsp;<\/p>\n<div class=\"aiosrs-rating-wrap\" data-schema-id=\"90691\">\n<div class=\"aiosrs-star-rating-wrap \"><\/div>\n<div class=\"aiosrs-rating-summary-wrap\"><\/div>\n<\/div>\n","protected":false},"excerpt":{"rendered":"<p><strong>Orbetello se encuentra en la regi\u00f3n de Maremma, cerca de Roma, Florencia, Siena y Pisa. Kil\u00f3metros de playas v\u00edrgenes entre dos reservas naturales protegidas. Se puede llegar f\u00e1cilmente al promontorio de Argentario, Porto Santo Stefano, Porto Ercole, las islas de Giglio y Giannutri.<\/strong><\/p>\n<p>&nbsp;<\/p>\n<ul>\n<li>Los cursos intensivos de italiano en Orbetello constan de 20 horas de clase por semana.<\/li>\n<\/ul>\n<ul>\n<li>Los cursos est\u00e1n abiertos a todos los niveles, desde principiante hasta\u00a0 avanzado.<\/li>\n<\/ul>\n<ul>\n<li>El primer d\u03afa de curso todos los estudiantes, a excepci\u00f3n de los principiantes, hacen un test de evaluaci\u00f3n para establecer su nivel. Los grupos son de entre 5 y 10 alumnos.<\/li>\n<\/ul>\n<ul>\n<li>El objetivo principal del curso es ofrecer clases estimulantes de alta calidad en un ambiente agradable, practicando un m\u00e9todo de ense\u00f1anza desarrollado para facilitar la comunicaci\u00f3n sin dejar a parte el aspecto gramatical.<\/li>\n<\/ul>\n<ul>\n<li>Al final del curso los estudiantes recibir\u00e1n un certificado de participaci\u00f3n con indicaci\u00f3n del nivel realizado.<\/li>\n<\/ul>\n<p>Despu\u00e9s de tus clases de italiano podr\u00e1s disfrutar de la playa o practicar tu deporte preferido. Ofrecemos paseos a caballo, cursos de vela, trekking y mucho m\u00e1s.<\/p>\n<p>&nbsp;<\/p>\n","protected":false},"featured_media":197743,"comment_status":"open","ping_status":"closed","template":"","meta":{"_acf_changed":false,"_uag_custom_page_level_css":"","_kad_blocks_custom_css":"","_kad_blocks_head_custom_js":"","_kad_blocks_body_custom_js":"","_kad_blocks_footer_custom_js":"","site-sidebar-layout":"default","site-content-layout":"default","ast-site-content-layout":"default","site-content-style":"default","site-sidebar-style":"default","ast-global-header-display":"","ast-banner-title-visibility":"","ast-main-header-display":"","ast-hfb-above-header-display":"","ast-hfb-below-header-display":"","ast-hfb-mobile-header-display":"","site-post-title":"","ast-breadcrumbs-content":"","ast-featured-img":"","footer-sml-layout":"","ast-disable-related-posts":"","theme-transparent-header-meta":"default","adv-header-id-meta":"","stick-header-meta":"default","header-above-stick-meta":"","header-main-stick-meta":"","header-below-stick-meta":"","astra-migrate-meta-layouts":"set","ast-page-background-enabled":"default","ast-page-background-meta":{"desktop":{"background-color":"var(--ast-global-color-4)","background-image":"","background-repeat":"repeat","background-position":"center center","background-size":"auto","background-attachment":"scroll","background-type":"","background-media":"","overlay-type":"","overlay-color":"","overlay-opacity":"","overlay-gradient":""},"tablet":{"background-color":"","background-image":"","background-repeat":"repeat","background-position":"center center","background-size":"auto","background-attachment":"scroll","background-type":"","background-media":"","overlay-type":"","overlay-color":"","overlay-opacity":"","overlay-gradient":""},"mobile":{"background-color":"","background-image":"","background-repeat":"repeat","background-position":"center center","background-size":"auto","background-attachment":"scroll","background-type":"","background-media":"","overlay-type":"","overlay-color":"","overlay-opacity":"","overlay-gradient":""}},"ast-content-background-meta":{"desktop":{"background-color":"var(--ast-global-color-5)","background-image":"","background-repeat":"repeat","background-position":"center center","background-size":"auto","background-attachment":"scroll","background-type":"","background-media":"","overlay-type":"","overlay-color":"","overlay-opacity":"","overlay-gradient":""},"tablet":{"background-color":"var(--ast-global-color-5)","background-image":"","background-repeat":"repeat","background-position":"center center","background-size":"auto","background-attachment":"scroll","background-type":"","background-media":"","overlay-type":"","overlay-color":"","overlay-opacity":"","overlay-gradient":""},"mobile":{"background-color":"var(--ast-global-color-5)","background-image":"","background-repeat":"repeat","background-position":"center center","background-size":"auto","background-attachment":"scroll","background-type":"","background-media":"","overlay-type":"","overlay-color":"","overlay-opacity":"","overlay-gradient":""}}},"section":[2028],"product_brand":[],"product_cat":[1254,1313],"product_tag":[1842],"class_list":{"0":"post-188412","1":"product","2":"type-product","3":"status-publish","4":"has-post-thumbnail","6":"section-center","7":"product_cat-cursos-de-italiano-en-italia","8":"product_cat-cursos-en-orbetello","9":"product_tag-cursos-de-italiano-en-italia","10":"desktop-align-left","11":"tablet-align-left","12":"mobile-align-left","13":"ast-product-gallery-layout-horizontal-slider","14":"ast-product-single-variable","15":"ast-product-tabs-layout-horizontal","16":"ast-qv-on-image-click","18":"first","19":"instock","20":"sold-individually","21":"shipping-taxable","22":"purchasable","23":"product-type-variable","24":"has-default-attributes"},"acf":[],"taxonomy_info":{"section":[{"value":2028,"label":"Center"}],"product_cat":[{"value":1254,"label":"Cursos de italiano en Italia"},{"value":1313,"label":"Cursos en Orbetello"}],"product_tag":[{"value":1842,"label":"CURSOS DE ITALIANO EN ITALIA"}]},"featured_image_src_large":["https:\/\/www.studiainitalia.com\/wp-content\/uploads\/2024\/03\/ORBETELLO.jpg",960,720,false],"author_info":[],"comment_info":2,"uagb_featured_image_src":{"full":["https:\/\/www.studiainitalia.com\/wp-content\/uploads\/2024\/03\/ORBETELLO.jpg",960,720,false],"thumbnail":["https:\/\/www.studiainitalia.com\/wp-content\/uploads\/2024\/03\/ORBETELLO.jpg",128,96,false],"medium":["https:\/\/www.studiainitalia.com\/wp-content\/uploads\/2024\/03\/ORBETELLO.jpg",960,720,false],"medium_large":["https:\/\/www.studiainitalia.com\/wp-content\/uploads\/2024\/03\/ORBETELLO-768x576.jpg",768,576,true],"large":["https:\/\/www.studiainitalia.com\/wp-content\/uploads\/2024\/03\/ORBETELLO.jpg",960,720,false],"1536x1536":["https:\/\/www.studiainitalia.com\/wp-content\/uploads\/2024\/03\/ORBETELLO.jpg",960,720,false],"2048x2048":["https:\/\/www.studiainitalia.com\/wp-content\/uploads\/2024\/03\/ORBETELLO.jpg",960,720,false],"ultp_layout_landscape_large":["https:\/\/www.studiainitalia.com\/wp-content\/uploads\/2024\/03\/ORBETELLO.jpg",960,720,false],"ultp_layout_landscape":["https:\/\/www.studiainitalia.com\/wp-content\/uploads\/2024\/03\/ORBETELLO-870x570.jpg",870,570,true],"ultp_layout_portrait":["https:\/\/www.studiainitalia.com\/wp-content\/uploads\/2024\/03\/ORBETELLO-600x720.jpg",600,720,true],"ultp_layout_square":["https:\/\/www.studiainitalia.com\/wp-content\/uploads\/2024\/03\/ORBETELLO-600x600.jpg",600,600,true],"gform-image-choice-sm":["https:\/\/www.studiainitalia.com\/wp-content\/uploads\/2024\/03\/ORBETELLO.jpg",300,225,false],"gform-image-choice-md":["https:\/\/www.studiainitalia.com\/wp-content\/uploads\/2024\/03\/ORBETELLO.jpg",400,300,false],"gform-image-choice-lg":["https:\/\/www.studiainitalia.com\/wp-content\/uploads\/2024\/03\/ORBETELLO.jpg",600,450,false],"woocommerce_thumbnail":["https:\/\/www.studiainitalia.com\/wp-content\/uploads\/2024\/03\/ORBETELLO-300x300.jpg",300,300,true],"woocommerce_single":["https:\/\/www.studiainitalia.com\/wp-content\/uploads\/2024\/03\/ORBETELLO-400x300.jpg",400,300,true],"woocommerce_gallery_thumbnail":["https:\/\/www.studiainitalia.com\/wp-content\/uploads\/2024\/03\/ORBETELLO-100x100.jpg",100,100,true],"yarpp-thumbnail":["https:\/\/www.studiainitalia.com\/wp-content\/uploads\/2024\/03\/ORBETELLO-120x120.jpg",120,120,true]},"uagb_author_info":{"display_name":"Javier Diaz","author_link":"https:\/\/www.studiainitalia.com\/es\/author\/"},"uagb_comment_info":2,"uagb_excerpt":"Orbetello se encuentra en la regi\u00f3n de Maremma, cerca de Roma, Florencia, Siena y Pisa. Kil\u00f3metros de playas v\u00edrgenes entre dos reservas naturales protegidas. Se puede llegar f\u00e1cilmente al promontorio de Argentario, Porto Santo Stefano, Porto Ercole, las islas de Giglio y Giannutri. &nbsp; Los cursos intensivos de italiano en Orbetello constan de 20 horas&hellip;","_links":{"self":[{"href":"https:\/\/www.studiainitalia.com\/es\/wp-json\/wp\/v2\/product\/188412","targetHints":{"allow":["GET"]}}],"collection":[{"href":"https:\/\/www.studiainitalia.com\/es\/wp-json\/wp\/v2\/product"}],"about":[{"href":"https:\/\/www.studiainitalia.com\/es\/wp-json\/wp\/v2\/types\/product"}],"replies":[{"embeddable":true,"href":"https:\/\/www.studiainitalia.com\/es\/wp-json\/wp\/v2\/comments?post=188412"}],"wp:featuredmedia":[{"embeddable":true,"href":"https:\/\/www.studiainitalia.com\/es\/wp-json\/wp\/v2\/media\/197743"}],"wp:attachment":[{"href":"https:\/\/www.studiainitalia.com\/es\/wp-json\/wp\/v2\/media?parent=188412"}],"wp:term":[{"taxonomy":"section","embeddable":true,"href":"https:\/\/www.studiainitalia.com\/es\/wp-json\/wp\/v2\/section?post=188412"},{"taxonomy":"product_brand","embeddable":true,"href":"https:\/\/www.studiainitalia.com\/es\/wp-json\/wp\/v2\/product_brand?post=188412"},{"taxonomy":"product_cat","embeddable":true,"href":"https:\/\/www.studiainitalia.com\/es\/wp-json\/wp\/v2\/product_cat?post=188412"},{"taxonomy":"product_tag","embeddable":true,"href":"https:\/\/www.studiainitalia.com\/es\/wp-json\/wp\/v2\/product_tag?post=188412"}],"curies":[{"name":"wp","href":"https:\/\/api.w.org\/{rel}","templated":true}]}}