{"id":188448,"date":"2016-11-07T13:51:08","date_gmt":"2016-11-07T12:51:08","guid":{"rendered":"https:\/\/www.studiainitalia.com\/courses\/sin%20categor\u00eda\/italiano-en-verona\/"},"modified":"2026-04-28T08:53:11","modified_gmt":"2026-04-28T06:53:11","slug":"italiano-en-verona","status":"publish","type":"product","link":"https:\/\/www.studiainitalia.com\/es\/cursos\/cursos-de-italiano-en-italia\/italiano-en-verona\/","title":{"rendered":"Cursos de Italiano en Verona"},"content":{"rendered":"<h2>Curso de Italiano en Verona<\/h2>\n<p>&nbsp;<\/p>\n<p>La escuela de italiano en Verona, In Classe, se encuentra en el casco antiguo de la ciudad, a pocos pasos del Castillo Scaligero y de la Arena. La posici\u00f3n permite desplazarte por todo el centro caminando.<\/p>\n<p>La escuela ofrece cursos de italiano para todos los niveles, desde A1 hasta C2.<\/p>\n<p>Nuestra escuela cuenta con aulas luminosas y espaciosas, Wi-Fi gratuito, una cafeter\u00eda y una biblioteca, lo que proporciona un entorno c\u00f3modo para que los estudiantes internacionales se sumerjan en el idioma.<\/p>\n<p>Nuestros profesores nativos certificados utilizan un enfoque comunicativo moderno que da prioridad a tus necesidades individuales y a tu ritmo de aprendizaje. Para garantizar una atenci\u00f3n personalizada y un progreso constante, las clases son reducidas, con un m\u00e1ximo de ocho alumnos. Creemos que el aprendizaje debe ser agradable y sin estr\u00e9s, por lo que nuestras lecciones utilizan juegos de rol y juegos interactivos para ayudarte a utilizar el italiano de forma natural y con confianza.<\/p>\n<p>Al combinar libros de texto modernos con materiales aut\u00e9nticos y reales, vamos m\u00e1s all\u00e1 del italiano b\u00e1sico de los libros de texto para ense\u00f1arte el idioma cotidiano que se utiliza en la calle. A trav\u00e9s de este m\u00e9todo din\u00e1mico y funcional, consolidar\u00e1s tus habilidades y progresar\u00e1s r\u00e1pidamente mientras disfrutas del animado ambiente de Verona.<\/p>\n<p>La escuela, totalmente cubierta por Wi-Fi gratuito, est\u00e1 equipada con aulas luminosas, amplias y c\u00f3modas. Tambi\u00e9n hay una cafeter\u00eda y una peque\u00f1a biblioteca donde se pueden ver v\u00eddeos.<\/p>\n<p>&nbsp;<\/p>\n<h3><b>Estructura del curso<\/b><\/h3>\n<p>&nbsp;<\/p>\n<p>Nuestro curso intensivo est\u00e1ndar en Verona ofrece una experiencia de inmersi\u00f3n completa con 20 lecciones por semana, de lunes a viernes de 9:00 a 13:00.<\/p>\n<p>Para garantizar que te asignan el nivel adecuado, desde principiante hasta avanzado, realizar\u00e1s una prueba de nivel escrita y oral antes de que comiencen las clases.<\/p>\n<p>El plan de estudios est\u00e1 dise\u00f1ado para un progreso r\u00e1pido, y cada ma\u00f1ana se divide en dos partes distintas: la primera se centra en la gram\u00e1tica y la estructura ling\u00fc\u00edstica, mientras que la segunda se dedica al vocabulario, la conversaci\u00f3n y la comunicaci\u00f3n pr\u00e1ctica. Las clases se imparten \u00edntegramente en italiano para fomentar una inmersi\u00f3n constante, pero el ambiente sigue siendo propicio, con clases reducidas, que suelen tener una media de entre 5 y 10 alumnos.<\/p>\n<ul>\n<li>4 lecciones al d\u00eda, de lunes a viernes (20 lecciones a la semana)<\/li>\n<li>Grupos reducidos: 6-12 alumnos (8 de media)<\/li>\n<li>Niveles de idioma, desde principiante hasta avanzado<\/li>\n<li>Clases por la ma\u00f1ana<\/li>\n<li>Prueba de nivel oral y escrita al inicio del curso<\/li>\n<\/ul>\n<p>Al final del curso, los estudiantes reciben un <b>certificado de asistencia que indica el nivel alcanzado<\/b>.<\/p>\n<p>&nbsp;<\/p>\n<h3><b>Tipos de cursos de italiano disponibles en Verona<\/b><\/h3>\n<p>&nbsp;<\/p>\n<ul>\n<li>Curso intensivo de italiano (4 lecciones al d\u00eda)<\/li>\n<li>Cursos superintensivos<\/li>\n<li>Clases particulares de italiano<\/li>\n<li>Conversaci\u00f3n en italiano<\/li>\n<\/ul>\n<h2><b>Fechas de inicio y detalles<\/b><\/h2>\n<p>&nbsp;<\/p>\n<ul>\n<li><b>Duraci\u00f3n de las clases<\/b>: 55 minutos<\/li>\n<li><b>Tama\u00f1o medio de la clase<\/b>: 8 alumnos<\/li>\n<li><b>Tama\u00f1o m\u00e1ximo de la clase<\/b>: 10 alumnos<\/li>\n<li><b>Horario<\/b>: Por la ma\u00f1ana<\/li>\n<li><b>Materiales del curso<\/b>: Incluidos<\/li>\n<li><b>Prueba de nivel y certificado final<\/b>: Incluidos<\/li>\n<li><b>Ubicaci\u00f3n<\/b>: Via Don Enrico Tazzoli 6<\/li>\n<li><b>Otros servicios<\/b>: Acceso a Internet, aire acondicionado, actividades sociales<\/li>\n<\/ul>\n<p>&nbsp;<\/p>\n<table id=\"tablepress-73\" class=\"tablepress tablepress-id-73\">\n<thead>\n<tr class=\"row-1 odd\">\n<th class=\"column-1\" colspan=\"6\">Fechas de Inicio 2026<\/th>\n<\/tr>\n<\/thead>\n<tbody class=\"row-hover\">\n<tr class=\"row-2 even\">\n<td class=\"column-1\">Enero<\/td>\n<td class=\"column-2\">12<\/td>\n<td class=\"column-3\">Mayo<\/td>\n<td class=\"column-4\">4<\/td>\n<td class=\"column-5\">Septiembre<\/td>\n<td class=\"column-6\">21<\/td>\n<\/tr>\n<tr class=\"row-3 odd\">\n<td class=\"column-1\">Febrero<\/td>\n<td class=\"column-2\">9<\/td>\n<td class=\"column-3\">Junio<\/td>\n<td class=\"column-4\">1, 29<\/td>\n<td class=\"column-5\">Octobre<\/td>\n<td class=\"column-6\">19<\/td>\n<\/tr>\n<tr class=\"row-4 even\">\n<td class=\"column-1\">Marzo<\/td>\n<td class=\"column-2\">9<\/td>\n<td class=\"column-3\">Julio<\/td>\n<td class=\"column-4\">27<\/td>\n<td class=\"column-5\">Noviembre<\/td>\n<td class=\"column-6\">16<\/td>\n<\/tr>\n<tr class=\"row-5 odd\">\n<td class=\"column-1\">Abril<\/td>\n<td class=\"column-2\">7<\/td>\n<td class=\"column-3\">Agosto<\/td>\n<td class=\"column-4\">24<\/td>\n<td class=\"column-5\">Diciembre<\/td>\n<td class=\"column-6\"><\/td>\n<\/tr>\n<tr class=\"row-6 even\">\n<td class=\"column-1\" colspan=\"6\">La escuela permanecer\u00e1 cerrada durante las fiestas nacionales: Epifan\u00eda (06\/01), Lunes de Pascua, D\u00eda de la Liberaci\u00f3n (25\/04), D\u00eda del Trabajo (01\/05), D\u00eda de la Republica (02\/06), Ferragosto (15\/08), Todos los Santos (01\/11), Inmaculada Concepci\u00f3n (8\/12), vacaciones de Navidad y A\u00f1o Nuevo.<\/td>\n<\/tr>\n<\/tbody>\n<\/table>\n<h2><\/h2>\n<h2><b>\u00bfPor qu\u00e9 elegir Verona para estudiar italiano?<\/b><\/h2>\n<p>&nbsp;<\/p>\n<p>Verona es una de las ciudades m\u00e1s bellas de Italia, famosa por su historia, cultura y patrimonio literario. Conocida mundialmente como la ciudad de <i>Romeo y Julieta<\/i>, Verona ofrece el equilibrio perfecto entre la tradici\u00f3n y la vida italiana moderna. Estudiar italiano en Verona permite a los estudiantes sumergirse por completo en el idioma mientras viven en una ciudad acogedora y segura.<\/p>\n<h3><\/h3>\n<p><b>Ventajas de estudiar italiano en Verona<\/b><\/p>\n<p>&nbsp;<\/p>\n<ul>\n<li><b>Entorno italiano verdadero<\/b>: menos turistas que en las ciudades m\u00e1s grandes<\/li>\n<li><b>Rico patrimonio cultural<\/b>: ruinas romanas, arquitectura medieval, museos y sitios declarados Patrimonio de la Humanidad por la UNESCO<\/li>\n<li><b>Acento italiano claro y neutro<\/b>: ideal para aprender y comprender el italiano est\u00e1ndar<\/li>\n<li><b>Ciudad ideal para los estudiantes<\/b>: coste de vida asequible, centro hist\u00f3rico transitable a pie y animada vida estudiantil<\/li>\n<li><b>Ubicaci\u00f3n estrat\u00e9gica<\/b>: cerca de Venecia, Mil\u00e1n, el lago de Garda y los Dolomitas<\/li>\n<\/ul>\n<h3><b>Actividades culturales y vida en Verona<\/b><\/h3>\n<p>&nbsp;<\/p>\n<p>Cada semana, la escuela organiza una variedad de actividades sociales opcionales dise\u00f1adas para ayudaros a practicar el italiano en situaciones reales mientras os sumerg\u00eds en la cultura local.<\/p>\n<p>Dirigidas por los profesores de la escuela, estas salidas son gratuitas o de bajo coste y constituyen una forma estupenda de relacionarte con tus compa\u00f1eros fuera del aula.<\/p>\n<p>Podr\u00e1s disfrutar de experiencias como:<\/p>\n<p><b>Recorrido hist\u00f3rico a pie<\/b><\/p>\n<p><b>Aperitivo italiano<\/b><\/p>\n<p><b>Clases de cocina<\/b><\/p>\n<p><b>Clase de gestos italianos<\/b><\/p>\n<p><b>Visitas y catas de vino<\/b><\/p>\n<p><b>Paseos y recorridos en bicicleta el\u00e9ctrica<\/b><\/p>\n<p>&nbsp;<\/p>\n","protected":false},"excerpt":{"rendered":"<h2><b>Aprende italiano en Verona, una obra maestra italiana<\/b><\/h2>\n<p>Verona es una ciudad para vivirla, sin prisas. Mientras aprendes <b>italiano en Verona<\/b>, puedes pasear por rom\u00e1nticas plazas, caminar o ir en bicicleta junto al r\u00edo y seguir los pasos eternos de Romeo y Julieta.<\/p>\n<p>La escala humana y el ritmo aut\u00e9ntico de la ciudad te permiten conectar con el idioma a trav\u00e9s de conversaciones reales y momentos cotidianos.<\/p>\n<p>La cultura es el coraz\u00f3n de la vida en Verona. Desde las inolvidables noches de verano en el Festival de \u00d3pera de la Arena hasta la energ\u00eda internacional de Vinitaly en primavera, cada estaci\u00f3n ofrece inspiraci\u00f3n.<\/p>\n<p>Con excelentes conexiones de transporte y vuelos asequibles disponibles durante todo el a\u00f1o, elegir estudiar italiano en Verona significa elegir un lugar donde el idioma, la cultura y el estilo de vida se unen de forma natural.<\/p>\n","protected":false},"featured_media":118580,"comment_status":"open","ping_status":"closed","template":"","meta":{"_acf_changed":false,"_uag_custom_page_level_css":"","_kad_blocks_custom_css":"","_kad_blocks_head_custom_js":"","_kad_blocks_body_custom_js":"","_kad_blocks_footer_custom_js":"","site-sidebar-layout":"default","site-content-layout":"default","ast-site-content-layout":"default","site-content-style":"default","site-sidebar-style":"default","ast-global-header-display":"","ast-banner-title-visibility":"","ast-main-header-display":"","ast-hfb-above-header-display":"","ast-hfb-below-header-display":"","ast-hfb-mobile-header-display":"","site-post-title":"","ast-breadcrumbs-content":"","ast-featured-img":"","footer-sml-layout":"","ast-disable-related-posts":"","theme-transparent-header-meta":"default","adv-header-id-meta":"","stick-header-meta":"default","header-above-stick-meta":"","header-main-stick-meta":"","header-below-stick-meta":"","astra-migrate-meta-layouts":"set","ast-page-background-enabled":"default","ast-page-background-meta":{"desktop":{"background-color":"var(--ast-global-color-4)","background-image":"","background-repeat":"repeat","background-position":"center center","background-size":"auto","background-attachment":"scroll","background-type":"","background-media":"","overlay-type":"","overlay-color":"","overlay-opacity":"","overlay-gradient":""},"tablet":{"background-color":"","background-image":"","background-repeat":"repeat","background-position":"center center","background-size":"auto","background-attachment":"scroll","background-type":"","background-media":"","overlay-type":"","overlay-color":"","overlay-opacity":"","overlay-gradient":""},"mobile":{"background-color":"","background-image":"","background-repeat":"repeat","background-position":"center center","background-size":"auto","background-attachment":"scroll","background-type":"","background-media":"","overlay-type":"","overlay-color":"","overlay-opacity":"","overlay-gradient":""}},"ast-content-background-meta":{"desktop":{"background-color":"var(--ast-global-color-5)","background-image":"","background-repeat":"repeat","background-position":"center center","background-size":"auto","background-attachment":"scroll","background-type":"","background-media":"","overlay-type":"","overlay-color":"","overlay-opacity":"","overlay-gradient":""},"tablet":{"background-color":"var(--ast-global-color-5)","background-image":"","background-repeat":"repeat","background-position":"center center","background-size":"auto","background-attachment":"scroll","background-type":"","background-media":"","overlay-type":"","overlay-color":"","overlay-opacity":"","overlay-gradient":""},"mobile":{"background-color":"var(--ast-global-color-5)","background-image":"","background-repeat":"repeat","background-position":"center center","background-size":"auto","background-attachment":"scroll","background-type":"","background-media":"","overlay-type":"","overlay-color":"","overlay-opacity":"","overlay-gradient":""}}},"section":[2027],"product_brand":[],"product_cat":[1254,1316],"product_tag":[1842],"class_list":{"0":"post-188448","1":"product","2":"type-product","3":"status-publish","4":"has-post-thumbnail","6":"section-north","7":"product_cat-cursos-de-italiano-en-italia","8":"product_cat-cursos-en-verona","9":"product_tag-cursos-de-italiano-en-italia","10":"desktop-align-left","11":"tablet-align-left","12":"mobile-align-left","13":"ast-product-gallery-layout-horizontal-slider","14":"ast-product-single-variable","15":"ast-product-tabs-layout-horizontal","16":"ast-qv-on-image-click","18":"first","19":"instock","20":"sold-individually","21":"shipping-taxable","22":"purchasable","23":"product-type-variable","24":"has-default-attributes"},"acf":[],"taxonomy_info":{"section":[{"value":2027,"label":"North"}],"product_cat":[{"value":1254,"label":"Cursos de italiano en Italia"},{"value":1316,"label":"Cursos en Verona"}],"product_tag":[{"value":1842,"label":"CURSOS DE ITALIANO EN ITALIA"}]},"featured_image_src_large":["https:\/\/www.studiainitalia.com\/wp-content\/uploads\/2016\/11\/learn-italian-in-verona-e1490027467325.jpg",300,300,false],"author_info":[],"comment_info":10,"uagb_featured_image_src":{"full":["https:\/\/www.studiainitalia.com\/wp-content\/uploads\/2016\/11\/learn-italian-in-verona-e1490027467325.jpg",300,300,false],"thumbnail":["https:\/\/www.studiainitalia.com\/wp-content\/uploads\/2016\/11\/learn-italian-in-verona-150x150.jpg",96,96,true],"medium":["https:\/\/www.studiainitalia.com\/wp-content\/uploads\/2016\/11\/learn-italian-in-verona-300x300.jpg",300,300,true],"medium_large":["https:\/\/www.studiainitalia.com\/wp-content\/uploads\/2016\/11\/learn-italian-in-verona-e1490027467325.jpg",300,300,false],"large":["https:\/\/www.studiainitalia.com\/wp-content\/uploads\/2016\/11\/learn-italian-in-verona-e1490027467325.jpg",300,300,false],"1536x1536":["https:\/\/www.studiainitalia.com\/wp-content\/uploads\/2016\/11\/learn-italian-in-verona-e1490027467325.jpg",300,300,false],"2048x2048":["https:\/\/www.studiainitalia.com\/wp-content\/uploads\/2016\/11\/learn-italian-in-verona-e1490027467325.jpg",300,300,false],"ultp_layout_landscape_large":["https:\/\/www.studiainitalia.com\/wp-content\/uploads\/2016\/11\/learn-italian-in-verona-e1490027467325.jpg",300,300,false],"ultp_layout_landscape":["https:\/\/www.studiainitalia.com\/wp-content\/uploads\/2016\/11\/learn-italian-in-verona-e1490027467325.jpg",300,300,false],"ultp_layout_portrait":["https:\/\/www.studiainitalia.com\/wp-content\/uploads\/2016\/11\/learn-italian-in-verona-e1490027467325.jpg",300,300,false],"ultp_layout_square":["https:\/\/www.studiainitalia.com\/wp-content\/uploads\/2016\/11\/learn-italian-in-verona-e1490027467325.jpg",300,300,false],"gform-image-choice-sm":["https:\/\/www.studiainitalia.com\/wp-content\/uploads\/2016\/11\/learn-italian-in-verona-e1490027467325.jpg",300,300,false],"gform-image-choice-md":["https:\/\/www.studiainitalia.com\/wp-content\/uploads\/2016\/11\/learn-italian-in-verona-e1490027467325.jpg",300,300,false],"gform-image-choice-lg":["https:\/\/www.studiainitalia.com\/wp-content\/uploads\/2016\/11\/learn-italian-in-verona-e1490027467325.jpg",300,300,false],"woocommerce_thumbnail":["https:\/\/www.studiainitalia.com\/wp-content\/uploads\/2016\/11\/learn-italian-in-verona-e1490027467325.jpg",300,300,false],"woocommerce_single":["https:\/\/www.studiainitalia.com\/wp-content\/uploads\/2016\/11\/learn-italian-in-verona-e1490027467325.jpg",300,300,false],"woocommerce_gallery_thumbnail":["https:\/\/www.studiainitalia.com\/wp-content\/uploads\/2016\/11\/learn-italian-in-verona-e1490027467325-100x100.jpg",100,100,true],"yarpp-thumbnail":["https:\/\/www.studiainitalia.com\/wp-content\/uploads\/2016\/11\/learn-italian-in-verona-e1490027467325.jpg",120,120,false]},"uagb_author_info":{"display_name":"Javier Diaz","author_link":"https:\/\/www.studiainitalia.com\/es\/author\/"},"uagb_comment_info":10,"uagb_excerpt":"Aprende italiano en Verona, una obra maestra italiana Verona es una ciudad para vivirla, sin prisas. Mientras aprendes italiano en Verona, puedes pasear por rom\u00e1nticas plazas, caminar o ir en bicicleta junto al r\u00edo y seguir los pasos eternos de Romeo y Julieta. La escala humana y el ritmo aut\u00e9ntico de la ciudad te permiten&hellip;","_links":{"self":[{"href":"https:\/\/www.studiainitalia.com\/es\/wp-json\/wp\/v2\/product\/188448","targetHints":{"allow":["GET"]}}],"collection":[{"href":"https:\/\/www.studiainitalia.com\/es\/wp-json\/wp\/v2\/product"}],"about":[{"href":"https:\/\/www.studiainitalia.com\/es\/wp-json\/wp\/v2\/types\/product"}],"replies":[{"embeddable":true,"href":"https:\/\/www.studiainitalia.com\/es\/wp-json\/wp\/v2\/comments?post=188448"}],"wp:featuredmedia":[{"embeddable":true,"href":"https:\/\/www.studiainitalia.com\/es\/wp-json\/wp\/v2\/media\/118580"}],"wp:attachment":[{"href":"https:\/\/www.studiainitalia.com\/es\/wp-json\/wp\/v2\/media?parent=188448"}],"wp:term":[{"taxonomy":"section","embeddable":true,"href":"https:\/\/www.studiainitalia.com\/es\/wp-json\/wp\/v2\/section?post=188448"},{"taxonomy":"product_brand","embeddable":true,"href":"https:\/\/www.studiainitalia.com\/es\/wp-json\/wp\/v2\/product_brand?post=188448"},{"taxonomy":"product_cat","embeddable":true,"href":"https:\/\/www.studiainitalia.com\/es\/wp-json\/wp\/v2\/product_cat?post=188448"},{"taxonomy":"product_tag","embeddable":true,"href":"https:\/\/www.studiainitalia.com\/es\/wp-json\/wp\/v2\/product_tag?post=188448"}],"curies":[{"name":"wp","href":"https:\/\/api.w.org\/{rel}","templated":true}]}}