{"id":188498,"date":"2016-11-01T13:27:55","date_gmt":"2016-11-01T12:27:55","guid":{"rendered":"https:\/\/www.studiainitalia.com\/courses\/sin%20categor\u00eda\/italiano-en-genoa\/"},"modified":"2026-04-15T15:20:36","modified_gmt":"2026-04-15T13:20:36","slug":"italiano-en-genova","status":"publish","type":"product","link":"https:\/\/www.studiainitalia.com\/es\/cursos\/cursos-de-italiano-en-italia\/italiano-en-genova\/","title":{"rendered":"Cursos de Italiano en G\u00e9nova"},"content":{"rendered":"<h2>Nuestro Curso de Italiano en G\u00e9nova<\/h2>\n<p>&nbsp;<\/p>\n<p>Estudiar italiano en G\u00e9nova significa vivir Liguria desde dentro, en una ciudad que se siente real en lugar de artificial.<br \/>\nEl ambiente de la escuela es intencionadamente acogedor y personal, lo que permite a los estudiantes sentirse apoyados y a gusto desde el primer momento.<br \/>\nLos profesores son experimentados, apasionados y especializados en la ense\u00f1anza del italiano a estudiantes internacionales, adaptando las clases a diferentes estilos de aprendizaje y objetivos personales.<\/p>\n<p>La escuela de italiano en G\u00e9nova, A Door to Italy, fundada en 2002, se encuentra en un edificio hist\u00f3rico en el centro de la ciudad.<\/p>\n<p>Es una escuela peque\u00f1a que ofrece un amplio abanico de actividades extraescolares. Se ofrecen todos los niveles, desde A1 hasta C2, del Marco Com\u00fan Europeo de Referencia para las Lenguas (MCER).<\/p>\n<p>Los grupos son muy reducidos lo cual permite un mayor aprovechamiento de la estancia ling\u00fc\u00edstica. Los profesores son nativos y calificados profesionalmente en la ense\u00f1anza del italiano como lengua extranjera. El m\u00e9todo did\u00e1ctico es comunicativo.<\/p>\n<h3><strong>Estructura y m\u00e9todo de los cursos <\/strong><\/h3>\n<p>&nbsp;<\/p>\n<ul>\n<li>4 clases diarias, de lunes a viernes (20 lecciones por semana)<\/li>\n<li>Grupos reducidos: entre 6 y 12 estudiantes (media: 8\u201310)<\/li>\n<li>9 niveles disponibles, desde principiante absoluto hasta avanzado<\/li>\n<li>Duraci\u00f3n flexible: de 1 semana hasta programas largos de 48 semanas<\/li>\n<\/ul>\n<p>El m\u00e9todo de ense\u00f1anza es <strong>comunicativo y directo<\/strong>, centrado en la participaci\u00f3n activa.<br \/>\nLa primera parte de las clases se dedica a <strong>gram\u00e1tica y vocabulario<\/strong>, y la segunda a <strong>conversaci\u00f3n, comprensi\u00f3n y expresi\u00f3n oral<\/strong>.<\/p>\n<p>Los profesores utilizan <strong>material propio<\/strong>, juegos, pel\u00edculas, v\u00eddeos y art\u00edculos de prensa para que el aprendizaje sea din\u00e1mico y divertido.<br \/>\nEl objetivo es que hables italiano desde el primer d\u00eda, sin miedo a equivocarte.<\/p>\n<h3><strong>Tipos de curso de italiano disponibles en G\u00e9nova<\/strong><\/h3>\n<p>&nbsp;<\/p>\n<ul>\n<li>Curso intensivo de italiano (4 clases diarias)<\/li>\n<li>Curso semi-intensivo (12 horas semanales)<\/li>\n<li>Cursos de larga duraci\u00f3n<\/li>\n<li>Clases privadas<\/li>\n<li>Cursos online<\/li>\n<li>Cursos combinados de <strong>lengua y\u00a0<a href=\"https:\/\/www.studiainitalia.com\/es\/cursos\/cursos-de-italiano-y-deportes\/italiano-y-buceo-en-genova\/\">buceo<\/a><\/strong><\/li>\n<\/ul>\n<h2><strong>Fechas de inicio y detalles del curso\u00a0 <\/strong><\/h2>\n<p>&nbsp;<\/p>\n<ul>\n<li><strong>Duraci\u00f3n de las clases<\/strong>: 50 minutos<\/li>\n<li><strong>Tama\u00f1o medio de clase<\/strong>: 9 estudiantes<\/li>\n<li><strong>Tama\u00f1o m\u00e1ximo<\/strong>: 12 estudiantes<\/li>\n<li><strong>Horario<\/strong>: Ma\u00f1ana o tarde, seg\u00fan el nivel asignado<\/li>\n<li><strong>Material del curso<\/strong>: Incluido<\/li>\n<li><strong>Prueba de nivel y certificado final<\/strong>: Incluidos<\/li>\n<li><strong>Ubicaci\u00f3n<\/strong>: Via Santi Giacomo e Filippo 19<\/li>\n<li><strong>Otros servicios<\/strong>: acceso a Internet,\u00a0 actividades sociales, y traslado desde el aeropuerto disponible<\/li>\n<\/ul>\n<table id=\"tablepress-54\" class=\"tablepress tablepress-id-54\">\n<thead>\n<tr class=\"row-1 odd\">\n<th class=\"column-1\" colspan=\"6\">Fechas de Inicio 2026<\/th>\n<\/tr>\n<\/thead>\n<tbody class=\"row-hover\">\n<tr class=\"row-2 even\">\n<td class=\"column-1\">Enero<\/td>\n<td class=\"column-2\">5<\/td>\n<td class=\"column-3\">Mayo<\/td>\n<td class=\"column-4\">4, 18<\/td>\n<td class=\"column-5\">Septiembre<\/td>\n<td class=\"column-6\">7<\/td>\n<\/tr>\n<tr class=\"row-3 odd\">\n<td class=\"column-1\">Febrero<\/td>\n<td class=\"column-2\">2<\/td>\n<td class=\"column-3\">Junio<\/td>\n<td class=\"column-4\">15<\/td>\n<td class=\"column-5\">Octobre<\/td>\n<td class=\"column-6\">5<\/td>\n<\/tr>\n<tr class=\"row-4 even\">\n<td class=\"column-1\">Marzo<\/td>\n<td class=\"column-2\">2<\/td>\n<td class=\"column-3\">Julio<\/td>\n<td class=\"column-4\">13<\/td>\n<td class=\"column-5\">Noviembre<\/td>\n<td class=\"column-6\">2, 30<\/td>\n<\/tr>\n<tr class=\"row-5 odd\">\n<td class=\"column-1\">Abril<\/td>\n<td class=\"column-2\">7<\/td>\n<td class=\"column-3\">Agosto<\/td>\n<td class=\"column-4\">10<\/td>\n<td class=\"column-5\">Diciembre<\/td>\n<td class=\"column-6\"><\/td>\n<\/tr>\n<tr class=\"row-6 even\">\n<td class=\"column-1\" colspan=\"6\">Los estudiantes no principiantes pueden empezar el curso cada lunes bajo previa solicitud.<br \/>\nLa escuela permanecer\u00e1 cerrada durante las fiestas nacionales: Epifan\u00eda (06\/01), Lunes de Pascua, D\u00eda de la Liberaci\u00f3n (25\/04), D\u00eda del Trabajo (01\/05), D\u00eda de la Republica (02\/06), 24\/06, Ferragosto (15\/08), Todos los Santos (01\/11), Inmaculada Concepci\u00f3n (8\/12), vacaciones de Navidad y A\u00f1o Nuevo.<\/td>\n<\/tr>\n<\/tbody>\n<\/table>\n<p>&nbsp;<\/p>\n<h2><b>\u00bfPor qu\u00e9 aprender italiano en G\u00e9nova?<\/b><\/h2>\n<p>&nbsp;<\/p>\n<p>Estar rodeado de italiano todos los d\u00edas, ya sea comprando en los mercados locales, paseando por los <i>caruggi<\/i> (las estrechas calles medievales de la ciudad) o disfrutando de un caf\u00e9 con vistas al puerto, hace que el aprendizaje sea m\u00e1s intuitivo y gratificante.<\/p>\n<p>La historia de G\u00e9nova como poderosa rep\u00fablica mar\u00edtima, sus tradiciones, su gastronom\u00eda y sus ritmos cotidianos se convierten en parte de la experiencia de aprendizaje, transformando la propia ciudad en una extensi\u00f3n del aula.<\/p>\n<p>Fuera del aula, G\u00e9nova ofrece una inspiraci\u00f3n infinita: palacios hist\u00f3ricos, miradores panor\u00e1micos sobre el mar, animados barrios locales y una fuerte cultura gastron\u00f3mica arraigada en la tradici\u00f3n. El tama\u00f1o compacto de la ciudad hace que sea f\u00e1cil sentirse como en casa, practicar el italiano todos los d\u00edas y establecer v\u00ednculos genuinos con la vida local.<\/p>\n<p>Este equilibrio entre la calidad acad\u00e9mica y la inmersi\u00f3n aut\u00e9ntica hace de G\u00e9nova un lugar especialmente significativo para estudiar italiano.<\/p>\n<p>\u2022 Rico contexto cultural e hist\u00f3rico arraigado en la tradici\u00f3n mar\u00edtima<\/p>\n<p>\u2022 Oportunidades diarias para practicar el idioma en la vida real<\/p>\n<p>\u2022 Excelente gastronom\u00eda y fuerte identidad regional<\/p>\n<p>\u2022 Equilibrio ideal entre la vida urbana, el mar y la riqueza cultural<\/p>\n<h3><b><strong>Actividades y vida cultural en G\u00e9nova<\/strong><\/b><\/h3>\n<p>&nbsp;<\/p>\n<p>Las actividades culturales y sociales son una parte integral de la experiencia de aprendizaje en G\u00e9nova. Los estudiantes pueden participar en visitas guiadas, eventos locales y excursiones a lo largo de la costa de Liguria, descubriendo pueblos costeros cercanos, ciudades hist\u00f3ricas y paisajes naturales.<\/p>\n<p>Cada semana la escuela publica el programa de las actividades disponibles en la puerta principal de la escuela. Algunas actividades son gratuitas mientras que otras tienen un coste para cubrir los gastos de transporte, ingresos a museos, comidas.<\/p>\n<p>Regularmente la escuela organiza una visita a pie de la ciudad de G\u00e9nova y una visita de un museo de la ciudad.<\/p>\n<p>Si est\u00e1s interesado en organizar una excursi\u00f3n o una visita por tu cuenta, puedes solicitar informaciones directamente a la secretar\u00eda de la escuela.<\/p>\n","protected":false},"excerpt":{"rendered":"<h2><b><strong>G\u00e9nova, uno de los cascos antiguos medievales m\u00e1s grandes de Europa.<\/strong><\/b><\/h2>\n<p>G\u00e9nova ofrece una gran oportunidad.\u00a0Es una ciudad muy segura, llena de cultura, museos, actividades.\u00a0Descubre Portofino, Rapallo y otros pueblos espectaculares de la costa de Liguria.<\/p>\n<p>\u00a1Los amantes de la comida disfrutar\u00e1n del t\u00edpico\u00a0<strong>pesto<\/strong>\u00a0o\u00a0<strong>focaccia<\/strong>!<\/p>\n<p>G\u00e9nova es una ciudad con una identidad fuerte e inconfundible. Moldeada por siglos de historia mar\u00edtima, es orgullosa, compleja y profundamente aut\u00e9ntica.<\/p>\n","protected":false},"featured_media":117716,"comment_status":"open","ping_status":"closed","template":"","meta":{"_acf_changed":false,"_uag_custom_page_level_css":"","_kad_blocks_custom_css":"","_kad_blocks_head_custom_js":"","_kad_blocks_body_custom_js":"","_kad_blocks_footer_custom_js":"","site-sidebar-layout":"default","site-content-layout":"default","ast-site-content-layout":"default","site-content-style":"default","site-sidebar-style":"default","ast-global-header-display":"","ast-banner-title-visibility":"","ast-main-header-display":"","ast-hfb-above-header-display":"","ast-hfb-below-header-display":"","ast-hfb-mobile-header-display":"","site-post-title":"","ast-breadcrumbs-content":"","ast-featured-img":"","footer-sml-layout":"","ast-disable-related-posts":"","theme-transparent-header-meta":"default","adv-header-id-meta":"","stick-header-meta":"default","header-above-stick-meta":"","header-main-stick-meta":"","header-below-stick-meta":"","astra-migrate-meta-layouts":"set","ast-page-background-enabled":"default","ast-page-background-meta":{"desktop":{"background-color":"var(--ast-global-color-4)","background-image":"","background-repeat":"repeat","background-position":"center center","background-size":"auto","background-attachment":"scroll","background-type":"","background-media":"","overlay-type":"","overlay-color":"","overlay-opacity":"","overlay-gradient":""},"tablet":{"background-color":"","background-image":"","background-repeat":"repeat","background-position":"center center","background-size":"auto","background-attachment":"scroll","background-type":"","background-media":"","overlay-type":"","overlay-color":"","overlay-opacity":"","overlay-gradient":""},"mobile":{"background-color":"","background-image":"","background-repeat":"repeat","background-position":"center center","background-size":"auto","background-attachment":"scroll","background-type":"","background-media":"","overlay-type":"","overlay-color":"","overlay-opacity":"","overlay-gradient":""}},"ast-content-background-meta":{"desktop":{"background-color":"var(--ast-global-color-5)","background-image":"","background-repeat":"repeat","background-position":"center center","background-size":"auto","background-attachment":"scroll","background-type":"","background-media":"","overlay-type":"","overlay-color":"","overlay-opacity":"","overlay-gradient":""},"tablet":{"background-color":"var(--ast-global-color-5)","background-image":"","background-repeat":"repeat","background-position":"center center","background-size":"auto","background-attachment":"scroll","background-type":"","background-media":"","overlay-type":"","overlay-color":"","overlay-opacity":"","overlay-gradient":""},"mobile":{"background-color":"var(--ast-global-color-5)","background-image":"","background-repeat":"repeat","background-position":"center center","background-size":"auto","background-attachment":"scroll","background-type":"","background-media":"","overlay-type":"","overlay-color":"","overlay-opacity":"","overlay-gradient":""}}},"section":[2027],"product_brand":[],"product_cat":[1254,1320],"product_tag":[1842],"class_list":{"0":"post-188498","1":"product","2":"type-product","3":"status-publish","4":"has-post-thumbnail","6":"section-north","7":"product_cat-cursos-de-italiano-en-italia","8":"product_cat-cursos-en-genova","9":"product_tag-cursos-de-italiano-en-italia","10":"desktop-align-left","11":"tablet-align-left","12":"mobile-align-left","13":"ast-product-gallery-layout-horizontal-slider","14":"ast-product-single-variable","15":"ast-product-tabs-layout-horizontal","16":"ast-qv-on-image-click","18":"first","19":"instock","20":"sold-individually","21":"shipping-taxable","22":"purchasable","23":"product-type-variable","24":"has-default-attributes"},"acf":[],"taxonomy_info":{"section":[{"value":2027,"label":"North"}],"product_cat":[{"value":1254,"label":"Cursos de italiano en Italia"},{"value":1320,"label":"Cursos en G\u00e9nova"}],"product_tag":[{"value":1842,"label":"CURSOS DE ITALIANO EN ITALIA"}]},"featured_image_src_large":["https:\/\/www.studiainitalia.com\/wp-content\/uploads\/2016\/11\/italian-in-genoa.jpg",650,650,false],"author_info":[],"comment_info":8,"uagb_featured_image_src":{"full":["https:\/\/www.studiainitalia.com\/wp-content\/uploads\/2016\/11\/italian-in-genoa.jpg",650,650,false],"thumbnail":["https:\/\/www.studiainitalia.com\/wp-content\/uploads\/2016\/11\/italian-in-genoa-150x150.jpg",96,96,true],"medium":["https:\/\/www.studiainitalia.com\/wp-content\/uploads\/2016\/11\/italian-in-genoa-300x300.jpg",300,300,true],"medium_large":["https:\/\/www.studiainitalia.com\/wp-content\/uploads\/2016\/11\/italian-in-genoa.jpg",650,650,false],"large":["https:\/\/www.studiainitalia.com\/wp-content\/uploads\/2016\/11\/italian-in-genoa.jpg",650,650,false],"1536x1536":["https:\/\/www.studiainitalia.com\/wp-content\/uploads\/2016\/11\/italian-in-genoa.jpg",650,650,false],"2048x2048":["https:\/\/www.studiainitalia.com\/wp-content\/uploads\/2016\/11\/italian-in-genoa.jpg",650,650,false],"ultp_layout_landscape_large":["https:\/\/www.studiainitalia.com\/wp-content\/uploads\/2016\/11\/italian-in-genoa.jpg",650,650,false],"ultp_layout_landscape":["https:\/\/www.studiainitalia.com\/wp-content\/uploads\/2016\/11\/italian-in-genoa.jpg",570,570,false],"ultp_layout_portrait":["https:\/\/www.studiainitalia.com\/wp-content\/uploads\/2016\/11\/italian-in-genoa.jpg",600,600,false],"ultp_layout_square":["https:\/\/www.studiainitalia.com\/wp-content\/uploads\/2016\/11\/italian-in-genoa.jpg",600,600,false],"gform-image-choice-sm":["https:\/\/www.studiainitalia.com\/wp-content\/uploads\/2016\/11\/italian-in-genoa.jpg",300,300,false],"gform-image-choice-md":["https:\/\/www.studiainitalia.com\/wp-content\/uploads\/2016\/11\/italian-in-genoa.jpg",400,400,false],"gform-image-choice-lg":["https:\/\/www.studiainitalia.com\/wp-content\/uploads\/2016\/11\/italian-in-genoa.jpg",600,600,false],"woocommerce_thumbnail":["https:\/\/www.studiainitalia.com\/wp-content\/uploads\/2016\/11\/italian-in-genoa-300x300.jpg",300,300,true],"woocommerce_single":["https:\/\/www.studiainitalia.com\/wp-content\/uploads\/2016\/11\/italian-in-genoa-400x400.jpg",400,400,true],"woocommerce_gallery_thumbnail":["https:\/\/www.studiainitalia.com\/wp-content\/uploads\/2016\/11\/italian-in-genoa-100x100.jpg",100,100,true],"yarpp-thumbnail":["https:\/\/www.studiainitalia.com\/wp-content\/uploads\/2016\/11\/italian-in-genoa.jpg",120,120,false]},"uagb_author_info":{"display_name":"Javier Diaz","author_link":"https:\/\/www.studiainitalia.com\/es\/author\/"},"uagb_comment_info":8,"uagb_excerpt":"G\u00e9nova, uno de los cascos antiguos medievales m\u00e1s grandes de Europa. G\u00e9nova ofrece una gran oportunidad.\u00a0Es una ciudad muy segura, llena de cultura, museos, actividades.\u00a0Descubre Portofino, Rapallo y otros pueblos espectaculares de la costa de Liguria. \u00a1Los amantes de la comida disfrutar\u00e1n del t\u00edpico\u00a0pesto\u00a0o\u00a0focaccia! G\u00e9nova es una ciudad con una identidad fuerte e inconfundible. Moldeada&hellip;","_links":{"self":[{"href":"https:\/\/www.studiainitalia.com\/es\/wp-json\/wp\/v2\/product\/188498","targetHints":{"allow":["GET"]}}],"collection":[{"href":"https:\/\/www.studiainitalia.com\/es\/wp-json\/wp\/v2\/product"}],"about":[{"href":"https:\/\/www.studiainitalia.com\/es\/wp-json\/wp\/v2\/types\/product"}],"replies":[{"embeddable":true,"href":"https:\/\/www.studiainitalia.com\/es\/wp-json\/wp\/v2\/comments?post=188498"}],"wp:featuredmedia":[{"embeddable":true,"href":"https:\/\/www.studiainitalia.com\/es\/wp-json\/wp\/v2\/media\/117716"}],"wp:attachment":[{"href":"https:\/\/www.studiainitalia.com\/es\/wp-json\/wp\/v2\/media?parent=188498"}],"wp:term":[{"taxonomy":"section","embeddable":true,"href":"https:\/\/www.studiainitalia.com\/es\/wp-json\/wp\/v2\/section?post=188498"},{"taxonomy":"product_brand","embeddable":true,"href":"https:\/\/www.studiainitalia.com\/es\/wp-json\/wp\/v2\/product_brand?post=188498"},{"taxonomy":"product_cat","embeddable":true,"href":"https:\/\/www.studiainitalia.com\/es\/wp-json\/wp\/v2\/product_cat?post=188498"},{"taxonomy":"product_tag","embeddable":true,"href":"https:\/\/www.studiainitalia.com\/es\/wp-json\/wp\/v2\/product_tag?post=188498"}],"curies":[{"name":"wp","href":"https:\/\/api.w.org\/{rel}","templated":true}]}}