{"id":188564,"date":"2016-11-06T18:56:00","date_gmt":"2016-11-06T17:56:00","guid":{"rendered":"https:\/\/www.studiainitalia.com\/courses\/sin%20categor\u00eda\/italiano-en-taormina\/"},"modified":"2026-03-25T10:25:56","modified_gmt":"2026-03-25T09:25:56","slug":"italiano-en-taormina","status":"publish","type":"product","link":"https:\/\/www.studiainitalia.com\/es\/cursos\/cursos-de-italiano-en-italia\/italiano-en-taormina\/","title":{"rendered":"Cursos de Italiano en Taormina"},"content":{"rendered":"<p>&nbsp;<\/p>\n<h2><b>Curso de italiano en Taormina<\/b><\/h2>\n<p>&nbsp;<\/p>\n<p>Nuestra escuela de italiano en Taormina, Babilonia, est\u00e1 reconocida por el Ministerio de Educaci\u00f3n italiano.<\/p>\n<p>La escuela se encuentra a pocos metros del Teatro Griego.<\/p>\n<p>En el jard\u00edn, los estudiantes pueden relajarse bajo los frondosos \u00e1rboles. Puedes estudiar y reunirte con tus amigos para tomar un caf\u00e9. La cafeter\u00eda de la escuela prepara platos t\u00edpicos sicilianos.<\/p>\n<p>Experimenta un camino personalizado hacia la fluidez con la metodolog\u00eda inmersiva de la escuela. Combinamos clases reducidas (una media de 4-6 alumnos) con una rotaci\u00f3n de profesores expertos para que te expongas a los aut\u00e9nticos sonidos y ritmos de Italia.<\/p>\n<p>El plan de estudios de la escuela utiliza materiales del mundo real, como el cine, las noticias y la literatura, para salvar la distancia entre el aula y la piazza. Te garantizamos que ganar\u00e1s confianza para hablar correctamente.<\/p>\n<p>Nuestro equipo especializado supervisa semanalmente tu progreso para garantizar una experiencia de aprendizaje que se adapte perfectamente a tu nivel.<\/p>\n<p>El enfoque comunicativo de la escuela reconoce que existe una diferencia fundamental entre simplemente aprender un idioma y adquirirlo de verdad. Sum\u00e9rgete en el italiano real que hablan los italianos, utilizando materiales aut\u00e9nticos que acortan la distancia entre el aula y las animadas calles de Taormina.<\/p>\n<p>Se ofrecen todos los niveles, desde A1 hasta C2, del Marco Com\u00fan Europeo de Referencia para las Lenguas (MCER).<\/p>\n<h3><b>Estructura del curso<\/b><\/h3>\n<p>&nbsp;<\/p>\n<ul>\n<li>Los cursos intensivos de italiano en Taormina constan de 20 lecciones por semana. Hay cursos para todos los niveles disponibles de febrero a noviembre.<\/li>\n<\/ul>\n<ul>\n<li>Las clases son impartidas por profesores nativos cualificados y se basan en el uso de m\u00e9todos de ense\u00f1anza sencillos pero eficaces.<\/li>\n<\/ul>\n<ul>\n<li>El tama\u00f1o de las clases, con una media de 6-8 y un m\u00e1ximo de 10 alumnos del mismo nivel por clase, permite una experiencia de aprendizaje interactiva y r\u00e1pida.<\/li>\n<\/ul>\n<ul>\n<li>Los programas de cursos intensivos de italiano se han desarrollado a partir de un enfoque comunicativo.<\/li>\n<\/ul>\n<ul>\n<li>El primer objetivo es la comunicaci\u00f3n, tanto oral como escrita.<\/li>\n<\/ul>\n<h3><b>Tipos de cursos de italiano disponibles en Taormina<\/b><\/h3>\n<p>&nbsp;<\/p>\n<ul>\n<li>Curso intensivo de italiano (4 clases al d\u00eda)<\/li>\n<li>Cursos superintensivos<\/li>\n<li>Cursos semiintensivos (2 horas al d\u00eda)<\/li>\n<li>Clases particulares de italiano<\/li>\n<li>Cursos combinados de lengua y cultura italiana (deportes, cocina, cer\u00e1mica)<\/li>\n<li><a href=\"https:\/\/www.studiainitalia.com\/es\/cursos\/cursos-en-taormina\/italiano-mayores-de-50-en-taormina\/\">Cursos para personas mayores<\/a><\/li>\n<\/ul>\n<h2><b>Fechas de inicio y detalles<\/b><\/h2>\n<p>&nbsp;<\/p>\n<ul>\n<li><b>Duraci\u00f3n de las clases<\/b>: 45 minutos<\/li>\n<li><b>Tama\u00f1o medio de las clases<\/b>: 9 alumnos<\/li>\n<li><b>Tama\u00f1o m\u00e1ximo de las clases<\/b>: 12 alumnos<\/li>\n<li><b>Horario<\/b>: Por la ma\u00f1ana o por la tarde, dependiendo del tipo de curso<\/li>\n<li><b>Materiales del curso<\/b>: Incluidos<\/li>\n<li><b>Prueba de nivel y certificado final<\/b>: Incluidos<\/li>\n<li><b>Ubicaci\u00f3n<\/b>: Via Timoleone 10<\/li>\n<li><b>Otros servicios<\/b>: Acceso a Internet, actividades sociales, jard\u00edn, cafeter\u00eda y traslado al aeropuerto disponible<\/li>\n<\/ul>\n\n<table id=\"tablepress-64\" class=\"tablepress tablepress-id-64 tbody-has-connected-cells\">\n<thead>\n<tr class=\"row-1\">\n\t<th colspan=\"6\" class=\"column-1\">Fechas de Inicio 2026<\/th>\n<\/tr>\n<\/thead>\n<tbody class=\"row-striping row-hover\">\n<tr class=\"row-2\">\n\t<td class=\"column-1\">Enero<\/td><td class=\"column-2\"><\/td><td class=\"column-3\">Mayo<\/td><td class=\"column-4\">cada lunes<\/td><td class=\"column-5\">Septiembre<\/td><td class=\"column-6\">cada lunes<\/td>\n<\/tr>\n<tr class=\"row-3\">\n\t<td class=\"column-1\">Febrero<\/td><td class=\"column-2\">cada lunes<\/td><td class=\"column-3\">Junio<\/td><td class=\"column-4\">cada lunes<\/td><td class=\"column-5\">Octobre<\/td><td class=\"column-6\">cada lunes<\/td>\n<\/tr>\n<tr class=\"row-4\">\n\t<td class=\"column-1\">Marzo<\/td><td class=\"column-2\">cada lunes<\/td><td class=\"column-3\">Julio<\/td><td class=\"column-4\">cada lunes<\/td><td class=\"column-5\">Noviembre<\/td><td class=\"column-6\">cada lunes<\/td>\n<\/tr>\n<tr class=\"row-5\">\n\t<td class=\"column-1\">Abril<\/td><td class=\"column-2\">cada lunes<\/td><td class=\"column-3\">Agosto<\/td><td class=\"column-4\">cada lunes<\/td><td class=\"column-5\">Diciembre<\/td><td class=\"column-6\">cada lunes<\/td>\n<\/tr>\n<tr class=\"row-6\">\n\t<td colspan=\"6\" class=\"column-1\">La escuela permanecer\u00e1 cerrada durante las fiestas nacionales: Epifan\u00eda (06\/01), Lunes de Pascua, D\u00eda de la Liberaci\u00f3n (25\/04), D\u00eda del Trabajo (01\/05), D\u00eda de la Republica (02\/06), Ferragosto (15\/08), Todos los Santos (01\/11), Inmaculada Concepci\u00f3n (8\/12), vacaciones de Navidad y A\u00f1o Nuevo <\/td>\n<\/tr>\n<\/tbody>\n<\/table>\n<!-- #tablepress-64 from cache -->\n<p>&nbsp;<\/p>\n<h2><b>\u00bfPor qu\u00e9 estudiar italiano en Taormina?<\/b><\/h2>\n<p>&nbsp;<\/p>\n<p>Las calles medievales son seguras, transitables y est\u00e1n llenas de gente amable que estar\u00e1 encantada de charlar contigo. Podr\u00e1s practicar lo aprendido en la clase de la ma\u00f1ana mientras pides un <i>granita<\/i> en una cafeter\u00eda.<\/p>\n<p>Taormina ha acogido a escritores, poetas y artistas durante siglos, desde DH Lawrence hasta Oscar Wilde. Hoy en d\u00eda, ese esp\u00edritu art\u00edstico sigue vivo a trav\u00e9s de festivales internacionales de cine, m\u00fasica y literatura.<\/p>\n<p>Taormina disfruta de inviernos suaves y veranos soleados. Esto permite llevar un estilo de vida al aire libre durante todo el a\u00f1o.<\/p>\n<p><b>Ventajas de estudiar italiano en Taormina<\/b><\/p>\n<p><b>Sabores sicilianos:<\/b> Taormina es la puerta de entrada al incre\u00edble mundo de la cocina siciliana. Desde mariscos de primera categor\u00eda hasta los famosos vinos cultivados en el suelo volc\u00e1nico del Etna, cada comida es una oportunidad para explorar la conexi\u00f3n entre la lengua italiana y su alma culinaria.<\/p>\n<p><b>Cultura siciliana<\/b> Taormina es la puerta de entrada perfecta al rico patrimonio de Sicilia.<\/p>\n<p>&nbsp;<\/p>\n<h3><b>Actividades\u00a0 y vida <\/b><b>cultural <\/b><b>en Taormina<\/b><\/h3>\n<p>&nbsp;<\/p>\n<p>La escuela cuenta con un hermoso jard\u00edn donde se celebran una gran variedad de eventos culturales.<\/p>\n<p>La escuela organiza cada semana numerosas actividades sociales y excursiones, como conferencias sobre literatura italiana y pol\u00edtica siciliana, proyecciones de pel\u00edculas y paseos guiados por Taormina.<\/p>\n<p>Adem\u00e1s de nuestras actividades gratuitas, la escuela organiza excursiones y salidas exclusivas.<\/p>\n<ul>\n<li><b>Excursiones de un d\u00eda y fines de semana:<\/b> Explora los paisajes volc\u00e1nicos del <b>monte Etna<\/b>, las antiguas ruinas de <b>Siracusa<\/b> o las cristalinas <b>islas Eolias<\/b>.<\/li>\n<li><b>Noches culturales:<\/b> Acomp\u00e1\u00f1anos en cenas de grupo, representaciones teatrales y conciertos bajo las estrellas.<\/li>\n<\/ul>\n<p><b>Es una invitaci\u00f3n perfecta para estudiar italiano en Taormina y descubrir el estilo de vida siciliano.<\/b><\/p>\n<p>&nbsp;<\/p>\n<p>&nbsp;<\/p>\n<p>&nbsp;<\/p>\n<p>&nbsp;<\/p>\n","protected":false},"excerpt":{"rendered":"<h2><\/h2>\n<h2><b>Aprende italiano en Taormina, una <\/b>inmersi\u00f3n ling\u00fc\u00edstica entre el mar y el Etna<\/h2>\n<p>Imagina aprender italiano mientras contemplas las aguas turquesas del mar J\u00f3nico. <b>Taormina<\/b>, la \u00abperla del Mediterr\u00e1neo\u00bb de Sicilia, es m\u00e1s que un pintoresco tel\u00f3n de fondo: es el aula definitiva para el descubrimiento cultural y ling\u00fc\u00edstico.<\/p>\n<p>Esta impresionante ciudad siciliana combina una educaci\u00f3n de primera clase con un estilo de vida inolvidable. Nuestros cursos est\u00e1n dise\u00f1ados para que empieces a hablar desde el primer d\u00eda en un entorno que se parece menos a una escuela y m\u00e1s a una comunidad.<\/p>\n<p>Taormina se encuentra a cuarenta y cinco minutos en coche del volc\u00e1n activo m\u00e1s grande de Europa, el <b>monte Etna<\/b>. Est\u00e1 cerca de la localidad costera de Giardini Naxos. Isola Bella y Spisone son sus famosas playas<\/p>\n<p>&nbsp;<\/p>\n","protected":false},"featured_media":118484,"comment_status":"open","ping_status":"closed","template":"","meta":{"_acf_changed":false,"_uag_custom_page_level_css":"","_kad_blocks_custom_css":"","_kad_blocks_head_custom_js":"","_kad_blocks_body_custom_js":"","_kad_blocks_footer_custom_js":"","site-sidebar-layout":"default","site-content-layout":"default","ast-site-content-layout":"default","site-content-style":"default","site-sidebar-style":"default","ast-global-header-display":"","ast-banner-title-visibility":"","ast-main-header-display":"","ast-hfb-above-header-display":"","ast-hfb-below-header-display":"","ast-hfb-mobile-header-display":"","site-post-title":"","ast-breadcrumbs-content":"","ast-featured-img":"","footer-sml-layout":"","ast-disable-related-posts":"","theme-transparent-header-meta":"default","adv-header-id-meta":"","stick-header-meta":"default","header-above-stick-meta":"","header-main-stick-meta":"","header-below-stick-meta":"","astra-migrate-meta-layouts":"set","ast-page-background-enabled":"default","ast-page-background-meta":{"desktop":{"background-color":"var(--ast-global-color-4)","background-image":"","background-repeat":"repeat","background-position":"center center","background-size":"auto","background-attachment":"scroll","background-type":"","background-media":"","overlay-type":"","overlay-color":"","overlay-opacity":"","overlay-gradient":""},"tablet":{"background-color":"","background-image":"","background-repeat":"repeat","background-position":"center center","background-size":"auto","background-attachment":"scroll","background-type":"","background-media":"","overlay-type":"","overlay-color":"","overlay-opacity":"","overlay-gradient":""},"mobile":{"background-color":"","background-image":"","background-repeat":"repeat","background-position":"center center","background-size":"auto","background-attachment":"scroll","background-type":"","background-media":"","overlay-type":"","overlay-color":"","overlay-opacity":"","overlay-gradient":""}},"ast-content-background-meta":{"desktop":{"background-color":"var(--ast-global-color-5)","background-image":"","background-repeat":"repeat","background-position":"center center","background-size":"auto","background-attachment":"scroll","background-type":"","background-media":"","overlay-type":"","overlay-color":"","overlay-opacity":"","overlay-gradient":""},"tablet":{"background-color":"var(--ast-global-color-5)","background-image":"","background-repeat":"repeat","background-position":"center center","background-size":"auto","background-attachment":"scroll","background-type":"","background-media":"","overlay-type":"","overlay-color":"","overlay-opacity":"","overlay-gradient":""},"mobile":{"background-color":"var(--ast-global-color-5)","background-image":"","background-repeat":"repeat","background-position":"center center","background-size":"auto","background-attachment":"scroll","background-type":"","background-media":"","overlay-type":"","overlay-color":"","overlay-opacity":"","overlay-gradient":""}}},"section":[2029],"product_brand":[],"product_cat":[1254,1286],"product_tag":[1842],"class_list":{"0":"post-188564","1":"product","2":"type-product","3":"status-publish","4":"has-post-thumbnail","6":"section-south-and-islands","7":"product_cat-cursos-de-italiano-en-italia","8":"product_cat-cursos-en-taormina","9":"product_tag-cursos-de-italiano-en-italia","10":"desktop-align-left","11":"tablet-align-left","12":"mobile-align-left","13":"ast-product-gallery-layout-horizontal-slider","14":"ast-product-single-variable","15":"ast-product-tabs-layout-horizontal","16":"ast-qv-on-image-click","18":"first","19":"instock","20":"sold-individually","21":"shipping-taxable","22":"purchasable","23":"product-type-variable","24":"has-default-attributes"},"acf":[],"taxonomy_info":{"section":[{"value":2029,"label":"South and Islands"}],"product_cat":[{"value":1254,"label":"Cursos de italiano en Italia"},{"value":1286,"label":"Cursos en Taormina"}],"product_tag":[{"value":1842,"label":"CURSOS DE ITALIANO EN ITALIA"}]},"featured_image_src_large":["https:\/\/www.studiainitalia.com\/wp-content\/uploads\/2016\/11\/learn-italian-in-taormina-e1490028120271.jpg",350,350,false],"author_info":[],"comment_info":9,"uagb_featured_image_src":{"full":["https:\/\/www.studiainitalia.com\/wp-content\/uploads\/2016\/11\/learn-italian-in-taormina-e1490028120271.jpg",350,350,false],"thumbnail":["https:\/\/www.studiainitalia.com\/wp-content\/uploads\/2016\/11\/learn-italian-in-taormina-150x150.jpg",96,96,true],"medium":["https:\/\/www.studiainitalia.com\/wp-content\/uploads\/2016\/11\/learn-italian-in-taormina-300x300.jpg",300,300,true],"medium_large":["https:\/\/www.studiainitalia.com\/wp-content\/uploads\/2016\/11\/learn-italian-in-taormina-e1490028120271.jpg",350,350,false],"large":["https:\/\/www.studiainitalia.com\/wp-content\/uploads\/2016\/11\/learn-italian-in-taormina-e1490028120271.jpg",350,350,false],"1536x1536":["https:\/\/www.studiainitalia.com\/wp-content\/uploads\/2016\/11\/learn-italian-in-taormina-e1490028120271.jpg",350,350,false],"2048x2048":["https:\/\/www.studiainitalia.com\/wp-content\/uploads\/2016\/11\/learn-italian-in-taormina-e1490028120271.jpg",350,350,false],"ultp_layout_landscape_large":["https:\/\/www.studiainitalia.com\/wp-content\/uploads\/2016\/11\/learn-italian-in-taormina-e1490028120271.jpg",350,350,false],"ultp_layout_landscape":["https:\/\/www.studiainitalia.com\/wp-content\/uploads\/2016\/11\/learn-italian-in-taormina-e1490028120271.jpg",350,350,false],"ultp_layout_portrait":["https:\/\/www.studiainitalia.com\/wp-content\/uploads\/2016\/11\/learn-italian-in-taormina-e1490028120271.jpg",350,350,false],"ultp_layout_square":["https:\/\/www.studiainitalia.com\/wp-content\/uploads\/2016\/11\/learn-italian-in-taormina-e1490028120271.jpg",350,350,false],"gform-image-choice-sm":["https:\/\/www.studiainitalia.com\/wp-content\/uploads\/2016\/11\/learn-italian-in-taormina-e1490028120271.jpg",300,300,false],"gform-image-choice-md":["https:\/\/www.studiainitalia.com\/wp-content\/uploads\/2016\/11\/learn-italian-in-taormina-e1490028120271.jpg",350,350,false],"gform-image-choice-lg":["https:\/\/www.studiainitalia.com\/wp-content\/uploads\/2016\/11\/learn-italian-in-taormina-e1490028120271.jpg",350,350,false],"woocommerce_thumbnail":["https:\/\/www.studiainitalia.com\/wp-content\/uploads\/2016\/11\/learn-italian-in-taormina-e1490028120271-300x300.jpg",300,300,true],"woocommerce_single":["https:\/\/www.studiainitalia.com\/wp-content\/uploads\/2016\/11\/learn-italian-in-taormina-e1490028120271.jpg",350,350,false],"woocommerce_gallery_thumbnail":["https:\/\/www.studiainitalia.com\/wp-content\/uploads\/2016\/11\/learn-italian-in-taormina-e1490028120271-100x100.jpg",100,100,true],"yarpp-thumbnail":["https:\/\/www.studiainitalia.com\/wp-content\/uploads\/2016\/11\/learn-italian-in-taormina-e1490028120271.jpg",120,120,false]},"uagb_author_info":{"display_name":"Javier Diaz","author_link":"https:\/\/www.studiainitalia.com\/es\/author\/"},"uagb_comment_info":9,"uagb_excerpt":"Aprende italiano en Taormina, una inmersi\u00f3n ling\u00fc\u00edstica entre el mar y el Etna Imagina aprender italiano mientras contemplas las aguas turquesas del mar J\u00f3nico. Taormina, la \u00abperla del Mediterr\u00e1neo\u00bb de Sicilia, es m\u00e1s que un pintoresco tel\u00f3n de fondo: es el aula definitiva para el descubrimiento cultural y ling\u00fc\u00edstico. Esta impresionante ciudad siciliana combina una&hellip;","_links":{"self":[{"href":"https:\/\/www.studiainitalia.com\/es\/wp-json\/wp\/v2\/product\/188564","targetHints":{"allow":["GET"]}}],"collection":[{"href":"https:\/\/www.studiainitalia.com\/es\/wp-json\/wp\/v2\/product"}],"about":[{"href":"https:\/\/www.studiainitalia.com\/es\/wp-json\/wp\/v2\/types\/product"}],"replies":[{"embeddable":true,"href":"https:\/\/www.studiainitalia.com\/es\/wp-json\/wp\/v2\/comments?post=188564"}],"wp:featuredmedia":[{"embeddable":true,"href":"https:\/\/www.studiainitalia.com\/es\/wp-json\/wp\/v2\/media\/118484"}],"wp:attachment":[{"href":"https:\/\/www.studiainitalia.com\/es\/wp-json\/wp\/v2\/media?parent=188564"}],"wp:term":[{"taxonomy":"section","embeddable":true,"href":"https:\/\/www.studiainitalia.com\/es\/wp-json\/wp\/v2\/section?post=188564"},{"taxonomy":"product_brand","embeddable":true,"href":"https:\/\/www.studiainitalia.com\/es\/wp-json\/wp\/v2\/product_brand?post=188564"},{"taxonomy":"product_cat","embeddable":true,"href":"https:\/\/www.studiainitalia.com\/es\/wp-json\/wp\/v2\/product_cat?post=188564"},{"taxonomy":"product_tag","embeddable":true,"href":"https:\/\/www.studiainitalia.com\/es\/wp-json\/wp\/v2\/product_tag?post=188564"}],"curies":[{"name":"wp","href":"https:\/\/api.w.org\/{rel}","templated":true}]}}