{"id":188580,"date":"2016-11-06T19:15:02","date_gmt":"2016-11-06T18:15:02","guid":{"rendered":"https:\/\/www.studiainitalia.com\/courses\/sin%20categor\u00eda\/italiano-en-assisi\/"},"modified":"2026-03-25T10:22:53","modified_gmt":"2026-03-25T09:22:53","slug":"italiano-en-asis","status":"publish","type":"product","link":"https:\/\/www.studiainitalia.com\/es\/cursos\/cursos-de-italiano-en-italia\/italiano-en-asis\/","title":{"rendered":"Cursos de Italiano en As\u00eds"},"content":{"rendered":"<h2>Italiano en As\u00eds<\/h2>\n<p>&nbsp;<\/p>\n<p>Nuestro\u00a0<strong>curso de italiano en As\u00eds<\/strong>\u00a0est\u00e1 disponible durante todo el a\u00f1o.<\/p>\n<p>La escuela Accademia Lingua Italiana fue fundada en 1993, y es dirigida por el Prof. Angelo Chiuchi\u00f9. Est\u00e1 reconocida por el Ministerio de Educaci\u00f3n italiano (MIUR).<\/p>\n<p>&nbsp;<\/p>\n<p>La escuela expide cr\u00e9ditos universitarios y es un centro de certificaci\u00f3n para PLIDA, Roma Tre y CILS. Nuestros cursos atraen a una mezcla ecl\u00e9ctica de alumnos. Se pueden encontrar estudiantes de secundaria y universitarios. Muchos de nuestros alumnos son m\u00fasicos y cantantes.<\/p>\n<p>&nbsp;<\/p>\n<p>La Accademia puede adaptar sus cursos en funci\u00f3n de las necesidades de los estudiantes. Los grupos reducidos, los cursos personalizados y la flexibilidad son nuestros puntos fuertes. Los estudiantes y los socios disfrutan trabajando con una escuela de tama\u00f1o medio.<\/p>\n<p>&nbsp;<\/p>\n<p>La ubicaci\u00f3n es en una de las zonas m\u00e1s bellas de Italia.<\/p>\n<p>La escuela organiza cursos de italiano semi-intensivos, intensivos y superintensivos. Adem\u00e1s del curso de lengua, puedes asistir a clases de arqueolog\u00eda, cine y cursos de literatura.<\/p>\n<p>&nbsp;<\/p>\n<p>\u00a1Disfruta de tu curso de italiano en As\u00eds!<\/p>\n<p>&nbsp;<\/p>\n<table id=\"tablepress-66\" class=\"tablepress tablepress-id-66\">\n<thead>\n<tr class=\"row-1 odd\">\n<th class=\"column-1\" colspan=\"6\">Fechas de Inicio 2026<\/th>\n<\/tr>\n<\/thead>\n<tbody class=\"row-hover\">\n<tr class=\"row-2 even\">\n<td class=\"column-1\">Enero<\/td>\n<td class=\"column-2\"><\/td>\n<td class=\"column-3\">Mayo<\/td>\n<td class=\"column-4\">18<\/td>\n<td class=\"column-5\">Septiembre<\/td>\n<td class=\"column-6\">14<\/td>\n<\/tr>\n<tr class=\"row-3 odd\">\n<td class=\"column-1\">Febrero<\/td>\n<td class=\"column-2\"><\/td>\n<td class=\"column-3\">Junio<\/td>\n<td class=\"column-4\">29<\/td>\n<td class=\"column-5\">Octobre<\/td>\n<td class=\"column-6\">12<\/td>\n<\/tr>\n<tr class=\"row-4 even\">\n<td class=\"column-1\">Marzo<\/td>\n<td class=\"column-2\">2<\/td>\n<td class=\"column-3\">Julio<\/td>\n<td class=\"column-4\">13<\/td>\n<td class=\"column-5\">Noviembre<\/td>\n<td class=\"column-6\">2, 30<\/td>\n<\/tr>\n<tr class=\"row-5 odd\">\n<td class=\"column-1\">Abril<\/td>\n<td class=\"column-2\">13<\/td>\n<td class=\"column-3\">Agosto<\/td>\n<td class=\"column-4\">24<\/td>\n<td class=\"column-5\">Diciembre<\/td>\n<td class=\"column-6\"><\/td>\n<\/tr>\n<tr class=\"row-6 even\">\n<td class=\"column-1\" colspan=\"6\">La escuela permanecer\u00e1 cerrada durante las fiestas nacionales: Epifan\u00eda (06\/01), Lunes de Pascua, D\u00eda de la Liberaci\u00f3n (25\/04), D\u00eda del Trabajo (01\/05), D\u00eda de la Republica (02\/06), Ferragosto (15\/08), Todos los Santos (01\/11), Inmaculada Concepci\u00f3n (8\/12), vacaciones de Navidad y A\u00f1o Nuevo.<\/td>\n<\/tr>\n<\/tbody>\n<\/table>\n<div class=\"aiosrs-rating-wrap\" data-schema-id=\"90691\">\n<div class=\"aiosrs-star-rating-wrap \"><\/div>\n<div class=\"aiosrs-rating-summary-wrap\"><\/div>\n<\/div>\n<h3><\/h3>\n","protected":false},"excerpt":{"rendered":"<form class=\"variations_form cart\" style=\"box-sizing: border-box; margin: 24px 0px 39px; padding: 20px; border: 2px solid #eeeeee; outline: 0px; font-size: 14px; text-size-adjust: 100%; vertical-align: baseline; background: #ffffff; color: #444444; font-family: 'Open Sans', Arial, sans-serif; font-style: normal; font-variant-ligatures: normal; font-variant-caps: normal; font-weight: 500; letter-spacing: normal; orphans: 2; text-align: left; text-indent: 0px; text-transform: none; widows: 2; word-spacing: 0px; -webkit-text-stroke-width: 0px; white-space: normal; text-decoration-thickness: initial; text-decoration-style: initial; text-decoration-color: initial;\" action=\"https:\/\/www.studiainitalia.com\/es\/cursos\/cursos-de-italiano-en-italia\/italiano-en-asis\/\" enctype=\"multipart\/form-data\" method=\"post\" data-product_id=\"61677\" data-product_variations=\"[{&quot;attributes&quot;:{&quot;attribute_number-of-weeks&quot;:&quot;1 semana (solo curso)&quot;},&quot;availability_html&quot;:&quot;&quot;,&quot;backorders_allowed&quot;:false,&quot;dimensions&quot;:{&quot;length&quot;:&quot;&quot;,&quot;width&quot;:&quot;&quot;,&quot;height&quot;:&quot;&quot;},&quot;dimensions_html&quot;:&quot;N\\\/A&quot;,&quot;display_price&quot;:320,&quot;display_regular_price&quot;:320,&quot;image&quot;:{&quot;title&quot;:&quot;italiano en as\\u00eds&quot;,&quot;caption&quot;:&quot;&quot;,&quot;url&quot;:&quot;https:\\\/\\\/www.studiainitalia.com\\\/wp-content\\\/uploads\\\/2016\\\/11\\\/italiano-assisi.jpg&quot;,&quot;alt&quot;:&quot;Curso de italiano en Asis&quot;,&quot;src&quot;:&quot;https:\\\/\\\/www.studiainitalia.com\\\/wp-content\\\/uploads\\\/2016\\\/11\\\/italiano-assisi-400x402.jpg&quot;,&quot;srcset&quot;:&quot;https:\\\/\\\/www.studiainitalia.com\\\/wp-content\\\/uploads\\\/2016\\\/11\\\/italiano-assisi-400x402.jpg 400w, https:\\\/\\\/www.studiainitalia.com\\\/wp-content\\\/uploads\\\/2016\\\/11\\\/italiano-assisi-150x150.jpg 150w, https:\\\/\\\/www.studiainitalia.com\\\/wp-content\\\/uploads\\\/2016\\\/11\\\/italiano-assisi-298x300.jpg 298w, https:\\\/\\\/www.studiainitalia.com\\\/wp-content\\\/uploads\\\/2016\\\/11\\\/italiano-assisi-100x100.jpg 100w, https:\\\/\\\/www.studiainitalia.com\\\/wp-content\\\/uploads\\\/2016\\\/11\\\/italiano-assisi.jpg 735w&quot;,&quot;sizes&quot;:&quot;(max-width: 400px) 100vw, 400px&quot;,&quot;full_src&quot;:&quot;https:\\\/\\\/www.studiainitalia.com\\\/wp-content\\\/uploads\\\/2016\\\/11\\\/italiano-assisi.jpg&quot;,&quot;full_src_w&quot;:735,&quot;full_src_h&quot;:739,&quot;gallery_thumbnail_src&quot;:&quot;https:\\\/\\\/www.studiainitalia.com\\\/wp-content\\\/uploads\\\/2016\\\/11\\\/italiano-assisi-100x100.jpg&quot;,&quot;gallery_thumbnail_src_w&quot;:100,&quot;gallery_thumbnail_src_h&quot;:100,&quot;thumb_src&quot;:&quot;https:\\\/\\\/www.studiainitalia.com\\\/wp-content\\\/uploads\\\/2016\\\/11\\\/italiano-assisi-300x300.jpg&quot;,&quot;thumb_src_w&quot;:300,&quot;thumb_src_h&quot;:300,&quot;src_w&quot;:400,&quot;src_h&quot;:402},&quot;image_id&quot;:80324,&quot;is_downloadable&quot;:false,&quot;is_in_stock&quot;:true,&quot;is_purchasable&quot;:true,&quot;is_sold_individually&quot;:&quot;yes&quot;,&quot;is_virtual&quot;:false,&quot;max_qty&quot;:1,&quot;min_qty&quot;:1,&quot;price_html&quot;:&quot;&lt;span class=\\&quot;price\\&quot;&gt;&lt;span class=\\&quot;woocommerce-Price-amount amount\\&quot;&gt;&lt;bdi&gt;320&lt;span class=\\&quot;woocommerce-Price-currencySymbol\\&quot;&gt;&amp;euro;&lt;\\\/span&gt;&lt;\\\/bdi&gt;&lt;\\\/span&gt;&lt;\\\/span&gt;&quot;,&quot;sku&quot;:&quot;&quot;,&quot;variation_description&quot;:&quot;&quot;,&quot;variation_id&quot;:61685,&quot;variation_is_active&quot;:true,&quot;variation_is_visible&quot;:true,&quot;weight&quot;:&quot;&quot;,&quot;weight_html&quot;:&quot;N\\\/A&quot;},{&quot;attributes&quot;:{&quot;attribute_number-of-weeks&quot;:&quot;4 semanas (solo curso)&quot;},&quot;availability_html&quot;:&quot;&quot;,&quot;backorders_allowed&quot;:false,&quot;dimensions&quot;:{&quot;length&quot;:&quot;&quot;,&quot;width&quot;:&quot;&quot;,&quot;height&quot;:&quot;&quot;},&quot;dimensions_html&quot;:&quot;N\\\/A&quot;,&quot;display_price&quot;:960,&quot;display_regular_price&quot;:960,&quot;image&quot;:{&quot;title&quot;:&quot;italiano en as\\u00eds&quot;,&quot;caption&quot;:&quot;&quot;,&quot;url&quot;:&quot;https:\\\/\\\/www.studiainitalia.com\\\/wp-content\\\/uploads\\\/2016\\\/11\\\/italiano-assisi.jpg&quot;,&quot;alt&quot;:&quot;Curso de italiano en Asis&quot;,&quot;src&quot;:&quot;https:\\\/\\\/www.studiainitalia.com\\\/wp-content\\\/uploads\\\/2016\\\/11\\\/italiano-assisi-400x402.jpg&quot;,&quot;srcset&quot;:&quot;https:\\\/\\\/www.studiainitalia.com\\\/wp-content\\\/uploads\\\/2016\\\/11\\\/italiano-assisi-400x402.jpg 400w, https:\\\/\\\/www.studiainitalia.com\\\/wp-content\\\/uploads\\\/2016\\\/11\\\/italiano-assisi-150x150.jpg 150w, https:\\\/\\\/www.studiainitalia.com\\\/wp-content\\\/uploads\\\/2016\\\/11\\\/italiano-assisi-298x300.jpg 298w, https:\\\/\\\/www.studiainitalia.com\\\/wp-content\\\/uploads\\\/2016\\\/11\\\/italiano-assisi-100x100.jpg 100w, https:\\\/\\\/www.studiainitalia.com\\\/wp-content\\\/uploads\\\/2016\\\/11\\\/italiano-assisi.jpg 735w&quot;,&quot;sizes&quot;:&quot;(max-width: 400px) 100vw, 400px&quot;,&quot;full_src&quot;:&quot;https:\\\/\\\/www.studiainitalia.com\\\/wp-content\\\/uploads\\\/2016\\\/11\\\/italiano-assisi.jpg&quot;,&quot;full_src_w&quot;:735,&quot;full_src_h&quot;:739,&quot;gallery_thumbnail_src&quot;:&quot;https:\\\/\\\/www.studiainitalia.com\\\/wp-content\\\/uploads\\\/2016\\\/11\\\/italiano-assisi-100x100.jpg&quot;,&quot;gallery_thumbnail_src_w&quot;:100,&quot;gallery_thumbnail_src_h&quot;:100,&quot;thumb_src&quot;:&quot;https:\\\/\\\/www.studiainitalia.com\\\/wp-content\\\/uploads\\\/2016\\\/11\\\/italiano-assisi-300x300.jpg&quot;,&quot;thumb_src_w&quot;:300,&quot;thumb_src_h&quot;:300,&quot;src_w&quot;:400,&quot;src_h&quot;:402},&quot;image_id&quot;:80324,&quot;is_downloadable&quot;:false,&quot;is_in_stock&quot;:true,&quot;is_purchasable&quot;:true,&quot;is_sold_individually&quot;:&quot;yes&quot;,&quot;is_virtual&quot;:false,&quot;max_qty&quot;:1,&quot;min_qty&quot;:1,&quot;price_html&quot;:&quot;&lt;span class=\\&quot;price\\&quot;&gt;&lt;span class=\\&quot;woocommerce-Price-amount amount\\&quot;&gt;&lt;bdi&gt;960&lt;span class=\\&quot;woocommerce-Price-currencySymbol\\&quot;&gt;&amp;euro;&lt;\\\/span&gt;&lt;\\\/bdi&gt;&lt;\\\/span&gt;&lt;\\\/span&gt;&quot;,&quot;sku&quot;:&quot;&quot;,&quot;variation_description&quot;:&quot;&quot;,&quot;variation_id&quot;:61682,&quot;variation_is_active&quot;:true,&quot;variation_is_visible&quot;:true,&quot;weight&quot;:&quot;&quot;,&quot;weight_html&quot;:&quot;N\\\/A&quot;},{&quot;attributes&quot;:{&quot;attribute_number-of-weeks&quot;:&quot;3 semanas (solo curso)&quot;},&quot;availability_html&quot;:&quot;&quot;,&quot;backorders_allowed&quot;:false,&quot;dimensions&quot;:{&quot;length&quot;:&quot;&quot;,&quot;width&quot;:&quot;&quot;,&quot;height&quot;:&quot;&quot;},&quot;dimensions_html&quot;:&quot;N\\\/A&quot;,&quot;display_price&quot;:720,&quot;display_regular_price&quot;:720,&quot;image&quot;:{&quot;title&quot;:&quot;italiano en as\\u00eds&quot;,&quot;caption&quot;:&quot;&quot;,&quot;url&quot;:&quot;https:\\\/\\\/www.studiainitalia.com\\\/wp-content\\\/uploads\\\/2016\\\/11\\\/italiano-assisi.jpg&quot;,&quot;alt&quot;:&quot;Curso de italiano en Asis&quot;,&quot;src&quot;:&quot;https:\\\/\\\/www.studiainitalia.com\\\/wp-content\\\/uploads\\\/2016\\\/11\\\/italiano-assisi-400x402.jpg&quot;,&quot;srcset&quot;:&quot;https:\\\/\\\/www.studiainitalia.com\\\/wp-content\\\/uploads\\\/2016\\\/11\\\/italiano-assisi-400x402.jpg 400w, https:\\\/\\\/www.studiainitalia.com\\\/wp-content\\\/uploads\\\/2016\\\/11\\\/italiano-assisi-150x150.jpg 150w, https:\\\/\\\/www.studiainitalia.com\\\/wp-content\\\/uploads\\\/2016\\\/11\\\/italiano-assisi-298x300.jpg 298w, https:\\\/\\\/www.studiainitalia.com\\\/wp-content\\\/uploads\\\/2016\\\/11\\\/italiano-assisi-100x100.jpg 100w, https:\\\/\\\/www.studiainitalia.com\\\/wp-content\\\/uploads\\\/2016\\\/11\\\/italiano-assisi.jpg 735w&quot;,&quot;sizes&quot;:&quot;(max-width: 400px) 100vw, 400px&quot;,&quot;full_src&quot;:&quot;https:\\\/\\\/www.studiainitalia.com\\\/wp-content\\\/uploads\\\/2016\\\/11\\\/italiano-assisi.jpg&quot;,&quot;full_src_w&quot;:735,&quot;full_src_h&quot;:739,&quot;gallery_thumbnail_src&quot;:&quot;https:\\\/\\\/www.studiainitalia.com\\\/wp-content\\\/uploads\\\/2016\\\/11\\\/italiano-assisi-100x100.jpg&quot;,&quot;gallery_thumbnail_src_w&quot;:100,&quot;gallery_thumbnail_src_h&quot;:100,&quot;thumb_src&quot;:&quot;https:\\\/\\\/www.studiainitalia.com\\\/wp-content\\\/uploads\\\/2016\\\/11\\\/italiano-assisi-300x300.jpg&quot;,&quot;thumb_src_w&quot;:300,&quot;thumb_src_h&quot;:300,&quot;src_w&quot;:400,&quot;src_h&quot;:402},&quot;image_id&quot;:80324,&quot;is_downloadable&quot;:false,&quot;is_in_stock&quot;:true,&quot;is_purchasable&quot;:true,&quot;is_sold_individually&quot;:&quot;yes&quot;,&quot;is_virtual&quot;:false,&quot;max_qty&quot;:1,&quot;min_qty&quot;:1,&quot;price_html&quot;:&quot;&lt;span class=\\&quot;price\\&quot;&gt;&lt;span class=\\&quot;woocommerce-Price-amount amount\\&quot;&gt;&lt;bdi&gt;720&lt;span class=\\&quot;woocommerce-Price-currencySymbol\\&quot;&gt;&amp;euro;&lt;\\\/span&gt;&lt;\\\/bdi&gt;&lt;\\\/span&gt;&lt;\\\/span&gt;&quot;,&quot;sku&quot;:&quot;&quot;,&quot;variation_description&quot;:&quot;&quot;,&quot;variation_id&quot;:61683,&quot;variation_is_active&quot;:true,&quot;variation_is_visible&quot;:true,&quot;weight&quot;:&quot;&quot;,&quot;weight_html&quot;:&quot;N\\\/A&quot;},{&quot;attributes&quot;:{&quot;attribute_number-of-weeks&quot;:&quot;2 semanas (solo curso)&quot;},&quot;availability_html&quot;:&quot;&quot;,&quot;backorders_allowed&quot;:false,&quot;dimensions&quot;:{&quot;length&quot;:&quot;&quot;,&quot;width&quot;:&quot;&quot;,&quot;height&quot;:&quot;&quot;},&quot;dimensions_html&quot;:&quot;N\\\/A&quot;,&quot;display_price&quot;:490,&quot;display_regular_price&quot;:490,&quot;image&quot;:{&quot;title&quot;:&quot;italiano en as\\u00eds&quot;,&quot;caption&quot;:&quot;&quot;,&quot;url&quot;:&quot;https:\\\/\\\/www.studiainitalia.com\\\/wp-content\\\/uploads\\\/2016\\\/11\\\/italiano-assisi.jpg&quot;,&quot;alt&quot;:&quot;Curso de italiano en Asis&quot;,&quot;src&quot;:&quot;https:\\\/\\\/www.studiainitalia.com\\\/wp-content\\\/uploads\\\/2016\\\/11\\\/italiano-assisi-400x402.jpg&quot;,&quot;srcset&quot;:&quot;https:\\\/\\\/www.studiainitalia.com\\\/wp-content\\\/uploads\\\/2016\\\/11\\\/italiano-assisi-400x402.jpg 400w, https:\\\/\\\/www.studiainitalia.com\\\/wp-content\\\/uploads\\\/2016\\\/11\\\/italiano-assisi-150x150.jpg 150w, https:\\\/\\\/www.studiainitalia.com\\\/wp-content\\\/uploads\\\/2016\\\/11\\\/italiano-assisi-298x300.jpg 298w, https:\\\/\\\/www.studiainitalia.com\\\/wp-content\\\/uploads\\\/2016\\\/11\\\/italiano-assisi-100x100.jpg 100w, https:\\\/\\\/www.studiainitalia.com\\\/wp-content\\\/uploads\\\/2016\\\/11\\\/italiano-assisi.jpg 735w&quot;,&quot;sizes&quot;:&quot;(max-width: 400px) 100vw, 400px&quot;,&quot;full_src&quot;:&quot;https:\\\/\\\/www.studiainitalia.com\\\/wp-content\\\/uploads\\\/2016\\\/11\\\/italiano-assisi.jpg&quot;,&quot;full_src_w&quot;:735,&quot;full_src_h&quot;:739,&quot;gallery_thumbnail_src&quot;:&quot;https:\\\/\\\/www.studiainitalia.com\\\/wp-content\\\/uploads\\\/2016\\\/11\\\/italiano-assisi-100x100.jpg&quot;,&quot;gallery_thumbnail_src_w&quot;:100,&quot;gallery_thumbnail_src_h&quot;:100,&quot;thumb_src&quot;:&quot;https:\\\/\\\/www.studiainitalia.com\\\/wp-content\\\/uploads\\\/2016\\\/11\\\/italiano-assisi-300x300.jpg&quot;,&quot;thumb_src_w&quot;:300,&quot;thumb_src_h&quot;:300,&quot;src_w&quot;:400,&quot;src_h&quot;:402},&quot;image_id&quot;:80324,&quot;is_downloadable&quot;:false,&quot;is_in_stock&quot;:true,&quot;is_purchasable&quot;:true,&quot;is_sold_individually&quot;:&quot;yes&quot;,&quot;is_virtual&quot;:false,&quot;max_qty&quot;:1,&quot;min_qty&quot;:1,&quot;price_html&quot;:&quot;&lt;span class=\\&quot;price\\&quot;&gt;&lt;span class=\\&quot;woocommerce-Price-amount amount\\&quot;&gt;&lt;bdi&gt;490&lt;span class=\\&quot;woocommerce-Price-currencySymbol\\&quot;&gt;&amp;euro;&lt;\\\/span&gt;&lt;\\\/bdi&gt;&lt;\\\/span&gt;&lt;\\\/span&gt;&quot;,&quot;sku&quot;:&quot;&quot;,&quot;variation_description&quot;:&quot;&quot;,&quot;variation_id&quot;:61684,&quot;variation_is_active&quot;:true,&quot;variation_is_visible&quot;:true,&quot;weight&quot;:&quot;&quot;,&quot;weight_html&quot;:&quot;N\\\/A&quot;}]\"><strong>Aprender italiano en As\u00eds.\u00a0<\/strong>L<strong>a regi\u00f3n de Umbr\u00eda es conocida como el coraz\u00f3n verde del pa\u00eds. As\u00eds es el primer destino de los peregrinos que desean conocer los lugares de San Francisco. En este peque\u00f1o centro, apuntalado en las faldas del monte Subasio, encontrar\u00e1s un lugar tranquilo y de descanso.<\/strong><\/p>\n<ul>\n<li>\u00a0Los cursos intensivos de italiano comienzan el lunes y constan de 4 lecciones de italiano por d\u00eda (de lunes a jueves).<\/li>\n<\/ul>\n<ul>\n<li>Los cursos est\u00e1n disponibles para todos los niveles y duraci\u00f3n.<\/li>\n<\/ul>\n<ul>\n<li>Los grupos son peque\u00f1os (6-12 estudiantes).<\/li>\n<\/ul>\n<ul>\n<li>Todas las tardes, los estudiantes tienen acceso a la sala de m\u00fasica, la biblioteca y son seguidos por los profesores y directores de cursos.<\/li>\n<\/ul>\n<ul>\n<li>Muchos de los estudiantes se benefician de estas instalaciones todos los d\u00edas asi que puedes quedarte en la misma escuela despu\u00e9s de cada clase, para leer y conversar con tus nuevos amigos.<\/li>\n<\/ul>\n<\/form>\n","protected":false},"featured_media":197727,"comment_status":"open","ping_status":"closed","template":"","meta":{"_acf_changed":false,"_uag_custom_page_level_css":"","_kad_blocks_custom_css":"","_kad_blocks_head_custom_js":"","_kad_blocks_body_custom_js":"","_kad_blocks_footer_custom_js":"","site-sidebar-layout":"default","site-content-layout":"default","ast-site-content-layout":"default","site-content-style":"default","site-sidebar-style":"default","ast-global-header-display":"","ast-banner-title-visibility":"","ast-main-header-display":"","ast-hfb-above-header-display":"","ast-hfb-below-header-display":"","ast-hfb-mobile-header-display":"","site-post-title":"","ast-breadcrumbs-content":"","ast-featured-img":"","footer-sml-layout":"","ast-disable-related-posts":"","theme-transparent-header-meta":"default","adv-header-id-meta":"","stick-header-meta":"default","header-above-stick-meta":"","header-main-stick-meta":"","header-below-stick-meta":"","astra-migrate-meta-layouts":"set","ast-page-background-enabled":"default","ast-page-background-meta":{"desktop":{"background-color":"var(--ast-global-color-4)","background-image":"","background-repeat":"repeat","background-position":"center center","background-size":"auto","background-attachment":"scroll","background-type":"","background-media":"","overlay-type":"","overlay-color":"","overlay-opacity":"","overlay-gradient":""},"tablet":{"background-color":"","background-image":"","background-repeat":"repeat","background-position":"center center","background-size":"auto","background-attachment":"scroll","background-type":"","background-media":"","overlay-type":"","overlay-color":"","overlay-opacity":"","overlay-gradient":""},"mobile":{"background-color":"","background-image":"","background-repeat":"repeat","background-position":"center center","background-size":"auto","background-attachment":"scroll","background-type":"","background-media":"","overlay-type":"","overlay-color":"","overlay-opacity":"","overlay-gradient":""}},"ast-content-background-meta":{"desktop":{"background-color":"var(--ast-global-color-5)","background-image":"","background-repeat":"repeat","background-position":"center center","background-size":"auto","background-attachment":"scroll","background-type":"","background-media":"","overlay-type":"","overlay-color":"","overlay-opacity":"","overlay-gradient":""},"tablet":{"background-color":"var(--ast-global-color-5)","background-image":"","background-repeat":"repeat","background-position":"center center","background-size":"auto","background-attachment":"scroll","background-type":"","background-media":"","overlay-type":"","overlay-color":"","overlay-opacity":"","overlay-gradient":""},"mobile":{"background-color":"var(--ast-global-color-5)","background-image":"","background-repeat":"repeat","background-position":"center center","background-size":"auto","background-attachment":"scroll","background-type":"","background-media":"","overlay-type":"","overlay-color":"","overlay-opacity":"","overlay-gradient":""}}},"section":[2028],"product_brand":[],"product_cat":[1254,1327],"product_tag":[1842],"class_list":{"0":"post-188580","1":"product","2":"type-product","3":"status-publish","4":"has-post-thumbnail","6":"section-center","7":"product_cat-cursos-de-italiano-en-italia","8":"product_cat-cursos-en-assisi","9":"product_tag-cursos-de-italiano-en-italia","10":"desktop-align-left","11":"tablet-align-left","12":"mobile-align-left","13":"ast-product-gallery-layout-horizontal-slider","14":"ast-product-single-variable","15":"ast-product-tabs-layout-horizontal","16":"ast-qv-on-image-click","18":"first","19":"instock","20":"sold-individually","21":"shipping-taxable","22":"purchasable","23":"product-type-variable","24":"has-default-attributes"},"acf":[],"taxonomy_info":{"section":[{"value":2028,"label":"Center"}],"product_cat":[{"value":1254,"label":"Cursos de italiano en Italia"},{"value":1327,"label":"Cursos en Assisi"}],"product_tag":[{"value":1842,"label":"CURSOS DE ITALIANO EN ITALIA"}]},"featured_image_src_large":["https:\/\/www.studiainitalia.com\/wp-content\/uploads\/2016\/11\/chiudere-le-persone-che-imparano-insieme-scaled.jpg",2048,1366,false],"author_info":[],"comment_info":1,"uagb_featured_image_src":{"full":["https:\/\/www.studiainitalia.com\/wp-content\/uploads\/2016\/11\/chiudere-le-persone-che-imparano-insieme-scaled.jpg",2048,1366,false],"thumbnail":["https:\/\/www.studiainitalia.com\/wp-content\/uploads\/2016\/11\/chiudere-le-persone-che-imparano-insieme-scaled.jpg",128,85,false],"medium":["https:\/\/www.studiainitalia.com\/wp-content\/uploads\/2016\/11\/chiudere-le-persone-che-imparano-insieme-scaled.jpg",2048,1366,false],"medium_large":["https:\/\/www.studiainitalia.com\/wp-content\/uploads\/2016\/11\/chiudere-le-persone-che-imparano-insieme-768x512.jpg",768,512,true],"large":["https:\/\/www.studiainitalia.com\/wp-content\/uploads\/2016\/11\/chiudere-le-persone-che-imparano-insieme-scaled.jpg",2048,1366,false],"1536x1536":["https:\/\/www.studiainitalia.com\/wp-content\/uploads\/2016\/11\/chiudere-le-persone-che-imparano-insieme-1536x1025.jpg",1536,1025,true],"2048x2048":["https:\/\/www.studiainitalia.com\/wp-content\/uploads\/2016\/11\/chiudere-le-persone-che-imparano-insieme-2048x1366.jpg",2048,1366,true],"ultp_layout_landscape_large":["https:\/\/www.studiainitalia.com\/wp-content\/uploads\/2016\/11\/chiudere-le-persone-che-imparano-insieme-1200x800.jpg",1200,800,true],"ultp_layout_landscape":["https:\/\/www.studiainitalia.com\/wp-content\/uploads\/2016\/11\/chiudere-le-persone-che-imparano-insieme-870x570.jpg",870,570,true],"ultp_layout_portrait":["https:\/\/www.studiainitalia.com\/wp-content\/uploads\/2016\/11\/chiudere-le-persone-che-imparano-insieme-600x900.jpg",600,900,true],"ultp_layout_square":["https:\/\/www.studiainitalia.com\/wp-content\/uploads\/2016\/11\/chiudere-le-persone-che-imparano-insieme-600x600.jpg",600,600,true],"gform-image-choice-sm":["https:\/\/www.studiainitalia.com\/wp-content\/uploads\/2016\/11\/chiudere-le-persone-che-imparano-insieme-scaled.jpg",300,200,false],"gform-image-choice-md":["https:\/\/www.studiainitalia.com\/wp-content\/uploads\/2016\/11\/chiudere-le-persone-che-imparano-insieme-scaled.jpg",400,267,false],"gform-image-choice-lg":["https:\/\/www.studiainitalia.com\/wp-content\/uploads\/2016\/11\/chiudere-le-persone-che-imparano-insieme-scaled.jpg",600,400,false],"woocommerce_thumbnail":["https:\/\/www.studiainitalia.com\/wp-content\/uploads\/2016\/11\/chiudere-le-persone-che-imparano-insieme-300x300.jpg",300,300,true],"woocommerce_single":["https:\/\/www.studiainitalia.com\/wp-content\/uploads\/2016\/11\/chiudere-le-persone-che-imparano-insieme-400x267.jpg",400,267,true],"woocommerce_gallery_thumbnail":["https:\/\/www.studiainitalia.com\/wp-content\/uploads\/2016\/11\/chiudere-le-persone-che-imparano-insieme-100x100.jpg",100,100,true],"yarpp-thumbnail":["https:\/\/www.studiainitalia.com\/wp-content\/uploads\/2016\/11\/chiudere-le-persone-che-imparano-insieme-120x120.jpg",120,120,true]},"uagb_author_info":{"display_name":"Javier Diaz","author_link":"https:\/\/www.studiainitalia.com\/es\/author\/"},"uagb_comment_info":1,"uagb_excerpt":"Aprender italiano en As\u00eds.\u00a0La regi\u00f3n de Umbr\u00eda es conocida como el coraz\u00f3n verde del pa\u00eds. As\u00eds es el primer destino de los peregrinos que desean conocer los lugares de San Francisco. En este peque\u00f1o centro, apuntalado en las faldas del monte Subasio, encontrar\u00e1s un lugar tranquilo y de descanso. \u00a0Los cursos intensivos de italiano comienzan&hellip;","_links":{"self":[{"href":"https:\/\/www.studiainitalia.com\/es\/wp-json\/wp\/v2\/product\/188580","targetHints":{"allow":["GET"]}}],"collection":[{"href":"https:\/\/www.studiainitalia.com\/es\/wp-json\/wp\/v2\/product"}],"about":[{"href":"https:\/\/www.studiainitalia.com\/es\/wp-json\/wp\/v2\/types\/product"}],"replies":[{"embeddable":true,"href":"https:\/\/www.studiainitalia.com\/es\/wp-json\/wp\/v2\/comments?post=188580"}],"wp:featuredmedia":[{"embeddable":true,"href":"https:\/\/www.studiainitalia.com\/es\/wp-json\/wp\/v2\/media\/197727"}],"wp:attachment":[{"href":"https:\/\/www.studiainitalia.com\/es\/wp-json\/wp\/v2\/media?parent=188580"}],"wp:term":[{"taxonomy":"section","embeddable":true,"href":"https:\/\/www.studiainitalia.com\/es\/wp-json\/wp\/v2\/section?post=188580"},{"taxonomy":"product_brand","embeddable":true,"href":"https:\/\/www.studiainitalia.com\/es\/wp-json\/wp\/v2\/product_brand?post=188580"},{"taxonomy":"product_cat","embeddable":true,"href":"https:\/\/www.studiainitalia.com\/es\/wp-json\/wp\/v2\/product_cat?post=188580"},{"taxonomy":"product_tag","embeddable":true,"href":"https:\/\/www.studiainitalia.com\/es\/wp-json\/wp\/v2\/product_tag?post=188580"}],"curies":[{"name":"wp","href":"https:\/\/api.w.org\/{rel}","templated":true}]}}