{"id":188595,"date":"2016-11-06T19:49:04","date_gmt":"2016-11-06T18:49:04","guid":{"rendered":"https:\/\/www.studiainitalia.com\/courses\/sin%20categor\u00eda\/italiano-en-tropea\/"},"modified":"2026-03-25T10:20:08","modified_gmt":"2026-03-25T09:20:08","slug":"italiano-en-tropea","status":"publish","type":"product","link":"https:\/\/www.studiainitalia.com\/es\/cursos\/cursos-de-italiano-en-italia\/italiano-en-tropea\/","title":{"rendered":"Cursos de Italiano en Tropea"},"content":{"rendered":"<h2>Curso de Italiano en Tropea<\/h2>\n<p>&nbsp;<\/p>\n<p>La escuela de italiano en Tropea, Piccola Universit\u00e0, fue fundada en 2004. Est\u00e1 reconocida por el Ministerio de Educaci\u00f3n italiano y est\u00e1 ubicada en un edificio del centro de Tropea.<\/p>\n<p>A s\u00f3lo 10 minutos andando, tienes una de las playas m\u00e1s famosas de Calabria.<\/p>\n<p>El\u00a0 personal est\u00e1 compuesto por profesores nativos y titulados.<\/p>\n<p>Las aulas cuentan con equipamiento multimedia, conexi\u00f3n wifi gratuita y aire acondicionado\/calefacci\u00f3n.<\/p>\n<p>Los estudiantes tienen a su disposici\u00f3n salas de cine y m\u00fasica con piano y guitarras.<\/p>\n<p>Nuestra escuela en Tropea tambi\u00e9n ofrece cursos de buceo, windsurf y catamar\u00e1n, as\u00ed como un interesante programa de actividades extra.<\/p>\n<p>El personal administrativo es multiling\u00fce y se encarga de atender a los estudiantes durante su estancia en Tropea.<\/p>\n<p>El servicio de traslado desde el aeropuerto de Lamezia Terme est\u00e1 incluido en el precio del curso.<\/p>\n<h3><b>Estructura del curso<\/b><\/h3>\n<p>&nbsp;<\/p>\n<p>Experimenta un <b>enfoque pragm\u00e1tico-comunicativo<\/b>. La escuela se centra en el <b>m\u00e9todo human\u00edstico-afectivo<\/b>, situando al estudiante en el centro del proceso de aprendizaje para garantizar el desarrollo armonioso de las cuatro habilidades ling\u00fc\u00edsticas.<\/p>\n<ul>\n<li>Los cursos intensivos de italiano en Tropea constan de 20 lecciones por semana.<\/li>\n<li>Los cursos est\u00e1n disponibles de marzo a octubre. Est\u00e1n abiertos a todos los niveles, desde principiante hasta avanzado.<\/li>\n<li>El primer d\u00eda de clase se realiza una prueba de nivel: esto ayudar\u00e1 a organizar las clases en funci\u00f3n de tu nivel de conocimiento de italiano.<\/li>\n<li>Las clases se imparten por la ma\u00f1ana a partir de las 9:00. El objetivo principal de estos cursos intensivos de italiano en Tropea es mejorar la capacidad comunicativa de los estudiantes en todas las \u00e1reas de la lengua italiana.<\/li>\n<li>Las clases diarias se dividen entre fundamentos gramaticales estructurados y pr\u00e1ctica din\u00e1mica de conversaci\u00f3n.<\/li>\n<li>Utilizando el m\u00e9todo situacional, te preparamos para la vida cotidiana en Italia a trav\u00e9s del cine, la m\u00fasica, la cocina y la historia.<\/li>\n<\/ul>\n<p>Se ofrecen todos los niveles, desde A1 hasta C2, del Marco Com\u00fan Europeo de Referencia para las Lenguas (MCER).<\/p>\n<h3><b>Tipos de cursos de italiano disponibles en Tropea<\/b><\/h3>\n<p>&nbsp;<\/p>\n<ul>\n<li>Curso intensivo de italiano (4 clases al d\u00eda)<\/li>\n<li>Cursos superintensivos<\/li>\n<li>Clases particulares de italiano<\/li>\n<li>Clases de conversaci\u00f3n en italiano<\/li>\n<li>Cursos combinados de lengua y cultura italiana (para personas mayores, cocina, deportes, \u00f3pera)<\/li>\n<\/ul>\n<h2><b>Fechas de inicio y detalles<\/b><\/h2>\n<p>&nbsp;<\/p>\n<ul>\n<li><b>Duraci\u00f3n de las clases<\/b>: 55 minutos<\/li>\n<li><b>Tama\u00f1o medio de las clases<\/b>: 8 alumnos<\/li>\n<li><b>Tama\u00f1o m\u00e1ximo de las clases<\/b>: 9 alumnos<\/li>\n<li><b>Horario<\/b>: por la ma\u00f1ana<\/li>\n<li><b>Materiales del curso<\/b>: incluidos<\/li>\n<li><b>Prueba de nivel y certificado final<\/b>: incluidos<\/li>\n<li><b>Ubicaci\u00f3n<\/b>: Via Largo Antonio Pandullo 5<\/li>\n<li><b>Otros servicios<\/b>: acceso a Internet, biblioteca, actividades sociales y traslado al aeropuerto disponibles<\/li>\n<\/ul>\n<p>&nbsp;<\/p>\n<table id=\"tablepress-68\" class=\"tablepress tablepress-id-68\">\n<thead>\n<tr class=\"row-1 odd\">\n<th class=\"column-1\" colspan=\"6\">Fechas de Inicio<\/th>\n<\/tr>\n<\/thead>\n<tbody class=\"row-hover\">\n<tr class=\"row-2 even\">\n<td class=\"column-1\">Enero<\/td>\n<td class=\"column-2\"><\/td>\n<td class=\"column-3\">Mayo<\/td>\n<td class=\"column-4\">cada lunes<\/td>\n<td class=\"column-5\">Septiembre<\/td>\n<td class=\"column-6\">cada lunes<\/td>\n<\/tr>\n<tr class=\"row-3 odd\">\n<td class=\"column-1\">Febrero<\/td>\n<td class=\"column-2\"><\/td>\n<td class=\"column-3\">Junio<\/td>\n<td class=\"column-4\">cada lunes<\/td>\n<td class=\"column-5\">Octobre<\/td>\n<td class=\"column-6\">cada lunes<\/td>\n<\/tr>\n<tr class=\"row-4 even\">\n<td class=\"column-1\">Marzo<\/td>\n<td class=\"column-2\">cada lunes<\/td>\n<td class=\"column-3\">Julio<\/td>\n<td class=\"column-4\">cada lunes<\/td>\n<td class=\"column-5\">Noviembre<\/td>\n<td class=\"column-6\"><\/td>\n<\/tr>\n<tr class=\"row-5 odd\">\n<td class=\"column-1\">Abril<\/td>\n<td class=\"column-2\">cada lunes<\/td>\n<td class=\"column-3\">Agosto<\/td>\n<td class=\"column-4\">cada lunes<\/td>\n<td class=\"column-5\">Diciembre<\/td>\n<td class=\"column-6\"><\/td>\n<\/tr>\n<tr class=\"row-6 even\">\n<td class=\"column-1\" colspan=\"6\">La escuela permanecer\u00e1 cerrada durante las fiestas nacionales: Epifan\u00eda (06\/01), Lunes de Pascua, D\u00eda de la Liberaci\u00f3n (25\/04), D\u00eda del Trabajo (01\/05), D\u00eda de la Republica (02\/06), Ferragosto (15\/08), Todos los Santos (01\/11), Inmaculada Concepci\u00f3n (8\/12), vacaciones de Navidad y A\u00f1o Nuevo.<\/td>\n<\/tr>\n<\/tbody>\n<\/table>\n<div class=\"aiosrs-rating-wrap\" data-schema-id=\"90691\">\n<div class=\"aiosrs-star-rating-wrap \"><\/div>\n<h2 class=\"aiosrs-rating-summary-wrap\"><\/h2>\n<\/div>\n<h2><b>\u00bfPor qu\u00e9 estudiar italiano en Tropea?<\/b><\/h2>\n<p>&nbsp;<\/p>\n<p>Estudia con vistas a las aguas turquesas y las playas de arena blanca.<\/p>\n<p>A diferencia de los centros tur\u00edsticos abarrotados, Tropea ofrece un aut\u00e9ntico ambiente de \u00abpueblo peque\u00f1o\u00bb donde puedes practicar italiano a diario con los amables habitantes locales.<\/p>\n<p>El tama\u00f1o compacto de la ciudad permite un estilo de vida sin estr\u00e9s, en el que se puede ir andando a todas partes y centrarse en el sol, el mar y la comida.<\/p>\n<p>Cuna de la famosa \u00abCipolla Rossa\u00bb (cebolla roja) y de la picante &#8216;Nduja, es un para\u00edso para los amantes de la gastronom\u00eda y los entusiastas de la dieta mediterr\u00e1nea.<\/p>\n<p>Disfruta de veranos dorados que permiten el aprendizaje al aire libre y las excursiones.<\/p>\n<p><b>Ventajas de estudiar italiano en Tropea<\/b><\/p>\n<ul>\n<li><b>Seguro y acogedor:<\/b> un entorno seguro.<\/li>\n<li><b>Ubicaci\u00f3n estrat\u00e9gica:<\/b> explora el resto de Calabria, las islas Eolias y Sicilia.<\/li>\n<\/ul>\n<h3><b>Actividades culturales y vida en Tropea<\/b><\/h3>\n<p>&nbsp;<\/p>\n<p>El programa cultural semanal de la escuela ofrece una inmersi\u00f3n total en el aut\u00e9ntico estilo de vida italiano a trav\u00e9s de una rica variedad de actividades:<\/p>\n<ul>\n<li><b>Arte y entretenimiento:<\/b> Disfruta de veladas de cine italiano, conciertos cl\u00e1sicos privados y seminarios sobre las costumbres locales.<\/li>\n<li><b>Mar y aventura:<\/b> Participa en excursiones en lancha motora a playas escondidas de arena blanca o en viajes a las islas Eolias.<\/li>\n<li><b>Exploraci\u00f3n regional:<\/b> Visitas guiadas por Calabria, Sicilia y Campania.<\/li>\n<\/ul>\n","protected":false},"excerpt":{"rendered":"<h2><strong>Aprende Italiano en Tropea, un impresionante mar cristalino<\/strong><\/h2>\n<p>\u00bfListo para una inmersi\u00f3n junto al mar?<\/p>\n<p>Comienza tu aventura mediterr\u00e1nea en Tropea, descubre Calabria y la cultura mediterr\u00e1nea<\/p>\n<p>&nbsp;<\/p>\n","protected":false},"featured_media":197685,"comment_status":"open","ping_status":"closed","template":"","meta":{"_acf_changed":false,"_uag_custom_page_level_css":"","_kad_blocks_custom_css":"","_kad_blocks_head_custom_js":"","_kad_blocks_body_custom_js":"","_kad_blocks_footer_custom_js":"","site-sidebar-layout":"default","site-content-layout":"default","ast-site-content-layout":"default","site-content-style":"default","site-sidebar-style":"default","ast-global-header-display":"","ast-banner-title-visibility":"","ast-main-header-display":"","ast-hfb-above-header-display":"","ast-hfb-below-header-display":"","ast-hfb-mobile-header-display":"","site-post-title":"","ast-breadcrumbs-content":"","ast-featured-img":"","footer-sml-layout":"","ast-disable-related-posts":"","theme-transparent-header-meta":"default","adv-header-id-meta":"","stick-header-meta":"default","header-above-stick-meta":"","header-main-stick-meta":"","header-below-stick-meta":"","astra-migrate-meta-layouts":"set","ast-page-background-enabled":"default","ast-page-background-meta":{"desktop":{"background-color":"var(--ast-global-color-4)","background-image":"","background-repeat":"repeat","background-position":"center center","background-size":"auto","background-attachment":"scroll","background-type":"","background-media":"","overlay-type":"","overlay-color":"","overlay-opacity":"","overlay-gradient":""},"tablet":{"background-color":"","background-image":"","background-repeat":"repeat","background-position":"center center","background-size":"auto","background-attachment":"scroll","background-type":"","background-media":"","overlay-type":"","overlay-color":"","overlay-opacity":"","overlay-gradient":""},"mobile":{"background-color":"","background-image":"","background-repeat":"repeat","background-position":"center center","background-size":"auto","background-attachment":"scroll","background-type":"","background-media":"","overlay-type":"","overlay-color":"","overlay-opacity":"","overlay-gradient":""}},"ast-content-background-meta":{"desktop":{"background-color":"var(--ast-global-color-5)","background-image":"","background-repeat":"repeat","background-position":"center center","background-size":"auto","background-attachment":"scroll","background-type":"","background-media":"","overlay-type":"","overlay-color":"","overlay-opacity":"","overlay-gradient":""},"tablet":{"background-color":"var(--ast-global-color-5)","background-image":"","background-repeat":"repeat","background-position":"center center","background-size":"auto","background-attachment":"scroll","background-type":"","background-media":"","overlay-type":"","overlay-color":"","overlay-opacity":"","overlay-gradient":""},"mobile":{"background-color":"var(--ast-global-color-5)","background-image":"","background-repeat":"repeat","background-position":"center center","background-size":"auto","background-attachment":"scroll","background-type":"","background-media":"","overlay-type":"","overlay-color":"","overlay-opacity":"","overlay-gradient":""}}},"section":[2029],"product_brand":[],"product_cat":[1254,1328],"product_tag":[1842],"class_list":{"0":"post-188595","1":"product","2":"type-product","3":"status-publish","4":"has-post-thumbnail","6":"section-south-and-islands","7":"product_cat-cursos-de-italiano-en-italia","8":"product_cat-cursos-en-tropea","9":"product_tag-cursos-de-italiano-en-italia","10":"desktop-align-left","11":"tablet-align-left","12":"mobile-align-left","13":"ast-product-gallery-layout-horizontal-slider","14":"ast-product-single-variable","15":"ast-product-tabs-layout-horizontal","16":"ast-qv-on-image-click","18":"first","19":"instock","20":"sold-individually","21":"shipping-taxable","22":"purchasable","23":"product-type-variable","24":"has-default-attributes"},"acf":[],"taxonomy_info":{"section":[{"value":2029,"label":"South and Islands"}],"product_cat":[{"value":1254,"label":"Cursos de italiano en Italia"},{"value":1328,"label":"Cursos en Tropea"}],"product_tag":[{"value":1842,"label":"CURSOS DE ITALIANO EN ITALIA"}]},"featured_image_src_large":["https:\/\/www.studiainitalia.com\/wp-content\/uploads\/2024\/03\/tropea1.jpg",750,851,false],"author_info":[],"comment_info":4,"uagb_featured_image_src":{"full":["https:\/\/www.studiainitalia.com\/wp-content\/uploads\/2024\/03\/tropea1.jpg",750,851,false],"thumbnail":["https:\/\/www.studiainitalia.com\/wp-content\/uploads\/2024\/03\/tropea1.jpg",85,96,false],"medium":["https:\/\/www.studiainitalia.com\/wp-content\/uploads\/2024\/03\/tropea1.jpg",750,851,false],"medium_large":["https:\/\/www.studiainitalia.com\/wp-content\/uploads\/2024\/03\/tropea1.jpg",750,851,false],"large":["https:\/\/www.studiainitalia.com\/wp-content\/uploads\/2024\/03\/tropea1.jpg",750,851,false],"1536x1536":["https:\/\/www.studiainitalia.com\/wp-content\/uploads\/2024\/03\/tropea1.jpg",750,851,false],"2048x2048":["https:\/\/www.studiainitalia.com\/wp-content\/uploads\/2024\/03\/tropea1.jpg",750,851,false],"ultp_layout_landscape_large":["https:\/\/www.studiainitalia.com\/wp-content\/uploads\/2024\/03\/tropea1-750x800.jpg",750,800,true],"ultp_layout_landscape":["https:\/\/www.studiainitalia.com\/wp-content\/uploads\/2024\/03\/tropea1-750x570.jpg",750,570,true],"ultp_layout_portrait":["https:\/\/www.studiainitalia.com\/wp-content\/uploads\/2024\/03\/tropea1-600x851.jpg",600,851,true],"ultp_layout_square":["https:\/\/www.studiainitalia.com\/wp-content\/uploads\/2024\/03\/tropea1-600x600.jpg",600,600,true],"gform-image-choice-sm":["https:\/\/www.studiainitalia.com\/wp-content\/uploads\/2024\/03\/tropea1.jpg",264,300,false],"gform-image-choice-md":["https:\/\/www.studiainitalia.com\/wp-content\/uploads\/2024\/03\/tropea1.jpg",353,400,false],"gform-image-choice-lg":["https:\/\/www.studiainitalia.com\/wp-content\/uploads\/2024\/03\/tropea1.jpg",529,600,false],"woocommerce_thumbnail":["https:\/\/www.studiainitalia.com\/wp-content\/uploads\/2024\/03\/tropea1-300x300.jpg",300,300,true],"woocommerce_single":["https:\/\/www.studiainitalia.com\/wp-content\/uploads\/2024\/03\/tropea1-400x454.jpg",400,454,true],"woocommerce_gallery_thumbnail":["https:\/\/www.studiainitalia.com\/wp-content\/uploads\/2024\/03\/tropea1-100x100.jpg",100,100,true],"yarpp-thumbnail":["https:\/\/www.studiainitalia.com\/wp-content\/uploads\/2024\/03\/tropea1-120x120.jpg",120,120,true]},"uagb_author_info":{"display_name":"Javier Diaz","author_link":"https:\/\/www.studiainitalia.com\/es\/author\/"},"uagb_comment_info":4,"uagb_excerpt":"Aprende Italiano en Tropea, un impresionante mar cristalino \u00bfListo para una inmersi\u00f3n junto al mar? Comienza tu aventura mediterr\u00e1nea en Tropea, descubre Calabria y la cultura mediterr\u00e1nea &nbsp;","_links":{"self":[{"href":"https:\/\/www.studiainitalia.com\/es\/wp-json\/wp\/v2\/product\/188595","targetHints":{"allow":["GET"]}}],"collection":[{"href":"https:\/\/www.studiainitalia.com\/es\/wp-json\/wp\/v2\/product"}],"about":[{"href":"https:\/\/www.studiainitalia.com\/es\/wp-json\/wp\/v2\/types\/product"}],"replies":[{"embeddable":true,"href":"https:\/\/www.studiainitalia.com\/es\/wp-json\/wp\/v2\/comments?post=188595"}],"wp:featuredmedia":[{"embeddable":true,"href":"https:\/\/www.studiainitalia.com\/es\/wp-json\/wp\/v2\/media\/197685"}],"wp:attachment":[{"href":"https:\/\/www.studiainitalia.com\/es\/wp-json\/wp\/v2\/media?parent=188595"}],"wp:term":[{"taxonomy":"section","embeddable":true,"href":"https:\/\/www.studiainitalia.com\/es\/wp-json\/wp\/v2\/section?post=188595"},{"taxonomy":"product_brand","embeddable":true,"href":"https:\/\/www.studiainitalia.com\/es\/wp-json\/wp\/v2\/product_brand?post=188595"},{"taxonomy":"product_cat","embeddable":true,"href":"https:\/\/www.studiainitalia.com\/es\/wp-json\/wp\/v2\/product_cat?post=188595"},{"taxonomy":"product_tag","embeddable":true,"href":"https:\/\/www.studiainitalia.com\/es\/wp-json\/wp\/v2\/product_tag?post=188595"}],"curies":[{"name":"wp","href":"https:\/\/api.w.org\/{rel}","templated":true}]}}