{"id":188700,"date":"2016-11-07T17:35:10","date_gmt":"2016-11-07T16:35:10","guid":{"rendered":"https:\/\/www.studiainitalia.com\/courses\/sin%20categor\u00eda\/curso-de-italiano-para-jovenes-en-orbetello\/"},"modified":"2026-02-25T17:16:21","modified_gmt":"2026-02-25T16:16:21","slug":"curso-de-italiano-para-jovenes-en-italia","status":"publish","type":"product","link":"https:\/\/www.studiainitalia.com\/es\/cursos\/cursos-en-orbetello\/curso-de-italiano-para-jovenes-en-italia\/","title":{"rendered":"Curso de italiano para j\u00f3venes en Italia"},"content":{"rendered":"<h2>Curso de italiano para j\u00f3venes y adolescentes en Italia<\/h2>\n<p>&nbsp;<\/p>\n<p>El pueblo de Orbetello, en la costa sur de la Toscana, es f\u00e1cilmente accesible desde Roma. Tiene kil\u00f3metros de playas v\u00edrgenes cerca de dos de las mayores reservas naturales protegidas de Italia.<\/p>\n<p>El lugar ideal para divertirse junto al mar en un lugar muy seguro.<\/p>\n<p>Nuestro curso de italiano para j\u00f3venes en Italia se imparte en la escuela Orbitlingua, fundada en 2002.<\/p>\n<p>La escuela est\u00e1 situada en una zona tranquila y c\u00e9ntrica. Cuenta con un precioso jard\u00edn a su alrededor, donde se imparten algunas clases durante los meses de verano. Aqu\u00ed los alumnos pueden descansar en el tiempo libre.<\/p>\n<p>El personal de la secretar\u00eda sigue cada estudiante durante su permanencia en Orbetello y est\u00e1 siempre disponible para dar todo tipo de informaciones.<\/p>\n<p><strong>Studiainitalia, en colaboraci\u00f3n con la escuela, estar\u00e1 siempre en contacto con los padres<\/strong>.<\/p>\n<p>La escuela ofrece cursos de italiano para j\u00f3venes de 13 a 17 a\u00f1os y un amplio abanico de excursiones por la regi\u00f3n de Maremma y las islas del archipi\u00e9lago toscano.<\/p>\n<p>Hay ordenadores disponibles para que los estudiantes usen Internet y revisen su correo electr\u00f3nico sin costo adicional. Adem\u00e1s, la escuela dispone de conexi\u00f3n wifi, incluso en el jard\u00edn. Este servicio es gratuito.<\/p>\n<p>Nuestro campamento de verano italiano para adolescentes y j\u00f3venes es perfecto para aprender italiano y hacer nuevos amigos de todo el mundo con la misma afici\u00f3n por Italia.<\/p>\n<p>&nbsp;<\/p>\n<h3><strong>Programa de actividades culturales Italiano para j\u00f3venes en Italia<\/strong><\/h3>\n<p>&nbsp;<\/p>\n<p>La escuela ofrece un rico programa social y una amplia gama de excursiones en la regi\u00f3n de Maremma y las islas del archipi\u00e9lago toscano. Algunas de las actividades son:<\/p>\n<p>&nbsp;<\/p>\n<ul>\n<li>tardes de playa con actividades deportivas<\/li>\n<li>1 excursi\u00f3n de medio d\u00eda a la semana<\/li>\n<li>1 excursi\u00f3n de d\u00eda completo los s\u00e1bados<\/li>\n<li>1 actividad cultural a la semana.<\/li>\n<\/ul>\n<p>&nbsp;<\/p>\n<p>Todas las actividades son supervisadas por profesores y monitores profesionales. Entre las actividades preferidas por los estudiantes destacan por ejemplo, la excursi\u00f3n a la isla del Giglio, incluida en coste del curso de 2 semanas, cenas de inicio y fin de curso, seminarios y excursi\u00f3n a las termas de Saturnia.<\/p>\n<p>&nbsp;<\/p>\n<p><strong>Las familias son seleccionadas personalmente<\/strong>\u00a0y han hospedado a nuestros estudiantes durante muchos a\u00f1os.<\/p>\n<p>Todas las familias se encuentran a muy poca distancia de la escuela. La comida se realiza con todos los compa\u00f1eros en un restaurante al lado de la escuela. El desayuno y la cena son en familia.<\/p>\n<p>La escuela tambi\u00e9n ofrece traslados desde los aeropuertos de Roma.<\/p>\n<p>&nbsp;<\/p>\n<p>Si quieres viajar con tus hijos, tambi\u00e9n ofrecemos<a href=\"https:\/\/www.studiainitalia.com\/es\/cursos\/cursos-de-italiano-en-italia\/italiano-en-orbetello\/\">\u00a0cursos para adultos.<\/a><\/p>\n<p>&nbsp;<\/p>\n<p>&nbsp;<\/p>\n<table id=\"tablepress-80\" class=\"tablepress tablepress-id-80\">\n<thead>\n<tr class=\"row-1 odd\">\n<th class=\"column-1\" colspan=\"6\">Fechas de Inicio 2026<\/th>\n<\/tr>\n<\/thead>\n<tbody class=\"row-hover\">\n<tr class=\"row-2 even\">\n<td class=\"column-1\">Enero<\/td>\n<td class=\"column-2\"><\/td>\n<td class=\"column-3\">Mayo<\/td>\n<td class=\"column-4\"><\/td>\n<td class=\"column-5\">Septiembre<\/td>\n<td class=\"column-6\"><\/td>\n<\/tr>\n<tr class=\"row-3 odd\">\n<td class=\"column-1\">Febrero<\/td>\n<td class=\"column-2\"><\/td>\n<td class=\"column-3\">Junio<\/td>\n<td class=\"column-4\">28<\/td>\n<td class=\"column-5\">Octobre<\/td>\n<td class=\"column-6\"><\/td>\n<\/tr>\n<tr class=\"row-4 even\">\n<td class=\"column-1\">Marzo<\/td>\n<td class=\"column-2\"><\/td>\n<td class=\"column-3\">Julio<\/td>\n<td class=\"column-4\">12, 26<\/td>\n<td class=\"column-5\">Noviembre<\/td>\n<td class=\"column-6\"><\/td>\n<\/tr>\n<tr class=\"row-5 odd\">\n<td class=\"column-1\">Abril<\/td>\n<td class=\"column-2\"><\/td>\n<td class=\"column-3\">Agosto<\/td>\n<td class=\"column-4\"><\/td>\n<td class=\"column-5\">Diciembre<\/td>\n<td class=\"column-6\"><\/td>\n<\/tr>\n<tr class=\"row-6 even\">\n<td class=\"column-1\" colspan=\"6\">La escuela permanecer\u00e1 cerrada durante las fiestas nacionales: Epifan\u00eda (06\/01), Lunes de Pascua, D\u00eda de la Liberaci\u00f3n (25\/04), D\u00eda del Trabajo (01\/05), D\u00eda de la Republica (02\/06), Ferragosto (15\/08), Todos los Santos (01\/11), Inmaculada Concepci\u00f3n (8\/12), vacaciones de Navidad y A\u00f1o Nuevo.<\/td>\n<\/tr>\n<\/tbody>\n<\/table>\n","protected":false},"excerpt":{"rendered":"<h4><\/h4>\n<h2><span class=\"VIiyi\" lang=\"es\"><strong><span class=\"JLqJ4b ChMk0b\" data-language-for-alternatives=\"es\" data-language-to-translate-into=\"en\" data-phrase-index=\"0\">\u00bfBuscas un campamento de verano en Italia?<\/span>\u00a0<\/strong><\/span><\/h2>\n<p>&nbsp;<\/p>\n<p><span class=\"VIiyi\" lang=\"es\"><span class=\"JLqJ4b ChMk0b\" data-language-for-alternatives=\"es\" data-language-to-translate-into=\"en\" data-phrase-index=\"2\">Nuestros cursos de verano en Italia para ni\u00f1os, adolescentes, j\u00f3venes y estudiantes de secundaria (de 13 a 17 a\u00f1os) se llevan a cabo durante los meses de verano.<\/span><\/span><\/p>\n<p>El italiano es un idioma m\u00e1s y f\u00e1cil de aprender. Un valor a\u00f1adido para el futuro de tus hijos. \u00a1M\u00e1s a\u00fan si el estudio se combina con un programa de actividades en las playas de la Toscana!<\/p>\n<p>Los cursos se realizan desde hace m\u00e1s de 10 a\u00f1os y en ellos han participado estudiantes de todo el mundo.<\/p>\n<ul>\n<li>Consisten en 20 lecciones de italiano por semana m\u00e1s un programa rico y variado de actividades de ocio, deporte y actividades culturales siempre supervisadas.<\/li>\n<\/ul>\n<ul>\n<li>Las visitas y excursiones permiten a los j\u00f3venes descubrir los muchos aspectos de la cultura italiana.<\/li>\n<\/ul>\n<ul>\n<li>Los grupos son muy reducidos, con una media de entre 5 y 10 alumnos.<\/li>\n<\/ul>\n<ul>\n<li>En la primera parte de la ma\u00f1ana el profesor imparte clases de gram\u00e1tica y vocabulario; en la segunda parte el profesor se ocupa de la expresi\u00f3n y la comunicaci\u00f3n.<\/li>\n<\/ul>\n<ul>\n<li>\u00a0Las clases de italiano son impartidas por profesores nativos calificados y se basan en el uso de m\u00e9todos de ense\u00f1anza simples y efectivos en un ambiente divertido y estimulante.<\/li>\n<\/ul>\n<ul>\n<li>Los estudiantes ser\u00e1n alojados en r\u00e9gimen de media pensi\u00f3n en familias anfitrionas extremadamente amables, cuidadosamente seleccionadas y muy cerca de la escuela.<\/li>\n<\/ul>\n<ul>\n<li>Al final del curso los estudiantes recibir\u00e1n un certificado de participaci\u00f3n con indicaci\u00f3n del nivel realizado.<\/li>\n<\/ul>\n<p><strong>Garantizamos asistencia total durante toda la estancia.<\/strong><\/p>\n<p>Cont\u00e1ctanos para el programa detallado de actividades.<\/p>\n","protected":false},"featured_media":118616,"comment_status":"open","ping_status":"closed","template":"","meta":{"_acf_changed":false,"_uag_custom_page_level_css":"","_kad_blocks_custom_css":"","_kad_blocks_head_custom_js":"","_kad_blocks_body_custom_js":"","_kad_blocks_footer_custom_js":"","site-sidebar-layout":"default","site-content-layout":"default","ast-site-content-layout":"default","site-content-style":"default","site-sidebar-style":"default","ast-global-header-display":"","ast-banner-title-visibility":"","ast-main-header-display":"","ast-hfb-above-header-display":"","ast-hfb-below-header-display":"","ast-hfb-mobile-header-display":"","site-post-title":"","ast-breadcrumbs-content":"","ast-featured-img":"","footer-sml-layout":"","ast-disable-related-posts":"","theme-transparent-header-meta":"default","adv-header-id-meta":"","stick-header-meta":"default","header-above-stick-meta":"","header-main-stick-meta":"","header-below-stick-meta":"","astra-migrate-meta-layouts":"set","ast-page-background-enabled":"default","ast-page-background-meta":{"desktop":{"background-color":"var(--ast-global-color-4)","background-image":"","background-repeat":"repeat","background-position":"center center","background-size":"auto","background-attachment":"scroll","background-type":"","background-media":"","overlay-type":"","overlay-color":"","overlay-opacity":"","overlay-gradient":""},"tablet":{"background-color":"","background-image":"","background-repeat":"repeat","background-position":"center center","background-size":"auto","background-attachment":"scroll","background-type":"","background-media":"","overlay-type":"","overlay-color":"","overlay-opacity":"","overlay-gradient":""},"mobile":{"background-color":"","background-image":"","background-repeat":"repeat","background-position":"center center","background-size":"auto","background-attachment":"scroll","background-type":"","background-media":"","overlay-type":"","overlay-color":"","overlay-opacity":"","overlay-gradient":""}},"ast-content-background-meta":{"desktop":{"background-color":"var(--ast-global-color-5)","background-image":"","background-repeat":"repeat","background-position":"center center","background-size":"auto","background-attachment":"scroll","background-type":"","background-media":"","overlay-type":"","overlay-color":"","overlay-opacity":"","overlay-gradient":""},"tablet":{"background-color":"var(--ast-global-color-5)","background-image":"","background-repeat":"repeat","background-position":"center center","background-size":"auto","background-attachment":"scroll","background-type":"","background-media":"","overlay-type":"","overlay-color":"","overlay-opacity":"","overlay-gradient":""},"mobile":{"background-color":"var(--ast-global-color-5)","background-image":"","background-repeat":"repeat","background-position":"center center","background-size":"auto","background-attachment":"scroll","background-type":"","background-media":"","overlay-type":"","overlay-color":"","overlay-opacity":"","overlay-gradient":""}}},"section":[],"product_brand":[],"product_cat":[1343,1313],"product_tag":[1854],"class_list":{"0":"post-188700","1":"product","2":"type-product","3":"status-publish","4":"has-post-thumbnail","6":"product_cat-cursos-de-italiano-para-jovenes-familias-y-mayores","7":"product_cat-cursos-en-orbetello","8":"product_tag-familias-es","9":"desktop-align-left","10":"tablet-align-left","11":"mobile-align-left","12":"ast-product-gallery-layout-horizontal-slider","13":"ast-product-single-variable","14":"ast-product-tabs-layout-horizontal","15":"ast-qv-on-image-click","17":"first","18":"instock","19":"sold-individually","20":"shipping-taxable","21":"purchasable","22":"product-type-variable","23":"has-default-attributes"},"acf":[],"taxonomy_info":{"product_cat":[{"value":1343,"label":"Cursos de italiano para j\u00f3venes familias y mayores"},{"value":1313,"label":"Cursos en Orbetello"}],"product_tag":[{"value":1854,"label":"Familias es"}]},"featured_image_src_large":["https:\/\/www.studiainitalia.com\/wp-content\/uploads\/2016\/11\/learn-italian-in-orbetello-junior-summer-programme.jpg",720,708,false],"author_info":[],"comment_info":5,"uagb_featured_image_src":{"full":["https:\/\/www.studiainitalia.com\/wp-content\/uploads\/2016\/11\/learn-italian-in-orbetello-junior-summer-programme.jpg",720,708,false],"thumbnail":["https:\/\/www.studiainitalia.com\/wp-content\/uploads\/2016\/11\/learn-italian-in-orbetello-junior-summer-programme-150x150.jpg",96,96,true],"medium":["https:\/\/www.studiainitalia.com\/wp-content\/uploads\/2016\/11\/learn-italian-in-orbetello-junior-summer-programme-300x295.jpg",300,295,true],"medium_large":["https:\/\/www.studiainitalia.com\/wp-content\/uploads\/2016\/11\/learn-italian-in-orbetello-junior-summer-programme.jpg",720,708,false],"large":["https:\/\/www.studiainitalia.com\/wp-content\/uploads\/2016\/11\/learn-italian-in-orbetello-junior-summer-programme.jpg",720,708,false],"1536x1536":["https:\/\/www.studiainitalia.com\/wp-content\/uploads\/2016\/11\/learn-italian-in-orbetello-junior-summer-programme.jpg",720,708,false],"2048x2048":["https:\/\/www.studiainitalia.com\/wp-content\/uploads\/2016\/11\/learn-italian-in-orbetello-junior-summer-programme.jpg",720,708,false],"ultp_layout_landscape_large":["https:\/\/www.studiainitalia.com\/wp-content\/uploads\/2016\/11\/learn-italian-in-orbetello-junior-summer-programme.jpg",720,708,false],"ultp_layout_landscape":["https:\/\/www.studiainitalia.com\/wp-content\/uploads\/2016\/11\/learn-italian-in-orbetello-junior-summer-programme.jpg",580,570,false],"ultp_layout_portrait":["https:\/\/www.studiainitalia.com\/wp-content\/uploads\/2016\/11\/learn-italian-in-orbetello-junior-summer-programme.jpg",600,590,false],"ultp_layout_square":["https:\/\/www.studiainitalia.com\/wp-content\/uploads\/2016\/11\/learn-italian-in-orbetello-junior-summer-programme.jpg",600,590,false],"gform-image-choice-sm":["https:\/\/www.studiainitalia.com\/wp-content\/uploads\/2016\/11\/learn-italian-in-orbetello-junior-summer-programme.jpg",300,295,false],"gform-image-choice-md":["https:\/\/www.studiainitalia.com\/wp-content\/uploads\/2016\/11\/learn-italian-in-orbetello-junior-summer-programme.jpg",400,393,false],"gform-image-choice-lg":["https:\/\/www.studiainitalia.com\/wp-content\/uploads\/2016\/11\/learn-italian-in-orbetello-junior-summer-programme.jpg",600,590,false],"woocommerce_thumbnail":["https:\/\/www.studiainitalia.com\/wp-content\/uploads\/2016\/11\/learn-italian-in-orbetello-junior-summer-programme-300x300.jpg",300,300,true],"woocommerce_single":["https:\/\/www.studiainitalia.com\/wp-content\/uploads\/2016\/11\/learn-italian-in-orbetello-junior-summer-programme-400x393.jpg",400,393,true],"woocommerce_gallery_thumbnail":["https:\/\/www.studiainitalia.com\/wp-content\/uploads\/2016\/11\/learn-italian-in-orbetello-junior-summer-programme-100x100.jpg",100,100,true],"yarpp-thumbnail":["https:\/\/www.studiainitalia.com\/wp-content\/uploads\/2016\/11\/learn-italian-in-orbetello-junior-summer-programme.jpg",120,118,false]},"uagb_author_info":{"display_name":"Javier Diaz","author_link":"https:\/\/www.studiainitalia.com\/es\/author\/"},"uagb_comment_info":5,"uagb_excerpt":"\u00bfBuscas un campamento de verano en Italia?\u00a0 &nbsp; Nuestros cursos de verano en Italia para ni\u00f1os, adolescentes, j\u00f3venes y estudiantes de secundaria (de 13 a 17 a\u00f1os) se llevan a cabo durante los meses de verano. El italiano es un idioma m\u00e1s y f\u00e1cil de aprender. Un valor a\u00f1adido para el futuro de tus hijos.&hellip;","_links":{"self":[{"href":"https:\/\/www.studiainitalia.com\/es\/wp-json\/wp\/v2\/product\/188700","targetHints":{"allow":["GET"]}}],"collection":[{"href":"https:\/\/www.studiainitalia.com\/es\/wp-json\/wp\/v2\/product"}],"about":[{"href":"https:\/\/www.studiainitalia.com\/es\/wp-json\/wp\/v2\/types\/product"}],"replies":[{"embeddable":true,"href":"https:\/\/www.studiainitalia.com\/es\/wp-json\/wp\/v2\/comments?post=188700"}],"wp:featuredmedia":[{"embeddable":true,"href":"https:\/\/www.studiainitalia.com\/es\/wp-json\/wp\/v2\/media\/118616"}],"wp:attachment":[{"href":"https:\/\/www.studiainitalia.com\/es\/wp-json\/wp\/v2\/media?parent=188700"}],"wp:term":[{"taxonomy":"section","embeddable":true,"href":"https:\/\/www.studiainitalia.com\/es\/wp-json\/wp\/v2\/section?post=188700"},{"taxonomy":"product_brand","embeddable":true,"href":"https:\/\/www.studiainitalia.com\/es\/wp-json\/wp\/v2\/product_brand?post=188700"},{"taxonomy":"product_cat","embeddable":true,"href":"https:\/\/www.studiainitalia.com\/es\/wp-json\/wp\/v2\/product_cat?post=188700"},{"taxonomy":"product_tag","embeddable":true,"href":"https:\/\/www.studiainitalia.com\/es\/wp-json\/wp\/v2\/product_tag?post=188700"}],"curies":[{"name":"wp","href":"https:\/\/api.w.org\/{rel}","templated":true}]}}