{"id":188798,"date":"2016-11-12T13:04:22","date_gmt":"2016-11-12T12:04:22","guid":{"rendered":"https:\/\/www.studiainitalia.com\/courses\/sin%20categor\u00eda\/florentino-mosaico-curso-en-florencia\/"},"modified":"2025-12-19T21:55:42","modified_gmt":"2025-12-19T20:55:42","slug":"curso-de-mosaico-florentino-en-florencia","status":"publish","type":"product","link":"https:\/\/www.studiainitalia.com\/es\/cursos\/cursos-en-florencia\/curso-de-mosaico-florentino-en-florencia\/","title":{"rendered":"Curso de mosaico florentino en Florencia"},"content":{"rendered":"<h2><strong>Curso de mosaico florentino<\/strong><\/h2>\n<p>&nbsp;<\/p>\n<p>Nuestros talleres artesanos\u00a0<em>bottega\u00a0<\/em>en Toscana se caracterizan por el cuidado y la atenci\u00f3n con la que sus artesanos cuidan de los alumnos, intentando resolver sus necesidades y satisfacer sus expectativas.<\/p>\n<p>&nbsp;<\/p>\n<p>La atm\u00f3sfera es informal y relajada.<\/p>\n<p>&nbsp;<\/p>\n<p>El taller se encuentra en un burgo medieval a 40 km del centro de Florencia. El curso es individual y dirigido a todos los niveles.<\/p>\n<p>&nbsp;<\/p>\n<p>Podemos ayudarte a encontrar alojamiento en Florencia o cerca del taller.<\/p>\n<p>&nbsp;<\/p>\n<p>&nbsp;<\/p>\n\n<table id=\"tablepress-47\" class=\"tablepress tablepress-id-47 tbody-has-connected-cells\">\n<thead>\n<tr class=\"row-1\">\n\t<th colspan=\"6\" class=\"column-1\">Fechas de Inicio 2026<\/th>\n<\/tr>\n<\/thead>\n<tbody class=\"row-striping row-hover\">\n<tr class=\"row-2\">\n\t<td class=\"column-1\">Enero<\/td><td class=\"column-2\">5, 19<\/td><td class=\"column-3\">Mayo<\/td><td class=\"column-4\">11, 25<\/td><td class=\"column-5\">Septiembre<\/td><td class=\"column-6\">14, 28<\/td>\n<\/tr>\n<tr class=\"row-3\">\n\t<td class=\"column-1\">Febrero<\/td><td class=\"column-2\">2, 16<\/td><td class=\"column-3\">Junio<\/td><td class=\"column-4\">8, 22<\/td><td class=\"column-5\">Octubre<\/td><td class=\"column-6\">12, 26<\/td>\n<\/tr>\n<tr class=\"row-4\">\n\t<td class=\"column-1\">Marzo<\/td><td class=\"column-2\">2, 16, 30<\/td><td class=\"column-3\">Julio<\/td><td class=\"column-4\">6, 20<\/td><td class=\"column-5\">Noviembre<\/td><td class=\"column-6\">9, 23<\/td>\n<\/tr>\n<tr class=\"row-5\">\n\t<td class=\"column-1\">Abril<\/td><td class=\"column-2\">13, 27<\/td><td class=\"column-3\">Agosto<\/td><td class=\"column-4\">3, 17, 31<\/td><td class=\"column-5\">Diciembre<\/td><td class=\"column-6\">7<\/td>\n<\/tr>\n<tr class=\"row-6\">\n\t<td colspan=\"6\" class=\"column-1\">La escuela permanecer\u00e0 cerrada durante las fiestas nacionales: Epifan\u00eda (06\/01), Lunes de Pascua, D\u00eda de la Liberaci\u00f3n (25\/04), D\u00eda del Trabajo (01\/05), D\u00eda de la Republica (02\/06), 24\/06, Ferragosto (15\/08), Todos los Santos (01\/11), Inmaculada Concepci\u00f3n (8\/12), vacaciones de Navidad y A\u00f1o Nuevo.<\/td>\n<\/tr>\n<\/tbody>\n<\/table>\n<!-- #tablepress-47 from cache -->\n<p>&nbsp;<\/p>\n","protected":false},"excerpt":{"rendered":"<h4><\/h4>\n<h2><strong>Mosaico florentino <\/strong><strong>\u00bfConoces esta antigua t\u00e9cnica de mosaico?<\/strong><\/h2>\n<p>&nbsp;<\/p>\n<p>Es una combinaci\u00f3n de piedras duras o semipreciosas, por lo que sus colores naturales representan figuras e incrustaciones en un fondo generalmente de m\u00e1rmol blanco o negro.<\/p>\n<p>Florencia es mundialmente famosa por sus mosaicos. \u00bfHas estado alguna vez en\u00a0<strong>Opicifio delle Pietre Dure<\/strong>? Es un fant\u00e1stico museo de Florencia donde se pueden encontrar las obras m\u00e1s importantes del mosaico florentino.<\/p>\n<p>Los cursos de mosaico florentino en Florencia pueden realizarse en una o m\u00e1s semanas.<\/p>\n<p>Es posible contratar cursos de 24, 48, 72 o 96 horas y repartirlas en el n\u00famero de semanas que quieras.<\/p>\n<p>En este curso se tratan distintos aspectos sobre t\u00e9cnicas de mosaico, utensilios, tipolog\u00eda de piedras, composici\u00f3n y pulido.<\/p>\n<p>Nuestro curso se realiza en el taller del artesano. Est\u00e1 ubicado en un pueblo medieval cerca de Florencia.<\/p>\n<p>El programa incluye:<\/p>\n<ul>\n<li>El estudio de tipos de piedras<\/li>\n<li>Utensilios y su uso<\/li>\n<li>M\u00e1quinas para cortar las piedras<\/li>\n<li>El dise\u00f1o<\/li>\n<li>Transferir a papel adhesivo<\/li>\n<li>Pegado del papel a la piedra<\/li>\n<li>Cortar<\/li>\n<li>Composici\u00f3n del artefacto<\/li>\n<li>Relleno<\/li>\n<li>Acabado y pulido<\/li>\n<\/ul>\n","protected":false},"featured_media":130836,"comment_status":"open","ping_status":"closed","template":"","meta":{"_acf_changed":false,"_uag_custom_page_level_css":"","_kad_blocks_custom_css":"","_kad_blocks_head_custom_js":"","_kad_blocks_body_custom_js":"","_kad_blocks_footer_custom_js":"","site-sidebar-layout":"default","site-content-layout":"default","ast-site-content-layout":"default","site-content-style":"default","site-sidebar-style":"default","ast-global-header-display":"","ast-banner-title-visibility":"","ast-main-header-display":"","ast-hfb-above-header-display":"","ast-hfb-below-header-display":"","ast-hfb-mobile-header-display":"","site-post-title":"","ast-breadcrumbs-content":"","ast-featured-img":"","footer-sml-layout":"","ast-disable-related-posts":"","theme-transparent-header-meta":"default","adv-header-id-meta":"","stick-header-meta":"default","header-above-stick-meta":"","header-main-stick-meta":"","header-below-stick-meta":"","astra-migrate-meta-layouts":"set","ast-page-background-enabled":"default","ast-page-background-meta":{"desktop":{"background-color":"var(--ast-global-color-4)","background-image":"","background-repeat":"repeat","background-position":"center center","background-size":"auto","background-attachment":"scroll","background-type":"","background-media":"","overlay-type":"","overlay-color":"","overlay-opacity":"","overlay-gradient":""},"tablet":{"background-color":"","background-image":"","background-repeat":"repeat","background-position":"center center","background-size":"auto","background-attachment":"scroll","background-type":"","background-media":"","overlay-type":"","overlay-color":"","overlay-opacity":"","overlay-gradient":""},"mobile":{"background-color":"","background-image":"","background-repeat":"repeat","background-position":"center center","background-size":"auto","background-attachment":"scroll","background-type":"","background-media":"","overlay-type":"","overlay-color":"","overlay-opacity":"","overlay-gradient":""}},"ast-content-background-meta":{"desktop":{"background-color":"var(--ast-global-color-5)","background-image":"","background-repeat":"repeat","background-position":"center center","background-size":"auto","background-attachment":"scroll","background-type":"","background-media":"","overlay-type":"","overlay-color":"","overlay-opacity":"","overlay-gradient":""},"tablet":{"background-color":"var(--ast-global-color-5)","background-image":"","background-repeat":"repeat","background-position":"center center","background-size":"auto","background-attachment":"scroll","background-type":"","background-media":"","overlay-type":"","overlay-color":"","overlay-opacity":"","overlay-gradient":""},"mobile":{"background-color":"var(--ast-global-color-5)","background-image":"","background-repeat":"repeat","background-position":"center center","background-size":"auto","background-attachment":"scroll","background-type":"","background-media":"","overlay-type":"","overlay-color":"","overlay-opacity":"","overlay-gradient":""}}},"section":[],"product_brand":[],"product_cat":[1331,1272],"product_tag":[1847],"class_list":{"0":"post-188798","1":"product","2":"type-product","3":"status-publish","4":"has-post-thumbnail","6":"product_cat-cursos-de-artes","7":"product_cat-cursos-en-florencia","8":"product_tag-cursos-en-florencia","9":"desktop-align-left","10":"tablet-align-left","11":"mobile-align-left","12":"ast-product-gallery-layout-horizontal-slider","13":"ast-product-single-variable","14":"ast-product-tabs-layout-horizontal","15":"ast-qv-on-image-click","17":"first","18":"instock","19":"sold-individually","20":"shipping-taxable","21":"purchasable","22":"product-type-variable"},"acf":[],"taxonomy_info":{"product_cat":[{"value":1331,"label":"Cursos de artes"},{"value":1272,"label":"Cursos en Florencia"}],"product_tag":[{"value":1847,"label":"Cursos en Florencia"}]},"featured_image_src_large":["https:\/\/www.studiainitalia.com\/wp-content\/uploads\/2021\/03\/Florentine-Mosaic10.jpg",960,960,false],"author_info":[],"comment_info":1,"uagb_featured_image_src":{"full":["https:\/\/www.studiainitalia.com\/wp-content\/uploads\/2021\/03\/Florentine-Mosaic10.jpg",960,960,false],"thumbnail":["https:\/\/www.studiainitalia.com\/wp-content\/uploads\/2021\/03\/Florentine-Mosaic10.jpg",96,96,false],"medium":["https:\/\/www.studiainitalia.com\/wp-content\/uploads\/2021\/03\/Florentine-Mosaic10.jpg",960,960,false],"medium_large":["https:\/\/www.studiainitalia.com\/wp-content\/uploads\/2021\/03\/Florentine-Mosaic10-768x768.jpg",768,768,true],"large":["https:\/\/www.studiainitalia.com\/wp-content\/uploads\/2021\/03\/Florentine-Mosaic10.jpg",960,960,false],"1536x1536":["https:\/\/www.studiainitalia.com\/wp-content\/uploads\/2021\/03\/Florentine-Mosaic10.jpg",960,960,false],"2048x2048":["https:\/\/www.studiainitalia.com\/wp-content\/uploads\/2021\/03\/Florentine-Mosaic10.jpg",960,960,false],"ultp_layout_landscape_large":["https:\/\/www.studiainitalia.com\/wp-content\/uploads\/2021\/03\/Florentine-Mosaic10.jpg",800,800,false],"ultp_layout_landscape":["https:\/\/www.studiainitalia.com\/wp-content\/uploads\/2021\/03\/Florentine-Mosaic10.jpg",570,570,false],"ultp_layout_portrait":["https:\/\/www.studiainitalia.com\/wp-content\/uploads\/2021\/03\/Florentine-Mosaic10.jpg",600,600,false],"ultp_layout_square":["https:\/\/www.studiainitalia.com\/wp-content\/uploads\/2021\/03\/Florentine-Mosaic10.jpg",600,600,false],"gform-image-choice-sm":["https:\/\/www.studiainitalia.com\/wp-content\/uploads\/2021\/03\/Florentine-Mosaic10.jpg",300,300,false],"gform-image-choice-md":["https:\/\/www.studiainitalia.com\/wp-content\/uploads\/2021\/03\/Florentine-Mosaic10.jpg",400,400,false],"gform-image-choice-lg":["https:\/\/www.studiainitalia.com\/wp-content\/uploads\/2021\/03\/Florentine-Mosaic10.jpg",600,600,false],"woocommerce_thumbnail":["https:\/\/www.studiainitalia.com\/wp-content\/uploads\/2021\/03\/Florentine-Mosaic10-300x300.jpg",300,300,true],"woocommerce_single":["https:\/\/www.studiainitalia.com\/wp-content\/uploads\/2021\/03\/Florentine-Mosaic10-400x400.jpg",400,400,true],"woocommerce_gallery_thumbnail":["https:\/\/www.studiainitalia.com\/wp-content\/uploads\/2021\/03\/Florentine-Mosaic10-100x100.jpg",100,100,true],"yarpp-thumbnail":["https:\/\/www.studiainitalia.com\/wp-content\/uploads\/2021\/03\/Florentine-Mosaic10-120x120.jpg",120,120,true]},"uagb_author_info":{"display_name":"Javier Diaz","author_link":"https:\/\/www.studiainitalia.com\/es\/author\/"},"uagb_comment_info":1,"uagb_excerpt":"Mosaico florentino \u00bfConoces esta antigua t\u00e9cnica de mosaico? &nbsp; Es una combinaci\u00f3n de piedras duras o semipreciosas, por lo que sus colores naturales representan figuras e incrustaciones en un fondo generalmente de m\u00e1rmol blanco o negro. Florencia es mundialmente famosa por sus mosaicos. \u00bfHas estado alguna vez en\u00a0Opicifio delle Pietre Dure? Es un fant\u00e1stico museo&hellip;","_links":{"self":[{"href":"https:\/\/www.studiainitalia.com\/es\/wp-json\/wp\/v2\/product\/188798","targetHints":{"allow":["GET"]}}],"collection":[{"href":"https:\/\/www.studiainitalia.com\/es\/wp-json\/wp\/v2\/product"}],"about":[{"href":"https:\/\/www.studiainitalia.com\/es\/wp-json\/wp\/v2\/types\/product"}],"replies":[{"embeddable":true,"href":"https:\/\/www.studiainitalia.com\/es\/wp-json\/wp\/v2\/comments?post=188798"}],"wp:featuredmedia":[{"embeddable":true,"href":"https:\/\/www.studiainitalia.com\/es\/wp-json\/wp\/v2\/media\/130836"}],"wp:attachment":[{"href":"https:\/\/www.studiainitalia.com\/es\/wp-json\/wp\/v2\/media?parent=188798"}],"wp:term":[{"taxonomy":"section","embeddable":true,"href":"https:\/\/www.studiainitalia.com\/es\/wp-json\/wp\/v2\/section?post=188798"},{"taxonomy":"product_brand","embeddable":true,"href":"https:\/\/www.studiainitalia.com\/es\/wp-json\/wp\/v2\/product_brand?post=188798"},{"taxonomy":"product_cat","embeddable":true,"href":"https:\/\/www.studiainitalia.com\/es\/wp-json\/wp\/v2\/product_cat?post=188798"},{"taxonomy":"product_tag","embeddable":true,"href":"https:\/\/www.studiainitalia.com\/es\/wp-json\/wp\/v2\/product_tag?post=188798"}],"curies":[{"name":"wp","href":"https:\/\/api.w.org\/{rel}","templated":true}]}}