{"id":188823,"date":"2016-11-08T16:52:24","date_gmt":"2016-11-08T15:52:24","guid":{"rendered":"https:\/\/www.studiainitalia.com\/courses\/sin%20categor\u00eda\/italiano-en-taormina-seniors\/"},"modified":"2026-02-25T16:58:32","modified_gmt":"2026-02-25T15:58:32","slug":"italiano-mayores-de-50-en-taormina","status":"publish","type":"product","link":"https:\/\/www.studiainitalia.com\/es\/cursos\/cursos-en-taormina\/italiano-mayores-de-50-en-taormina\/","title":{"rendered":"Italiano 50+ en Taormina"},"content":{"rendered":"<h2>Italiano 50+ en Taormina<\/h2>\n<p>&nbsp;<\/p>\n<p>Nuestra escuela de italiano en Taormina est\u00e1 reconocida por el Ministerio de Educaci\u00f3n italiano. La escuela est\u00e1 situada en una villa hist\u00f3rica en Taormina, a pocos metros del Teatro Griego.<\/p>\n<p>La villa acoge una gran variedad de eventos culturales. Adem\u00e1s, en el jard\u00edn puedes relajarte y tomar un caf\u00e9 o un <b>capuchino<\/b>. Tambi\u00e9n puedes comer platos t\u00edpicos sicilianos en la cafeter\u00eda.<\/p>\n<p>La escuela organiza numerosas actividades sociales y excursiones para descubrir el estilo de vida siciliano. Disfruta de las costumbres, tradiciones, gastronom\u00eda y vinos locales sicilianos.<\/p>\n<p>Algunas de las actividades para mayores de 50 a\u00f1os son:<\/p>\n<ul>\n<li><b>Conferencia sobre la historia de Sicilia<\/b><\/li>\n<li><b>Excursi\u00f3n al monte Etna<\/b><\/li>\n<li><b>Clase de cocina siciliana<\/b><\/li>\n<li><b>D\u00eda libre para explorar<\/b><\/li>\n<li><b>Excursi\u00f3n a Siracusa<\/b><\/li>\n<li><b>Visita guiada a Taormina<\/b><\/li>\n<li><b>Conferencia sobre escritores y literatura sicilianos<\/b><\/li>\n<li><b>Cata de vinos y quesos sicilianos<\/b><\/li>\n<\/ul>\n<h2><b>Fechas de inicio y detalles<\/b><\/h2>\n<p>&nbsp;<\/p>\n<ul>\n<li><b>Duraci\u00f3n de las clases<\/b>: 45 minutos<\/li>\n<li><b>Tama\u00f1o medio de las clases<\/b>: 9 alumnos<\/li>\n<li><b>Tama\u00f1o m\u00e1ximo de las clases<\/b>: 12 alumnos<\/li>\n<li><b>Horario<\/b>: Por la ma\u00f1ana<\/li>\n<li><b>Materiales del curso<\/b>: Incluidos<\/li>\n<li><b>Prueba de nivel y certificado final<\/b>: Incluidos<\/li>\n<li><b>Ubicaci\u00f3n<\/b>: Via Timoleone 10<\/li>\n<li><b>Otros servicios<\/b>: Acceso a Internet, actividades sociales, jard\u00edn, cafeter\u00eda y traslado al aeropuerto disponibles<\/li>\n<\/ul>\n<p>Adem\u00e1s se organizan cenas y excursiones durante los fines de semana.<\/p>\n<p>El curso para 50+ en Taormina es una oportunidad para pasar unas maravillosas vacaciones en Sicilia.<\/p>\n<p>&nbsp;<\/p>\n<table id=\"tablepress-82\" class=\"tablepress tablepress-id-82\">\n<thead>\n<tr class=\"row-1 odd\">\n<th class=\"column-1\" colspan=\"6\">Fechas de Inicio 2026<\/th>\n<\/tr>\n<\/thead>\n<tbody class=\"row-hover\">\n<tr class=\"row-2 even\">\n<td class=\"column-1\">Enero<\/td>\n<td class=\"column-2\"><\/td>\n<td class=\"column-3\">Mayo<\/td>\n<td class=\"column-4\"><\/td>\n<td class=\"column-5\">Septiembre<\/td>\n<td class=\"column-6\">1<\/td>\n<\/tr>\n<tr class=\"row-3 odd\">\n<td class=\"column-1\">Febrero<\/td>\n<td class=\"column-2\"><\/td>\n<td class=\"column-3\">Junio<\/td>\n<td class=\"column-4\"><\/td>\n<td class=\"column-5\">Octobre<\/td>\n<td class=\"column-6\">12<\/td>\n<\/tr>\n<tr class=\"row-4 even\">\n<td class=\"column-1\">Marzo<\/td>\n<td class=\"column-2\">2<\/td>\n<td class=\"column-3\">Julio<\/td>\n<td class=\"column-4\"><\/td>\n<td class=\"column-5\">Noviembre<\/td>\n<td class=\"column-6\"><\/td>\n<\/tr>\n<tr class=\"row-5 odd\">\n<td class=\"column-1\">Abril<\/td>\n<td class=\"column-2\">7, 27<\/td>\n<td class=\"column-3\">Agosto<\/td>\n<td class=\"column-4\">31<\/td>\n<td class=\"column-5\">Diciembre<\/td>\n<td class=\"column-6\"><\/td>\n<\/tr>\n<tr class=\"row-6 even\">\n<td class=\"column-1\" colspan=\"6\">La escuela permanecer\u00e1 cerrada durante las fiestas nacionales: Epifan\u00eda (06\/01), Lunes de Pascua, D\u00eda de la Liberaci\u00f3n (25\/04), D\u00eda del Trabajo (01\/05), D\u00eda de la Republica (02\/06), Ferragosto (15\/08), Todos los Santos (01\/11), Inmaculada Concepci\u00f3n (8\/12), vacaciones de Navidad y A\u00f1o Nuevo.<\/td>\n<\/tr>\n<\/tbody>\n<\/table>\n<p>&nbsp;<\/p>\n<div class=\"aiosrs-rating-wrap\" data-schema-id=\"90691\">\n<div class=\"aiosrs-star-rating-wrap \"><\/div>\n<\/div>\n","protected":false},"excerpt":{"rendered":"<h4><\/h4>\n<h2><strong>\u00a1Descubre Sicilia!<\/strong><\/h2>\n<p>&nbsp;<\/p>\n<p><strong>\u00a0<\/strong><strong>Si viajas solo o con tu familia y quieres asistir a un curso de italiano con personas de tu mismo grupo de edad, te ofrecemos el curso especial dirigido a viajeros mayores de 50 a\u00f1os. Aprende m\u00e1s sobre la cultura de Sicilia.<\/strong><\/p>\n<ul>\n<li>Este programa est\u00e1 dirigido a mayores de 50 a\u00f1os que desean estudiar italiano y al mismo tiempo conocer m\u00e1s la historia, el arte y la cultura de Taormina y Sicilia.<\/li>\n<li>El programa consta de 10 clases de italiano por semana por la ma\u00f1anas seguidas por la tarde por actividades culturales y excursiones.<\/li>\n<li>Ofrecemos a nuestros alumnos distintos tipos de alojamiento (habitaciones privadas, pisos individuales o compartidos, hoteles) cerca de la escuela.<\/li>\n<\/ul>\n","protected":false},"featured_media":118640,"comment_status":"open","ping_status":"closed","template":"","meta":{"_acf_changed":false,"_uag_custom_page_level_css":"","_kad_blocks_custom_css":"","_kad_blocks_head_custom_js":"","_kad_blocks_body_custom_js":"","_kad_blocks_footer_custom_js":"","site-sidebar-layout":"default","site-content-layout":"default","ast-site-content-layout":"default","site-content-style":"default","site-sidebar-style":"default","ast-global-header-display":"","ast-banner-title-visibility":"","ast-main-header-display":"","ast-hfb-above-header-display":"","ast-hfb-below-header-display":"","ast-hfb-mobile-header-display":"","site-post-title":"","ast-breadcrumbs-content":"","ast-featured-img":"","footer-sml-layout":"","ast-disable-related-posts":"","theme-transparent-header-meta":"default","adv-header-id-meta":"","stick-header-meta":"default","header-above-stick-meta":"","header-main-stick-meta":"","header-below-stick-meta":"","astra-migrate-meta-layouts":"set","ast-page-background-enabled":"default","ast-page-background-meta":{"desktop":{"background-color":"var(--ast-global-color-4)","background-image":"","background-repeat":"repeat","background-position":"center center","background-size":"auto","background-attachment":"scroll","background-type":"","background-media":"","overlay-type":"","overlay-color":"","overlay-opacity":"","overlay-gradient":""},"tablet":{"background-color":"","background-image":"","background-repeat":"repeat","background-position":"center center","background-size":"auto","background-attachment":"scroll","background-type":"","background-media":"","overlay-type":"","overlay-color":"","overlay-opacity":"","overlay-gradient":""},"mobile":{"background-color":"","background-image":"","background-repeat":"repeat","background-position":"center center","background-size":"auto","background-attachment":"scroll","background-type":"","background-media":"","overlay-type":"","overlay-color":"","overlay-opacity":"","overlay-gradient":""}},"ast-content-background-meta":{"desktop":{"background-color":"var(--ast-global-color-5)","background-image":"","background-repeat":"repeat","background-position":"center center","background-size":"auto","background-attachment":"scroll","background-type":"","background-media":"","overlay-type":"","overlay-color":"","overlay-opacity":"","overlay-gradient":""},"tablet":{"background-color":"var(--ast-global-color-5)","background-image":"","background-repeat":"repeat","background-position":"center center","background-size":"auto","background-attachment":"scroll","background-type":"","background-media":"","overlay-type":"","overlay-color":"","overlay-opacity":"","overlay-gradient":""},"mobile":{"background-color":"var(--ast-global-color-5)","background-image":"","background-repeat":"repeat","background-position":"center center","background-size":"auto","background-attachment":"scroll","background-type":"","background-media":"","overlay-type":"","overlay-color":"","overlay-opacity":"","overlay-gradient":""}}},"section":[],"product_brand":[],"product_cat":[1343,1347,1286],"product_tag":[1854],"class_list":{"0":"post-188823","1":"product","2":"type-product","3":"status-publish","4":"has-post-thumbnail","6":"product_cat-cursos-de-italiano-para-jovenes-familias-y-mayores","7":"product_cat-cursos-de-italiano-para-mayores","8":"product_cat-cursos-en-taormina","9":"product_tag-familias-es","10":"desktop-align-left","11":"tablet-align-left","12":"mobile-align-left","13":"ast-product-gallery-layout-horizontal-slider","14":"ast-product-single-variable","15":"ast-product-tabs-layout-horizontal","16":"ast-qv-on-image-click","18":"first","19":"instock","20":"sold-individually","21":"shipping-taxable","22":"purchasable","23":"product-type-variable"},"acf":[],"taxonomy_info":{"product_cat":[{"value":1343,"label":"Cursos de italiano para j\u00f3venes familias y mayores"},{"value":1347,"label":"Cursos de italiano para mayores"},{"value":1286,"label":"Cursos en Taormina"}],"product_tag":[{"value":1854,"label":"Familias es"}]},"featured_image_src_large":["https:\/\/www.studiainitalia.com\/wp-content\/uploads\/2016\/11\/learn-italian-in-taormina-seniors-1024x1017.jpg",1024,1017,true],"author_info":[],"comment_info":1,"uagb_featured_image_src":{"full":["https:\/\/www.studiainitalia.com\/wp-content\/uploads\/2016\/11\/learn-italian-in-taormina-seniors-e1490028229862.jpg",350,348,false],"thumbnail":["https:\/\/www.studiainitalia.com\/wp-content\/uploads\/2016\/11\/learn-italian-in-taormina-seniors-150x150.jpg",96,96,true],"medium":["https:\/\/www.studiainitalia.com\/wp-content\/uploads\/2016\/11\/learn-italian-in-taormina-seniors-300x298.jpg",300,298,true],"medium_large":["https:\/\/www.studiainitalia.com\/wp-content\/uploads\/2016\/11\/learn-italian-in-taormina-seniors-768x763.jpg",768,763,true],"large":["https:\/\/www.studiainitalia.com\/wp-content\/uploads\/2016\/11\/learn-italian-in-taormina-seniors-1024x1017.jpg",1024,1017,true],"1536x1536":["https:\/\/www.studiainitalia.com\/wp-content\/uploads\/2016\/11\/learn-italian-in-taormina-seniors-e1490028229862.jpg",350,348,false],"2048x2048":["https:\/\/www.studiainitalia.com\/wp-content\/uploads\/2016\/11\/learn-italian-in-taormina-seniors-e1490028229862.jpg",350,348,false],"ultp_layout_landscape_large":["https:\/\/www.studiainitalia.com\/wp-content\/uploads\/2016\/11\/learn-italian-in-taormina-seniors-e1490028229862.jpg",350,348,false],"ultp_layout_landscape":["https:\/\/www.studiainitalia.com\/wp-content\/uploads\/2016\/11\/learn-italian-in-taormina-seniors-e1490028229862.jpg",350,348,false],"ultp_layout_portrait":["https:\/\/www.studiainitalia.com\/wp-content\/uploads\/2016\/11\/learn-italian-in-taormina-seniors-e1490028229862.jpg",350,348,false],"ultp_layout_square":["https:\/\/www.studiainitalia.com\/wp-content\/uploads\/2016\/11\/learn-italian-in-taormina-seniors-e1490028229862.jpg",350,348,false],"gform-image-choice-sm":["https:\/\/www.studiainitalia.com\/wp-content\/uploads\/2016\/11\/learn-italian-in-taormina-seniors-e1490028229862.jpg",300,298,false],"gform-image-choice-md":["https:\/\/www.studiainitalia.com\/wp-content\/uploads\/2016\/11\/learn-italian-in-taormina-seniors-e1490028229862.jpg",350,348,false],"gform-image-choice-lg":["https:\/\/www.studiainitalia.com\/wp-content\/uploads\/2016\/11\/learn-italian-in-taormina-seniors-e1490028229862.jpg",350,348,false],"woocommerce_thumbnail":["https:\/\/www.studiainitalia.com\/wp-content\/uploads\/2016\/11\/learn-italian-in-taormina-seniors-e1490028229862-300x300.jpg",300,300,true],"woocommerce_single":["https:\/\/www.studiainitalia.com\/wp-content\/uploads\/2016\/11\/learn-italian-in-taormina-seniors-e1490028229862.jpg",350,348,false],"woocommerce_gallery_thumbnail":["https:\/\/www.studiainitalia.com\/wp-content\/uploads\/2016\/11\/learn-italian-in-taormina-seniors-e1490028229862-100x100.jpg",100,100,true],"yarpp-thumbnail":["https:\/\/www.studiainitalia.com\/wp-content\/uploads\/2016\/11\/learn-italian-in-taormina-seniors-e1490028229862.jpg",120,120,false]},"uagb_author_info":{"display_name":"Javier Diaz","author_link":"https:\/\/www.studiainitalia.com\/es\/author\/"},"uagb_comment_info":1,"uagb_excerpt":"\u00a1Descubre Sicilia! &nbsp; \u00a0Si viajas solo o con tu familia y quieres asistir a un curso de italiano con personas de tu mismo grupo de edad, te ofrecemos el curso especial dirigido a viajeros mayores de 50 a\u00f1os. Aprende m\u00e1s sobre la cultura de Sicilia. Este programa est\u00e1 dirigido a mayores de 50 a\u00f1os que&hellip;","_links":{"self":[{"href":"https:\/\/www.studiainitalia.com\/es\/wp-json\/wp\/v2\/product\/188823","targetHints":{"allow":["GET"]}}],"collection":[{"href":"https:\/\/www.studiainitalia.com\/es\/wp-json\/wp\/v2\/product"}],"about":[{"href":"https:\/\/www.studiainitalia.com\/es\/wp-json\/wp\/v2\/types\/product"}],"replies":[{"embeddable":true,"href":"https:\/\/www.studiainitalia.com\/es\/wp-json\/wp\/v2\/comments?post=188823"}],"wp:featuredmedia":[{"embeddable":true,"href":"https:\/\/www.studiainitalia.com\/es\/wp-json\/wp\/v2\/media\/118640"}],"wp:attachment":[{"href":"https:\/\/www.studiainitalia.com\/es\/wp-json\/wp\/v2\/media?parent=188823"}],"wp:term":[{"taxonomy":"section","embeddable":true,"href":"https:\/\/www.studiainitalia.com\/es\/wp-json\/wp\/v2\/section?post=188823"},{"taxonomy":"product_brand","embeddable":true,"href":"https:\/\/www.studiainitalia.com\/es\/wp-json\/wp\/v2\/product_brand?post=188823"},{"taxonomy":"product_cat","embeddable":true,"href":"https:\/\/www.studiainitalia.com\/es\/wp-json\/wp\/v2\/product_cat?post=188823"},{"taxonomy":"product_tag","embeddable":true,"href":"https:\/\/www.studiainitalia.com\/es\/wp-json\/wp\/v2\/product_tag?post=188823"}],"curies":[{"name":"wp","href":"https:\/\/api.w.org\/{rel}","templated":true}]}}