{"id":188845,"date":"2016-11-12T13:18:49","date_gmt":"2016-11-12T12:18:49","guid":{"rendered":"https:\/\/www.studiainitalia.com\/courses\/sin%20categor\u00eda\/curso-de-fotografia-en-florencia\/"},"modified":"2026-04-24T11:11:55","modified_gmt":"2026-04-24T09:11:55","slug":"curso-de-fotografia-en-florencia","status":"publish","type":"product","link":"https:\/\/www.studiainitalia.com\/es\/cursos\/cursos-en-florencia\/curso-de-fotografia-en-florencia\/","title":{"rendered":"Curso de fotograf\u00eda en Florencia"},"content":{"rendered":"<h2><strong>Curso de fotograf\u00eda en Florencia<\/strong><\/h2>\n<p>&nbsp;<\/p>\n<p>Nuestro curso de fotograf\u00eda en Italia est\u00e1 organizado s\u00f3lo para un estudiante a la vez. El curso no se lleva a cabo en un estudio sino al aire libre, en las calles y plazas de Florencia.<\/p>\n<p>&nbsp;<\/p>\n<p>Junto a tu profesor descubrir\u00e1s los rincones m\u00e1s conocidos de la ciudad y podr\u00e1s inmortalizarlos con tu propia c\u00e1mara.<\/p>\n<p>&nbsp;<\/p>\n<p>El curso est\u00e1 organizado para todos los niveles, desde principiante absoluto hasta avanzado.<\/p>\n<p>&nbsp;<\/p>\n<p>Tambi\u00e9n se encuentran disponibles programas especiales para fotograf\u00edas de bodas. Las lecciones son pr\u00e1cticas y din\u00e1micas, los estudiantes pasan buena parte del tiempo haciendo fotograf\u00eda de exteriores por las calles de Florencia y sus alrededores.<\/p>\n<p>&nbsp;<\/p>\n<p>&nbsp;<\/p>\n\n<table id=\"tablepress-47\" class=\"tablepress tablepress-id-47 tbody-has-connected-cells\">\n<thead>\n<tr class=\"row-1\">\n\t<th colspan=\"6\" class=\"column-1\">Fechas de Inicio 2026<\/th>\n<\/tr>\n<\/thead>\n<tbody class=\"row-striping row-hover\">\n<tr class=\"row-2\">\n\t<td class=\"column-1\">Enero<\/td><td class=\"column-2\">5, 19<\/td><td class=\"column-3\">Mayo<\/td><td class=\"column-4\">11, 25<\/td><td class=\"column-5\">Septiembre<\/td><td class=\"column-6\">14, 28<\/td>\n<\/tr>\n<tr class=\"row-3\">\n\t<td class=\"column-1\">Febrero<\/td><td class=\"column-2\">2, 16<\/td><td class=\"column-3\">Junio<\/td><td class=\"column-4\">8, 22<\/td><td class=\"column-5\">Octubre<\/td><td class=\"column-6\">12, 26<\/td>\n<\/tr>\n<tr class=\"row-4\">\n\t<td class=\"column-1\">Marzo<\/td><td class=\"column-2\">2, 16, 30<\/td><td class=\"column-3\">Julio<\/td><td class=\"column-4\">6, 20<\/td><td class=\"column-5\">Noviembre<\/td><td class=\"column-6\">9, 23<\/td>\n<\/tr>\n<tr class=\"row-5\">\n\t<td class=\"column-1\">Abril<\/td><td class=\"column-2\">13, 27<\/td><td class=\"column-3\">Agosto<\/td><td class=\"column-4\">3, 17, 31<\/td><td class=\"column-5\">Diciembre<\/td><td class=\"column-6\">7<\/td>\n<\/tr>\n<tr class=\"row-6\">\n\t<td colspan=\"6\" class=\"column-1\">La escuela permanecer\u00e0 cerrada durante las fiestas nacionales: Epifan\u00eda (06\/01), Lunes de Pascua, D\u00eda de la Liberaci\u00f3n (25\/04), D\u00eda del Trabajo (01\/05), D\u00eda de la Republica (02\/06), 24\/06, Ferragosto (15\/08), Todos los Santos (01\/11), Inmaculada Concepci\u00f3n (8\/12), vacaciones de Navidad y A\u00f1o Nuevo.<\/td>\n<\/tr>\n<\/tbody>\n<\/table>\n<!-- #tablepress-47 from cache -->\n<p>&nbsp;<\/p>\n","protected":false},"excerpt":{"rendered":"<h2><strong>\u00a1Trae a casa tus im\u00e1genes de Florencia!<\/strong><\/h2>\n<p>&nbsp;<\/p>\n<p><strong>\u00a0<\/strong><strong>Nuestro curso de fotograf\u00eda individual es impartido por un fot\u00f3grafo profesional en las calles de Florencia.<\/strong><\/p>\n<ul>\n<li>El curso tiene como objetivo proporcionar a los participantes las principales bases t\u00e9cnicas utilizadas para la producci\u00f3n y la elaboraci\u00f3n de im\u00e1genes fotogr\u00e1ficas digitales, iniciar a leer en modo cr\u00edtico una imagen y estimular la capacidad creativa.<\/li>\n<\/ul>\n<ul>\n<li>Aprender\u00e1s c\u00f3mo funciona una c\u00e1mara y c\u00f3mo configurarla correctamente.<\/li>\n<\/ul>\n<ul>\n<li>Estudiar\u00e1s los diferentes tipos de lentes, como fijos, tele y zoom y cu\u00e1l elegir seg\u00fan la ocasi\u00f3n.<\/li>\n<\/ul>\n<ul>\n<li>Otra parte del curso se centra en el tiempo y el obturador, la luz (natural y artificial) durante el d\u00eda y la noche.<\/li>\n<\/ul>\n<ul>\n<li>Se realizar\u00e1 un DVD final con todas las fotos sacadas durante el curso.<\/li>\n<\/ul>\n<p>Este curso se imparte en italiano.<\/p>\n","protected":false},"featured_media":118721,"comment_status":"open","ping_status":"closed","template":"","meta":{"_acf_changed":false,"_uag_custom_page_level_css":"","_kad_blocks_custom_css":"","_kad_blocks_head_custom_js":"","_kad_blocks_body_custom_js":"","_kad_blocks_footer_custom_js":"","site-sidebar-layout":"default","site-content-layout":"default","ast-site-content-layout":"default","site-content-style":"default","site-sidebar-style":"default","ast-global-header-display":"","ast-banner-title-visibility":"","ast-main-header-display":"","ast-hfb-above-header-display":"","ast-hfb-below-header-display":"","ast-hfb-mobile-header-display":"","site-post-title":"","ast-breadcrumbs-content":"","ast-featured-img":"","footer-sml-layout":"","ast-disable-related-posts":"","theme-transparent-header-meta":"default","adv-header-id-meta":"","stick-header-meta":"default","header-above-stick-meta":"","header-main-stick-meta":"","header-below-stick-meta":"","astra-migrate-meta-layouts":"set","ast-page-background-enabled":"default","ast-page-background-meta":{"desktop":{"background-color":"var(--ast-global-color-4)","background-image":"","background-repeat":"repeat","background-position":"center center","background-size":"auto","background-attachment":"scroll","background-type":"","background-media":"","overlay-type":"","overlay-color":"","overlay-opacity":"","overlay-gradient":""},"tablet":{"background-color":"","background-image":"","background-repeat":"repeat","background-position":"center center","background-size":"auto","background-attachment":"scroll","background-type":"","background-media":"","overlay-type":"","overlay-color":"","overlay-opacity":"","overlay-gradient":""},"mobile":{"background-color":"","background-image":"","background-repeat":"repeat","background-position":"center center","background-size":"auto","background-attachment":"scroll","background-type":"","background-media":"","overlay-type":"","overlay-color":"","overlay-opacity":"","overlay-gradient":""}},"ast-content-background-meta":{"desktop":{"background-color":"var(--ast-global-color-5)","background-image":"","background-repeat":"repeat","background-position":"center center","background-size":"auto","background-attachment":"scroll","background-type":"","background-media":"","overlay-type":"","overlay-color":"","overlay-opacity":"","overlay-gradient":""},"tablet":{"background-color":"var(--ast-global-color-5)","background-image":"","background-repeat":"repeat","background-position":"center center","background-size":"auto","background-attachment":"scroll","background-type":"","background-media":"","overlay-type":"","overlay-color":"","overlay-opacity":"","overlay-gradient":""},"mobile":{"background-color":"var(--ast-global-color-5)","background-image":"","background-repeat":"repeat","background-position":"center center","background-size":"auto","background-attachment":"scroll","background-type":"","background-media":"","overlay-type":"","overlay-color":"","overlay-opacity":"","overlay-gradient":""}}},"section":[2053],"product_brand":[],"product_cat":[1331,1272],"product_tag":[1847],"class_list":{"0":"post-188845","1":"product","2":"type-product","3":"status-publish","4":"has-post-thumbnail","6":"section-visual","7":"product_cat-cursos-de-artes","8":"product_cat-cursos-en-florencia","9":"product_tag-cursos-en-florencia","10":"desktop-align-left","11":"tablet-align-left","12":"mobile-align-left","13":"ast-product-gallery-layout-horizontal-slider","14":"ast-product-gallery-with-no-image","15":"ast-product-single-variable","16":"ast-product-tabs-layout-horizontal","17":"ast-qv-on-image-click","19":"first","20":"instock","21":"sold-individually","22":"shipping-taxable","23":"purchasable","24":"product-type-variable"},"acf":[],"taxonomy_info":{"section":[{"value":2053,"label":"Visual"}],"product_cat":[{"value":1331,"label":"Cursos de artes"},{"value":1272,"label":"Cursos en Florencia"}],"product_tag":[{"value":1847,"label":"Cursos en Florencia"}]},"featured_image_src_large":["https:\/\/www.studiainitalia.com\/wp-content\/uploads\/2016\/11\/photography-florence.jpg",432,432,false],"author_info":[],"comment_info":1,"uagb_featured_image_src":{"full":["https:\/\/www.studiainitalia.com\/wp-content\/uploads\/2016\/11\/photography-florence.jpg",432,432,false],"thumbnail":["https:\/\/www.studiainitalia.com\/wp-content\/uploads\/2016\/11\/photography-florence-150x150.jpg",96,96,true],"medium":["https:\/\/www.studiainitalia.com\/wp-content\/uploads\/2016\/11\/photography-florence-300x300.jpg",300,300,true],"medium_large":["https:\/\/www.studiainitalia.com\/wp-content\/uploads\/2016\/11\/photography-florence.jpg",432,432,false],"large":["https:\/\/www.studiainitalia.com\/wp-content\/uploads\/2016\/11\/photography-florence.jpg",432,432,false],"1536x1536":["https:\/\/www.studiainitalia.com\/wp-content\/uploads\/2016\/11\/photography-florence.jpg",432,432,false],"2048x2048":["https:\/\/www.studiainitalia.com\/wp-content\/uploads\/2016\/11\/photography-florence.jpg",432,432,false],"ultp_layout_landscape_large":["https:\/\/www.studiainitalia.com\/wp-content\/uploads\/2016\/11\/photography-florence.jpg",432,432,false],"ultp_layout_landscape":["https:\/\/www.studiainitalia.com\/wp-content\/uploads\/2016\/11\/photography-florence.jpg",432,432,false],"ultp_layout_portrait":["https:\/\/www.studiainitalia.com\/wp-content\/uploads\/2016\/11\/photography-florence.jpg",432,432,false],"ultp_layout_square":["https:\/\/www.studiainitalia.com\/wp-content\/uploads\/2016\/11\/photography-florence.jpg",432,432,false],"gform-image-choice-sm":["https:\/\/www.studiainitalia.com\/wp-content\/uploads\/2016\/11\/photography-florence.jpg",300,300,false],"gform-image-choice-md":["https:\/\/www.studiainitalia.com\/wp-content\/uploads\/2016\/11\/photography-florence.jpg",400,400,false],"gform-image-choice-lg":["https:\/\/www.studiainitalia.com\/wp-content\/uploads\/2016\/11\/photography-florence.jpg",432,432,false],"woocommerce_thumbnail":["https:\/\/www.studiainitalia.com\/wp-content\/uploads\/2016\/11\/photography-florence-300x300.jpg",300,300,true],"woocommerce_single":["https:\/\/www.studiainitalia.com\/wp-content\/uploads\/2016\/11\/photography-florence-400x400.jpg",400,400,true],"woocommerce_gallery_thumbnail":["https:\/\/www.studiainitalia.com\/wp-content\/uploads\/2016\/11\/photography-florence-100x100.jpg",100,100,true],"yarpp-thumbnail":["https:\/\/www.studiainitalia.com\/wp-content\/uploads\/2016\/11\/photography-florence.jpg",120,120,false]},"uagb_author_info":{"display_name":"Javier Diaz","author_link":"https:\/\/www.studiainitalia.com\/es\/author\/"},"uagb_comment_info":1,"uagb_excerpt":"\u00a1Trae a casa tus im\u00e1genes de Florencia! &nbsp; \u00a0Nuestro curso de fotograf\u00eda individual es impartido por un fot\u00f3grafo profesional en las calles de Florencia. El curso tiene como objetivo proporcionar a los participantes las principales bases t\u00e9cnicas utilizadas para la producci\u00f3n y la elaboraci\u00f3n de im\u00e1genes fotogr\u00e1ficas digitales, iniciar a leer en modo cr\u00edtico una&hellip;","_links":{"self":[{"href":"https:\/\/www.studiainitalia.com\/es\/wp-json\/wp\/v2\/product\/188845","targetHints":{"allow":["GET"]}}],"collection":[{"href":"https:\/\/www.studiainitalia.com\/es\/wp-json\/wp\/v2\/product"}],"about":[{"href":"https:\/\/www.studiainitalia.com\/es\/wp-json\/wp\/v2\/types\/product"}],"replies":[{"embeddable":true,"href":"https:\/\/www.studiainitalia.com\/es\/wp-json\/wp\/v2\/comments?post=188845"}],"wp:featuredmedia":[{"embeddable":true,"href":"https:\/\/www.studiainitalia.com\/es\/wp-json\/wp\/v2\/media\/118721"}],"wp:attachment":[{"href":"https:\/\/www.studiainitalia.com\/es\/wp-json\/wp\/v2\/media?parent=188845"}],"wp:term":[{"taxonomy":"section","embeddable":true,"href":"https:\/\/www.studiainitalia.com\/es\/wp-json\/wp\/v2\/section?post=188845"},{"taxonomy":"product_brand","embeddable":true,"href":"https:\/\/www.studiainitalia.com\/es\/wp-json\/wp\/v2\/product_brand?post=188845"},{"taxonomy":"product_cat","embeddable":true,"href":"https:\/\/www.studiainitalia.com\/es\/wp-json\/wp\/v2\/product_cat?post=188845"},{"taxonomy":"product_tag","embeddable":true,"href":"https:\/\/www.studiainitalia.com\/es\/wp-json\/wp\/v2\/product_tag?post=188845"}],"curies":[{"name":"wp","href":"https:\/\/api.w.org\/{rel}","templated":true}]}}