{"id":188847,"date":"2016-11-12T18:31:38","date_gmt":"2016-11-12T17:31:38","guid":{"rendered":"https:\/\/www.studiainitalia.com\/courses\/sin%20categor\u00eda\/pintura-restauracion-curso-en-florencia\/"},"modified":"2025-12-22T11:09:54","modified_gmt":"2025-12-22T10:09:54","slug":"curso-de-restauracion-de-pintura-en-florencia-individual","status":"publish","type":"product","link":"https:\/\/www.studiainitalia.com\/es\/cursos\/cursos-en-florencia\/curso-de-restauracion-de-pintura-en-florencia-individual\/","title":{"rendered":"Curso de restauraci\u00f3n de pintura en Florencia"},"content":{"rendered":"<h2>Curso de Restauraci\u00f3n de pintura<\/h2>\n<p>&nbsp;<\/p>\n<p><strong>\u00bfSabes por qu\u00e9 no ofrecemos los cursos de restauraci\u00f3n en una escuela de restauraci\u00f3n?<\/strong>\u00a0Porque\u00a0<em>la bottega<\/em>\u00a0es el lugar m\u00e1s recomendable para un aprendizaje r\u00e1pido, pr\u00e1ctico y de inmersi\u00f3n, \u00a1Incluso si eres un principiante!<\/p>\n<p>&nbsp;<\/p>\n<p>Nuestros talleres de restauraci\u00f3n \u201c<em>bottega<\/em>\u201d en Florencia se caracterizan por el cuidado con el que el resturador te tratar\u00e1. Siempre intentar\u00e1 resolver tus dudas y satisfacer tus expectativas. La atm\u00f3sfera es informal y relajada.<\/p>\n<p>&nbsp;<\/p>\n<p>El taller se encuentra en el centro de Florencia. Los cursos son individuales con programas personalizados.<\/p>\n<div class=\"one_half\">\n<div class=\"fluid-width-video-wrapper\"><\/div>\n<\/div>\n<p>&nbsp;<\/p>\n\n<table id=\"tablepress-47\" class=\"tablepress tablepress-id-47 tbody-has-connected-cells\">\n<thead>\n<tr class=\"row-1\">\n\t<th colspan=\"6\" class=\"column-1\">Fechas de Inicio 2026<\/th>\n<\/tr>\n<\/thead>\n<tbody class=\"row-striping row-hover\">\n<tr class=\"row-2\">\n\t<td class=\"column-1\">Enero<\/td><td class=\"column-2\">5, 19<\/td><td class=\"column-3\">Mayo<\/td><td class=\"column-4\">11, 25<\/td><td class=\"column-5\">Septiembre<\/td><td class=\"column-6\">14, 28<\/td>\n<\/tr>\n<tr class=\"row-3\">\n\t<td class=\"column-1\">Febrero<\/td><td class=\"column-2\">2, 16<\/td><td class=\"column-3\">Junio<\/td><td class=\"column-4\">8, 22<\/td><td class=\"column-5\">Octubre<\/td><td class=\"column-6\">12, 26<\/td>\n<\/tr>\n<tr class=\"row-4\">\n\t<td class=\"column-1\">Marzo<\/td><td class=\"column-2\">2, 16, 30<\/td><td class=\"column-3\">Julio<\/td><td class=\"column-4\">6, 20<\/td><td class=\"column-5\">Noviembre<\/td><td class=\"column-6\">9, 23<\/td>\n<\/tr>\n<tr class=\"row-5\">\n\t<td class=\"column-1\">Abril<\/td><td class=\"column-2\">13, 27<\/td><td class=\"column-3\">Agosto<\/td><td class=\"column-4\">3, 17, 31<\/td><td class=\"column-5\">Diciembre<\/td><td class=\"column-6\">7<\/td>\n<\/tr>\n<tr class=\"row-6\">\n\t<td colspan=\"6\" class=\"column-1\">La escuela permanecer\u00e0 cerrada durante las fiestas nacionales: Epifan\u00eda (06\/01), Lunes de Pascua, D\u00eda de la Liberaci\u00f3n (25\/04), D\u00eda del Trabajo (01\/05), D\u00eda de la Republica (02\/06), 24\/06, Ferragosto (15\/08), Todos los Santos (01\/11), Inmaculada Concepci\u00f3n (8\/12), vacaciones de Navidad y A\u00f1o Nuevo.<\/td>\n<\/tr>\n<\/tbody>\n<\/table>\n<!-- #tablepress-47 from cache -->\n<p>&nbsp;<\/p>\n<p>&nbsp;<\/p>\n<div class=\"one_half\">\n<iframe title=\"YouTube video player\" src=\"https:\/\/www.youtube.com\/embed\/Fl4GbZRdpj4?si=Z0U0LfvTU_WLp0gD\" width=\"560\" height=\"315\" frameborder=\"0\" allowfullscreen=\"allowfullscreen\" referrerpolicy=\"strict-origin-when-cross-origin\" allow=\"accelerometer; autoplay; clipboard-write; encrypted-media; gyroscope; picture-in-picture; web-share\"><\/iframe><br \/>\n&nbsp;<\/p>\n<p>&nbsp;<\/p>\n<div class=\"aiosrs-rating-wrap\" data-schema-id=\"90691\">\n<div class=\"aiosrs-rating-summary-wrap\"><\/div>\n<\/div>\n","protected":false},"excerpt":{"rendered":"<p>Nuestros cursos de restauraci\u00f3n no se imparten en una escuela, sino en el taller del restaurador. El curso est\u00e1 disponible para estudiantes principiantes o avanzados.<\/p>\n<p>Los cursos individuales de restauraci\u00f3n de cuadros en Florencia pueden realizarse en 24, 48, 72 o 96 horas. Puedes distribuir estas horas en las semanas que desees.<\/p>\n<p><strong>El programa b\u00e1sico incluye:<\/strong><\/p>\n<p>\u2022 Aspectos del concepto de restauraci\u00f3n<\/p>\n<p>\u2022 Estudio de la pintura<\/p>\n<p>\u2022 Pr\u00e1cticas en la preparaci\u00f3n de los soportes de acuerdo con las t\u00e9cnicas tradicionales (lona y tabla)<\/p>\n<p>\u2022 T\u00e9cnicas de fijaci\u00f3n<\/p>\n<p>\u2022 T\u00e9cnicas de entelado<\/p>\n<p>\u2022 T\u00e9cnicas de integraci\u00f3n pict\u00f3rica<\/p>\n<p>Los cursos individuales y se imparten en italiano. Tambi\u00e9n puedes solicitar un servicio de interpretaci\u00f3n.<\/p>\n<p>Al final del curso los estudiantes recibir\u00e1n un certificado de participaci\u00f3n.<\/p>\n","protected":false},"featured_media":118850,"comment_status":"open","ping_status":"closed","template":"","meta":{"_acf_changed":false,"_uag_custom_page_level_css":"","_kad_blocks_custom_css":"","_kad_blocks_head_custom_js":"","_kad_blocks_body_custom_js":"","_kad_blocks_footer_custom_js":"","site-sidebar-layout":"default","site-content-layout":"default","ast-site-content-layout":"default","site-content-style":"default","site-sidebar-style":"default","ast-global-header-display":"","ast-banner-title-visibility":"","ast-main-header-display":"","ast-hfb-above-header-display":"","ast-hfb-below-header-display":"","ast-hfb-mobile-header-display":"","site-post-title":"","ast-breadcrumbs-content":"","ast-featured-img":"","footer-sml-layout":"","ast-disable-related-posts":"","theme-transparent-header-meta":"default","adv-header-id-meta":"","stick-header-meta":"default","header-above-stick-meta":"","header-main-stick-meta":"","header-below-stick-meta":"","astra-migrate-meta-layouts":"set","ast-page-background-enabled":"default","ast-page-background-meta":{"desktop":{"background-color":"var(--ast-global-color-4)","background-image":"","background-repeat":"repeat","background-position":"center center","background-size":"auto","background-attachment":"scroll","background-type":"","background-media":"","overlay-type":"","overlay-color":"","overlay-opacity":"","overlay-gradient":""},"tablet":{"background-color":"","background-image":"","background-repeat":"repeat","background-position":"center center","background-size":"auto","background-attachment":"scroll","background-type":"","background-media":"","overlay-type":"","overlay-color":"","overlay-opacity":"","overlay-gradient":""},"mobile":{"background-color":"","background-image":"","background-repeat":"repeat","background-position":"center center","background-size":"auto","background-attachment":"scroll","background-type":"","background-media":"","overlay-type":"","overlay-color":"","overlay-opacity":"","overlay-gradient":""}},"ast-content-background-meta":{"desktop":{"background-color":"var(--ast-global-color-5)","background-image":"","background-repeat":"repeat","background-position":"center center","background-size":"auto","background-attachment":"scroll","background-type":"","background-media":"","overlay-type":"","overlay-color":"","overlay-opacity":"","overlay-gradient":""},"tablet":{"background-color":"var(--ast-global-color-5)","background-image":"","background-repeat":"repeat","background-position":"center center","background-size":"auto","background-attachment":"scroll","background-type":"","background-media":"","overlay-type":"","overlay-color":"","overlay-opacity":"","overlay-gradient":""},"mobile":{"background-color":"var(--ast-global-color-5)","background-image":"","background-repeat":"repeat","background-position":"center center","background-size":"auto","background-attachment":"scroll","background-type":"","background-media":"","overlay-type":"","overlay-color":"","overlay-opacity":"","overlay-gradient":""}}},"section":[],"product_brand":[],"product_cat":[1342,1272],"product_tag":[1847],"class_list":{"0":"post-188847","1":"product","2":"type-product","3":"status-publish","4":"has-post-thumbnail","6":"product_cat-cursos-de-restauracion","7":"product_cat-cursos-en-florencia","8":"product_tag-cursos-en-florencia","9":"desktop-align-left","10":"tablet-align-left","11":"mobile-align-left","12":"ast-product-gallery-layout-horizontal-slider","13":"ast-product-gallery-with-no-image","14":"ast-product-single-variable","15":"ast-product-tabs-layout-horizontal","16":"ast-qv-on-image-click","18":"first","19":"instock","20":"sold-individually","21":"shipping-taxable","22":"purchasable","23":"product-type-variable"},"acf":[],"taxonomy_info":{"product_cat":[{"value":1342,"label":"Cursos de restauraci\u00f3n"},{"value":1272,"label":"Cursos en Florencia"}],"product_tag":[{"value":1847,"label":"Cursos en Florencia"}]},"featured_image_src_large":["https:\/\/www.studiainitalia.com\/wp-content\/uploads\/2016\/11\/painting-restoration-florence-e1490028777116.jpg",350,352,false],"author_info":[],"comment_info":8,"uagb_featured_image_src":{"full":["https:\/\/www.studiainitalia.com\/wp-content\/uploads\/2016\/11\/painting-restoration-florence-e1490028777116.jpg",350,352,false],"thumbnail":["https:\/\/www.studiainitalia.com\/wp-content\/uploads\/2016\/11\/painting-restoration-florence-150x150.jpg",96,96,true],"medium":["https:\/\/www.studiainitalia.com\/wp-content\/uploads\/2016\/11\/painting-restoration-florence-300x300.jpg",300,300,true],"medium_large":["https:\/\/www.studiainitalia.com\/wp-content\/uploads\/2016\/11\/painting-restoration-florence-e1490028777116.jpg",350,352,false],"large":["https:\/\/www.studiainitalia.com\/wp-content\/uploads\/2016\/11\/painting-restoration-florence-e1490028777116.jpg",350,352,false],"1536x1536":["https:\/\/www.studiainitalia.com\/wp-content\/uploads\/2016\/11\/painting-restoration-florence-e1490028777116.jpg",350,352,false],"2048x2048":["https:\/\/www.studiainitalia.com\/wp-content\/uploads\/2016\/11\/painting-restoration-florence-e1490028777116.jpg",350,352,false],"ultp_layout_landscape_large":["https:\/\/www.studiainitalia.com\/wp-content\/uploads\/2016\/11\/painting-restoration-florence-e1490028777116.jpg",350,352,false],"ultp_layout_landscape":["https:\/\/www.studiainitalia.com\/wp-content\/uploads\/2016\/11\/painting-restoration-florence-e1490028777116.jpg",350,352,false],"ultp_layout_portrait":["https:\/\/www.studiainitalia.com\/wp-content\/uploads\/2016\/11\/painting-restoration-florence-e1490028777116.jpg",350,352,false],"ultp_layout_square":["https:\/\/www.studiainitalia.com\/wp-content\/uploads\/2016\/11\/painting-restoration-florence-e1490028777116.jpg",350,352,false],"gform-image-choice-sm":["https:\/\/www.studiainitalia.com\/wp-content\/uploads\/2016\/11\/painting-restoration-florence-e1490028777116.jpg",298,300,false],"gform-image-choice-md":["https:\/\/www.studiainitalia.com\/wp-content\/uploads\/2016\/11\/painting-restoration-florence-e1490028777116.jpg",350,352,false],"gform-image-choice-lg":["https:\/\/www.studiainitalia.com\/wp-content\/uploads\/2016\/11\/painting-restoration-florence-e1490028777116.jpg",350,352,false],"woocommerce_thumbnail":["https:\/\/www.studiainitalia.com\/wp-content\/uploads\/2016\/11\/painting-restoration-florence-e1490028777116-300x300.jpg",300,300,true],"woocommerce_single":["https:\/\/www.studiainitalia.com\/wp-content\/uploads\/2016\/11\/painting-restoration-florence-e1490028777116.jpg",350,352,false],"woocommerce_gallery_thumbnail":["https:\/\/www.studiainitalia.com\/wp-content\/uploads\/2016\/11\/painting-restoration-florence-e1490028777116-100x100.jpg",100,100,true],"yarpp-thumbnail":["https:\/\/www.studiainitalia.com\/wp-content\/uploads\/2016\/11\/painting-restoration-florence-e1490028777116.jpg",120,120,false]},"uagb_author_info":{"display_name":"Javier Diaz","author_link":"https:\/\/www.studiainitalia.com\/es\/author\/"},"uagb_comment_info":8,"uagb_excerpt":"Nuestros cursos de restauraci\u00f3n no se imparten en una escuela, sino en el taller del restaurador. El curso est\u00e1 disponible para estudiantes principiantes o avanzados. Los cursos individuales de restauraci\u00f3n de cuadros en Florencia pueden realizarse en 24, 48, 72 o 96 horas. Puedes distribuir estas horas en las semanas que desees. El programa b\u00e1sico&hellip;","_links":{"self":[{"href":"https:\/\/www.studiainitalia.com\/es\/wp-json\/wp\/v2\/product\/188847","targetHints":{"allow":["GET"]}}],"collection":[{"href":"https:\/\/www.studiainitalia.com\/es\/wp-json\/wp\/v2\/product"}],"about":[{"href":"https:\/\/www.studiainitalia.com\/es\/wp-json\/wp\/v2\/types\/product"}],"replies":[{"embeddable":true,"href":"https:\/\/www.studiainitalia.com\/es\/wp-json\/wp\/v2\/comments?post=188847"}],"wp:featuredmedia":[{"embeddable":true,"href":"https:\/\/www.studiainitalia.com\/es\/wp-json\/wp\/v2\/media\/118850"}],"wp:attachment":[{"href":"https:\/\/www.studiainitalia.com\/es\/wp-json\/wp\/v2\/media?parent=188847"}],"wp:term":[{"taxonomy":"section","embeddable":true,"href":"https:\/\/www.studiainitalia.com\/es\/wp-json\/wp\/v2\/section?post=188847"},{"taxonomy":"product_brand","embeddable":true,"href":"https:\/\/www.studiainitalia.com\/es\/wp-json\/wp\/v2\/product_brand?post=188847"},{"taxonomy":"product_cat","embeddable":true,"href":"https:\/\/www.studiainitalia.com\/es\/wp-json\/wp\/v2\/product_cat?post=188847"},{"taxonomy":"product_tag","embeddable":true,"href":"https:\/\/www.studiainitalia.com\/es\/wp-json\/wp\/v2\/product_tag?post=188847"}],"curies":[{"name":"wp","href":"https:\/\/api.w.org\/{rel}","templated":true}]}}