{"id":188849,"date":"2016-11-12T16:43:29","date_gmt":"2016-11-12T15:43:29","guid":{"rendered":"https:\/\/www.studiainitalia.com\/courses\/sin%20categor\u00eda\/curso-de-marroquineria-en-florencia\/"},"modified":"2025-12-19T21:49:45","modified_gmt":"2025-12-19T20:49:45","slug":"curso-de-marroquineria-en-florencia","status":"publish","type":"product","link":"https:\/\/www.studiainitalia.com\/es\/cursos\/cursos-en-florencia\/curso-de-marroquineria-en-florencia\/","title":{"rendered":"Curso de marroquiner\u00eda en Florencia"},"content":{"rendered":"<h2>Curso de marroquiner\u00eda<\/h2>\n<p>&nbsp;<\/p>\n<p>Nuestro curso de marroquiner\u00eda se desarrolla en un taller artesanal. La \u201c<strong>bottega<\/strong>\u201d se encuentra en Florencia, cerca del Ponte Vecchio.<\/p>\n<p>&nbsp;<\/p>\n<p>El curso est\u00e1 disponible todo el a\u00f1o por cualquier per\u00edodo de tiempo. No se lleva a cabo en una escuela, sino en el taller del artesano, por lo que aprender\u00e1s muy r\u00e1pido y de forma personalizada.<\/p>\n<p>&nbsp;<\/p>\n<p>Todos los art\u00edculos realizados durante el curso te pertenecer\u00e1n, patrones incluidos.<\/p>\n<p>&nbsp;<\/p>\n<p>Florencia es el destino perfecto para aprender m\u00e1s sobre el cuero. No puedes perderte una visita a los talleres de artesan\u00eda del cuero en el centro de la ciudad.<\/p>\n<h3><\/h3>\n<p>&nbsp;<\/p>\n<p>&nbsp;<\/p>\n\n<table id=\"tablepress-84\" class=\"tablepress tablepress-id-84 tbody-has-connected-cells\">\n<thead>\n<tr class=\"row-1\">\n\t<th colspan=\"6\" class=\"column-1\">Fechas de Inicio <\/th>\n<\/tr>\n<\/thead>\n<tbody class=\"row-striping row-hover\">\n<tr class=\"row-2\">\n\t<td class=\"column-1\">Enero<\/td><td class=\"column-2\">bajo peticion<\/td><td class=\"column-3\">Mayo<\/td><td class=\"column-4\">bajo peticion<\/td><td class=\"column-5\">Septiembre<\/td><td class=\"column-6\">bajo peticion<\/td>\n<\/tr>\n<tr class=\"row-3\">\n\t<td class=\"column-1\">Febrero<\/td><td class=\"column-2\">bajo peticion<\/td><td class=\"column-3\">Junio<\/td><td class=\"column-4\">bajo peticion<\/td><td class=\"column-5\">Octobre<\/td><td class=\"column-6\">bajo peticion<\/td>\n<\/tr>\n<tr class=\"row-4\">\n\t<td class=\"column-1\">Marzo<\/td><td class=\"column-2\">bajo peticion<\/td><td class=\"column-3\">Julio<\/td><td class=\"column-4\">bajo peticion<\/td><td class=\"column-5\">Noviembre<\/td><td class=\"column-6\">bajo peticion<\/td>\n<\/tr>\n<tr class=\"row-5\">\n\t<td class=\"column-1\">Abril<\/td><td class=\"column-2\">bajo peticion<\/td><td class=\"column-3\">Agosto<\/td><td class=\"column-4\"><\/td><td class=\"column-5\">Diciembre<\/td><td class=\"column-6\">bajo peticion<\/td>\n<\/tr>\n<tr class=\"row-6\">\n\t<td colspan=\"6\" class=\"column-1\">La escuela permanecer\u00e1 cerrada durante las fiestas nacionales: Epifan\u00eda (06\/01), Lunes de Pascua, D\u00eda de la Liberaci\u00f3n (25\/04), D\u00eda del Trabajo (01\/05), D\u00eda de la Republica (02\/06), Ferragosto (15\/08), Todos los Santos (01\/11), Inmaculada Concepci\u00f3n (8\/12), vacaciones de Navidad y A\u00f1o Nuevo.<\/td>\n<\/tr>\n<\/tbody>\n<\/table>\n<!-- #tablepress-84 from cache -->\n","protected":false},"excerpt":{"rendered":"<h2><strong>\u00a1Aprende marroquiner\u00eda italiana!<\/strong><\/h2>\n<p>&nbsp;<\/p>\n<p>Las clases de marroquiner\u00eda en Florencia pueden realizarse en dos semanas.<\/p>\n<p>El curso es individual y se imparte en italiano o en ingl\u00e9s. Al ser clases individuales es posible solicitar un programa a medida.<\/p>\n<p>Son cursos totalmente pr\u00e1cticos, codo a codo con nuestros artesanos, maestros capaces de conservar la tradici\u00f3n artesana italiana.<\/p>\n<p>El programa incluye:<\/p>\n<p>\u2022 clases sobre tipos y calidades de las pieles<\/p>\n<p>\u2022 corte y costura de las pieles<\/p>\n<p>\u2022 realizaci\u00f3n completa de un bolso<\/p>\n<p>Al final del curso los estudiantes recibir\u00e1n un certificado de participaci\u00f3n y todos los modelos realizados son de propiedad del estudiante.<\/p>\n","protected":false},"featured_media":121184,"comment_status":"open","ping_status":"closed","template":"","meta":{"_acf_changed":false,"_uag_custom_page_level_css":"","_kad_blocks_custom_css":"","_kad_blocks_head_custom_js":"","_kad_blocks_body_custom_js":"","_kad_blocks_footer_custom_js":"","site-sidebar-layout":"default","site-content-layout":"default","ast-site-content-layout":"default","site-content-style":"default","site-sidebar-style":"default","ast-global-header-display":"","ast-banner-title-visibility":"","ast-main-header-display":"","ast-hfb-above-header-display":"","ast-hfb-below-header-display":"","ast-hfb-mobile-header-display":"","site-post-title":"","ast-breadcrumbs-content":"","ast-featured-img":"","footer-sml-layout":"","ast-disable-related-posts":"","theme-transparent-header-meta":"default","adv-header-id-meta":"","stick-header-meta":"default","header-above-stick-meta":"","header-main-stick-meta":"","header-below-stick-meta":"","astra-migrate-meta-layouts":"set","ast-page-background-enabled":"default","ast-page-background-meta":{"desktop":{"background-color":"var(--ast-global-color-4)","background-image":"","background-repeat":"repeat","background-position":"center center","background-size":"auto","background-attachment":"scroll","background-type":"","background-media":"","overlay-type":"","overlay-color":"","overlay-opacity":"","overlay-gradient":""},"tablet":{"background-color":"","background-image":"","background-repeat":"repeat","background-position":"center center","background-size":"auto","background-attachment":"scroll","background-type":"","background-media":"","overlay-type":"","overlay-color":"","overlay-opacity":"","overlay-gradient":""},"mobile":{"background-color":"","background-image":"","background-repeat":"repeat","background-position":"center center","background-size":"auto","background-attachment":"scroll","background-type":"","background-media":"","overlay-type":"","overlay-color":"","overlay-opacity":"","overlay-gradient":""}},"ast-content-background-meta":{"desktop":{"background-color":"var(--ast-global-color-5)","background-image":"","background-repeat":"repeat","background-position":"center center","background-size":"auto","background-attachment":"scroll","background-type":"","background-media":"","overlay-type":"","overlay-color":"","overlay-opacity":"","overlay-gradient":""},"tablet":{"background-color":"var(--ast-global-color-5)","background-image":"","background-repeat":"repeat","background-position":"center center","background-size":"auto","background-attachment":"scroll","background-type":"","background-media":"","overlay-type":"","overlay-color":"","overlay-opacity":"","overlay-gradient":""},"mobile":{"background-color":"var(--ast-global-color-5)","background-image":"","background-repeat":"repeat","background-position":"center center","background-size":"auto","background-attachment":"scroll","background-type":"","background-media":"","overlay-type":"","overlay-color":"","overlay-opacity":"","overlay-gradient":""}}},"section":[],"product_brand":[],"product_cat":[1332,1272],"product_tag":[1847],"class_list":{"0":"post-188849","1":"product","2":"type-product","3":"status-publish","4":"has-post-thumbnail","6":"product_cat-cursos-de-artesania","7":"product_cat-cursos-en-florencia","8":"product_tag-cursos-en-florencia","9":"desktop-align-left","10":"tablet-align-left","11":"mobile-align-left","12":"ast-product-gallery-layout-horizontal-slider","13":"ast-product-gallery-with-no-image","14":"ast-product-single-variable","15":"ast-product-tabs-layout-horizontal","16":"ast-qv-on-image-click","18":"first","19":"instock","20":"sold-individually","21":"shipping-taxable","22":"purchasable","23":"product-type-variable"},"acf":[],"taxonomy_info":{"product_cat":[{"value":1332,"label":"Cursos de artesan\u00eda"},{"value":1272,"label":"Cursos en Florencia"}],"product_tag":[{"value":1847,"label":"Cursos en Florencia"}]},"featured_image_src_large":["https:\/\/www.studiainitalia.com\/wp-content\/uploads\/2016\/11\/artigianato2.jpg",226,226,false],"author_info":[],"comment_info":10,"uagb_featured_image_src":{"full":["https:\/\/www.studiainitalia.com\/wp-content\/uploads\/2016\/11\/artigianato2.jpg",226,226,false],"thumbnail":["https:\/\/www.studiainitalia.com\/wp-content\/uploads\/2016\/11\/artigianato2-150x150.jpg",96,96,true],"medium":["https:\/\/www.studiainitalia.com\/wp-content\/uploads\/2016\/11\/artigianato2-300x300.jpg",300,300,true],"medium_large":["https:\/\/www.studiainitalia.com\/wp-content\/uploads\/2016\/11\/artigianato2.jpg",226,226,false],"large":["https:\/\/www.studiainitalia.com\/wp-content\/uploads\/2016\/11\/artigianato2.jpg",226,226,false],"1536x1536":["https:\/\/www.studiainitalia.com\/wp-content\/uploads\/2016\/11\/artigianato2.jpg",226,226,false],"2048x2048":["https:\/\/www.studiainitalia.com\/wp-content\/uploads\/2016\/11\/artigianato2.jpg",226,226,false],"ultp_layout_landscape_large":["https:\/\/www.studiainitalia.com\/wp-content\/uploads\/2016\/11\/artigianato2.jpg",226,226,false],"ultp_layout_landscape":["https:\/\/www.studiainitalia.com\/wp-content\/uploads\/2016\/11\/artigianato2.jpg",226,226,false],"ultp_layout_portrait":["https:\/\/www.studiainitalia.com\/wp-content\/uploads\/2016\/11\/artigianato2.jpg",226,226,false],"ultp_layout_square":["https:\/\/www.studiainitalia.com\/wp-content\/uploads\/2016\/11\/artigianato2.jpg",226,226,false],"gform-image-choice-sm":["https:\/\/www.studiainitalia.com\/wp-content\/uploads\/2016\/11\/artigianato2.jpg",226,226,false],"gform-image-choice-md":["https:\/\/www.studiainitalia.com\/wp-content\/uploads\/2016\/11\/artigianato2.jpg",226,226,false],"gform-image-choice-lg":["https:\/\/www.studiainitalia.com\/wp-content\/uploads\/2016\/11\/artigianato2.jpg",226,226,false],"woocommerce_thumbnail":["https:\/\/www.studiainitalia.com\/wp-content\/uploads\/2016\/11\/artigianato2.jpg",226,226,false],"woocommerce_single":["https:\/\/www.studiainitalia.com\/wp-content\/uploads\/2016\/11\/artigianato2.jpg",226,226,false],"woocommerce_gallery_thumbnail":["https:\/\/www.studiainitalia.com\/wp-content\/uploads\/2016\/11\/artigianato2-100x100.jpg",100,100,true],"yarpp-thumbnail":["https:\/\/www.studiainitalia.com\/wp-content\/uploads\/2016\/11\/artigianato2.jpg",120,120,false]},"uagb_author_info":{"display_name":"Javier Diaz","author_link":"https:\/\/www.studiainitalia.com\/es\/author\/"},"uagb_comment_info":10,"uagb_excerpt":"\u00a1Aprende marroquiner\u00eda italiana! &nbsp; Las clases de marroquiner\u00eda en Florencia pueden realizarse en dos semanas. El curso es individual y se imparte en italiano o en ingl\u00e9s. Al ser clases individuales es posible solicitar un programa a medida. Son cursos totalmente pr\u00e1cticos, codo a codo con nuestros artesanos, maestros capaces de conservar la tradici\u00f3n artesana&hellip;","_links":{"self":[{"href":"https:\/\/www.studiainitalia.com\/es\/wp-json\/wp\/v2\/product\/188849","targetHints":{"allow":["GET"]}}],"collection":[{"href":"https:\/\/www.studiainitalia.com\/es\/wp-json\/wp\/v2\/product"}],"about":[{"href":"https:\/\/www.studiainitalia.com\/es\/wp-json\/wp\/v2\/types\/product"}],"replies":[{"embeddable":true,"href":"https:\/\/www.studiainitalia.com\/es\/wp-json\/wp\/v2\/comments?post=188849"}],"wp:featuredmedia":[{"embeddable":true,"href":"https:\/\/www.studiainitalia.com\/es\/wp-json\/wp\/v2\/media\/121184"}],"wp:attachment":[{"href":"https:\/\/www.studiainitalia.com\/es\/wp-json\/wp\/v2\/media?parent=188849"}],"wp:term":[{"taxonomy":"section","embeddable":true,"href":"https:\/\/www.studiainitalia.com\/es\/wp-json\/wp\/v2\/section?post=188849"},{"taxonomy":"product_brand","embeddable":true,"href":"https:\/\/www.studiainitalia.com\/es\/wp-json\/wp\/v2\/product_brand?post=188849"},{"taxonomy":"product_cat","embeddable":true,"href":"https:\/\/www.studiainitalia.com\/es\/wp-json\/wp\/v2\/product_cat?post=188849"},{"taxonomy":"product_tag","embeddable":true,"href":"https:\/\/www.studiainitalia.com\/es\/wp-json\/wp\/v2\/product_tag?post=188849"}],"curies":[{"name":"wp","href":"https:\/\/api.w.org\/{rel}","templated":true}]}}