{"id":188893,"date":"2016-11-12T18:50:23","date_gmt":"2016-11-12T17:50:23","guid":{"rendered":"https:\/\/www.studiainitalia.com\/courses\/sin%20categor\u00eda\/curso-de-escaparatismo-en-florencia\/"},"modified":"2025-12-19T22:32:15","modified_gmt":"2025-12-19T21:32:15","slug":"curso-de-escaparatismo-en-florencia","status":"publish","type":"product","link":"https:\/\/www.studiainitalia.com\/es\/cursos\/cursos-en-florencia\/curso-de-escaparatismo-en-florencia\/","title":{"rendered":"Curso de escaparatismo en Florencia"},"content":{"rendered":"<h2><strong>Curso de escaparatismo en Florencia<\/strong><\/h2>\n<p>&nbsp;<\/p>\n<p>Nuestro estudio de escaparatismo se encuentra en una zona bien comunicada con el centro de Florencia.<\/p>\n<p>Estudiar\u00e1s las t\u00e9cnicas que conciernen: la exposici\u00f3n y el ajuste de la iluminaci\u00f3n pero tambi\u00e9n los gr\u00e1ficos de un escaparate, en relaci\u00f3n con el producto.<\/p>\n<p>&nbsp;<\/p>\n<p>Aprender\u00e1s a crear con los sentidos que captan la atenci\u00f3n del cliente. Una vez que hayas realizado tu propio proyecto, ser\u00e1 posible ponerlo en pr\u00e1ctica y montar un escaparate.<\/p>\n<p>&nbsp;<\/p>\n\n<table id=\"tablepress-47\" class=\"tablepress tablepress-id-47 tbody-has-connected-cells\">\n<thead>\n<tr class=\"row-1\">\n\t<th colspan=\"6\" class=\"column-1\">Fechas de Inicio 2026<\/th>\n<\/tr>\n<\/thead>\n<tbody class=\"row-striping row-hover\">\n<tr class=\"row-2\">\n\t<td class=\"column-1\">Enero<\/td><td class=\"column-2\">5, 19<\/td><td class=\"column-3\">Mayo<\/td><td class=\"column-4\">11, 25<\/td><td class=\"column-5\">Septiembre<\/td><td class=\"column-6\">14, 28<\/td>\n<\/tr>\n<tr class=\"row-3\">\n\t<td class=\"column-1\">Febrero<\/td><td class=\"column-2\">2, 16<\/td><td class=\"column-3\">Junio<\/td><td class=\"column-4\">8, 22<\/td><td class=\"column-5\">Octubre<\/td><td class=\"column-6\">12, 26<\/td>\n<\/tr>\n<tr class=\"row-4\">\n\t<td class=\"column-1\">Marzo<\/td><td class=\"column-2\">2, 16, 30<\/td><td class=\"column-3\">Julio<\/td><td class=\"column-4\">6, 20<\/td><td class=\"column-5\">Noviembre<\/td><td class=\"column-6\">9, 23<\/td>\n<\/tr>\n<tr class=\"row-5\">\n\t<td class=\"column-1\">Abril<\/td><td class=\"column-2\">13, 27<\/td><td class=\"column-3\">Agosto<\/td><td class=\"column-4\">3, 17, 31<\/td><td class=\"column-5\">Diciembre<\/td><td class=\"column-6\">7<\/td>\n<\/tr>\n<tr class=\"row-6\">\n\t<td colspan=\"6\" class=\"column-1\">La escuela permanecer\u00e0 cerrada durante las fiestas nacionales: Epifan\u00eda (06\/01), Lunes de Pascua, D\u00eda de la Liberaci\u00f3n (25\/04), D\u00eda del Trabajo (01\/05), D\u00eda de la Republica (02\/06), 24\/06, Ferragosto (15\/08), Todos los Santos (01\/11), Inmaculada Concepci\u00f3n (8\/12), vacaciones de Navidad y A\u00f1o Nuevo.<\/td>\n<\/tr>\n<\/tbody>\n<\/table>\n<!-- #tablepress-47 from cache -->\n<p>&nbsp;<\/p>\n","protected":false},"excerpt":{"rendered":"<h2><strong>\u00bfEst\u00e1s buscando nuevas ideas para decorar tus escaparates? \u00bfO quieres empezar una nueva carrera profesional?<\/strong><\/h2>\n<p>&nbsp;<\/p>\n<p>Los cursos de escaparatismo en Florencia pueden realizarse en 1, 2 \u00f3 m\u00e1s semanas durante todo el a\u00f1o.<\/p>\n<p>El curso es exclusivamente individual, impartido por un escaparatista profesional. El programa es a medida.<\/p>\n<p>El programa b\u00e1sico se centra en:<\/p>\n<p>\u2022 proyectar un escaparate<\/p>\n<p>\u2022 preparar maquetas escenogr\u00e1ficas y en escala, tratando las t\u00e9cnicas b\u00e1sicas<\/p>\n<p>\u2022 el estudio de la iluminaci\u00f3n<\/p>\n<p>\u2022 las t\u00e9cnicas de representaci\u00f3n y la tecnolog\u00eda de los materiales.<\/p>\n<p>Al final del curso los estudiantes recibir\u00e1n un certificado de participaci\u00f3n.<\/p>\n<p>Tambi\u00e9n es posible trabajar codo a codo con el escaparatista y realizar escaparates de tiendas en Florencia.<\/p>\n","protected":false},"featured_media":118874,"comment_status":"open","ping_status":"closed","template":"","meta":{"_acf_changed":false,"_uag_custom_page_level_css":"","_kad_blocks_custom_css":"","_kad_blocks_head_custom_js":"","_kad_blocks_body_custom_js":"","_kad_blocks_footer_custom_js":"","site-sidebar-layout":"default","site-content-layout":"default","ast-site-content-layout":"default","site-content-style":"default","site-sidebar-style":"default","ast-global-header-display":"","ast-banner-title-visibility":"","ast-main-header-display":"","ast-hfb-above-header-display":"","ast-hfb-below-header-display":"","ast-hfb-mobile-header-display":"","site-post-title":"","ast-breadcrumbs-content":"","ast-featured-img":"","footer-sml-layout":"","ast-disable-related-posts":"","theme-transparent-header-meta":"default","adv-header-id-meta":"","stick-header-meta":"default","header-above-stick-meta":"","header-main-stick-meta":"","header-below-stick-meta":"","astra-migrate-meta-layouts":"set","ast-page-background-enabled":"default","ast-page-background-meta":{"desktop":{"background-color":"var(--ast-global-color-4)","background-image":"","background-repeat":"repeat","background-position":"center center","background-size":"auto","background-attachment":"scroll","background-type":"","background-media":"","overlay-type":"","overlay-color":"","overlay-opacity":"","overlay-gradient":""},"tablet":{"background-color":"","background-image":"","background-repeat":"repeat","background-position":"center center","background-size":"auto","background-attachment":"scroll","background-type":"","background-media":"","overlay-type":"","overlay-color":"","overlay-opacity":"","overlay-gradient":""},"mobile":{"background-color":"","background-image":"","background-repeat":"repeat","background-position":"center center","background-size":"auto","background-attachment":"scroll","background-type":"","background-media":"","overlay-type":"","overlay-color":"","overlay-opacity":"","overlay-gradient":""}},"ast-content-background-meta":{"desktop":{"background-color":"var(--ast-global-color-5)","background-image":"","background-repeat":"repeat","background-position":"center center","background-size":"auto","background-attachment":"scroll","background-type":"","background-media":"","overlay-type":"","overlay-color":"","overlay-opacity":"","overlay-gradient":""},"tablet":{"background-color":"var(--ast-global-color-5)","background-image":"","background-repeat":"repeat","background-position":"center center","background-size":"auto","background-attachment":"scroll","background-type":"","background-media":"","overlay-type":"","overlay-color":"","overlay-opacity":"","overlay-gradient":""},"mobile":{"background-color":"var(--ast-global-color-5)","background-image":"","background-repeat":"repeat","background-position":"center center","background-size":"auto","background-attachment":"scroll","background-type":"","background-media":"","overlay-type":"","overlay-color":"","overlay-opacity":"","overlay-gradient":""}}},"section":[],"product_brand":[],"product_cat":[1348,1272],"product_tag":[1892],"class_list":{"0":"post-188893","1":"product","2":"type-product","3":"status-publish","4":"has-post-thumbnail","6":"product_cat-cursos-de-moda-y-diseno","7":"product_cat-cursos-en-florencia","8":"product_tag-fashion-es","9":"desktop-align-left","10":"tablet-align-left","11":"mobile-align-left","12":"ast-product-gallery-layout-horizontal-slider","13":"ast-product-gallery-with-no-image","14":"ast-product-single-variable","15":"ast-product-tabs-layout-horizontal","16":"ast-qv-on-image-click","18":"first","19":"instock","20":"sold-individually","21":"shipping-taxable","22":"purchasable","23":"product-type-variable"},"acf":[],"taxonomy_info":{"product_cat":[{"value":1348,"label":"Cursos de moda y dise\u00f1o"},{"value":1272,"label":"Cursos en Florencia"}],"product_tag":[{"value":1892,"label":"Moda"}]},"featured_image_src_large":["https:\/\/www.studiainitalia.com\/wp-content\/uploads\/2016\/11\/window-dressing-florence.jpg",432,431,false],"author_info":[],"comment_info":1,"uagb_featured_image_src":{"full":["https:\/\/www.studiainitalia.com\/wp-content\/uploads\/2016\/11\/window-dressing-florence.jpg",432,431,false],"thumbnail":["https:\/\/www.studiainitalia.com\/wp-content\/uploads\/2016\/11\/window-dressing-florence-150x150.jpg",96,96,true],"medium":["https:\/\/www.studiainitalia.com\/wp-content\/uploads\/2016\/11\/window-dressing-florence-300x300.jpg",300,300,true],"medium_large":["https:\/\/www.studiainitalia.com\/wp-content\/uploads\/2016\/11\/window-dressing-florence.jpg",432,431,false],"large":["https:\/\/www.studiainitalia.com\/wp-content\/uploads\/2016\/11\/window-dressing-florence.jpg",432,431,false],"1536x1536":["https:\/\/www.studiainitalia.com\/wp-content\/uploads\/2016\/11\/window-dressing-florence.jpg",432,431,false],"2048x2048":["https:\/\/www.studiainitalia.com\/wp-content\/uploads\/2016\/11\/window-dressing-florence.jpg",432,431,false],"ultp_layout_landscape_large":["https:\/\/www.studiainitalia.com\/wp-content\/uploads\/2016\/11\/window-dressing-florence.jpg",432,431,false],"ultp_layout_landscape":["https:\/\/www.studiainitalia.com\/wp-content\/uploads\/2016\/11\/window-dressing-florence.jpg",432,431,false],"ultp_layout_portrait":["https:\/\/www.studiainitalia.com\/wp-content\/uploads\/2016\/11\/window-dressing-florence.jpg",432,431,false],"ultp_layout_square":["https:\/\/www.studiainitalia.com\/wp-content\/uploads\/2016\/11\/window-dressing-florence.jpg",432,431,false],"gform-image-choice-sm":["https:\/\/www.studiainitalia.com\/wp-content\/uploads\/2016\/11\/window-dressing-florence.jpg",300,300,false],"gform-image-choice-md":["https:\/\/www.studiainitalia.com\/wp-content\/uploads\/2016\/11\/window-dressing-florence.jpg",400,400,false],"gform-image-choice-lg":["https:\/\/www.studiainitalia.com\/wp-content\/uploads\/2016\/11\/window-dressing-florence.jpg",432,431,false],"woocommerce_thumbnail":["https:\/\/www.studiainitalia.com\/wp-content\/uploads\/2016\/11\/window-dressing-florence-300x300.jpg",300,300,true],"woocommerce_single":["https:\/\/www.studiainitalia.com\/wp-content\/uploads\/2016\/11\/window-dressing-florence-400x399.jpg",400,399,true],"woocommerce_gallery_thumbnail":["https:\/\/www.studiainitalia.com\/wp-content\/uploads\/2016\/11\/window-dressing-florence-100x100.jpg",100,100,true],"yarpp-thumbnail":["https:\/\/www.studiainitalia.com\/wp-content\/uploads\/2016\/11\/window-dressing-florence.jpg",120,120,false]},"uagb_author_info":{"display_name":"Javier Diaz","author_link":"https:\/\/www.studiainitalia.com\/es\/author\/"},"uagb_comment_info":1,"uagb_excerpt":"\u00bfEst\u00e1s buscando nuevas ideas para decorar tus escaparates? \u00bfO quieres empezar una nueva carrera profesional? &nbsp; Los cursos de escaparatismo en Florencia pueden realizarse en 1, 2 \u00f3 m\u00e1s semanas durante todo el a\u00f1o. El curso es exclusivamente individual, impartido por un escaparatista profesional. El programa es a medida. El programa b\u00e1sico se centra en:&hellip;","_links":{"self":[{"href":"https:\/\/www.studiainitalia.com\/es\/wp-json\/wp\/v2\/product\/188893","targetHints":{"allow":["GET"]}}],"collection":[{"href":"https:\/\/www.studiainitalia.com\/es\/wp-json\/wp\/v2\/product"}],"about":[{"href":"https:\/\/www.studiainitalia.com\/es\/wp-json\/wp\/v2\/types\/product"}],"replies":[{"embeddable":true,"href":"https:\/\/www.studiainitalia.com\/es\/wp-json\/wp\/v2\/comments?post=188893"}],"wp:featuredmedia":[{"embeddable":true,"href":"https:\/\/www.studiainitalia.com\/es\/wp-json\/wp\/v2\/media\/118874"}],"wp:attachment":[{"href":"https:\/\/www.studiainitalia.com\/es\/wp-json\/wp\/v2\/media?parent=188893"}],"wp:term":[{"taxonomy":"section","embeddable":true,"href":"https:\/\/www.studiainitalia.com\/es\/wp-json\/wp\/v2\/section?post=188893"},{"taxonomy":"product_brand","embeddable":true,"href":"https:\/\/www.studiainitalia.com\/es\/wp-json\/wp\/v2\/product_brand?post=188893"},{"taxonomy":"product_cat","embeddable":true,"href":"https:\/\/www.studiainitalia.com\/es\/wp-json\/wp\/v2\/product_cat?post=188893"},{"taxonomy":"product_tag","embeddable":true,"href":"https:\/\/www.studiainitalia.com\/es\/wp-json\/wp\/v2\/product_tag?post=188893"}],"curies":[{"name":"wp","href":"https:\/\/api.w.org\/{rel}","templated":true}]}}