{"id":188899,"date":"2016-11-14T14:22:47","date_gmt":"2016-11-14T13:22:47","guid":{"rendered":"https:\/\/www.studiainitalia.com\/courses\/sin%20categor\u00eda\/curso-de-joyeria-en-florencia\/"},"modified":"2025-12-19T22:12:34","modified_gmt":"2025-12-19T21:12:34","slug":"curso-de-joyeria-en-florencia","status":"publish","type":"product","link":"https:\/\/www.studiainitalia.com\/es\/cursos\/cursos-en-florencia\/curso-de-joyeria-en-florencia\/","title":{"rendered":"Curso de joyer\u00eda en Florencia"},"content":{"rendered":"<h2>Curso de joyer\u00eda en Florencia<\/h2>\n<p>&nbsp;<\/p>\n<p>Nuestra escuela de joyer\u00eda en Florencia se encuentra en el centro hist\u00f3rico de la ciudad. Est\u00e1 a pocos pasos del Ponte Vecchio, en el barrio de Santo Spirito. Este barrio es famoso por sus joyeros y herreros, sus artesanos y sus artistas. Es considerada una de las mejores escuelas de joyer\u00eda en Italia.<\/p>\n<p>&nbsp;<\/p>\n<p>Est\u00e1 ubicada un edificio renacentista con un taller grande y bien equipado. Dispone de pupitres profesionales individuales, instrumentos para las distintas especialidades, m\u00e1quinas para realizar con completa precisi\u00f3n el ciclo de fusi\u00f3n.<\/p>\n<p>&nbsp;<\/p>\n<p>Adem\u00e1s dispone de aulas de dibujo y dise\u00f1o, tanto a mano alzada como por ordenador.<\/p>\n<p>&nbsp;<\/p>\n<h3><\/h3>\n\n<table id=\"tablepress-83\" class=\"tablepress tablepress-id-83 tbody-has-connected-cells\">\n<thead>\n<tr class=\"row-1\">\n\t<th colspan=\"6\" class=\"column-1\">Fechas de Inicio 2026<\/th>\n<\/tr>\n<\/thead>\n<tbody class=\"row-striping row-hover\">\n<tr class=\"row-2\">\n\t<td class=\"column-1\">Enero<\/td><td class=\"column-2\">5<\/td><td class=\"column-3\">Mayo<\/td><td class=\"column-4\">18<\/td><td class=\"column-5\">Septiembre<\/td><td class=\"column-6\">7<\/td>\n<\/tr>\n<tr class=\"row-3\">\n\t<td class=\"column-1\">Febrero<\/td><td class=\"column-2\">2<\/td><td class=\"column-3\">Junio<\/td><td class=\"column-4\">8<\/td><td class=\"column-5\">Octobre<\/td><td class=\"column-6\">5<\/td>\n<\/tr>\n<tr class=\"row-4\">\n\t<td class=\"column-1\">Marzo<\/td><td class=\"column-2\">2, 30<\/td><td class=\"column-3\">Julio<\/td><td class=\"column-4\">6<\/td><td class=\"column-5\">Noviembre<\/td><td class=\"column-6\">2, 23<\/td>\n<\/tr>\n<tr class=\"row-5\">\n\t<td class=\"column-1\">Abril<\/td><td class=\"column-2\">20<\/td><td class=\"column-3\">Agosto<\/td><td class=\"column-4\">La escuela permanece cerrada.<\/td><td class=\"column-5\">Diciembre<\/td><td class=\"column-6\"><\/td>\n<\/tr>\n<tr class=\"row-6\">\n\t<td colspan=\"6\" class=\"column-1\">La escuela permanecer\u00e1 cerrada durante las fiestas nacionales: Epifan\u00eda (06\/01), Lunes de Pascua, D\u00eda de la Liberaci\u00f3n (25\/04), D\u00eda del Trabajo (01\/05), D\u00eda de la Republica (02\/06), 24\/06, Ferragosto (15\/08), Todos los Santos (01\/11), Inmaculada Concepci\u00f3n (8\/12), vacaciones de Navidad y A\u00f1o Nuevo.<\/td>\n<\/tr>\n<\/tbody>\n<\/table>\n<!-- #tablepress-83 from cache -->\n<p>&nbsp;<\/p>\n","protected":false},"excerpt":{"rendered":"<h2><\/h2>\n<h2>Estudiar joyer\u00eda en Italia<\/h2>\n<p>&nbsp;<\/p>\n<p>Italia es mundialmente famosa por sus joyas.\u00a0<strong>Descubre los secretos de las t\u00e9cnicas de joyer\u00eda italiana<\/strong>.<\/p>\n<p>Si deseas estudiar joyer\u00eda, te proponemos dos cursos de joyer\u00eda en dos niveles diferentes: b\u00e1sico y avanzado. En ambos casos, el curso puede realizarse en 4, 12, 24 \u00f3 36 semanas con 20 horas de clase por semana.<\/p>\n<ul>\n<li>En el <strong>curso b\u00e1sico<\/strong>\u00a0se estudian, entre otros, las caracter\u00edsticas y el comportamiento de los metales durante su elaboraci\u00f3n, la construcci\u00f3n de joyas, los modelos de cera y silicona, los elementos de microfusi\u00f3n, el pulido y esmaltado de objetos y las pr\u00e1cticas de grabado y engastado.<\/li>\n<\/ul>\n<ul>\n<li>En el <strong>curso superior<\/strong>\u00a0se profundizan distintos aspectos tratados en el curso b\u00e1sico de orfebrer\u00eda: laminado, soldado, modelado de cera y micro-fusi\u00f3n.<\/li>\n<\/ul>\n<p>Al final del curso los estudiantes recibir\u00e1n un certificado de participaci\u00f3n con indicaci\u00f3n del nivel realizado.<\/p>\n","protected":false},"featured_media":119051,"comment_status":"open","ping_status":"closed","template":"","meta":{"_acf_changed":false,"_uag_custom_page_level_css":"","_kad_blocks_custom_css":"","_kad_blocks_head_custom_js":"","_kad_blocks_body_custom_js":"","_kad_blocks_footer_custom_js":"","site-sidebar-layout":"default","site-content-layout":"default","ast-site-content-layout":"default","site-content-style":"default","site-sidebar-style":"default","ast-global-header-display":"","ast-banner-title-visibility":"","ast-main-header-display":"","ast-hfb-above-header-display":"","ast-hfb-below-header-display":"","ast-hfb-mobile-header-display":"","site-post-title":"","ast-breadcrumbs-content":"","ast-featured-img":"","footer-sml-layout":"","ast-disable-related-posts":"","theme-transparent-header-meta":"default","adv-header-id-meta":"","stick-header-meta":"default","header-above-stick-meta":"","header-main-stick-meta":"","header-below-stick-meta":"","astra-migrate-meta-layouts":"set","ast-page-background-enabled":"default","ast-page-background-meta":{"desktop":{"background-color":"var(--ast-global-color-4)","background-image":"","background-repeat":"repeat","background-position":"center center","background-size":"auto","background-attachment":"scroll","background-type":"","background-media":"","overlay-type":"","overlay-color":"","overlay-opacity":"","overlay-gradient":""},"tablet":{"background-color":"","background-image":"","background-repeat":"repeat","background-position":"center center","background-size":"auto","background-attachment":"scroll","background-type":"","background-media":"","overlay-type":"","overlay-color":"","overlay-opacity":"","overlay-gradient":""},"mobile":{"background-color":"","background-image":"","background-repeat":"repeat","background-position":"center center","background-size":"auto","background-attachment":"scroll","background-type":"","background-media":"","overlay-type":"","overlay-color":"","overlay-opacity":"","overlay-gradient":""}},"ast-content-background-meta":{"desktop":{"background-color":"var(--ast-global-color-5)","background-image":"","background-repeat":"repeat","background-position":"center center","background-size":"auto","background-attachment":"scroll","background-type":"","background-media":"","overlay-type":"","overlay-color":"","overlay-opacity":"","overlay-gradient":""},"tablet":{"background-color":"var(--ast-global-color-5)","background-image":"","background-repeat":"repeat","background-position":"center center","background-size":"auto","background-attachment":"scroll","background-type":"","background-media":"","overlay-type":"","overlay-color":"","overlay-opacity":"","overlay-gradient":""},"mobile":{"background-color":"var(--ast-global-color-5)","background-image":"","background-repeat":"repeat","background-position":"center center","background-size":"auto","background-attachment":"scroll","background-type":"","background-media":"","overlay-type":"","overlay-color":"","overlay-opacity":"","overlay-gradient":""}}},"section":[],"product_brand":[],"product_cat":[1272,1350],"product_tag":[1847],"class_list":{"0":"post-188899","1":"product","2":"type-product","3":"status-publish","4":"has-post-thumbnail","6":"product_cat-cursos-en-florencia","7":"product_cat-diseno-de-joyas","8":"product_tag-cursos-en-florencia","9":"desktop-align-left","10":"tablet-align-left","11":"mobile-align-left","12":"ast-product-gallery-layout-horizontal-slider","13":"ast-product-single-variable","14":"ast-product-tabs-layout-horizontal","15":"ast-qv-on-image-click","17":"first","18":"instock","19":"sold-individually","20":"shipping-taxable","21":"purchasable","22":"product-type-variable","23":"has-default-attributes"},"acf":[],"taxonomy_info":{"product_cat":[{"value":1272,"label":"Cursos en Florencia"},{"value":1350,"label":"Dise\u00f1o de joyas"}],"product_tag":[{"value":1847,"label":"Cursos en Florencia"}]},"featured_image_src_large":["https:\/\/www.studiainitalia.com\/wp-content\/uploads\/2016\/11\/jewellery-florence-e1490090035660.jpg",300,302,false],"author_info":[],"comment_info":4,"uagb_featured_image_src":{"full":["https:\/\/www.studiainitalia.com\/wp-content\/uploads\/2016\/11\/jewellery-florence-e1490090035660.jpg",300,302,false],"thumbnail":["https:\/\/www.studiainitalia.com\/wp-content\/uploads\/2016\/11\/jewellery-florence-150x150.jpg",96,96,true],"medium":["https:\/\/www.studiainitalia.com\/wp-content\/uploads\/2016\/11\/jewellery-florence-300x300.jpg",300,300,true],"medium_large":["https:\/\/www.studiainitalia.com\/wp-content\/uploads\/2016\/11\/jewellery-florence-e1490090035660.jpg",300,302,false],"large":["https:\/\/www.studiainitalia.com\/wp-content\/uploads\/2016\/11\/jewellery-florence-e1490090035660.jpg",300,302,false],"1536x1536":["https:\/\/www.studiainitalia.com\/wp-content\/uploads\/2016\/11\/jewellery-florence-e1490090035660.jpg",300,302,false],"2048x2048":["https:\/\/www.studiainitalia.com\/wp-content\/uploads\/2016\/11\/jewellery-florence-e1490090035660.jpg",300,302,false],"ultp_layout_landscape_large":["https:\/\/www.studiainitalia.com\/wp-content\/uploads\/2016\/11\/jewellery-florence-e1490090035660.jpg",300,302,false],"ultp_layout_landscape":["https:\/\/www.studiainitalia.com\/wp-content\/uploads\/2016\/11\/jewellery-florence-e1490090035660.jpg",300,302,false],"ultp_layout_portrait":["https:\/\/www.studiainitalia.com\/wp-content\/uploads\/2016\/11\/jewellery-florence-e1490090035660.jpg",300,302,false],"ultp_layout_square":["https:\/\/www.studiainitalia.com\/wp-content\/uploads\/2016\/11\/jewellery-florence-e1490090035660.jpg",300,302,false],"gform-image-choice-sm":["https:\/\/www.studiainitalia.com\/wp-content\/uploads\/2016\/11\/jewellery-florence-e1490090035660.jpg",298,300,false],"gform-image-choice-md":["https:\/\/www.studiainitalia.com\/wp-content\/uploads\/2016\/11\/jewellery-florence-e1490090035660.jpg",300,302,false],"gform-image-choice-lg":["https:\/\/www.studiainitalia.com\/wp-content\/uploads\/2016\/11\/jewellery-florence-e1490090035660.jpg",300,302,false],"woocommerce_thumbnail":["https:\/\/www.studiainitalia.com\/wp-content\/uploads\/2016\/11\/jewellery-florence-e1490090035660-300x300.jpg",300,300,true],"woocommerce_single":["https:\/\/www.studiainitalia.com\/wp-content\/uploads\/2016\/11\/jewellery-florence-e1490090035660.jpg",300,302,false],"woocommerce_gallery_thumbnail":["https:\/\/www.studiainitalia.com\/wp-content\/uploads\/2016\/11\/jewellery-florence-e1490090035660-100x100.jpg",100,100,true],"yarpp-thumbnail":["https:\/\/www.studiainitalia.com\/wp-content\/uploads\/2016\/11\/jewellery-florence-e1490090035660.jpg",120,120,false]},"uagb_author_info":{"display_name":"Javier Diaz","author_link":"https:\/\/www.studiainitalia.com\/es\/author\/"},"uagb_comment_info":4,"uagb_excerpt":"Estudiar joyer\u00eda en Italia &nbsp; Italia es mundialmente famosa por sus joyas.\u00a0Descubre los secretos de las t\u00e9cnicas de joyer\u00eda italiana. Si deseas estudiar joyer\u00eda, te proponemos dos cursos de joyer\u00eda en dos niveles diferentes: b\u00e1sico y avanzado. En ambos casos, el curso puede realizarse en 4, 12, 24 \u00f3 36 semanas con 20 horas de&hellip;","_links":{"self":[{"href":"https:\/\/www.studiainitalia.com\/es\/wp-json\/wp\/v2\/product\/188899","targetHints":{"allow":["GET"]}}],"collection":[{"href":"https:\/\/www.studiainitalia.com\/es\/wp-json\/wp\/v2\/product"}],"about":[{"href":"https:\/\/www.studiainitalia.com\/es\/wp-json\/wp\/v2\/types\/product"}],"replies":[{"embeddable":true,"href":"https:\/\/www.studiainitalia.com\/es\/wp-json\/wp\/v2\/comments?post=188899"}],"wp:featuredmedia":[{"embeddable":true,"href":"https:\/\/www.studiainitalia.com\/es\/wp-json\/wp\/v2\/media\/119051"}],"wp:attachment":[{"href":"https:\/\/www.studiainitalia.com\/es\/wp-json\/wp\/v2\/media?parent=188899"}],"wp:term":[{"taxonomy":"section","embeddable":true,"href":"https:\/\/www.studiainitalia.com\/es\/wp-json\/wp\/v2\/section?post=188899"},{"taxonomy":"product_brand","embeddable":true,"href":"https:\/\/www.studiainitalia.com\/es\/wp-json\/wp\/v2\/product_brand?post=188899"},{"taxonomy":"product_cat","embeddable":true,"href":"https:\/\/www.studiainitalia.com\/es\/wp-json\/wp\/v2\/product_cat?post=188899"},{"taxonomy":"product_tag","embeddable":true,"href":"https:\/\/www.studiainitalia.com\/es\/wp-json\/wp\/v2\/product_tag?post=188899"}],"curies":[{"name":"wp","href":"https:\/\/api.w.org\/{rel}","templated":true}]}}