{"id":188934,"date":"2016-11-14T12:54:07","date_gmt":"2016-11-14T11:54:07","guid":{"rendered":"https:\/\/www.studiainitalia.com\/courses\/sin%20categor\u00eda\/bolsos-hechos-a-mano-curso-en-florencia\/"},"modified":"2025-12-19T22:21:28","modified_gmt":"2025-12-19T21:21:28","slug":"curso-de-creacion-de-bolsos-a-mano-en-florencia","status":"publish","type":"product","link":"https:\/\/www.studiainitalia.com\/es\/cursos\/cursos-en-florencia\/curso-de-creacion-de-bolsos-a-mano-en-florencia\/","title":{"rendered":"Curso de creaci\u00f3n de bolsos a mano en Florencia"},"content":{"rendered":"<h2>Curso de creaci\u00f3n de bolsos a mano<\/h2>\n<p>&nbsp;<\/p>\n<p>Este curso de fabricaci\u00f3n de bolsos en Italia es perfecto si deseas aprender r\u00e1pido y en profundidad.<\/p>\n<p>&nbsp;<\/p>\n<p>El artesano te ense\u00f1ar\u00e1 las verdaderas t\u00e9cnicas italianas de los bolsos de piel\u00a0<strong>Made in Italy<\/strong>. Adem\u00e1s, contar\u00e1s con un artesano que te ense\u00f1ar\u00e1 curiosidades y trucos de un oficio que tambi\u00e9n practica la eco-sostenibilidad.<\/p>\n<p>Los cursos comienzan en julio<\/p>\n<p>&nbsp;<\/p>\n<p><strong><span class=\"VIiyi\" lang=\"es\">\u00a1Disfruta de nuestro curso de bolsos artesanales!<\/span><\/strong><\/p>\n<p>&nbsp;<\/p>\n","protected":false},"excerpt":{"rendered":"<p><strong>Si buscas un curso para realizar bolsos en piel tanto por afici\u00f3n o por una carrera profesional te ofrecemos este curso de bolsos italiano hechos a mano.<\/strong><\/p>\n<p>&nbsp;<\/p>\n<ul>\n<li>Se trata de un curso de tres semanas de duraci\u00f3n<\/li>\n<\/ul>\n<ul>\n<li>\u00a0Bajo la supervisi\u00f3n constante de nuestro maestro artesano, aprender\u00e1s a trabajar el cuero mediante la creaci\u00f3n de un articulo concreto, normalmente un bolso, hecho completamente a mano.<\/li>\n<\/ul>\n<ul>\n<li>Usar\u00e1s s\u00f3lo instrumentos tradicionales y artesanos: cuchillos, agujas e hilos.<\/li>\n<\/ul>\n<ul>\n<li>\u00a0Llevar\u00e1s a cabo todas las fases de cortado, perforaci\u00f3n, preparaci\u00f3n y cosido de la piel.<\/li>\n<\/ul>\n<ul>\n<li>Desarrollar\u00e1s as\u00ed tus habilidades manuales y tu creatividad.<\/li>\n<\/ul>\n<p>Al final del curso tendr\u00e1s\u00a0<strong>tu propio bolso exclusivamente dise\u00f1ado y hecho por ti.<\/strong><\/p>\n","protected":false},"featured_media":199894,"comment_status":"open","ping_status":"closed","template":"","meta":{"_acf_changed":false,"_uag_custom_page_level_css":"","_kad_blocks_custom_css":"","_kad_blocks_head_custom_js":"","_kad_blocks_body_custom_js":"","_kad_blocks_footer_custom_js":"","site-sidebar-layout":"default","site-content-layout":"default","ast-site-content-layout":"default","site-content-style":"default","site-sidebar-style":"default","ast-global-header-display":"","ast-banner-title-visibility":"","ast-main-header-display":"","ast-hfb-above-header-display":"","ast-hfb-below-header-display":"","ast-hfb-mobile-header-display":"","site-post-title":"","ast-breadcrumbs-content":"","ast-featured-img":"","footer-sml-layout":"","ast-disable-related-posts":"","theme-transparent-header-meta":"default","adv-header-id-meta":"","stick-header-meta":"default","header-above-stick-meta":"","header-main-stick-meta":"","header-below-stick-meta":"","astra-migrate-meta-layouts":"set","ast-page-background-enabled":"default","ast-page-background-meta":{"desktop":{"background-color":"var(--ast-global-color-4)","background-image":"","background-repeat":"repeat","background-position":"center center","background-size":"auto","background-attachment":"scroll","background-type":"","background-media":"","overlay-type":"","overlay-color":"","overlay-opacity":"","overlay-gradient":""},"tablet":{"background-color":"","background-image":"","background-repeat":"repeat","background-position":"center center","background-size":"auto","background-attachment":"scroll","background-type":"","background-media":"","overlay-type":"","overlay-color":"","overlay-opacity":"","overlay-gradient":""},"mobile":{"background-color":"","background-image":"","background-repeat":"repeat","background-position":"center center","background-size":"auto","background-attachment":"scroll","background-type":"","background-media":"","overlay-type":"","overlay-color":"","overlay-opacity":"","overlay-gradient":""}},"ast-content-background-meta":{"desktop":{"background-color":"var(--ast-global-color-5)","background-image":"","background-repeat":"repeat","background-position":"center center","background-size":"auto","background-attachment":"scroll","background-type":"","background-media":"","overlay-type":"","overlay-color":"","overlay-opacity":"","overlay-gradient":""},"tablet":{"background-color":"var(--ast-global-color-5)","background-image":"","background-repeat":"repeat","background-position":"center center","background-size":"auto","background-attachment":"scroll","background-type":"","background-media":"","overlay-type":"","overlay-color":"","overlay-opacity":"","overlay-gradient":""},"mobile":{"background-color":"var(--ast-global-color-5)","background-image":"","background-repeat":"repeat","background-position":"center center","background-size":"auto","background-attachment":"scroll","background-type":"","background-media":"","overlay-type":"","overlay-color":"","overlay-opacity":"","overlay-gradient":""}}},"section":[],"product_brand":[],"product_cat":[1332,1272],"product_tag":[],"class_list":{"0":"post-188934","1":"product","2":"type-product","3":"status-publish","4":"has-post-thumbnail","6":"product_cat-cursos-de-artesania","7":"product_cat-cursos-en-florencia","8":"desktop-align-left","9":"tablet-align-left","10":"mobile-align-left","11":"ast-product-gallery-layout-horizontal-slider","12":"ast-product-gallery-with-no-image","13":"ast-product-single-variable","14":"ast-product-tabs-layout-horizontal","15":"ast-qv-on-image-click","17":"first","18":"instock","19":"sold-individually","20":"shipping-taxable","21":"purchasable","22":"product-type-variable"},"acf":[],"taxonomy_info":{"product_cat":[{"value":1332,"label":"Cursos de artesan\u00eda"},{"value":1272,"label":"Cursos en Florencia"}]},"featured_image_src_large":["https:\/\/www.studiainitalia.com\/wp-content\/uploads\/2024\/10\/045-schola-sede-220410-ph-stefano-casati-02966.jpg",1365,2048,false],"author_info":[],"comment_info":1,"uagb_featured_image_src":{"full":["https:\/\/www.studiainitalia.com\/wp-content\/uploads\/2024\/10\/045-schola-sede-220410-ph-stefano-casati-02966.jpg",1365,2048,false],"thumbnail":["https:\/\/www.studiainitalia.com\/wp-content\/uploads\/2024\/10\/045-schola-sede-220410-ph-stefano-casati-02966.jpg",64,96,false],"medium":["https:\/\/www.studiainitalia.com\/wp-content\/uploads\/2024\/10\/045-schola-sede-220410-ph-stefano-casati-02966.jpg",1365,2048,false],"medium_large":["https:\/\/www.studiainitalia.com\/wp-content\/uploads\/2024\/10\/045-schola-sede-220410-ph-stefano-casati-02966-768x1152.jpg",768,1152,true],"large":["https:\/\/www.studiainitalia.com\/wp-content\/uploads\/2024\/10\/045-schola-sede-220410-ph-stefano-casati-02966.jpg",1365,2048,false],"1536x1536":["https:\/\/www.studiainitalia.com\/wp-content\/uploads\/2024\/10\/045-schola-sede-220410-ph-stefano-casati-02966-1024x1536.jpg",1024,1536,true],"2048x2048":["https:\/\/www.studiainitalia.com\/wp-content\/uploads\/2024\/10\/045-schola-sede-220410-ph-stefano-casati-02966.jpg",1365,2048,false],"ultp_layout_landscape_large":["https:\/\/www.studiainitalia.com\/wp-content\/uploads\/2024\/10\/045-schola-sede-220410-ph-stefano-casati-02966-1200x800.jpg",1200,800,true],"ultp_layout_landscape":["https:\/\/www.studiainitalia.com\/wp-content\/uploads\/2024\/10\/045-schola-sede-220410-ph-stefano-casati-02966-870x570.jpg",870,570,true],"ultp_layout_portrait":["https:\/\/www.studiainitalia.com\/wp-content\/uploads\/2024\/10\/045-schola-sede-220410-ph-stefano-casati-02966-600x900.jpg",600,900,true],"ultp_layout_square":["https:\/\/www.studiainitalia.com\/wp-content\/uploads\/2024\/10\/045-schola-sede-220410-ph-stefano-casati-02966-600x600.jpg",600,600,true],"gform-image-choice-sm":["https:\/\/www.studiainitalia.com\/wp-content\/uploads\/2024\/10\/045-schola-sede-220410-ph-stefano-casati-02966.jpg",200,300,false],"gform-image-choice-md":["https:\/\/www.studiainitalia.com\/wp-content\/uploads\/2024\/10\/045-schola-sede-220410-ph-stefano-casati-02966.jpg",267,400,false],"gform-image-choice-lg":["https:\/\/www.studiainitalia.com\/wp-content\/uploads\/2024\/10\/045-schola-sede-220410-ph-stefano-casati-02966.jpg",400,600,false],"woocommerce_thumbnail":["https:\/\/www.studiainitalia.com\/wp-content\/uploads\/2024\/10\/045-schola-sede-220410-ph-stefano-casati-02966-300x300.jpg",300,300,true],"woocommerce_single":["https:\/\/www.studiainitalia.com\/wp-content\/uploads\/2024\/10\/045-schola-sede-220410-ph-stefano-casati-02966-400x600.jpg",400,600,true],"woocommerce_gallery_thumbnail":["https:\/\/www.studiainitalia.com\/wp-content\/uploads\/2024\/10\/045-schola-sede-220410-ph-stefano-casati-02966-100x100.jpg",100,100,true],"yarpp-thumbnail":["https:\/\/www.studiainitalia.com\/wp-content\/uploads\/2024\/10\/045-schola-sede-220410-ph-stefano-casati-02966-120x120.jpg",120,120,true]},"uagb_author_info":{"display_name":"Javier Diaz","author_link":"https:\/\/www.studiainitalia.com\/es\/author\/"},"uagb_comment_info":1,"uagb_excerpt":"Si buscas un curso para realizar bolsos en piel tanto por afici\u00f3n o por una carrera profesional te ofrecemos este curso de bolsos italiano hechos a mano. &nbsp; Se trata de un curso de tres semanas de duraci\u00f3n \u00a0Bajo la supervisi\u00f3n constante de nuestro maestro artesano, aprender\u00e1s a trabajar el cuero mediante la creaci\u00f3n de&hellip;","_links":{"self":[{"href":"https:\/\/www.studiainitalia.com\/es\/wp-json\/wp\/v2\/product\/188934","targetHints":{"allow":["GET"]}}],"collection":[{"href":"https:\/\/www.studiainitalia.com\/es\/wp-json\/wp\/v2\/product"}],"about":[{"href":"https:\/\/www.studiainitalia.com\/es\/wp-json\/wp\/v2\/types\/product"}],"replies":[{"embeddable":true,"href":"https:\/\/www.studiainitalia.com\/es\/wp-json\/wp\/v2\/comments?post=188934"}],"wp:featuredmedia":[{"embeddable":true,"href":"https:\/\/www.studiainitalia.com\/es\/wp-json\/wp\/v2\/media\/199894"}],"wp:attachment":[{"href":"https:\/\/www.studiainitalia.com\/es\/wp-json\/wp\/v2\/media?parent=188934"}],"wp:term":[{"taxonomy":"section","embeddable":true,"href":"https:\/\/www.studiainitalia.com\/es\/wp-json\/wp\/v2\/section?post=188934"},{"taxonomy":"product_brand","embeddable":true,"href":"https:\/\/www.studiainitalia.com\/es\/wp-json\/wp\/v2\/product_brand?post=188934"},{"taxonomy":"product_cat","embeddable":true,"href":"https:\/\/www.studiainitalia.com\/es\/wp-json\/wp\/v2\/product_cat?post=188934"},{"taxonomy":"product_tag","embeddable":true,"href":"https:\/\/www.studiainitalia.com\/es\/wp-json\/wp\/v2\/product_tag?post=188934"}],"curies":[{"name":"wp","href":"https:\/\/api.w.org\/{rel}","templated":true}]}}