{"id":188936,"date":"2016-11-14T19:27:20","date_gmt":"2016-11-14T18:27:20","guid":{"rendered":"https:\/\/www.studiainitalia.com\/courses\/sin%20categor\u00eda\/historia-del-arte-en-venecia\/"},"modified":"2026-04-06T16:24:58","modified_gmt":"2026-04-06T14:24:58","slug":"curso-de-historia-del-arte-en-venecia","status":"publish","type":"product","link":"https:\/\/www.studiainitalia.com\/es\/cursos\/cursos-en-venecia\/curso-de-historia-del-arte-en-venecia\/","title":{"rendered":"Curso de historia del arte en Venecia"},"content":{"rendered":"<p>&nbsp;<\/p>\n<h2>Curso de historia del arte en Venecia<\/h2>\n<p>&nbsp;<\/p>\n<p>Nuestro curso de historia del arte italiano se lleva a cabo en nuestra escuela de Venecia. La escuela est\u00e1 ubicada en el centro hist\u00f3rico de Venecia, en un edificio hist\u00f3rico con una amplia terraza en una de las plazas m\u00e1s hermosas de toda la ciudad.<\/p>\n<p>&nbsp;<\/p>\n<p>El curso es por la ma\u00f1ana o por la tarde durante tres horas (15 horas a la semana). Cada curso tiene un tema diferente. Las clases siempre se imparten en italiano y se requiere un nivel intermedio del idioma para asistir a este curso.<\/p>\n<p>&nbsp;<\/p>\n<p>Las grandes escuelas venecianas est\u00e1n incluidas en el programa semanal. Si no hablas italiano, tambi\u00e9n podemos ofrecer estos cursos en ingl\u00e9s. Tambi\u00e9n se ofrecen\u00a0<strong>cursos online de historia del arte<\/strong>.<\/p>\n<p>&nbsp;<\/p>\n<p>Al final del curso recibir\u00e1s un certificado de participaci\u00f3n.<\/p>\n<p>&nbsp;<\/p>\n<table id=\"tablepress-85\" class=\"tablepress tablepress-id-85\">\n<thead>\n<tr class=\"row-1 odd\">\n<th class=\"column-1\" colspan=\"6\">Fechas de Inicio 2026<\/th>\n<\/tr>\n<\/thead>\n<tbody class=\"row-hover\">\n<tr class=\"row-2 even\">\n<td class=\"column-1\">Enero<\/td>\n<td class=\"column-2\"><\/td>\n<td class=\"column-3\">Mayo<\/td>\n<td class=\"column-4\">4, 11, 18, 25<\/td>\n<td class=\"column-5\">Septiembre<\/td>\n<td class=\"column-6\">7, 28<\/td>\n<\/tr>\n<tr class=\"row-3 odd\">\n<td class=\"column-1\">Febrero<\/td>\n<td class=\"column-2\"><\/td>\n<td class=\"column-3\">Junio<\/td>\n<td class=\"column-4\">8, 15<\/td>\n<td class=\"column-5\">Octobre<\/td>\n<td class=\"column-6\">5, 19, 26<\/td>\n<\/tr>\n<tr class=\"row-4 even\">\n<td class=\"column-1\">Marzo<\/td>\n<td class=\"column-2\">16, 23<\/td>\n<td class=\"column-3\">Julio<\/td>\n<td class=\"column-4\"><\/td>\n<td class=\"column-5\">Noviembre<\/td>\n<td class=\"column-6\">9, 16<\/td>\n<\/tr>\n<tr class=\"row-5 odd\">\n<td class=\"column-1\">Abril<\/td>\n<td class=\"column-2\">6, 13<\/td>\n<td class=\"column-3\">Agosto<\/td>\n<td class=\"column-4\">31<\/td>\n<td class=\"column-5\">Diciembre<\/td>\n<td class=\"column-6\"><\/td>\n<\/tr>\n<tr class=\"row-6 even\">\n<td class=\"column-1\" colspan=\"6\">La escuela permanecer\u00e1 cerrada durante las fiestas nacionales: Epifan\u00eda (06\/01), Lunes de Pascua, D\u00eda de la Liberaci\u00f3n (25\/04), D\u00eda del Trabajo (01\/05), D\u00eda de la Republica (02\/06), Ferragosto (15\/08), Todos los Santos (01\/11), Inmaculada Concepci\u00f3n (8\/12), vacaciones de Navidad y A\u00f1o Nuevo.<\/td>\n<\/tr>\n<\/tbody>\n<\/table>\n<div class=\"aiosrs-rating-wrap\" data-schema-id=\"90691\">\n<div class=\"aiosrs-star-rating-wrap \"><\/div>\n<div class=\"aiosrs-rating-summary-wrap\"><\/div>\n<\/div>\n<h3><\/h3>\n","protected":false},"excerpt":{"rendered":"<h2>\u00bfQuieres conocer\u00a0 la ciudad de Venecia?<\/h2>\n<p>&nbsp;<\/p>\n<p>Ofrecemos <strong>una nueva oportunidad para conocer Venecia a trav\u00e9s de un turismo diferente, exclusivo y eco-sostenible.<\/strong><\/p>\n<p>Por fin podr\u00e1s conocer y apreciar las obras maestras de los m\u00e1s grandes artistas venecianos en pintura, escultura y arquitectura desde la Edad Media hasta la Edad Contempor\u00e1nea lejos del turismo de masas.<\/p>\n<p>Esta experiencia ser\u00e1 inolvidable, ya que todas las obras art\u00edsticas se podr\u00e1n ver en los lugares para los que fueron dise\u00f1adas.<\/p>\n<p>Este curso de historia del arte te ofrece la posibilidad de unirte a visitas guiadas por la ciudad. No es f\u00e1cil encontrar una ciudad tan llena de obras maestras art\u00edsticas y arquitect\u00f3nicas como Venecia. En cada\u00a0<em>sestiere, campo<\/em>\u00a0o\u00a0<em>calle<\/em>\u00a0hay algo que espera ser descubierto.<\/p>\n<ul>\n<li>Las clases se realizan por la ma\u00f1ana o por la tarde (3 horas al d\u00eda) seg\u00fan el horario de apertura de museos, galerias de arte, iglesias donde se visitar\u00e1n las obras incluidas en el programa. No s\u00f3lo las zonas m\u00e1s conocidas, como la plaza de San Marcos y Rialto, sino tambi\u00e9n iglesias, museos, Academias de Bellas Artes, Scuole, palacios, El Gueto.<\/li>\n<\/ul>\n<ul>\n<li>\u00a0Este curso se lleva a cabo de lunes a viernes.<\/li>\n<\/ul>\n<ul>\n<li>Es aconsejable tener un nivel de italiano intermedio.<\/li>\n<\/ul>\n<ul>\n<li>Los programas detallados con los horarios estar\u00e1n disponibles un mes antes de la fecha de comienzo del curso.<\/li>\n<\/ul>\n","protected":false},"featured_media":119111,"comment_status":"open","ping_status":"closed","template":"","meta":{"_acf_changed":false,"_uag_custom_page_level_css":"","_kad_blocks_custom_css":"","_kad_blocks_head_custom_js":"","_kad_blocks_body_custom_js":"","_kad_blocks_footer_custom_js":"","site-sidebar-layout":"default","site-content-layout":"default","ast-site-content-layout":"default","site-content-style":"default","site-sidebar-style":"default","ast-global-header-display":"","ast-banner-title-visibility":"","ast-main-header-display":"","ast-hfb-above-header-display":"","ast-hfb-below-header-display":"","ast-hfb-mobile-header-display":"","site-post-title":"","ast-breadcrumbs-content":"","ast-featured-img":"","footer-sml-layout":"","ast-disable-related-posts":"","theme-transparent-header-meta":"default","adv-header-id-meta":"","stick-header-meta":"default","header-above-stick-meta":"","header-main-stick-meta":"","header-below-stick-meta":"","astra-migrate-meta-layouts":"set","ast-page-background-enabled":"default","ast-page-background-meta":{"desktop":{"background-color":"var(--ast-global-color-4)","background-image":"","background-repeat":"repeat","background-position":"center center","background-size":"auto","background-attachment":"scroll","background-type":"","background-media":"","overlay-type":"","overlay-color":"","overlay-opacity":"","overlay-gradient":""},"tablet":{"background-color":"","background-image":"","background-repeat":"repeat","background-position":"center center","background-size":"auto","background-attachment":"scroll","background-type":"","background-media":"","overlay-type":"","overlay-color":"","overlay-opacity":"","overlay-gradient":""},"mobile":{"background-color":"","background-image":"","background-repeat":"repeat","background-position":"center center","background-size":"auto","background-attachment":"scroll","background-type":"","background-media":"","overlay-type":"","overlay-color":"","overlay-opacity":"","overlay-gradient":""}},"ast-content-background-meta":{"desktop":{"background-color":"var(--ast-global-color-5)","background-image":"","background-repeat":"repeat","background-position":"center center","background-size":"auto","background-attachment":"scroll","background-type":"","background-media":"","overlay-type":"","overlay-color":"","overlay-opacity":"","overlay-gradient":""},"tablet":{"background-color":"var(--ast-global-color-5)","background-image":"","background-repeat":"repeat","background-position":"center center","background-size":"auto","background-attachment":"scroll","background-type":"","background-media":"","overlay-type":"","overlay-color":"","overlay-opacity":"","overlay-gradient":""},"mobile":{"background-color":"var(--ast-global-color-5)","background-image":"","background-repeat":"repeat","background-position":"center center","background-size":"auto","background-attachment":"scroll","background-type":"","background-media":"","overlay-type":"","overlay-color":"","overlay-opacity":"","overlay-gradient":""}}},"section":[],"product_brand":[],"product_cat":[1354,1296],"product_tag":[1855],"class_list":{"0":"post-188936","1":"product","2":"type-product","3":"status-publish","4":"has-post-thumbnail","6":"product_cat-cursos-de-historia-del-arte","7":"product_cat-cursos-en-venecia","8":"product_tag-historia-del-arte","9":"desktop-align-left","10":"tablet-align-left","11":"mobile-align-left","12":"ast-product-gallery-layout-horizontal-slider","13":"ast-product-single-variable","14":"ast-product-tabs-layout-horizontal","15":"ast-qv-on-image-click","17":"first","18":"instock","19":"sold-individually","20":"shipping-taxable","21":"purchasable","22":"product-type-variable","23":"has-default-attributes"},"acf":[],"taxonomy_info":{"product_cat":[{"value":1354,"label":"Cursos de historia del arte"},{"value":1296,"label":"Cursos en Venecia"}],"product_tag":[{"value":1855,"label":"Historia del arte"}]},"featured_image_src_large":["https:\/\/www.studiainitalia.com\/wp-content\/uploads\/2016\/11\/art-course-venice-e1490029335674.jpg",350,351,false],"author_info":[],"comment_info":8,"uagb_featured_image_src":{"full":["https:\/\/www.studiainitalia.com\/wp-content\/uploads\/2016\/11\/art-course-venice-e1490029335674.jpg",350,351,false],"thumbnail":["https:\/\/www.studiainitalia.com\/wp-content\/uploads\/2016\/11\/art-course-venice-150x150.jpg",96,96,true],"medium":["https:\/\/www.studiainitalia.com\/wp-content\/uploads\/2016\/11\/art-course-venice-300x300.jpg",300,300,true],"medium_large":["https:\/\/www.studiainitalia.com\/wp-content\/uploads\/2016\/11\/art-course-venice-e1490029335674.jpg",350,351,false],"large":["https:\/\/www.studiainitalia.com\/wp-content\/uploads\/2016\/11\/art-course-venice-e1490029335674.jpg",350,351,false],"1536x1536":["https:\/\/www.studiainitalia.com\/wp-content\/uploads\/2016\/11\/art-course-venice-e1490029335674.jpg",350,351,false],"2048x2048":["https:\/\/www.studiainitalia.com\/wp-content\/uploads\/2016\/11\/art-course-venice-e1490029335674.jpg",350,351,false],"ultp_layout_landscape_large":["https:\/\/www.studiainitalia.com\/wp-content\/uploads\/2016\/11\/art-course-venice-e1490029335674.jpg",350,351,false],"ultp_layout_landscape":["https:\/\/www.studiainitalia.com\/wp-content\/uploads\/2016\/11\/art-course-venice-e1490029335674.jpg",350,351,false],"ultp_layout_portrait":["https:\/\/www.studiainitalia.com\/wp-content\/uploads\/2016\/11\/art-course-venice-e1490029335674.jpg",350,351,false],"ultp_layout_square":["https:\/\/www.studiainitalia.com\/wp-content\/uploads\/2016\/11\/art-course-venice-e1490029335674.jpg",350,351,false],"gform-image-choice-sm":["https:\/\/www.studiainitalia.com\/wp-content\/uploads\/2016\/11\/art-course-venice-e1490029335674.jpg",300,300,false],"gform-image-choice-md":["https:\/\/www.studiainitalia.com\/wp-content\/uploads\/2016\/11\/art-course-venice-e1490029335674.jpg",350,351,false],"gform-image-choice-lg":["https:\/\/www.studiainitalia.com\/wp-content\/uploads\/2016\/11\/art-course-venice-e1490029335674.jpg",350,351,false],"woocommerce_thumbnail":["https:\/\/www.studiainitalia.com\/wp-content\/uploads\/2016\/11\/art-course-venice-e1490029335674-300x300.jpg",300,300,true],"woocommerce_single":["https:\/\/www.studiainitalia.com\/wp-content\/uploads\/2016\/11\/art-course-venice-e1490029335674.jpg",350,351,false],"woocommerce_gallery_thumbnail":["https:\/\/www.studiainitalia.com\/wp-content\/uploads\/2016\/11\/art-course-venice-e1490029335674-100x100.jpg",100,100,true],"yarpp-thumbnail":["https:\/\/www.studiainitalia.com\/wp-content\/uploads\/2016\/11\/art-course-venice-e1490029335674.jpg",120,120,false]},"uagb_author_info":{"display_name":"Javier Diaz","author_link":"https:\/\/www.studiainitalia.com\/es\/author\/"},"uagb_comment_info":8,"uagb_excerpt":"\u00bfQuieres conocer\u00a0 la ciudad de Venecia? &nbsp; Ofrecemos una nueva oportunidad para conocer Venecia a trav\u00e9s de un turismo diferente, exclusivo y eco-sostenible. Por fin podr\u00e1s conocer y apreciar las obras maestras de los m\u00e1s grandes artistas venecianos en pintura, escultura y arquitectura desde la Edad Media hasta la Edad Contempor\u00e1nea lejos del turismo de&hellip;","_links":{"self":[{"href":"https:\/\/www.studiainitalia.com\/es\/wp-json\/wp\/v2\/product\/188936","targetHints":{"allow":["GET"]}}],"collection":[{"href":"https:\/\/www.studiainitalia.com\/es\/wp-json\/wp\/v2\/product"}],"about":[{"href":"https:\/\/www.studiainitalia.com\/es\/wp-json\/wp\/v2\/types\/product"}],"replies":[{"embeddable":true,"href":"https:\/\/www.studiainitalia.com\/es\/wp-json\/wp\/v2\/comments?post=188936"}],"wp:featuredmedia":[{"embeddable":true,"href":"https:\/\/www.studiainitalia.com\/es\/wp-json\/wp\/v2\/media\/119111"}],"wp:attachment":[{"href":"https:\/\/www.studiainitalia.com\/es\/wp-json\/wp\/v2\/media?parent=188936"}],"wp:term":[{"taxonomy":"section","embeddable":true,"href":"https:\/\/www.studiainitalia.com\/es\/wp-json\/wp\/v2\/section?post=188936"},{"taxonomy":"product_brand","embeddable":true,"href":"https:\/\/www.studiainitalia.com\/es\/wp-json\/wp\/v2\/product_brand?post=188936"},{"taxonomy":"product_cat","embeddable":true,"href":"https:\/\/www.studiainitalia.com\/es\/wp-json\/wp\/v2\/product_cat?post=188936"},{"taxonomy":"product_tag","embeddable":true,"href":"https:\/\/www.studiainitalia.com\/es\/wp-json\/wp\/v2\/product_tag?post=188936"}],"curies":[{"name":"wp","href":"https:\/\/api.w.org\/{rel}","templated":true}]}}